{"id":21762,"date":"2023-06-29T15:41:01","date_gmt":"2023-06-29T14:41:01","guid":{"rendered":"https:\/\/www.electroluxprofessional.com\/se\/?page_id=21762"},"modified":"2024-06-24T13:36:02","modified_gmt":"2024-06-24T12:36:02","slug":"automatisk-dosering-tvattmedel","status":"publish","type":"page","link":"https:\/\/www.electroluxprofessional.com\/se\/tvatt\/automatisk-dosering-tvattmedel\/","title":{"rendered":"Automatisk dosering tv\u00e4ttmedel"},"content":{"rendered":"<p>[vc_row full_width=&#8221;electroluxpro-full-width-no-padding&#8221;][vc_column][elx_full_banner title=&#8221;Automatisk Dosering &#8211; milj\u00f6v\u00e4nligt, allergiv\u00e4nligt och enkelt&#8221; set_as_h1=&#8221;true&#8221; link=&#8221;url:%23kontakta_oss|title:Boka%20en%20demo%20idag&#8221; background_image_media_library=&#8221;21767&#8243; background_image_media_library_mobile=&#8221;48049&#8243;][\/vc_column][\/vc_row][vc_row][vc_column][vc_empty_space][elx_heading text_color=&#8221;inherit&#8221;]Automatisk Dosering<br \/>\nf\u00f6r en renare tv\u00e4ttstuga och l\u00e4ngre livstid p\u00e5 maskinerna[\/elx_heading][\/vc_column][\/vc_row][vc_row][vc_column width=&#8221;1\/2&#8243;][vc_empty_space height=&#8221;10px&#8221;][vc_column_text css=&#8221;.vc_custom_1688052722522{margin-bottom: 20px !important;}&#8221;]T\u00e4nker du h\u00e5llbart och vill s\u00e4nka kostnaderna relaterade till tv\u00e4ttstugan?<\/p>\n<p>Sj\u00e4lvdoserande tv\u00e4ttmaskiner \u00e4r det nya s\u00e4ttet att tv\u00e4tta p\u00e5 och automatisk dosering \u00e4r milj\u00f6v\u00e4nligt och praktiskt. Det \u00e4r ocks\u00e5 allergikernas b\u00e4sta v\u00e4n d\u00e5 automatisk dosering inte l\u00e4mnar gamla tv\u00e4ttmedelsrester i kl\u00e4derna.[\/vc_column_text][vc_column_text css=&#8221;.vc_custom_1688122372220{margin-top: 30px !important;margin-right: 0px !important;margin-bottom: 30px !important;margin-left: 0px !important;padding-top: 20px !important;padding-right: 20px !important;padding-bottom: 20px !important;padding-left: 20px !important;background-color: #e8e8e8 !important;}&#8221;]Med Automatisk Dosering blir livet enklare och smidigare &#8211; oavsett om du \u00e4r fastighetsf\u00f6rvaltare, boende i flerfamiljshus med gemensam tv\u00e4ttstuga eller driver en kommersiell tv\u00e4ttinr\u00e4ttning.[\/vc_column_text][vc_column_text css=&#8221;.vc_custom_1695643026524{margin-bottom: 20px !important;}&#8221;]Tv\u00e4ttmaskiner med automatisk dosering har \u00e4ven l\u00e4ngre livstid j\u00e4mf\u00f6rt med maskiner som anv\u00e4nder manuell dosering och d\u00e4rf\u00f6r \u00e4r det en mycket l\u00f6nsam investering p\u00e5 sikt d\u00e5 antalet service stopp reduceras.[\/vc_column_text][vc_empty_space height=&#8221;16px&#8221;][elx_button button_text=&#8221;L\u00e4s mer (PDF)&#8221; button_link=&#8221;url:https%3A%2F%2Fwww.electroluxprofessional.com%2Fse%2Fwp-content%2Fuploads%2F2023%2F09%2FEPR_Autodosering_det-ba%CC%88sta-valet_A4.pdf|target:_blank&#8221;][vc_empty_space][\/vc_column][vc_column width=&#8221;1\/2&#8243;][vc_empty_space][vc_single_image image=&#8221;48033&#8243; img_size=&#8221;full&#8221;][vc_empty_space height=&#8221;10px&#8221;][vc_column_text]<em>Investera i automatisk dosering om du f\u00f6redrar en ren och milj\u00f6v\u00e4nlig tv\u00e4ttstuga.<\/em>[\/vc_column_text][vc_empty_space][\/vc_column][\/vc_row][vc_row css=&#8221;.vc_custom_1688019384494{background-color: #abccd6 !important;}&#8221;][vc_column][vc_empty_space][elx_heading text_color=&#8221;inherit&#8221;]6 anledningar att v\u00e4lja Automatisk Dosering[\/elx_heading][vc_empty_space][\/vc_column][\/vc_row][vc_row css=&#8221;.vc_custom_1687850735897{background-color: #abccd6 !important;}&#8221;][vc_column width=&#8221;1\/3&#8243;][elx_heading font_container=&#8221;h3&#8243; text_color=&#8221;inherit&#8221;]Renare tv\u00e4ttstuga[\/elx_heading][vc_empty_space height=&#8221;10px&#8221;][vc_column_text css=&#8221;.vc_custom_1682081771469{margin-bottom: 20px !important;}&#8221;]En renare tv\u00e4ttstuga utan tv\u00e4ttmedelsrester med minskade st\u00e4dkostnader som f\u00f6ljd.[\/vc_column_text][\/vc_column][vc_column width=&#8221;1\/3&#8243;][elx_heading font_container=&#8221;h3&#8243; text_color=&#8221;inherit&#8221;]L\u00e4ngre livsl\u00e4ngd f\u00f6r maskinerna[\/elx_heading][vc_empty_space height=&#8221;10px&#8221;][vc_column_text css=&#8221;.vc_custom_1682082274936{margin-bottom: 20px !important;}&#8221;]Inga bel\u00e4ggningar som lagrat sig fast i r\u00f6r och kopplingar p g a gamla tv\u00e4ttmedelsrester.[\/vc_column_text][\/vc_column][vc_column width=&#8221;1\/3&#8243;][elx_heading font_container=&#8221;h3&#8243; text_color=&#8221;inherit&#8221;]Perfekt tv\u00e4ttresultat[\/elx_heading][vc_empty_space height=&#8221;10px&#8221;][vc_column_text css=&#8221;.vc_custom_1682082312402{margin-bottom: 20px !important;}&#8221;]Med perfekt doseringsm\u00e4ngd av tv\u00e4ttmedel bibeh\u00e5lls b\u00e5de f\u00e4rg och kvalitet i kl\u00e4derna l\u00e4ngre.[\/vc_column_text][\/vc_column][\/vc_row][vc_row css=&#8221;.vc_custom_1687850713910{background-color: #abccd6 !important;}&#8221;][vc_column width=&#8221;1\/3&#8243;][elx_heading font_container=&#8221;h3&#8243; text_color=&#8221;inherit&#8221;]Allergiska reaktioner minimeras[\/elx_heading][vc_empty_space height=&#8221;10px&#8221;][vc_column_text css=&#8221;.vc_custom_1688019803791{margin-bottom: 20px !important;}&#8221;]Gamla tv\u00e4ttmedelsrester och \u00f6verdosering av tv\u00e4ttmedel f\u00f6rsvinner helt.[\/vc_column_text][\/vc_column][vc_column width=&#8221;1\/3&#8243;][elx_heading font_container=&#8221;h3&#8243; text_color=&#8221;inherit&#8221;]Trygghet[\/elx_heading][vc_empty_space height=&#8221;10px&#8221;][vc_column_text css=&#8221;.vc_custom_1682082404527{margin-bottom: 20px !important;}&#8221;]S\u00e4kert slutet system med tv\u00e4ttmedelsprodukter som inte kan blandas eller hanteras av anv\u00e4ndaren direkt.[\/vc_column_text][\/vc_column][vc_column width=&#8221;1\/3&#8243;][elx_heading font_container=&#8221;h3&#8243; text_color=&#8221;inherit&#8221;]Minskat servicebehov[\/elx_heading][vc_empty_space height=&#8221;10px&#8221;][vc_column_text css=&#8221;.vc_custom_1682082562013{margin-bottom: 20px !important;}&#8221;]Minskat maskinslitage ger minskat service-och reng\u00f6ringsbehov med f\u00e4rre ov\u00e4ntade stopp p\u00e5 maskinen som f\u00f6ljd[\/vc_column_text][\/vc_column][\/vc_row][vc_row css=&#8221;.vc_custom_1688019384494{background-color: #abccd6 !important;}&#8221;][vc_column][vc_empty_space][\/vc_column][\/vc_row][vc_row][vc_column width=&#8221;1\/2&#8243;][vc_empty_space height=&#8221;64px&#8221;][vc_single_image image=&#8221;48038&#8243; img_size=&#8221;full&#8221;][vc_empty_space][\/vc_column][vc_column width=&#8221;1\/2&#8243;][vc_empty_space][elx_heading text_color=&#8221;inherit&#8221;]Konvertering av \u00e4ldre maskiner[\/elx_heading][vc_empty_space height=&#8221;10px&#8221;][vc_column_text css=&#8221;.vc_custom_1695643053342{margin-bottom: 20px !important;}&#8221;]Har du en befintlig maskin som just nu g\u00e5r p\u00e5 manuell dosering s\u00e5 kan denna konverteras till automatisk dosering av tv\u00e4ttmedel. Vid en konvertering kommer en av v\u00e5ra tekniker eller auktoriserade \u00e5terf\u00f6rs\u00e4ljare till dig som kund och installerar tv\u00e4ttmedelspumparna som ska sk\u00f6ta den automatiska doseringen av flytande tv\u00e4ttmedel till tv\u00e4ttmaskinen. Electrolux Professional erbjuder en bekymmersfri helhetsl\u00f6sning som t\u00e4cker precis allt som har med ert tv\u00e4ttbehov att g\u00f6ra.<\/p>\n<p><strong>\u00c4ven \u00e4ldre maskiner i klass Line 5000 kan uppdateras med automatisk dosering.<\/strong>[\/vc_column_text][\/vc_column][\/vc_row][vc_row][vc_column][vc_empty_space][\/vc_column][\/vc_row][vc_row disable_element=&#8221;yes&#8221; css=&#8221;.vc_custom_1687986068660{background-color: #eeeeee !important;}&#8221;][vc_column][vc_empty_space][elx_download_block text=&#8221;Svanenm\u00e4rkt Tv\u00e4ttmedel Gentle L07<br \/>\nLadda ned Produktblad&#8221; document_type=&#8221;data-sheets&#8221; file_picker=&#8221;12184&#8243; background_color=&#8221;laundry-solutions&#8221;][elx_download_block text=&#8221;Svanenm\u00e4rkt Blekmedel L08<br \/>\nLadda ned Produktblad&#8221; document_type=&#8221;data-sheets&#8221; file_picker=&#8221;12184&#8243; background_color=&#8221;laundry-solutions&#8221;][elx_download_block text=&#8221;Svanenm\u00e4rkt Mjukmedel L09<br \/>\nLadda ned Produktblad&#8221; document_type=&#8221;data-sheets&#8221; file_picker=&#8221;12184&#8243; background_color=&#8221;laundry-solutions&#8221;][vc_empty_space][elx_heading text_color=&#8221;inherit&#8221;]Fem anledningar varf\u00f6r du ska v\u00e4lja Automatisk dosering[\/elx_heading][vc_empty_space height=&#8221;10px&#8221;][elx_text_image style_image=&#8221;image_square&#8221; lists=&#8221;%5B%7B%7D%5D&#8221; values=&#8221;%5B%7B%7D%5D&#8221;]1. Mycket b\u00e4ttre f\u00f6r milj\u00f6n. Ingen \u00f6verdosering utan endast perfekt m\u00e4ngd medel baserat p\u00e5 tv\u00e4ttprogram och tv\u00e4ttens vikt.<br \/>\n2. Inga allergiska reaktioner f\u00f6r att grannen har \u00f6verdoserat innan och att gammalt tv\u00e4ttmedel \u00e4r kvar i tv\u00e4ttmaskin och torktumlare.<br \/>\n3. Minimerade utgifter f\u00f6r att \u00e5tg\u00e4rda stopp i avlopp, trasiga maskiner och igensatta filter p\u00e5 torktumlare m.m.<br \/>\n4. Stora besparingar av st\u00e4dning i tv\u00e4ttstugan. En renare tv\u00e4ttstuga utan gammalt tv\u00e4ttmedel och gamla f\u00f6rpackningar.<br \/>\n5. Kl\u00e4der h\u00e5ller betydligt l\u00e4ngre, b\u00e5de i f\u00e4rg och material, m a o slipper man f\u00f6rtidigt utslitna kl\u00e4der[\/elx_text_image][\/vc_column][\/vc_row][vc_row css=&#8221;.vc_custom_1687986329238{background-color: #eeeeee !important;}&#8221;][vc_column width=&#8221;1\/3&#8243;][vc_empty_space][elx_heading text_color=&#8221;inherit&#8221;]V\u00e4lj r\u00e4tt doseringspump[\/elx_heading][vc_empty_space height=&#8221;10px&#8221;][vc_column_text]F\u00f6r att automatiskt dosera r\u00e4tt m\u00e4ngd tv\u00e4ttmedel i f\u00f6rh\u00e5llande till tv\u00e4ttens vikt &#8211; v\u00e4lj n\u00e5got att v\u00e5ra tv\u00e5 doseringspumpalternativ, JETSAVE eller DOSAVE.[\/vc_column_text][vc_empty_space][elx_button button_text=&#8221;L\u00e4s mer om v\u00e5ra doseringspumpar&#8221; button_link=&#8221;url:https%3A%2F%2Fwww.electroluxprofessional.com%2Fse%2Fdoseringspumpar-tvattmaskin%2F&#8221;][vc_empty_space][\/vc_column][vc_column width=&#8221;1\/3&#8243;][vc_empty_space][vc_empty_space][vc_single_image image=&#8221;17440&#8243; img_size=&#8221;large&#8221; alignment=&#8221;center&#8221;][vc_empty_space][\/vc_column][vc_column width=&#8221;1\/3&#8243;][vc_empty_space][elx_heading text_color=&#8221;inherit&#8221;]Svanenm\u00e4rkt tv\u00e4ttmedel[\/elx_heading][vc_empty_space height=&#8221;10px&#8221;][vc_column_text]V\u00e5rt tv\u00e4ttmedel har utvecklats av experter f\u00f6r professionella maskiner och erbjuder h\u00f6gsta kvalitet och effektivitet. Svanencertifieringen garanterar l\u00e5g milj\u00f6p\u00e5verkan.[\/vc_column_text][vc_empty_space][elx_button button_text=&#8221;L\u00e4s mer om v\u00e5rt tv\u00e4ttmedel&#8221; button_link=&#8221;url:https%3A%2F%2Fwww.electroluxprofessional.com%2Fse%2Ftvattmedel%2F&#8221;][vc_empty_space][\/vc_column][\/vc_row][vc_row el_id=&#8221;kontakta_oss&#8221;][vc_column][vc_empty_space][elx_heading text_color=&#8221;inherit&#8221;]\u00c4r du intresserad av automatisk dosering? Kontakta oss![\/elx_heading][\/vc_column][\/vc_row][vc_row][vc_column][elx_o2000_contact_us s=&#8221;Automatisk dosering&#8221; country=&#8221;Sweden&#8221; b=&#8221;laundry&#8221; r=&#8221;Jag vill g\u00e4rna veta mer om automatisk dosering. V\u00e4nligen kontakta mig!&#8221;][\/vc_column][\/vc_row][vc_row][vc_column][vc_empty_space height=&#8221;50px&#8221;][\/vc_column][\/vc_row][vc_row][vc_column][vc_empty_space][elx_heading text_color=&#8221;inherit&#8221;]Du kanske ocks\u00e5 \u00e4r intresserad av&#8230;[\/elx_heading][\/vc_column][\/vc_row][vc_row][vc_column width=&#8221;1\/3&#8243;][elx_maylike_box id_box=&#8221;2834&#8243;][\/vc_column][vc_column width=&#8221;1\/3&#8243;][elx_maylike_box id_box=&#8221;2855&#8243;][\/vc_column][vc_column width=&#8221;1\/3&#8243;][elx_maylike_box id_box=&#8221;19684&#8243; matched_labels=&#8221;&#8221;][\/vc_column][\/vc_row][vc_row][vc_column][elx_simple_link_block][\/elx_simple_link_block][\/vc_column][\/vc_row]<\/p>\n","protected":false},"excerpt":{"rendered":"<p>[vc_row full_width=&#8221;electroluxpro-full-width-no-padding&#8221;][vc_column][elx_full_banner title=&#8221;Automatisk Dosering &#8211; milj\u00f6v\u00e4nligt, allergiv\u00e4nligt och enkelt&#8221; set_as_h1=&#8221;true&#8221; link=&#8221;url:%23kontakta_oss|title:Boka%20en%20demo%20idag&#8221; background_image_media_library=&#8221;21767&#8243; background_image_media_library_mobile=&#8221;48049&#8243;][\/vc_column][\/vc_row][vc_row][vc_column][vc_empty_space][elx_heading text_color=&#8221;inherit&#8221;]Automatisk Dosering f\u00f6r en renare tv\u00e4ttstuga och l\u00e4ngre livstid p\u00e5 maskinerna[\/elx_heading][\/vc_column][\/vc_row][vc_row][vc_column width=&#8221;1\/2&#8243;][vc_empty_space height=&#8221;10px&#8221;][vc_column_text css=&#8221;.vc_custom_1688052722522{margin-bottom: 20px !important;}&#8221;]T\u00e4nker du h\u00e5llbart och vill s\u00e4nka kostnaderna relaterade till tv\u00e4ttstugan? Sj\u00e4lvdoserande tv\u00e4ttmaskiner \u00e4r det nya s\u00e4ttet att tv\u00e4tta p\u00e5 och automatisk dosering \u00e4r milj\u00f6v\u00e4nligt och praktiskt. Det [&hellip;]<\/p>\n","protected":false},"author":458,"featured_media":48033,"parent":51211,"menu_order":0,"comment_status":"closed","ping_status":"closed","template":"","meta":{"footnotes":""},"class_list":["post-21762","page","type-page","status-publish","has-post-thumbnail","hentry"],"acf":[],"yoast_head":"<!-- This site is optimized with the Yoast SEO plugin v23.3 - https:\/\/yoast.com\/wordpress\/plugins\/seo\/ -->\n<title>Automatisk Dosering av tv\u00e4ttmedel - det b\u00e4sta f\u00f6r milj\u00f6n och maskinerna<\/title>\n<meta name=\"description\" content=\"Automatiska Dosering av tv\u00e4ttmedel kommer att ge l\u00e4ngre livstid p\u00e5 maskinen, skapa en b\u00e4ttre milj\u00f6 och \u00e4r det b\u00e4sta alternativet f\u00f6r allergiker.\" \/>\n<meta name=\"robots\" content=\"index, follow, max-snippet:-1, max-image-preview:large, max-video-preview:-1\" \/>\n<link rel=\"canonical\" href=\"https:\/\/www.electroluxprofessional.com\/se\/tvatt\/automatisk-dosering-tvattmedel\/\" \/>\n<meta property=\"og:locale\" content=\"sv_SE\" \/>\n<meta property=\"og:type\" content=\"article\" \/>\n<meta property=\"og:title\" content=\"Automatisk Dosering av tv\u00e4ttmedel - det b\u00e4sta f\u00f6r milj\u00f6n och maskinerna\" \/>\n<meta property=\"og:description\" content=\"Automatiska Dosering av tv\u00e4ttmedel kommer att ge l\u00e4ngre livstid p\u00e5 maskinen, skapa en b\u00e4ttre milj\u00f6 och \u00e4r det b\u00e4sta alternativet f\u00f6r allergiker.\" \/>\n<meta property=\"og:url\" content=\"https:\/\/www.electroluxprofessional.com\/se\/tvatt\/automatisk-dosering-tvattmedel\/\" \/>\n<meta property=\"og:site_name\" content=\"Electrolux Professional Sverige\" \/>\n<meta property=\"article:modified_time\" content=\"2024-06-24T12:36:02+00:00\" \/>\n<meta property=\"og:image\" content=\"https:\/\/www.electroluxprofessional.com\/se\/wp-content\/uploads\/2020\/10\/Easy_ElectroluxProfessional_ControlSystem.jpg\" \/>\n\t<meta property=\"og:image:width\" content=\"504\" \/>\n\t<meta property=\"og:image:height\" content=\"320\" \/>\n\t<meta property=\"og:image:type\" content=\"image\/jpeg\" \/>\n<meta name=\"twitter:card\" content=\"summary_large_image\" \/>\n<meta name=\"twitter:label1\" content=\"Ber\u00e4knad l\u00e4stid\" \/>\n\t<meta name=\"twitter:data1\" content=\"4 minuter\" \/>\n<script type=\"application\/ld+json\" class=\"yoast-schema-graph\">{\"@context\":\"https:\/\/schema.org\",\"@graph\":[{\"@type\":\"WebPage\",\"@id\":\"https:\/\/www.electroluxprofessional.com\/se\/tvatt\/automatisk-dosering-tvattmedel\/\",\"url\":\"https:\/\/www.electroluxprofessional.com\/se\/tvatt\/automatisk-dosering-tvattmedel\/\",\"name\":\"Automatisk Dosering av tv\u00e4ttmedel - det b\u00e4sta f\u00f6r milj\u00f6n och maskinerna\",\"isPartOf\":{\"@id\":\"https:\/\/www.electroluxprofessional.com\/se\/#website\"},\"primaryImageOfPage\":{\"@id\":\"https:\/\/www.electroluxprofessional.com\/se\/tvatt\/automatisk-dosering-tvattmedel\/#primaryimage\"},\"image\":{\"@id\":\"https:\/\/www.electroluxprofessional.com\/se\/tvatt\/automatisk-dosering-tvattmedel\/#primaryimage\"},\"thumbnailUrl\":\"https:\/\/www.electroluxprofessional.com\/se\/wp-content\/uploads\/2023\/06\/Automatisk-Dosering_EPRSE.jpg\",\"datePublished\":\"2023-06-29T14:41:01+00:00\",\"dateModified\":\"2024-06-24T12:36:02+00:00\",\"description\":\"Automatiska Dosering av tv\u00e4ttmedel kommer att ge l\u00e4ngre livstid p\u00e5 maskinen, skapa en b\u00e4ttre milj\u00f6 och \u00e4r det b\u00e4sta alternativet f\u00f6r allergiker.\",\"breadcrumb\":{\"@id\":\"https:\/\/www.electroluxprofessional.com\/se\/tvatt\/automatisk-dosering-tvattmedel\/#breadcrumb\"},\"inLanguage\":\"sv-SE\",\"potentialAction\":[{\"@type\":\"ReadAction\",\"target\":[\"https:\/\/www.electroluxprofessional.com\/se\/tvatt\/automatisk-dosering-tvattmedel\/\"]}]},{\"@type\":\"ImageObject\",\"inLanguage\":\"sv-SE\",\"@id\":\"https:\/\/www.electroluxprofessional.com\/se\/tvatt\/automatisk-dosering-tvattmedel\/#primaryimage\",\"url\":\"https:\/\/www.electroluxprofessional.com\/se\/wp-content\/uploads\/2023\/06\/Automatisk-Dosering_EPRSE.jpg\",\"contentUrl\":\"https:\/\/www.electroluxprofessional.com\/se\/wp-content\/uploads\/2023\/06\/Automatisk-Dosering_EPRSE.jpg\",\"width\":500,\"height\":400,\"caption\":\"Automatisk-Dosering_EPRSE\"},{\"@type\":\"BreadcrumbList\",\"@id\":\"https:\/\/www.electroluxprofessional.com\/se\/tvatt\/automatisk-dosering-tvattmedel\/#breadcrumb\",\"itemListElement\":[{\"@type\":\"ListItem\",\"position\":1,\"name\":\"Home\",\"item\":\"https:\/\/www.electroluxprofessional.com\/se\/\"},{\"@type\":\"ListItem\",\"position\":2,\"name\":\"Tv\u00e4tt\",\"item\":\"https:\/\/www.electroluxprofessional.com\/se\/tvatt\/\"},{\"@type\":\"ListItem\",\"position\":3,\"name\":\"Tv\u00e4tt\",\"item\":\"https:\/\/www.electroluxprofessional.com\/se\/tvatt\/\"},{\"@type\":\"ListItem\",\"position\":4,\"name\":\"Automatisk dosering tv\u00e4ttmedel\"}]},{\"@type\":\"WebSite\",\"@id\":\"https:\/\/www.electroluxprofessional.com\/se\/#website\",\"url\":\"https:\/\/www.electroluxprofessional.com\/se\/\",\"name\":\"Electrolux Professional Sverige\",\"description\":\"\",\"potentialAction\":[{\"@type\":\"SearchAction\",\"target\":{\"@type\":\"EntryPoint\",\"urlTemplate\":\"https:\/\/www.electroluxprofessional.com\/se\/?src={search_term_string}\"},\"query-input\":\"required name=search_term_string\"}],\"inLanguage\":\"sv-SE\"}]}<\/script>\n<!-- \/ Yoast SEO plugin. -->","yoast_head_json":{"title":"Automatisk Dosering av tv\u00e4ttmedel - det b\u00e4sta f\u00f6r milj\u00f6n och maskinerna","description":"Automatiska Dosering av tv\u00e4ttmedel kommer att ge l\u00e4ngre livstid p\u00e5 maskinen, skapa en b\u00e4ttre milj\u00f6 och \u00e4r det b\u00e4sta alternativet f\u00f6r allergiker.","robots":{"index":"index","follow":"follow","max-snippet":"max-snippet:-1","max-image-preview":"max-image-preview:large","max-video-preview":"max-video-preview:-1"},"canonical":"https:\/\/www.electroluxprofessional.com\/se\/tvatt\/automatisk-dosering-tvattmedel\/","og_locale":"sv_SE","og_type":"article","og_title":"Automatisk Dosering av tv\u00e4ttmedel - det b\u00e4sta f\u00f6r milj\u00f6n och maskinerna","og_description":"Automatiska Dosering av tv\u00e4ttmedel kommer att ge l\u00e4ngre livstid p\u00e5 maskinen, skapa en b\u00e4ttre milj\u00f6 och \u00e4r det b\u00e4sta alternativet f\u00f6r allergiker.","og_url":"https:\/\/www.electroluxprofessional.com\/se\/tvatt\/automatisk-dosering-tvattmedel\/","og_site_name":"Electrolux Professional Sverige","article_modified_time":"2024-06-24T12:36:02+00:00","og_image":[{"width":504,"height":320,"url":"https:\/\/www.electroluxprofessional.com\/se\/wp-content\/uploads\/2020\/10\/Easy_ElectroluxProfessional_ControlSystem.jpg","type":"image\/jpeg"}],"twitter_card":"summary_large_image","twitter_misc":{"Ber\u00e4knad l\u00e4stid":"4 minuter"},"schema":{"@context":"https:\/\/schema.org","@graph":[{"@type":"WebPage","@id":"https:\/\/www.electroluxprofessional.com\/se\/tvatt\/automatisk-dosering-tvattmedel\/","url":"https:\/\/www.electroluxprofessional.com\/se\/tvatt\/automatisk-dosering-tvattmedel\/","name":"Automatisk Dosering av tv\u00e4ttmedel - det b\u00e4sta f\u00f6r milj\u00f6n och maskinerna","isPartOf":{"@id":"https:\/\/www.electroluxprofessional.com\/se\/#website"},"primaryImageOfPage":{"@id":"https:\/\/www.electroluxprofessional.com\/se\/tvatt\/automatisk-dosering-tvattmedel\/#primaryimage"},"image":{"@id":"https:\/\/www.electroluxprofessional.com\/se\/tvatt\/automatisk-dosering-tvattmedel\/#primaryimage"},"thumbnailUrl":"https:\/\/www.electroluxprofessional.com\/se\/wp-content\/uploads\/2023\/06\/Automatisk-Dosering_EPRSE.jpg","datePublished":"2023-06-29T14:41:01+00:00","dateModified":"2024-06-24T12:36:02+00:00","description":"Automatiska Dosering av tv\u00e4ttmedel kommer att ge l\u00e4ngre livstid p\u00e5 maskinen, skapa en b\u00e4ttre milj\u00f6 och \u00e4r det b\u00e4sta alternativet f\u00f6r allergiker.","breadcrumb":{"@id":"https:\/\/www.electroluxprofessional.com\/se\/tvatt\/automatisk-dosering-tvattmedel\/#breadcrumb"},"inLanguage":"sv-SE","potentialAction":[{"@type":"ReadAction","target":["https:\/\/www.electroluxprofessional.com\/se\/tvatt\/automatisk-dosering-tvattmedel\/"]}]},{"@type":"ImageObject","inLanguage":"sv-SE","@id":"https:\/\/www.electroluxprofessional.com\/se\/tvatt\/automatisk-dosering-tvattmedel\/#primaryimage","url":"https:\/\/www.electroluxprofessional.com\/se\/wp-content\/uploads\/2023\/06\/Automatisk-Dosering_EPRSE.jpg","contentUrl":"https:\/\/www.electroluxprofessional.com\/se\/wp-content\/uploads\/2023\/06\/Automatisk-Dosering_EPRSE.jpg","width":500,"height":400,"caption":"Automatisk-Dosering_EPRSE"},{"@type":"BreadcrumbList","@id":"https:\/\/www.electroluxprofessional.com\/se\/tvatt\/automatisk-dosering-tvattmedel\/#breadcrumb","itemListElement":[{"@type":"ListItem","position":1,"name":"Home","item":"https:\/\/www.electroluxprofessional.com\/se\/"},{"@type":"ListItem","position":2,"name":"Tv\u00e4tt","item":"https:\/\/www.electroluxprofessional.com\/se\/tvatt\/"},{"@type":"ListItem","position":3,"name":"Tv\u00e4tt","item":"https:\/\/www.electroluxprofessional.com\/se\/tvatt\/"},{"@type":"ListItem","position":4,"name":"Automatisk dosering tv\u00e4ttmedel"}]},{"@type":"WebSite","@id":"https:\/\/www.electroluxprofessional.com\/se\/#website","url":"https:\/\/www.electroluxprofessional.com\/se\/","name":"Electrolux Professional Sverige","description":"","potentialAction":[{"@type":"SearchAction","target":{"@type":"EntryPoint","urlTemplate":"https:\/\/www.electroluxprofessional.com\/se\/?src={search_term_string}"},"query-input":"required name=search_term_string"}],"inLanguage":"sv-SE"}]}},"_links":{"self":[{"href":"https:\/\/www.electroluxprofessional.com\/se\/wp-json\/wp\/v2\/pages\/21762"}],"collection":[{"href":"https:\/\/www.electroluxprofessional.com\/se\/wp-json\/wp\/v2\/pages"}],"about":[{"href":"https:\/\/www.electroluxprofessional.com\/se\/wp-json\/wp\/v2\/types\/page"}],"author":[{"embeddable":true,"href":"https:\/\/www.electroluxprofessional.com\/se\/wp-json\/wp\/v2\/users\/458"}],"replies":[{"embeddable":true,"href":"https:\/\/www.electroluxprofessional.com\/se\/wp-json\/wp\/v2\/comments?post=21762"}],"version-history":[{"count":48,"href":"https:\/\/www.electroluxprofessional.com\/se\/wp-json\/wp\/v2\/pages\/21762\/revisions"}],"predecessor-version":[{"id":50104,"href":"https:\/\/www.electroluxprofessional.com\/se\/wp-json\/wp\/v2\/pages\/21762\/revisions\/50104"}],"up":[{"embeddable":true,"href":"https:\/\/www.electroluxprofessional.com\/se\/wp-json\/wp\/v2\/pages\/51211"}],"wp:featuredmedia":[{"embeddable":true,"href":"https:\/\/www.electroluxprofessional.com\/se\/wp-json\/wp\/v2\/media\/48033"}],"wp:attachment":[{"href":"https:\/\/www.electroluxprofessional.com\/se\/wp-json\/wp\/v2\/media?parent=21762"}],"curies":[{"name":"wp","href":"https:\/\/api.w.org\/{rel}","templated":true}]}}