{"id":20918,"date":"2023-01-12T16:45:20","date_gmt":"2023-01-12T16:45:20","guid":{"rendered":"https:\/\/www.electroluxprofessional.com\/se\/?page_id=20918"},"modified":"2024-02-13T14:00:34","modified_gmt":"2024-02-13T13:00:34","slug":"haccp","status":"publish","type":"page","link":"https:\/\/www.electroluxprofessional.com\/se\/haccp\/","title":{"rendered":"HACCP"},"content":{"rendered":"<p>[vc_row full_width=&#8221;electroluxpro-full-width-no-padding&#8221;][vc_column][elx_hero_slider label_text_color=&#8221;inherit&#8221; images=&#8221;20917&#8243;][elx_heading font_container=&#8221;h1&#8243; text_color=&#8221;inherit&#8221;]HACCP[\/elx_heading][vc_column_text]HACCP (Hazard Analysis and Critical Control Point) \u00e4r en standardiserad arbetsmetod som redog\u00f6r f\u00f6r hur du kartl\u00e4gger, bed\u00f6mer och kontrollerar faror i livsmedelsproduktion. F\u00f6reskrifterna enligt HACCP specificerar de rutiner som alltid m\u00e5ste f\u00f6ljas vid hantering av livsmedel.[\/vc_column_text][\/elx_hero_slider][\/vc_column][\/vc_row][vc_row][vc_column width=&#8221;1\/2&#8243;][vc_empty_space][elx_heading text_color=&#8221;inherit&#8221; text_align=&#8221;text-left&#8221;]Electrolux Professional stork\u00f6ksl\u00f6sningar \u00e4r sedan 1998 utvecklade med HACCP i \u00e5tanke.[\/elx_heading][vc_empty_space][vc_column_text]<\/p>\n<h3 style=\"text-align: left;\">S\u00e5 vad inneb\u00e4r detta?<\/h3>\n<p>[\/vc_column_text][vc_empty_space][vc_column_text]Om det sker ett utbrott av sjukdom eller smitta kan du med hj\u00e4lp av den inbyggda <strong>HACCP-funktionen som finns i v\u00e5ra produkter alltid<\/strong>\u00a0<strong>sp\u00e5ra och identifiera k\u00e4llan samt eliminera den (stoppa utbrottet).\u00a0<\/strong>[\/vc_column_text][\/vc_column][vc_column width=&#8221;1\/2&#8243;][vc_empty_space][elx_image_block background_image=&#8221;21406&#8243; vert_back_position=&#8221;top&#8221; minimum_height=&#8221;400px&#8221;][\/vc_column][\/vc_row][vc_row full_width=&#8221;electroluxpro-full-width-no-padding&#8221; equal_height=&#8221;yes&#8221;][vc_column width=&#8221;1\/2&#8243;][elx_image_block background_image=&#8221;14702&#8243; vert_back_position=&#8221;top&#8221; minimum_height=&#8221;598px&#8221;][\/vc_column][vc_column width=&#8221;1\/2&#8243;][elx_simple_block][elx_heading text_color=&#8221;inherit&#8221;]S\u00e4ker tillagning med SkyLine kombiugn[\/elx_heading][vc_column_text css_animation=&#8221;right-to-left&#8221;]<strong>Tack vare Food Safe Control-funktionen som finns i SkyLine kombiugn kan du k\u00e4nna dig trygg i att livsmedelss\u00e4kerheten \u00e4r i enlighet med r\u00e5dande HACCP-standarder<\/strong>. V\u00e4lj bara livsmedlets kategori, s\u00e5 g\u00f6r Food Safe Control-funktionen resten och \u00f6vervakar hela tillagningsprocessen. N\u00e4r Food Safe Control-ikonen \u00e4r aktiverad och k\u00e4rntermometern med 6 m\u00e4tpunkter \u00e4r inf\u00f6rd, ber\u00e4knar ugnen om maten har blivit tillr\u00e4ckligt tillagad och uppn\u00e5tt r\u00e4tt s\u00e4kerhetsniv\u00e5.[\/vc_column_text][elx_button button_text=&#8221;Uppt\u00e4ck SkyLine kombiugn&#8221; button_style=&#8221;icon&#8221; button_link=&#8221;url:https%3A%2F%2Fwww.electroluxprofessional.com%2Fse%2Ffood-professionella-storkok-och-restauranger%2Fskyline-kombiugn%2F|title:Uppt%C3%A4ck%20SkyLine%20kombiugn&#8221;][\/elx_simple_block][\/vc_column][\/vc_row][vc_row][vc_column][vc_empty_space height=&#8221;50px&#8221;][vc_row_inner][vc_column_inner width=&#8221;1\/2&#8243;][vc_single_image image=&#8221;20915&#8243; img_size=&#8221;full&#8221;][vc_column_text]<\/p>\n<h2>Livsmedelss\u00e4kerhet<\/h2>\n<p>Inga kompromisser mellan matkvalitet och s\u00e4kerhet med Food Safe Control. Med en k\u00e4rntermometer inneh\u00e5llande 6 m\u00e4tpunkter s\u00e4kerst\u00e4ller SkyLine automatiskt att maten har tillagats perfekt samtidigt som det \u00e4r gjort i enlighet med HACCP-standarder. Dessutom kan du enkelt spara ned HACCP-loggar, vilket sparar tid och pappersarbete.[\/vc_column_text][vc_empty_space][vc_single_image image=&#8221;20916&#8243; img_size=&#8221;full&#8221;][vc_column_text]<\/p>\n<h6>*Food Safe Control &#8211; patent US6818865B2 and related family.<\/h6>\n<p>[\/vc_column_text][\/vc_column_inner][vc_column_inner width=&#8221;1\/2&#8243;][vc_single_image image=&#8221;20915&#8243; img_size=&#8221;full&#8221;][vc_column_text]<\/p>\n<h2>Effektiv &amp; s\u00e4ker nedkylning<\/h2>\n<p>Blast chilling eller snabbnedkylning \u00e4r en metod d\u00e4r stora m\u00e4ngder mat snabbt och effektivt kyls ned i en temperaturkontrollerad milj\u00f6. Tack vare den snabba nedkylningen f\u00e5r bakterier inte m\u00f6jlighet att f\u00f6r\u00f6ka sig vilket g\u00f6r blast chilling till en relativt s\u00e4ker matlagningsmetod.<\/p>\n<p>Med ChillS Blast Chiller fr\u00e5n Electrolux Professional tar det endast <strong>90 minuter<\/strong> att s\u00e4nka matens k\u00e4rntemperatur fr\u00e5n 70\u00b0C till 3\u00b0C, och p\u00e5 endast 240 minuter n\u00e5s -18\u00b0C infrysning.\u00a0 Bryt inte Cook&amp;Chill-processen. Ta maten direkt fr\u00e5n ugnen till ChillS utan att l\u00e5ta maten svalna i rumstemperatur.[\/vc_column_text][\/vc_column_inner][\/vc_row_inner][\/vc_column][\/vc_row][vc_row full_width=&#8221;electroluxpro-full-width-no-padding&#8221; equal_height=&#8221;yes&#8221;][vc_column width=&#8221;1\/2&#8243;][elx_image_block background_image=&#8221;21875&#8243; vert_back_position=&#8221;top&#8221; minimum_height=&#8221;350px&#8221;][\/vc_column][vc_column width=&#8221;1\/2&#8243;][elx_simple_block][elx_heading font_container=&#8221;h3&#8243; text_color=&#8221;inherit&#8221;]Ecostore kylsk\u00e5p[\/elx_heading][vc_column_text css_animation=&#8221;right-to-left&#8221;]HACCP-kontrollen i Ecostore kylsk\u00e5p <strong>kontrollerar och registrerar kontinuerligt driftstemperatur och eventuella avvikelser<\/strong>. En graf visar driftstatus och eventuella toppar eller dalar i temperatur. Data kan laddas ner via USB och lagras f\u00f6r rapportering och <span class=\"\">sp\u00e5rning<\/span><span class=\"\">.<\/span><\/p>\n<p>Tack vare ny connectivityfunktion kan HACCP-data fr\u00e5n v\u00e5ra kylsk\u00e5p dessutom ses remote genom en app.[\/vc_column_text][elx_button button_text=&#8221;Uppt\u00e4ck ecostore kyl och fryssk\u00e5p&#8221; button_style=&#8221;icon&#8221; button_link=&#8221;url:https%3A%2F%2Fwww.electroluxprofessional.com%2Fse%2Ffood-professionella-storkok-och-restauranger%2Fkyl-storkok%2F|title:Kyl%20%26%20frys%20f%C3%B6r%20stork%C3%B6k&#8221;][\/elx_simple_block][\/vc_column][\/vc_row][vc_row][vc_column][vc_empty_space][\/vc_column][\/vc_row][vc_row css=&#8221;.vc_custom_1673966382337{background-color: #eeeeee !important;}&#8221;][vc_column][elx_heading font_container=&#8221;h3&#8243; text_color=&#8221;inherit&#8221;]<\/p>\n<h2 class=\"customHeaderV2 bp3\" style=\"text-align: center;\">Electrolux Professional har f\u00e5tt den v\u00e4rldst\u00e4ckande certifieringen i tv\u00e4tthygien. Electrolux Professional \u00e4r den f\u00f6rsta kommersiella leverant\u00f6ren av tv\u00e4ttmaskiner som f\u00e5tt utm\u00e4rkelsen av HACCP International<\/h2>\n<h2 class=\"customHeaderV2 bp3\" style=\"text-align: center;\"><\/h2>\n<h2 class=\"customHeaderV2 bp3\" style=\"text-align: center;\"><\/h2>\n<p>[\/elx_heading][\/vc_column][\/vc_row][vc_row full_width=&#8221;electroluxpro-full-width-no-padding&#8221;][vc_column][vc_empty_space][\/vc_column][\/vc_row][vc_row][vc_column width=&#8221;1\/2&#8243;][vc_single_image image=&#8221;10831&#8243; img_size=&#8221;full&#8221; alignment=&#8221;center&#8221;][vc_empty_space][vc_column_text]<\/p>\n<h3>Ser hur vi kan tillf\u00f6ra s\u00e4kerhet<br \/>\noch v\u00e4rde till din verksamhet<\/h3>\n<p>[\/vc_column_text][vc_empty_space][elx_video_block background_image=&#8221;20914&#8243; video_link=&#8221;https:\/\/www.youtube.com\/watch?v=-ATQgfZH67Q&#8221; minimum_height=&#8221;280px&#8221;][vc_empty_space][\/vc_column][vc_column width=&#8221;1\/2&#8243;][elx_heading font_container=&#8221;h3&#8243; text_color=&#8221;inherit&#8221;]F\u00f6r att desinficera textilier och arbetskl\u00e4der som anv\u00e4nds vid livsmedelshantering \u00e4r det viktigt med professionella tv\u00e4ttprogram[\/elx_heading][vc_column_text]Electrolux Professionals tv\u00e4ttl\u00f6sning <a href=\"https:\/\/www.electroluxprofessional.com\/se\/laundry\/line-6000-tvattlosningar\/\">Line 6000<\/a> utvecklades precis som f\u00f6reg\u00e5ngaren Line 5000 f\u00f6r att underl\u00e4tta f\u00f6r anv\u00e4ndare att m\u00f6ta de strikta kriterier som utarbetats av HACCP.<\/p>\n<p>Electrolux Professional \u00e4r den f\u00f6rsta och f\u00f6r n\u00e4rvarande enda HACCP International-certifierade tv\u00e4ttillverkaren. F\u00f6rutom frontmatade tv\u00e4ttmaskiner och barri\u00e4rtv\u00e4ttmaskiner har \u00e4ven manglar och inbyggnadsl\u00f6sningar f\u00e5tt denna certifiering.[\/vc_column_text][vc_row_inner][vc_column_inner width=&#8221;1\/2&#8243;][vc_empty_space][vc_empty_space][vc_empty_space][vc_empty_space][vc_column_text]Certifieringen utdelades f\u00f6rst till linje 5000 i Storbritannien och Irland och sedan juni 2015 g\u00e4ller den globalt.[\/vc_column_text][vc_empty_space][elx_button button_text=&#8221;Uppt\u00e4ck mer om HACCP INTERNATIONAL&#8221; button_style=&#8221;icon&#8221; button_link=&#8221;url:https%3A%2F%2Fhaccp-international.com%2F|title:haccp%20international|target:%20_blank|&#8221;][\/vc_column_inner][vc_column_inner width=&#8221;1\/2&#8243;][vc_empty_space][vc_empty_space][vc_empty_space][vc_empty_space][vc_single_image image=&#8221;657&#8243; img_size=&#8221;250&#215;250&#8243; alignment=&#8221;center&#8221;][vc_empty_space][\/vc_column_inner][\/vc_row_inner][\/vc_column][\/vc_row][vc_row full_width=&#8221;electroluxpro-full-width-no-padding&#8221;][vc_column][vc_empty_space css=&#8221;.vc_custom_1464077755704{background-color: #eaeef2 !important;}&#8221;][\/vc_column][\/vc_row]<\/p>\n","protected":false},"excerpt":{"rendered":"<p>[vc_row full_width=&#8221;electroluxpro-full-width-no-padding&#8221;][vc_column][elx_hero_slider label_text_color=&#8221;inherit&#8221; images=&#8221;20917&#8243;][elx_heading font_container=&#8221;h1&#8243; text_color=&#8221;inherit&#8221;]HACCP[\/elx_heading][vc_column_text]HACCP (Hazard Analysis and Critical Control Point) \u00e4r en standardiserad arbetsmetod som redog\u00f6r f\u00f6r hur du kartl\u00e4gger, bed\u00f6mer och kontrollerar faror i livsmedelsproduktion. F\u00f6reskrifterna enligt HACCP specificerar de rutiner som alltid m\u00e5ste f\u00f6ljas vid hantering av livsmedel.[\/vc_column_text][\/elx_hero_slider][\/vc_column][\/vc_row][vc_row][vc_column width=&#8221;1\/2&#8243;][vc_empty_space][elx_heading text_color=&#8221;inherit&#8221; text_align=&#8221;text-left&#8221;]Electrolux Professional stork\u00f6ksl\u00f6sningar \u00e4r sedan 1998 utvecklade med HACCP i \u00e5tanke.[\/elx_heading][vc_empty_space][vc_column_text] [&hellip;]<\/p>\n","protected":false},"author":174,"featured_media":657,"parent":0,"menu_order":0,"comment_status":"closed","ping_status":"closed","template":"","meta":{"footnotes":""},"class_list":["post-20918","page","type-page","status-publish","has-post-thumbnail","hentry"],"acf":[],"yoast_head":"<!-- This site is optimized with the Yoast SEO plugin v23.3 - https:\/\/yoast.com\/wordpress\/plugins\/seo\/ -->\n<title>HACCP - livsmedelss\u00e4kerhet och tv\u00e4tts\u00e4kerhet<\/title>\n<meta name=\"description\" content=\"HACCP \u2013 ett s\u00e4tt att bed\u00f6ma och hantera de risker som kan kopplas till en produkt eller en process inom livsmedels- och tv\u00e4ttbranschen.\" \/>\n<meta name=\"robots\" content=\"index, follow, max-snippet:-1, max-image-preview:large, max-video-preview:-1\" \/>\n<link rel=\"canonical\" href=\"https:\/\/www.electroluxprofessional.com\/se\/haccp\/\" \/>\n<meta property=\"og:locale\" content=\"sv_SE\" \/>\n<meta property=\"og:type\" content=\"article\" \/>\n<meta property=\"og:title\" content=\"HACCP - livsmedelss\u00e4kerhet och tv\u00e4tts\u00e4kerhet\" \/>\n<meta property=\"og:description\" content=\"HACCP \u2013 ett s\u00e4tt att bed\u00f6ma och hantera de risker som kan kopplas till en produkt eller en process inom livsmedels- och tv\u00e4ttbranschen.\" \/>\n<meta property=\"og:url\" content=\"https:\/\/www.electroluxprofessional.com\/se\/haccp\/\" \/>\n<meta property=\"og:site_name\" content=\"Electrolux Professional Sverige\" \/>\n<meta property=\"article:modified_time\" content=\"2024-02-13T13:00:34+00:00\" \/>\n<meta property=\"og:image\" content=\"https:\/\/www.electroluxprofessional.com\/se\/wp-content\/uploads\/2016\/05\/haccp-logo.jpg\" \/>\n\t<meta property=\"og:image:width\" content=\"600\" \/>\n\t<meta property=\"og:image:height\" content=\"601\" \/>\n\t<meta property=\"og:image:type\" content=\"image\/jpeg\" \/>\n<meta name=\"twitter:card\" content=\"summary_large_image\" \/>\n<meta name=\"twitter:label1\" content=\"Ber\u00e4knad l\u00e4stid\" \/>\n\t<meta name=\"twitter:data1\" content=\"3 minuter\" \/>\n<script type=\"application\/ld+json\" class=\"yoast-schema-graph\">{\"@context\":\"https:\/\/schema.org\",\"@graph\":[{\"@type\":\"WebPage\",\"@id\":\"https:\/\/www.electroluxprofessional.com\/se\/haccp\/\",\"url\":\"https:\/\/www.electroluxprofessional.com\/se\/haccp\/\",\"name\":\"HACCP - livsmedelss\u00e4kerhet och tv\u00e4tts\u00e4kerhet\",\"isPartOf\":{\"@id\":\"https:\/\/www.electroluxprofessional.com\/se\/#website\"},\"primaryImageOfPage\":{\"@id\":\"https:\/\/www.electroluxprofessional.com\/se\/haccp\/#primaryimage\"},\"image\":{\"@id\":\"https:\/\/www.electroluxprofessional.com\/se\/haccp\/#primaryimage\"},\"thumbnailUrl\":\"https:\/\/www.electroluxprofessional.com\/se\/wp-content\/uploads\/2016\/05\/haccp-logo.jpg\",\"datePublished\":\"2023-01-12T16:45:20+00:00\",\"dateModified\":\"2024-02-13T13:00:34+00:00\",\"description\":\"HACCP \u2013 ett s\u00e4tt att bed\u00f6ma och hantera de risker som kan kopplas till en produkt eller en process inom livsmedels- och tv\u00e4ttbranschen.\",\"breadcrumb\":{\"@id\":\"https:\/\/www.electroluxprofessional.com\/se\/haccp\/#breadcrumb\"},\"inLanguage\":\"sv-SE\",\"potentialAction\":[{\"@type\":\"ReadAction\",\"target\":[\"https:\/\/www.electroluxprofessional.com\/se\/haccp\/\"]}]},{\"@type\":\"ImageObject\",\"inLanguage\":\"sv-SE\",\"@id\":\"https:\/\/www.electroluxprofessional.com\/se\/haccp\/#primaryimage\",\"url\":\"https:\/\/www.electroluxprofessional.com\/se\/wp-content\/uploads\/2016\/05\/haccp-logo.jpg\",\"contentUrl\":\"https:\/\/www.electroluxprofessional.com\/se\/wp-content\/uploads\/2016\/05\/haccp-logo.jpg\",\"width\":600,\"height\":601,\"caption\":\"HACCCP Internationellt certificikat livsmedelss\u00e4kerhet\"},{\"@type\":\"BreadcrumbList\",\"@id\":\"https:\/\/www.electroluxprofessional.com\/se\/haccp\/#breadcrumb\",\"itemListElement\":[{\"@type\":\"ListItem\",\"position\":1,\"name\":\"Home\",\"item\":\"https:\/\/www.electroluxprofessional.com\/se\/\"},{\"@type\":\"ListItem\",\"position\":2,\"name\":\"HACCP\"}]},{\"@type\":\"WebSite\",\"@id\":\"https:\/\/www.electroluxprofessional.com\/se\/#website\",\"url\":\"https:\/\/www.electroluxprofessional.com\/se\/\",\"name\":\"Electrolux Professional Sverige\",\"description\":\"\",\"potentialAction\":[{\"@type\":\"SearchAction\",\"target\":{\"@type\":\"EntryPoint\",\"urlTemplate\":\"https:\/\/www.electroluxprofessional.com\/se\/?src={search_term_string}\"},\"query-input\":\"required name=search_term_string\"}],\"inLanguage\":\"sv-SE\"}]}<\/script>\n<!-- \/ Yoast SEO plugin. -->","yoast_head_json":{"title":"HACCP - livsmedelss\u00e4kerhet och tv\u00e4tts\u00e4kerhet","description":"HACCP \u2013 ett s\u00e4tt att bed\u00f6ma och hantera de risker som kan kopplas till en produkt eller en process inom livsmedels- och tv\u00e4ttbranschen.","robots":{"index":"index","follow":"follow","max-snippet":"max-snippet:-1","max-image-preview":"max-image-preview:large","max-video-preview":"max-video-preview:-1"},"canonical":"https:\/\/www.electroluxprofessional.com\/se\/haccp\/","og_locale":"sv_SE","og_type":"article","og_title":"HACCP - livsmedelss\u00e4kerhet och tv\u00e4tts\u00e4kerhet","og_description":"HACCP \u2013 ett s\u00e4tt att bed\u00f6ma och hantera de risker som kan kopplas till en produkt eller en process inom livsmedels- och tv\u00e4ttbranschen.","og_url":"https:\/\/www.electroluxprofessional.com\/se\/haccp\/","og_site_name":"Electrolux Professional Sverige","article_modified_time":"2024-02-13T13:00:34+00:00","og_image":[{"width":600,"height":601,"url":"https:\/\/www.electroluxprofessional.com\/se\/wp-content\/uploads\/2016\/05\/haccp-logo.jpg","type":"image\/jpeg"}],"twitter_card":"summary_large_image","twitter_misc":{"Ber\u00e4knad l\u00e4stid":"3 minuter"},"schema":{"@context":"https:\/\/schema.org","@graph":[{"@type":"WebPage","@id":"https:\/\/www.electroluxprofessional.com\/se\/haccp\/","url":"https:\/\/www.electroluxprofessional.com\/se\/haccp\/","name":"HACCP - livsmedelss\u00e4kerhet och tv\u00e4tts\u00e4kerhet","isPartOf":{"@id":"https:\/\/www.electroluxprofessional.com\/se\/#website"},"primaryImageOfPage":{"@id":"https:\/\/www.electroluxprofessional.com\/se\/haccp\/#primaryimage"},"image":{"@id":"https:\/\/www.electroluxprofessional.com\/se\/haccp\/#primaryimage"},"thumbnailUrl":"https:\/\/www.electroluxprofessional.com\/se\/wp-content\/uploads\/2016\/05\/haccp-logo.jpg","datePublished":"2023-01-12T16:45:20+00:00","dateModified":"2024-02-13T13:00:34+00:00","description":"HACCP \u2013 ett s\u00e4tt att bed\u00f6ma och hantera de risker som kan kopplas till en produkt eller en process inom livsmedels- och tv\u00e4ttbranschen.","breadcrumb":{"@id":"https:\/\/www.electroluxprofessional.com\/se\/haccp\/#breadcrumb"},"inLanguage":"sv-SE","potentialAction":[{"@type":"ReadAction","target":["https:\/\/www.electroluxprofessional.com\/se\/haccp\/"]}]},{"@type":"ImageObject","inLanguage":"sv-SE","@id":"https:\/\/www.electroluxprofessional.com\/se\/haccp\/#primaryimage","url":"https:\/\/www.electroluxprofessional.com\/se\/wp-content\/uploads\/2016\/05\/haccp-logo.jpg","contentUrl":"https:\/\/www.electroluxprofessional.com\/se\/wp-content\/uploads\/2016\/05\/haccp-logo.jpg","width":600,"height":601,"caption":"HACCCP Internationellt certificikat livsmedelss\u00e4kerhet"},{"@type":"BreadcrumbList","@id":"https:\/\/www.electroluxprofessional.com\/se\/haccp\/#breadcrumb","itemListElement":[{"@type":"ListItem","position":1,"name":"Home","item":"https:\/\/www.electroluxprofessional.com\/se\/"},{"@type":"ListItem","position":2,"name":"HACCP"}]},{"@type":"WebSite","@id":"https:\/\/www.electroluxprofessional.com\/se\/#website","url":"https:\/\/www.electroluxprofessional.com\/se\/","name":"Electrolux Professional Sverige","description":"","potentialAction":[{"@type":"SearchAction","target":{"@type":"EntryPoint","urlTemplate":"https:\/\/www.electroluxprofessional.com\/se\/?src={search_term_string}"},"query-input":"required name=search_term_string"}],"inLanguage":"sv-SE"}]}},"_links":{"self":[{"href":"https:\/\/www.electroluxprofessional.com\/se\/wp-json\/wp\/v2\/pages\/20918"}],"collection":[{"href":"https:\/\/www.electroluxprofessional.com\/se\/wp-json\/wp\/v2\/pages"}],"about":[{"href":"https:\/\/www.electroluxprofessional.com\/se\/wp-json\/wp\/v2\/types\/page"}],"author":[{"embeddable":true,"href":"https:\/\/www.electroluxprofessional.com\/se\/wp-json\/wp\/v2\/users\/174"}],"replies":[{"embeddable":true,"href":"https:\/\/www.electroluxprofessional.com\/se\/wp-json\/wp\/v2\/comments?post=20918"}],"version-history":[{"count":22,"href":"https:\/\/www.electroluxprofessional.com\/se\/wp-json\/wp\/v2\/pages\/20918\/revisions"}],"predecessor-version":[{"id":50096,"href":"https:\/\/www.electroluxprofessional.com\/se\/wp-json\/wp\/v2\/pages\/20918\/revisions\/50096"}],"wp:featuredmedia":[{"embeddable":true,"href":"https:\/\/www.electroluxprofessional.com\/se\/wp-json\/wp\/v2\/media\/657"}],"wp:attachment":[{"href":"https:\/\/www.electroluxprofessional.com\/se\/wp-json\/wp\/v2\/media?parent=20918"}],"curies":[{"name":"wp","href":"https:\/\/api.w.org\/{rel}","templated":true}]}}