{"id":19547,"date":"2022-06-08T12:55:38","date_gmt":"2022-06-08T12:55:38","guid":{"rendered":"https:\/\/www.electroluxprofessional.com\/se\/?page_id=19547"},"modified":"2022-10-31T14:05:47","modified_gmt":"2022-10-31T13:05:47","slug":"sjukhus","status":"publish","type":"page","link":"https:\/\/www.electroluxprofessional.com\/se\/sjukhus\/","title":{"rendered":"Sjukhus"},"content":{"rendered":"<p>[vc_row full_width=&#8221;electroluxpro-full-width-no-padding&#8221; css=&#8221;.vc_custom_1649420665358{margin-top: 0px !important;padding-top: 0px !important;}&#8221;][vc_column][elx_full_banner title=&#8221;V\u00e5rd och Omsorg med strikta hygienkrav&#8221; link=&#8221;url:%23book|title:Boka%20en%20virtuell%20demo%20av%20tv%C3%A4tthanteringsprocessen&#8221; background_image_media_library=&#8221;19546&#8243; background_image_media_library_mobile=&#8221;41449&#8243;][\/vc_column][\/vc_row][vc_row][vc_column][vc_empty_space][elx_heading text_color=&#8221;inherit&#8221; text_align=&#8221;text-center&#8221;]Bakteriefri tv\u00e4tt helt utan kompromisser [\/elx_heading][vc_empty_space][vc_column_text]<span class=\"TextRun SCXW111337345 BCX0\" lang=\"SV-SE\" xml:lang=\"SV-SE\" data-contrast=\"auto\"><span class=\"NormalTextRun SCXW111337345 BCX0\">Sjukhus och \u00e4ldreboenden har ofta mycket strikta hygienregler vid hantering och reng\u00f6ring av lakan, tv\u00e4tt, handdukar, kl\u00e4der och arbetskl\u00e4der.<\/span><\/span>[\/vc_column_text][vc_empty_space][\/vc_column][\/vc_row][vc_row css=&#8221;.vc_custom_1649421294586{padding-top: 30px !important;padding-bottom: 30px !important;background-color: #f9f9f9 !important;}&#8221;][vc_column width=&#8221;1\/4&#8243;][vc_column_text]<\/p>\n<h2><strong>Med Electrolux Professional <\/strong><strong>f\u00e5r du :<\/strong><\/h2>\n<p>[\/vc_column_text][\/vc_column][vc_column width=&#8221;3\/4&#8243;][vc_column_text]<\/p>\n<ul>\n<li><span data-contrast=\"auto\">V\u00e5ra professionella tv\u00e4ttl\u00f6sningar som uppfyller de allra h\u00f6gsta hygienkraven f\u00f6r v\u00e5rd och \u00e4ldreomsorg<\/span><\/li>\n<li><span data-contrast=\"auto\">Electrolux Professional \u00e4r v\u00e4rldsledande inom barri\u00e4rtv\u00e4ttl\u00f6sningar med \u00f6ver 500 installationer varje \u00e5r<\/span><\/li>\n<li><span data-contrast=\"auto\">Maximal kontroll och sp\u00e5rbarhet \u00e4r viktigt i alla tv\u00e4ttprocesser. Vi l\u00f6ser det med intelligenta funktioner, som ex det unika informationssystemet Certus Management\u2122<\/span><\/li>\n<li><span data-contrast=\"auto\"> St\u00f6rre tv\u00e4ttkapacitet ger f\u00f6rb\u00e4ttrad effektivitet och produktivitet<\/span><\/li>\n<li><span data-contrast=\"none\">L\u00e4gg d\u00e4rtill v\u00e5rt v\u00e4rldsomsp\u00e4nnande servicen\u00e4tverk som hj\u00e4lper er med installation, reservdelar och underh\u00e5ll<\/span><span data-ccp-props=\"{&quot;201341983&quot;:0,&quot;335551550&quot;:1,&quot;335551620&quot;:1,&quot;335559739&quot;:160,&quot;335559740&quot;:259}\"> under hela produktens livscykel\u00a0<\/span><\/li>\n<\/ul>\n<p>[\/vc_column_text][\/vc_column][\/vc_row][vc_row][vc_column][vc_empty_space][\/vc_column][\/vc_row][vc_row css=&#8221;.vc_custom_1652169859222{padding-top: 30px !important;padding-bottom: 30px !important;background-color: #ffffff !important;}&#8221;][vc_column width=&#8221;1\/2&#8243;][elx_heading text_color=&#8221;inherit&#8221;]Line 6000 Barr\u00e4rtv\u00e4tt[\/elx_heading][vc_empty_space][vc_column_text]<span class=\"TextRun SCXW50761678 BCX0\" lang=\"SV-SE\" xml:lang=\"SV-SE\" data-contrast=\"none\"><span class=\"NormalTextRun SCXW50761678 BCX0\">De nya <strong>Line 6000 <\/strong><\/span><\/span><strong><span class=\"TextRun Highlight SCXW50761678 BCX0\" lang=\"SV-SE\" xml:lang=\"SV-SE\" data-contrast=\"none\"><span class=\"NormalTextRun SCXW50761678 BCX0\">barri\u00e4rtv\u00e4ttmaskinerna<\/span><\/span><\/strong><span class=\"TextRun SCXW50761678 BCX0\" lang=\"SV-SE\" xml:lang=\"SV-SE\" data-contrast=\"none\"><span class=\"NormalTextRun SCXW50761678 BCX0\">\u00a0f\u00f6rhindrar <strong>korskontamination<\/strong> av ren och smutsig tv\u00e4tt, vilket ger enast\u00e5ende <strong>produktivitet<\/strong> och <strong>prestanda<\/strong>. <strong>Barri\u00e4rkonceptet<\/strong> \u00e4r avg\u00f6rande f\u00f6r att garantera h\u00f6gsta n\u00e5bara renlighet i <strong>varje steg av tv\u00e4ttprocessen. <\/strong>P\u00e5 s\u00e5 s\u00e4tt skyddas b\u00e5de patienter och personal och s\u00e5 \u00e4ven\u00a0 byggnaderna s\u00e5 att inga virus eller bakterier f\u00e5r spridning. <\/span><\/span><span class=\"EOP SCXW50761678 BCX0\" data-ccp-props=\"{&quot;201341983&quot;:0,&quot;335551550&quot;:1,&quot;335551620&quot;:1,&quot;335559739&quot;:160,&quot;335559740&quot;:259}\">\u00a0<\/span>[\/vc_column_text][vc_empty_space][elx_button button_text=&#8221;Uppt\u00e4ck Line 6000 Barri\u00e4rtv\u00e4ttmaskiner&#8221; button_link=&#8221;url:https%3A%2F%2Fwww.electroluxprofessional.com%2Fse%2Flaundry%2Fbarriartvattmaskiner-line6000%2F|title:Uppt%C3%A4ck%20Line%206000%20Barri%C3%A4rtv%C3%A4ttmaskiner&#8221;][\/vc_column][vc_column width=&#8221;1\/2&#8243;][vc_single_image image=&#8221;8765&#8243; img_size=&#8221;full&#8221; alignment=&#8221;center&#8221;][\/vc_column][\/vc_row][vc_row][vc_column][vc_empty_space][\/vc_column][\/vc_row][vc_row][vc_column width=&#8221;2\/3&#8243;][vc_column_text]<\/p>\n<h3>Customer voice<\/h3>\n<p>[\/vc_column_text][vc_empty_space height=&#8221;15px&#8221;][vc_single_image image=&#8221;19545&#8243; img_size=&#8221;full&#8221; alignment=&#8221;center&#8221;][\/vc_column][vc_column width=&#8221;1\/3&#8243;][vc_empty_space][vc_empty_space][vc_column_text]<strong>Peking Union Medical College Hospital<\/strong><\/p>\n<p><span class=\"TextRun SCXW161621089 BCX0\" lang=\"SV-SE\" xml:lang=\"SV-SE\" data-contrast=\"none\"><span class=\"NormalTextRun SCXW161621089 BCX0\">Med den snabba sociala och urbana utvecklingen i hela landet \u00e4r det viktigt f\u00f6r PUMCH att forts\u00e4tta ligga i teknisk framkant n\u00e4r det g\u00e4ller sina tv\u00e4ttbehov.<\/span><\/span>[\/vc_column_text][vc_empty_space][elx_button button_text=&#8221;L\u00e4s hela artikeln&#8221; button_link=&#8221;url:https%3A%2F%2Fwww.electroluxprofessional.com%2Freferences%2Fpeking-union-medical-college-hospital-pumch%2F|title:Read%20the%20full%20article|target:_blank&#8221;][\/vc_column][\/vc_row][vc_row][vc_column][vc_empty_space][\/vc_column][\/vc_row][vc_row css=&#8221;.vc_custom_1655302652451{padding-top: 50px !important;padding-bottom: 50px !important;background-color: #f9f9f9 !important;}&#8221;][vc_column][vc_column_text]<\/p>\n<h2 style=\"text-align: center;\" aria-level=\"2\"><span data-contrast=\"none\">Tv\u00e4tthanteringsprocessen<br \/>\n<\/span><span data-contrast=\"auto\">&#8211; \u00e5tta enkla steg f\u00f6r att f\u00f6rhindra tv\u00e4ttkontamination inom sjukv\u00e5rden<\/span><span data-ccp-props=\"{&quot;201341983&quot;:0,&quot;335559739&quot;:160,&quot;335559740&quot;:259}\">\u00a0<\/span><\/h2>\n<p>[\/vc_column_text][vc_empty_space][vc_column_text]<\/p>\n<p style=\"text-align: center;\"><span data-contrast=\"auto\">En effektiv v\u00e5rdl\u00f6sning f\u00f6r dig. En bekv\u00e4m livsstil f\u00f6r patienter och g\u00e4ster.<\/span><span data-ccp-props=\"{&quot;201341983&quot;:0,&quot;335559739&quot;:160,&quot;335559740&quot;:259}\">\u00a0<\/span><span data-contrast=\"none\">Du kan p\u00e5 s\u00e5 s\u00e4tt ge dina v\u00e5rdtagare b\u00e4sta komfort, s\u00e4kerhet och h\u00f6gsta hygienniv\u00e5. Samtidigt kan du beh\u00e5lla full kostnadskontroll. S\u00e4ngkl\u00e4der, handdukar, tv\u00e4ttlappar och kl\u00e4der kr\u00e4ver speciella reng\u00f6ringsl\u00f6sningar som eliminerar risken f\u00f6r infektion och korskontaminering.<\/span><span data-ccp-props=\"{&quot;201341983&quot;:0,&quot;335551550&quot;:2,&quot;335551620&quot;:2,&quot;335559739&quot;:160,&quot;335559740&quot;:259}\">\u00a0<\/span><\/p>\n<p>[\/vc_column_text][\/vc_column][vc_column][elx_image align=&#8221;text-center&#8221; image_media_library=&#8221;41818&#8243; image_media_library_mobile=&#8221;41849&#8243;][\/vc_column][\/vc_row][vc_row][vc_column][vc_empty_space][vc_column_text]<\/p>\n<h2 style=\"text-align: center;\">Upplev v\u00e5r tv\u00e4tthantering<\/h2>\n<p>[\/vc_column_text][vc_empty_space height=&#8221;20px&#8221;][elx_video_block background_image=&#8221;19544&#8243; video_link=&#8221;https:\/\/www.youtube.com\/watch?v=__vZMg1Y_6Q&#8221; minimum_height=&#8221;350px&#8221;][vc_empty_space height=&#8221;20px&#8221;][vc_column_text]<\/p>\n<p style=\"text-align: center;\">Uppt\u00e4ck alla steg f\u00f6r att f\u00e5 en perfekt smuts- och hygienhantering, genom v\u00e5r tv\u00e4ttcykelhantering. Ta chansen nu!<\/p>\n<p>[\/vc_column_text][\/vc_column][\/vc_row][vc_row el_id=&#8221;book&#8221;][vc_column][vc_empty_space][vc_column_text]<\/p>\n<h2 style=\"text-align: center;\">Boka en virtuell demo av tv\u00e4tthanteringsprocessen<\/h2>\n<p>[\/vc_column_text][vc_empty_space][elx_o2000_contact_us r=&#8221;Ja tack, kontakta mig g\u00e4rna!&#8221; s=&#8221;Kontakta mig g\u00e4rna om &#8230;&#8221; country=&#8221;Sweden&#8221; b=&#8221;laundry&#8221;][vc_empty_space][\/vc_column][\/vc_row]<\/p>\n","protected":false},"excerpt":{"rendered":"<p>[vc_row full_width=&#8221;electroluxpro-full-width-no-padding&#8221; css=&#8221;.vc_custom_1649420665358{margin-top: 0px !important;padding-top: 0px !important;}&#8221;][vc_column][elx_full_banner title=&#8221;V\u00e5rd och Omsorg med strikta hygienkrav&#8221; link=&#8221;url:%23book|title:Boka%20en%20virtuell%20demo%20av%20tv%C3%A4tthanteringsprocessen&#8221; background_image_media_library=&#8221;19546&#8243; background_image_media_library_mobile=&#8221;41449&#8243;][\/vc_column][\/vc_row][vc_row][vc_column][vc_empty_space][elx_heading text_color=&#8221;inherit&#8221; text_align=&#8221;text-center&#8221;]Bakteriefri tv\u00e4tt helt utan kompromisser [\/elx_heading][vc_empty_space][vc_column_text]Sjukhus och \u00e4ldreboenden har ofta mycket strikta hygienregler vid hantering och reng\u00f6ring av lakan, tv\u00e4tt, handdukar, kl\u00e4der och arbetskl\u00e4der.[\/vc_column_text][vc_empty_space][\/vc_column][\/vc_row][vc_row css=&#8221;.vc_custom_1649421294586{padding-top: 30px !important;padding-bottom: 30px !important;background-color: #f9f9f9 !important;}&#8221;][vc_column width=&#8221;1\/4&#8243;][vc_column_text] Med Electrolux Professional f\u00e5r du : [&hellip;]<\/p>\n","protected":false},"author":174,"featured_media":19543,"parent":0,"menu_order":0,"comment_status":"closed","ping_status":"closed","template":"","meta":{"footnotes":""},"class_list":["post-19547","page","type-page","status-publish","has-post-thumbnail","hentry"],"acf":[],"yoast_head":"<!-- This site is optimized with the Yoast SEO plugin v23.3 - https:\/\/yoast.com\/wordpress\/plugins\/seo\/ -->\n<title>Sjukhus - Electrolux Professional Sverige<\/title>\n<meta name=\"description\" content=\"How to prevent linen contamination across the healthcare sector in eight simple steps. An efficient care solution for you. A comfortable lifestyle for patients and guests.\" \/>\n<meta name=\"robots\" content=\"index, follow, max-snippet:-1, max-image-preview:large, max-video-preview:-1\" \/>\n<link rel=\"canonical\" href=\"https:\/\/www.electroluxprofessional.com\/se\/sjukhus\/\" \/>\n<meta property=\"og:locale\" content=\"sv_SE\" \/>\n<meta property=\"og:type\" content=\"article\" \/>\n<meta property=\"og:title\" content=\"Sjukhus - Electrolux Professional Sverige\" \/>\n<meta property=\"og:description\" content=\"How to prevent linen contamination across the healthcare sector in eight simple steps. An efficient care solution for you. A comfortable lifestyle for patients and guests.\" \/>\n<meta property=\"og:url\" content=\"https:\/\/www.electroluxprofessional.com\/se\/sjukhus\/\" \/>\n<meta property=\"og:site_name\" content=\"Electrolux Professional Sverige\" \/>\n<meta property=\"article:modified_time\" content=\"2022-10-31T13:05:47+00:00\" \/>\n<meta property=\"og:image\" content=\"https:\/\/www.electroluxprofessional.com\/se\/wp-content\/uploads\/2022\/06\/EU8Q1359_LCM_banner_mobile.jpg\" \/>\n\t<meta property=\"og:image:width\" content=\"1125\" \/>\n\t<meta property=\"og:image:height\" content=\"1583\" \/>\n\t<meta property=\"og:image:type\" content=\"image\/jpeg\" \/>\n<meta name=\"twitter:card\" content=\"summary_large_image\" \/>\n<meta name=\"twitter:label1\" content=\"Ber\u00e4knad l\u00e4stid\" \/>\n\t<meta name=\"twitter:data1\" content=\"2 minuter\" \/>\n<script type=\"application\/ld+json\" class=\"yoast-schema-graph\">{\"@context\":\"https:\/\/schema.org\",\"@graph\":[{\"@type\":\"WebPage\",\"@id\":\"https:\/\/www.electroluxprofessional.com\/se\/sjukhus\/\",\"url\":\"https:\/\/www.electroluxprofessional.com\/se\/sjukhus\/\",\"name\":\"Sjukhus - Electrolux Professional Sverige\",\"isPartOf\":{\"@id\":\"https:\/\/www.electroluxprofessional.com\/se\/#website\"},\"primaryImageOfPage\":{\"@id\":\"https:\/\/www.electroluxprofessional.com\/se\/sjukhus\/#primaryimage\"},\"image\":{\"@id\":\"https:\/\/www.electroluxprofessional.com\/se\/sjukhus\/#primaryimage\"},\"thumbnailUrl\":\"https:\/\/www.electroluxprofessional.com\/se\/wp-content\/uploads\/2022\/06\/EU8Q1359_LCM_banner_mobile.jpg\",\"datePublished\":\"2022-06-08T12:55:38+00:00\",\"dateModified\":\"2022-10-31T13:05:47+00:00\",\"description\":\"How to prevent linen contamination across the healthcare sector in eight simple steps. An efficient care solution for you. A comfortable lifestyle for patients and guests.\",\"breadcrumb\":{\"@id\":\"https:\/\/www.electroluxprofessional.com\/se\/sjukhus\/#breadcrumb\"},\"inLanguage\":\"sv-SE\",\"potentialAction\":[{\"@type\":\"ReadAction\",\"target\":[\"https:\/\/www.electroluxprofessional.com\/se\/sjukhus\/\"]}]},{\"@type\":\"ImageObject\",\"inLanguage\":\"sv-SE\",\"@id\":\"https:\/\/www.electroluxprofessional.com\/se\/sjukhus\/#primaryimage\",\"url\":\"https:\/\/www.electroluxprofessional.com\/se\/wp-content\/uploads\/2022\/06\/EU8Q1359_LCM_banner_mobile.jpg\",\"contentUrl\":\"https:\/\/www.electroluxprofessional.com\/se\/wp-content\/uploads\/2022\/06\/EU8Q1359_LCM_banner_mobile.jpg\",\"width\":1125,\"height\":1583,\"caption\":\"EU8Q1359_LCM_banner_mobile\"},{\"@type\":\"BreadcrumbList\",\"@id\":\"https:\/\/www.electroluxprofessional.com\/se\/sjukhus\/#breadcrumb\",\"itemListElement\":[{\"@type\":\"ListItem\",\"position\":1,\"name\":\"Home\",\"item\":\"https:\/\/www.electroluxprofessional.com\/se\/\"},{\"@type\":\"ListItem\",\"position\":2,\"name\":\"Sjukhus\"}]},{\"@type\":\"WebSite\",\"@id\":\"https:\/\/www.electroluxprofessional.com\/se\/#website\",\"url\":\"https:\/\/www.electroluxprofessional.com\/se\/\",\"name\":\"Electrolux Professional Sverige\",\"description\":\"\",\"potentialAction\":[{\"@type\":\"SearchAction\",\"target\":{\"@type\":\"EntryPoint\",\"urlTemplate\":\"https:\/\/www.electroluxprofessional.com\/se\/?src={search_term_string}\"},\"query-input\":\"required name=search_term_string\"}],\"inLanguage\":\"sv-SE\"}]}<\/script>\n<!-- \/ Yoast SEO plugin. -->","yoast_head_json":{"title":"Sjukhus - Electrolux Professional Sverige","description":"How to prevent linen contamination across the healthcare sector in eight simple steps. An efficient care solution for you. A comfortable lifestyle for patients and guests.","robots":{"index":"index","follow":"follow","max-snippet":"max-snippet:-1","max-image-preview":"max-image-preview:large","max-video-preview":"max-video-preview:-1"},"canonical":"https:\/\/www.electroluxprofessional.com\/se\/sjukhus\/","og_locale":"sv_SE","og_type":"article","og_title":"Sjukhus - Electrolux Professional Sverige","og_description":"How to prevent linen contamination across the healthcare sector in eight simple steps. An efficient care solution for you. A comfortable lifestyle for patients and guests.","og_url":"https:\/\/www.electroluxprofessional.com\/se\/sjukhus\/","og_site_name":"Electrolux Professional Sverige","article_modified_time":"2022-10-31T13:05:47+00:00","og_image":[{"width":1125,"height":1583,"url":"https:\/\/www.electroluxprofessional.com\/se\/wp-content\/uploads\/2022\/06\/EU8Q1359_LCM_banner_mobile.jpg","type":"image\/jpeg"}],"twitter_card":"summary_large_image","twitter_misc":{"Ber\u00e4knad l\u00e4stid":"2 minuter"},"schema":{"@context":"https:\/\/schema.org","@graph":[{"@type":"WebPage","@id":"https:\/\/www.electroluxprofessional.com\/se\/sjukhus\/","url":"https:\/\/www.electroluxprofessional.com\/se\/sjukhus\/","name":"Sjukhus - Electrolux Professional Sverige","isPartOf":{"@id":"https:\/\/www.electroluxprofessional.com\/se\/#website"},"primaryImageOfPage":{"@id":"https:\/\/www.electroluxprofessional.com\/se\/sjukhus\/#primaryimage"},"image":{"@id":"https:\/\/www.electroluxprofessional.com\/se\/sjukhus\/#primaryimage"},"thumbnailUrl":"https:\/\/www.electroluxprofessional.com\/se\/wp-content\/uploads\/2022\/06\/EU8Q1359_LCM_banner_mobile.jpg","datePublished":"2022-06-08T12:55:38+00:00","dateModified":"2022-10-31T13:05:47+00:00","description":"How to prevent linen contamination across the healthcare sector in eight simple steps. An efficient care solution for you. A comfortable lifestyle for patients and guests.","breadcrumb":{"@id":"https:\/\/www.electroluxprofessional.com\/se\/sjukhus\/#breadcrumb"},"inLanguage":"sv-SE","potentialAction":[{"@type":"ReadAction","target":["https:\/\/www.electroluxprofessional.com\/se\/sjukhus\/"]}]},{"@type":"ImageObject","inLanguage":"sv-SE","@id":"https:\/\/www.electroluxprofessional.com\/se\/sjukhus\/#primaryimage","url":"https:\/\/www.electroluxprofessional.com\/se\/wp-content\/uploads\/2022\/06\/EU8Q1359_LCM_banner_mobile.jpg","contentUrl":"https:\/\/www.electroluxprofessional.com\/se\/wp-content\/uploads\/2022\/06\/EU8Q1359_LCM_banner_mobile.jpg","width":1125,"height":1583,"caption":"EU8Q1359_LCM_banner_mobile"},{"@type":"BreadcrumbList","@id":"https:\/\/www.electroluxprofessional.com\/se\/sjukhus\/#breadcrumb","itemListElement":[{"@type":"ListItem","position":1,"name":"Home","item":"https:\/\/www.electroluxprofessional.com\/se\/"},{"@type":"ListItem","position":2,"name":"Sjukhus"}]},{"@type":"WebSite","@id":"https:\/\/www.electroluxprofessional.com\/se\/#website","url":"https:\/\/www.electroluxprofessional.com\/se\/","name":"Electrolux Professional Sverige","description":"","potentialAction":[{"@type":"SearchAction","target":{"@type":"EntryPoint","urlTemplate":"https:\/\/www.electroluxprofessional.com\/se\/?src={search_term_string}"},"query-input":"required name=search_term_string"}],"inLanguage":"sv-SE"}]}},"_links":{"self":[{"href":"https:\/\/www.electroluxprofessional.com\/se\/wp-json\/wp\/v2\/pages\/19547"}],"collection":[{"href":"https:\/\/www.electroluxprofessional.com\/se\/wp-json\/wp\/v2\/pages"}],"about":[{"href":"https:\/\/www.electroluxprofessional.com\/se\/wp-json\/wp\/v2\/types\/page"}],"author":[{"embeddable":true,"href":"https:\/\/www.electroluxprofessional.com\/se\/wp-json\/wp\/v2\/users\/174"}],"replies":[{"embeddable":true,"href":"https:\/\/www.electroluxprofessional.com\/se\/wp-json\/wp\/v2\/comments?post=19547"}],"version-history":[{"count":17,"href":"https:\/\/www.electroluxprofessional.com\/se\/wp-json\/wp\/v2\/pages\/19547\/revisions"}],"predecessor-version":[{"id":20469,"href":"https:\/\/www.electroluxprofessional.com\/se\/wp-json\/wp\/v2\/pages\/19547\/revisions\/20469"}],"wp:featuredmedia":[{"embeddable":true,"href":"https:\/\/www.electroluxprofessional.com\/se\/wp-json\/wp\/v2\/media\/19543"}],"wp:attachment":[{"href":"https:\/\/www.electroluxprofessional.com\/se\/wp-json\/wp\/v2\/media?parent=19547"}],"curies":[{"name":"wp","href":"https:\/\/api.w.org\/{rel}","templated":true}]}}