{"id":17641,"date":"2021-12-01T13:49:12","date_gmt":"2021-12-01T11:49:12","guid":{"rendered":"https:\/\/www.electroluxprofessional.com\/?page_id=37146"},"modified":"2022-02-18T10:52:21","modified_gmt":"2022-02-18T09:52:21","slug":"flexy-style","status":"publish","type":"page","link":"https:\/\/www.electroluxprofessional.com\/se\/flexy-style\/","title":{"rendered":"Flexy Style"},"content":{"rendered":"<p>[vc_row full_width=&#8221;electroluxpro-full-width-no-padding&#8221;][vc_column][elx_image_block background_image=&#8221;17622&#8243; minimum_height=&#8221;400px&#8221;][\/vc_column][\/vc_row][vc_row][vc_column][vc_empty_space][elx_heading font_container=&#8221;h1&#8243; text_color=&#8221;electrolux-blue&#8221; text_align=&#8221;text-center&#8221;]Flexy Style[\/elx_heading][vc_empty_space height=&#8221;50px&#8221;][\/vc_column][\/vc_row][vc_row][vc_column][vc_single_image image=&#8221;17623&#8243; img_size=&#8221;full&#8221; alignment=&#8221;center&#8221;][vc_empty_space][vc_column_text]Flexy Style \u00e4r en modern och station\u00e4r serveringslinje som kan <span class=\"JLqJ4b ChMk0b\" data-language-for-alternatives=\"sv\" data-language-to-translate-into=\"en\" data-phrase-index=\"0\" data-number-of-phrases=\"3\">skr\u00e4ddarsys helt efter dina \u00f6nskem\u00e5l.<\/span>\u00a0Med sin stilrena, minimalistiska design och m\u00e5nga funktionaliteter \u00e4r den p<span class=\"JLqJ4b ChMk0b\" data-language-for-alternatives=\"sv\" data-language-to-translate-into=\"en\" data-phrase-index=\"0\" data-number-of-phrases=\"3\">erfekt f\u00f6r verksamheter som s\u00f6ker en premium serveringsl\u00f6sning, s\u00e5 som hotell, buff\u00e9restauranger eller kryssningsfartyg.<\/span>[\/vc_column_text][vc_empty_space][elx_download_block text=&#8221;Se broschyren f\u00f6r Flexy Style serveringslinje&#8221; file_picker=&#8221;17795&#8243; background_color=&#8221;electrolux-blue&#8221;][\/vc_column][\/vc_row][vc_row][vc_column][vc_empty_space][vc_empty_space][\/vc_column][\/vc_row][vc_row][vc_column width=&#8221;1\/3&#8243;][vc_column_text]<strong>Drop-in enheter<\/strong><\/p>\n<p><span class=\"Y2IQFc\" lang=\"sv\">V\u00e4lj sj\u00e4lva vilka drop-in-enheter som ska anv\u00e4ndas. <\/span><span class=\"Y2IQFc\" lang=\"sv\">Drop-in enheterna \u00e4r helt i niv\u00e5 med b\u00e4nkskivan vilket b\u00e5de \u00e4r estetiskt tilltalande och hygieniskt.<\/span>[\/vc_column_text][vc_empty_space][vc_single_image image=&#8221;17624&#8243; img_size=&#8221;large&#8221; alignment=&#8221;center&#8221;][vc_empty_space][\/vc_column][vc_column width=&#8221;1\/3&#8243;][vc_column_text]<b>Optimal exponering<\/b><\/p>\n<p><span class=\"Y2IQFc\" lang=\"sv\">Tacke vare LED-belsyning kan du lysa upp och framh\u00e4va matens f\u00e4rger, vilket g\u00f6r den \u00e4nnu mer inbjudande f\u00f6r dina g\u00e4ster.\u00a0<\/span>[\/vc_column_text][vc_empty_space][vc_single_image image=&#8221;17744&#8243; img_size=&#8221;large&#8221; alignment=&#8221;center&#8221;][vc_empty_space][vc_empty_space][\/vc_column][vc_column width=&#8221;1\/3&#8243;][vc_column_text]<strong>Praktiska \u00f6verhyllor<\/strong><\/p>\n<p><span class=\"Y2IQFc\" lang=\"sv\">Linj\u00e4ra, minimala \u00f6verhyllor i glas och rostfritt st\u00e5l, utan clips eller sammankopplade element vilket underl\u00e4ttar reng\u00f6ring.\u00a0<\/span>[\/vc_column_text][vc_empty_space][vc_single_image image=&#8221;17626&#8243; img_size=&#8221;large&#8221; alignment=&#8221;center&#8221;][vc_empty_space][vc_empty_space][vc_empty_space][\/vc_column][\/vc_row][vc_row][vc_column width=&#8221;1\/2&#8243;][vc_column_text]<strong>B\u00e4nkskiva f\u00f6r tuffa tag<\/strong><\/p>\n<p>Flexys b\u00e4nkskivor \u00e4r i kvarts vilket inneb\u00e4r att de \u00e4r enormt slitstarka och t\u00e5l st\u00f6tar, repor och fukt. Kvarts \u00e4r dessutom ett utm\u00e4rkt material ur hygiensynpunkt d\u00e5 dess yta \u00e4r porfri och bakterier d\u00e4rmed inte kan fasta och frodas.[\/vc_column_text][vc_empty_space height=&#8221;22px&#8221;][vc_single_image image=&#8221;17750&#8243; img_size=&#8221;full&#8221;][\/vc_column][vc_column width=&#8221;1\/2&#8243;][vc_empty_space height=&#8221;12px&#8221;][vc_single_image image=&#8221;17749&#8243; img_size=&#8221;large&#8221;][\/vc_column][\/vc_row][vc_row][vc_column][vc_empty_space height=&#8221;50px&#8221;][\/vc_column][\/vc_row][vc_row css=&#8221;.vc_custom_1636449864931{background-color: #f2f2f2 !important;}&#8221;][vc_column][vc_empty_space height=&#8221;50px&#8221;][vc_row_inner][vc_column_inner width=&#8221;1\/3&#8243;][vc_column_text]<\/p>\n<h2>Exklusivt intryck<\/h2>\n<p>[\/vc_column_text][\/vc_column_inner][vc_column_inner width=&#8221;2\/3&#8243;][vc_column_text]<span class=\"Y2IQFc\" lang=\"sv\">F\u00f6rutom den LED-belysning som \u00e4r placerad under brickbanan och framh\u00e4ver matens f\u00e4rger, finns belysning \u00e4ven runt panelen och i tallrikshyllorna. Denna dekorativa belysning f\u00f6rh\u00f6jer serveringslinjens stilrena design och ger ett exklusivt intryck.<\/span>[\/vc_column_text][vc_empty_space height=&#8221;22px&#8221;][\/vc_column_inner][\/vc_row_inner][vc_row_inner][vc_column_inner width=&#8221;1\/3&#8243;][vc_single_image image=&#8221;17631&#8243; img_size=&#8221;full&#8221;][vc_empty_space][\/vc_column_inner][vc_column_inner width=&#8221;1\/3&#8243;][vc_single_image image=&#8221;17632&#8243; img_size=&#8221;full&#8221;][vc_empty_space][\/vc_column_inner][vc_column_inner width=&#8221;1\/3&#8243;][vc_single_image image=&#8221;17633&#8243; img_size=&#8221;full&#8221;][vc_empty_space][\/vc_column_inner][\/vc_row_inner][vc_empty_space height=&#8221;50px&#8221;][\/vc_column][\/vc_row][vc_row css=&#8221;.vc_custom_1636449864931{background-color: #f2f2f2 !important;}&#8221;][vc_column][vc_empty_space height=&#8221;50px&#8221;][\/vc_column][\/vc_row][vc_row][vc_column][vc_empty_space height=&#8221;50px&#8221;][elx_heading text_color=&#8221;inherit&#8221; text_align=&#8221;text-center&#8221;]Flexy Drop-in funktioner[\/elx_heading][vc_empty_space][elx_image_block background_image=&#8221;17707&#8243; minimum_height=&#8221;400px&#8221;][vc_empty_space][vc_column_text]<\/p>\n<p style=\"text-align: left;\">Komplettera din Flexy Style serveringsl\u00f6sning med drop-in funktioner f\u00f6r varm- och kall servering. Uppt\u00e4ck v\u00e5rt stora utbud av l\u00f6sningar som enkelt placeras i serveringsenheten.<\/p>\n<p>[\/vc_column_text][vc_empty_space][elx_button button_text=&#8221;Uppt\u00e4ck mer h\u00e4r om Flexy Style drop-in enheter&#8221; button_display_block=&#8221;display_block_on&#8221; button_alignment=&#8221;align_center&#8221; button_link=&#8221;url:https%3A%2F%2Fwww.electroluxprofessional.com%2Fse%2Fflexy-drop-in%2F|||&#8221;][vc_empty_space height=&#8221;50px&#8221;][elx_heading font_size=&#8221;h3&#8243; text_color=&#8221;inherit&#8221; text_align=&#8221;text-center&#8221;]F\u00f6r att f\u00e5 en skr\u00e4ddarsytt f\u00f6rslag och offert p\u00e5 Flexy Style serveringsl\u00f6sning kontaktar du din n\u00e4rmsta Electrolux Professional \u00e5terf\u00f6rs\u00e4ljare.[\/elx_heading][vc_empty_space height=&#8221;50px&#8221;][elx_button button_text=&#8221;HITTA N\u00c4RMSTA \u00c5TERF\u00d6RS\u00c4LJARE&#8221; button_display_block=&#8221;display_block_on&#8221; button_alignment=&#8221;align_center&#8221; button_link=&#8221;url:https%3A%2F%2Fwww.electroluxprofessional.com%2Fse%2Fsales-service-locator%2F|title:N%C3%A4rmsta%20%C3%A5terf%C3%B6rs%C3%A4ljare||&#8221;][vc_empty_space height=&#8221;50px&#8221;][vc_empty_space height=&#8221;50px&#8221;][\/vc_column][\/vc_row][vc_row][vc_column][elx_heading font_size=&#8221;h3&#8243; text_color=&#8221;inherit&#8221; text_align=&#8221;text-center&#8221;]Fr\u00e5gor om Flexy Style? Kontakta oss![\/elx_heading][vc_empty_space][elx_o2000_contact_us r=&#8221;Jag vill veta mer om hur Flexy Style kan skr\u00e4ddarsys efter min verksamhet.&#8221; s=&#8221;Flexy Style&#8221; country=&#8221;Sweden&#8221; b=&#8221;food&#8221; container=&#8221;elxcontactus1479284563&#8243;][vc_empty_space height=&#8221;50px&#8221;][\/vc_column][\/vc_row]<\/p>\n","protected":false},"excerpt":{"rendered":"<p>[vc_row full_width=&#8221;electroluxpro-full-width-no-padding&#8221;][vc_column][elx_image_block background_image=&#8221;17622&#8243; minimum_height=&#8221;400px&#8221;][\/vc_column][\/vc_row][vc_row][vc_column][vc_empty_space][elx_heading font_container=&#8221;h1&#8243; text_color=&#8221;electrolux-blue&#8221; text_align=&#8221;text-center&#8221;]Flexy Style[\/elx_heading][vc_empty_space height=&#8221;50px&#8221;][\/vc_column][\/vc_row][vc_row][vc_column][vc_single_image image=&#8221;17623&#8243; img_size=&#8221;full&#8221; alignment=&#8221;center&#8221;][vc_empty_space][vc_column_text]Flexy Style \u00e4r en modern och station\u00e4r serveringslinje som kan skr\u00e4ddarsys helt efter dina \u00f6nskem\u00e5l.\u00a0Med sin stilrena, minimalistiska design och m\u00e5nga funktionaliteter \u00e4r den perfekt f\u00f6r verksamheter som s\u00f6ker en premium serveringsl\u00f6sning, s\u00e5 som hotell, buff\u00e9restauranger eller kryssningsfartyg.[\/vc_column_text][vc_empty_space][elx_download_block text=&#8221;Se broschyren f\u00f6r Flexy Style serveringslinje&#8221; [&hellip;]<\/p>\n","protected":false},"author":242,"featured_media":17622,"parent":0,"menu_order":0,"comment_status":"closed","ping_status":"closed","template":"","meta":{"footnotes":""},"class_list":["post-17641","page","type-page","status-publish","has-post-thumbnail","hentry"],"acf":[],"yoast_head":"<!-- This site is optimized with the Yoast SEO plugin v23.3 - https:\/\/yoast.com\/wordpress\/plugins\/seo\/ -->\n<title>Flexy Style - Electrolux Professional Sverige<\/title>\n<meta name=\"description\" content=\"Modern och stilren serveringslinje f\u00f6r verksamheter som s\u00f6ker en premium serveringsl\u00f6sning. Kan skr\u00e4ddarsys helt efter behov och \u00f6nskem\u00e5l.\" \/>\n<meta name=\"robots\" content=\"index, follow, max-snippet:-1, max-image-preview:large, max-video-preview:-1\" \/>\n<link rel=\"canonical\" href=\"https:\/\/www.electroluxprofessional.com\/se\/flexy-style\/\" \/>\n<meta property=\"og:locale\" content=\"sv_SE\" \/>\n<meta property=\"og:type\" content=\"article\" \/>\n<meta property=\"og:title\" content=\"Flexy Style - Electrolux Professional Sverige\" \/>\n<meta property=\"og:description\" content=\"Modern och stilren serveringslinje f\u00f6r verksamheter som s\u00f6ker en premium serveringsl\u00f6sning. Kan skr\u00e4ddarsys helt efter behov och \u00f6nskem\u00e5l.\" \/>\n<meta property=\"og:url\" content=\"https:\/\/www.electroluxprofessional.com\/se\/flexy-style\/\" \/>\n<meta property=\"og:site_name\" content=\"Electrolux Professional Sverige\" \/>\n<meta property=\"article:modified_time\" content=\"2022-02-18T09:52:21+00:00\" \/>\n<meta property=\"og:image\" content=\"https:\/\/www.electroluxprofessional.com\/se\/wp-content\/uploads\/2021\/11\/EPR-Flexy-Style-Luxury-Hotel.jpg\" \/>\n\t<meta property=\"og:image:width\" content=\"2000\" \/>\n\t<meta property=\"og:image:height\" content=\"702\" \/>\n\t<meta property=\"og:image:type\" content=\"image\/jpeg\" \/>\n<meta name=\"twitter:card\" content=\"summary_large_image\" \/>\n<meta name=\"twitter:label1\" content=\"Ber\u00e4knad l\u00e4stid\" \/>\n\t<meta name=\"twitter:data1\" content=\"4 minuter\" \/>\n<script type=\"application\/ld+json\" class=\"yoast-schema-graph\">{\"@context\":\"https:\/\/schema.org\",\"@graph\":[{\"@type\":\"WebPage\",\"@id\":\"https:\/\/www.electroluxprofessional.com\/se\/flexy-style\/\",\"url\":\"https:\/\/www.electroluxprofessional.com\/se\/flexy-style\/\",\"name\":\"Flexy Style - Electrolux Professional Sverige\",\"isPartOf\":{\"@id\":\"https:\/\/www.electroluxprofessional.com\/se\/#website\"},\"primaryImageOfPage\":{\"@id\":\"https:\/\/www.electroluxprofessional.com\/se\/flexy-style\/#primaryimage\"},\"image\":{\"@id\":\"https:\/\/www.electroluxprofessional.com\/se\/flexy-style\/#primaryimage\"},\"thumbnailUrl\":\"https:\/\/www.electroluxprofessional.com\/se\/wp-content\/uploads\/2021\/11\/EPR-Flexy-Style-Luxury-Hotel.jpg\",\"datePublished\":\"2021-12-01T11:49:12+00:00\",\"dateModified\":\"2022-02-18T09:52:21+00:00\",\"description\":\"Modern och stilren serveringslinje f\u00f6r verksamheter som s\u00f6ker en premium serveringsl\u00f6sning. Kan skr\u00e4ddarsys helt efter behov och \u00f6nskem\u00e5l.\",\"breadcrumb\":{\"@id\":\"https:\/\/www.electroluxprofessional.com\/se\/flexy-style\/#breadcrumb\"},\"inLanguage\":\"sv-SE\",\"potentialAction\":[{\"@type\":\"ReadAction\",\"target\":[\"https:\/\/www.electroluxprofessional.com\/se\/flexy-style\/\"]}]},{\"@type\":\"ImageObject\",\"inLanguage\":\"sv-SE\",\"@id\":\"https:\/\/www.electroluxprofessional.com\/se\/flexy-style\/#primaryimage\",\"url\":\"https:\/\/www.electroluxprofessional.com\/se\/wp-content\/uploads\/2021\/11\/EPR-Flexy-Style-Luxury-Hotel.jpg\",\"contentUrl\":\"https:\/\/www.electroluxprofessional.com\/se\/wp-content\/uploads\/2021\/11\/EPR-Flexy-Style-Luxury-Hotel.jpg\",\"width\":2000,\"height\":702,\"caption\":\"EPR-Flexy Style-Luxury Hotel\"},{\"@type\":\"BreadcrumbList\",\"@id\":\"https:\/\/www.electroluxprofessional.com\/se\/flexy-style\/#breadcrumb\",\"itemListElement\":[{\"@type\":\"ListItem\",\"position\":1,\"name\":\"Home\",\"item\":\"https:\/\/www.electroluxprofessional.com\/se\/\"},{\"@type\":\"ListItem\",\"position\":2,\"name\":\"Flexy Style\"}]},{\"@type\":\"WebSite\",\"@id\":\"https:\/\/www.electroluxprofessional.com\/se\/#website\",\"url\":\"https:\/\/www.electroluxprofessional.com\/se\/\",\"name\":\"Electrolux Professional Sverige\",\"description\":\"\",\"potentialAction\":[{\"@type\":\"SearchAction\",\"target\":{\"@type\":\"EntryPoint\",\"urlTemplate\":\"https:\/\/www.electroluxprofessional.com\/se\/?src={search_term_string}\"},\"query-input\":\"required name=search_term_string\"}],\"inLanguage\":\"sv-SE\"}]}<\/script>\n<!-- \/ Yoast SEO plugin. -->","yoast_head_json":{"title":"Flexy Style - Electrolux Professional Sverige","description":"Modern och stilren serveringslinje f\u00f6r verksamheter som s\u00f6ker en premium serveringsl\u00f6sning. Kan skr\u00e4ddarsys helt efter behov och \u00f6nskem\u00e5l.","robots":{"index":"index","follow":"follow","max-snippet":"max-snippet:-1","max-image-preview":"max-image-preview:large","max-video-preview":"max-video-preview:-1"},"canonical":"https:\/\/www.electroluxprofessional.com\/se\/flexy-style\/","og_locale":"sv_SE","og_type":"article","og_title":"Flexy Style - Electrolux Professional Sverige","og_description":"Modern och stilren serveringslinje f\u00f6r verksamheter som s\u00f6ker en premium serveringsl\u00f6sning. Kan skr\u00e4ddarsys helt efter behov och \u00f6nskem\u00e5l.","og_url":"https:\/\/www.electroluxprofessional.com\/se\/flexy-style\/","og_site_name":"Electrolux Professional Sverige","article_modified_time":"2022-02-18T09:52:21+00:00","og_image":[{"width":2000,"height":702,"url":"https:\/\/www.electroluxprofessional.com\/se\/wp-content\/uploads\/2021\/11\/EPR-Flexy-Style-Luxury-Hotel.jpg","type":"image\/jpeg"}],"twitter_card":"summary_large_image","twitter_misc":{"Ber\u00e4knad l\u00e4stid":"4 minuter"},"schema":{"@context":"https:\/\/schema.org","@graph":[{"@type":"WebPage","@id":"https:\/\/www.electroluxprofessional.com\/se\/flexy-style\/","url":"https:\/\/www.electroluxprofessional.com\/se\/flexy-style\/","name":"Flexy Style - Electrolux Professional Sverige","isPartOf":{"@id":"https:\/\/www.electroluxprofessional.com\/se\/#website"},"primaryImageOfPage":{"@id":"https:\/\/www.electroluxprofessional.com\/se\/flexy-style\/#primaryimage"},"image":{"@id":"https:\/\/www.electroluxprofessional.com\/se\/flexy-style\/#primaryimage"},"thumbnailUrl":"https:\/\/www.electroluxprofessional.com\/se\/wp-content\/uploads\/2021\/11\/EPR-Flexy-Style-Luxury-Hotel.jpg","datePublished":"2021-12-01T11:49:12+00:00","dateModified":"2022-02-18T09:52:21+00:00","description":"Modern och stilren serveringslinje f\u00f6r verksamheter som s\u00f6ker en premium serveringsl\u00f6sning. Kan skr\u00e4ddarsys helt efter behov och \u00f6nskem\u00e5l.","breadcrumb":{"@id":"https:\/\/www.electroluxprofessional.com\/se\/flexy-style\/#breadcrumb"},"inLanguage":"sv-SE","potentialAction":[{"@type":"ReadAction","target":["https:\/\/www.electroluxprofessional.com\/se\/flexy-style\/"]}]},{"@type":"ImageObject","inLanguage":"sv-SE","@id":"https:\/\/www.electroluxprofessional.com\/se\/flexy-style\/#primaryimage","url":"https:\/\/www.electroluxprofessional.com\/se\/wp-content\/uploads\/2021\/11\/EPR-Flexy-Style-Luxury-Hotel.jpg","contentUrl":"https:\/\/www.electroluxprofessional.com\/se\/wp-content\/uploads\/2021\/11\/EPR-Flexy-Style-Luxury-Hotel.jpg","width":2000,"height":702,"caption":"EPR-Flexy Style-Luxury Hotel"},{"@type":"BreadcrumbList","@id":"https:\/\/www.electroluxprofessional.com\/se\/flexy-style\/#breadcrumb","itemListElement":[{"@type":"ListItem","position":1,"name":"Home","item":"https:\/\/www.electroluxprofessional.com\/se\/"},{"@type":"ListItem","position":2,"name":"Flexy Style"}]},{"@type":"WebSite","@id":"https:\/\/www.electroluxprofessional.com\/se\/#website","url":"https:\/\/www.electroluxprofessional.com\/se\/","name":"Electrolux Professional Sverige","description":"","potentialAction":[{"@type":"SearchAction","target":{"@type":"EntryPoint","urlTemplate":"https:\/\/www.electroluxprofessional.com\/se\/?src={search_term_string}"},"query-input":"required name=search_term_string"}],"inLanguage":"sv-SE"}]}},"_links":{"self":[{"href":"https:\/\/www.electroluxprofessional.com\/se\/wp-json\/wp\/v2\/pages\/17641"}],"collection":[{"href":"https:\/\/www.electroluxprofessional.com\/se\/wp-json\/wp\/v2\/pages"}],"about":[{"href":"https:\/\/www.electroluxprofessional.com\/se\/wp-json\/wp\/v2\/types\/page"}],"author":[{"embeddable":true,"href":"https:\/\/www.electroluxprofessional.com\/se\/wp-json\/wp\/v2\/users\/242"}],"replies":[{"embeddable":true,"href":"https:\/\/www.electroluxprofessional.com\/se\/wp-json\/wp\/v2\/comments?post=17641"}],"version-history":[{"count":22,"href":"https:\/\/www.electroluxprofessional.com\/se\/wp-json\/wp\/v2\/pages\/17641\/revisions"}],"predecessor-version":[{"id":17833,"href":"https:\/\/www.electroluxprofessional.com\/se\/wp-json\/wp\/v2\/pages\/17641\/revisions\/17833"}],"wp:featuredmedia":[{"embeddable":true,"href":"https:\/\/www.electroluxprofessional.com\/se\/wp-json\/wp\/v2\/media\/17622"}],"wp:attachment":[{"href":"https:\/\/www.electroluxprofessional.com\/se\/wp-json\/wp\/v2\/media?parent=17641"}],"curies":[{"name":"wp","href":"https:\/\/api.w.org\/{rel}","templated":true}]}}