{"id":16925,"date":"2021-11-14T23:41:45","date_gmt":"2021-11-14T22:41:45","guid":{"rendered":"https:\/\/www.electroluxprofessional.com\/se\/?page_id=16925"},"modified":"2025-02-17T14:14:05","modified_gmt":"2025-02-17T13:14:05","slug":"mopptvattmaskin","status":"publish","type":"page","link":"https:\/\/www.electroluxprofessional.com\/se\/tvatt\/mopptvattmaskin\/","title":{"rendered":"Mopptv\u00e4ttmaskin"},"content":{"rendered":"<p>[vc_row full_width=&#8221;electroluxpro-full-width-no-padding&#8221;][vc_column][elx_full_banner title=&#8221;Smart mopptv\u00e4ttmaskin \u2013 \u00f6verl\u00e4gset tv\u00e4ttresultat&#8221; set_as_h1=&#8221;true&#8221; link=&#8221;url:%23kontakta|title:Boka%20en%20demo&#8221; background_image_media_library=&#8221;16933&#8243; background_image_media_library_mobile=&#8221;16932&#8243;][vc_empty_space][\/vc_column][\/vc_row][vc_row][vc_column][vc_empty_space][vc_column_text]<\/p>\n<h2>Spara tid och pengar<\/h2>\n<p>Uppn\u00e5 h\u00f6gsta m\u00f6jliga hygienstandard f\u00f6r er verksamhet samtidigt som ni sparar b\u00e5de tid och pengar. B\u00e4ttre arbetsmilj\u00f6 och mer tid \u00f6ver f\u00f6r st\u00e4dning f\u00e5r ni p\u00e5 k\u00f6pet.<\/p>\n<p>Professionell st\u00e4dning och golvreng\u00f6ring av sjukhus, v\u00e5rdinr\u00e4ttningar, fastigheter, arbetsplatser och skolor \u00e4r ofta personalintensivt. N\u00e4r det g\u00e4ller reng\u00f6ring av moppar har vi utvecklat optimerade l\u00f6sningar som underl\u00e4ttar er tv\u00e4ttprocess avsev\u00e4rt inom st\u00e4dservice. Resultatet med en mopptv\u00e4ttmaskin \u00e4r h\u00f6gre effektivitet och hygieniska moppar till en imponerande l\u00e5g kostnad.[\/vc_column_text][vc_empty_space][elx_button button_text=&#8221;Kontakta oss f\u00f6r r\u00e5dgivning&#8221; button_link=&#8221;url:%23kontakta|||&#8221;][vc_empty_space][\/vc_column][\/vc_row][vc_row full_width=&#8221;electroluxpro-full-width-no-padding&#8221;][vc_column][vc_empty_space][\/vc_column][\/vc_row][vc_row disable_element=&#8221;yes&#8221; matched_labels=&#8221;&#8221; css=&#8221;.vc_custom_1739797881701{background-color: #14133b !important;}&#8221;][vc_column][vc_row_inner][vc_column_inner][vc_empty_space][vc_column_text css=&#8221;.vc_custom_1636963396645{margin-right: 10px !important;margin-left: 10px !important;}&#8221;]<\/p>\n<p style=\"text-align: center;\"><strong><span style=\"color: #ffffff;\">I kampen mot osynliga fiender \u00e4r en mopptv\u00e4ttmaskin fr\u00e5n Electrolux Professional det perfekta verktyget \u2013 utrustat med specialv\u00e4rmeelement, mjukt formad trumma, elektrisk dr\u00e4neringsventil och f\u00f6rpreparerade moppar som ger en effektivare tv\u00e4ttprocess med h\u00f6gsta m\u00f6jliga hygienstandard som slutresultat.<\/span><\/strong><\/p>\n<p>[\/vc_column_text][vc_empty_space][\/vc_column_inner][\/vc_row_inner][\/vc_column][\/vc_row][vc_row matched_labels=&#8221;&#8221; css=&#8221;.vc_custom_1739797900344{background-color: #eeeeee !important;}&#8221;][vc_column][vc_row_inner][vc_column_inner][vc_empty_space][vc_column_text css=&#8221;.vc_custom_1739798001317{margin-right: 10px !important;margin-left: 10px !important;}&#8221;]<\/p>\n<p style=\"text-align: center;\"><strong><span style=\"color: #14133b;\">I kampen mot osynliga fiender \u00e4r en mopptv\u00e4ttmaskin fr\u00e5n Electrolux Professional det perfekta verktyget \u2013 utrustat med specialv\u00e4rmeelement, mjukt formad trumma, elektrisk dr\u00e4neringsventil och f\u00f6rpreparerade moppar som ger en effektivare tv\u00e4ttprocess med h\u00f6gsta m\u00f6jliga hygienstandard som slutresultat.<\/span><\/strong><\/p>\n<p>[\/vc_column_text][vc_empty_space][\/vc_column_inner][\/vc_row_inner][\/vc_column][\/vc_row][vc_row][vc_column][vc_empty_space][\/vc_column][\/vc_row][vc_row full_width=&#8221;electroluxpro-container-no-padding&#8221; equal_height=&#8221;yes&#8221;][vc_column width=&#8221;1\/2&#8243; css=&#8221;.vc_custom_1729857591314{padding-top: 20px !important;padding-right: 20px !important;padding-bottom: 20px !important;background-color: #14133b !important;}&#8221;][vc_row_inner css=&#8221;.vc_custom_1729857570622{padding-left: 20px !important;}&#8221;][vc_column_inner css=&#8221;.vc_custom_1729857532185{padding-bottom: 35px !important;}&#8221;][elx_heading font_size=&#8221;h2&#8243; text_color=&#8221;white&#8221; text_align=&#8221;text-center&#8221;]Tv\u00e4tt\u00e4kta fakta om v\u00e5r mopptv\u00e4ttmaskin[\/elx_heading][vc_empty_space height=&#8221;16px&#8221;][vc_column_text]<span style=\"font-weight: 400; color: #ffffff;\">&#8211; Specialdesignad trumma med mjukt f\u00f6rs\u00e4nkta h\u00e5l f\u00f6r en mer skonsam tv\u00e4tt, vilket ger mopparna mycket l\u00e4ngre livsl\u00e4ngd<\/span><\/p>\n<p><span style=\"font-weight: 400; color: #ffffff;\">&#8211; De f\u00f6rs\u00e4nkta h\u00e5len g\u00f6r att smutsen l\u00e4mnar trumman effektivt och h\u00e5ller vattnet rent hela tiden<\/span><\/p>\n<p><span style=\"font-weight: 400; color: #ffffff;\">&#8211; F\u00f6rstklassigt tv\u00e4ttresultat ger l\u00e4gre kostnader och maximalt skydd mot spridning av mikroorganismer<\/span><\/p>\n<p><span style=\"font-weight: 400; color: #ffffff;\">&#8211; Mopparna f\u00e5r en \u00f6verl\u00e4gsen f\u00f6rm\u00e5ga att binda smuts, damm och mikropartiklar<\/span><\/p>\n<p><span style=\"font-weight: 400; color: #ffffff;\">&#8211; Effektiv tv\u00e4tt med elektrisk ventil f\u00f6r snabb dr\u00e4nering<\/span><\/p>\n<p><span style=\"font-weight: 400; color: #ffffff;\">&#8211; Lagom fuktade moppar preparerade och st\u00e4dklara direkt n\u00e4r maskinen \u00e4r klar<\/span><\/p>\n<p><span style=\"font-weight: 400; color: #ffffff;\">&#8211; Anpassade program, valbar centrifugeringstid och inbyggd timer<\/span><\/p>\n<p><span style=\"font-weight: 400; color: #ffffff;\">&#8211; Exakt dosering hindrar \u00f6verdosering och \u00f6kar livsl\u00e4ngden p\u00e5 textil och moppar<\/span><\/p>\n<p>[\/vc_column_text][\/vc_column_inner][\/vc_row_inner][vc_empty_space][\/vc_column][vc_column width=&#8221;1\/2&#8243; css=&#8221;.vc_custom_1636965706584{background-color: #14133b !important;}&#8221;][elx_image_block background_image=&#8221;16937&#8243;][\/vc_column][\/vc_row][vc_row][vc_column width=&#8221;1\/2&#8243;][vc_empty_space][vc_single_image image=&#8221;16949&#8243; img_size=&#8221;555&#215;450&#8243;][vc_empty_space][\/vc_column][vc_column width=&#8221;1\/2&#8243;][vc_empty_space][elx_heading font_size=&#8221;h2&#8243; text_color=&#8221;inherit&#8221; text_align=&#8221;text-left&#8221;]Minskade kostnader \u2013 \u00f6kad arbetsgl\u00e4dje![\/elx_heading][vc_column_text]<span style=\"font-weight: 400;\">Daglig st\u00e4dning med de preparerade mopparna \u00e4r \u00f6verl\u00e4gsen n\u00e4r det g\u00e4ller att binda smuts, damm och mikropartiklar. Dessa v\u00e4rdefulla minuter ger en besparing f\u00f6r hygienst\u00e4dning p\u00e5 m\u00e5nga tusenlappar per m\u00e5nad. F\u00f6r att inte tala om en klart f\u00f6rb\u00e4ttrad ergonomi och trevligare arbetsf\u00f6rh\u00e5llanden f\u00f6r alla som utf\u00f6r st\u00e4darbetet.<\/span>[\/vc_column_text][\/vc_column][\/vc_row][vc_row][vc_column][vc_empty_space][\/vc_column][\/vc_row][vc_row][vc_column][vc_row_inner][vc_column_inner width=&#8221;1\/2&#8243;][elx_heading font_size=&#8221;h2&#8243; text_color=&#8221;inherit&#8221; text_align=&#8221;text-left&#8221;]Var smart \u2013 jobba med Rationell Golvst\u00e4dning![\/elx_heading][vc_column_text]<span style=\"font-weight: 400;\">Hj\u00e4rtat i Rationell Golvst\u00e4dning \u00e4r specialdesignade mopptv\u00e4ttmaskiner med automatisk dosering av reng\u00f6ringsmedel. Maskinerna \u00e4r utrustade med specialprogram f\u00f6r tv\u00e4tt av moppar \u2013 vilket g\u00f6r mopparna lagom fuktade och redo f\u00f6r arbete samma sekund som maskinen stannar.<\/span>[\/vc_column_text][\/vc_column_inner][vc_column_inner width=&#8221;1\/2&#8243;][vc_empty_space][vc_single_image image=&#8221;16950&#8243; img_size=&#8221;555&#215;260&#8243;][vc_empty_space][\/vc_column_inner][\/vc_row_inner][\/vc_column][\/vc_row][vc_row][vc_column][vc_empty_space][\/vc_column][\/vc_row][vc_row css=&#8221;.vc_custom_1729857639337{background-color: #eeeeee !important;}&#8221;][vc_column][vc_row_inner][vc_column_inner][elx_heading text_color=&#8221;electrolux-blue&#8221; text_align=&#8221;text-center&#8221;]F\u00f6rdelar med Rationell Golvst\u00e4dning[\/elx_heading][vc_empty_space][\/vc_column_inner][\/vc_row_inner][vc_row_inner][vc_column_inner width=&#8221;1\/4&#8243;][vc_single_image image=&#8221;16962&#8243; img_size=&#8221;150&#215;150&#8243; alignment=&#8221;center&#8221;][vc_empty_space][vc_column_text]<\/p>\n<p style=\"text-align: center;\">L\u00e5g driftkostnad<\/p>\n<p>[\/vc_column_text][vc_empty_space][\/vc_column_inner][vc_column_inner width=&#8221;1\/4&#8243;][vc_single_image image=&#8221;16961&#8243; img_size=&#8221;150&#215;150&#8243; alignment=&#8221;center&#8221;][vc_empty_space][vc_column_text]<\/p>\n<p style=\"text-align: center;\"><span style=\"font-weight: 400;\">Maskiner byggda f\u00f6r tuff belastning<\/span><\/p>\n<p>[\/vc_column_text][vc_empty_space][\/vc_column_inner][vc_column_inner width=&#8221;1\/4&#8243;][vc_single_image image=&#8221;16960&#8243; img_size=&#8221;150&#215;150&#8243; alignment=&#8221;center&#8221;][vc_empty_space][vc_column_text]<\/p>\n<p style=\"text-align: center;\"><span style=\"font-weight: 400;\">Anpassade program och inbyggd timer<\/span><\/p>\n<p>[\/vc_column_text][vc_empty_space][\/vc_column_inner][vc_column_inner width=&#8221;1\/4&#8243;][vc_single_image image=&#8221;16959&#8243; img_size=&#8221;150&#215;150&#8243; alignment=&#8221;center&#8221;][vc_empty_space][vc_column_text]<\/p>\n<p style=\"text-align: center;\"><span style=\"font-weight: 400;\">Valbar centrifugeringstid<\/span><\/p>\n<p>[\/vc_column_text][vc_empty_space][\/vc_column_inner][\/vc_row_inner][vc_row_inner][vc_column_inner][vc_empty_space][\/vc_column_inner][\/vc_row_inner][vc_row_inner][vc_column_inner width=&#8221;1\/4&#8243; offset=&#8221;vc_hidden-sm vc_hidden-xs&#8221;][vc_empty_space][\/vc_column_inner][vc_column_inner width=&#8221;1\/4&#8243;][vc_single_image image=&#8221;16958&#8243; img_size=&#8221;150&#215;150&#8243; alignment=&#8221;center&#8221;][vc_empty_space][vc_column_text]<\/p>\n<p style=\"text-align: center;\"><span style=\"font-weight: 400;\">Renare och preparerade moppar<\/span><\/p>\n<p>[\/vc_column_text][vc_empty_space][\/vc_column_inner][vc_column_inner width=&#8221;1\/4&#8243;][vc_single_image image=&#8221;16957&#8243; img_size=&#8221;150&#215;150&#8243; alignment=&#8221;center&#8221;][vc_empty_space][vc_column_text]<\/p>\n<p style=\"text-align: center;\"><span style=\"font-weight: 400;\">Frigjord arbetstid\u00a0<\/span><\/p>\n<p>[\/vc_column_text][vc_empty_space][\/vc_column_inner][vc_column_inner width=&#8221;1\/4&#8243;][\/vc_column_inner][\/vc_row_inner][vc_row_inner][vc_column_inner][vc_empty_space][\/vc_column_inner][\/vc_row_inner][\/vc_column][\/vc_row][vc_row][vc_column][vc_empty_space][elx_heading font_size=&#8221;h2&#8243; text_color=&#8221;inherit&#8221; text_align=&#8221;text-left&#8221;]Ren l\u00f6nsamhet![\/elx_heading][vc_column_text]<span style=\"font-weight: 400;\">Vid en investering i Electrolux Professional mopptv\u00e4ttmaskiner n\u00e5s brytpunkten f\u00f6r investeringen inom bara n\u00e5gra m\u00e5nader beroende p\u00e5 hur m\u00e5nga moppar som tv\u00e4ttas per dag.<\/span>[\/vc_column_text][\/vc_column][\/vc_row][vc_row][vc_column][vc_empty_space][\/vc_column][\/vc_row][vc_row gap=&#8221;20&#8243;][vc_column width=&#8221;1\/2&#8243;][vc_row_inner][vc_column_inner css=&#8221;.vc_custom_1636966023286{background-color: #14133b !important;}&#8221;][elx_heading text_color=&#8221;white&#8221; text_align=&#8221;text-center&#8221;]Fuktmoppning[\/elx_heading][vc_empty_space][vc_column_text]<\/p>\n<p style=\"text-align: center;\"><span style=\"font-weight: 400; color: #ffffff;\">Spara tid med en st\u00e4dklar fuktig mopp! V\u00e4lj anpassad centrifugeringstid och preparera mopparna med golvv\u00e5rds- och impregneringsmedel \u2013 redo direkt ur maskinen.<\/span><\/p>\n<p>[\/vc_column_text][vc_empty_space][\/vc_column_inner][\/vc_row_inner][vc_single_image image=&#8221;16944&#8243; img_size=&#8221;555&#215;401&#8243;][\/vc_column][vc_column width=&#8221;1\/2&#8243;][vc_row_inner][vc_column_inner css=&#8221;.vc_custom_1636966004029{background-color: #14133b !important;}&#8221;][elx_heading text_color=&#8221;white&#8221; text_align=&#8221;text-center&#8221;]Torrmoppning[\/elx_heading][vc_empty_space][vc_column_text]<\/p>\n<p style=\"text-align: center;\"><span style=\"font-weight: 400; color: #ffffff;\">F\u00f6redrar du torra moppar, eller en kombination av b\u00e5da st\u00e4dmetoderna, v\u00e4ljer du en h\u00f6gcentrifugerande tv\u00e4ttmaskin och kompletterar med en effektiv torktumlare.<\/span><\/p>\n<p>[\/vc_column_text][vc_empty_space][\/vc_column_inner][\/vc_row_inner][vc_single_image image=&#8221;16943&#8243; img_size=&#8221;555&#215;401&#8243;][\/vc_column][\/vc_row][vc_row][vc_column][vc_empty_space][\/vc_column][\/vc_row][vc_row css=&#8221;.vc_custom_1636964096805{background-color: #14133b !important;}&#8221;][vc_column][vc_row_inner][vc_column_inner][vc_empty_space][elx_heading text_color=&#8221;white&#8221; text_align=&#8221;text-center&#8221;]Vad har du f\u00f6r behov inom st\u00e4d-\/facility management? Kontakta oss p\u00e5 Electrolux Professional s\u00e5 hj\u00e4lper vi dig med r\u00e4tt typ av tv\u00e4ttl\u00f6sning.[\/elx_heading][vc_column_text css=&#8221;.vc_custom_1636961807739{margin-right: 10px !important;margin-left: 10px !important;}&#8221;]<\/p>\n<p style=\"text-align: center;\"><span style=\"font-weight: 400; color: #ffffff;\">Electrolux Professional \u00e4r din helhetsleverant\u00f6r inom facility management som g\u00f6r ditt arbetsliv enklare, mer l\u00f6nsamt och h\u00e5llbart. V\u00e5r expertis inom hygienst\u00e4dning och reng\u00f6ring av mikrofibermaterial och moppar hj\u00e4lper dig att uppn\u00e5 h\u00f6gsta m\u00f6jliga hygienstandard.<\/span><\/p>\n<p>[\/vc_column_text][vc_empty_space][elx_button button_text=&#8221;Kontakta oss&#8221; button_display_block=&#8221;display_block_on&#8221; button_alignment=&#8221;align_center&#8221; button_link=&#8221;url:%23kontakta|||&#8221;][vc_empty_space][\/vc_column_inner][\/vc_row_inner][\/vc_column][\/vc_row][vc_row][vc_column][vc_empty_space][\/vc_column][\/vc_row][vc_row el_id=&#8221;kontakta&#8221; css=&#8221;.vc_custom_1636967020038{background-color: #eeeeee !important;}&#8221;][vc_column][vc_empty_space][elx_heading text_color=&#8221;inherit&#8221; text_align=&#8221;text-center&#8221;]Kontakta oss f\u00f6r att boka en kostnadsfri demo av en mopptv\u00e4ttmaskin[\/elx_heading][vc_empty_space height=&#8221;16px&#8221;][elx_o2000_contact_us s=&#8221;Kostnadsfri demo&#8221; country=&#8221;Sweden&#8221; r=&#8221;Jag vill veta mer om mopptv\u00e4ttmaskiner och professionella tv\u00e4ttl\u00f6sningar, v\u00e4nligen kontakta mig.&#8221;][\/vc_column][\/vc_row][vc_row][vc_column][vc_empty_space][\/vc_column][\/vc_row][vc_row][vc_column width=&#8221;1\/2&#8243;][elx_heading font_size=&#8221;h2&#8243; text_color=&#8221;inherit&#8221; text_align=&#8221;text-left&#8221;]Service, finansiering och tv\u00e4ttmedel[\/elx_heading][vc_column_text]<span style=\"font-weight: 400;\">Vi erbjuder finansiering och serviceavtal p\u00e5 olika niv\u00e5er. \u00d6ka drifttiden f\u00f6r ditt f\u00f6retag och uppr\u00e4tth\u00e5ll b\u00e4sta prestanda f\u00f6r din utrustning. Essentia som \u00e4r v\u00e5rt unika utbud av<\/span><\/p>\n<p><span style=\"font-weight: 400;\">servicerelaterade produkter och tj\u00e4nster ser till att din utrustning forts\u00e4tter att prestera optimalt \u00e5r efter \u00e5r och v\u00e5ra certifierade tekniker \u00e4r snabbt p\u00e5 plats om n\u00e5got h\u00e4nder. Vi erbjuder \u00e4ven tv\u00e4ttmedel anpassat f\u00f6r anv\u00e4ndning i professionella maskiner.<\/span>[\/vc_column_text][\/vc_column][vc_column width=&#8221;1\/2&#8243;][vc_empty_space][vc_single_image image=&#8221;16954&#8243; img_size=&#8221;555&#215;325&#8243;][vc_empty_space][\/vc_column][\/vc_row][vc_row][vc_column][vc_column_text]<\/p>\n<p style=\"text-align: center;\"><a href=\"https:\/\/www.electroluxprofessional.com\/se\/wp-content\/uploads\/2020\/05\/OPL-Stad-facilitymanagement-2020-EPR-LR.pdf\"><strong><span style=\"color: #cea941;\">LADDA NED V\u00c5R BROSCHYR RATIONELL &amp; PROFESSIONELL MOPPTV\u00c4TT &gt;<\/span><\/strong><\/a><\/p>\n<p>[\/vc_column_text][vc_empty_space][vc_single_image image=&#8221;16955&#8243; img_size=&#8221;medium&#8221; alignment=&#8221;center&#8221; onclick=&#8221;custom_link&#8221; img_link_target=&#8221;_blank&#8221; link=&#8221;https:\/\/www.electroluxprofessional.com\/se\/wp-content\/uploads\/2020\/05\/OPL-Stad-facilitymanagement-2020-EPR-LR.pdf&#8221;][\/vc_column][\/vc_row]<\/p>\n","protected":false},"excerpt":{"rendered":"<p>[vc_row full_width=&#8221;electroluxpro-full-width-no-padding&#8221;][vc_column][elx_full_banner title=&#8221;Smart mopptv\u00e4ttmaskin \u2013 \u00f6verl\u00e4gset tv\u00e4ttresultat&#8221; set_as_h1=&#8221;true&#8221; link=&#8221;url:%23kontakta|title:Boka%20en%20demo&#8221; background_image_media_library=&#8221;16933&#8243; background_image_media_library_mobile=&#8221;16932&#8243;][vc_empty_space][\/vc_column][\/vc_row][vc_row][vc_column][vc_empty_space][vc_column_text] Spara tid och pengar Uppn\u00e5 h\u00f6gsta m\u00f6jliga hygienstandard f\u00f6r er verksamhet samtidigt som ni sparar b\u00e5de tid och pengar. B\u00e4ttre arbetsmilj\u00f6 och mer tid \u00f6ver f\u00f6r st\u00e4dning f\u00e5r ni p\u00e5 k\u00f6pet. Professionell st\u00e4dning och golvreng\u00f6ring av sjukhus, v\u00e5rdinr\u00e4ttningar, fastigheter, arbetsplatser och skolor \u00e4r ofta [&hellip;]<\/p>\n","protected":false},"author":430,"featured_media":0,"parent":51211,"menu_order":0,"comment_status":"closed","ping_status":"closed","template":"","meta":{"footnotes":""},"class_list":["post-16925","page","type-page","status-publish","hentry"],"acf":[],"yoast_head":"<!-- This site is optimized with the Yoast SEO plugin v23.3 - https:\/\/yoast.com\/wordpress\/plugins\/seo\/ -->\n<title>Mopptv\u00e4ttmaskin - Electrolux Professional Sverige<\/title>\n<meta name=\"description\" content=\"Uppn\u00e5 h\u00f6gsta m\u00f6jliga hygienstandard med v\u00e5r mopptv\u00e4ttmaskin \u2013 spara tid, pengar och f\u00e5 en b\u00e4ttre arbetsmilj\u00f6 . L\u00e4s mer!\" \/>\n<meta name=\"robots\" content=\"index, follow, max-snippet:-1, max-image-preview:large, max-video-preview:-1\" \/>\n<link rel=\"canonical\" href=\"https:\/\/www.electroluxprofessional.com\/se\/tvatt\/mopptvattmaskin\/\" \/>\n<meta property=\"og:locale\" content=\"sv_SE\" \/>\n<meta property=\"og:type\" content=\"article\" \/>\n<meta property=\"og:title\" content=\"Mopptv\u00e4ttmaskin - Electrolux Professional Sverige\" \/>\n<meta property=\"og:description\" content=\"Uppn\u00e5 h\u00f6gsta m\u00f6jliga hygienstandard med v\u00e5r mopptv\u00e4ttmaskin \u2013 spara tid, pengar och f\u00e5 en b\u00e4ttre arbetsmilj\u00f6 . L\u00e4s mer!\" \/>\n<meta property=\"og:url\" content=\"https:\/\/www.electroluxprofessional.com\/se\/tvatt\/mopptvattmaskin\/\" \/>\n<meta property=\"og:site_name\" content=\"Electrolux Professional Sverige\" \/>\n<meta property=\"article:modified_time\" content=\"2025-02-17T13:14:05+00:00\" \/>\n<meta name=\"twitter:card\" content=\"summary_large_image\" \/>\n<meta name=\"twitter:label1\" content=\"Ber\u00e4knad l\u00e4stid\" \/>\n\t<meta name=\"twitter:data1\" content=\"7 minuter\" \/>\n<script type=\"application\/ld+json\" class=\"yoast-schema-graph\">{\"@context\":\"https:\/\/schema.org\",\"@graph\":[{\"@type\":\"WebPage\",\"@id\":\"https:\/\/www.electroluxprofessional.com\/se\/tvatt\/mopptvattmaskin\/\",\"url\":\"https:\/\/www.electroluxprofessional.com\/se\/tvatt\/mopptvattmaskin\/\",\"name\":\"Mopptv\u00e4ttmaskin - Electrolux Professional Sverige\",\"isPartOf\":{\"@id\":\"https:\/\/www.electroluxprofessional.com\/se\/#website\"},\"datePublished\":\"2021-11-14T22:41:45+00:00\",\"dateModified\":\"2025-02-17T13:14:05+00:00\",\"description\":\"Uppn\u00e5 h\u00f6gsta m\u00f6jliga hygienstandard med v\u00e5r mopptv\u00e4ttmaskin \u2013 spara tid, pengar och f\u00e5 en b\u00e4ttre arbetsmilj\u00f6 . L\u00e4s mer!\",\"breadcrumb\":{\"@id\":\"https:\/\/www.electroluxprofessional.com\/se\/tvatt\/mopptvattmaskin\/#breadcrumb\"},\"inLanguage\":\"sv-SE\",\"potentialAction\":[{\"@type\":\"ReadAction\",\"target\":[\"https:\/\/www.electroluxprofessional.com\/se\/tvatt\/mopptvattmaskin\/\"]}]},{\"@type\":\"BreadcrumbList\",\"@id\":\"https:\/\/www.electroluxprofessional.com\/se\/tvatt\/mopptvattmaskin\/#breadcrumb\",\"itemListElement\":[{\"@type\":\"ListItem\",\"position\":1,\"name\":\"Home\",\"item\":\"https:\/\/www.electroluxprofessional.com\/se\/\"},{\"@type\":\"ListItem\",\"position\":2,\"name\":\"Tv\u00e4tt\",\"item\":\"https:\/\/www.electroluxprofessional.com\/se\/tvatt\/\"},{\"@type\":\"ListItem\",\"position\":3,\"name\":\"Mopptv\u00e4ttmaskin\"}]},{\"@type\":\"WebSite\",\"@id\":\"https:\/\/www.electroluxprofessional.com\/se\/#website\",\"url\":\"https:\/\/www.electroluxprofessional.com\/se\/\",\"name\":\"Electrolux Professional Sverige\",\"description\":\"\",\"potentialAction\":[{\"@type\":\"SearchAction\",\"target\":{\"@type\":\"EntryPoint\",\"urlTemplate\":\"https:\/\/www.electroluxprofessional.com\/se\/?src={search_term_string}\"},\"query-input\":\"required name=search_term_string\"}],\"inLanguage\":\"sv-SE\"}]}<\/script>\n<!-- \/ Yoast SEO plugin. -->","yoast_head_json":{"title":"Mopptv\u00e4ttmaskin - Electrolux Professional Sverige","description":"Uppn\u00e5 h\u00f6gsta m\u00f6jliga hygienstandard med v\u00e5r mopptv\u00e4ttmaskin \u2013 spara tid, pengar och f\u00e5 en b\u00e4ttre arbetsmilj\u00f6 . L\u00e4s mer!","robots":{"index":"index","follow":"follow","max-snippet":"max-snippet:-1","max-image-preview":"max-image-preview:large","max-video-preview":"max-video-preview:-1"},"canonical":"https:\/\/www.electroluxprofessional.com\/se\/tvatt\/mopptvattmaskin\/","og_locale":"sv_SE","og_type":"article","og_title":"Mopptv\u00e4ttmaskin - Electrolux Professional Sverige","og_description":"Uppn\u00e5 h\u00f6gsta m\u00f6jliga hygienstandard med v\u00e5r mopptv\u00e4ttmaskin \u2013 spara tid, pengar och f\u00e5 en b\u00e4ttre arbetsmilj\u00f6 . L\u00e4s mer!","og_url":"https:\/\/www.electroluxprofessional.com\/se\/tvatt\/mopptvattmaskin\/","og_site_name":"Electrolux Professional Sverige","article_modified_time":"2025-02-17T13:14:05+00:00","twitter_card":"summary_large_image","twitter_misc":{"Ber\u00e4knad l\u00e4stid":"7 minuter"},"schema":{"@context":"https:\/\/schema.org","@graph":[{"@type":"WebPage","@id":"https:\/\/www.electroluxprofessional.com\/se\/tvatt\/mopptvattmaskin\/","url":"https:\/\/www.electroluxprofessional.com\/se\/tvatt\/mopptvattmaskin\/","name":"Mopptv\u00e4ttmaskin - Electrolux Professional Sverige","isPartOf":{"@id":"https:\/\/www.electroluxprofessional.com\/se\/#website"},"datePublished":"2021-11-14T22:41:45+00:00","dateModified":"2025-02-17T13:14:05+00:00","description":"Uppn\u00e5 h\u00f6gsta m\u00f6jliga hygienstandard med v\u00e5r mopptv\u00e4ttmaskin \u2013 spara tid, pengar och f\u00e5 en b\u00e4ttre arbetsmilj\u00f6 . L\u00e4s mer!","breadcrumb":{"@id":"https:\/\/www.electroluxprofessional.com\/se\/tvatt\/mopptvattmaskin\/#breadcrumb"},"inLanguage":"sv-SE","potentialAction":[{"@type":"ReadAction","target":["https:\/\/www.electroluxprofessional.com\/se\/tvatt\/mopptvattmaskin\/"]}]},{"@type":"BreadcrumbList","@id":"https:\/\/www.electroluxprofessional.com\/se\/tvatt\/mopptvattmaskin\/#breadcrumb","itemListElement":[{"@type":"ListItem","position":1,"name":"Home","item":"https:\/\/www.electroluxprofessional.com\/se\/"},{"@type":"ListItem","position":2,"name":"Tv\u00e4tt","item":"https:\/\/www.electroluxprofessional.com\/se\/tvatt\/"},{"@type":"ListItem","position":3,"name":"Mopptv\u00e4ttmaskin"}]},{"@type":"WebSite","@id":"https:\/\/www.electroluxprofessional.com\/se\/#website","url":"https:\/\/www.electroluxprofessional.com\/se\/","name":"Electrolux Professional Sverige","description":"","potentialAction":[{"@type":"SearchAction","target":{"@type":"EntryPoint","urlTemplate":"https:\/\/www.electroluxprofessional.com\/se\/?src={search_term_string}"},"query-input":"required name=search_term_string"}],"inLanguage":"sv-SE"}]}},"_links":{"self":[{"href":"https:\/\/www.electroluxprofessional.com\/se\/wp-json\/wp\/v2\/pages\/16925"}],"collection":[{"href":"https:\/\/www.electroluxprofessional.com\/se\/wp-json\/wp\/v2\/pages"}],"about":[{"href":"https:\/\/www.electroluxprofessional.com\/se\/wp-json\/wp\/v2\/types\/page"}],"author":[{"embeddable":true,"href":"https:\/\/www.electroluxprofessional.com\/se\/wp-json\/wp\/v2\/users\/430"}],"replies":[{"embeddable":true,"href":"https:\/\/www.electroluxprofessional.com\/se\/wp-json\/wp\/v2\/comments?post=16925"}],"version-history":[{"count":30,"href":"https:\/\/www.electroluxprofessional.com\/se\/wp-json\/wp\/v2\/pages\/16925\/revisions"}],"predecessor-version":[{"id":20890,"href":"https:\/\/www.electroluxprofessional.com\/se\/wp-json\/wp\/v2\/pages\/16925\/revisions\/20890"}],"up":[{"embeddable":true,"href":"https:\/\/www.electroluxprofessional.com\/se\/wp-json\/wp\/v2\/pages\/51211"}],"wp:attachment":[{"href":"https:\/\/www.electroluxprofessional.com\/se\/wp-json\/wp\/v2\/media?parent=16925"}],"curies":[{"name":"wp","href":"https:\/\/api.w.org\/{rel}","templated":true}]}}