{"id":15821,"date":"2017-02-14T11:32:19","date_gmt":"2017-02-14T10:32:19","guid":{"rendered":"https:\/\/www.electroluxprofessional.com\/?page_id=9364"},"modified":"2021-09-01T15:43:44","modified_gmt":"2021-09-01T14:43:44","slug":"losningar-konsistensanpassad-mat","status":"publish","type":"page","link":"https:\/\/www.electroluxprofessional.com\/se\/storkok\/storkoksutrustning\/losningar-konsistensanpassad-mat\/","title":{"rendered":"L\u00f6sningar f\u00f6r konsistensanpassad mat"},"content":{"rendered":"<p>[vc_row full_width=&#8221;electroluxpro-full-width-no-padding&#8221;][vc_column][vc_single_image image=&#8221;2187&#8243; img_size=&#8221;2000&#215;350&#8243; alignment=&#8221;center&#8221;][\/vc_column][\/vc_row][vc_row][vc_column][vc_empty_space][elx_heading font_container=&#8221;h1&#8243; font_size=&#8221;h3&#8243; text_color=&#8221;inherit&#8221;]L\u00f6sningar f\u00f6r konsistensanpassad mat[\/elx_heading][elx_heading font_size=&#8221;h5&#8243; text_color=&#8221;inherit&#8221;]Utveckla texturer f\u00f6r att bevara smak, f\u00e4rg och n\u00e4ring[\/elx_heading][vc_empty_space][\/vc_column][\/vc_row][vc_row][vc_column width=&#8221;1\/2&#8243;][vc_column_text]Varje g\u00e5ng vi testar v\u00e5ra produkter uppt\u00e4cker vi fler smarta funktioner.<\/p>\n<p>Tack vare en avskrapare och den h\u00f6ga hastigheten p\u00e5 3700 vpm, kan vi uppn\u00e5 ett <strong>utm\u00e4rkt j\u00e4mnt resultat<\/strong> vid tillagning av <strong>m\u00e5ltider som \u00e4r flytande eller l\u00e4mpliga f\u00f6r matning med sked<\/strong>. Detta \u00e4r viktigt f\u00f6r personer som inte kan tugga fast f\u00f6da.[\/vc_column_text][\/vc_column][vc_column width=&#8221;1\/2&#8243;][elx_heading font_container=&#8221;h3&#8243; font_size=&#8221;h5&#8243; text_color=&#8221;inherit&#8221; text_align=&#8221;text-left&#8221;]Videorecept[\/elx_heading][elx_video_block background_image=&#8221;2026&#8243; video_link=&#8221;https:\/\/www.youtube.com\/watch?v=RJHFjlZd2p8&amp;list=PLn-GI5LWCZdR1riCStpsI2l8-khQ9aBq9&#8243; minimum_height=&#8221;260px&#8221;][\/vc_column][\/vc_row][vc_row][vc_column width=&#8221;1\/2&#8243;][vc_single_image image=&#8221;2186&#8243; img_size=&#8221;full&#8221;][\/vc_column][vc_column width=&#8221;1\/2&#8243;][vc_empty_space height=&#8221;50px&#8221;][vc_column_text]Dessutom beh\u00f6ver inte maten f\u00f6rberedas p\u00e5 n\u00e5got speciellt s\u00e4tt. Det \u00e4r bara att laga maten som vanligt och sedan mixa den sl\u00e4t i v\u00e5ra matberedare (K45\/K55\/K70). P\u00e5 s\u00e5 s\u00e4tt <strong>bevaras all n\u00e4ring, smak och f\u00e4rg<\/strong>. Slutresultatet \u00e4r tilltalande f\u00f6r b\u00e5de \u00f6ga och gom, vilket \u00e4r en viktig faktor f\u00f6r att v\u00e4cka smaksinnet hos exempelvis v\u00e5rdpatienter, \u00e4ldre och hos sp\u00e4dbarn.[\/vc_column_text][elx_button button_text=&#8221;Matberedning: sk\u00e4ra, mixa och skiva&#8221; button_style=&#8221;icon&#8221; button_link=&#8221;url:https%3A%2F%2Fwww.electroluxprofessional.com%2Fse%2Ffood-professionella-storkok-och-restauranger%2Fgronsaksskarare-mixer-restaurang%2F|title:Matberedning%3A%20sk%C3%A4ra%2C%20mixa%20och%20skiva||&#8221;][\/vc_column][\/vc_row][vc_row][vc_column][vc_empty_space][\/vc_column][\/vc_row][vc_row][vc_column][elx_heading font_size=&#8221;h3&#8243; text_color=&#8221;inherit&#8221;]Uppt\u00e4ck v\u00e5ra l\u00f6sningar f\u00f6r konsistensanpassad mat[\/elx_heading][elx_o2000_contact_us r=&#8221;Jag skulle vilja veta mer om l\u00f6sningar f\u00f6r konsistensanpassad mat samt matberedare. Kontakta mig g\u00e4rna!&#8221; s=&#8221;F\u00f6rfr\u00e5gan om l\u00f6sningar f\u00f6r konsistensanpassad mat \/ matberedare&#8221; country=&#8221;Sweden&#8221; b=&#8221;food&#8221; container=&#8221;elxcontactus1487067782&#8243;][\/vc_column][\/vc_row]<\/p>\n","protected":false},"excerpt":{"rendered":"<p>[vc_row full_width=&#8221;electroluxpro-full-width-no-padding&#8221;][vc_column][vc_single_image image=&#8221;2187&#8243; img_size=&#8221;2000&#215;350&#8243; alignment=&#8221;center&#8221;][\/vc_column][\/vc_row][vc_row][vc_column][vc_empty_space][elx_heading font_container=&#8221;h1&#8243; font_size=&#8221;h3&#8243; text_color=&#8221;inherit&#8221;]L\u00f6sningar f\u00f6r konsistensanpassad mat[\/elx_heading][elx_heading font_size=&#8221;h5&#8243; text_color=&#8221;inherit&#8221;]Utveckla texturer f\u00f6r att bevara smak, f\u00e4rg och n\u00e4ring[\/elx_heading][vc_empty_space][\/vc_column][\/vc_row][vc_row][vc_column width=&#8221;1\/2&#8243;][vc_column_text]Varje g\u00e5ng vi testar v\u00e5ra produkter uppt\u00e4cker vi fler smarta funktioner. Tack vare en avskrapare och den h\u00f6ga hastigheten p\u00e5 3700 vpm, kan vi uppn\u00e5 ett utm\u00e4rkt j\u00e4mnt resultat vid tillagning av m\u00e5ltider som [&hellip;]<\/p>\n","protected":false},"author":174,"featured_media":2187,"parent":2363,"menu_order":0,"comment_status":"closed","ping_status":"closed","template":"","meta":{"footnotes":""},"class_list":["post-15821","page","type-page","status-publish","has-post-thumbnail","hentry"],"acf":[],"yoast_head":"<!-- This site is optimized with the Yoast SEO plugin v23.3 - https:\/\/yoast.com\/wordpress\/plugins\/seo\/ -->\n<title>Konsistensanpassad mat - Electrolux Professional Sverige<\/title>\n<meta name=\"description\" content=\"Uppt\u00e4ck v\u00e5ra l\u00f6sningar f\u00f6r konsistensanpassad mat - utm\u00e4rkt j\u00e4mnt resultat. Utveckla texturer f\u00f6r att bevara smak, f\u00e4rg och n\u00e4ring!\" \/>\n<meta name=\"robots\" content=\"index, follow, max-snippet:-1, max-image-preview:large, max-video-preview:-1\" \/>\n<link rel=\"canonical\" href=\"https:\/\/www.electroluxprofessional.com\/se\/storkok\/storkoksutrustning\/losningar-konsistensanpassad-mat\/\" \/>\n<meta property=\"og:locale\" content=\"sv_SE\" \/>\n<meta property=\"og:type\" content=\"article\" \/>\n<meta property=\"og:title\" content=\"Konsistensanpassad mat - Electrolux Professional Sverige\" \/>\n<meta property=\"og:description\" content=\"Uppt\u00e4ck v\u00e5ra l\u00f6sningar f\u00f6r konsistensanpassad mat - utm\u00e4rkt j\u00e4mnt resultat. Utveckla texturer f\u00f6r att bevara smak, f\u00e4rg och n\u00e4ring!\" \/>\n<meta property=\"og:url\" content=\"https:\/\/www.electroluxprofessional.com\/se\/storkok\/storkoksutrustning\/losningar-konsistensanpassad-mat\/\" \/>\n<meta property=\"og:site_name\" content=\"Electrolux Professional Sverige\" \/>\n<meta property=\"article:modified_time\" content=\"2021-09-01T14:43:44+00:00\" \/>\n<meta property=\"og:image\" content=\"https:\/\/www.electroluxprofessional.com\/se\/wp-content\/uploads\/2017\/02\/food1.jpg\" \/>\n\t<meta property=\"og:image:width\" content=\"2000\" \/>\n\t<meta property=\"og:image:height\" content=\"1483\" \/>\n\t<meta property=\"og:image:type\" content=\"image\/jpeg\" \/>\n<meta name=\"twitter:card\" content=\"summary_large_image\" \/>\n<meta name=\"twitter:label1\" content=\"Ber\u00e4knad l\u00e4stid\" \/>\n\t<meta name=\"twitter:data1\" content=\"2 minuter\" \/>\n<script type=\"application\/ld+json\" class=\"yoast-schema-graph\">{\"@context\":\"https:\/\/schema.org\",\"@graph\":[{\"@type\":\"WebPage\",\"@id\":\"https:\/\/www.electroluxprofessional.com\/se\/storkok\/storkoksutrustning\/losningar-konsistensanpassad-mat\/\",\"url\":\"https:\/\/www.electroluxprofessional.com\/se\/storkok\/storkoksutrustning\/losningar-konsistensanpassad-mat\/\",\"name\":\"Konsistensanpassad mat - Electrolux Professional Sverige\",\"isPartOf\":{\"@id\":\"https:\/\/www.electroluxprofessional.com\/se\/#website\"},\"primaryImageOfPage\":{\"@id\":\"https:\/\/www.electroluxprofessional.com\/se\/storkok\/storkoksutrustning\/losningar-konsistensanpassad-mat\/#primaryimage\"},\"image\":{\"@id\":\"https:\/\/www.electroluxprofessional.com\/se\/storkok\/storkoksutrustning\/losningar-konsistensanpassad-mat\/#primaryimage\"},\"thumbnailUrl\":\"https:\/\/www.electroluxprofessional.com\/se\/wp-content\/uploads\/2017\/02\/food1.jpg\",\"datePublished\":\"2017-02-14T10:32:19+00:00\",\"dateModified\":\"2021-09-01T14:43:44+00:00\",\"description\":\"Uppt\u00e4ck v\u00e5ra l\u00f6sningar f\u00f6r konsistensanpassad mat - utm\u00e4rkt j\u00e4mnt resultat. Utveckla texturer f\u00f6r att bevara smak, f\u00e4rg och n\u00e4ring!\",\"breadcrumb\":{\"@id\":\"https:\/\/www.electroluxprofessional.com\/se\/storkok\/storkoksutrustning\/losningar-konsistensanpassad-mat\/#breadcrumb\"},\"inLanguage\":\"sv-SE\",\"potentialAction\":[{\"@type\":\"ReadAction\",\"target\":[\"https:\/\/www.electroluxprofessional.com\/se\/storkok\/storkoksutrustning\/losningar-konsistensanpassad-mat\/\"]}]},{\"@type\":\"ImageObject\",\"inLanguage\":\"sv-SE\",\"@id\":\"https:\/\/www.electroluxprofessional.com\/se\/storkok\/storkoksutrustning\/losningar-konsistensanpassad-mat\/#primaryimage\",\"url\":\"https:\/\/www.electroluxprofessional.com\/se\/wp-content\/uploads\/2017\/02\/food1.jpg\",\"contentUrl\":\"https:\/\/www.electroluxprofessional.com\/se\/wp-content\/uploads\/2017\/02\/food1.jpg\",\"width\":2000,\"height\":1483,\"caption\":\"food1\"},{\"@type\":\"BreadcrumbList\",\"@id\":\"https:\/\/www.electroluxprofessional.com\/se\/storkok\/storkoksutrustning\/losningar-konsistensanpassad-mat\/#breadcrumb\",\"itemListElement\":[{\"@type\":\"ListItem\",\"position\":1,\"name\":\"Home\",\"item\":\"https:\/\/www.electroluxprofessional.com\/se\/\"},{\"@type\":\"ListItem\",\"position\":2,\"name\":\"Stork\u00f6k\",\"item\":\"https:\/\/www.electroluxprofessional.com\/se\/storkok\/\"},{\"@type\":\"ListItem\",\"position\":3,\"name\":\"Stork\u00f6ksutrustning\",\"item\":\"https:\/\/www.electroluxprofessional.com\/se\/storkok\/storkoksutrustning\/\"},{\"@type\":\"ListItem\",\"position\":4,\"name\":\"L\u00f6sningar f\u00f6r konsistensanpassad mat\"}]},{\"@type\":\"WebSite\",\"@id\":\"https:\/\/www.electroluxprofessional.com\/se\/#website\",\"url\":\"https:\/\/www.electroluxprofessional.com\/se\/\",\"name\":\"Electrolux Professional Sverige\",\"description\":\"\",\"potentialAction\":[{\"@type\":\"SearchAction\",\"target\":{\"@type\":\"EntryPoint\",\"urlTemplate\":\"https:\/\/www.electroluxprofessional.com\/se\/?src={search_term_string}\"},\"query-input\":\"required name=search_term_string\"}],\"inLanguage\":\"sv-SE\"}]}<\/script>\n<!-- \/ Yoast SEO plugin. -->","yoast_head_json":{"title":"Konsistensanpassad mat - Electrolux Professional Sverige","description":"Uppt\u00e4ck v\u00e5ra l\u00f6sningar f\u00f6r konsistensanpassad mat - utm\u00e4rkt j\u00e4mnt resultat. Utveckla texturer f\u00f6r att bevara smak, f\u00e4rg och n\u00e4ring!","robots":{"index":"index","follow":"follow","max-snippet":"max-snippet:-1","max-image-preview":"max-image-preview:large","max-video-preview":"max-video-preview:-1"},"canonical":"https:\/\/www.electroluxprofessional.com\/se\/storkok\/storkoksutrustning\/losningar-konsistensanpassad-mat\/","og_locale":"sv_SE","og_type":"article","og_title":"Konsistensanpassad mat - Electrolux Professional Sverige","og_description":"Uppt\u00e4ck v\u00e5ra l\u00f6sningar f\u00f6r konsistensanpassad mat - utm\u00e4rkt j\u00e4mnt resultat. Utveckla texturer f\u00f6r att bevara smak, f\u00e4rg och n\u00e4ring!","og_url":"https:\/\/www.electroluxprofessional.com\/se\/storkok\/storkoksutrustning\/losningar-konsistensanpassad-mat\/","og_site_name":"Electrolux Professional Sverige","article_modified_time":"2021-09-01T14:43:44+00:00","og_image":[{"width":2000,"height":1483,"url":"https:\/\/www.electroluxprofessional.com\/se\/wp-content\/uploads\/2017\/02\/food1.jpg","type":"image\/jpeg"}],"twitter_card":"summary_large_image","twitter_misc":{"Ber\u00e4knad l\u00e4stid":"2 minuter"},"schema":{"@context":"https:\/\/schema.org","@graph":[{"@type":"WebPage","@id":"https:\/\/www.electroluxprofessional.com\/se\/storkok\/storkoksutrustning\/losningar-konsistensanpassad-mat\/","url":"https:\/\/www.electroluxprofessional.com\/se\/storkok\/storkoksutrustning\/losningar-konsistensanpassad-mat\/","name":"Konsistensanpassad mat - Electrolux Professional Sverige","isPartOf":{"@id":"https:\/\/www.electroluxprofessional.com\/se\/#website"},"primaryImageOfPage":{"@id":"https:\/\/www.electroluxprofessional.com\/se\/storkok\/storkoksutrustning\/losningar-konsistensanpassad-mat\/#primaryimage"},"image":{"@id":"https:\/\/www.electroluxprofessional.com\/se\/storkok\/storkoksutrustning\/losningar-konsistensanpassad-mat\/#primaryimage"},"thumbnailUrl":"https:\/\/www.electroluxprofessional.com\/se\/wp-content\/uploads\/2017\/02\/food1.jpg","datePublished":"2017-02-14T10:32:19+00:00","dateModified":"2021-09-01T14:43:44+00:00","description":"Uppt\u00e4ck v\u00e5ra l\u00f6sningar f\u00f6r konsistensanpassad mat - utm\u00e4rkt j\u00e4mnt resultat. Utveckla texturer f\u00f6r att bevara smak, f\u00e4rg och n\u00e4ring!","breadcrumb":{"@id":"https:\/\/www.electroluxprofessional.com\/se\/storkok\/storkoksutrustning\/losningar-konsistensanpassad-mat\/#breadcrumb"},"inLanguage":"sv-SE","potentialAction":[{"@type":"ReadAction","target":["https:\/\/www.electroluxprofessional.com\/se\/storkok\/storkoksutrustning\/losningar-konsistensanpassad-mat\/"]}]},{"@type":"ImageObject","inLanguage":"sv-SE","@id":"https:\/\/www.electroluxprofessional.com\/se\/storkok\/storkoksutrustning\/losningar-konsistensanpassad-mat\/#primaryimage","url":"https:\/\/www.electroluxprofessional.com\/se\/wp-content\/uploads\/2017\/02\/food1.jpg","contentUrl":"https:\/\/www.electroluxprofessional.com\/se\/wp-content\/uploads\/2017\/02\/food1.jpg","width":2000,"height":1483,"caption":"food1"},{"@type":"BreadcrumbList","@id":"https:\/\/www.electroluxprofessional.com\/se\/storkok\/storkoksutrustning\/losningar-konsistensanpassad-mat\/#breadcrumb","itemListElement":[{"@type":"ListItem","position":1,"name":"Home","item":"https:\/\/www.electroluxprofessional.com\/se\/"},{"@type":"ListItem","position":2,"name":"Stork\u00f6k","item":"https:\/\/www.electroluxprofessional.com\/se\/storkok\/"},{"@type":"ListItem","position":3,"name":"Stork\u00f6ksutrustning","item":"https:\/\/www.electroluxprofessional.com\/se\/storkok\/storkoksutrustning\/"},{"@type":"ListItem","position":4,"name":"L\u00f6sningar f\u00f6r konsistensanpassad mat"}]},{"@type":"WebSite","@id":"https:\/\/www.electroluxprofessional.com\/se\/#website","url":"https:\/\/www.electroluxprofessional.com\/se\/","name":"Electrolux Professional Sverige","description":"","potentialAction":[{"@type":"SearchAction","target":{"@type":"EntryPoint","urlTemplate":"https:\/\/www.electroluxprofessional.com\/se\/?src={search_term_string}"},"query-input":"required name=search_term_string"}],"inLanguage":"sv-SE"}]}},"_links":{"self":[{"href":"https:\/\/www.electroluxprofessional.com\/se\/wp-json\/wp\/v2\/pages\/15821"}],"collection":[{"href":"https:\/\/www.electroluxprofessional.com\/se\/wp-json\/wp\/v2\/pages"}],"about":[{"href":"https:\/\/www.electroluxprofessional.com\/se\/wp-json\/wp\/v2\/types\/page"}],"author":[{"embeddable":true,"href":"https:\/\/www.electroluxprofessional.com\/se\/wp-json\/wp\/v2\/users\/174"}],"replies":[{"embeddable":true,"href":"https:\/\/www.electroluxprofessional.com\/se\/wp-json\/wp\/v2\/comments?post=15821"}],"version-history":[{"count":5,"href":"https:\/\/www.electroluxprofessional.com\/se\/wp-json\/wp\/v2\/pages\/15821\/revisions"}],"predecessor-version":[{"id":15830,"href":"https:\/\/www.electroluxprofessional.com\/se\/wp-json\/wp\/v2\/pages\/15821\/revisions\/15830"}],"up":[{"embeddable":true,"href":"https:\/\/www.electroluxprofessional.com\/se\/wp-json\/wp\/v2\/pages\/2363"}],"wp:featuredmedia":[{"embeddable":true,"href":"https:\/\/www.electroluxprofessional.com\/se\/wp-json\/wp\/v2\/media\/2187"}],"wp:attachment":[{"href":"https:\/\/www.electroluxprofessional.com\/se\/wp-json\/wp\/v2\/media?parent=15821"}],"curies":[{"name":"wp","href":"https:\/\/api.w.org\/{rel}","templated":true}]}}