{"id":15778,"date":"2016-11-28T09:30:08","date_gmt":"2016-11-28T09:30:08","guid":{"rendered":"https:\/\/www.electroluxprofessional.com\/?page_id=5948"},"modified":"2023-04-21T16:05:51","modified_gmt":"2023-04-21T15:05:51","slug":"skarskivor-guide","status":"publish","type":"page","link":"https:\/\/www.electroluxprofessional.com\/se\/gronsaksskarare-kokshack-mixer\/skarskivor-guide\/","title":{"rendered":"Sk\u00e4rskivor &#8211; Guide"},"content":{"rendered":"<p>[vc_row full_width=&#8221;electroluxpro-full-width-no-padding&#8221;][vc_column][vc_single_image image=&#8221;1110&#8243; img_size=&#8221;2000&#215;350&#8243; alignment=&#8221;center&#8221;][\/vc_column][\/vc_row][vc_row][vc_column][vc_empty_space][elx_heading font_container=&#8221;h1&#8243; font_size=&#8221;h3&#8243; text_color=&#8221;inherit&#8221; text_align=&#8221;text-left&#8221;]Guide: Sk\u00e4rskivor[\/elx_heading][elx_heading font_size=&#8221;h5&#8243; text_color=&#8221;inherit&#8221; text_align=&#8221;text-left&#8221;]V\u00e5r sk\u00e4rskive-guide hj\u00e4lper dig att v\u00e4lja den skiva som b\u00e4st matchar dina behov inom produktserierna TRK, TRS, TR200 och TR210.[\/elx_heading][vc_empty_space][vc_row_inner][vc_column_inner width=&#8221;2\/3&#8243;][vc_column_text]<\/p>\n<div>\n<p style=\"text-align: left;\">Ta hj\u00e4lp av v\u00e5r sk\u00e4rskive-guide nedan f\u00f6r att se vilken sk\u00e4rskiva som ska anv\u00e4ndas beroende p\u00e5n r\u00e5vara du anv\u00e4nder. I guiden hittar du hela sortimentet och detaljer kring sk\u00e4rskivans storlek och typ.<\/p>\n<\/div>\n<p>[\/vc_column_text][vc_empty_space height=&#8221;12px&#8221;][elx_button button_text=&#8221;Uppt\u00e4ck vad vi erbjuder inom segmentet &#8220;sk\u00e4ra, mixa &amp; dela&#8220;&#8221; button_style=&#8221;icon&#8221; button_link=&#8221;url:https%3A%2F%2Fwww.electroluxprofessional.com%2Fse%2Fgronsaksskarare-kokshack-mixer%2F|title:Matberedning%3A%20%22sk%C3%A4ra%2C%20mixa%20%26%20skiva%22||&#8221;][vc_empty_space height=&#8221;12px&#8221;][elx_button button_text=&#8221;Uppt\u00e4ck v\u00e5ra produkter inom segmentet &#8220;skala, tv\u00e4tta &amp; torka&#8220;&#8221; button_style=&#8221;icon&#8221; button_link=&#8221;url:https%3A%2F%2Fwww.electroluxprofessional.com%2Fse%2Ffood-professionella-storkok-och-restauranger%2Fskalningsmaskiner%2F|title:Matberedning%3A%20skala%2C%20tv%C3%A4tta%20och%20torka||&#8221;][\/vc_column_inner][vc_column_inner width=&#8221;1\/3&#8243;][elx_download_block text=&#8221;Broschyren TRS\/TRK sk\u00e4rskivor&#8221; file_picker=&#8221;21702&#8243; background_color=&#8221;food-solutions&#8221;][\/vc_column_inner][\/vc_row_inner][\/vc_column][\/vc_row][vc_row][vc_column][elx_o2000_cutting_guide][\/vc_column][\/vc_row][vc_row][vc_column][elx_heading font_size=&#8221;h3&#8243; text_color=&#8221;inherit&#8221; text_align=&#8221;text-left&#8221;]Vill du veta mer om v\u00e5ra k\u00f6kshackar, gr\u00f6nskassk\u00e4rare eller andra beredningsprodukter? Kontakta oss![\/elx_heading][vc_empty_space height=&#8221;12px&#8221;][elx_o2000_contact_us r=&#8221;Jag skulle vilja veta mer om era beredningsprodukter. Kontakta mig g\u00e4rna!&#8221; s=&#8221;F\u00f6rfr\u00e5gan om information &#8211; beredningsmaskiner&#8221; country=&#8221;Sweden&#8221; b=&#8221;food&#8221; container=&#8221;elxcontactus1480324839&#8243;][vc_empty_space][\/vc_column][\/vc_row]<\/p>\n","protected":false},"excerpt":{"rendered":"<p>[vc_row full_width=&#8221;electroluxpro-full-width-no-padding&#8221;][vc_column][vc_single_image image=&#8221;1110&#8243; img_size=&#8221;2000&#215;350&#8243; alignment=&#8221;center&#8221;][\/vc_column][\/vc_row][vc_row][vc_column][vc_empty_space][elx_heading font_container=&#8221;h1&#8243; font_size=&#8221;h3&#8243; text_color=&#8221;inherit&#8221; text_align=&#8221;text-left&#8221;]Guide: Sk\u00e4rskivor[\/elx_heading][elx_heading font_size=&#8221;h5&#8243; text_color=&#8221;inherit&#8221; text_align=&#8221;text-left&#8221;]V\u00e5r sk\u00e4rskive-guide hj\u00e4lper dig att v\u00e4lja den skiva som b\u00e4st matchar dina behov inom produktserierna TRK, TRS, TR200 och TR210.[\/elx_heading][vc_empty_space][vc_row_inner][vc_column_inner width=&#8221;2\/3&#8243;][vc_column_text] Ta hj\u00e4lp av v\u00e5r sk\u00e4rskive-guide nedan f\u00f6r att se vilken sk\u00e4rskiva som ska anv\u00e4ndas beroende p\u00e5n r\u00e5vara du anv\u00e4nder. I guiden hittar [&hellip;]<\/p>\n","protected":false},"author":174,"featured_media":1110,"parent":2418,"menu_order":0,"comment_status":"closed","ping_status":"closed","template":"","meta":{"footnotes":""},"class_list":["post-15778","page","type-page","status-publish","has-post-thumbnail","hentry"],"acf":[],"yoast_head":"<!-- This site is optimized with the Yoast SEO plugin v23.3 - https:\/\/yoast.com\/wordpress\/plugins\/seo\/ -->\n<title>Guide f\u00f6r sk\u00e4rblad - Electrolux Professional Sverige<\/title>\n<meta name=\"description\" content=\"Guide f\u00f6r sk\u00e4rblad - hj\u00e4lper dig att v\u00e4lja det sk\u00e4rblad som b\u00e4st matchar dina behov f\u00f6r produktserierna TRK, TRS, TR200 och TR210.\" \/>\n<meta name=\"robots\" content=\"index, follow, max-snippet:-1, max-image-preview:large, max-video-preview:-1\" \/>\n<link rel=\"canonical\" href=\"https:\/\/www.electroluxprofessional.com\/se\/gronsaksskarare-kokshack-mixer\/skarskivor-guide\/\" \/>\n<meta property=\"og:locale\" content=\"sv_SE\" \/>\n<meta property=\"og:type\" content=\"article\" \/>\n<meta property=\"og:title\" content=\"Guide f\u00f6r sk\u00e4rblad - Electrolux Professional Sverige\" \/>\n<meta property=\"og:description\" content=\"Guide f\u00f6r sk\u00e4rblad - hj\u00e4lper dig att v\u00e4lja det sk\u00e4rblad som b\u00e4st matchar dina behov f\u00f6r produktserierna TRK, TRS, TR200 och TR210.\" \/>\n<meta property=\"og:url\" content=\"https:\/\/www.electroluxprofessional.com\/se\/gronsaksskarare-kokshack-mixer\/skarskivor-guide\/\" \/>\n<meta property=\"og:site_name\" content=\"Electrolux Professional Sverige\" \/>\n<meta property=\"article:modified_time\" content=\"2023-04-21T15:05:51+00:00\" \/>\n<meta property=\"og:image\" content=\"https:\/\/www.electroluxprofessional.com\/se\/wp-content\/uploads\/2016\/11\/banner-10-1.jpg\" \/>\n\t<meta property=\"og:image:width\" content=\"2000\" \/>\n\t<meta property=\"og:image:height\" content=\"1688\" \/>\n\t<meta property=\"og:image:type\" content=\"image\/jpeg\" \/>\n<meta name=\"twitter:card\" content=\"summary_large_image\" \/>\n<meta name=\"twitter:label1\" content=\"Ber\u00e4knad l\u00e4stid\" \/>\n\t<meta name=\"twitter:data1\" content=\"1 minut\" \/>\n<script type=\"application\/ld+json\" class=\"yoast-schema-graph\">{\"@context\":\"https:\/\/schema.org\",\"@graph\":[{\"@type\":\"WebPage\",\"@id\":\"https:\/\/www.electroluxprofessional.com\/se\/gronsaksskarare-kokshack-mixer\/skarskivor-guide\/\",\"url\":\"https:\/\/www.electroluxprofessional.com\/se\/gronsaksskarare-kokshack-mixer\/skarskivor-guide\/\",\"name\":\"Guide f\u00f6r sk\u00e4rblad - Electrolux Professional Sverige\",\"isPartOf\":{\"@id\":\"https:\/\/www.electroluxprofessional.com\/se\/#website\"},\"primaryImageOfPage\":{\"@id\":\"https:\/\/www.electroluxprofessional.com\/se\/gronsaksskarare-kokshack-mixer\/skarskivor-guide\/#primaryimage\"},\"image\":{\"@id\":\"https:\/\/www.electroluxprofessional.com\/se\/gronsaksskarare-kokshack-mixer\/skarskivor-guide\/#primaryimage\"},\"thumbnailUrl\":\"https:\/\/www.electroluxprofessional.com\/se\/wp-content\/uploads\/2016\/11\/banner-10-1.jpg\",\"datePublished\":\"2016-11-28T09:30:08+00:00\",\"dateModified\":\"2023-04-21T15:05:51+00:00\",\"description\":\"Guide f\u00f6r sk\u00e4rblad - hj\u00e4lper dig att v\u00e4lja det sk\u00e4rblad som b\u00e4st matchar dina behov f\u00f6r produktserierna TRK, TRS, TR200 och TR210.\",\"breadcrumb\":{\"@id\":\"https:\/\/www.electroluxprofessional.com\/se\/gronsaksskarare-kokshack-mixer\/skarskivor-guide\/#breadcrumb\"},\"inLanguage\":\"sv-SE\",\"potentialAction\":[{\"@type\":\"ReadAction\",\"target\":[\"https:\/\/www.electroluxprofessional.com\/se\/gronsaksskarare-kokshack-mixer\/skarskivor-guide\/\"]}]},{\"@type\":\"ImageObject\",\"inLanguage\":\"sv-SE\",\"@id\":\"https:\/\/www.electroluxprofessional.com\/se\/gronsaksskarare-kokshack-mixer\/skarskivor-guide\/#primaryimage\",\"url\":\"https:\/\/www.electroluxprofessional.com\/se\/wp-content\/uploads\/2016\/11\/banner-10-1.jpg\",\"contentUrl\":\"https:\/\/www.electroluxprofessional.com\/se\/wp-content\/uploads\/2016\/11\/banner-10-1.jpg\",\"width\":2000,\"height\":1688,\"caption\":\"food preparation\"},{\"@type\":\"BreadcrumbList\",\"@id\":\"https:\/\/www.electroluxprofessional.com\/se\/gronsaksskarare-kokshack-mixer\/skarskivor-guide\/#breadcrumb\",\"itemListElement\":[{\"@type\":\"ListItem\",\"position\":1,\"name\":\"Home\",\"item\":\"https:\/\/www.electroluxprofessional.com\/se\/\"},{\"@type\":\"ListItem\",\"position\":2,\"name\":\"Beredning: gr\u00f6nsakssk\u00e4rare, k\u00f6kshack och mixer\",\"item\":\"https:\/\/www.electroluxprofessional.com\/se\/gronsaksskarare-kokshack-mixer\/\"},{\"@type\":\"ListItem\",\"position\":3,\"name\":\"Sk\u00e4rskivor &#8211; Guide\"}]},{\"@type\":\"WebSite\",\"@id\":\"https:\/\/www.electroluxprofessional.com\/se\/#website\",\"url\":\"https:\/\/www.electroluxprofessional.com\/se\/\",\"name\":\"Electrolux Professional Sverige\",\"description\":\"\",\"potentialAction\":[{\"@type\":\"SearchAction\",\"target\":{\"@type\":\"EntryPoint\",\"urlTemplate\":\"https:\/\/www.electroluxprofessional.com\/se\/?src={search_term_string}\"},\"query-input\":\"required name=search_term_string\"}],\"inLanguage\":\"sv-SE\"}]}<\/script>\n<!-- \/ Yoast SEO plugin. -->","yoast_head_json":{"title":"Guide f\u00f6r sk\u00e4rblad - Electrolux Professional Sverige","description":"Guide f\u00f6r sk\u00e4rblad - hj\u00e4lper dig att v\u00e4lja det sk\u00e4rblad som b\u00e4st matchar dina behov f\u00f6r produktserierna TRK, TRS, TR200 och TR210.","robots":{"index":"index","follow":"follow","max-snippet":"max-snippet:-1","max-image-preview":"max-image-preview:large","max-video-preview":"max-video-preview:-1"},"canonical":"https:\/\/www.electroluxprofessional.com\/se\/gronsaksskarare-kokshack-mixer\/skarskivor-guide\/","og_locale":"sv_SE","og_type":"article","og_title":"Guide f\u00f6r sk\u00e4rblad - Electrolux Professional Sverige","og_description":"Guide f\u00f6r sk\u00e4rblad - hj\u00e4lper dig att v\u00e4lja det sk\u00e4rblad som b\u00e4st matchar dina behov f\u00f6r produktserierna TRK, TRS, TR200 och TR210.","og_url":"https:\/\/www.electroluxprofessional.com\/se\/gronsaksskarare-kokshack-mixer\/skarskivor-guide\/","og_site_name":"Electrolux Professional Sverige","article_modified_time":"2023-04-21T15:05:51+00:00","og_image":[{"width":2000,"height":1688,"url":"https:\/\/www.electroluxprofessional.com\/se\/wp-content\/uploads\/2016\/11\/banner-10-1.jpg","type":"image\/jpeg"}],"twitter_card":"summary_large_image","twitter_misc":{"Ber\u00e4knad l\u00e4stid":"1 minut"},"schema":{"@context":"https:\/\/schema.org","@graph":[{"@type":"WebPage","@id":"https:\/\/www.electroluxprofessional.com\/se\/gronsaksskarare-kokshack-mixer\/skarskivor-guide\/","url":"https:\/\/www.electroluxprofessional.com\/se\/gronsaksskarare-kokshack-mixer\/skarskivor-guide\/","name":"Guide f\u00f6r sk\u00e4rblad - Electrolux Professional Sverige","isPartOf":{"@id":"https:\/\/www.electroluxprofessional.com\/se\/#website"},"primaryImageOfPage":{"@id":"https:\/\/www.electroluxprofessional.com\/se\/gronsaksskarare-kokshack-mixer\/skarskivor-guide\/#primaryimage"},"image":{"@id":"https:\/\/www.electroluxprofessional.com\/se\/gronsaksskarare-kokshack-mixer\/skarskivor-guide\/#primaryimage"},"thumbnailUrl":"https:\/\/www.electroluxprofessional.com\/se\/wp-content\/uploads\/2016\/11\/banner-10-1.jpg","datePublished":"2016-11-28T09:30:08+00:00","dateModified":"2023-04-21T15:05:51+00:00","description":"Guide f\u00f6r sk\u00e4rblad - hj\u00e4lper dig att v\u00e4lja det sk\u00e4rblad som b\u00e4st matchar dina behov f\u00f6r produktserierna TRK, TRS, TR200 och TR210.","breadcrumb":{"@id":"https:\/\/www.electroluxprofessional.com\/se\/gronsaksskarare-kokshack-mixer\/skarskivor-guide\/#breadcrumb"},"inLanguage":"sv-SE","potentialAction":[{"@type":"ReadAction","target":["https:\/\/www.electroluxprofessional.com\/se\/gronsaksskarare-kokshack-mixer\/skarskivor-guide\/"]}]},{"@type":"ImageObject","inLanguage":"sv-SE","@id":"https:\/\/www.electroluxprofessional.com\/se\/gronsaksskarare-kokshack-mixer\/skarskivor-guide\/#primaryimage","url":"https:\/\/www.electroluxprofessional.com\/se\/wp-content\/uploads\/2016\/11\/banner-10-1.jpg","contentUrl":"https:\/\/www.electroluxprofessional.com\/se\/wp-content\/uploads\/2016\/11\/banner-10-1.jpg","width":2000,"height":1688,"caption":"food preparation"},{"@type":"BreadcrumbList","@id":"https:\/\/www.electroluxprofessional.com\/se\/gronsaksskarare-kokshack-mixer\/skarskivor-guide\/#breadcrumb","itemListElement":[{"@type":"ListItem","position":1,"name":"Home","item":"https:\/\/www.electroluxprofessional.com\/se\/"},{"@type":"ListItem","position":2,"name":"Beredning: gr\u00f6nsakssk\u00e4rare, k\u00f6kshack och mixer","item":"https:\/\/www.electroluxprofessional.com\/se\/gronsaksskarare-kokshack-mixer\/"},{"@type":"ListItem","position":3,"name":"Sk\u00e4rskivor &#8211; Guide"}]},{"@type":"WebSite","@id":"https:\/\/www.electroluxprofessional.com\/se\/#website","url":"https:\/\/www.electroluxprofessional.com\/se\/","name":"Electrolux Professional Sverige","description":"","potentialAction":[{"@type":"SearchAction","target":{"@type":"EntryPoint","urlTemplate":"https:\/\/www.electroluxprofessional.com\/se\/?src={search_term_string}"},"query-input":"required name=search_term_string"}],"inLanguage":"sv-SE"}]}},"_links":{"self":[{"href":"https:\/\/www.electroluxprofessional.com\/se\/wp-json\/wp\/v2\/pages\/15778"}],"collection":[{"href":"https:\/\/www.electroluxprofessional.com\/se\/wp-json\/wp\/v2\/pages"}],"about":[{"href":"https:\/\/www.electroluxprofessional.com\/se\/wp-json\/wp\/v2\/types\/page"}],"author":[{"embeddable":true,"href":"https:\/\/www.electroluxprofessional.com\/se\/wp-json\/wp\/v2\/users\/174"}],"replies":[{"embeddable":true,"href":"https:\/\/www.electroluxprofessional.com\/se\/wp-json\/wp\/v2\/comments?post=15778"}],"version-history":[{"count":18,"href":"https:\/\/www.electroluxprofessional.com\/se\/wp-json\/wp\/v2\/pages\/15778\/revisions"}],"predecessor-version":[{"id":21851,"href":"https:\/\/www.electroluxprofessional.com\/se\/wp-json\/wp\/v2\/pages\/15778\/revisions\/21851"}],"up":[{"embeddable":true,"href":"https:\/\/www.electroluxprofessional.com\/se\/wp-json\/wp\/v2\/pages\/2418"}],"wp:featuredmedia":[{"embeddable":true,"href":"https:\/\/www.electroluxprofessional.com\/se\/wp-json\/wp\/v2\/media\/1110"}],"wp:attachment":[{"href":"https:\/\/www.electroluxprofessional.com\/se\/wp-json\/wp\/v2\/media?parent=15778"}],"curies":[{"name":"wp","href":"https:\/\/api.w.org\/{rel}","templated":true}]}}