{"id":15595,"date":"2016-11-25T11:47:53","date_gmt":"2016-11-25T11:47:53","guid":{"rendered":"https:\/\/www.electroluxprofessional.com\/?page_id=5890"},"modified":"2025-10-16T08:53:11","modified_gmt":"2025-10-16T07:53:11","slug":"vispmaskiner-degmaskiner","status":"publish","type":"page","link":"https:\/\/www.electroluxprofessional.com\/se\/storkok\/vispmaskiner-degmaskiner\/","title":{"rendered":"Matberedning: kn\u00e5da, vispa och blanda"},"content":{"rendered":"<p>[vc_row full_width=&#8221;electroluxpro-full-width-no-padding&#8221;][vc_column][elx_image_block background_image=&#8221;2042&#8243; minimum_height=&#8221;350px&#8221;][\/vc_column][\/vc_row][vc_row][vc_column][vc_empty_space][elx_heading font_container=&#8221;h1&#8243; font_size=&#8221;h3&#8243; text_color=&#8221;inherit&#8221; text_align=&#8221;text-left&#8221;]Electrolux Professional erbjuder ett stort sortiment av vispmaskiner, degmaskiner och degkavlare<\/p>\n<h2>&#8211; specifikt framtagna f\u00f6r att passa alla de h\u00f6ga krav som g\u00e4ller vid bakning, bakverks- och pizzatillredning.<\/h2>\n<p>[\/elx_heading][vc_empty_space][\/vc_column][\/vc_row][vc_row][vc_column width=&#8221;1\/3&#8243;][vc_single_image image=&#8221;52897&#8243; img_size=&#8221;full&#8221;][elx_heading font_size=&#8221;h3&#8243; text_color=&#8221;inherit&#8221; text_align=&#8221;text-left&#8221;]Vispmaskiner[\/elx_heading][elx_heading font_container=&#8221;h3&#8243; font_size=&#8221;h5&#8243; text_color=&#8221;inherit&#8221; text_align=&#8221;text-left&#8221;]&amp; blandningsmaskiner[\/elx_heading][vc_column_text]Maximal prestanda. Kompakt men \u00e4nd\u00e5 kraftfull. Robusthet framf\u00f6r allt.<\/p>\n<p>Ett brett utbud av visp- och blandningsmaskiner: <strong>fr\u00e5n 5 till 80 liter<\/strong>.<br \/>\nL\u00e4tt att tillf\u00f6ra ingredienserna under drift. Ett \u201dklippsystem\u201d, utan skruvar, f\u00f6r enkel borttagning och reng\u00f6ring av st\u00e4nkskyddet.[\/vc_column_text][vc_column_text]\u00d6verl\u00e4gsen prestanda i kn\u00e5dning, blandning och vispning tack vare:<\/p>\n<ul>\n<li>Exklusiv design<\/li>\n<li>Variabel hastighet<\/li>\n<li>Verktyg som perfekt anpassar sig till sk\u00e5len f\u00f6r enhetlig blandning av t.o.m. de minsta m\u00e4ngder<\/li>\n<li>100% diskmaskins\u00e4kra verktyg, sk\u00e5l och st\u00e4nkskydd<\/li>\n<\/ul>\n<p>[\/vc_column_text][\/vc_column][vc_column width=&#8221;1\/3&#8243;][vc_single_image image=&#8221;52899&#8243; img_size=&#8221;360*360&#8243;][elx_heading font_size=&#8221;h3&#8243; text_color=&#8221;inherit&#8221; text_align=&#8221;text-left&#8221;]Degmaskiner[\/elx_heading][elx_heading font_container=&#8221;h3&#8243; font_size=&#8221;h5&#8243; text_color=&#8221;inherit&#8221; text_align=&#8221;text-left&#8221;]f\u00f6r bagerier &amp; pizzerior[\/elx_heading][vc_column_text]<strong>Degmaskiner<\/strong>, \u00e4r det b\u00e4sta valet f\u00f6r professionella bagerier och pizzerior. Vi erbjuder <strong>gaffel- och spiralkn\u00e5dare<\/strong> f\u00f6r att f\u00f6rbereda specialbr\u00f6d, pizzadeg och bakverk.<\/p>\n<p><strong>Optimal kn\u00e5dningskvalitet<\/strong> uppn\u00e5s alltid genom m\u00f6jlighet till tv\u00e5 hastigheter; l\u00e5ngsam f\u00f6r traditionell kn\u00e5dning och den alternativa f\u00f6r snabb kn\u00e5dning.<\/p>\n<p>Maskinerna har en anv\u00e4ndarv\u00e4nlig digital styrpanel, med en timer f\u00f6r <strong>exakt kontroll.<\/strong><\/p>\n<p>Dessutom stoppar en <strong>s\u00e4kerhetsanordning<\/strong> maskinen n\u00e4r skyddssk\u00e4rmen h\u00f6js.[\/vc_column_text][\/vc_column][vc_column width=&#8221;1\/3&#8243;][vc_single_image image=&#8221;2046&#8243; img_size=&#8221;360*360&#8243;][vc_empty_space height=&#8221;50px&#8221;][elx_heading font_size=&#8221;h3&#8243; text_color=&#8221;inherit&#8221; text_align=&#8221;text-left&#8221;]Degkavlare[\/elx_heading][elx_heading font_container=&#8221;h3&#8243; font_size=&#8221;h5&#8243; text_color=&#8221;inherit&#8221; text_align=&#8221;text-left&#8221;]Manuell[\/elx_heading][vc_column_text]<\/p>\n<ul>\n<li>Kompakt och l\u00e4tt att flytta<\/li>\n<li>Teflonbelagda cylindrar<\/li>\n<li>Arbetsbredd: 400 mm<\/li>\n<li>Uttagbara glidramar\/klaffar i rostfritt st\u00e5l<\/li>\n<\/ul>\n<p>[\/vc_column_text][elx_heading font_container=&#8221;h3&#8243; font_size=&#8221;h5&#8243; text_color=&#8221;inherit&#8221; text_align=&#8221;text-left&#8221;]Motoriserad[\/elx_heading][vc_column_text]<\/p>\n<ul>\n<li>S\u00e4kerhetsgallersk\u00e4rm<\/li>\n<li>Teflonbelagda, avtagbara glidramar<\/li>\n<li>St\u00e5lcylindrar som kan justeras beroende p\u00e5 \u00f6nskad tjocklek<\/li>\n<li>Manuell spak f\u00f6r att invertera cylinderrotationen<\/li>\n<li>Mj\u00f6lbeh\u00e5llare fixeras i maskinens toppstycke<\/li>\n<li>Frist\u00e5ende fotpedal f\u00f6r att \u00e4ndra rullningsriktning (tillbeh\u00f6r)<\/li>\n<\/ul>\n<p>[\/vc_column_text][elx_heading font_container=&#8221;h3&#8243; font_size=&#8221;h5&#8243; text_color=&#8221;inherit&#8221; text_align=&#8221;text-left&#8221;]Motoriserat b\u00e4lte[\/elx_heading][vc_column_text]<\/p>\n<ul>\n<li>Modeller med 1 hastighet eller variabel hastighet<\/li>\n<li>Skivorna kan lyftas undan f\u00f6r att spara utrymme<\/li>\n<li>Galler med s\u00e4kerhetbrytare som stoppar motorn om gallret h\u00f6js<\/li>\n<li>Manuell spak f\u00f6r att invertera cylinderrotationen<\/li>\n<li>Arbetsbredder: 500 mm eller 600 mm<\/li>\n<li>Mj\u00f6lbeh\u00e5llare fixerad i maskinens toppstycke<\/li>\n<li>Frist\u00e5ende fotpedal f\u00f6r att \u00e4ndra rullningsriktning<br \/>\n(extra tillbeh\u00f6r)<\/li>\n<\/ul>\n<p>[\/vc_column_text][\/vc_column][\/vc_row][vc_row][vc_column width=&#8221;2\/3&#8243;][elx_download_block text=&#8221;Produktkatalog matberedning (svenska)&#8221; document_type=&#8221;brochures&#8221; file_picker=&#8221;15710&#8243; background_color=&#8221;food-solutions&#8221; reveal_effect=&#8221;&#8221; reveal_duration=&#8221;&#8221; reveal_delay=&#8221;&#8221; br_document_number=&#8221;BR-9JE00190&#8243;][\/vc_column][vc_column width=&#8221;1\/3&#8243;][\/vc_column][\/vc_row][vc_row css=&#8221;.vc_custom_1517829302842{background-color: #eeeeee !important;}&#8221;][vc_column][elx_heading font_size=&#8221;h3&#8243; text_color=&#8221;inherit&#8221; text_align=&#8221;text-left&#8221;]Kanske \u00e4r du ocks\u00e5 intresserad av&#8230;[\/elx_heading][vc_empty_space height=&#8221;50px&#8221;][\/vc_column][\/vc_row][vc_row css=&#8221;.vc_custom_1517829312963{background-color: #eeeeee !important;}&#8221;][vc_column width=&#8221;1\/3&#8243;][elx_maylike_box id_box=&#8221;15937&#8243;][\/vc_column][vc_column width=&#8221;1\/3&#8243;][elx_maylike_box id_box=&#8221;11411&#8243;][\/vc_column][vc_column width=&#8221;1\/3&#8243;][elx_maylike_box id_box=&#8221;2702&#8243;][\/vc_column][\/vc_row][vc_row][vc_column][vc_empty_space height=&#8221;50px&#8221;][elx_heading font_size=&#8221;h3&#8243; text_color=&#8221;inherit&#8221; text_align=&#8221;text-left&#8221;]Uppt\u00e4ck v\u00e5ra visp- och blandningsmaskiner, degmaskiner och degkavlar f\u00f6r professionella k\u00f6k![\/elx_heading][elx_o2000_contact_us s=&#8221;F\u00f6rfr\u00e5gan om produkter f\u00f6r att kn\u00e5da, vispa, blanda&#8221; country=&#8221;Sweden&#8221; b=&#8221;food&#8221; container=&#8221;elxcontactus1480081277&#8243; r=&#8221;Jag skulle vilja veta mer om maskiner f\u00f6r att kn\u00e5da, vispa och blanda. Kontakta mig g\u00e4rna!&#8221; l=&#8221;se&#8221;][vc_empty_space height=&#8221;50px&#8221;][elx_heading font_container=&#8221;h3&#8243; font_size=&#8221;h3&#8243; text_color=&#8221;inherit&#8221; text_align=&#8221;text-left&#8221;]Kn\u00e5da, vispa &amp; blanda[\/elx_heading][\/vc_column][\/vc_row]<\/p>\n","protected":false},"excerpt":{"rendered":"<p>[vc_row full_width=&#8221;electroluxpro-full-width-no-padding&#8221;][vc_column][elx_image_block background_image=&#8221;2042&#8243; minimum_height=&#8221;350px&#8221;][\/vc_column][\/vc_row][vc_row][vc_column][vc_empty_space][elx_heading font_container=&#8221;h1&#8243; font_size=&#8221;h3&#8243; text_color=&#8221;inherit&#8221; text_align=&#8221;text-left&#8221;]Electrolux Professional erbjuder ett stort sortiment av vispmaskiner, degmaskiner och degkavlare &#8211; specifikt framtagna f\u00f6r att passa alla de h\u00f6ga krav som g\u00e4ller vid bakning, bakverks- och pizzatillredning. [\/elx_heading][vc_empty_space][\/vc_column][\/vc_row][vc_row][vc_column width=&#8221;1\/3&#8243;][vc_single_image image=&#8221;52897&#8243; img_size=&#8221;full&#8221;][elx_heading font_size=&#8221;h3&#8243; text_color=&#8221;inherit&#8221; text_align=&#8221;text-left&#8221;]Vispmaskiner[\/elx_heading][elx_heading font_container=&#8221;h3&#8243; font_size=&#8221;h5&#8243; text_color=&#8221;inherit&#8221; text_align=&#8221;text-left&#8221;]&amp; blandningsmaskiner[\/elx_heading][vc_column_text]Maximal prestanda. Kompakt men \u00e4nd\u00e5 kraftfull. Robusthet framf\u00f6r allt. [&hellip;]<\/p>\n","protected":false},"author":174,"featured_media":2042,"parent":51186,"menu_order":0,"comment_status":"closed","ping_status":"closed","template":"","meta":{"footnotes":""},"class_list":["post-15595","page","type-page","status-publish","has-post-thumbnail","hentry"],"acf":[],"yoast_head":"<!-- This site is optimized with the Yoast SEO plugin v23.3 - https:\/\/yoast.com\/wordpress\/plugins\/seo\/ -->\n<title>Vispmaskiner &amp; degmaskiner - Electrolux Professional Sverige<\/title>\n<meta name=\"description\" content=\"Vi erbjuder ett stort sortiment av vispmaskiner, degmaskiner och degkavlare f\u00f6r restauranger, stork\u00f6k och bagerier.\" \/>\n<meta name=\"robots\" content=\"index, follow, max-snippet:-1, max-image-preview:large, max-video-preview:-1\" \/>\n<link rel=\"canonical\" href=\"https:\/\/www.electroluxprofessional.com\/se\/storkok\/vispmaskiner-degmaskiner\/\" \/>\n<meta property=\"og:locale\" content=\"sv_SE\" \/>\n<meta property=\"og:type\" content=\"article\" \/>\n<meta property=\"og:title\" content=\"Vispmaskiner &amp; degmaskiner - Electrolux Professional Sverige\" \/>\n<meta property=\"og:description\" content=\"Vi erbjuder ett stort sortiment av vispmaskiner, degmaskiner och degkavlare f\u00f6r restauranger, stork\u00f6k och bagerier.\" \/>\n<meta property=\"og:url\" content=\"https:\/\/www.electroluxprofessional.com\/se\/storkok\/vispmaskiner-degmaskiner\/\" \/>\n<meta property=\"og:site_name\" content=\"Electrolux Professional Sverige\" \/>\n<meta property=\"article:modified_time\" content=\"2025-10-16T07:53:11+00:00\" \/>\n<meta property=\"og:image\" content=\"https:\/\/www.electroluxprofessional.com\/se\/wp-content\/uploads\/2017\/02\/food-prep1.jpg\" \/>\n\t<meta property=\"og:image:width\" content=\"2000\" \/>\n\t<meta property=\"og:image:height\" content=\"1333\" \/>\n\t<meta property=\"og:image:type\" content=\"image\/jpeg\" \/>\n<meta name=\"twitter:card\" content=\"summary_large_image\" \/>\n<meta name=\"twitter:label1\" content=\"Ber\u00e4knad l\u00e4stid\" \/>\n\t<meta name=\"twitter:data1\" content=\"3 minuter\" \/>\n<script type=\"application\/ld+json\" class=\"yoast-schema-graph\">{\"@context\":\"https:\/\/schema.org\",\"@graph\":[{\"@type\":\"WebPage\",\"@id\":\"https:\/\/www.electroluxprofessional.com\/se\/storkok\/vispmaskiner-degmaskiner\/\",\"url\":\"https:\/\/www.electroluxprofessional.com\/se\/storkok\/vispmaskiner-degmaskiner\/\",\"name\":\"Vispmaskiner & degmaskiner - Electrolux Professional Sverige\",\"isPartOf\":{\"@id\":\"https:\/\/www.electroluxprofessional.com\/se\/#website\"},\"primaryImageOfPage\":{\"@id\":\"https:\/\/www.electroluxprofessional.com\/se\/storkok\/vispmaskiner-degmaskiner\/#primaryimage\"},\"image\":{\"@id\":\"https:\/\/www.electroluxprofessional.com\/se\/storkok\/vispmaskiner-degmaskiner\/#primaryimage\"},\"thumbnailUrl\":\"https:\/\/www.electroluxprofessional.com\/se\/wp-content\/uploads\/2017\/02\/food-prep1.jpg\",\"datePublished\":\"2016-11-25T11:47:53+00:00\",\"dateModified\":\"2025-10-16T07:53:11+00:00\",\"description\":\"Vi erbjuder ett stort sortiment av vispmaskiner, degmaskiner och degkavlare f\u00f6r restauranger, stork\u00f6k och bagerier.\",\"breadcrumb\":{\"@id\":\"https:\/\/www.electroluxprofessional.com\/se\/storkok\/vispmaskiner-degmaskiner\/#breadcrumb\"},\"inLanguage\":\"sv-SE\",\"potentialAction\":[{\"@type\":\"ReadAction\",\"target\":[\"https:\/\/www.electroluxprofessional.com\/se\/storkok\/vispmaskiner-degmaskiner\/\"]}]},{\"@type\":\"ImageObject\",\"inLanguage\":\"sv-SE\",\"@id\":\"https:\/\/www.electroluxprofessional.com\/se\/storkok\/vispmaskiner-degmaskiner\/#primaryimage\",\"url\":\"https:\/\/www.electroluxprofessional.com\/se\/wp-content\/uploads\/2017\/02\/food-prep1.jpg\",\"contentUrl\":\"https:\/\/www.electroluxprofessional.com\/se\/wp-content\/uploads\/2017\/02\/food-prep1.jpg\",\"width\":2000,\"height\":1333,\"caption\":\"food-prep1\"},{\"@type\":\"BreadcrumbList\",\"@id\":\"https:\/\/www.electroluxprofessional.com\/se\/storkok\/vispmaskiner-degmaskiner\/#breadcrumb\",\"itemListElement\":[{\"@type\":\"ListItem\",\"position\":1,\"name\":\"Home\",\"item\":\"https:\/\/www.electroluxprofessional.com\/se\/\"},{\"@type\":\"ListItem\",\"position\":2,\"name\":\"Stork\u00f6k\",\"item\":\"https:\/\/www.electroluxprofessional.com\/se\/storkok\/\"},{\"@type\":\"ListItem\",\"position\":3,\"name\":\"Matberedning: kn\u00e5da, vispa och blanda\"}]},{\"@type\":\"WebSite\",\"@id\":\"https:\/\/www.electroluxprofessional.com\/se\/#website\",\"url\":\"https:\/\/www.electroluxprofessional.com\/se\/\",\"name\":\"Electrolux Professional Sverige\",\"description\":\"\",\"potentialAction\":[{\"@type\":\"SearchAction\",\"target\":{\"@type\":\"EntryPoint\",\"urlTemplate\":\"https:\/\/www.electroluxprofessional.com\/se\/?src={search_term_string}\"},\"query-input\":\"required name=search_term_string\"}],\"inLanguage\":\"sv-SE\"}]}<\/script>\n<!-- \/ Yoast SEO plugin. -->","yoast_head_json":{"title":"Vispmaskiner & degmaskiner - Electrolux Professional Sverige","description":"Vi erbjuder ett stort sortiment av vispmaskiner, degmaskiner och degkavlare f\u00f6r restauranger, stork\u00f6k och bagerier.","robots":{"index":"index","follow":"follow","max-snippet":"max-snippet:-1","max-image-preview":"max-image-preview:large","max-video-preview":"max-video-preview:-1"},"canonical":"https:\/\/www.electroluxprofessional.com\/se\/storkok\/vispmaskiner-degmaskiner\/","og_locale":"sv_SE","og_type":"article","og_title":"Vispmaskiner & degmaskiner - Electrolux Professional Sverige","og_description":"Vi erbjuder ett stort sortiment av vispmaskiner, degmaskiner och degkavlare f\u00f6r restauranger, stork\u00f6k och bagerier.","og_url":"https:\/\/www.electroluxprofessional.com\/se\/storkok\/vispmaskiner-degmaskiner\/","og_site_name":"Electrolux Professional Sverige","article_modified_time":"2025-10-16T07:53:11+00:00","og_image":[{"width":2000,"height":1333,"url":"https:\/\/www.electroluxprofessional.com\/se\/wp-content\/uploads\/2017\/02\/food-prep1.jpg","type":"image\/jpeg"}],"twitter_card":"summary_large_image","twitter_misc":{"Ber\u00e4knad l\u00e4stid":"3 minuter"},"schema":{"@context":"https:\/\/schema.org","@graph":[{"@type":"WebPage","@id":"https:\/\/www.electroluxprofessional.com\/se\/storkok\/vispmaskiner-degmaskiner\/","url":"https:\/\/www.electroluxprofessional.com\/se\/storkok\/vispmaskiner-degmaskiner\/","name":"Vispmaskiner & degmaskiner - Electrolux Professional Sverige","isPartOf":{"@id":"https:\/\/www.electroluxprofessional.com\/se\/#website"},"primaryImageOfPage":{"@id":"https:\/\/www.electroluxprofessional.com\/se\/storkok\/vispmaskiner-degmaskiner\/#primaryimage"},"image":{"@id":"https:\/\/www.electroluxprofessional.com\/se\/storkok\/vispmaskiner-degmaskiner\/#primaryimage"},"thumbnailUrl":"https:\/\/www.electroluxprofessional.com\/se\/wp-content\/uploads\/2017\/02\/food-prep1.jpg","datePublished":"2016-11-25T11:47:53+00:00","dateModified":"2025-10-16T07:53:11+00:00","description":"Vi erbjuder ett stort sortiment av vispmaskiner, degmaskiner och degkavlare f\u00f6r restauranger, stork\u00f6k och bagerier.","breadcrumb":{"@id":"https:\/\/www.electroluxprofessional.com\/se\/storkok\/vispmaskiner-degmaskiner\/#breadcrumb"},"inLanguage":"sv-SE","potentialAction":[{"@type":"ReadAction","target":["https:\/\/www.electroluxprofessional.com\/se\/storkok\/vispmaskiner-degmaskiner\/"]}]},{"@type":"ImageObject","inLanguage":"sv-SE","@id":"https:\/\/www.electroluxprofessional.com\/se\/storkok\/vispmaskiner-degmaskiner\/#primaryimage","url":"https:\/\/www.electroluxprofessional.com\/se\/wp-content\/uploads\/2017\/02\/food-prep1.jpg","contentUrl":"https:\/\/www.electroluxprofessional.com\/se\/wp-content\/uploads\/2017\/02\/food-prep1.jpg","width":2000,"height":1333,"caption":"food-prep1"},{"@type":"BreadcrumbList","@id":"https:\/\/www.electroluxprofessional.com\/se\/storkok\/vispmaskiner-degmaskiner\/#breadcrumb","itemListElement":[{"@type":"ListItem","position":1,"name":"Home","item":"https:\/\/www.electroluxprofessional.com\/se\/"},{"@type":"ListItem","position":2,"name":"Stork\u00f6k","item":"https:\/\/www.electroluxprofessional.com\/se\/storkok\/"},{"@type":"ListItem","position":3,"name":"Matberedning: kn\u00e5da, vispa och blanda"}]},{"@type":"WebSite","@id":"https:\/\/www.electroluxprofessional.com\/se\/#website","url":"https:\/\/www.electroluxprofessional.com\/se\/","name":"Electrolux Professional Sverige","description":"","potentialAction":[{"@type":"SearchAction","target":{"@type":"EntryPoint","urlTemplate":"https:\/\/www.electroluxprofessional.com\/se\/?src={search_term_string}"},"query-input":"required name=search_term_string"}],"inLanguage":"sv-SE"}]}},"_links":{"self":[{"href":"https:\/\/www.electroluxprofessional.com\/se\/wp-json\/wp\/v2\/pages\/15595"}],"collection":[{"href":"https:\/\/www.electroluxprofessional.com\/se\/wp-json\/wp\/v2\/pages"}],"about":[{"href":"https:\/\/www.electroluxprofessional.com\/se\/wp-json\/wp\/v2\/types\/page"}],"author":[{"embeddable":true,"href":"https:\/\/www.electroluxprofessional.com\/se\/wp-json\/wp\/v2\/users\/174"}],"replies":[{"embeddable":true,"href":"https:\/\/www.electroluxprofessional.com\/se\/wp-json\/wp\/v2\/comments?post=15595"}],"version-history":[{"count":23,"href":"https:\/\/www.electroluxprofessional.com\/se\/wp-json\/wp\/v2\/pages\/15595\/revisions"}],"predecessor-version":[{"id":54292,"href":"https:\/\/www.electroluxprofessional.com\/se\/wp-json\/wp\/v2\/pages\/15595\/revisions\/54292"}],"up":[{"embeddable":true,"href":"https:\/\/www.electroluxprofessional.com\/se\/wp-json\/wp\/v2\/pages\/51186"}],"wp:featuredmedia":[{"embeddable":true,"href":"https:\/\/www.electroluxprofessional.com\/se\/wp-json\/wp\/v2\/media\/2042"}],"wp:attachment":[{"href":"https:\/\/www.electroluxprofessional.com\/se\/wp-json\/wp\/v2\/media?parent=15595"}],"curies":[{"name":"wp","href":"https:\/\/api.w.org\/{rel}","templated":true}]}}