{"id":15090,"date":"2016-11-25T10:39:36","date_gmt":"2016-11-25T10:39:36","guid":{"rendered":"https:\/\/www.electroluxprofessional.com\/?page_id=5866"},"modified":"2025-10-16T08:52:45","modified_gmt":"2025-10-16T07:52:45","slug":"skalningsmaskiner","status":"publish","type":"page","link":"https:\/\/www.electroluxprofessional.com\/se\/storkok\/skalningsmaskiner\/","title":{"rendered":"Matberedning: skala, tv\u00e4tta &#038; torka"},"content":{"rendered":"<p>[vc_row full_width=&#8221;electroluxpro-full-width-no-padding&#8221;][vc_column][vc_single_image image=&#8221;21858&#8243; img_size=&#8221;2000*350&#8243;][\/vc_column][\/vc_row][vc_row][vc_column][vc_empty_space][elx_heading font_container=&#8221;h1&#8243; font_size=&#8221;h3&#8243; text_color=&#8221;inherit&#8221; text_align=&#8221;text-left&#8221;]Skala, tv\u00e4tta och centrifugera med v\u00e5rt sortiment av skalningsmaskiner, gr\u00f6nsakstv\u00e4ttar och centrifugeringsmaskiner[\/elx_heading][vc_empty_space height=&#8221;15px&#8221;][\/vc_column][\/vc_row][vc_row][vc_column width=&#8221;1\/3&#8243;][vc_empty_space][vc_empty_space][vc_single_image image=&#8221;21859&#8243; img_size=&#8221;full&#8221;][\/vc_column][vc_column width=&#8221;2\/3&#8243;][elx_heading font_size=&#8221;h3&#8243; text_color=&#8221;inherit&#8221; text_align=&#8221;text-left&#8221;]Skalningsmaskiner med multifunktion[\/elx_heading][vc_empty_space][vc_column_text]<strong>Electrolux Professionals\u00a0skalningsmaskiner<\/strong> g\u00f6r s\u00e5 mycket mer \u00e4n att bara avl\u00e4gsna potatisskal. De skalar <strong>h\u00e5rda och mjuka gr\u00f6nsaker, reng\u00f6r musselskal och borstar gr\u00f6nsaker<\/strong> utan att skala och centrifugera dem.<\/p>\n<p>F\u00f6r h\u00f6gsta kvalitet p\u00e5 resultatet levereras maskinerna alltid med en slipplatta som standard.<\/p>\n<p>V\u00e5ra skalningsmaskiner har ett antal <strong>olika kapaciteter<\/strong> f\u00f6r att passa b\u00e5de mindre och st\u00f6rre restauranger och ger fr\u00e5n <strong>80 kg\/h till 400 kg<\/strong><strong>\/h<\/strong> skalade gr\u00f6nsaker.<\/p>\n<p><strong>L\u00e4ttanv\u00e4nd och vattens\u00e4ker kontrollpanel<\/strong>\u00a0med resetknapp och programmerbar timer.<\/p>\n<div><\/div>\n<p>[\/vc_column_text][\/vc_column][\/vc_row][vc_row][vc_column][vc_empty_space][\/vc_column][\/vc_row][vc_row][vc_column width=&#8221;2\/3&#8243;][elx_heading font_size=&#8221;h3&#8243; text_color=&#8221;electrolux-blue&#8221; text_align=&#8221;text-left&#8221;]Gr\u00f6nsakstv\u00e4ttar och centrifugeringsmaskiner[\/elx_heading][vc_column_text]Electrolux Professional erbjuder ett brett och p\u00e5litligt sortiment av <strong>gr\u00f6nsakstv\u00e4ttar<\/strong>, <strong>centrifugeringsmaskiner<\/strong> och <strong>kombinerade maskiner<\/strong> med &#8220;2-i-1-l\u00f6sning&#8221;. De \u00e4r viktiga komponenter f\u00f6r b\u00e5de mindre och st\u00f6rre k\u00f6k.<\/p>\n<p>V\u00e4lj vad som \u00e4r b\u00e4st f\u00f6r din professionella k\u00f6ksmilj\u00f6! Tv\u00e4tta och torka din sallad, spenat, purjol\u00f6k, persilja, k\u00e5l, broccoli och kron\u00e4rtskockor p\u00e5 rekordtid f\u00f6r att beh\u00e5lla b\u00e4sta smak och konsistens till servering.<\/p>\n<p>V\u00e5ra produkter \u00e4r utformade f\u00f6r att <strong>garantera h\u00f6gsta hygien och s\u00e4ker behandling oavsett vilka gr\u00f6nsaker som ska hanteras <\/strong>. Maskinerna \u00e4r \u00e4ven enkla att reng\u00f6ra.[\/vc_column_text][\/vc_column][vc_column width=&#8221;1\/3&#8243;][vc_single_image image=&#8221;52886&#8243; img_size=&#8221;full&#8221;][\/vc_column][\/vc_row][vc_row][vc_column width=&#8221;1\/2&#8243;][vc_empty_space][elx_download_block text=&#8221;Produktkatalog<br \/>\nmatberedning&#8221; document_type=&#8221;brochures&#8221; file_picker=&#8221;15710&#8243; background_color=&#8221;cat-create&#8221; reveal_effect=&#8221;fadeIn&#8221; reveal_duration=&#8221;&#8221; reveal_delay=&#8221;&#8221; br_document_number=&#8221;BR-9JE00190&#8243;][\/vc_column][vc_column width=&#8221;1\/2&#8243;][vc_empty_space][elx_button button_text=&#8221;Uppt\u00e4ck v\u00e5ra produkter inom &#8220;sk\u00e4ra, mixa &amp; skiva&#8220;&#8221; button_style=&#8221;icon&#8221; button_link=&#8221;url:https%3A%2F%2Fwww.electroluxprofessional.com%2Fse%2Fgronsaksskarare-kokshack-mixer%2F|title:Matberedning%3A%20%22sk%C3%A4ra%2C%20mixa%20%26%20skiva%22||&#8221;][vc_empty_space][elx_button button_text=&#8221;Uppt\u00e4ck v\u00e5ra produkter inom: &#8220;Kn\u00e5da, vispa &amp; blanda&#8220;&#8221; button_style=&#8221;icon&#8221; button_link=&#8221;url:https%3A%2F%2Fwww.electroluxprofessional.com%2Fse%2Fberedningsmaskiner-knada-vispa%2F|title:Matberedning%3A%20kn%C3%A5da%2C%20vispa%20%26%20blanda||&#8221;][\/vc_column][\/vc_row][vc_row css=&#8221;.vc_custom_1517820696635{background-color: #eeeeee !important;}&#8221;][vc_column][vc_empty_space][elx_heading font_size=&#8221;h3&#8243; text_color=&#8221;inherit&#8221; text_align=&#8221;text-left&#8221;]Kanske \u00e4r du ocks\u00e5 intresserad av&#8230;[\/elx_heading][vc_row_inner][vc_column_inner width=&#8221;1\/3&#8243;][elx_maylike_box id_box=&#8221;11411&#8243;][\/vc_column_inner][vc_column_inner width=&#8221;1\/3&#8243;][elx_maylike_box id_box=&#8221;2697&#8243;][\/vc_column_inner][vc_column_inner width=&#8221;1\/3&#8243;][elx_maylike_box id_box=&#8221;2677&#8243;][\/vc_column_inner][\/vc_row_inner][\/vc_column][\/vc_row][vc_row][vc_column][vc_empty_space height=&#8221;50px&#8221;][elx_heading font_size=&#8221;h3&#8243; text_color=&#8221;inherit&#8221; text_align=&#8221;text-left&#8221;]Uppt\u00e4ck v\u00e5ra skalningsmaskiner, gr\u00f6nsakstv\u00e4ttar och centrifugeringsmaskiner &#8211; kontakta oss![\/elx_heading][elx_o2000_contact_us s=&#8221;F\u00f6rfr\u00e5gan on skalningsmaskiner, gr\u00f6nsakstv\u00e4ttar och centrifugeringsmaskiner&#8221; country=&#8221;Sweden&#8221; b=&#8221;food&#8221; container=&#8221;elxcontactus1480070717&#8243; r=&#8221;Ja tack, jag vill veta mer om skalningsmaskiner, gr\u00f6nsakstv\u00e4ttar och centrifugeringsmaskiner. Kontakta mig g\u00e4rna!&#8221; l=&#8221;se&#8221;][vc_empty_space height=&#8221;50px&#8221;][\/vc_column][\/vc_row][vc_row full_width=&#8221;electroluxpro-full-width&#8221;][vc_column][\/vc_column][\/vc_row]<\/p>\n","protected":false},"excerpt":{"rendered":"<p>[vc_row full_width=&#8221;electroluxpro-full-width-no-padding&#8221;][vc_column][vc_single_image image=&#8221;21858&#8243; img_size=&#8221;2000*350&#8243;][\/vc_column][\/vc_row][vc_row][vc_column][vc_empty_space][elx_heading font_container=&#8221;h1&#8243; font_size=&#8221;h3&#8243; text_color=&#8221;inherit&#8221; text_align=&#8221;text-left&#8221;]Skala, tv\u00e4tta och centrifugera med v\u00e5rt sortiment av skalningsmaskiner, gr\u00f6nsakstv\u00e4ttar och centrifugeringsmaskiner[\/elx_heading][vc_empty_space height=&#8221;15px&#8221;][\/vc_column][\/vc_row][vc_row][vc_column width=&#8221;1\/3&#8243;][vc_empty_space][vc_empty_space][vc_single_image image=&#8221;21859&#8243; img_size=&#8221;full&#8221;][\/vc_column][vc_column width=&#8221;2\/3&#8243;][elx_heading font_size=&#8221;h3&#8243; text_color=&#8221;inherit&#8221; text_align=&#8221;text-left&#8221;]Skalningsmaskiner med multifunktion[\/elx_heading][vc_empty_space][vc_column_text]Electrolux Professionals\u00a0skalningsmaskiner g\u00f6r s\u00e5 mycket mer \u00e4n att bara avl\u00e4gsna potatisskal. De skalar h\u00e5rda och mjuka gr\u00f6nsaker, reng\u00f6r musselskal och borstar gr\u00f6nsaker utan att skala och centrifugera [&hellip;]<\/p>\n","protected":false},"author":174,"featured_media":21860,"parent":51186,"menu_order":0,"comment_status":"closed","ping_status":"closed","template":"","meta":{"footnotes":""},"class_list":["post-15090","page","type-page","status-publish","has-post-thumbnail","hentry"],"acf":[],"yoast_head":"<!-- This site is optimized with the Yoast SEO plugin v23.3 - https:\/\/yoast.com\/wordpress\/plugins\/seo\/ -->\n<title>Skalningsmaskiner f\u00f6r professionella k\u00f6k - Electrolux Professional Sverige<\/title>\n<meta name=\"description\" content=\"Skala, tv\u00e4tta och torka med v\u00e5rt breda sortiment av skalningsmaskiner, gr\u00f6nsakstv\u00e4ttar och centrifugeringsmaskiner f\u00f6r professionella k\u00f6k!\" \/>\n<meta name=\"robots\" content=\"index, follow, max-snippet:-1, max-image-preview:large, max-video-preview:-1\" \/>\n<link rel=\"canonical\" href=\"https:\/\/www.electroluxprofessional.com\/se\/storkok\/skalningsmaskiner\/\" \/>\n<meta property=\"og:locale\" content=\"sv_SE\" \/>\n<meta property=\"og:type\" content=\"article\" \/>\n<meta property=\"og:title\" content=\"Skalningsmaskiner f\u00f6r professionella k\u00f6k - Electrolux Professional Sverige\" \/>\n<meta property=\"og:description\" content=\"Skala, tv\u00e4tta och torka med v\u00e5rt breda sortiment av skalningsmaskiner, gr\u00f6nsakstv\u00e4ttar och centrifugeringsmaskiner f\u00f6r professionella k\u00f6k!\" \/>\n<meta property=\"og:url\" content=\"https:\/\/www.electroluxprofessional.com\/se\/storkok\/skalningsmaskiner\/\" \/>\n<meta property=\"og:site_name\" content=\"Electrolux Professional Sverige\" \/>\n<meta property=\"article:modified_time\" content=\"2025-10-16T07:52:45+00:00\" \/>\n<meta property=\"og:image\" content=\"https:\/\/www.electroluxprofessional.com\/se\/wp-content\/uploads\/2023\/04\/prep-image-1.jpg\" \/>\n\t<meta property=\"og:image:width\" content=\"700\" \/>\n\t<meta property=\"og:image:height\" content=\"700\" \/>\n\t<meta property=\"og:image:type\" content=\"image\/jpeg\" \/>\n<meta name=\"twitter:card\" content=\"summary_large_image\" \/>\n<meta name=\"twitter:label1\" content=\"Ber\u00e4knad l\u00e4stid\" \/>\n\t<meta name=\"twitter:data1\" content=\"2 minuter\" \/>\n<script type=\"application\/ld+json\" class=\"yoast-schema-graph\">{\"@context\":\"https:\/\/schema.org\",\"@graph\":[{\"@type\":\"WebPage\",\"@id\":\"https:\/\/www.electroluxprofessional.com\/se\/storkok\/skalningsmaskiner\/\",\"url\":\"https:\/\/www.electroluxprofessional.com\/se\/storkok\/skalningsmaskiner\/\",\"name\":\"Skalningsmaskiner f\u00f6r professionella k\u00f6k - Electrolux Professional Sverige\",\"isPartOf\":{\"@id\":\"https:\/\/www.electroluxprofessional.com\/se\/#website\"},\"primaryImageOfPage\":{\"@id\":\"https:\/\/www.electroluxprofessional.com\/se\/storkok\/skalningsmaskiner\/#primaryimage\"},\"image\":{\"@id\":\"https:\/\/www.electroluxprofessional.com\/se\/storkok\/skalningsmaskiner\/#primaryimage\"},\"thumbnailUrl\":\"https:\/\/www.electroluxprofessional.com\/se\/wp-content\/uploads\/2023\/04\/prep-image-1.jpg\",\"datePublished\":\"2016-11-25T10:39:36+00:00\",\"dateModified\":\"2025-10-16T07:52:45+00:00\",\"description\":\"Skala, tv\u00e4tta och torka med v\u00e5rt breda sortiment av skalningsmaskiner, gr\u00f6nsakstv\u00e4ttar och centrifugeringsmaskiner f\u00f6r professionella k\u00f6k!\",\"breadcrumb\":{\"@id\":\"https:\/\/www.electroluxprofessional.com\/se\/storkok\/skalningsmaskiner\/#breadcrumb\"},\"inLanguage\":\"sv-SE\",\"potentialAction\":[{\"@type\":\"ReadAction\",\"target\":[\"https:\/\/www.electroluxprofessional.com\/se\/storkok\/skalningsmaskiner\/\"]}]},{\"@type\":\"ImageObject\",\"inLanguage\":\"sv-SE\",\"@id\":\"https:\/\/www.electroluxprofessional.com\/se\/storkok\/skalningsmaskiner\/#primaryimage\",\"url\":\"https:\/\/www.electroluxprofessional.com\/se\/wp-content\/uploads\/2023\/04\/prep-image-1.jpg\",\"contentUrl\":\"https:\/\/www.electroluxprofessional.com\/se\/wp-content\/uploads\/2023\/04\/prep-image-1.jpg\",\"width\":700,\"height\":700},{\"@type\":\"BreadcrumbList\",\"@id\":\"https:\/\/www.electroluxprofessional.com\/se\/storkok\/skalningsmaskiner\/#breadcrumb\",\"itemListElement\":[{\"@type\":\"ListItem\",\"position\":1,\"name\":\"Home\",\"item\":\"https:\/\/www.electroluxprofessional.com\/se\/\"},{\"@type\":\"ListItem\",\"position\":2,\"name\":\"Stork\u00f6k\",\"item\":\"https:\/\/www.electroluxprofessional.com\/se\/storkok\/\"},{\"@type\":\"ListItem\",\"position\":3,\"name\":\"Matberedning: skala, tv\u00e4tta &#038; torka\"}]},{\"@type\":\"WebSite\",\"@id\":\"https:\/\/www.electroluxprofessional.com\/se\/#website\",\"url\":\"https:\/\/www.electroluxprofessional.com\/se\/\",\"name\":\"Electrolux Professional Sverige\",\"description\":\"\",\"potentialAction\":[{\"@type\":\"SearchAction\",\"target\":{\"@type\":\"EntryPoint\",\"urlTemplate\":\"https:\/\/www.electroluxprofessional.com\/se\/?src={search_term_string}\"},\"query-input\":\"required name=search_term_string\"}],\"inLanguage\":\"sv-SE\"}]}<\/script>\n<!-- \/ Yoast SEO plugin. -->","yoast_head_json":{"title":"Skalningsmaskiner f\u00f6r professionella k\u00f6k - Electrolux Professional Sverige","description":"Skala, tv\u00e4tta och torka med v\u00e5rt breda sortiment av skalningsmaskiner, gr\u00f6nsakstv\u00e4ttar och centrifugeringsmaskiner f\u00f6r professionella k\u00f6k!","robots":{"index":"index","follow":"follow","max-snippet":"max-snippet:-1","max-image-preview":"max-image-preview:large","max-video-preview":"max-video-preview:-1"},"canonical":"https:\/\/www.electroluxprofessional.com\/se\/storkok\/skalningsmaskiner\/","og_locale":"sv_SE","og_type":"article","og_title":"Skalningsmaskiner f\u00f6r professionella k\u00f6k - Electrolux Professional Sverige","og_description":"Skala, tv\u00e4tta och torka med v\u00e5rt breda sortiment av skalningsmaskiner, gr\u00f6nsakstv\u00e4ttar och centrifugeringsmaskiner f\u00f6r professionella k\u00f6k!","og_url":"https:\/\/www.electroluxprofessional.com\/se\/storkok\/skalningsmaskiner\/","og_site_name":"Electrolux Professional Sverige","article_modified_time":"2025-10-16T07:52:45+00:00","og_image":[{"width":700,"height":700,"url":"https:\/\/www.electroluxprofessional.com\/se\/wp-content\/uploads\/2023\/04\/prep-image-1.jpg","type":"image\/jpeg"}],"twitter_card":"summary_large_image","twitter_misc":{"Ber\u00e4knad l\u00e4stid":"2 minuter"},"schema":{"@context":"https:\/\/schema.org","@graph":[{"@type":"WebPage","@id":"https:\/\/www.electroluxprofessional.com\/se\/storkok\/skalningsmaskiner\/","url":"https:\/\/www.electroluxprofessional.com\/se\/storkok\/skalningsmaskiner\/","name":"Skalningsmaskiner f\u00f6r professionella k\u00f6k - Electrolux Professional Sverige","isPartOf":{"@id":"https:\/\/www.electroluxprofessional.com\/se\/#website"},"primaryImageOfPage":{"@id":"https:\/\/www.electroluxprofessional.com\/se\/storkok\/skalningsmaskiner\/#primaryimage"},"image":{"@id":"https:\/\/www.electroluxprofessional.com\/se\/storkok\/skalningsmaskiner\/#primaryimage"},"thumbnailUrl":"https:\/\/www.electroluxprofessional.com\/se\/wp-content\/uploads\/2023\/04\/prep-image-1.jpg","datePublished":"2016-11-25T10:39:36+00:00","dateModified":"2025-10-16T07:52:45+00:00","description":"Skala, tv\u00e4tta och torka med v\u00e5rt breda sortiment av skalningsmaskiner, gr\u00f6nsakstv\u00e4ttar och centrifugeringsmaskiner f\u00f6r professionella k\u00f6k!","breadcrumb":{"@id":"https:\/\/www.electroluxprofessional.com\/se\/storkok\/skalningsmaskiner\/#breadcrumb"},"inLanguage":"sv-SE","potentialAction":[{"@type":"ReadAction","target":["https:\/\/www.electroluxprofessional.com\/se\/storkok\/skalningsmaskiner\/"]}]},{"@type":"ImageObject","inLanguage":"sv-SE","@id":"https:\/\/www.electroluxprofessional.com\/se\/storkok\/skalningsmaskiner\/#primaryimage","url":"https:\/\/www.electroluxprofessional.com\/se\/wp-content\/uploads\/2023\/04\/prep-image-1.jpg","contentUrl":"https:\/\/www.electroluxprofessional.com\/se\/wp-content\/uploads\/2023\/04\/prep-image-1.jpg","width":700,"height":700},{"@type":"BreadcrumbList","@id":"https:\/\/www.electroluxprofessional.com\/se\/storkok\/skalningsmaskiner\/#breadcrumb","itemListElement":[{"@type":"ListItem","position":1,"name":"Home","item":"https:\/\/www.electroluxprofessional.com\/se\/"},{"@type":"ListItem","position":2,"name":"Stork\u00f6k","item":"https:\/\/www.electroluxprofessional.com\/se\/storkok\/"},{"@type":"ListItem","position":3,"name":"Matberedning: skala, tv\u00e4tta &#038; torka"}]},{"@type":"WebSite","@id":"https:\/\/www.electroluxprofessional.com\/se\/#website","url":"https:\/\/www.electroluxprofessional.com\/se\/","name":"Electrolux Professional Sverige","description":"","potentialAction":[{"@type":"SearchAction","target":{"@type":"EntryPoint","urlTemplate":"https:\/\/www.electroluxprofessional.com\/se\/?src={search_term_string}"},"query-input":"required name=search_term_string"}],"inLanguage":"sv-SE"}]}},"_links":{"self":[{"href":"https:\/\/www.electroluxprofessional.com\/se\/wp-json\/wp\/v2\/pages\/15090"}],"collection":[{"href":"https:\/\/www.electroluxprofessional.com\/se\/wp-json\/wp\/v2\/pages"}],"about":[{"href":"https:\/\/www.electroluxprofessional.com\/se\/wp-json\/wp\/v2\/types\/page"}],"author":[{"embeddable":true,"href":"https:\/\/www.electroluxprofessional.com\/se\/wp-json\/wp\/v2\/users\/174"}],"replies":[{"embeddable":true,"href":"https:\/\/www.electroluxprofessional.com\/se\/wp-json\/wp\/v2\/comments?post=15090"}],"version-history":[{"count":20,"href":"https:\/\/www.electroluxprofessional.com\/se\/wp-json\/wp\/v2\/pages\/15090\/revisions"}],"predecessor-version":[{"id":54290,"href":"https:\/\/www.electroluxprofessional.com\/se\/wp-json\/wp\/v2\/pages\/15090\/revisions\/54290"}],"up":[{"embeddable":true,"href":"https:\/\/www.electroluxprofessional.com\/se\/wp-json\/wp\/v2\/pages\/51186"}],"wp:featuredmedia":[{"embeddable":true,"href":"https:\/\/www.electroluxprofessional.com\/se\/wp-json\/wp\/v2\/media\/21860"}],"wp:attachment":[{"href":"https:\/\/www.electroluxprofessional.com\/se\/wp-json\/wp\/v2\/media?parent=15090"}],"curies":[{"name":"wp","href":"https:\/\/api.w.org\/{rel}","templated":true}]}}