{"id":14370,"date":"2021-05-03T19:49:45","date_gmt":"2021-05-03T18:49:45","guid":{"rendered":"https:\/\/www.electroluxprofessional.com\/se\/?page_id=14370"},"modified":"2024-07-03T10:49:35","modified_gmt":"2024-07-03T09:49:35","slug":"one-lease","status":"publish","type":"page","link":"https:\/\/www.electroluxprofessional.com\/se\/storkok\/one-lease\/","title":{"rendered":"OnE Lease"},"content":{"rendered":"<p>[vc_row full_width=&#8221;electroluxpro-full-width-no-padding&#8221;][vc_column][elx_full_banner title=&#8221;OnE Lease &#8211; L\u00e4nge leve k\u00f6ket&#8221; set_as_h1=&#8221;true&#8221; link=&#8221;url:https%3A%2F%2Fwww.electroluxprofessional.com%2Fse%2Fone-lease%2F%23leasingpaket|title:Uppgradera%20till%20framtidens%20k%C3%B6k%20med%20OnE%20Lease||&#8221; background_image_media_library=&#8221;14771&#8243; background_image_media_library_mobile=&#8221;14762&#8243;][\/vc_column][\/vc_row][vc_row css=&#8221;.vc_custom_1619159512684{background-color: #eeeeee !important;}&#8221;][vc_column][vc_row_inner][vc_column_inner][vc_empty_space height=&#8221;16px&#8221;][elx_heading font_container=&#8221;h1&#8243; text_color=&#8221;inherit&#8221;][\/elx_heading][vc_column_text]Branschen har inte pr\u00f6vats s\u00e5 h\u00e4r h\u00e5rt p\u00e5 l\u00e4nge. Vi \u00e4r din helhetspartner ocks\u00e5 i tuffa tider, och vi har l\u00f6sningar f\u00f6r just din situation.<\/p>\n<p>Med OnE Lease ing\u00e5r allting du beh\u00f6ver i k\u00f6ket, samtidigt som tj\u00e4nsten ger dig \u00f6kad ekonomisk kontroll. Det \u00e4r en komplett tj\u00e4nst som inkluderar allt &#8211; k\u00f6ksutrustning, installation, rekommenderade tillbeh\u00f6r och reng\u00f6ring, och tillsammans med ett serviceavtal ger det dig en bekymmersfri drift.[\/vc_column_text][vc_empty_space][elx_button button_text=&#8221;Be om ett OnE Lease-paket idag&#8221; button_link=&#8221;url:%23leasingpaket|||&#8221;][vc_empty_space][\/vc_column_inner][\/vc_row_inner][vc_empty_space][\/vc_column][\/vc_row][vc_row][vc_column][vc_empty_space][elx_heading text_color=&#8221;inherit&#8221; text_align=&#8221;text-center&#8221;]Varf\u00f6r OnE Lease?[\/elx_heading][vc_empty_space][vc_row_inner][vc_column_inner width=&#8221;1\/4&#8243;][vc_single_image image=&#8221;9161&#8243; img_size=&#8221;medium&#8221; alignment=&#8221;center&#8221;][vc_empty_space height=&#8221;50px&#8221;][vc_column_text]<\/p>\n<div>\n<div><b>S\u00c4KER FINANSIERING\u00a0<\/b><\/div>\n<div>Slipp ta dyra bankl\u00e5n och binda upp kapital. OnE Lease \u00e4r en avdragsgill kostnad, du beh\u00e5ller din likviditet och frig\u00f6r utrymme till andra investeringar.<\/div>\n<\/div>\n<p>[\/vc_column_text][vc_empty_space height=&#8221;50px&#8221;][\/vc_column_inner][vc_column_inner width=&#8221;1\/4&#8243;][vc_single_image image=&#8221;11097&#8243; img_size=&#8221;medium&#8221; alignment=&#8221;center&#8221;][vc_empty_space height=&#8221;50px&#8221;][vc_column_text]<\/p>\n<div><strong>ENKELT &amp; FLEXIBELT<\/strong><\/div>\n<div>Skr\u00e4ddarsydda avtal efter ditt behov. Du kan enkelt f\u00f6r\u00e4ndra eller uppgradera din utrustning i takt med att verksamheten v\u00e4xer.<\/div>\n<p>[\/vc_column_text][vc_empty_space height=&#8221;50px&#8221;][\/vc_column_inner][vc_column_inner width=&#8221;1\/4&#8243;][vc_single_image image=&#8221;14655&#8243; alignment=&#8221;center&#8221;][vc_empty_space height=&#8221;50px&#8221;][vc_column_text]<\/p>\n<div><b>FAST M\u00c5NADSKOSTNAD<\/b><\/div>\n<div>Inga extra avgifter eller andra \u00f6verraskningar. \u00a0Med en fast och l\u00e5g m\u00e5nadskostnad, och inga dyra restv\u00e4rden, vet du alltid vad du kommer betala varje m\u00e5nad.<\/div>\n<p>[\/vc_column_text][vc_empty_space height=&#8221;50px&#8221;][\/vc_column_inner][vc_column_inner width=&#8221;1\/4&#8243;][vc_single_image image=&#8221;14653&#8243; alignment=&#8221;center&#8221;][vc_empty_space height=&#8221;50px&#8221;][vc_column_text]<\/p>\n<div><b>HELHETSL\u00d6SNING<br \/>\n<\/b><\/div>\n<div>I leasingavtalet ing\u00e5r allt du beh\u00f6ver \u2013 utrustning, tillbeh\u00f6r och reng\u00f6ringsmedel \u2013 allt i ett &amp; samma smarta paket.<\/div>\n<p>[\/vc_column_text][vc_empty_space height=&#8221;50px&#8221;][\/vc_column_inner][\/vc_row_inner][\/vc_column][\/vc_row][vc_row css=&#8221;.vc_custom_1619607933088{background-color: #eeeeee !important;}&#8221;][vc_column width=&#8221;1\/2&#8243;][elx_heading font_size=&#8221;h2&#8243; text_color=&#8221;inherit&#8221; text_align=&#8221;text-left&#8221;]Hur fungerar det?[\/elx_heading][vc_column_text]OnE Lease f\u00f6r stork\u00f6ksutrustning fr\u00e5n Electrolux Professional sker via v\u00e5rt nationella n\u00e4tverk av auktoriserade \u00e5terf\u00f6rs\u00e4ljare.<strong>\u00a0<\/strong><\/p>\n<p>V\u00e5ra \u00e5terf\u00f6rs\u00e4ljare hj\u00e4lper dig att ta fram ett kostnadsf\u00f6rslag p\u00e5 det skr\u00e4ddarsydda OnE Lease-avtal som t\u00e4cker just din verksamhets behov.[\/vc_column_text][vc_empty_space][elx_button button_text=&#8221;R\u00e4kna ut ditt OnE Lease-paket idag&#8221; button_link=&#8221;url:%23leasingpaket|||&#8221;][vc_empty_space height=&#8221;12px&#8221;][vc_column_text]<\/p>\n<p style=\"text-align: left;\"><a style=\"padding-left: 17px; color: #14133b; text-decoration: underline;\" href=\"#aterforsaljare\">Eller hitta din lokala \u00e5terf\u00f6rs\u00e4ljare<\/a><\/p>\n<p>[\/vc_column_text][vc_empty_space][\/vc_column][vc_column width=&#8221;1\/2&#8243;][vc_empty_space][vc_single_image image=&#8221;14465&#8243; img_size=&#8221;555&#215;325&#8243;][vc_empty_space][\/vc_column][\/vc_row][vc_row][vc_column][vc_empty_space height=&#8221;24px&#8221;][elx_heading text_color=&#8221;inherit&#8221; text_align=&#8221;text-center&#8221;]Hela ditt k\u00f6k, eller endast en maskin[\/elx_heading][vc_column_text]<\/p>\n<p style=\"text-align: center;\">OnE Lease \u00e4r en flexibel tj\u00e4nst som \u00e4r anpassningsbar f\u00f6r ditt behov. Med OnE Lease kan du hyra hela ditt k\u00f6k, eller endast en maskin. H\u00e4r \u00e4r exempel p\u00e5 tv\u00e5 av v\u00e5ra popul\u00e4ra produkter. Tillsammans med ett serviceavtal ger det dig en bekymmersfri drift, samtidigt som du har m\u00f6jligheten att byta din utrustning om dina kundbehov \u00e4ndras.<\/p>\n<p>[\/vc_column_text][vc_empty_space][\/vc_column][vc_column][vc_row_inner][vc_column_inner width=&#8221;1\/2&#8243;][vc_column_text]<\/p>\n<h4><strong>Framtidens matlagning f\u00f6r under 100 kr om dagen<\/strong><\/h4>\n<p>SkyLine PremiumS Kombiugn. 5 GN 1\/1 (217700)<br \/>\n<strong>Pris: fr\u00e5n 80 kr\/ dag<\/strong><\/p>\n<p>SkyLine PremiumS kombiugn \u00e4r framtagen med fokus p\u00e5 anv\u00e4ndaren och kr\u00e4ver minimal skolning.\u00a0 Den har ett effektivt, integrerat reng\u00f6ringssystem och kan stoltsera med en unik 4-stj\u00e4rnig certifiering f\u00f6r sin ergonomi och anv\u00e4ndarv\u00e4nlighet. Dessutom kan du spara upp till 30% kostnader per k\u00f6rt program. <a href=\"https:\/\/www.electroluxprofessional.com\/se\/pd\/ugnar-blast-chiller\/skyline-premiums-ugnar\/skyline-premiums-ugnar-el\/skyline-premiums-6-gn-1-1-el\/skyline-premiums-elektrisk-kombiugn.-5-gn-1-1-217700\/\">L\u00e4s mer.<\/a><\/p>\n<p>I OnE Lease paketet ing\u00e5r \u00e4ven \u00e4ven installation, samt de rekommenderade tillbeh\u00f6ren och reng\u00f6ringen:<\/p>\n<ul>\n<li>1 galler 2-pack (PNC 922017)<\/li>\n<li>3 stekbleck (PNC 925009)<\/li>\n<li>1 grillgaller (PNC 925004)<\/li>\n<li>1 f\u00f6rp reng\u00f6ring 100 tabs C22 (0S2395)<\/li>\n<li>1 f\u00f6rp sk\u00f6lj-avkalkning C25 (0S2394)<\/li>\n<\/ul>\n<p>[\/vc_column_text][vc_empty_space][\/vc_column_inner][vc_column_inner width=&#8221;1\/2&#8243;][vc_empty_space height=&#8221;24px&#8221;][vc_single_image image=&#8221;14754&#8243; img_size=&#8221;555&#215;555&#8243;][vc_empty_space height=&#8221;24px&#8221;][\/vc_column_inner][\/vc_row_inner][vc_row_inner][vc_column_inner width=&#8221;1\/2&#8243;][vc_empty_space height=&#8221;24px&#8221;][vc_single_image image=&#8221;14756&#8243; img_size=&#8221;555&#215;555&#8243;][vc_empty_space height=&#8221;24px&#8221;][\/vc_column_inner][vc_column_inner width=&#8221;1\/2&#8243;][vc_column_text]<\/p>\n<h4><strong>Effektivare disk &amp; minskad energif\u00f6rbrukning<\/strong><\/h4>\n<p>Green&amp;clean Huvdiskmaskin (504251)<br \/>\n<strong>Pris: fr\u00e5n 67 kr\/ dag<\/strong><\/p>\n<p>Ett m\u00e5ste i st\u00f6rre k\u00f6k! Green&amp;clean huvdiskmaskin \u00e4r utformad f\u00f6r effektivare disk, b\u00e4ttre ergonomi samt minskad energif\u00f6rbrukning och f\u00f6rbrukning av reng\u00f6ringsmedel. Diska 80 korgar\/ timme och med en l\u00e5g ljudniv\u00e5. <a href=\"https:\/\/www.electroluxprofessional.com\/se\/pd\/diskrumsutrustning\/huvdiskmaskiner\/green-clean-isolerad-huvdiskmaskin-automatisk\/disk-green-clean-huvdiskmaskin-isolerad-automatisk-huv-med-zero-lime-device-filtersystem-504251\/\">L\u00e4s mer.<\/a><\/p>\n<p>I OnE Lease paketet ing\u00e5r \u00e4ven installation, samt de rekommenderade tillbeh\u00f6ren och reng\u00f6ringsmedlet:<\/p>\n<ul>\n<li>3 diskkorgar f\u00f6r flata tallrikar (PNC 867002)<\/li>\n<li>2 diskkorgar f\u00f6r brickor (PNC 867004)<\/li>\n<li>2 diskkorg f\u00f6r glas\/koppar (PNC867007)<\/li>\n<li>2 diskkorg f\u00f6r bestick (PNC 867009)<\/li>\n<li>4x5L diskmedel (0S2092)<\/li>\n<li>4x5L sk\u00f6ljmedel (0S2094)<\/li>\n<\/ul>\n<p>[\/vc_column_text][vc_empty_space][\/vc_column_inner][\/vc_row_inner][\/vc_column][vc_column][vc_empty_space][elx_button button_text=&#8221;Se alla l\u00f6sningar f\u00f6r Stork\u00f6ksutrustning&#8221; button_display_block=&#8221;display_block_on&#8221; button_alignment=&#8221;align_center&#8221; button_link=&#8221;url:https%3A%2F%2Fwww.electroluxprofessional.com%2Fse%2Ffood-professionella-storkok-och-restauranger%2F|||&#8221;][vc_empty_space][\/vc_column][\/vc_row][vc_row][vc_column][vc_empty_space][elx_heading text_color=&#8221;inherit&#8221; text_align=&#8221;text-center&#8221;]Detta ing\u00e5r i OnE Lease fr\u00e5n Electrolux Professional[\/elx_heading][vc_empty_space height=&#8221;24px&#8221;][vc_row_inner][vc_column_inner width=&#8221;1\/3&#8243;][vc_single_image image=&#8221;11048&#8243; img_size=&#8221;medium&#8221; alignment=&#8221;center&#8221;][vc_empty_space height=&#8221;24px&#8221;][vc_column_text]Vi sk\u00f6ter levereras och installation vilket ger en enkel och smidig uppstart. Dessutom utbildar v\u00e5ra utbildningskockar er i produkterna.[\/vc_column_text][vc_empty_space height=&#8221;24px&#8221;][\/vc_column_inner][vc_column_inner width=&#8221;1\/3&#8243;][vc_single_image image=&#8221;11071&#8243; img_size=&#8221;medium&#8221; alignment=&#8221;center&#8221;][vc_empty_space height=&#8221;24px&#8221;][vc_column_text]Hos oss f\u00e5r du h\u00f6gkvalitativa l\u00f6sningar med l\u00e5ga livscykelkostnader. Vi g\u00f6r det enkelt f\u00f6r dig att vara en milj\u00f6v\u00e4n samtidigt som du kan spara pengar.[\/vc_column_text][vc_empty_space height=&#8221;24px&#8221;][\/vc_column_inner][vc_column_inner width=&#8221;1\/3&#8243;][vc_single_image image=&#8221;14564&#8243; img_size=&#8221;medium&#8221; alignment=&#8221;center&#8221;][vc_empty_space height=&#8221;24px&#8221;][vc_column_text]I OnE Lease ing\u00e5r alltid tillbeh\u00f6r och reng\u00f6ringsmedel f\u00f6r din valda utrustning.[\/vc_column_text][vc_empty_space height=&#8221;24px&#8221;][\/vc_column_inner][\/vc_row_inner][vc_empty_space][elx_button button_text=&#8221;R\u00e4kna ut ditt OnE Lease-paket idag&#8221; button_display_block=&#8221;display_block_on&#8221; button_alignment=&#8221;align_center&#8221; button_link=&#8221;url:%23leasingpaket|||&#8221;][vc_empty_space][vc_empty_space][\/vc_column][\/vc_row][vc_row css=&#8221;.vc_custom_1619634796916{background-color: #041e41 !important;}&#8221;][vc_column][vc_empty_space][elx_heading text_color=&#8221;white&#8221; text_align=&#8221;text-center&#8221;]Vi g\u00f6r din vardag enkel och trygg[\/elx_heading][vc_empty_space height=&#8221;24px&#8221;][\/vc_column][vc_column width=&#8221;1\/2&#8243;][vc_empty_space height=&#8221;24px&#8221;][vc_column_text]<span style=\"color: #ffffff;\">V\u00e5rt uppdrag \u00e4r att g\u00f6ra ditt arbetsliv i stork\u00f6k, restaurang &amp; caf\u00e9 enklare, mer l\u00f6nsamt och verkligt h\u00e5llbart varje dag.<\/span><\/p>\n<p><span style=\"color: #ffffff;\">V\u00e5ra produkter utformas f\u00f6r att vara enkla att anv\u00e4nda och underh\u00e5lla, och skapar h\u00f6g produktivitet och de l\u00e4gsta kostnaderna f\u00f6r din verksamhet.<\/span><\/p>\n<p><span style=\"color: #ffffff;\">Med 100 \u00e5rs erfarenhet av professionella l\u00f6sningar och ett omfattande och tillf\u00f6rlitligt servicen\u00e4tverk erbjuder vi kvalit\u00e9 att lita p\u00e5. Vi \u00e4r den enda tillverkaren som kan erbjuda kompletta l\u00f6sningar f\u00f6r alla dina behov.<\/span><\/p>\n<p><span style=\"color: #ffffff;\">Vi erbjuder dig skr\u00e4ddarsydda, fullst\u00e4ndiga och integrerade l\u00f6sningar f\u00f6r stork\u00f6k, dryck och tv\u00e4tt, och ger dig l\u00f6sningar och service f\u00f6r att du ska lyckas med din verksamhet.<\/span>[\/vc_column_text][\/vc_column][vc_column width=&#8221;1\/2&#8243;][vc_empty_space][vc_single_image image=&#8221;14510&#8243; img_size=&#8221;555&#215;450&#8243;][\/vc_column][vc_column][vc_empty_space][\/vc_column][\/vc_row][vc_row][vc_column][vc_empty_space][elx_heading text_color=&#8221;inherit&#8221; text_align=&#8221;text-center&#8221;]Vad v\u00e5ra kunder tycker[\/elx_heading][vc_empty_space height=&#8221;24px&#8221;][\/vc_column][vc_column width=&#8221;1\/2&#8243;][vc_empty_space][vc_column_text][vc_raw_html]JTNDaWZyYW1lJTIwd2lkdGglM0QlMjI1NjAlMjIlMjBoZWlnaHQlM0QlMjIzMTUlMjIlMjBzcmMlM0QlMjJodHRwcyUzQSUyRiUyRnd3dy55b3V0dWJlLmNvbSUyRmVtYmVkJTJGbVdsRERLLWc5YnclMjIlMjBmcmFtZWJvcmRlciUzRCUyMjAlMjIlMjBhbGxvdyUzRCUyMmFjY2VsZXJvbWV0ZXIlM0IlMjBhdXRvcGxheSUzQiUyMGVuY3J5cHRlZC1tZWRpYSUzQiUyMGd5cm9zY29wZSUzQiUyMHBpY3R1cmUtaW4tcGljdHVyZSUyMiUyMGFsbG93ZnVsbHNjcmVlbiUzRSUzQyUyRmlmcmFtZSUzRQ==[\/vc_raw_html][\/vc_column_text][vc_empty_space height=&#8221;24px&#8221;][\/vc_column][vc_column width=&#8221;1\/2&#8243;][vc_empty_space][vc_column_text]<em>&#8220;Att leasa stork\u00f6k ger en flexibilitet som vi g\u00e4rna vill ha. Det blir inga o\u0308verraskningar om na\u030agot skulle ha\u0308nda. Det finns en trygghet i det och det go\u0308r leasingen va\u0308ldigt smidig.<\/em><\/p>\n<p><em>Vi har hittat en leverant\u00f6r som kan ge oss allting. Ett extremt brett utbud. Vi m\u00e5ste ha leverant\u00f6rer som f\u00f6rst\u00e5r sin del och sina produkter ur ett milj\u00f6perspektiv, och d\u00e4r k\u00e4nns det tryggt att jobba med Electrolux Professional. Jag \u00e4r v\u00e4ldigt imponerad och n\u00f6jd.&#8221;<\/em><\/p>\n<p><strong>&#8211; Mats Sundbom, VD p\u00e5 SilverLife<\/strong>[\/vc_column_text][vc_empty_space][\/vc_column][\/vc_row][vc_row][vc_column][vc_empty_space][\/vc_column][\/vc_row][vc_row css=&#8221;.vc_custom_1619163524076{background-color: #eeeeee !important;}&#8221; el_id=&#8221;leasingpaket&#8221;][vc_column][vc_empty_space][elx_heading text_color=&#8221;inherit&#8221; text_align=&#8221;text-center&#8221;]R\u00e4kna ut ditt OnE Lease-paket idag![\/elx_heading][vc_column_text]<\/p>\n<p style=\"text-align: center;\">\u00c4r du intresserad av ett OnE Lease-paket? Fyll i formul\u00e4ret nedan s\u00e5 kommer din lokala Electrolux Professional \u00e5terf\u00f6rs\u00e4ljare kontakta dig f\u00f6r att ta fram en offert p\u00e5 ett OnE Lease-paket som passar dig b\u00e4st.<\/p>\n<p>[\/vc_column_text][vc_empty_space height=&#8221;16px&#8221;][elx_o2000_contact_us s=&#8221;R\u00e4kna ut mitt leasingpaket&#8221; country=&#8221;Sweden&#8221; container=&#8221;elxcontactus1484293813&#8243; r=&#8221;Jag \u00e4r intresserad av ett OnE Lease-paket! Jag \u00f6nskar bli kontaktad av min lokala Electrolux Professional \u00e5terf\u00f6rs\u00e4ljare f\u00f6r att f\u00e5 en intresseoffert p\u00e5 just det OnE Lease-paket som passar mig b\u00e4st.&#8221; l=&#8221;se&#8221; e=&#8221;els.sales@electrolux.se; els.sales@electrolux.com&#8221;][\/vc_column][\/vc_row][vc_row el_id=&#8221;aterforsaljare&#8221;][vc_column][vc_empty_space][elx_heading text_color=&#8221;inherit&#8221; text_align=&#8221;text-center&#8221;]Hitta Electrolux Professionals n\u00e4rmaste \u00e5terf\u00f6rs\u00e4ljare eller servicepartner[\/elx_heading][vc_empty_space][elx_o2000_locator cf=&#8221;Sweden&#8221; l=&#8221;se&#8221;][\/vc_column][\/vc_row]<\/p>\n","protected":false},"excerpt":{"rendered":"<p>[vc_row full_width=&#8221;electroluxpro-full-width-no-padding&#8221;][vc_column][elx_full_banner title=&#8221;OnE Lease &#8211; L\u00e4nge leve k\u00f6ket&#8221; set_as_h1=&#8221;true&#8221; link=&#8221;url:https%3A%2F%2Fwww.electroluxprofessional.com%2Fse%2Fone-lease%2F%23leasingpaket|title:Uppgradera%20till%20framtidens%20k%C3%B6k%20med%20OnE%20Lease||&#8221; background_image_media_library=&#8221;14771&#8243; background_image_media_library_mobile=&#8221;14762&#8243;][\/vc_column][\/vc_row][vc_row css=&#8221;.vc_custom_1619159512684{background-color: #eeeeee !important;}&#8221;][vc_column][vc_row_inner][vc_column_inner][vc_empty_space height=&#8221;16px&#8221;][elx_heading font_container=&#8221;h1&#8243; text_color=&#8221;inherit&#8221;][\/elx_heading][vc_column_text]Branschen har inte pr\u00f6vats s\u00e5 h\u00e4r h\u00e5rt p\u00e5 l\u00e4nge. Vi \u00e4r din helhetspartner ocks\u00e5 i tuffa tider, och vi har l\u00f6sningar f\u00f6r just din situation. Med OnE Lease ing\u00e5r allting du beh\u00f6ver i k\u00f6ket, samtidigt som tj\u00e4nsten ger [&hellip;]<\/p>\n","protected":false},"author":430,"featured_media":0,"parent":51186,"menu_order":0,"comment_status":"closed","ping_status":"closed","template":"","meta":{"footnotes":""},"class_list":["post-14370","page","type-page","status-publish","hentry"],"acf":[],"yoast_head":"<!-- This site is optimized with the Yoast SEO plugin v23.3 - https:\/\/yoast.com\/wordpress\/plugins\/seo\/ -->\n<title>OnE Lease - L\u00e4nge leve k\u00f6ket | Electrolux Professional<\/title>\n<meta name=\"description\" content=\"Med OneLease och fast m\u00e5nadskostnad kan du planera ekonomin enkelt och smidigt, och h\u00e5lla dina kostnader f\u00f6r k\u00f6ksutrustning l\u00e5ga. L\u00e4s mer!\" \/>\n<meta name=\"robots\" content=\"index, follow, max-snippet:-1, max-image-preview:large, max-video-preview:-1\" \/>\n<link rel=\"canonical\" href=\"https:\/\/www.electroluxprofessional.com\/se\/storkok\/one-lease\/\" \/>\n<meta property=\"og:locale\" content=\"sv_SE\" \/>\n<meta property=\"og:type\" content=\"article\" \/>\n<meta property=\"og:title\" content=\"OnE Lease - L\u00e4nge leve k\u00f6ket | Electrolux Professional\" \/>\n<meta property=\"og:description\" content=\"Med OneLease och fast m\u00e5nadskostnad kan du planera ekonomin enkelt och smidigt, och h\u00e5lla dina kostnader f\u00f6r k\u00f6ksutrustning l\u00e5ga. L\u00e4s mer!\" \/>\n<meta property=\"og:url\" content=\"https:\/\/www.electroluxprofessional.com\/se\/storkok\/one-lease\/\" \/>\n<meta property=\"og:site_name\" content=\"Electrolux Professional Sverige\" \/>\n<meta property=\"article:modified_time\" content=\"2024-07-03T09:49:35+00:00\" \/>\n<meta name=\"twitter:card\" content=\"summary_large_image\" \/>\n<meta name=\"twitter:label1\" content=\"Ber\u00e4knad l\u00e4stid\" \/>\n\t<meta name=\"twitter:data1\" content=\"10 minuter\" \/>\n<script type=\"application\/ld+json\" class=\"yoast-schema-graph\">{\"@context\":\"https:\/\/schema.org\",\"@graph\":[{\"@type\":\"WebPage\",\"@id\":\"https:\/\/www.electroluxprofessional.com\/se\/storkok\/one-lease\/\",\"url\":\"https:\/\/www.electroluxprofessional.com\/se\/storkok\/one-lease\/\",\"name\":\"OnE Lease - L\u00e4nge leve k\u00f6ket | Electrolux Professional\",\"isPartOf\":{\"@id\":\"https:\/\/www.electroluxprofessional.com\/se\/#website\"},\"datePublished\":\"2021-05-03T18:49:45+00:00\",\"dateModified\":\"2024-07-03T09:49:35+00:00\",\"description\":\"Med OneLease och fast m\u00e5nadskostnad kan du planera ekonomin enkelt och smidigt, och h\u00e5lla dina kostnader f\u00f6r k\u00f6ksutrustning l\u00e5ga. L\u00e4s mer!\",\"breadcrumb\":{\"@id\":\"https:\/\/www.electroluxprofessional.com\/se\/storkok\/one-lease\/#breadcrumb\"},\"inLanguage\":\"sv-SE\",\"potentialAction\":[{\"@type\":\"ReadAction\",\"target\":[\"https:\/\/www.electroluxprofessional.com\/se\/storkok\/one-lease\/\"]}]},{\"@type\":\"BreadcrumbList\",\"@id\":\"https:\/\/www.electroluxprofessional.com\/se\/storkok\/one-lease\/#breadcrumb\",\"itemListElement\":[{\"@type\":\"ListItem\",\"position\":1,\"name\":\"Home\",\"item\":\"https:\/\/www.electroluxprofessional.com\/se\/\"},{\"@type\":\"ListItem\",\"position\":2,\"name\":\"Stork\u00f6k\",\"item\":\"https:\/\/www.electroluxprofessional.com\/se\/storkok\/\"},{\"@type\":\"ListItem\",\"position\":3,\"name\":\"OnE Lease\"}]},{\"@type\":\"WebSite\",\"@id\":\"https:\/\/www.electroluxprofessional.com\/se\/#website\",\"url\":\"https:\/\/www.electroluxprofessional.com\/se\/\",\"name\":\"Electrolux Professional Sverige\",\"description\":\"\",\"potentialAction\":[{\"@type\":\"SearchAction\",\"target\":{\"@type\":\"EntryPoint\",\"urlTemplate\":\"https:\/\/www.electroluxprofessional.com\/se\/?src={search_term_string}\"},\"query-input\":\"required name=search_term_string\"}],\"inLanguage\":\"sv-SE\"}]}<\/script>\n<!-- \/ Yoast SEO plugin. -->","yoast_head_json":{"title":"OnE Lease - L\u00e4nge leve k\u00f6ket | Electrolux Professional","description":"Med OneLease och fast m\u00e5nadskostnad kan du planera ekonomin enkelt och smidigt, och h\u00e5lla dina kostnader f\u00f6r k\u00f6ksutrustning l\u00e5ga. L\u00e4s mer!","robots":{"index":"index","follow":"follow","max-snippet":"max-snippet:-1","max-image-preview":"max-image-preview:large","max-video-preview":"max-video-preview:-1"},"canonical":"https:\/\/www.electroluxprofessional.com\/se\/storkok\/one-lease\/","og_locale":"sv_SE","og_type":"article","og_title":"OnE Lease - L\u00e4nge leve k\u00f6ket | Electrolux Professional","og_description":"Med OneLease och fast m\u00e5nadskostnad kan du planera ekonomin enkelt och smidigt, och h\u00e5lla dina kostnader f\u00f6r k\u00f6ksutrustning l\u00e5ga. L\u00e4s mer!","og_url":"https:\/\/www.electroluxprofessional.com\/se\/storkok\/one-lease\/","og_site_name":"Electrolux Professional Sverige","article_modified_time":"2024-07-03T09:49:35+00:00","twitter_card":"summary_large_image","twitter_misc":{"Ber\u00e4knad l\u00e4stid":"10 minuter"},"schema":{"@context":"https:\/\/schema.org","@graph":[{"@type":"WebPage","@id":"https:\/\/www.electroluxprofessional.com\/se\/storkok\/one-lease\/","url":"https:\/\/www.electroluxprofessional.com\/se\/storkok\/one-lease\/","name":"OnE Lease - L\u00e4nge leve k\u00f6ket | Electrolux Professional","isPartOf":{"@id":"https:\/\/www.electroluxprofessional.com\/se\/#website"},"datePublished":"2021-05-03T18:49:45+00:00","dateModified":"2024-07-03T09:49:35+00:00","description":"Med OneLease och fast m\u00e5nadskostnad kan du planera ekonomin enkelt och smidigt, och h\u00e5lla dina kostnader f\u00f6r k\u00f6ksutrustning l\u00e5ga. L\u00e4s mer!","breadcrumb":{"@id":"https:\/\/www.electroluxprofessional.com\/se\/storkok\/one-lease\/#breadcrumb"},"inLanguage":"sv-SE","potentialAction":[{"@type":"ReadAction","target":["https:\/\/www.electroluxprofessional.com\/se\/storkok\/one-lease\/"]}]},{"@type":"BreadcrumbList","@id":"https:\/\/www.electroluxprofessional.com\/se\/storkok\/one-lease\/#breadcrumb","itemListElement":[{"@type":"ListItem","position":1,"name":"Home","item":"https:\/\/www.electroluxprofessional.com\/se\/"},{"@type":"ListItem","position":2,"name":"Stork\u00f6k","item":"https:\/\/www.electroluxprofessional.com\/se\/storkok\/"},{"@type":"ListItem","position":3,"name":"OnE Lease"}]},{"@type":"WebSite","@id":"https:\/\/www.electroluxprofessional.com\/se\/#website","url":"https:\/\/www.electroluxprofessional.com\/se\/","name":"Electrolux Professional Sverige","description":"","potentialAction":[{"@type":"SearchAction","target":{"@type":"EntryPoint","urlTemplate":"https:\/\/www.electroluxprofessional.com\/se\/?src={search_term_string}"},"query-input":"required name=search_term_string"}],"inLanguage":"sv-SE"}]}},"_links":{"self":[{"href":"https:\/\/www.electroluxprofessional.com\/se\/wp-json\/wp\/v2\/pages\/14370"}],"collection":[{"href":"https:\/\/www.electroluxprofessional.com\/se\/wp-json\/wp\/v2\/pages"}],"about":[{"href":"https:\/\/www.electroluxprofessional.com\/se\/wp-json\/wp\/v2\/types\/page"}],"author":[{"embeddable":true,"href":"https:\/\/www.electroluxprofessional.com\/se\/wp-json\/wp\/v2\/users\/430"}],"replies":[{"embeddable":true,"href":"https:\/\/www.electroluxprofessional.com\/se\/wp-json\/wp\/v2\/comments?post=14370"}],"version-history":[{"count":103,"href":"https:\/\/www.electroluxprofessional.com\/se\/wp-json\/wp\/v2\/pages\/14370\/revisions"}],"predecessor-version":[{"id":51557,"href":"https:\/\/www.electroluxprofessional.com\/se\/wp-json\/wp\/v2\/pages\/14370\/revisions\/51557"}],"up":[{"embeddable":true,"href":"https:\/\/www.electroluxprofessional.com\/se\/wp-json\/wp\/v2\/pages\/51186"}],"wp:attachment":[{"href":"https:\/\/www.electroluxprofessional.com\/se\/wp-json\/wp\/v2\/media?parent=14370"}],"curies":[{"name":"wp","href":"https:\/\/api.w.org\/{rel}","templated":true}]}}