{"id":13683,"date":"2021-01-28T04:18:16","date_gmt":"2021-01-28T02:18:16","guid":{"rendered":"https:\/\/www.electroluxprofessional.com\/?page_id=33927"},"modified":"2024-06-24T13:40:56","modified_gmt":"2024-06-24T12:40:56","slug":"rise-hygiensakerhet","status":"publish","type":"page","link":"https:\/\/www.electroluxprofessional.com\/se\/tvatt\/rise-hygiensakerhet\/","title":{"rendered":"Hygiens\u00e4kerhet RISE"},"content":{"rendered":"<p>[vc_row full_width=&#8221;electroluxpro-full-width-no-padding&#8221; equal_height=&#8221;yes&#8221; css=&#8221;.vc_custom_1604054607517{margin-top: -30px !important;border-top-width: -30px !important;padding-top: -30px !important;}&#8221;][vc_column][elx_full_banner title=&#8221;Hygiens\u00e4kerhet och desinfektion&#8221; background_image_media_library=&#8221;13196&#8243; background_image_media_library_mobile=&#8221;33969&#8243; link=&#8221;url:%23contact|title:Kontakta%20oss||&#8221;][\/vc_column][\/vc_row][vc_row][vc_column][vc_empty_space][elx_heading font_container=&#8221;h1&#8243; text_color=&#8221;electrolux-blue&#8221; text_align=&#8221;text-center&#8221;]Kampen mot de osynliga fienderna[\/elx_heading][vc_empty_space][vc_column_text]<\/p>\n<p style=\"text-align: center;\"><span class=\"VIiyi\" lang=\"sv\"><span class=\"JLqJ4b ChMk0b\" data-language-for-alternatives=\"sv\" data-language-to-translate-into=\"en\" data-phrase-index=\"0\">Det globala h\u00e4lsol\u00e4get har skapat utmaningar f\u00f6r oss och <\/span><span class=\"JLqJ4b ChMk0b\" data-language-for-alternatives=\"sv\" data-language-to-translate-into=\"en\" data-phrase-index=\"1\">v\u00e5r prioritet \u00e4r att du, dina kunder och din personal ska kunna lita p\u00e5 att vi s\u00e4tter er h\u00e4lsa och ert v\u00e4lbefinnande i f\u00f6rsta rummet.<\/span><\/span><\/p>\n<p>[\/vc_column_text][vc_empty_space][\/vc_column][\/vc_row][vc_row full_width=&#8221;electroluxpro-full-width&#8221; css=&#8221;.vc_custom_1611845778413{background-color: #d8d8d8 !important;}&#8221;][vc_column width=&#8221;1\/5&#8243;][vc_empty_space][vc_single_image image=&#8221;13193&#8243; img_size=&#8221;medium&#8221;][vc_empty_space][\/vc_column][vc_column width=&#8221;2\/5&#8243;][vc_empty_space][vc_column_text]<\/p>\n<h2>Electrolux Professionals samarbete med Rise AB<\/h2>\n<p>[\/vc_column_text][vc_empty_space][vc_column_text]f\u00f6r att inaktivera patogena mikro-organismer i textilier genom tv\u00e4ttprocessen.[\/vc_column_text][vc_empty_space][\/vc_column][vc_column width=&#8221;2\/5&#8243;][vc_empty_space][vc_column_text]<\/p>\n<h2>Garanterad hygien<\/h2>\n<p>[\/vc_column_text][vc_empty_space][vc_column_text]s\u00e4kerst\u00e4ller att varje tv\u00e4tt desinficeras effektivt f\u00f6r ett s\u00e4kert resultat.[\/vc_column_text][vc_empty_space][\/vc_column][\/vc_row][vc_row][vc_column width=&#8221;1\/2&#8243;][vc_empty_space][vc_column_text]<\/p>\n<p style=\"text-align: left;\"><strong>RISE<\/strong> \u00e4r Sveriges forskningsinstitut och innovationspartner. Genom internationella samarbetsprogram med industri, akademi och offentlig sektor s\u00e4kerst\u00e4ller Rise det svenska n\u00e4ringslivets konkurrenskraft p\u00e5 internationell niv\u00e5 och bidrar till ett h\u00e5llbart samh\u00e4lle. 2 800 anst\u00e4llda engagerar sig i och st\u00f6der olika typer av innovationsprocesser.<\/p>\n<p>[\/vc_column_text][vc_empty_space][\/vc_column][vc_column width=&#8221;1\/2&#8243;][vc_empty_space][vc_column_text]<\/p>\n<p style=\"text-align: left;\"><strong>RISE<\/strong> \u00e4r ett oberoende statligt forskningsinstitut som erbjuder unik expertis och \u00f6ver 100 test- och demonstrationsmilj\u00f6er f\u00f6r att framtidss\u00e4kra teknologier, produkter och tj\u00e4nster.<\/p>\n<p style=\"text-align: left;\">RISE \u00e4r en l\u00e5ngsiktig partner till Electrolux Professional f\u00f6r utveckling och validering av l\u00f6sningar f\u00f6r tv\u00e4ttmarknaden.<\/p>\n<p>[\/vc_column_text][vc_empty_space][\/vc_column][\/vc_row][vc_row full_width=&#8221;electroluxpro-full-width-no-padding&#8221;][vc_column][elx_hero_slider label_text_color=&#8221;inherit&#8221; images=&#8221;13194&#8243;][elx_heading text_color=&#8221;inherit&#8221;]Line 6000-serien finns nu med Global Hygiene Advanced program f\u00f6r maximal hygien och s\u00e4kerhet[\/elx_heading][vc_column_text]f\u00f6r att s\u00e4kerst\u00e4lla en log 6* inaktivering av SARS-CoV-2-virus.<\/p>\n<p>Tack vare det avancerade hygien-programmet blir tv\u00e4tten b\u00e5de ren och desinficerad.[\/vc_column_text][\/elx_hero_slider][\/vc_column][\/vc_row][vc_row css=&#8221;.vc_custom_1611801765238{background-color: #e2e2e2 !important;}&#8221;][vc_column][vc_empty_space][elx_heading font_container=&#8221;h1&#8243; text_color=&#8221;electrolux-blue&#8221; text_align=&#8221;text-center&#8221;]Slappna av och lita p\u00e5 din tv\u00e4ttl\u00f6sning[\/elx_heading][vc_empty_space][vc_column_text]<\/p>\n<p style=\"text-align: center;\">Idag efterfr\u00e5gas desinficerad tv\u00e4tt i alla tv\u00e4ttmilj\u00f6er, oavsett om det g\u00e4ller kommersiella tv\u00e4tterier, en tv\u00e4ttstuga i ett flerbostadshus, ett hotell eller ett sjukhus. Electrolux Professional erbjuder en komplett process som du kan lita p\u00e5 och som inkluderar maskiner, tv\u00e4ttprogram, tv\u00e4ttmedel och sp\u00e5rbarhetssystem f\u00f6r att s\u00e4kerst\u00e4lla h\u00f6gsta m\u00f6jliga desinfektionsresultat p\u00e5 alla typer av kl\u00e4der, linne och andra textilier.<\/p>\n<p>[\/vc_column_text][vc_empty_space][\/vc_column][\/vc_row][vc_row full_width=&#8221;electroluxpro-container-no-padding&#8221; css=&#8221;.vc_custom_1611802906384{padding-right: 50px !important;}&#8221;][vc_column width=&#8221;2\/6&#8243;][vc_empty_space][elx_heading text_color=&#8221;inherit&#8221;]Stort utbud<br \/>\nav l\u00f6sningar<br \/>\ntill din tj\u00e4nst [\/elx_heading][vc_empty_space][vc_column_text]<strong>Nu kan du erbjuda komforten hos ren tv\u00e4tt tillsammans med den\u00a0 trygghet som bepr\u00f6vade metoder f\u00f6r hygien inneb\u00e4r.<\/strong>[\/vc_column_text][vc_empty_space][\/vc_column][vc_column width=&#8221;1\/6&#8243;][vc_empty_space][\/vc_column][vc_column width=&#8221;3\/6&#8243;][vc_empty_space][vc_column_text]Via avancerade hygienprogram och protokoll f\u00f6r hygienprocesser erbjuder Line 6000 tv\u00e4ttmaskiner allt du beh\u00f6ver f\u00f6r att hantera din tv\u00e4tt utan bekymmer. Omfattande tester utf\u00f6rda i egna laboratorier tillsammans med vetenskapliga bevis fr\u00e5n Rise-analyser ledde fram till en exakt finjustering av varje parameter i v\u00e5ra produkter, inte bara temperatur och tid utan ocks\u00e5 vattenniv\u00e5 och belastning.<\/p>\n<p>D\u00e4rf\u00f6r kan vi erbjuda bepr\u00f6vad hygien i testade och s\u00e4kerst\u00e4llda l\u00f6sningar levererade fr\u00e5n fabrik som fungerar fr\u00e5n dag 1.[\/vc_column_text][vc_empty_space][\/vc_column][\/vc_row][vc_row full_width=&#8221;electroluxpro-full-width-no-padding&#8221;][vc_column][elx_hero_slider text_position=&#8221;hero_slider_text_align_right&#8221; label_text_color=&#8221;inherit&#8221; images=&#8221;13195&#8243;][elx_heading text_color=&#8221;inherit&#8221;]*log 6-reduktion motsvarar en minskning av viruseffektiviteten med 99,9999%.[\/elx_heading][vc_column_text]Effekten av reduktionen av SARS-CoV-2-virus p\u00e5 textilier som hanterats i Line 6000-utrustning har godk\u00e4nts av RISE (Sveriges forskningsinstitut) p\u00e5 grundval av laboratoriedata fr\u00e5n Electrolux Professional.[\/vc_column_text][\/elx_hero_slider][\/vc_column][\/vc_row][vc_row el_id=&#8221;contact&#8221;][vc_column][vc_empty_space][elx_heading font_container=&#8221;h3&#8243; text_color=&#8221;electrolux-blue&#8221; text_align=&#8221;text-center&#8221;]Vill du veta mer om hur vi arbetar med hygiens\u00e4kerhet eller \u00f6nskar best\u00e4lla v\u00e5ra tv\u00e4ttl\u00f6sningar? Kontakta v\u00e5ra experter![\/elx_heading][elx_o2000_contact_us r=&#8221;Jag vill g\u00e4rna veta mer om era tv\u00e4ttl\u00f6sningar och om era desinfektionsprogram. Kontakta mig!&#8221; s=&#8221;Jag vill g\u00e4rna veta mer om era tv\u00e4ttl\u00f6sningar och om era desinfektionsprogram. Kontakta mig!&#8221; country=&#8221;Sweden&#8221; l=&#8221;se&#8221; b=&#8221;laundry&#8221; container=&#8221;elxcontactus1482242857&#8243;][\/vc_column][\/vc_row]<\/p>\n","protected":false},"excerpt":{"rendered":"<p>[vc_row full_width=&#8221;electroluxpro-full-width-no-padding&#8221; equal_height=&#8221;yes&#8221; css=&#8221;.vc_custom_1604054607517{margin-top: -30px !important;border-top-width: -30px !important;padding-top: -30px !important;}&#8221;][vc_column][elx_full_banner title=&#8221;Hygiens\u00e4kerhet och desinfektion&#8221; background_image_media_library=&#8221;13196&#8243; background_image_media_library_mobile=&#8221;33969&#8243; link=&#8221;url:%23contact|title:Kontakta%20oss||&#8221;][\/vc_column][\/vc_row][vc_row][vc_column][vc_empty_space][elx_heading font_container=&#8221;h1&#8243; text_color=&#8221;electrolux-blue&#8221; text_align=&#8221;text-center&#8221;]Kampen mot de osynliga fienderna[\/elx_heading][vc_empty_space][vc_column_text] Det globala h\u00e4lsol\u00e4get har skapat utmaningar f\u00f6r oss och v\u00e5r prioritet \u00e4r att du, dina kunder och din personal ska kunna lita p\u00e5 att vi s\u00e4tter er h\u00e4lsa och ert v\u00e4lbefinnande i [&hellip;]<\/p>\n","protected":false},"author":3,"featured_media":13192,"parent":51211,"menu_order":0,"comment_status":"closed","ping_status":"closed","template":"","meta":{"footnotes":""},"class_list":["post-13683","page","type-page","status-publish","has-post-thumbnail","hentry"],"acf":[],"yoast_head":"<!-- This site is optimized with the Yoast SEO plugin v23.3 - https:\/\/yoast.com\/wordpress\/plugins\/seo\/ -->\n<title>Hygiens\u00e4kerhet RISE - Electrolux Professional Sverige<\/title>\n<meta name=\"description\" content=\"Slappna av och lita p\u00e5 din tv\u00e4ttl\u00f6sning. Alla tv\u00e4ttmaskiner i v\u00e5r Line 6000-serie har nu desinfektionsprogram som utvecklats i samarbete med RISE.\" \/>\n<meta name=\"robots\" content=\"index, follow, max-snippet:-1, max-image-preview:large, max-video-preview:-1\" \/>\n<link rel=\"canonical\" href=\"https:\/\/www.electroluxprofessional.com\/se\/tvatt\/rise-hygiensakerhet\/\" \/>\n<meta property=\"og:locale\" content=\"sv_SE\" \/>\n<meta property=\"og:type\" content=\"article\" \/>\n<meta property=\"og:title\" content=\"Hygiens\u00e4kerhet RISE - Electrolux Professional Sverige\" \/>\n<meta property=\"og:description\" content=\"Slappna av och lita p\u00e5 din tv\u00e4ttl\u00f6sning. Alla tv\u00e4ttmaskiner i v\u00e5r Line 6000-serie har nu desinfektionsprogram som utvecklats i samarbete med RISE.\" \/>\n<meta property=\"og:url\" content=\"https:\/\/www.electroluxprofessional.com\/se\/tvatt\/rise-hygiensakerhet\/\" \/>\n<meta property=\"og:site_name\" content=\"Electrolux Professional Sverige\" \/>\n<meta property=\"article:modified_time\" content=\"2024-06-24T12:40:56+00:00\" \/>\n<meta name=\"twitter:card\" content=\"summary_large_image\" \/>\n<meta name=\"twitter:image\" content=\"https:\/\/www.electroluxprofessional.com\/se\/wp-content\/uploads\/2021\/02\/rise.jpg\" \/>\n<meta name=\"twitter:label1\" content=\"Ber\u00e4knad l\u00e4stid\" \/>\n\t<meta name=\"twitter:data1\" content=\"5 minuter\" \/>\n<script type=\"application\/ld+json\" class=\"yoast-schema-graph\">{\"@context\":\"https:\/\/schema.org\",\"@graph\":[{\"@type\":\"WebPage\",\"@id\":\"https:\/\/www.electroluxprofessional.com\/se\/tvatt\/rise-hygiensakerhet\/\",\"url\":\"https:\/\/www.electroluxprofessional.com\/se\/tvatt\/rise-hygiensakerhet\/\",\"name\":\"Hygiens\u00e4kerhet RISE - Electrolux Professional Sverige\",\"isPartOf\":{\"@id\":\"https:\/\/www.electroluxprofessional.com\/se\/#website\"},\"primaryImageOfPage\":{\"@id\":\"https:\/\/www.electroluxprofessional.com\/se\/tvatt\/rise-hygiensakerhet\/#primaryimage\"},\"image\":{\"@id\":\"https:\/\/www.electroluxprofessional.com\/se\/tvatt\/rise-hygiensakerhet\/#primaryimage\"},\"thumbnailUrl\":\"https:\/\/www.electroluxprofessional.com\/se\/wp-content\/uploads\/2021\/02\/rise.jpg\",\"datePublished\":\"2021-01-28T02:18:16+00:00\",\"dateModified\":\"2024-06-24T12:40:56+00:00\",\"description\":\"Slappna av och lita p\u00e5 din tv\u00e4ttl\u00f6sning. Alla tv\u00e4ttmaskiner i v\u00e5r Line 6000-serie har nu desinfektionsprogram som utvecklats i samarbete med RISE.\",\"breadcrumb\":{\"@id\":\"https:\/\/www.electroluxprofessional.com\/se\/tvatt\/rise-hygiensakerhet\/#breadcrumb\"},\"inLanguage\":\"sv-SE\",\"potentialAction\":[{\"@type\":\"ReadAction\",\"target\":[\"https:\/\/www.electroluxprofessional.com\/se\/tvatt\/rise-hygiensakerhet\/\"]}]},{\"@type\":\"ImageObject\",\"inLanguage\":\"sv-SE\",\"@id\":\"https:\/\/www.electroluxprofessional.com\/se\/tvatt\/rise-hygiensakerhet\/#primaryimage\",\"url\":\"https:\/\/www.electroluxprofessional.com\/se\/wp-content\/uploads\/2021\/02\/rise.jpg\",\"contentUrl\":\"https:\/\/www.electroluxprofessional.com\/se\/wp-content\/uploads\/2021\/02\/rise.jpg\",\"width\":200,\"height\":200,\"caption\":\"rise\"},{\"@type\":\"BreadcrumbList\",\"@id\":\"https:\/\/www.electroluxprofessional.com\/se\/tvatt\/rise-hygiensakerhet\/#breadcrumb\",\"itemListElement\":[{\"@type\":\"ListItem\",\"position\":1,\"name\":\"Home\",\"item\":\"https:\/\/www.electroluxprofessional.com\/se\/\"},{\"@type\":\"ListItem\",\"position\":2,\"name\":\"Tv\u00e4tt\",\"item\":\"https:\/\/www.electroluxprofessional.com\/se\/tvatt\/\"},{\"@type\":\"ListItem\",\"position\":3,\"name\":\"Hygiens\u00e4kerhet RISE\"}]},{\"@type\":\"WebSite\",\"@id\":\"https:\/\/www.electroluxprofessional.com\/se\/#website\",\"url\":\"https:\/\/www.electroluxprofessional.com\/se\/\",\"name\":\"Electrolux Professional Sverige\",\"description\":\"\",\"potentialAction\":[{\"@type\":\"SearchAction\",\"target\":{\"@type\":\"EntryPoint\",\"urlTemplate\":\"https:\/\/www.electroluxprofessional.com\/se\/?src={search_term_string}\"},\"query-input\":\"required name=search_term_string\"}],\"inLanguage\":\"sv-SE\"}]}<\/script>\n<!-- \/ Yoast SEO plugin. -->","yoast_head_json":{"title":"Hygiens\u00e4kerhet RISE - Electrolux Professional Sverige","description":"Slappna av och lita p\u00e5 din tv\u00e4ttl\u00f6sning. Alla tv\u00e4ttmaskiner i v\u00e5r Line 6000-serie har nu desinfektionsprogram som utvecklats i samarbete med RISE.","robots":{"index":"index","follow":"follow","max-snippet":"max-snippet:-1","max-image-preview":"max-image-preview:large","max-video-preview":"max-video-preview:-1"},"canonical":"https:\/\/www.electroluxprofessional.com\/se\/tvatt\/rise-hygiensakerhet\/","og_locale":"sv_SE","og_type":"article","og_title":"Hygiens\u00e4kerhet RISE - Electrolux Professional Sverige","og_description":"Slappna av och lita p\u00e5 din tv\u00e4ttl\u00f6sning. Alla tv\u00e4ttmaskiner i v\u00e5r Line 6000-serie har nu desinfektionsprogram som utvecklats i samarbete med RISE.","og_url":"https:\/\/www.electroluxprofessional.com\/se\/tvatt\/rise-hygiensakerhet\/","og_site_name":"Electrolux Professional Sverige","article_modified_time":"2024-06-24T12:40:56+00:00","twitter_card":"summary_large_image","twitter_image":"https:\/\/www.electroluxprofessional.com\/se\/wp-content\/uploads\/2021\/02\/rise.jpg","twitter_misc":{"Ber\u00e4knad l\u00e4stid":"5 minuter"},"schema":{"@context":"https:\/\/schema.org","@graph":[{"@type":"WebPage","@id":"https:\/\/www.electroluxprofessional.com\/se\/tvatt\/rise-hygiensakerhet\/","url":"https:\/\/www.electroluxprofessional.com\/se\/tvatt\/rise-hygiensakerhet\/","name":"Hygiens\u00e4kerhet RISE - Electrolux Professional Sverige","isPartOf":{"@id":"https:\/\/www.electroluxprofessional.com\/se\/#website"},"primaryImageOfPage":{"@id":"https:\/\/www.electroluxprofessional.com\/se\/tvatt\/rise-hygiensakerhet\/#primaryimage"},"image":{"@id":"https:\/\/www.electroluxprofessional.com\/se\/tvatt\/rise-hygiensakerhet\/#primaryimage"},"thumbnailUrl":"https:\/\/www.electroluxprofessional.com\/se\/wp-content\/uploads\/2021\/02\/rise.jpg","datePublished":"2021-01-28T02:18:16+00:00","dateModified":"2024-06-24T12:40:56+00:00","description":"Slappna av och lita p\u00e5 din tv\u00e4ttl\u00f6sning. Alla tv\u00e4ttmaskiner i v\u00e5r Line 6000-serie har nu desinfektionsprogram som utvecklats i samarbete med RISE.","breadcrumb":{"@id":"https:\/\/www.electroluxprofessional.com\/se\/tvatt\/rise-hygiensakerhet\/#breadcrumb"},"inLanguage":"sv-SE","potentialAction":[{"@type":"ReadAction","target":["https:\/\/www.electroluxprofessional.com\/se\/tvatt\/rise-hygiensakerhet\/"]}]},{"@type":"ImageObject","inLanguage":"sv-SE","@id":"https:\/\/www.electroluxprofessional.com\/se\/tvatt\/rise-hygiensakerhet\/#primaryimage","url":"https:\/\/www.electroluxprofessional.com\/se\/wp-content\/uploads\/2021\/02\/rise.jpg","contentUrl":"https:\/\/www.electroluxprofessional.com\/se\/wp-content\/uploads\/2021\/02\/rise.jpg","width":200,"height":200,"caption":"rise"},{"@type":"BreadcrumbList","@id":"https:\/\/www.electroluxprofessional.com\/se\/tvatt\/rise-hygiensakerhet\/#breadcrumb","itemListElement":[{"@type":"ListItem","position":1,"name":"Home","item":"https:\/\/www.electroluxprofessional.com\/se\/"},{"@type":"ListItem","position":2,"name":"Tv\u00e4tt","item":"https:\/\/www.electroluxprofessional.com\/se\/tvatt\/"},{"@type":"ListItem","position":3,"name":"Hygiens\u00e4kerhet RISE"}]},{"@type":"WebSite","@id":"https:\/\/www.electroluxprofessional.com\/se\/#website","url":"https:\/\/www.electroluxprofessional.com\/se\/","name":"Electrolux Professional Sverige","description":"","potentialAction":[{"@type":"SearchAction","target":{"@type":"EntryPoint","urlTemplate":"https:\/\/www.electroluxprofessional.com\/se\/?src={search_term_string}"},"query-input":"required name=search_term_string"}],"inLanguage":"sv-SE"}]}},"_links":{"self":[{"href":"https:\/\/www.electroluxprofessional.com\/se\/wp-json\/wp\/v2\/pages\/13683"}],"collection":[{"href":"https:\/\/www.electroluxprofessional.com\/se\/wp-json\/wp\/v2\/pages"}],"about":[{"href":"https:\/\/www.electroluxprofessional.com\/se\/wp-json\/wp\/v2\/types\/page"}],"author":[{"embeddable":true,"href":"https:\/\/www.electroluxprofessional.com\/se\/wp-json\/wp\/v2\/users\/3"}],"replies":[{"embeddable":true,"href":"https:\/\/www.electroluxprofessional.com\/se\/wp-json\/wp\/v2\/comments?post=13683"}],"version-history":[{"count":14,"href":"https:\/\/www.electroluxprofessional.com\/se\/wp-json\/wp\/v2\/pages\/13683\/revisions"}],"predecessor-version":[{"id":15952,"href":"https:\/\/www.electroluxprofessional.com\/se\/wp-json\/wp\/v2\/pages\/13683\/revisions\/15952"}],"up":[{"embeddable":true,"href":"https:\/\/www.electroluxprofessional.com\/se\/wp-json\/wp\/v2\/pages\/51211"}],"wp:featuredmedia":[{"embeddable":true,"href":"https:\/\/www.electroluxprofessional.com\/se\/wp-json\/wp\/v2\/media\/13192"}],"wp:attachment":[{"href":"https:\/\/www.electroluxprofessional.com\/se\/wp-json\/wp\/v2\/media?parent=13683"}],"curies":[{"name":"wp","href":"https:\/\/api.w.org\/{rel}","templated":true}]}}