{"id":13515,"date":"2019-03-28T17:10:36","date_gmt":"2019-03-28T16:10:36","guid":{"rendered":"https:\/\/www.electroluxprofessional.com\/?page_id=22200"},"modified":"2025-10-16T08:57:10","modified_gmt":"2025-10-16T07:57:10","slug":"dryckeskylare","status":"publish","type":"page","link":"https:\/\/www.electroluxprofessional.com\/se\/dryckeslosningar\/dryckeskylare\/","title":{"rendered":"Dryckeskylare"},"content":{"rendered":"<p>[vc_row full_width=&#8221;electroluxpro-full-width-no-padding&#8221;][vc_column][elx_image_block background_image=&#8221;10489&#8243; minimum_height=&#8221;350px&#8221;][vc_empty_space][\/vc_column][\/vc_row][vc_row][vc_column][vc_empty_space][elx_heading font_container=&#8221;h1&#8243; font_size=&#8221;h3&#8243; text_color=&#8221;electrolux-blue&#8221; text_align=&#8221;text-left&#8221;]Dryckeskylare[\/elx_heading][vc_empty_space][\/vc_column][\/vc_row][vc_row][vc_column width=&#8221;1\/2&#8243;][elx_heading text_color=&#8221;inherit&#8221;]Anv\u00e4ndarv\u00e4nliga dryckeskylare[\/elx_heading][vc_column_text]<strong>Erbjud en m\u00e4ngd olika smaker i en enda enkel l\u00f6sning:\u00a0<\/strong>V\u00e5ra dryckeskylare \u00e4r den perfekta l\u00f6sningen n\u00e4r du vill erbjuda dina kunder uts\u00f6kta, kylda drycker. Dessutom \u00e4r de mycket enkla att anv\u00e4nda.[\/vc_column_text][vc_empty_space][elx_heading text_color=&#8221;inherit&#8221;]Dryckeskylare som underl\u00e4ttar din arbetsdag[\/elx_heading][vc_column_text]<b>Mindre b\u00e4nkutrymme<\/b>\u00a0tack vare den kompakta designen.<br \/>\n<strong>Mindre tid\u00a0<\/strong>p\u00e5 reng\u00f6ring.<br \/>\n<strong>Mindre svinn<\/strong>\u00a0Produktens dryck levereras till sista droppen.[\/vc_column_text][elx_heading text_color=&#8221;inherit&#8221;]L\u00e5sbara lock[\/elx_heading][vc_column_text]<strong>Utbytbara BPA-fria beh\u00e5llare\u00a0<\/strong>med l\u00e5sbara lock f\u00f6r \u00f6kad trygghet och s\u00e4kerhet.[\/vc_column_text][vc_single_image image=&#8221;13513&#8243; img_size=&#8221;full&#8221; alignment=&#8221;center&#8221;][vc_empty_space][\/vc_column][vc_column width=&#8221;1\/2&#8243;][vc_single_image image=&#8221;13514&#8243; img_size=&#8221;450*627&#8243; alignment=&#8221;right&#8221;][vc_empty_space height=&#8221;42px&#8221;][vc_empty_space height=&#8221;42px&#8221;][elx_heading font_size=&#8221;h1&#8243; text_color=&#8221;inherit&#8221; text_align=&#8221;text-center&#8221;]Dryckeskylare anpassade f\u00f6r din verksamhets behov, som \u00f6kar din l\u00f6nsamhet och ger dig nya n\u00f6jda kunder.[\/elx_heading][\/vc_column][\/vc_row][vc_row][vc_column]<div class=\"com21-product-filter-container 101\">\n                    <!-- PROD FILTER -->\n                    \n                    <div class=\"container\">\n                        <h4 class=\"text-center\">\n                            Filtrera (6 Produkter)\n                        <\/h4>\n                    <\/div>\n                    <div class=\"specification-filter\">\n                        <div class=\"toggle-filter-container\">\n                            <div class=\"container text-center\">\n                                <a href=\"#filter\" class=\"toggle-filter small-toggle\" data-target=\".category-filter\"  data-class-toggle=\"category-filter-show\" aria-pressed=\"true\" role=\"button\" id=\"open-product-features\">Filtrera<\/a>\n                            <\/div>\n                        <\/div>\n                        <div class=\"category-filter category-filter-show\">\n                            <div class=\"container\">\n                    <div class=\"row\"><\/div>\n        \n                                <div class=\"row\">\n                                    <div class=\"col-md-6 text-left\">\n                                        <span class=\"number-of-products\"><span id=\"number-of-products\">6<\/span> Produkter<\/span> <a href=\"#\" class=\"btn btn-secondary-bordered\" id=\"filter-reset-btn\">\u00c5terst\u00e4ll<\/a>\n                                    <\/div>\n                                    <div class=\"col-md-6 text-right\">\n                                        <a href=\"#\" class=\"close-toggle no-pd-toggle\" data-parent=\"open-product-features\"  aria-pressed=\"true\" role=\"button\">St\u00e4ng<\/a>\n                                    <\/div>\n                                <\/div>\n                                \n                            <\/div><!-- end container -->\n                        <\/div><!-- end category-filter -->\n                    <\/div><!-- end specification-filter -->\n        \n                    <!-- END PROD FILTER -->\n                    \n                    <!-- PROD LIST -->\n                    <div class=\"product-list container\">\n                        <!--Hidden parameters-->\n                        <input type=\"hidden\" name=\"navigation_level_1\" id=\"navigation_level_1\" value=\"\u00d6\">\n                        <input type=\"hidden\" name=\"navigation_level_2\" id=\"navigation_level_2\" value=\"B\">\n                        <input type=\"hidden\" name=\"navigation_level_3\" id=\"navigation_level_3\" value=\"B\">\n                        <input type=\"hidden\" name=\"navigation_level_4\" id=\"navigation_level_4\" value=\"\">\n                        <input type=\"hidden\" name=\"filter_id\" id=\"filter_id\" value=\"101\">\n                        <input type=\"hidden\" name=\"navigation_language\" id=\"navigation_language\" value=\"5005\">\n                        <input type=\"hidden\" name=\"navigation_language_code\" id=\"navigation_language\" value=\"5005\">\n                        <input type=\"hidden\" name=\"page_id\" id=\"page_id\" value=\"13515\">\n                        <!--END Hidden parameters--><ul class=\"row\" ><li data-product-paged=\"\" class=\"anchor_tags_prod col-sm-6 col-md-3 wow fadeIn single-product-list CCCRKV\"><div class=\"product-list-item\"><div class=\"product-content\"><a href=\"https:\/\/www.electroluxprofessional.com\/se\/pd\/dryck\/dispensrar-f\u00f6r-kylda-drycker\/dryckeskylare-cs\/dispensrar-f\u00f6r-kylda-drycker-dryckeskylare-1-x-18-liters-beh\u00e5llare-och-agitator-CCCRKV\/\" target=\"_blank\" ><figure><img decoding=\"async\" src=\"https:\/\/tools.electroluxprofessional.com\/Mirror\/Doc\/PH_255x255%2FPH_CCCRKU_1_1_CCCRKU.png\" alt=\"Dispensrar f\u00f6r kylda dryckerDryckeskylare, 1 x 18 liters beh\u00e5llare och agitator\"\/><\/figure><div class=\"product-internal\"><div class=\"product-liv\">Dryckeskylare - CS<\/div><h3 class=\"product-title\">Dispensrar f\u00f6r kylda drycker<br>Dryckeskylare, 1 x 18 liters beh\u00e5llare och agitator<\/h3><div class=\"product-icons\"><div class=\"product-green\"><\/div><div class=\"product-cod\"><div class=\"hidden type_code\">0<\/div>COD <span class=\"product-code\" >CCCRKV<\/span><\/div><div class=\"product-fast\"><\/div>\n<\/div><div class=\"product-description-fast-green\"><\/div>\n<\/div><div class=\"product-actions\"><a href=\"https:\/\/www.electroluxprofessional.com\/se\/pd\/dryck\/dispensrar-f\u00f6r-kylda-drycker\/dryckeskylare-cs\/dispensrar-f\u00f6r-kylda-drycker-dryckeskylare-1-x-18-liters-beh\u00e5llare-och-agitator-CCCRKV\/\" class=\"btn btn-primary-blue\">Se mer<\/a><span class=\"compare-product\"><span class=\"compare-checkbox\"><span class=\"compare-checkbox-shape\"><input type=\"checkbox\" class=\"product-comparer\" id=\"prod_CCCRKV\"\/><label class=\"btn\" for=\"prod_CCCRKV\"><span class=\"label-bg\"><\/span>J\u00e4mf\u00f6r<\/label><\/span><\/span><\/span><\/div><\/a><\/div><\/div><\/li><li data-product-paged=\"\" class=\"anchor_tags_prod col-sm-6 col-md-3 wow fadeIn single-product-list CCCRKT\"><div class=\"product-list-item\"><div class=\"product-content\"><a href=\"https:\/\/www.electroluxprofessional.com\/se\/pd\/dryck\/dispensrar-f\u00f6r-kylda-drycker\/dryckeskylare-cs\/dispensrar-f\u00f6r-kylda-drycker-dryckeskylare-2-x-9-liters-beh\u00e5llare-och-agitator-CCCRKT\/\" target=\"_blank\" ><figure><img decoding=\"async\" src=\"https:\/\/tools.electroluxprofessional.com\/Mirror\/Doc\/PH_255x255%2FPH_CCCRKS_1_1_CCCRKS.png\" alt=\"Dispensrar f\u00f6r kylda dryckerDryckeskylare, 2 x 9 liters beh\u00e5llare och agitator\"\/><\/figure><div class=\"product-internal\"><div class=\"product-liv\">Dryckeskylare - CS<\/div><h3 class=\"product-title\">Dispensrar f\u00f6r kylda drycker<br>Dryckeskylare, 2 x 9 liters beh\u00e5llare och agitator<\/h3><div class=\"product-icons\"><div class=\"product-green\"><\/div><div class=\"product-cod\"><div class=\"hidden type_code\">0<\/div>COD <span class=\"product-code\" >CCCRKT<\/span><\/div><div class=\"product-fast\"><\/div>\n<\/div><div class=\"product-description-fast-green\"><\/div>\n<\/div><div class=\"product-actions\"><a href=\"https:\/\/www.electroluxprofessional.com\/se\/pd\/dryck\/dispensrar-f\u00f6r-kylda-drycker\/dryckeskylare-cs\/dispensrar-f\u00f6r-kylda-drycker-dryckeskylare-2-x-9-liters-beh\u00e5llare-och-agitator-CCCRKT\/\" class=\"btn btn-primary-blue\">Se mer<\/a><span class=\"compare-product\"><span class=\"compare-checkbox\"><span class=\"compare-checkbox-shape\"><input type=\"checkbox\" class=\"product-comparer\" id=\"prod_CCCRKT\"\/><label class=\"btn\" for=\"prod_CCCRKT\"><span class=\"label-bg\"><\/span>J\u00e4mf\u00f6r<\/label><\/span><\/span><\/span><\/div><\/a><\/div><\/div><\/li><li data-product-paged=\"\" class=\"anchor_tags_prod col-sm-6 col-md-3 wow fadeIn single-product-list CCCRL0\"><div class=\"product-list-item\"><div class=\"product-content\"><a href=\"https:\/\/www.electroluxprofessional.com\/se\/pd\/dryck\/dispensrar-f\u00f6r-kylda-drycker\/dryckeskylare-cs\/dispensrar-f\u00f6r-kylda-drycker-dryckeskylare-32-x-18-liters-beh\u00e5llare-och-agitator-CCCRL0\/\" target=\"_blank\" ><figure><img decoding=\"async\" src=\"https:\/\/tools.electroluxprofessional.com\/Mirror\/Doc\/PH_255x255%2FPH_CCCRKX_1_1_CCCRKX.jpg\" alt=\"Dispensrar f\u00f6r kylda dryckerDryckeskylare, 32 x 18 liters beh\u00e5llare och agitator\"\/><\/figure><div class=\"product-internal\"><div class=\"product-liv\">Dryckeskylare - CS<\/div><h3 class=\"product-title\">Dispensrar f\u00f6r kylda drycker<br>Dryckeskylare, 32 x 18 liters beh\u00e5llare och agitator<\/h3><div class=\"product-icons\"><div class=\"product-green\"><\/div><div class=\"product-cod\"><div class=\"hidden type_code\">0<\/div>COD <span class=\"product-code\" >CCCRL0<\/span><\/div><div class=\"product-fast\"><\/div>\n<\/div><div class=\"product-description-fast-green\"><\/div>\n<\/div><div class=\"product-actions\"><a href=\"https:\/\/www.electroluxprofessional.com\/se\/pd\/dryck\/dispensrar-f\u00f6r-kylda-drycker\/dryckeskylare-cs\/dispensrar-f\u00f6r-kylda-drycker-dryckeskylare-32-x-18-liters-beh\u00e5llare-och-agitator-CCCRL0\/\" class=\"btn btn-primary-blue\">Se mer<\/a><span class=\"compare-product\"><span class=\"compare-checkbox\"><span class=\"compare-checkbox-shape\"><input type=\"checkbox\" class=\"product-comparer\" id=\"prod_CCCRL0\"\/><label class=\"btn\" for=\"prod_CCCRL0\"><span class=\"label-bg\"><\/span>J\u00e4mf\u00f6r<\/label><\/span><\/span><\/span><\/div><\/a><\/div><\/div><\/li><li data-product-paged=\"\" class=\"anchor_tags_prod col-sm-6 col-md-3 wow fadeIn single-product-list CCCRL1\"><div class=\"product-list-item\"><div class=\"product-content\"><a href=\"https:\/\/www.electroluxprofessional.com\/se\/pd\/dryck\/dispensrar-f\u00f6r-kylda-drycker\/dryckeskylare-cs\/dispensrar-f\u00f6r-kylda-drycker-dryckeskylare-2-x-9-liters-beh\u00e5llare-och-1-x-18-liters-beh\u00e5llare-samt-agitator-CCCRL1\/\" target=\"_blank\" ><figure><img decoding=\"async\" src=\"https:\/\/tools.electroluxprofessional.com\/Mirror\/Doc\/PH_255x255%2FPH_CCCRKY_1_1_CCCRKY.png\" alt=\"Dispensrar f\u00f6r kylda dryckerDryckeskylare, 2 x 9-liters beh\u00e5llare och 1 x 18-liters beh\u00e5llare samt agitator\"\/><\/figure><div class=\"product-internal\"><div class=\"product-liv\">Dryckeskylare - CS<\/div><h3 class=\"product-title\">Dispensrar f\u00f6r kylda drycker<br>Dryckeskylare, 2 x 9-liters beh\u00e5llare och 1 x 18-liters beh\u00e5llare samt agitator<\/h3><div class=\"product-icons\"><div class=\"product-green\"><\/div><div class=\"product-cod\"><div class=\"hidden type_code\">0<\/div>COD <span class=\"product-code\" >CCCRL1<\/span><\/div><div class=\"product-fast\"><\/div>\n<\/div><div class=\"product-description-fast-green\"><\/div>\n<\/div><div class=\"product-actions\"><a href=\"https:\/\/www.electroluxprofessional.com\/se\/pd\/dryck\/dispensrar-f\u00f6r-kylda-drycker\/dryckeskylare-cs\/dispensrar-f\u00f6r-kylda-drycker-dryckeskylare-2-x-9-liters-beh\u00e5llare-och-1-x-18-liters-beh\u00e5llare-samt-agitator-CCCRL1\/\" class=\"btn btn-primary-blue\">Se mer<\/a><span class=\"compare-product\"><span class=\"compare-checkbox\"><span class=\"compare-checkbox-shape\"><input type=\"checkbox\" class=\"product-comparer\" id=\"prod_CCCRL1\"\/><label class=\"btn\" for=\"prod_CCCRL1\"><span class=\"label-bg\"><\/span>J\u00e4mf\u00f6r<\/label><\/span><\/span><\/span><\/div><\/a><\/div><\/div><\/li><li data-product-paged=\"\" class=\"anchor_tags_prod col-sm-6 col-md-3 wow fadeIn single-product-list CCCRKZ\"><div class=\"product-list-item\"><div class=\"product-content\"><a href=\"https:\/\/www.electroluxprofessional.com\/se\/pd\/dryck\/dispensrar-f\u00f6r-kylda-drycker\/dryckeskylare-cs\/dispensrar-f\u00f6r-kylda-drycker-dryckeskylare-4-x-9-liters-beh\u00e5llare-och-agitator-CCCRKZ\/\" target=\"_blank\" ><figure><img decoding=\"async\" src=\"https:\/\/tools.electroluxprofessional.com\/Mirror\/Doc\/PH_255x255%2FPH_CCCRKZ_1_1_CCCRKZ.png\" alt=\"Dispensrar f\u00f6r kylda dryckerDryckeskylare, 4 x 9 liters beh\u00e5llare och agitator\"\/><\/figure><div class=\"product-internal\"><div class=\"product-liv\">Dryckeskylare - CS<\/div><h3 class=\"product-title\">Dispensrar f\u00f6r kylda drycker<br>Dryckeskylare, 4 x 9 liters beh\u00e5llare och agitator<\/h3><div class=\"product-icons\"><div class=\"product-green\"><\/div><div class=\"product-cod\"><div class=\"hidden type_code\">0<\/div>COD <span class=\"product-code\" >CCCRKZ<\/span><\/div><div class=\"product-fast\"><\/div>\n<\/div><div class=\"product-description-fast-green\"><\/div>\n<\/div><div class=\"product-actions\"><a href=\"https:\/\/www.electroluxprofessional.com\/se\/pd\/dryck\/dispensrar-f\u00f6r-kylda-drycker\/dryckeskylare-cs\/dispensrar-f\u00f6r-kylda-drycker-dryckeskylare-4-x-9-liters-beh\u00e5llare-och-agitator-CCCRKZ\/\" class=\"btn btn-primary-blue\">Se mer<\/a><span class=\"compare-product\"><span class=\"compare-checkbox\"><span class=\"compare-checkbox-shape\"><input type=\"checkbox\" class=\"product-comparer\" id=\"prod_CCCRKZ\"\/><label class=\"btn\" for=\"prod_CCCRKZ\"><span class=\"label-bg\"><\/span>J\u00e4mf\u00f6r<\/label><\/span><\/span><\/span><\/div><\/a><\/div><\/div><\/li><li data-product-paged=\"\" class=\"anchor_tags_prod col-sm-6 col-md-3 wow fadeIn single-product-list CCCRL3\"><div class=\"product-list-item\"><div class=\"product-content\"><a href=\"https:\/\/www.electroluxprofessional.com\/se\/pd\/dryck\/dispensrar-f\u00f6r-kylda-drycker\/dryckeskylare-cs\/dispensrar-f\u00f6r-kylda-drycker-dryckeskylare-3-x-18-liters-beh\u00e5llare-och-agitator-CCCRL3\/\" target=\"_blank\" ><figure><img decoding=\"async\" src=\"https:\/\/tools.electroluxprofessional.com\/Mirror\/Doc\/PH_255x255%2FPH_CCCRL3_1_1_CCCRL3.png\" alt=\"Dispensrar f\u00f6r kylda dryckerDryckeskylare, 3 x 18 liters beh\u00e5llare och agitator\"\/><\/figure><div class=\"product-internal\"><div class=\"product-liv\">Dryckeskylare - CS<\/div><h3 class=\"product-title\">Dispensrar f\u00f6r kylda drycker<br>Dryckeskylare, 3 x 18 liters beh\u00e5llare och agitator<\/h3><div class=\"product-icons\"><div class=\"product-green\"><\/div><div class=\"product-cod\"><div class=\"hidden type_code\">0<\/div>COD <span class=\"product-code\" >CCCRL3<\/span><\/div><div class=\"product-fast\"><\/div>\n<\/div><div class=\"product-description-fast-green\"><\/div>\n<\/div><div class=\"product-actions\"><a href=\"https:\/\/www.electroluxprofessional.com\/se\/pd\/dryck\/dispensrar-f\u00f6r-kylda-drycker\/dryckeskylare-cs\/dispensrar-f\u00f6r-kylda-drycker-dryckeskylare-3-x-18-liters-beh\u00e5llare-och-agitator-CCCRL3\/\" class=\"btn btn-primary-blue\">Se mer<\/a><span class=\"compare-product\"><span class=\"compare-checkbox\"><span class=\"compare-checkbox-shape\"><input type=\"checkbox\" class=\"product-comparer\" id=\"prod_CCCRL3\"\/><label class=\"btn\" for=\"prod_CCCRL3\"><span class=\"label-bg\"><\/span>J\u00e4mf\u00f6r<\/label><\/span><\/span><\/span><\/div><\/a><\/div><\/div><\/li>\n                        <\/ul>\n                        <div class=\"text-center more-products\">\n                        <\/div>\n                    <\/div>\n                    <!-- END PRODUCT LIST -->\n                    <\/div>\n                    <!-- END PRODUCT LIST -->[\/vc_column][\/vc_row][vc_row css=&#8221;.vc_custom_1516904946877{border-top-width: 1px !important;background-color: #ffffff !important;border-top-color: #eeeeee !important;border-top-style: solid !important;}&#8221;][vc_column reveal_effect=&#8221;&#8221;][vc_empty_space height=&#8221;80px&#8221;][elx_heading font_size=&#8221;h3&#8243; text_color=&#8221;inherit&#8221; text_align=&#8221;text-left&#8221;]Jag vill veta mer om Electrolux Professional dryckeskylare. Kontakta mig![\/elx_heading][elx_o2000_contact_us s=&#8221;\u00d6nskar mer info om dryckeskylare&#8221; country=&#8221;Sweden&#8221; b=&#8221;beverage&#8221; r=&#8221;Jag vill veta mer om Electrolux Professional dryckeskylare. Kontakta mig!&#8221; l=&#8221;se&#8221;][\/vc_column][\/vc_row][vc_row][vc_column][vc_empty_space height=&#8221;100px&#8221;][elx_heading font_size=&#8221;h3&#8243; text_color=&#8221;inherit&#8221; text_align=&#8221;text-left&#8221;]Hitta r\u00e4tt l\u00f6sningar f\u00f6r din verksamhet[\/elx_heading][\/vc_column][\/vc_row][vc_row][vc_column width=&#8221;1\/3&#8243;][elx_maylike_box id_box=&#8221;12518&#8243;][\/vc_column][vc_column width=&#8221;1\/3&#8243;][elx_maylike_box id_box=&#8221;12495&#8243;][\/vc_column][vc_column width=&#8221;1\/3&#8243;][elx_maylike_box id_box=&#8221;12528&#8243;][\/vc_column][\/vc_row]<\/p>\n","protected":false},"excerpt":{"rendered":"<p>[vc_row full_width=&#8221;electroluxpro-full-width-no-padding&#8221;][vc_column][elx_image_block background_image=&#8221;10489&#8243; minimum_height=&#8221;350px&#8221;][vc_empty_space][\/vc_column][\/vc_row][vc_row][vc_column][vc_empty_space][elx_heading font_container=&#8221;h1&#8243; font_size=&#8221;h3&#8243; text_color=&#8221;electrolux-blue&#8221; text_align=&#8221;text-left&#8221;]Dryckeskylare[\/elx_heading][vc_empty_space][\/vc_column][\/vc_row][vc_row][vc_column width=&#8221;1\/2&#8243;][elx_heading text_color=&#8221;inherit&#8221;]Anv\u00e4ndarv\u00e4nliga dryckeskylare[\/elx_heading][vc_column_text]Erbjud en m\u00e4ngd olika smaker i en enda enkel l\u00f6sning:\u00a0V\u00e5ra dryckeskylare \u00e4r den perfekta l\u00f6sningen n\u00e4r du vill erbjuda dina kunder uts\u00f6kta, kylda drycker. Dessutom \u00e4r de mycket enkla att anv\u00e4nda.[\/vc_column_text][vc_empty_space][elx_heading text_color=&#8221;inherit&#8221;]Dryckeskylare som underl\u00e4ttar din arbetsdag[\/elx_heading][vc_column_text]Mindre b\u00e4nkutrymme\u00a0tack vare den kompakta designen. Mindre tid\u00a0p\u00e5 reng\u00f6ring. Mindre [&hellip;]<\/p>\n","protected":false},"author":242,"featured_media":0,"parent":12666,"menu_order":0,"comment_status":"closed","ping_status":"closed","template":"","meta":{"footnotes":""},"class_list":["post-13515","page","type-page","status-publish","hentry"],"acf":[],"yoast_head":"<!-- This site is optimized with the Yoast SEO plugin v23.3 - https:\/\/yoast.com\/wordpress\/plugins\/seo\/ -->\n<title>Dryckeskylare - Electrolux Professional Sverige<\/title>\n<meta name=\"description\" content=\"F\u00e4rskhet och smak inom r\u00e4ckh\u00e5ll. Smarta dryckeskylare f\u00f6r kylda drycker som passar alla verksamheter. V\u00e5ra dryckeskylare g\u00f6r att du kan erbjuda dina kunder uts\u00f6kta nya dryckesalternativ.\" \/>\n<meta name=\"robots\" content=\"index, follow, max-snippet:-1, max-image-preview:large, max-video-preview:-1\" \/>\n<link rel=\"canonical\" href=\"https:\/\/www.electroluxprofessional.com\/se\/dryckeslosningar\/dryckeskylare\/\" \/>\n<meta property=\"og:locale\" content=\"sv_SE\" \/>\n<meta property=\"og:type\" content=\"article\" \/>\n<meta property=\"og:title\" content=\"Dryckeskylare - Electrolux Professional Sverige\" \/>\n<meta property=\"og:description\" content=\"F\u00e4rskhet och smak inom r\u00e4ckh\u00e5ll. Smarta dryckeskylare f\u00f6r kylda drycker som passar alla verksamheter. V\u00e5ra dryckeskylare g\u00f6r att du kan erbjuda dina kunder uts\u00f6kta nya dryckesalternativ.\" \/>\n<meta property=\"og:url\" content=\"https:\/\/www.electroluxprofessional.com\/se\/dryckeslosningar\/dryckeskylare\/\" \/>\n<meta property=\"og:site_name\" content=\"Electrolux Professional Sverige\" \/>\n<meta property=\"article:modified_time\" content=\"2025-10-16T07:57:10+00:00\" \/>\n<meta name=\"twitter:card\" content=\"summary_large_image\" \/>\n<meta name=\"twitter:label1\" content=\"Ber\u00e4knad l\u00e4stid\" \/>\n\t<meta name=\"twitter:data1\" content=\"1 minut\" \/>\n<script type=\"application\/ld+json\" class=\"yoast-schema-graph\">{\"@context\":\"https:\/\/schema.org\",\"@graph\":[{\"@type\":\"WebPage\",\"@id\":\"https:\/\/www.electroluxprofessional.com\/se\/dryckeslosningar\/dryckeskylare\/\",\"url\":\"https:\/\/www.electroluxprofessional.com\/se\/dryckeslosningar\/dryckeskylare\/\",\"name\":\"Dryckeskylare - Electrolux Professional Sverige\",\"isPartOf\":{\"@id\":\"https:\/\/www.electroluxprofessional.com\/se\/#website\"},\"datePublished\":\"2019-03-28T16:10:36+00:00\",\"dateModified\":\"2025-10-16T07:57:10+00:00\",\"description\":\"F\u00e4rskhet och smak inom r\u00e4ckh\u00e5ll. Smarta dryckeskylare f\u00f6r kylda drycker som passar alla verksamheter. V\u00e5ra dryckeskylare g\u00f6r att du kan erbjuda dina kunder uts\u00f6kta nya dryckesalternativ.\",\"breadcrumb\":{\"@id\":\"https:\/\/www.electroluxprofessional.com\/se\/dryckeslosningar\/dryckeskylare\/#breadcrumb\"},\"inLanguage\":\"sv-SE\",\"potentialAction\":[{\"@type\":\"ReadAction\",\"target\":[\"https:\/\/www.electroluxprofessional.com\/se\/dryckeslosningar\/dryckeskylare\/\"]}]},{\"@type\":\"BreadcrumbList\",\"@id\":\"https:\/\/www.electroluxprofessional.com\/se\/dryckeslosningar\/dryckeskylare\/#breadcrumb\",\"itemListElement\":[{\"@type\":\"ListItem\",\"position\":1,\"name\":\"Home\",\"item\":\"https:\/\/www.electroluxprofessional.com\/se\/\"},{\"@type\":\"ListItem\",\"position\":2,\"name\":\"Dryckesl\u00f6sningar\",\"item\":\"https:\/\/www.electroluxprofessional.com\/se\/dryckeslosningar\/\"},{\"@type\":\"ListItem\",\"position\":3,\"name\":\"Dryckeskylare\"}]},{\"@type\":\"WebSite\",\"@id\":\"https:\/\/www.electroluxprofessional.com\/se\/#website\",\"url\":\"https:\/\/www.electroluxprofessional.com\/se\/\",\"name\":\"Electrolux Professional Sverige\",\"description\":\"\",\"potentialAction\":[{\"@type\":\"SearchAction\",\"target\":{\"@type\":\"EntryPoint\",\"urlTemplate\":\"https:\/\/www.electroluxprofessional.com\/se\/?src={search_term_string}\"},\"query-input\":\"required name=search_term_string\"}],\"inLanguage\":\"sv-SE\"}]}<\/script>\n<!-- \/ Yoast SEO plugin. -->","yoast_head_json":{"title":"Dryckeskylare - Electrolux Professional Sverige","description":"F\u00e4rskhet och smak inom r\u00e4ckh\u00e5ll. Smarta dryckeskylare f\u00f6r kylda drycker som passar alla verksamheter. V\u00e5ra dryckeskylare g\u00f6r att du kan erbjuda dina kunder uts\u00f6kta nya dryckesalternativ.","robots":{"index":"index","follow":"follow","max-snippet":"max-snippet:-1","max-image-preview":"max-image-preview:large","max-video-preview":"max-video-preview:-1"},"canonical":"https:\/\/www.electroluxprofessional.com\/se\/dryckeslosningar\/dryckeskylare\/","og_locale":"sv_SE","og_type":"article","og_title":"Dryckeskylare - Electrolux Professional Sverige","og_description":"F\u00e4rskhet och smak inom r\u00e4ckh\u00e5ll. Smarta dryckeskylare f\u00f6r kylda drycker som passar alla verksamheter. V\u00e5ra dryckeskylare g\u00f6r att du kan erbjuda dina kunder uts\u00f6kta nya dryckesalternativ.","og_url":"https:\/\/www.electroluxprofessional.com\/se\/dryckeslosningar\/dryckeskylare\/","og_site_name":"Electrolux Professional Sverige","article_modified_time":"2025-10-16T07:57:10+00:00","twitter_card":"summary_large_image","twitter_misc":{"Ber\u00e4knad l\u00e4stid":"1 minut"},"schema":{"@context":"https:\/\/schema.org","@graph":[{"@type":"WebPage","@id":"https:\/\/www.electroluxprofessional.com\/se\/dryckeslosningar\/dryckeskylare\/","url":"https:\/\/www.electroluxprofessional.com\/se\/dryckeslosningar\/dryckeskylare\/","name":"Dryckeskylare - Electrolux Professional Sverige","isPartOf":{"@id":"https:\/\/www.electroluxprofessional.com\/se\/#website"},"datePublished":"2019-03-28T16:10:36+00:00","dateModified":"2025-10-16T07:57:10+00:00","description":"F\u00e4rskhet och smak inom r\u00e4ckh\u00e5ll. Smarta dryckeskylare f\u00f6r kylda drycker som passar alla verksamheter. V\u00e5ra dryckeskylare g\u00f6r att du kan erbjuda dina kunder uts\u00f6kta nya dryckesalternativ.","breadcrumb":{"@id":"https:\/\/www.electroluxprofessional.com\/se\/dryckeslosningar\/dryckeskylare\/#breadcrumb"},"inLanguage":"sv-SE","potentialAction":[{"@type":"ReadAction","target":["https:\/\/www.electroluxprofessional.com\/se\/dryckeslosningar\/dryckeskylare\/"]}]},{"@type":"BreadcrumbList","@id":"https:\/\/www.electroluxprofessional.com\/se\/dryckeslosningar\/dryckeskylare\/#breadcrumb","itemListElement":[{"@type":"ListItem","position":1,"name":"Home","item":"https:\/\/www.electroluxprofessional.com\/se\/"},{"@type":"ListItem","position":2,"name":"Dryckesl\u00f6sningar","item":"https:\/\/www.electroluxprofessional.com\/se\/dryckeslosningar\/"},{"@type":"ListItem","position":3,"name":"Dryckeskylare"}]},{"@type":"WebSite","@id":"https:\/\/www.electroluxprofessional.com\/se\/#website","url":"https:\/\/www.electroluxprofessional.com\/se\/","name":"Electrolux Professional Sverige","description":"","potentialAction":[{"@type":"SearchAction","target":{"@type":"EntryPoint","urlTemplate":"https:\/\/www.electroluxprofessional.com\/se\/?src={search_term_string}"},"query-input":"required name=search_term_string"}],"inLanguage":"sv-SE"}]}},"_links":{"self":[{"href":"https:\/\/www.electroluxprofessional.com\/se\/wp-json\/wp\/v2\/pages\/13515"}],"collection":[{"href":"https:\/\/www.electroluxprofessional.com\/se\/wp-json\/wp\/v2\/pages"}],"about":[{"href":"https:\/\/www.electroluxprofessional.com\/se\/wp-json\/wp\/v2\/types\/page"}],"author":[{"embeddable":true,"href":"https:\/\/www.electroluxprofessional.com\/se\/wp-json\/wp\/v2\/users\/242"}],"replies":[{"embeddable":true,"href":"https:\/\/www.electroluxprofessional.com\/se\/wp-json\/wp\/v2\/comments?post=13515"}],"version-history":[{"count":6,"href":"https:\/\/www.electroluxprofessional.com\/se\/wp-json\/wp\/v2\/pages\/13515\/revisions"}],"predecessor-version":[{"id":54305,"href":"https:\/\/www.electroluxprofessional.com\/se\/wp-json\/wp\/v2\/pages\/13515\/revisions\/54305"}],"up":[{"embeddable":true,"href":"https:\/\/www.electroluxprofessional.com\/se\/wp-json\/wp\/v2\/pages\/12666"}],"wp:attachment":[{"href":"https:\/\/www.electroluxprofessional.com\/se\/wp-json\/wp\/v2\/media?parent=13515"}],"curies":[{"name":"wp","href":"https:\/\/api.w.org\/{rel}","templated":true}]}}