{"id":13392,"date":"2021-01-25T17:38:22","date_gmt":"2021-01-25T15:38:22","guid":{"rendered":"https:\/\/www.electroluxprofessional.com\/?page_id=33855"},"modified":"2026-02-18T11:40:24","modified_gmt":"2026-02-18T10:40:24","slug":"line-6000-tvattlosningar","status":"publish","type":"page","link":"https:\/\/www.electroluxprofessional.com\/se\/tvatt\/line-6000-tvattlosningar\/","title":{"rendered":"Line 6000 tv\u00e4ttl\u00f6sningar"},"content":{"rendered":"<p>[vc_row full_width=&#8221;electroluxpro-full-width-no-padding&#8221; equal_height=&#8221;yes&#8221; css=&#8221;.vc_custom_1604054607517{margin-top: -30px !important;border-top-width: -30px !important;padding-top: -30px !important;}&#8221;][vc_column][elx_full_banner title=&#8221;Professionell tv\u00e4tt i framkant&#8221; background_image_media_library=&#8221;13385&#8243; background_image_media_library_mobile=&#8221;33968&#8243; link=&#8221;url:%23contact|title:Line%206000%20tv%C3%A4ttmaskiner%20och%20torktumlare||&#8221;][\/vc_column][\/vc_row][vc_row css=&#8221;.vc_custom_1611593611059{background-color: #14133b !important;}&#8221;][vc_column width=&#8221;1\/2&#8243;][vc_empty_space][vc_column_text]P\u00e5 Electrolux Professional ser vi till att utvecklingen inom professionell textilv\u00e5rd \u00e4r under konstant utveckling. Under decennier har s\u00e4ttet vi tv\u00e4ttar p\u00e5 \u00e4ndrats enormt, liksom utvecklingen och produktionen av maskiner f\u00f6r tv\u00e4tt och torkning. Electrolux Professional har alltid legat i t\u00e4ten och vi str\u00e4var alltid efter att leverera ergonomiska, kundanpassade och h\u00e5llbara tv\u00e4ttl\u00f6sningar.[\/vc_column_text][vc_empty_space][\/vc_column][vc_column width=&#8221;1\/2&#8243;][vc_empty_space][vc_empty_space][vc_single_image image=&#8221;19658&#8243; img_size=&#8221;medium&#8221; alignment=&#8221;center&#8221;][vc_empty_space][vc_empty_space][\/vc_column][\/vc_row][vc_row disable_element=&#8221;yes&#8221; css=&#8221;.vc_custom_1655359100459{background-color: #14133b !important;}&#8221;][vc_column width=&#8221;1\/2&#8243;][vc_empty_space][elx_heading font_size=&#8221;h2&#8243; text_color=&#8221;white&#8221; text_align=&#8221;text-left&#8221;]Du fr\u00e5gade[\/elx_heading][vc_empty_space][vc_column_text]<span style=\"color: #ffffff;\">Hj\u00e4lp mig att hitta en l\u00f6sning som ger b\u00e4sta m\u00f6jliga tv\u00e4ttresultat till minsta m\u00f6jliga kostnad och insats. Jag vill f\u00e5 mer gjort p\u00e5 kortare tid och vill ha en ergonomisk och anv\u00e4ndarv\u00e4nlig design.<\/span><\/p>\n<p><span style=\"color: #ffffff;\">Ge mig produkter med en gedigen konstruktion och l\u00e5ga driftskostnader som kommer att spara pengar \u00e5r efter \u00e5r.<\/span>[\/vc_column_text][vc_empty_space][\/vc_column][vc_column width=&#8221;1\/2&#8243;][vc_empty_space][elx_heading font_size=&#8221;h2&#8243; text_color=&#8221;white&#8221; text_align=&#8221;text-left&#8221;]&#8230;vi lyssnade[\/elx_heading][vc_empty_space][vc_column_text]<\/p>\n<p style=\"color: #fff;\"><span style=\"color: #ffffff;\"><strong>Line 6000 kommer att s\u00e4nka dina kostnader, f\u00f6rutse dina behov och \u00f6vertr\u00e4ffa dina f\u00f6rv\u00e4ntningar.<\/strong><\/span><br \/>\n<span style=\"color: #ffffff;\">Intensiv forskning och nyskapande produktutveckling har lett till en serie ergonomiska tv\u00e4ttmaskiner och torktumlare som garanterar enkel anv\u00e4ndning och exceptionella besparingar. Vi ser till att din utrustning arbetar f\u00f6r dig och ger dig verktygen f\u00f6r att uppt\u00e4cka den fulla potentialen i din verksamhet.<\/span><\/p>\n<p>[\/vc_column_text][vc_empty_space][\/vc_column][\/vc_row][vc_row full_width=&#8221;electroluxpro-container-no-padding&#8221;][vc_column][vc_row_inner css=&#8221;.vc_custom_1611591149653{padding-left: 50px !important;}&#8221;][vc_column_inner][vc_empty_space][elx_heading text_color=&#8221;inherit&#8221; text_align=&#8221;text-center&#8221;]Innovation som leder till fantastisk prestanda[\/elx_heading][\/vc_column_inner][\/vc_row_inner][vc_row_inner css=&#8221;.vc_custom_1611593907972{padding-left: 50px !important;}&#8221;][vc_column_inner width=&#8221;1\/5&#8243;][vc_empty_space][vc_single_image image=&#8221;8974&#8243; alignment=&#8221;center&#8221;][vc_column_text]<\/p>\n<h2 style=\"text-align: center;\">Enkelt, s\u00e4kert &amp; ergonomiskt<\/h2>\n<p style=\"text-align: center;\">V\u00e5ra maskiner \u00e4r prisbel\u00f6nta f\u00f6r certifierad, ergonomisk och anv\u00e4ndarorienterad design.<\/p>\n<p>[\/vc_column_text][\/vc_column_inner][vc_column_inner width=&#8221;1\/5&#8243;][vc_empty_space][vc_single_image image=&#8221;13409&#8243; alignment=&#8221;center&#8221;][vc_column_text]<\/p>\n<h2 style=\"text-align: center;\"><strong>Garanterad hygien<\/strong><\/h2>\n<p style=\"text-align: center;\">Vi s\u00e4kerst\u00e4ller att varje tv\u00e4tt desinficeras effektivt f\u00f6r ett s\u00e4kert resultat.<\/p>\n<p>[\/vc_column_text][\/vc_column_inner][vc_column_inner width=&#8221;1\/5&#8243;][vc_empty_space][vc_single_image image=&#8221;10127&#8243; alignment=&#8221;center&#8221;][vc_column_text]<\/p>\n<h2 style=\"text-align: center;\">Enast\u00e5ende produktivitet<\/h2>\n<p style=\"text-align: center;\">Du kan nu:<br \/>\nTv\u00e4tta mer.<br \/>\nTorka mer.<br \/>\nP\u00e5 kortare tid!<\/p>\n<p>[\/vc_column_text][\/vc_column_inner][vc_column_inner width=&#8221;1\/5&#8243;][vc_empty_space][vc_single_image image=&#8221;8979&#8243; alignment=&#8221;center&#8221;][vc_column_text]<\/p>\n<h2 style=\"text-align: center;\">Alltid uppkopplad<\/h2>\n<p style=\"text-align: center;\">F\u00f6lj utrustningens status och prestanda oavsett var du \u00e4r. Se till att minimera tid d\u00e5 utrustningen ej nyttjas.<\/p>\n<p>[\/vc_column_text][vc_empty_space][\/vc_column_inner][vc_column_inner width=&#8221;1\/5&#8243;][vc_empty_space][vc_single_image image=&#8221;8754&#8243; alignment=&#8221;center&#8221;][vc_column_text]<\/p>\n<h2 style=\"text-align: center;\">L\u00e5ngsiktiga besparingar<\/h2>\n<p style=\"text-align: center;\">Innovativa funktioner f\u00f6r att spara pengar och tid, och bidra till en h\u00e5llbar livsstil.<\/p>\n<p>[\/vc_column_text][\/vc_column_inner][\/vc_row_inner][\/vc_column][\/vc_row][vc_row css=&#8221;.vc_custom_1611595319937{background-color: #e8eff5 !important;}&#8221;][vc_column width=&#8221;1\/5&#8243;][vc_empty_space][vc_single_image image=&#8221;5336&#8243; img_size=&#8221;medium&#8221;][vc_empty_space][\/vc_column][vc_column width=&#8221;1\/5&#8243;][vc_empty_space][vc_column_text]<\/p>\n<h1>4 stj\u00e4rnor<\/h1>\n<h3>med <em>ClarusVibe<\/em><\/h3>\n<p>[\/vc_column_text][vc_single_image image=&#8221;13382&#8243; img_size=&#8221;full&#8221;][vc_empty_space][\/vc_column][vc_column width=&#8221;3\/5&#8243;][vc_empty_space][elx_heading font_container=&#8221;h3&#8243; text_color=&#8221;inherit&#8221;]Certifierad ergonomi[\/elx_heading][vc_column_text]Hela Line 6000-serien har blivit certifierad enligt internationella standarder f\u00f6r ergonomi och anv\u00e4ndarorienterad design. Detta i tester d\u00e4r maskinernas anv\u00e4ndar- gr\u00e4nssnitt har genomg\u00e5tt oberoende tester av tredje part.<\/p>\n<p>V\u00e5ra tv\u00e4ttmaskiner och torktumlare har alla erh\u00e5llit det prestigefyllda<strong> 4-stj\u00e4rniga betyget<\/strong> f\u00f6r sin ergonomi. Det inneb\u00e4r att de har genomg\u00e5tt tester som s\u00e4kerst\u00e4ller att den som arbetar med maskinerna f\u00e5r mindre belastning och mindre p\u00e5frestning p\u00e5 kroppen. H\u00e5llbara verksamheter kan d\u00e4rf\u00f6r erbjuda sin personal b\u00e4ttre arbetsf\u00f6rh\u00e5llanden.[\/vc_column_text][vc_empty_space][\/vc_column][\/vc_row][vc_row][vc_column][vc_empty_space][elx_heading text_color=&#8221;electrolux-blue&#8221; text_align=&#8221;text-center&#8221;]Oavsett om du v\u00e4ljer ClarusVibe eller CompassPro<br \/>\ns\u00e5 f\u00e5r du en l\u00e4tthanterlig och effektiv maskin. [\/elx_heading][vc_empty_space height=&#8221;20px&#8221;][\/vc_column][\/vc_row][vc_row][vc_column width=&#8221;1\/2&#8243;][vc_empty_space][vc_single_image image=&#8221;13383&#8243; img_size=&#8221;medium&#8221;][vc_empty_space][vc_column_text]ClarusVibe-kontrollen, det senaste och mest h\u00f6gpresterande av gr\u00e4nssnitten, garanterar en intuitiv upplevelse och smidig interaktion. Ett smart och enkelt s\u00e4tt att hantera tv\u00e4ttprocessen.<\/p>\n<p>Gr\u00e4nssnittet \u00e4r helt sj\u00e4lvf\u00f6rklarande, vilket sparar tid och \u00f6kar produktiviteten genom att g\u00f6ra det enkelt f\u00f6r alla att g\u00f6ra r\u00e4tt vid f\u00f6rsta f\u00f6rs\u00f6ket. ClarusVibe levereras f\u00f6rinst\u00e4llt med alla program du beh\u00f6ver, i enlighet med lokala best\u00e4mmelser och specifikationer f\u00f6r din bransch eller din verksamhet.[\/vc_column_text][vc_empty_space][\/vc_column][vc_column width=&#8221;1\/2&#8243;][vc_empty_space][vc_single_image image=&#8221;13384&#8243; img_size=&#8221;medium&#8221;][vc_empty_space][vc_column_text]CompassPro, det mer traditionella av de tv\u00e5 gr\u00e4nssnitten, kommer med en ny design och en f\u00f6rb\u00e4ttrad anv\u00e4ndar-upplevelse.<\/p>\n<p>Flexibelt och anpassningsbart med s\u00e5v\u00e4l f\u00f6rinst\u00e4llda program som lediga programplatser. Upp till 18 olika spr\u00e5k \u00e4r tillg\u00e4ngliga.[\/vc_column_text][vc_empty_space][\/vc_column][\/vc_row][vc_row full_width=&#8221;electroluxpro-container-no-padding&#8221; css=&#8221;.vc_custom_1612195451501{padding: 50px !important;background-color: #d8d8d8 !important;}&#8221;][vc_column width=&#8221;1\/5&#8243;][vc_empty_space][vc_single_image image=&#8221;13193&#8243; img_size=&#8221;medium&#8221;][vc_empty_space][\/vc_column][vc_column width=&#8221;1\/5&#8243;][vc_empty_space][vc_column_text]<\/p>\n<h3>Electrolux<br \/>\nProfessional<br \/>\ni samarbete<br \/>\nmed Rise AB<\/h3>\n<p>[\/vc_column_text][vc_column_text]f\u00f6r att inaktivera patogena mikro-organismer i textilier genom tv\u00e4ttprocessen.[\/vc_column_text][vc_empty_space][\/vc_column][vc_column width=&#8221;3\/5&#8243;][vc_empty_space][elx_heading font_container=&#8221;h3&#8243; text_color=&#8221;inherit&#8221;]Certifierad ergonomi[\/elx_heading][vc_column_text]<strong>RISE<\/strong> \u00e4r Sveriges forskningsinstitut och innovationspartner. Genom internationella samarbetsprogram med industri, akademi och offentlig sektor s\u00e4kerst\u00e4ller Rise det svenska n\u00e4ringslivets konkurrenskraft p\u00e5 internationell niv\u00e5 och bidrar till ett h\u00e5llbart samh\u00e4lle.<\/p>\n<p>2 800 anst\u00e4llda engagerar sig i och st\u00f6der olika typer av innovationsprocesser. <strong>RISE<\/strong> \u00e4r ett oberoende statligt forskningsinstitut som erbjuder unik expertis och \u00f6ver 100 test- och demonstrationsmilj\u00f6er f\u00f6r att framtidss\u00e4kra teknologier, produkter och tj\u00e4nster.<\/p>\n<p><strong>RISE<\/strong> \u00e4r en l\u00e5ngsiktig partner f\u00f6r Electrolux Professional f\u00f6r utveckling och validering av l\u00f6sningar f\u00f6r tv\u00e4ttmarknaden. <a href=\"https:\/\/www.electroluxprofessional.com\/se\/laundry\/rise-hygiensakerhet\/\">L\u00e4s mer om RISE<\/a>.[\/vc_column_text][vc_empty_space][\/vc_column][\/vc_row][vc_row][vc_column][vc_empty_space][elx_heading font_container=&#8221;h1&#8243; font_size=&#8221;h1&#8243; text_color=&#8221;inherit&#8221; text_align=&#8221;text-center&#8221;]Uppt\u00e4ck mer om alla produkter<br \/>\ni Line 6000-familjen [\/elx_heading][vc_empty_space][\/vc_column][\/vc_row][vc_row][vc_column][vc_empty_space][elx_heading font_container=&#8221;h1&#8243; font_size=&#8221;h2&#8243; text_color=&#8221;inherit&#8221; text_align=&#8221;text-center&#8221;]Line 6000 tv\u00e4ttmaskiner[\/elx_heading][elx_double_banner title_1=&#8221;Frontmatade tv\u00e4ttmaskiner&#8221; text_1=&#8221;&#8221; title_2=&#8221;Barri\u00e4rtv\u00e4ttmaskiner&#8221; text_2=&#8221;&#8221; link_1=&#8221;url:https%3A%2F%2Fwww.electroluxprofessional.com%2Fse%2Ffrontmatade-tvattmaskiner%2F|title:Uppt%C3%A4ck%20mer||&#8221; background_image_media_library_1=&#8221;13387&#8243; link_2=&#8221;url:https%3A%2F%2Fwww.electroluxprofessional.com%2Fse%2Flaundry%2Fbarriartvattmaskiner-line6000%2F|title:Uppt%C3%A4ck%20mer||&#8221; background_image_media_library_2=&#8221;13389&#8243; background_image_media_library_mobile_1=&#8221;34055&#8243; background_image_media_library_mobile_2=&#8221;34049&#8243;][vc_empty_space][\/vc_column][\/vc_row][vc_row][vc_column][vc_empty_space][elx_heading font_container=&#8221;h1&#8243; font_size=&#8221;h2&#8243; text_color=&#8221;inherit&#8221; text_align=&#8221;text-center&#8221;]Line 6000 torktumlare[\/elx_heading][elx_double_banner title_1=&#8221;Torktumlare&#8221; text_1=&#8221;&#8221; title_2=&#8221;Torksk\u00e5p&#8221; text_2=&#8221;&#8221; link_1=&#8221;url:https%3A%2F%2Fwww.electroluxprofessional.com%2Fse%2Flaundry%2Ftorktumlare%2F|title:Uppt%C3%A4ck%20mer||&#8221; background_image_media_library_1=&#8221;13388&#8243; link_2=&#8221;url:https%3A%2F%2Fwww.electroluxprofessional.com%2Fse%2Ftorkskap%2F|title:Uppt%C3%A4ck%20mer||&#8221; background_image_media_library_2=&#8221;13390&#8243; background_image_media_library_mobile_1=&#8221;34056&#8243; background_image_media_library_mobile_2=&#8221;34058&#8243;][vc_empty_space][\/vc_column][\/vc_row][vc_row][vc_column][vc_empty_space][elx_heading font_size=&#8221;h1&#8243; text_color=&#8221;inherit&#8221; text_align=&#8221;text-center&#8221;]Line 6000 manglar[\/elx_heading][elx_single_banner layout=&#8221;layout-two&#8221; title=&#8221;Manglar&#8221; text=&#8221;&#8221; text_mobile=&#8221;&#8221; link=&#8221;url:https%3A%2F%2Fwww.electroluxprofessional.com%2Fse%2Fmanglar%2F|title:Uppt%C3%A4ck%20mer||&#8221; background_image_media_library=&#8221;13386&#8243; background_image_media_library_mobile=&#8221;34060&#8243;][vc_empty_space][\/vc_column][\/vc_row][vc_row el_id=&#8221;contact&#8221;][vc_column][vc_empty_space][elx_heading font_container=&#8221;h3&#8243; text_color=&#8221;electrolux-blue&#8221; text_align=&#8221;text-center&#8221;]Uppt\u00e4ck mer! Kontakta v\u00e5ra experter. [\/elx_heading][elx_o2000_contact_us s=&#8221;Kontakta mig! Jag vill veta mer om era professionella tv\u00e4ttl\u00f6sningar.&#8221; country=&#8221;Sweden&#8221; b=&#8221;laundry&#8221; container=&#8221;elxcontactus1482242857&#8243; r=&#8221;Jag vill veta mer om era professionella tv\u00e4ttl\u00f6sningar&#8221; l=&#8221;se&#8221;][\/vc_column][\/vc_row][vc_row][vc_column][vc_column_text][\/vc_column_text][\/vc_column][\/vc_row]<\/p>\n","protected":false},"excerpt":{"rendered":"<p>[vc_row full_width=&#8221;electroluxpro-full-width-no-padding&#8221; equal_height=&#8221;yes&#8221; css=&#8221;.vc_custom_1604054607517{margin-top: -30px !important;border-top-width: -30px !important;padding-top: -30px !important;}&#8221;][vc_column][elx_full_banner title=&#8221;Professionell tv\u00e4tt i framkant&#8221; background_image_media_library=&#8221;13385&#8243; background_image_media_library_mobile=&#8221;33968&#8243; link=&#8221;url:%23contact|title:Line%206000%20tv%C3%A4ttmaskiner%20och%20torktumlare||&#8221;][\/vc_column][\/vc_row][vc_row css=&#8221;.vc_custom_1611593611059{background-color: #14133b !important;}&#8221;][vc_column width=&#8221;1\/2&#8243;][vc_empty_space][vc_column_text]P\u00e5 Electrolux Professional ser vi till att utvecklingen inom professionell textilv\u00e5rd \u00e4r under konstant utveckling. Under decennier har s\u00e4ttet vi tv\u00e4ttar p\u00e5 \u00e4ndrats enormt, liksom utvecklingen och produktionen av maskiner f\u00f6r tv\u00e4tt och torkning. Electrolux [&hellip;]<\/p>\n","protected":false},"author":3,"featured_media":13202,"parent":51211,"menu_order":0,"comment_status":"closed","ping_status":"closed","template":"","meta":{"footnotes":""},"class_list":["post-13392","page","type-page","status-publish","has-post-thumbnail","hentry"],"acf":[],"yoast_head":"<!-- This site is optimized with the Yoast SEO plugin v23.3 - https:\/\/yoast.com\/wordpress\/plugins\/seo\/ -->\n<title>Line 6000 tv\u00e4ttl\u00f6sningar - Electrolux Professional Sverige<\/title>\n<meta name=\"description\" content=\"Line 6000 kommer att s\u00e4nka dina kostnader, f\u00f6rutse dina behov och \u00f6vertr\u00e4ffa dina f\u00f6rv\u00e4ntningar. V\u00e5r intensiva forskning och banbrytande produktutveckling har resulterat i ett enast\u00e5ende produktsortiment som sparar pengar, \u00f6kar produktiviteten och g\u00f6r din verksamhet s\u00e4ker och enkel att administrera - varje dag.\" \/>\n<meta name=\"robots\" content=\"index, follow, max-snippet:-1, max-image-preview:large, max-video-preview:-1\" \/>\n<link rel=\"canonical\" href=\"https:\/\/www.electroluxprofessional.com\/se\/tvatt\/line-6000-tvattlosningar\/\" \/>\n<meta property=\"og:locale\" content=\"sv_SE\" \/>\n<meta property=\"og:type\" content=\"article\" \/>\n<meta property=\"og:title\" content=\"Line 6000 tv\u00e4ttl\u00f6sningar - Electrolux Professional Sverige\" \/>\n<meta property=\"og:description\" content=\"Line 6000 kommer att s\u00e4nka dina kostnader, f\u00f6rutse dina behov och \u00f6vertr\u00e4ffa dina f\u00f6rv\u00e4ntningar. V\u00e5r intensiva forskning och banbrytande produktutveckling har resulterat i ett enast\u00e5ende produktsortiment som sparar pengar, \u00f6kar produktiviteten och g\u00f6r din verksamhet s\u00e4ker och enkel att administrera - varje dag.\" \/>\n<meta property=\"og:url\" content=\"https:\/\/www.electroluxprofessional.com\/se\/tvatt\/line-6000-tvattlosningar\/\" \/>\n<meta property=\"og:site_name\" content=\"Electrolux Professional Sverige\" \/>\n<meta property=\"article:modified_time\" content=\"2026-02-18T10:40:24+00:00\" \/>\n<meta property=\"og:image\" content=\"https:\/\/www.electroluxprofessional.com\/se\/wp-content\/uploads\/2020\/12\/maylike-multihousing.jpg\" \/>\n\t<meta property=\"og:image:width\" content=\"700\" \/>\n\t<meta property=\"og:image:height\" content=\"700\" \/>\n\t<meta property=\"og:image:type\" content=\"image\/jpeg\" \/>\n<meta name=\"twitter:card\" content=\"summary_large_image\" \/>\n<meta name=\"twitter:label1\" content=\"Ber\u00e4knad l\u00e4stid\" \/>\n\t<meta name=\"twitter:data1\" content=\"4 minuter\" \/>\n<script type=\"application\/ld+json\" class=\"yoast-schema-graph\">{\"@context\":\"https:\/\/schema.org\",\"@graph\":[{\"@type\":\"WebPage\",\"@id\":\"https:\/\/www.electroluxprofessional.com\/se\/tvatt\/line-6000-tvattlosningar\/\",\"url\":\"https:\/\/www.electroluxprofessional.com\/se\/tvatt\/line-6000-tvattlosningar\/\",\"name\":\"Line 6000 tv\u00e4ttl\u00f6sningar - Electrolux Professional Sverige\",\"isPartOf\":{\"@id\":\"https:\/\/www.electroluxprofessional.com\/se\/#website\"},\"primaryImageOfPage\":{\"@id\":\"https:\/\/www.electroluxprofessional.com\/se\/tvatt\/line-6000-tvattlosningar\/#primaryimage\"},\"image\":{\"@id\":\"https:\/\/www.electroluxprofessional.com\/se\/tvatt\/line-6000-tvattlosningar\/#primaryimage\"},\"thumbnailUrl\":\"https:\/\/www.electroluxprofessional.com\/se\/wp-content\/uploads\/2020\/12\/maylike-multihousing.jpg\",\"datePublished\":\"2021-01-25T15:38:22+00:00\",\"dateModified\":\"2026-02-18T10:40:24+00:00\",\"description\":\"Line 6000 kommer att s\u00e4nka dina kostnader, f\u00f6rutse dina behov och \u00f6vertr\u00e4ffa dina f\u00f6rv\u00e4ntningar. V\u00e5r intensiva forskning och banbrytande produktutveckling har resulterat i ett enast\u00e5ende produktsortiment som sparar pengar, \u00f6kar produktiviteten och g\u00f6r din verksamhet s\u00e4ker och enkel att administrera - varje dag.\",\"breadcrumb\":{\"@id\":\"https:\/\/www.electroluxprofessional.com\/se\/tvatt\/line-6000-tvattlosningar\/#breadcrumb\"},\"inLanguage\":\"sv-SE\",\"potentialAction\":[{\"@type\":\"ReadAction\",\"target\":[\"https:\/\/www.electroluxprofessional.com\/se\/tvatt\/line-6000-tvattlosningar\/\"]}]},{\"@type\":\"ImageObject\",\"inLanguage\":\"sv-SE\",\"@id\":\"https:\/\/www.electroluxprofessional.com\/se\/tvatt\/line-6000-tvattlosningar\/#primaryimage\",\"url\":\"https:\/\/www.electroluxprofessional.com\/se\/wp-content\/uploads\/2020\/12\/maylike-multihousing.jpg\",\"contentUrl\":\"https:\/\/www.electroluxprofessional.com\/se\/wp-content\/uploads\/2020\/12\/maylike-multihousing.jpg\",\"width\":700,\"height\":700,\"caption\":\"maylike-multihousing\"},{\"@type\":\"BreadcrumbList\",\"@id\":\"https:\/\/www.electroluxprofessional.com\/se\/tvatt\/line-6000-tvattlosningar\/#breadcrumb\",\"itemListElement\":[{\"@type\":\"ListItem\",\"position\":1,\"name\":\"Home\",\"item\":\"https:\/\/www.electroluxprofessional.com\/se\/\"},{\"@type\":\"ListItem\",\"position\":2,\"name\":\"Tv\u00e4tt\",\"item\":\"https:\/\/www.electroluxprofessional.com\/se\/tvatt\/\"},{\"@type\":\"ListItem\",\"position\":3,\"name\":\"Line 6000 tv\u00e4ttl\u00f6sningar\"}]},{\"@type\":\"WebSite\",\"@id\":\"https:\/\/www.electroluxprofessional.com\/se\/#website\",\"url\":\"https:\/\/www.electroluxprofessional.com\/se\/\",\"name\":\"Electrolux Professional Sverige\",\"description\":\"\",\"potentialAction\":[{\"@type\":\"SearchAction\",\"target\":{\"@type\":\"EntryPoint\",\"urlTemplate\":\"https:\/\/www.electroluxprofessional.com\/se\/?src={search_term_string}\"},\"query-input\":\"required name=search_term_string\"}],\"inLanguage\":\"sv-SE\"}]}<\/script>\n<!-- \/ Yoast SEO plugin. -->","yoast_head_json":{"title":"Line 6000 tv\u00e4ttl\u00f6sningar - Electrolux Professional Sverige","description":"Line 6000 kommer att s\u00e4nka dina kostnader, f\u00f6rutse dina behov och \u00f6vertr\u00e4ffa dina f\u00f6rv\u00e4ntningar. V\u00e5r intensiva forskning och banbrytande produktutveckling har resulterat i ett enast\u00e5ende produktsortiment som sparar pengar, \u00f6kar produktiviteten och g\u00f6r din verksamhet s\u00e4ker och enkel att administrera - varje dag.","robots":{"index":"index","follow":"follow","max-snippet":"max-snippet:-1","max-image-preview":"max-image-preview:large","max-video-preview":"max-video-preview:-1"},"canonical":"https:\/\/www.electroluxprofessional.com\/se\/tvatt\/line-6000-tvattlosningar\/","og_locale":"sv_SE","og_type":"article","og_title":"Line 6000 tv\u00e4ttl\u00f6sningar - Electrolux Professional Sverige","og_description":"Line 6000 kommer att s\u00e4nka dina kostnader, f\u00f6rutse dina behov och \u00f6vertr\u00e4ffa dina f\u00f6rv\u00e4ntningar. V\u00e5r intensiva forskning och banbrytande produktutveckling har resulterat i ett enast\u00e5ende produktsortiment som sparar pengar, \u00f6kar produktiviteten och g\u00f6r din verksamhet s\u00e4ker och enkel att administrera - varje dag.","og_url":"https:\/\/www.electroluxprofessional.com\/se\/tvatt\/line-6000-tvattlosningar\/","og_site_name":"Electrolux Professional Sverige","article_modified_time":"2026-02-18T10:40:24+00:00","og_image":[{"width":700,"height":700,"url":"https:\/\/www.electroluxprofessional.com\/se\/wp-content\/uploads\/2020\/12\/maylike-multihousing.jpg","type":"image\/jpeg"}],"twitter_card":"summary_large_image","twitter_misc":{"Ber\u00e4knad l\u00e4stid":"4 minuter"},"schema":{"@context":"https:\/\/schema.org","@graph":[{"@type":"WebPage","@id":"https:\/\/www.electroluxprofessional.com\/se\/tvatt\/line-6000-tvattlosningar\/","url":"https:\/\/www.electroluxprofessional.com\/se\/tvatt\/line-6000-tvattlosningar\/","name":"Line 6000 tv\u00e4ttl\u00f6sningar - Electrolux Professional Sverige","isPartOf":{"@id":"https:\/\/www.electroluxprofessional.com\/se\/#website"},"primaryImageOfPage":{"@id":"https:\/\/www.electroluxprofessional.com\/se\/tvatt\/line-6000-tvattlosningar\/#primaryimage"},"image":{"@id":"https:\/\/www.electroluxprofessional.com\/se\/tvatt\/line-6000-tvattlosningar\/#primaryimage"},"thumbnailUrl":"https:\/\/www.electroluxprofessional.com\/se\/wp-content\/uploads\/2020\/12\/maylike-multihousing.jpg","datePublished":"2021-01-25T15:38:22+00:00","dateModified":"2026-02-18T10:40:24+00:00","description":"Line 6000 kommer att s\u00e4nka dina kostnader, f\u00f6rutse dina behov och \u00f6vertr\u00e4ffa dina f\u00f6rv\u00e4ntningar. V\u00e5r intensiva forskning och banbrytande produktutveckling har resulterat i ett enast\u00e5ende produktsortiment som sparar pengar, \u00f6kar produktiviteten och g\u00f6r din verksamhet s\u00e4ker och enkel att administrera - varje dag.","breadcrumb":{"@id":"https:\/\/www.electroluxprofessional.com\/se\/tvatt\/line-6000-tvattlosningar\/#breadcrumb"},"inLanguage":"sv-SE","potentialAction":[{"@type":"ReadAction","target":["https:\/\/www.electroluxprofessional.com\/se\/tvatt\/line-6000-tvattlosningar\/"]}]},{"@type":"ImageObject","inLanguage":"sv-SE","@id":"https:\/\/www.electroluxprofessional.com\/se\/tvatt\/line-6000-tvattlosningar\/#primaryimage","url":"https:\/\/www.electroluxprofessional.com\/se\/wp-content\/uploads\/2020\/12\/maylike-multihousing.jpg","contentUrl":"https:\/\/www.electroluxprofessional.com\/se\/wp-content\/uploads\/2020\/12\/maylike-multihousing.jpg","width":700,"height":700,"caption":"maylike-multihousing"},{"@type":"BreadcrumbList","@id":"https:\/\/www.electroluxprofessional.com\/se\/tvatt\/line-6000-tvattlosningar\/#breadcrumb","itemListElement":[{"@type":"ListItem","position":1,"name":"Home","item":"https:\/\/www.electroluxprofessional.com\/se\/"},{"@type":"ListItem","position":2,"name":"Tv\u00e4tt","item":"https:\/\/www.electroluxprofessional.com\/se\/tvatt\/"},{"@type":"ListItem","position":3,"name":"Line 6000 tv\u00e4ttl\u00f6sningar"}]},{"@type":"WebSite","@id":"https:\/\/www.electroluxprofessional.com\/se\/#website","url":"https:\/\/www.electroluxprofessional.com\/se\/","name":"Electrolux Professional Sverige","description":"","potentialAction":[{"@type":"SearchAction","target":{"@type":"EntryPoint","urlTemplate":"https:\/\/www.electroluxprofessional.com\/se\/?src={search_term_string}"},"query-input":"required name=search_term_string"}],"inLanguage":"sv-SE"}]}},"_links":{"self":[{"href":"https:\/\/www.electroluxprofessional.com\/se\/wp-json\/wp\/v2\/pages\/13392"}],"collection":[{"href":"https:\/\/www.electroluxprofessional.com\/se\/wp-json\/wp\/v2\/pages"}],"about":[{"href":"https:\/\/www.electroluxprofessional.com\/se\/wp-json\/wp\/v2\/types\/page"}],"author":[{"embeddable":true,"href":"https:\/\/www.electroluxprofessional.com\/se\/wp-json\/wp\/v2\/users\/3"}],"replies":[{"embeddable":true,"href":"https:\/\/www.electroluxprofessional.com\/se\/wp-json\/wp\/v2\/comments?post=13392"}],"version-history":[{"count":27,"href":"https:\/\/www.electroluxprofessional.com\/se\/wp-json\/wp\/v2\/pages\/13392\/revisions"}],"predecessor-version":[{"id":55605,"href":"https:\/\/www.electroluxprofessional.com\/se\/wp-json\/wp\/v2\/pages\/13392\/revisions\/55605"}],"up":[{"embeddable":true,"href":"https:\/\/www.electroluxprofessional.com\/se\/wp-json\/wp\/v2\/pages\/51211"}],"wp:featuredmedia":[{"embeddable":true,"href":"https:\/\/www.electroluxprofessional.com\/se\/wp-json\/wp\/v2\/media\/13202"}],"wp:attachment":[{"href":"https:\/\/www.electroluxprofessional.com\/se\/wp-json\/wp\/v2\/media?parent=13392"}],"curies":[{"name":"wp","href":"https:\/\/api.w.org\/{rel}","templated":true}]}}