{"id":13264,"date":"2016-05-13T13:56:38","date_gmt":"2016-05-13T13:56:38","guid":{"rendered":"https:\/\/www.electroluxprofessional.com\/?page_id=719"},"modified":"2025-10-16T09:53:43","modified_gmt":"2025-10-16T08:53:43","slug":"restaurangkok","status":"publish","type":"page","link":"https:\/\/www.electroluxprofessional.com\/se\/your-business\/restaurangkok\/","title":{"rendered":"Restauranger"},"content":{"rendered":"<p>[vc_row full_width=&#8221;electroluxpro-full-width-no-padding&#8221; css=&#8221;.vc_custom_1665569138420{margin-top: -50px !important;}&#8221;][vc_column][elx_full_banner title=&#8221;Restauranger&#8221; set_as_h1=&#8221;true&#8221; background_image_media_library=&#8221;20164&#8243; background_image_media_library_mobile=&#8221;20163&#8243;][\/vc_column][\/vc_row][vc_row][vc_column][vc_empty_space][elx_heading font_size=&#8221;h3&#8243; text_color=&#8221;restaurant&#8221; text_align=&#8221;text-left&#8221;]Att driva ett restaurangk\u00f6k kan vara ett h\u00e5rt jobb.<br \/>\nDu beh\u00f6ver en partner som du kan lita p\u00e5, som aldrig kommer att svika dig.[\/elx_heading][\/vc_column][\/vc_row][vc_row][vc_column width=&#8221;2\/3&#8243; css=&#8221;.vc_custom_1464680696345{padding-top: 30px !important;}&#8221;][elx_image_block background_image=&#8221;598&#8243; minimum_height=&#8221;400px&#8221;][\/vc_column][vc_column width=&#8221;1\/3&#8243;][vc_empty_space height=&#8221;65px&#8221;][elx_heading font_size=&#8221;h3&#8243; text_color=&#8221;electrolux-blue&#8221; text_align=&#8221;text-left&#8221;]L\u00f6sningar f\u00f6r restaurangk\u00f6k[\/elx_heading][vc_column_text]N\u00e4r du v\u00e4ljer ett restaurangk\u00f6k fr\u00e5n Electrolux Professional f\u00e5r du alltid flexibla och anv\u00e4ndarv\u00e4nliga l\u00f6sningar med h\u00f6g prestanda. Dessutom \u00e4r v\u00e5ra l\u00f6sningar energieffektiva och har l\u00e5ga driftskostnader.[\/vc_column_text][\/vc_column][\/vc_row][vc_row][vc_column width=&#8221;2\/3&#8243;][vc_empty_space height=&#8221;50px&#8221;][elx_heading font_container=&#8221;h3&#8243; font_size=&#8221;h3&#8243; text_color=&#8221;inherit&#8221;]F\u00e5 ett k\u00f6k som hj\u00e4lper dig att lyckas[\/elx_heading][vc_column_text css_animation=&#8221;none&#8221;]Skapade f\u00f6r m\u00e4sterkockar:<\/p>\n<p><strong>therma<em>line <\/em>spisserie <\/strong>och exklusiva premiumspisen<strong> Molteni <\/strong>fr\u00e5n Electrolux Professional uppfyller de absolut h\u00f6gsta kraven hos <strong>fine dining-restauranger<\/strong>.[\/vc_column_text][elx_heading font_container=&#8221;h3&#8243; text_color=&#8221;inherit&#8221;]En l\u00f6sning f\u00f6r varje behov[\/elx_heading][vc_column_text css_animation=&#8221;none&#8221;]Electrolux Professional har utrustningen som l\u00f6ser dina tuffaste utmaningar, oavsett vilken typ av restaurangk\u00f6k du driver.[\/vc_column_text][\/vc_column][vc_column width=&#8221;1\/3&#8243; css=&#8221;.vc_custom_1484036847003{margin-top: 30px !important;border-top-width: 30px !important;padding-top: 30px !important;}&#8221;][elx_image_block background_image=&#8221;596&#8243; minimum_height=&#8221;400px&#8221;][\/vc_column][\/vc_row][vc_row][vc_column][vc_empty_space][\/vc_column][\/vc_row][vc_row css=&#8221;.vc_custom_1517564415244{background-color: #eeeeee !important;}&#8221;][vc_column css=&#8221;.vc_custom_1484036722557{padding-top: 30px !important;padding-bottom: 10px !important;}&#8221;][elx_heading font_container=&#8221;h3&#8243; font_size=&#8221;h3&#8243; text_color=&#8221;inherit&#8221; text_align=&#8221;text-left&#8221;]V\u00e5ra l\u00f6sningar f\u00f6r ditt restaurangk\u00f6k[\/elx_heading][vc_row_inner][vc_column_inner width=&#8221;1\/3&#8243;][elx_image_block background_image=&#8221;599&#8243; minimum_height=&#8221;332px&#8221;][elx_heading font_container=&#8221;h3&#8243; font_size=&#8221;h5&#8243; text_color=&#8221;inherit&#8221; text_align=&#8221;text-left&#8221;]Fine dining-restauranger[\/elx_heading][\/vc_column_inner][vc_column_inner width=&#8221;1\/3&#8243;][elx_image_block background_image=&#8221;600&#8243; minimum_height=&#8221;332px&#8221;][elx_heading font_size=&#8221;h5&#8243; text_color=&#8221;inherit&#8221; text_align=&#8221;text-left&#8221;]Full service-restauranger[\/elx_heading][\/vc_column_inner][vc_column_inner width=&#8221;1\/3&#8243;][elx_image_block background_image=&#8221;601&#8243; minimum_height=&#8221;332px&#8221;][elx_heading font_size=&#8221;h5&#8243; text_color=&#8221;inherit&#8221; text_align=&#8221;text-left&#8221;]Snabbmatsrestauranger[\/elx_heading][\/vc_column_inner][\/vc_row_inner][\/vc_column][\/vc_row][vc_row full_width=&#8221;electroluxpro-full-width-no-padding&#8221;][vc_column][vc_empty_space][vc_empty_space height=&#8221;1px&#8221; css=&#8221;.vc_custom_1523005131385{background-color: #eeeeee !important;}&#8221;][vc_empty_space][\/vc_column][\/vc_row][vc_row css=&#8221;.vc_custom_1522939207643{background-color: #ededc9 !important;}&#8221;][vc_column][elx_heading font_size=&#8221;h3&#8243; text_color=&#8221;inherit&#8221; text_align=&#8221;text-left&#8221;]Dryckesl\u00f6sningar[\/elx_heading][vc_empty_space][\/vc_column][\/vc_row][vc_row equal_height=&#8221;yes&#8221; css=&#8221;.vc_custom_1522941413247{background-color: #ededc9 !important;}&#8221;][vc_column width=&#8221;1\/2&#8243;][elx_simple_link_block link=&#8221;url:https%3A%2F%2Fwww.electroluxprofessional.com%2Fse%2Fdryckeslosningar%2F|title:Beverage%20solutions||&#8221; text_align=&#8221;text-left&#8221; text_color=&#8221;inherit&#8221; background_color=&#8221;inherit&#8221; background_hover_color=&#8221;darker-hover&#8221; extra_class=&#8221;&#8221; reveal_effect=&#8221;&#8221; reveal_duration=&#8221;&#8221; reveal_delay=&#8221;&#8221;][vc_single_image image=&#8221;10387&#8243; img_size=&#8221;full&#8221;][\/elx_simple_link_block][\/vc_column][vc_column width=&#8221;1\/2&#8243;][elx_simple_link_block link=&#8221;url:https%3A%2F%2Fwww.electroluxprofessional.com%2Fse%2Fdryckeslosningar%2F|title:Dryckesl%C3%B6sningar||&#8221; text_align=&#8221;text-left&#8221; text_color=&#8221;inherit&#8221; background_color=&#8221;inherit&#8221; background_hover_color=&#8221;darker-hover&#8221; extra_class=&#8221;&#8221; reveal_effect=&#8221;&#8221; reveal_duration=&#8221;&#8221; reveal_delay=&#8221;&#8221;][elx_heading font_container=&#8221;h3&#8243; font_size=&#8221;h5&#8243; text_color=&#8221;inherit&#8221;]Dryckesl\u00f6sningar[\/elx_heading][vc_column_text]Vi har ett omfattande utbud av <strong>kaffe- och dryckesl\u00f6sningar <\/strong>som skapats f\u00f6r att ut\u00f6ka ditt dryckeserbjudande.<\/p>\n<ul>\n<li>Kaffel\u00f6sningar: Espressomaskiner, kaffebryggare, kvarnar<\/li>\n<li>Dispensrar f\u00f6r kylda och varma drycker<\/li>\n<li>Mjukglass- och slushmaskiner<\/li>\n<li>Och mycket mer&#8230;<\/li>\n<\/ul>\n<p>[\/vc_column_text][\/elx_simple_link_block][elx_button button_text=&#8221;Uppt\u00e4ck v\u00e5ra dryckesl\u00f6sningar&#8221; button_style=&#8221;icon-blue&#8221; button_link=&#8221;url:https%3A%2F%2Fwww.electroluxprofessional.com%2Fse%2Fdryckeslosningar%2F|title:coffee%20and%20beverage%20solutions||&#8221;][\/vc_column][\/vc_row][vc_row full_width=&#8221;electroluxpro-full-width-no-padding&#8221;][vc_column][vc_empty_space][\/vc_column][\/vc_row][vc_row equal_height=&#8221;yes&#8221; content_placement=&#8221;middle&#8221; disable_element=&#8221;yes&#8221;][vc_column width=&#8221;1\/3&#8243;][elx_simple_block text_align=&#8221;text-center&#8221; background_color=&#8221;restaurant&#8221;][elx_heading text_color=&#8221;white&#8221;]Chains[\/elx_heading][vc_column_text]<\/p>\n<p style=\"text-align: center;\"><span style=\"color: #ffffff;\">How do we make the difference?<\/span><\/p>\n<p>[\/vc_column_text][elx_button button_text=&#8221;Find out more&#8221; button_style=&#8221;default&#8221; button_link=&#8221;url:https%3A%2F%2Fwww.electroluxprofessional.com%2Fse%2Fyour-business%2Frestaurant-chains%2F|||&#8221;][\/elx_simple_block][\/vc_column][vc_column width=&#8221;1\/3&#8243;][vc_single_image image=&#8221;13262&#8243; img_size=&#8221;full&#8221;][\/vc_column][vc_column width=&#8221;1\/3&#8243;][vc_single_image image=&#8221;13263&#8243; img_size=&#8221;full&#8221;][\/vc_column][\/vc_row][vc_row css=&#8221;.vc_custom_1464686680535{padding-bottom: 30px !important;}&#8221;][vc_column][vc_empty_space][elx_heading font_size=&#8221;h3&#8243; text_color=&#8221;inherit&#8221; text_align=&#8221;text-left&#8221;]Vad v\u00e5ra kunder s\u00e4ger[\/elx_heading][\/vc_column][\/vc_row][vc_row][vc_column width=&#8221;2\/3&#8243;][elx_image_block background_image=&#8221;13278&#8243; minimum_height=&#8221;400px&#8221;][elx_heading font_container=&#8221;h3&#8243; font_size=&#8221;h5&#8243; text_color=&#8221;inherit&#8221;]Toftaholm Herrg\u00e5rd[\/elx_heading][vc_column_text css_animation=&#8221;none&#8221; css=&#8221;.vc_custom_1613041540464{padding-top: 15px !important;}&#8221;]&#8221;<em>Produkterna \u00e4r j\u00e4ttebra att jobba med. Vi anv\u00e4nder ett flertal olika ugnar med program som vi kan f\u00f6rprogrammera. Gasspisen \u00e4r fantastisk och Blast chillern anv\u00e4nder vi ocks\u00e5. Det \u00e4r v\u00e4ldigt h\u00f6g kvalitet och de \u00e4r enkla att anv\u00e4nda och f\u00f6rst\u00e5 sig p\u00e5.<\/em>&#8220;.<\/p>\n<p><strong>Jim Florin, K\u00f6ksm\u00e4stare<br \/>\n<\/strong>Toftaholm Herrg\u00e5rd<strong><br \/>\nVittaryd, Sweden<\/strong>[\/vc_column_text][vc_empty_space][elx_button button_text=&#8221;L\u00e4s mer om Toftaholms Herrg\u00e5rd&#8221; button_link=&#8221;url:https%3A%2F%2Fwww.electroluxprofessional.com%2Fse%2Freferences%2Ftoftaholm-herrgard%2F|||&#8221;][\/vc_column][vc_column width=&#8221;1\/3&#8243;][\/vc_column][\/vc_row][vc_row][vc_column][vc_empty_space][elx_heading font_container=&#8221;h3&#8243; text_color=&#8221;inherit&#8221;]Uppt\u00e4ck vad Electrolux Professional kan g\u00f6ra f\u00f6r din verksamhet[\/elx_heading][elx_o2000_contact_us s=&#8221;Your request for information: restaurants&#8221; container=&#8221;elxcontactus1466432017&#8243; r=&#8221;Jag vill veta mer om l\u00f6sningar f\u00f6r restaurangk\u00f6k, kontakta mig.&#8221;][\/vc_column][\/vc_row][vc_row][vc_column][vc_empty_space][elx_heading text_color=&#8221;inherit&#8221;]Du kanske ocks\u00e5 vill veta mer om&#8230;[\/elx_heading][\/vc_column][\/vc_row][vc_row][vc_column width=&#8221;1\/3&#8243;][elx_maylike_box id_box=&#8221;13551&#8243;][\/vc_column][vc_column width=&#8221;1\/3&#8243;][elx_maylike_box id_box=&#8221;2707&#8243;][\/vc_column][vc_column width=&#8221;1\/3&#8243;][elx_maylike_box id_box=&#8221;3693&#8243;][\/vc_column][\/vc_row]<\/p>\n","protected":false},"excerpt":{"rendered":"<p>[vc_row full_width=&#8221;electroluxpro-full-width-no-padding&#8221; css=&#8221;.vc_custom_1665569138420{margin-top: -50px !important;}&#8221;][vc_column][elx_full_banner title=&#8221;Restauranger&#8221; set_as_h1=&#8221;true&#8221; background_image_media_library=&#8221;20164&#8243; background_image_media_library_mobile=&#8221;20163&#8243;][\/vc_column][\/vc_row][vc_row][vc_column][vc_empty_space][elx_heading font_size=&#8221;h3&#8243; text_color=&#8221;restaurant&#8221; text_align=&#8221;text-left&#8221;]Att driva ett restaurangk\u00f6k kan vara ett h\u00e5rt jobb. Du beh\u00f6ver en partner som du kan lita p\u00e5, som aldrig kommer att svika dig.[\/elx_heading][\/vc_column][\/vc_row][vc_row][vc_column width=&#8221;2\/3&#8243; css=&#8221;.vc_custom_1464680696345{padding-top: 30px !important;}&#8221;][elx_image_block background_image=&#8221;598&#8243; minimum_height=&#8221;400px&#8221;][\/vc_column][vc_column width=&#8221;1\/3&#8243;][vc_empty_space height=&#8221;65px&#8221;][elx_heading font_size=&#8221;h3&#8243; text_color=&#8221;electrolux-blue&#8221; text_align=&#8221;text-left&#8221;]L\u00f6sningar f\u00f6r restaurangk\u00f6k[\/elx_heading][vc_column_text]N\u00e4r du v\u00e4ljer ett restaurangk\u00f6k fr\u00e5n Electrolux Professional [&hellip;]<\/p>\n","protected":false},"author":173,"featured_media":598,"parent":3379,"menu_order":0,"comment_status":"closed","ping_status":"closed","template":"","meta":{"footnotes":""},"class_list":["post-13264","page","type-page","status-publish","has-post-thumbnail","hentry"],"acf":[],"yoast_head":"<!-- This site is optimized with the Yoast SEO plugin v23.3 - https:\/\/yoast.com\/wordpress\/plugins\/seo\/ -->\n<title>Restaurangk\u00f6k - stort utbud av produkter - Electrolux Professional<\/title>\n<meta name=\"description\" content=\"Electrolux Professional har l\u00f6nsamma, energisn\u00e5la och flexibla l\u00f6sningar f\u00f6r restaurangk\u00f6k inom allt fr\u00e5n snabbmat till fine dining.\" \/>\n<meta name=\"robots\" content=\"index, follow, max-snippet:-1, max-image-preview:large, max-video-preview:-1\" \/>\n<link rel=\"canonical\" href=\"https:\/\/www.electroluxprofessional.com\/se\/your-business\/restaurangkok\/\" \/>\n<meta property=\"og:locale\" content=\"sv_SE\" \/>\n<meta property=\"og:type\" content=\"article\" \/>\n<meta property=\"og:title\" content=\"Restaurangk\u00f6k - stort utbud av produkter - Electrolux Professional\" \/>\n<meta property=\"og:description\" content=\"Electrolux Professional har l\u00f6nsamma, energisn\u00e5la och flexibla l\u00f6sningar f\u00f6r restaurangk\u00f6k inom allt fr\u00e5n snabbmat till fine dining.\" \/>\n<meta property=\"og:url\" content=\"https:\/\/www.electroluxprofessional.com\/se\/your-business\/restaurangkok\/\" \/>\n<meta property=\"og:site_name\" content=\"Electrolux Professional Sverige\" \/>\n<meta property=\"article:modified_time\" content=\"2025-10-16T08:53:43+00:00\" \/>\n<meta property=\"og:image\" content=\"https:\/\/www.electroluxprofessional.com\/se\/wp-content\/uploads\/2016\/05\/fine-dining-restaurants.jpg\" \/>\n\t<meta property=\"og:image:width\" content=\"1000\" \/>\n\t<meta property=\"og:image:height\" content=\"667\" \/>\n\t<meta property=\"og:image:type\" content=\"image\/jpeg\" \/>\n<meta name=\"twitter:card\" content=\"summary_large_image\" \/>\n<meta name=\"twitter:label1\" content=\"Ber\u00e4knad l\u00e4stid\" \/>\n\t<meta name=\"twitter:data1\" content=\"3 minuter\" \/>\n<script type=\"application\/ld+json\" class=\"yoast-schema-graph\">{\"@context\":\"https:\/\/schema.org\",\"@graph\":[{\"@type\":\"WebPage\",\"@id\":\"https:\/\/www.electroluxprofessional.com\/se\/your-business\/restaurangkok\/\",\"url\":\"https:\/\/www.electroluxprofessional.com\/se\/your-business\/restaurangkok\/\",\"name\":\"Restaurangk\u00f6k - stort utbud av produkter - Electrolux Professional\",\"isPartOf\":{\"@id\":\"https:\/\/www.electroluxprofessional.com\/se\/#website\"},\"primaryImageOfPage\":{\"@id\":\"https:\/\/www.electroluxprofessional.com\/se\/your-business\/restaurangkok\/#primaryimage\"},\"image\":{\"@id\":\"https:\/\/www.electroluxprofessional.com\/se\/your-business\/restaurangkok\/#primaryimage\"},\"thumbnailUrl\":\"https:\/\/www.electroluxprofessional.com\/se\/wp-content\/uploads\/2016\/05\/fine-dining-restaurants.jpg\",\"datePublished\":\"2016-05-13T13:56:38+00:00\",\"dateModified\":\"2025-10-16T08:53:43+00:00\",\"description\":\"Electrolux Professional har l\u00f6nsamma, energisn\u00e5la och flexibla l\u00f6sningar f\u00f6r restaurangk\u00f6k inom allt fr\u00e5n snabbmat till fine dining.\",\"breadcrumb\":{\"@id\":\"https:\/\/www.electroluxprofessional.com\/se\/your-business\/restaurangkok\/#breadcrumb\"},\"inLanguage\":\"sv-SE\",\"potentialAction\":[{\"@type\":\"ReadAction\",\"target\":[\"https:\/\/www.electroluxprofessional.com\/se\/your-business\/restaurangkok\/\"]}]},{\"@type\":\"ImageObject\",\"inLanguage\":\"sv-SE\",\"@id\":\"https:\/\/www.electroluxprofessional.com\/se\/your-business\/restaurangkok\/#primaryimage\",\"url\":\"https:\/\/www.electroluxprofessional.com\/se\/wp-content\/uploads\/2016\/05\/fine-dining-restaurants.jpg\",\"contentUrl\":\"https:\/\/www.electroluxprofessional.com\/se\/wp-content\/uploads\/2016\/05\/fine-dining-restaurants.jpg\",\"width\":1000,\"height\":667,\"caption\":\"Restaurangk\u00f6k med flexibilitet och h\u00f6g presetanda\"},{\"@type\":\"BreadcrumbList\",\"@id\":\"https:\/\/www.electroluxprofessional.com\/se\/your-business\/restaurangkok\/#breadcrumb\",\"itemListElement\":[{\"@type\":\"ListItem\",\"position\":1,\"name\":\"Home\",\"item\":\"https:\/\/www.electroluxprofessional.com\/se\/\"},{\"@type\":\"ListItem\",\"position\":2,\"name\":\"Your Business\",\"item\":\"https:\/\/www.electroluxprofessional.com\/se\/your-business\/\"},{\"@type\":\"ListItem\",\"position\":3,\"name\":\"Restauranger\"}]},{\"@type\":\"WebSite\",\"@id\":\"https:\/\/www.electroluxprofessional.com\/se\/#website\",\"url\":\"https:\/\/www.electroluxprofessional.com\/se\/\",\"name\":\"Electrolux Professional Sverige\",\"description\":\"\",\"potentialAction\":[{\"@type\":\"SearchAction\",\"target\":{\"@type\":\"EntryPoint\",\"urlTemplate\":\"https:\/\/www.electroluxprofessional.com\/se\/?src={search_term_string}\"},\"query-input\":\"required name=search_term_string\"}],\"inLanguage\":\"sv-SE\"}]}<\/script>\n<!-- \/ Yoast SEO plugin. -->","yoast_head_json":{"title":"Restaurangk\u00f6k - stort utbud av produkter - Electrolux Professional","description":"Electrolux Professional har l\u00f6nsamma, energisn\u00e5la och flexibla l\u00f6sningar f\u00f6r restaurangk\u00f6k inom allt fr\u00e5n snabbmat till fine dining.","robots":{"index":"index","follow":"follow","max-snippet":"max-snippet:-1","max-image-preview":"max-image-preview:large","max-video-preview":"max-video-preview:-1"},"canonical":"https:\/\/www.electroluxprofessional.com\/se\/your-business\/restaurangkok\/","og_locale":"sv_SE","og_type":"article","og_title":"Restaurangk\u00f6k - stort utbud av produkter - Electrolux Professional","og_description":"Electrolux Professional har l\u00f6nsamma, energisn\u00e5la och flexibla l\u00f6sningar f\u00f6r restaurangk\u00f6k inom allt fr\u00e5n snabbmat till fine dining.","og_url":"https:\/\/www.electroluxprofessional.com\/se\/your-business\/restaurangkok\/","og_site_name":"Electrolux Professional Sverige","article_modified_time":"2025-10-16T08:53:43+00:00","og_image":[{"width":1000,"height":667,"url":"https:\/\/www.electroluxprofessional.com\/se\/wp-content\/uploads\/2016\/05\/fine-dining-restaurants.jpg","type":"image\/jpeg"}],"twitter_card":"summary_large_image","twitter_misc":{"Ber\u00e4knad l\u00e4stid":"3 minuter"},"schema":{"@context":"https:\/\/schema.org","@graph":[{"@type":"WebPage","@id":"https:\/\/www.electroluxprofessional.com\/se\/your-business\/restaurangkok\/","url":"https:\/\/www.electroluxprofessional.com\/se\/your-business\/restaurangkok\/","name":"Restaurangk\u00f6k - stort utbud av produkter - Electrolux Professional","isPartOf":{"@id":"https:\/\/www.electroluxprofessional.com\/se\/#website"},"primaryImageOfPage":{"@id":"https:\/\/www.electroluxprofessional.com\/se\/your-business\/restaurangkok\/#primaryimage"},"image":{"@id":"https:\/\/www.electroluxprofessional.com\/se\/your-business\/restaurangkok\/#primaryimage"},"thumbnailUrl":"https:\/\/www.electroluxprofessional.com\/se\/wp-content\/uploads\/2016\/05\/fine-dining-restaurants.jpg","datePublished":"2016-05-13T13:56:38+00:00","dateModified":"2025-10-16T08:53:43+00:00","description":"Electrolux Professional har l\u00f6nsamma, energisn\u00e5la och flexibla l\u00f6sningar f\u00f6r restaurangk\u00f6k inom allt fr\u00e5n snabbmat till fine dining.","breadcrumb":{"@id":"https:\/\/www.electroluxprofessional.com\/se\/your-business\/restaurangkok\/#breadcrumb"},"inLanguage":"sv-SE","potentialAction":[{"@type":"ReadAction","target":["https:\/\/www.electroluxprofessional.com\/se\/your-business\/restaurangkok\/"]}]},{"@type":"ImageObject","inLanguage":"sv-SE","@id":"https:\/\/www.electroluxprofessional.com\/se\/your-business\/restaurangkok\/#primaryimage","url":"https:\/\/www.electroluxprofessional.com\/se\/wp-content\/uploads\/2016\/05\/fine-dining-restaurants.jpg","contentUrl":"https:\/\/www.electroluxprofessional.com\/se\/wp-content\/uploads\/2016\/05\/fine-dining-restaurants.jpg","width":1000,"height":667,"caption":"Restaurangk\u00f6k med flexibilitet och h\u00f6g presetanda"},{"@type":"BreadcrumbList","@id":"https:\/\/www.electroluxprofessional.com\/se\/your-business\/restaurangkok\/#breadcrumb","itemListElement":[{"@type":"ListItem","position":1,"name":"Home","item":"https:\/\/www.electroluxprofessional.com\/se\/"},{"@type":"ListItem","position":2,"name":"Your Business","item":"https:\/\/www.electroluxprofessional.com\/se\/your-business\/"},{"@type":"ListItem","position":3,"name":"Restauranger"}]},{"@type":"WebSite","@id":"https:\/\/www.electroluxprofessional.com\/se\/#website","url":"https:\/\/www.electroluxprofessional.com\/se\/","name":"Electrolux Professional Sverige","description":"","potentialAction":[{"@type":"SearchAction","target":{"@type":"EntryPoint","urlTemplate":"https:\/\/www.electroluxprofessional.com\/se\/?src={search_term_string}"},"query-input":"required name=search_term_string"}],"inLanguage":"sv-SE"}]}},"_links":{"self":[{"href":"https:\/\/www.electroluxprofessional.com\/se\/wp-json\/wp\/v2\/pages\/13264"}],"collection":[{"href":"https:\/\/www.electroluxprofessional.com\/se\/wp-json\/wp\/v2\/pages"}],"about":[{"href":"https:\/\/www.electroluxprofessional.com\/se\/wp-json\/wp\/v2\/types\/page"}],"author":[{"embeddable":true,"href":"https:\/\/www.electroluxprofessional.com\/se\/wp-json\/wp\/v2\/users\/173"}],"replies":[{"embeddable":true,"href":"https:\/\/www.electroluxprofessional.com\/se\/wp-json\/wp\/v2\/comments?post=13264"}],"version-history":[{"count":25,"href":"https:\/\/www.electroluxprofessional.com\/se\/wp-json\/wp\/v2\/pages\/13264\/revisions"}],"predecessor-version":[{"id":54328,"href":"https:\/\/www.electroluxprofessional.com\/se\/wp-json\/wp\/v2\/pages\/13264\/revisions\/54328"}],"up":[{"embeddable":true,"href":"https:\/\/www.electroluxprofessional.com\/se\/wp-json\/wp\/v2\/pages\/3379"}],"wp:featuredmedia":[{"embeddable":true,"href":"https:\/\/www.electroluxprofessional.com\/se\/wp-json\/wp\/v2\/media\/598"}],"wp:attachment":[{"href":"https:\/\/www.electroluxprofessional.com\/se\/wp-json\/wp\/v2\/media?parent=13264"}],"curies":[{"name":"wp","href":"https:\/\/api.w.org\/{rel}","templated":true}]}}