{"id":13105,"date":"2016-11-15T14:29:37","date_gmt":"2016-11-15T14:29:37","guid":{"rendered":"https:\/\/www.electroluxprofessional.com\/?page_id=5263"},"modified":"2025-10-16T08:43:11","modified_gmt":"2025-10-16T07:43:11","slug":"thermaline-stekbord-tryckstekbord","status":"publish","type":"page","link":"https:\/\/www.electroluxprofessional.com\/se\/storkok\/thermaline-stekbord-tryckstekbord\/","title":{"rendered":"Thermaline Prothermetic stekbord och tryckstekbord"},"content":{"rendered":"<p>[vc_row full_width=&#8221;electroluxpro-full-width-no-padding&#8221;][vc_column][vc_single_image image=&#8221;1970&#8243; img_size=&#8221;2000*350&#8243;][\/vc_column][\/vc_row][vc_row][vc_column][elx_heading font_container=&#8221;h1&#8243; font_size=&#8221;h3&#8243; text_color=&#8221;inherit&#8221;]Thermaline ProThermetic stekbord och tryckstekbord[\/elx_heading][vc_column_text]<\/p>\n<h5>Designad f\u00f6r tuffa krav inom hotell, institutioner, sjukhus och centralk\u00f6k<\/h5>\n<p>[\/vc_column_text][vc_empty_space][\/vc_column][\/vc_row][vc_row][vc_column width=&#8221;1\/2&#8243;][elx_heading font_size=&#8221;h5&#8243; text_color=&#8221;inherit&#8221;]Tryckkokning med ProThermetic: Den ultimata l\u00f6sningen f\u00f6r h\u00f6g produktivitet, effektivitet och precision[\/elx_heading][vc_empty_space][vc_column_text]Den unika tekniken optimerar tillagningsprocessen och ger maximal <strong>flexibilitet<\/strong>, <strong>enkelhet<\/strong>, <strong>hygien<\/strong>, <strong>effektivitet<\/strong> och <strong>l\u00f6nsamhet<\/strong>.<\/p>\n<p><strong>Therma<em>line <\/em>ProThermetic<\/strong> sortimentet med stekbord och tryckstekbord \u00e4r s\u00e4rskilt utformat f\u00f6r k\u00f6k med h\u00f6ga krav g\u00e4llande kvantiteter, prestanda och matlagningsresultat.<\/p>\n<p><strong>ProThermetic <\/strong>tryckstekbord \u00e4r en riktig multimaskin som fungerar b\u00e5de som kokeri, tryckkokare, pastakokare, tryckbr\u00e4sering och stekbord.[\/vc_column_text][\/vc_column][vc_column width=&#8221;1\/2&#8243;][vc_empty_space][vc_empty_space][vc_empty_space][vc_empty_space][vc_empty_space][elx_image_block background_image=&#8221;16517&#8243; minimum_height=&#8221;350px&#8221;][\/vc_column][\/vc_row][vc_row][vc_column][vc_empty_space height=&#8221;50px&#8221;][\/vc_column][\/vc_row][vc_row][vc_column width=&#8221;1\/4&#8243;][elx_heading font_size=&#8221;h5&#8243; text_color=&#8221;inherit&#8221;]Anv\u00e4ndarv\u00e4nlig[\/elx_heading][vc_column_text]Utrustad med en kontrollpanel som har <strong>touch sk\u00e4rm<\/strong> p\u00e5 flera spr\u00e5k. Sk\u00e4rmen syns tydligt \u00e4ven p\u00e5 avst\u00e5nd och \u00e4r f\u00f6rsedd med l\u00e4ttbegripliga ikoner f\u00f6r enkel och exakt inst\u00e4llning av temperatur och effektniv\u00e5.[\/vc_column_text][\/vc_column][vc_column width=&#8221;1\/4&#8243;][elx_heading font_size=&#8221;h5&#8243; text_color=&#8221;inherit&#8221;]Hygien<br \/>\nframf\u00f6rallt[\/elx_heading][vc_column_text]Snabb, enkel och grundlig reng\u00f6ring tack vare kapslingsklass <strong>IPX6, <\/strong>som klarar vattenstr\u00e5lar som \u00e4r 8 g\u00e5nger h\u00f6gre starka.[\/vc_column_text][\/vc_column][vc_column width=&#8221;1\/4&#8243;][elx_heading font_size=&#8221;h5&#8243; text_color=&#8221;inherit&#8221;]H\u00e4lsosam,<br \/>\nh\u00f6gkvalitativ mat[\/elx_heading][vc_column_text]Den l\u00e5ga n\u00e4rvaron av syre i luftvolymen <strong>f\u00f6rhindrar oxidation av n\u00e4rings\u00e4mnen<\/strong> och vitaminer, vilket resulterar i utm\u00e4rkt smak, f\u00e4rg och konsistens p\u00e5 maten.[\/vc_column_text][\/vc_column][vc_column width=&#8221;1\/4&#8243;][elx_heading font_size=&#8221;h5&#8243; text_color=&#8221;inherit&#8221;]Energisn\u00e5l[\/elx_heading][vc_column_text]Den minskade tillagningstiden s\u00e4kerst\u00e4ller <strong>h\u00f6gre produktivitet<\/strong>, och sparar samtidigt energi under b\u00e5de under uppv\u00e4rmnings- och tillagningscyklerna.[\/vc_column_text][\/vc_column][\/vc_row][vc_row][vc_column][vc_empty_space height=&#8221;20px&#8221;][elx_heading text_color=&#8221;inherit&#8221;]Ber\u00e4kna tids- och energibesparingar genom att v\u00e4lja tryckkokning j\u00e4mf\u00f6rt med traditionella metoder[\/elx_heading][elx_o2000_thermaline_braising_pans language=&#8221;se&#8221; country=&#8221;Sweden&#8221;][\/vc_column][\/vc_row][vc_row][vc_column][vc_empty_space height=&#8221;20px&#8221;][elx_download_block text=&#8221;Receptbok&#8221; document_type=&#8221;recipe-guide&#8221; background_color=&#8221;electrolux-blue&#8221; reveal_effect=&#8221;&#8221; reveal_duration=&#8221;&#8221; reveal_delay=&#8221;&#8221; rg_document_number=&#8221;REC-9JEIGU&#8221;][vc_empty_space height=&#8221;20px&#8221;][\/vc_column][\/vc_row][vc_row][vc_column width=&#8221;1\/3&#8243;][vc_empty_space height=&#8221;20px&#8221;][elx_download_block text=&#8221;Se broschyren f\u00f6r ProThermetic<br \/>\nstekbord &amp; tryckstekbord&#8221; document_type=&#8221;brochures&#8221; background_color=&#8221;electrolux-blue&#8221; reveal_effect=&#8221;&#8221; reveal_duration=&#8221;&#8221; reveal_delay=&#8221;&#8221;][\/vc_column][vc_column width=&#8221;1\/3&#8243;][vc_empty_space height=&#8221;20px&#8221;][elx_download_block text=&#8221;Receptbok&#8221; document_type=&#8221;recipe-guide&#8221; background_color=&#8221;electrolux-blue&#8221; reveal_effect=&#8221;&#8221; reveal_duration=&#8221;&#8221; reveal_delay=&#8221;&#8221; rg_document_number=&#8221;REC-9JEIGU&#8221;][\/vc_column][\/vc_row][vc_row][vc_column][vc_empty_space height=&#8221;50px&#8221;][\/vc_column][\/vc_row][vc_row][vc_column width=&#8221;1\/3&#8243;][elx_heading text_color=&#8221;inherit&#8221;]Videorecept ProThermetic tryckstekbord[\/elx_heading][\/vc_column][vc_column width=&#8221;2\/3&#8243;][elx_video_block background_image=&#8221;1968&#8243; is_full_height=&#8221;full-height&#8221; video_link=&#8221;https:\/\/www.youtube.com\/watch?v=cSwURycS1aQ&amp;list=PLn-GI5LWCZdQ5Hva7Kd0SB5eH2WkvuBt8&#8243; minimum_height=&#8221;260px&#8221;][\/vc_column][\/vc_row][vc_row][vc_column][vc_empty_space height=&#8221;50px&#8221;][\/vc_column][\/vc_row][vc_row disable_element=&#8221;yes&#8221; css=&#8221;.vc_custom_1612369623706{background-color: #eeeeee !important;}&#8221;][vc_column][elx_heading font_size=&#8221;h3&#8243; text_color=&#8221;inherit&#8221; text_align=&#8221;text-left&#8221;]Find the ideal package for your business[\/elx_heading][\/vc_column][\/vc_row][vc_row disable_element=&#8221;yes&#8221; css=&#8221;.vc_custom_1612369658788{background-color: #eeeeee !important;}&#8221;][vc_column width=&#8221;1\/3&#8243;][elx_maylike_box id_box=&#8221;4198&#8243;][\/vc_column][vc_column width=&#8221;1\/3&#8243;][elx_maylike_box id_box=&#8221;5346&#8243;][\/vc_column][vc_column width=&#8221;1\/3&#8243;][elx_maylike_box id_box=&#8221;10193&#8243;][\/vc_column][\/vc_row][vc_row][vc_column][vc_empty_space height=&#8221;50px&#8221;][elx_heading font_size=&#8221;h3&#8243; text_color=&#8221;inherit&#8221; text_align=&#8221;text-left&#8221;]Uppt\u00e4ck vad Thermaline ProThermetic stekbord och tryckstekbord kan g\u00f6ra f\u00f6r din verksamhet[\/elx_heading][elx_o2000_contact_us s=&#8221;F\u00f6rfr\u00e5gan om ProThermetic stekbord och tryckstekbord&#8221; country=&#8221;Sweden&#8221; b=&#8221;food&#8221; container=&#8221;elxcontactus1479220371&#8243; r=&#8221;Jag skulle vilja veta mer om Thermaline ProThermetic stekbord och tryckstekbord. Kontakta mig!&#8221; l=&#8221;se&#8221;][vc_empty_space height=&#8221;50px&#8221;][\/vc_column][\/vc_row][vc_row][vc_column][elx_heading font_size=&#8221;h3&#8243; text_color=&#8221;inherit&#8221;]H\u00f6gkvalitativa l\u00f6sningar[\/elx_heading]<div class=\"com21-product-filter-container 61\">\n                    <!-- PROD FILTER -->\n                    \n                    <div class=\"container\">\n                        <h4 class=\"text-center\">\n                            Filtrera (2 Produkter)\n                        <\/h4>\n                    <\/div>\n                    <div class=\"specification-filter\">\n                        <div class=\"toggle-filter-container\">\n                            <div class=\"container text-center\">\n                                <a href=\"#filter\" class=\"toggle-filter small-toggle\" data-target=\".category-filter\"  data-class-toggle=\"category-filter-show\" aria-pressed=\"false\" role=\"button\" id=\"open-product-features\">Filtrera<\/a>\n                            <\/div>\n                        <\/div>\n                        <div class=\"category-filter \">\n                            <div class=\"container\">\n                    <div class=\"row\">\n                        <div class=\"col-md-4 text-left\">\n                            <fieldset>       \n                                <h5 class=\"h6\">Product line<\/h5>\n                                <div class=\"category-check\">\n                                    <input type=\"checkbox\" name=\"h\" id=\"h-prothermetic-tryckstekbord-tippbara\" data-code=\"H\" data-value=\"ProThermetic tryckstekbord, tippbara\" >\n                                    <label for=\"h-prothermetic-tryckstekbord-tippbara\">ProThermetic tryckstekbord, tippbara<\/label>\n                                <\/div>\n                            \n                            <\/fieldset>\n                        <\/div><!-- end col -->\n                        \n                        <div class=\"col-md-4 text-left subcategories-first\">\n                            <fieldset>       \n                                <h5 class=\"h6\">Underkategori<\/h5>\n                                <div class=\"subcategory-check\">\n                                    <input type=\"checkbox\" name=\"el\" id=\"el\" data-description=\"El\" >\n                                    <label for=\"el\">El<\/label>\n                                <\/div>\n                            \n                            <\/fieldset>\n                        <\/div><!-- end col -->\n                        <\/div>\n        \n                                <div class=\"row\">\n                                    <div class=\"col-md-6 text-left\">\n                                        <span class=\"number-of-products\"><span id=\"number-of-products\">2<\/span> Produkter<\/span> <a href=\"#\" class=\"btn btn-secondary-bordered\" id=\"filter-reset-btn\">\u00c5terst\u00e4ll<\/a>\n                                    <\/div>\n                                    <div class=\"col-md-6 text-right\">\n                                        <a href=\"#\" class=\"close-toggle no-pd-toggle\" data-parent=\"open-product-features\"  aria-pressed=\"true\" role=\"button\">St\u00e4ng<\/a>\n                                    <\/div>\n                                <\/div>\n                                \n                            <\/div><!-- end container -->\n                        <\/div><!-- end category-filter -->\n                    <\/div><!-- end specification-filter -->\n        \n                    <!-- END PROD FILTER -->\n                    \n                    <!-- PROD LIST -->\n                    <div class=\"product-list container\">\n                        <!--Hidden parameters-->\n                        <input type=\"hidden\" name=\"navigation_level_1\" id=\"navigation_level_1\" value=\"Q\">\n                        <input type=\"hidden\" name=\"navigation_level_2\" id=\"navigation_level_2\" value=\"\">\n                        <input type=\"hidden\" name=\"navigation_level_3\" id=\"navigation_level_3\" value=\"\">\n                        <input type=\"hidden\" name=\"navigation_level_4\" id=\"navigation_level_4\" value=\"\">\n                        <input type=\"hidden\" name=\"filter_id\" id=\"filter_id\" value=\"61\">\n                        <input type=\"hidden\" name=\"navigation_language\" id=\"navigation_language\" value=\"5005\">\n                        <input type=\"hidden\" name=\"navigation_language_code\" id=\"navigation_language\" value=\"5005\">\n                        <input type=\"hidden\" name=\"page_id\" id=\"page_id\" value=\"13105\">\n                        <!--END Hidden parameters--><ul class=\"row\" ><li data-product-paged=\"\" class=\"anchor_tags_prod col-sm-6 col-md-3 wow fadeIn single-product-list 586235\"><div class=\"product-list-item\"><div class=\"product-content\"><a href=\"https:\/\/www.electroluxprofessional.com\/se\/pd\/thermaline-prothermetic-stekbord-och-tryckstekbord\/prothermetic-tryckstekbord-tippbara\/el\/frist\u00e5nde-hygienutf\u00f6rande-djup-900mm\/high-productivity-cooking-prothermetic-tryckstekbord-tippbart-90l-k\u00e4rntempgivare-586235\/\" target=\"_blank\" ><figure><img decoding=\"async\" src=\"https:\/\/tools.electroluxprofessional.com\/Mirror\/Doc\/PH_255x255%2FPH_586202_1_3_586235.jpg\" alt=\"High Productivity CookingPROTHERMETIC TRYCKSTEKBORD, TIPPBART 90L, K\u00c4RNTEMPGIVARE\"\/><\/figure><div class=\"product-internal\"><div class=\"product-liv\">Frist\u00e5nde, hygienutf\u00f6rande, djup 900mm<\/div><h3 class=\"product-title\">High Productivity Cooking<br>PROTHERMETIC TRYCKSTEKBORD, TIPPBART 90L, K\u00c4RNTEMPGIVARE<\/h3><div class=\"product-icons\"><div class=\"product-green\"><\/div><div class=\"product-cod\"><div class=\"hidden type_code\">0<\/div>COD <span class=\"product-code\" >586235<\/span><\/div><div class=\"product-fast\"><\/div>\n<\/div><div class=\"product-description-fast-green\"><\/div>\n<\/div><div class=\"product-actions\"><a href=\"https:\/\/www.electroluxprofessional.com\/se\/pd\/thermaline-prothermetic-stekbord-och-tryckstekbord\/prothermetic-tryckstekbord-tippbara\/el\/frist\u00e5nde-hygienutf\u00f6rande-djup-900mm\/high-productivity-cooking-prothermetic-tryckstekbord-tippbart-90l-k\u00e4rntempgivare-586235\/\" class=\"btn btn-primary-blue\">Se mer<\/a><span class=\"compare-product\"><span class=\"compare-checkbox\"><span class=\"compare-checkbox-shape\"><input type=\"checkbox\" class=\"product-comparer\" id=\"prod_586235\"\/><label class=\"btn\" for=\"prod_586235\"><span class=\"label-bg\"><\/span>J\u00e4mf\u00f6r<\/label><\/span><\/span><\/span><\/div><\/a><\/div><\/div><\/li><li data-product-paged=\"\" class=\"anchor_tags_prod col-sm-6 col-md-3 wow fadeIn single-product-list 586247\"><div class=\"product-list-item\"><div class=\"product-content\"><a href=\"https:\/\/www.electroluxprofessional.com\/se\/pd\/thermaline-prothermetic-stekbord-och-tryckstekbord\/prothermetic-tryckstekbord-tippbara\/el\/frist\u00e5nde-hygienutf\u00f6rande-djup-900mm\/high-productivity-cooking-prothermetic-tryckstekbord-tippbart-170l-k\u00e4rntempgivare-586247\/\" target=\"_blank\" ><figure><img decoding=\"async\" src=\"https:\/\/tools.electroluxprofessional.com\/Mirror\/Doc\/PH_255x255%2FPH_586214_1_1_586214.jpg\" alt=\"High Productivity CookingPROTHERMETIC TRYCKSTEKBORD, TIPPBART 170L, K\u00c4RNTEMPGIVARE\"\/><\/figure><div class=\"product-internal\"><div class=\"product-liv\">Frist\u00e5nde, hygienutf\u00f6rande, djup 900mm<\/div><h3 class=\"product-title\">High Productivity Cooking<br>PROTHERMETIC TRYCKSTEKBORD, TIPPBART 170L, K\u00c4RNTEMPGIVARE<\/h3><div class=\"product-icons\"><div class=\"product-green\"><\/div><div class=\"product-cod\"><div class=\"hidden type_code\">0<\/div>COD <span class=\"product-code\" >586247<\/span><\/div><div class=\"product-fast\"><\/div>\n<\/div><div class=\"product-description-fast-green\"><\/div>\n<\/div><div class=\"product-actions\"><a href=\"https:\/\/www.electroluxprofessional.com\/se\/pd\/thermaline-prothermetic-stekbord-och-tryckstekbord\/prothermetic-tryckstekbord-tippbara\/el\/frist\u00e5nde-hygienutf\u00f6rande-djup-900mm\/high-productivity-cooking-prothermetic-tryckstekbord-tippbart-170l-k\u00e4rntempgivare-586247\/\" class=\"btn btn-primary-blue\">Se mer<\/a><span class=\"compare-product\"><span class=\"compare-checkbox\"><span class=\"compare-checkbox-shape\"><input type=\"checkbox\" class=\"product-comparer\" id=\"prod_586247\"\/><label class=\"btn\" for=\"prod_586247\"><span class=\"label-bg\"><\/span>J\u00e4mf\u00f6r<\/label><\/span><\/span><\/span><\/div><\/a><\/div><\/div><\/li>\n                        <\/ul>\n                        <div class=\"text-center more-products\">\n                        <\/div>\n                    <\/div>\n                    <!-- END PRODUCT LIST -->\n                    <\/div>\n                    <!-- END PRODUCT LIST -->[\/vc_column][\/vc_row]<\/p>\n","protected":false},"excerpt":{"rendered":"<p>[vc_row full_width=&#8221;electroluxpro-full-width-no-padding&#8221;][vc_column][vc_single_image image=&#8221;1970&#8243; img_size=&#8221;2000*350&#8243;][\/vc_column][\/vc_row][vc_row][vc_column][elx_heading font_container=&#8221;h1&#8243; font_size=&#8221;h3&#8243; text_color=&#8221;inherit&#8221;]Thermaline ProThermetic stekbord och tryckstekbord[\/elx_heading][vc_column_text] Designad f\u00f6r tuffa krav inom hotell, institutioner, sjukhus och centralk\u00f6k [\/vc_column_text][vc_empty_space][\/vc_column][\/vc_row][vc_row][vc_column width=&#8221;1\/2&#8243;][elx_heading font_size=&#8221;h5&#8243; text_color=&#8221;inherit&#8221;]Tryckkokning med ProThermetic: Den ultimata l\u00f6sningen f\u00f6r h\u00f6g produktivitet, effektivitet och precision[\/elx_heading][vc_empty_space][vc_column_text]Den unika tekniken optimerar tillagningsprocessen och ger maximal flexibilitet, enkelhet, hygien, effektivitet och l\u00f6nsamhet. Thermaline ProThermetic sortimentet med stekbord och [&hellip;]<\/p>\n","protected":false},"author":174,"featured_media":1970,"parent":51186,"menu_order":0,"comment_status":"closed","ping_status":"closed","template":"","meta":{"footnotes":""},"class_list":["post-13105","page","type-page","status-publish","has-post-thumbnail","hentry"],"acf":[],"yoast_head":"<!-- This site is optimized with the Yoast SEO plugin v23.3 - https:\/\/yoast.com\/wordpress\/plugins\/seo\/ -->\n<title>Thermaline Prothermetic stekbord och tryckstekbord - Electrolux Professional Sverige<\/title>\n<meta name=\"description\" content=\"Thermaline Prothermetic stekbord och tryckstekbord \u00e4r den ultimata l\u00f6sningen f\u00f6r h\u00f6g produktivitet, effektivitet och precision.\" \/>\n<meta name=\"robots\" content=\"index, follow, max-snippet:-1, max-image-preview:large, max-video-preview:-1\" \/>\n<link rel=\"canonical\" href=\"https:\/\/www.electroluxprofessional.com\/se\/storkok\/thermaline-stekbord-tryckstekbord\/\" \/>\n<meta property=\"og:locale\" content=\"sv_SE\" \/>\n<meta property=\"og:type\" content=\"article\" \/>\n<meta property=\"og:title\" content=\"Thermaline Prothermetic stekbord och tryckstekbord - Electrolux Professional Sverige\" \/>\n<meta property=\"og:description\" content=\"Thermaline Prothermetic stekbord och tryckstekbord \u00e4r den ultimata l\u00f6sningen f\u00f6r h\u00f6g produktivitet, effektivitet och precision.\" \/>\n<meta property=\"og:url\" content=\"https:\/\/www.electroluxprofessional.com\/se\/storkok\/thermaline-stekbord-tryckstekbord\/\" \/>\n<meta property=\"og:site_name\" content=\"Electrolux Professional Sverige\" \/>\n<meta property=\"article:modified_time\" content=\"2025-10-16T07:43:11+00:00\" \/>\n<meta property=\"og:image\" content=\"https:\/\/www.electroluxprofessional.com\/se\/wp-content\/uploads\/2016\/11\/banner-web.jpg\" \/>\n\t<meta property=\"og:image:width\" content=\"2000\" \/>\n\t<meta property=\"og:image:height\" content=\"1333\" \/>\n\t<meta property=\"og:image:type\" content=\"image\/jpeg\" \/>\n<meta name=\"twitter:card\" content=\"summary_large_image\" \/>\n<meta name=\"twitter:label1\" content=\"Ber\u00e4knad l\u00e4stid\" \/>\n\t<meta name=\"twitter:data1\" content=\"3 minuter\" \/>\n<script type=\"application\/ld+json\" class=\"yoast-schema-graph\">{\"@context\":\"https:\/\/schema.org\",\"@graph\":[{\"@type\":\"WebPage\",\"@id\":\"https:\/\/www.electroluxprofessional.com\/se\/storkok\/thermaline-stekbord-tryckstekbord\/\",\"url\":\"https:\/\/www.electroluxprofessional.com\/se\/storkok\/thermaline-stekbord-tryckstekbord\/\",\"name\":\"Thermaline Prothermetic stekbord och tryckstekbord - Electrolux Professional Sverige\",\"isPartOf\":{\"@id\":\"https:\/\/www.electroluxprofessional.com\/se\/#website\"},\"primaryImageOfPage\":{\"@id\":\"https:\/\/www.electroluxprofessional.com\/se\/storkok\/thermaline-stekbord-tryckstekbord\/#primaryimage\"},\"image\":{\"@id\":\"https:\/\/www.electroluxprofessional.com\/se\/storkok\/thermaline-stekbord-tryckstekbord\/#primaryimage\"},\"thumbnailUrl\":\"https:\/\/www.electroluxprofessional.com\/se\/wp-content\/uploads\/2016\/11\/banner-web.jpg\",\"datePublished\":\"2016-11-15T14:29:37+00:00\",\"dateModified\":\"2025-10-16T07:43:11+00:00\",\"description\":\"Thermaline Prothermetic stekbord och tryckstekbord \u00e4r den ultimata l\u00f6sningen f\u00f6r h\u00f6g produktivitet, effektivitet och precision.\",\"breadcrumb\":{\"@id\":\"https:\/\/www.electroluxprofessional.com\/se\/storkok\/thermaline-stekbord-tryckstekbord\/#breadcrumb\"},\"inLanguage\":\"sv-SE\",\"potentialAction\":[{\"@type\":\"ReadAction\",\"target\":[\"https:\/\/www.electroluxprofessional.com\/se\/storkok\/thermaline-stekbord-tryckstekbord\/\"]}]},{\"@type\":\"ImageObject\",\"inLanguage\":\"sv-SE\",\"@id\":\"https:\/\/www.electroluxprofessional.com\/se\/storkok\/thermaline-stekbord-tryckstekbord\/#primaryimage\",\"url\":\"https:\/\/www.electroluxprofessional.com\/se\/wp-content\/uploads\/2016\/11\/banner-web.jpg\",\"contentUrl\":\"https:\/\/www.electroluxprofessional.com\/se\/wp-content\/uploads\/2016\/11\/banner-web.jpg\",\"width\":2000,\"height\":1333,\"caption\":\"ProThermetic Boiling and Braising Pans\"},{\"@type\":\"BreadcrumbList\",\"@id\":\"https:\/\/www.electroluxprofessional.com\/se\/storkok\/thermaline-stekbord-tryckstekbord\/#breadcrumb\",\"itemListElement\":[{\"@type\":\"ListItem\",\"position\":1,\"name\":\"Home\",\"item\":\"https:\/\/www.electroluxprofessional.com\/se\/\"},{\"@type\":\"ListItem\",\"position\":2,\"name\":\"Stork\u00f6k\",\"item\":\"https:\/\/www.electroluxprofessional.com\/se\/storkok\/\"},{\"@type\":\"ListItem\",\"position\":3,\"name\":\"Thermaline Prothermetic stekbord och tryckstekbord\"}]},{\"@type\":\"WebSite\",\"@id\":\"https:\/\/www.electroluxprofessional.com\/se\/#website\",\"url\":\"https:\/\/www.electroluxprofessional.com\/se\/\",\"name\":\"Electrolux Professional Sverige\",\"description\":\"\",\"potentialAction\":[{\"@type\":\"SearchAction\",\"target\":{\"@type\":\"EntryPoint\",\"urlTemplate\":\"https:\/\/www.electroluxprofessional.com\/se\/?src={search_term_string}\"},\"query-input\":\"required name=search_term_string\"}],\"inLanguage\":\"sv-SE\"}]}<\/script>\n<!-- \/ Yoast SEO plugin. -->","yoast_head_json":{"title":"Thermaline Prothermetic stekbord och tryckstekbord - Electrolux Professional Sverige","description":"Thermaline Prothermetic stekbord och tryckstekbord \u00e4r den ultimata l\u00f6sningen f\u00f6r h\u00f6g produktivitet, effektivitet och precision.","robots":{"index":"index","follow":"follow","max-snippet":"max-snippet:-1","max-image-preview":"max-image-preview:large","max-video-preview":"max-video-preview:-1"},"canonical":"https:\/\/www.electroluxprofessional.com\/se\/storkok\/thermaline-stekbord-tryckstekbord\/","og_locale":"sv_SE","og_type":"article","og_title":"Thermaline Prothermetic stekbord och tryckstekbord - Electrolux Professional Sverige","og_description":"Thermaline Prothermetic stekbord och tryckstekbord \u00e4r den ultimata l\u00f6sningen f\u00f6r h\u00f6g produktivitet, effektivitet och precision.","og_url":"https:\/\/www.electroluxprofessional.com\/se\/storkok\/thermaline-stekbord-tryckstekbord\/","og_site_name":"Electrolux Professional Sverige","article_modified_time":"2025-10-16T07:43:11+00:00","og_image":[{"width":2000,"height":1333,"url":"https:\/\/www.electroluxprofessional.com\/se\/wp-content\/uploads\/2016\/11\/banner-web.jpg","type":"image\/jpeg"}],"twitter_card":"summary_large_image","twitter_misc":{"Ber\u00e4knad l\u00e4stid":"3 minuter"},"schema":{"@context":"https:\/\/schema.org","@graph":[{"@type":"WebPage","@id":"https:\/\/www.electroluxprofessional.com\/se\/storkok\/thermaline-stekbord-tryckstekbord\/","url":"https:\/\/www.electroluxprofessional.com\/se\/storkok\/thermaline-stekbord-tryckstekbord\/","name":"Thermaline Prothermetic stekbord och tryckstekbord - Electrolux Professional Sverige","isPartOf":{"@id":"https:\/\/www.electroluxprofessional.com\/se\/#website"},"primaryImageOfPage":{"@id":"https:\/\/www.electroluxprofessional.com\/se\/storkok\/thermaline-stekbord-tryckstekbord\/#primaryimage"},"image":{"@id":"https:\/\/www.electroluxprofessional.com\/se\/storkok\/thermaline-stekbord-tryckstekbord\/#primaryimage"},"thumbnailUrl":"https:\/\/www.electroluxprofessional.com\/se\/wp-content\/uploads\/2016\/11\/banner-web.jpg","datePublished":"2016-11-15T14:29:37+00:00","dateModified":"2025-10-16T07:43:11+00:00","description":"Thermaline Prothermetic stekbord och tryckstekbord \u00e4r den ultimata l\u00f6sningen f\u00f6r h\u00f6g produktivitet, effektivitet och precision.","breadcrumb":{"@id":"https:\/\/www.electroluxprofessional.com\/se\/storkok\/thermaline-stekbord-tryckstekbord\/#breadcrumb"},"inLanguage":"sv-SE","potentialAction":[{"@type":"ReadAction","target":["https:\/\/www.electroluxprofessional.com\/se\/storkok\/thermaline-stekbord-tryckstekbord\/"]}]},{"@type":"ImageObject","inLanguage":"sv-SE","@id":"https:\/\/www.electroluxprofessional.com\/se\/storkok\/thermaline-stekbord-tryckstekbord\/#primaryimage","url":"https:\/\/www.electroluxprofessional.com\/se\/wp-content\/uploads\/2016\/11\/banner-web.jpg","contentUrl":"https:\/\/www.electroluxprofessional.com\/se\/wp-content\/uploads\/2016\/11\/banner-web.jpg","width":2000,"height":1333,"caption":"ProThermetic Boiling and Braising Pans"},{"@type":"BreadcrumbList","@id":"https:\/\/www.electroluxprofessional.com\/se\/storkok\/thermaline-stekbord-tryckstekbord\/#breadcrumb","itemListElement":[{"@type":"ListItem","position":1,"name":"Home","item":"https:\/\/www.electroluxprofessional.com\/se\/"},{"@type":"ListItem","position":2,"name":"Stork\u00f6k","item":"https:\/\/www.electroluxprofessional.com\/se\/storkok\/"},{"@type":"ListItem","position":3,"name":"Thermaline Prothermetic stekbord och tryckstekbord"}]},{"@type":"WebSite","@id":"https:\/\/www.electroluxprofessional.com\/se\/#website","url":"https:\/\/www.electroluxprofessional.com\/se\/","name":"Electrolux Professional Sverige","description":"","potentialAction":[{"@type":"SearchAction","target":{"@type":"EntryPoint","urlTemplate":"https:\/\/www.electroluxprofessional.com\/se\/?src={search_term_string}"},"query-input":"required name=search_term_string"}],"inLanguage":"sv-SE"}]}},"_links":{"self":[{"href":"https:\/\/www.electroluxprofessional.com\/se\/wp-json\/wp\/v2\/pages\/13105"}],"collection":[{"href":"https:\/\/www.electroluxprofessional.com\/se\/wp-json\/wp\/v2\/pages"}],"about":[{"href":"https:\/\/www.electroluxprofessional.com\/se\/wp-json\/wp\/v2\/types\/page"}],"author":[{"embeddable":true,"href":"https:\/\/www.electroluxprofessional.com\/se\/wp-json\/wp\/v2\/users\/174"}],"replies":[{"embeddable":true,"href":"https:\/\/www.electroluxprofessional.com\/se\/wp-json\/wp\/v2\/comments?post=13105"}],"version-history":[{"count":27,"href":"https:\/\/www.electroluxprofessional.com\/se\/wp-json\/wp\/v2\/pages\/13105\/revisions"}],"predecessor-version":[{"id":54268,"href":"https:\/\/www.electroluxprofessional.com\/se\/wp-json\/wp\/v2\/pages\/13105\/revisions\/54268"}],"up":[{"embeddable":true,"href":"https:\/\/www.electroluxprofessional.com\/se\/wp-json\/wp\/v2\/pages\/51186"}],"wp:featuredmedia":[{"embeddable":true,"href":"https:\/\/www.electroluxprofessional.com\/se\/wp-json\/wp\/v2\/media\/1970"}],"wp:attachment":[{"href":"https:\/\/www.electroluxprofessional.com\/se\/wp-json\/wp\/v2\/media?parent=13105"}],"curies":[{"name":"wp","href":"https:\/\/api.w.org\/{rel}","templated":true}]}}