{"id":13077,"date":"2016-11-22T12:54:25","date_gmt":"2016-11-22T12:54:25","guid":{"rendered":"https:\/\/www.electroluxprofessional.com\/?page_id=5661"},"modified":"2024-06-13T00:22:37","modified_gmt":"2024-06-12T23:22:37","slug":"kokgrytor-stekbord","status":"publish","type":"page","link":"https:\/\/www.electroluxprofessional.com\/se\/storkok\/kokgrytor-stekbord\/","title":{"rendered":"Kokgrytor och stekbord"},"content":{"rendered":"<p>[vc_row full_width=&#8221;electroluxpro-full-width-no-padding&#8221;][vc_column][vc_single_image image=&#8221;2015&#8243; img_size=&#8221;2000*350&#8243;][\/vc_column][\/vc_row][vc_row][vc_column][elx_heading font_container=&#8221;h1&#8243; font_size=&#8221;h3&#8243; text_color=&#8221;inherit&#8221;]Kokgrytor, stekbord och tryckstekbord[\/elx_heading][vc_empty_space height=&#8221;50px&#8221;][elx_heading font_size=&#8221;h2&#8243; text_color=&#8221;inherit&#8221;]thermaline: Swiss-made design &amp; oslagbar styrka[\/elx_heading][elx_heading font_size=&#8221;h2&#8243; text_color=&#8221;inherit&#8221;]XP-serien: Tillred stora m\u00e4ngder mat med h\u00f6gproduktiva l\u00f6sningar[\/elx_heading][elx_heading font_container=&#8221;p&#8221; text_color=&#8221;inherit&#8221;]Produktion, precision och besparingar. All-in-one master f\u00f6r din verksamhet.[\/elx_heading][\/vc_column][\/vc_row][vc_row][vc_column width=&#8221;1\/3&#8243;][elx_maylike_box id_box=&#8221;13082&#8243; matched_labels=&#8221;&#8221;][\/vc_column][vc_column width=&#8221;1\/3&#8243;][elx_maylike_box id_box=&#8221;2677&#8243; matched_labels=&#8221;&#8221;][\/vc_column][vc_column width=&#8221;1\/3&#8243;][elx_maylike_box id_box=&#8221;13092&#8243;][\/vc_column][\/vc_row][vc_row][vc_column][vc_empty_space height=&#8221;50px&#8221;][\/vc_column][\/vc_row][vc_row css=&#8221;.vc_custom_1518075188865{background-color: #eeeeee !important;}&#8221;][vc_column][elx_heading font_size=&#8221;h3&#8243; text_color=&#8221;inherit&#8221; text_align=&#8221;text-left&#8221;]Du kanske ocks\u00e5 \u00e4r intresserad av&#8230;[\/elx_heading][\/vc_column][\/vc_row][vc_row css=&#8221;.vc_custom_1612346226231{background-color: #eeeeee !important;}&#8221;][vc_column width=&#8221;1\/3&#8243;][elx_maylike_box id_box=&#8221;2686&#8243;][\/vc_column][vc_column width=&#8221;1\/3&#8243;][elx_maylike_box id_box=&#8221;2694&#8243;][\/vc_column][vc_column width=&#8221;1\/3&#8243;][elx_maylike_box id_box=&#8221;2707&#8243;][\/vc_column][\/vc_row][vc_row disable_element=&#8221;yes&#8221; css=&#8221;.vc_custom_1612346175429{background-color: #eeeeee !important;}&#8221;][vc_column width=&#8221;1\/3&#8243;][elx_maylike_box id_box=&#8221;5346&#8243;][\/vc_column][vc_column width=&#8221;1\/3&#8243;][elx_maylike_box id_box=&#8221;4198&#8243;][\/vc_column][vc_column width=&#8221;1\/3&#8243;][elx_maylike_box id_box=&#8221;10193&#8243;][\/vc_column][\/vc_row][vc_row][vc_column][vc_empty_space height=&#8221;50px&#8221;][\/vc_column][\/vc_row][vc_row][vc_column][elx_heading font_size=&#8221;h3&#8243; text_color=&#8221;inherit&#8221; text_align=&#8221;text-left&#8221;]Uppt\u00e4ck vad Electrolux Professionals kokgrytor och stekbord kan g\u00f6ra f\u00f6r din verksamhet[\/elx_heading][elx_o2000_contact_us r=&#8221;Jag skulle vilja veta mer om Electrolux Professional kokgrytor och stekbord. Kontakta mig g\u00e4rna!&#8221; s=&#8221;F\u00f6rfr\u00e5gan &#8211; kokgrytor och stekbord&#8221; country=&#8221;Sweden&#8221; b=&#8221;food&#8221; l=&#8221;se&#8221; container=&#8221;elxcontactus1479898176&#8243;][vc_empty_space height=&#8221;50px&#8221;][\/vc_column][\/vc_row]<\/p>\n","protected":false},"excerpt":{"rendered":"<p>[vc_row full_width=&#8221;electroluxpro-full-width-no-padding&#8221;][vc_column][vc_single_image image=&#8221;2015&#8243; img_size=&#8221;2000*350&#8243;][\/vc_column][\/vc_row][vc_row][vc_column][elx_heading font_container=&#8221;h1&#8243; font_size=&#8221;h3&#8243; text_color=&#8221;inherit&#8221;]Kokgrytor, stekbord och tryckstekbord[\/elx_heading][vc_empty_space height=&#8221;50px&#8221;][elx_heading font_size=&#8221;h2&#8243; text_color=&#8221;inherit&#8221;]thermaline: Swiss-made design &amp; oslagbar styrka[\/elx_heading][elx_heading font_size=&#8221;h2&#8243; text_color=&#8221;inherit&#8221;]XP-serien: Tillred stora m\u00e4ngder mat med h\u00f6gproduktiva l\u00f6sningar[\/elx_heading][elx_heading font_container=&#8221;p&#8221; text_color=&#8221;inherit&#8221;]Produktion, precision och besparingar. All-in-one master f\u00f6r din verksamhet.[\/elx_heading][\/vc_column][\/vc_row][vc_row][vc_column width=&#8221;1\/3&#8243;][elx_maylike_box id_box=&#8221;13082&#8243; matched_labels=&#8221;&#8221;][\/vc_column][vc_column width=&#8221;1\/3&#8243;][elx_maylike_box id_box=&#8221;2677&#8243; matched_labels=&#8221;&#8221;][\/vc_column][vc_column width=&#8221;1\/3&#8243;][elx_maylike_box id_box=&#8221;13092&#8243;][\/vc_column][\/vc_row][vc_row][vc_column][vc_empty_space height=&#8221;50px&#8221;][\/vc_column][\/vc_row][vc_row css=&#8221;.vc_custom_1518075188865{background-color: #eeeeee !important;}&#8221;][vc_column][elx_heading font_size=&#8221;h3&#8243; text_color=&#8221;inherit&#8221; text_align=&#8221;text-left&#8221;]Du kanske ocks\u00e5 \u00e4r [&hellip;]<\/p>\n","protected":false},"author":174,"featured_media":2015,"parent":51186,"menu_order":0,"comment_status":"closed","ping_status":"closed","template":"","meta":{"footnotes":""},"class_list":["post-13077","page","type-page","status-publish","has-post-thumbnail","hentry"],"acf":[],"yoast_head":"<!-- This site is optimized with the Yoast SEO plugin v23.3 - https:\/\/yoast.com\/wordpress\/plugins\/seo\/ -->\n<title>Kokgrytor och stekbord - Electrolux Professional Sverige<\/title>\n<meta name=\"description\" content=\"Ett smidigt arbetsfl\u00f6de \u00e4r viktigt f\u00f6r matsalar som f\u00f6rbereder tusentals m\u00e5ltider per dag. Uppt\u00e4ck v\u00e5rt utbud av kokgrytor och stekbord!\" \/>\n<meta name=\"robots\" content=\"index, follow, max-snippet:-1, max-image-preview:large, max-video-preview:-1\" \/>\n<link rel=\"canonical\" href=\"https:\/\/www.electroluxprofessional.com\/se\/storkok\/kokgrytor-stekbord\/\" \/>\n<meta property=\"og:locale\" content=\"sv_SE\" \/>\n<meta property=\"og:type\" content=\"article\" \/>\n<meta property=\"og:title\" content=\"Kokgrytor och stekbord - Electrolux Professional Sverige\" \/>\n<meta property=\"og:description\" content=\"Ett smidigt arbetsfl\u00f6de \u00e4r viktigt f\u00f6r matsalar som f\u00f6rbereder tusentals m\u00e5ltider per dag. Uppt\u00e4ck v\u00e5rt utbud av kokgrytor och stekbord!\" \/>\n<meta property=\"og:url\" content=\"https:\/\/www.electroluxprofessional.com\/se\/storkok\/kokgrytor-stekbord\/\" \/>\n<meta property=\"og:site_name\" content=\"Electrolux Professional Sverige\" \/>\n<meta property=\"article:modified_time\" content=\"2024-06-12T23:22:37+00:00\" \/>\n<meta property=\"og:image\" content=\"https:\/\/www.electroluxprofessional.com\/se\/wp-content\/uploads\/2016\/11\/banner-13.jpg\" \/>\n\t<meta property=\"og:image:width\" content=\"2000\" \/>\n\t<meta property=\"og:image:height\" content=\"1333\" \/>\n\t<meta property=\"og:image:type\" content=\"image\/jpeg\" \/>\n<meta name=\"twitter:card\" content=\"summary_large_image\" \/>\n<meta name=\"twitter:label1\" content=\"Ber\u00e4knad l\u00e4stid\" \/>\n\t<meta name=\"twitter:data1\" content=\"2 minuter\" \/>\n<script type=\"application\/ld+json\" class=\"yoast-schema-graph\">{\"@context\":\"https:\/\/schema.org\",\"@graph\":[{\"@type\":\"WebPage\",\"@id\":\"https:\/\/www.electroluxprofessional.com\/se\/storkok\/kokgrytor-stekbord\/\",\"url\":\"https:\/\/www.electroluxprofessional.com\/se\/storkok\/kokgrytor-stekbord\/\",\"name\":\"Kokgrytor och stekbord - Electrolux Professional Sverige\",\"isPartOf\":{\"@id\":\"https:\/\/www.electroluxprofessional.com\/se\/#website\"},\"primaryImageOfPage\":{\"@id\":\"https:\/\/www.electroluxprofessional.com\/se\/storkok\/kokgrytor-stekbord\/#primaryimage\"},\"image\":{\"@id\":\"https:\/\/www.electroluxprofessional.com\/se\/storkok\/kokgrytor-stekbord\/#primaryimage\"},\"thumbnailUrl\":\"https:\/\/www.electroluxprofessional.com\/se\/wp-content\/uploads\/2016\/11\/banner-13.jpg\",\"datePublished\":\"2016-11-22T12:54:25+00:00\",\"dateModified\":\"2024-06-12T23:22:37+00:00\",\"description\":\"Ett smidigt arbetsfl\u00f6de \u00e4r viktigt f\u00f6r matsalar som f\u00f6rbereder tusentals m\u00e5ltider per dag. Uppt\u00e4ck v\u00e5rt utbud av kokgrytor och stekbord!\",\"breadcrumb\":{\"@id\":\"https:\/\/www.electroluxprofessional.com\/se\/storkok\/kokgrytor-stekbord\/#breadcrumb\"},\"inLanguage\":\"sv-SE\",\"potentialAction\":[{\"@type\":\"ReadAction\",\"target\":[\"https:\/\/www.electroluxprofessional.com\/se\/storkok\/kokgrytor-stekbord\/\"]}]},{\"@type\":\"ImageObject\",\"inLanguage\":\"sv-SE\",\"@id\":\"https:\/\/www.electroluxprofessional.com\/se\/storkok\/kokgrytor-stekbord\/#primaryimage\",\"url\":\"https:\/\/www.electroluxprofessional.com\/se\/wp-content\/uploads\/2016\/11\/banner-13.jpg\",\"contentUrl\":\"https:\/\/www.electroluxprofessional.com\/se\/wp-content\/uploads\/2016\/11\/banner-13.jpg\",\"width\":2000,\"height\":1333,\"caption\":\"Boiling and braising pans\"},{\"@type\":\"BreadcrumbList\",\"@id\":\"https:\/\/www.electroluxprofessional.com\/se\/storkok\/kokgrytor-stekbord\/#breadcrumb\",\"itemListElement\":[{\"@type\":\"ListItem\",\"position\":1,\"name\":\"Home\",\"item\":\"https:\/\/www.electroluxprofessional.com\/se\/\"},{\"@type\":\"ListItem\",\"position\":2,\"name\":\"Stork\u00f6k\",\"item\":\"https:\/\/www.electroluxprofessional.com\/se\/storkok\/\"},{\"@type\":\"ListItem\",\"position\":3,\"name\":\"Kokgrytor och stekbord\"}]},{\"@type\":\"WebSite\",\"@id\":\"https:\/\/www.electroluxprofessional.com\/se\/#website\",\"url\":\"https:\/\/www.electroluxprofessional.com\/se\/\",\"name\":\"Electrolux Professional Sverige\",\"description\":\"\",\"potentialAction\":[{\"@type\":\"SearchAction\",\"target\":{\"@type\":\"EntryPoint\",\"urlTemplate\":\"https:\/\/www.electroluxprofessional.com\/se\/?src={search_term_string}\"},\"query-input\":\"required name=search_term_string\"}],\"inLanguage\":\"sv-SE\"}]}<\/script>\n<!-- \/ Yoast SEO plugin. -->","yoast_head_json":{"title":"Kokgrytor och stekbord - Electrolux Professional Sverige","description":"Ett smidigt arbetsfl\u00f6de \u00e4r viktigt f\u00f6r matsalar som f\u00f6rbereder tusentals m\u00e5ltider per dag. Uppt\u00e4ck v\u00e5rt utbud av kokgrytor och stekbord!","robots":{"index":"index","follow":"follow","max-snippet":"max-snippet:-1","max-image-preview":"max-image-preview:large","max-video-preview":"max-video-preview:-1"},"canonical":"https:\/\/www.electroluxprofessional.com\/se\/storkok\/kokgrytor-stekbord\/","og_locale":"sv_SE","og_type":"article","og_title":"Kokgrytor och stekbord - Electrolux Professional Sverige","og_description":"Ett smidigt arbetsfl\u00f6de \u00e4r viktigt f\u00f6r matsalar som f\u00f6rbereder tusentals m\u00e5ltider per dag. Uppt\u00e4ck v\u00e5rt utbud av kokgrytor och stekbord!","og_url":"https:\/\/www.electroluxprofessional.com\/se\/storkok\/kokgrytor-stekbord\/","og_site_name":"Electrolux Professional Sverige","article_modified_time":"2024-06-12T23:22:37+00:00","og_image":[{"width":2000,"height":1333,"url":"https:\/\/www.electroluxprofessional.com\/se\/wp-content\/uploads\/2016\/11\/banner-13.jpg","type":"image\/jpeg"}],"twitter_card":"summary_large_image","twitter_misc":{"Ber\u00e4knad l\u00e4stid":"2 minuter"},"schema":{"@context":"https:\/\/schema.org","@graph":[{"@type":"WebPage","@id":"https:\/\/www.electroluxprofessional.com\/se\/storkok\/kokgrytor-stekbord\/","url":"https:\/\/www.electroluxprofessional.com\/se\/storkok\/kokgrytor-stekbord\/","name":"Kokgrytor och stekbord - Electrolux Professional Sverige","isPartOf":{"@id":"https:\/\/www.electroluxprofessional.com\/se\/#website"},"primaryImageOfPage":{"@id":"https:\/\/www.electroluxprofessional.com\/se\/storkok\/kokgrytor-stekbord\/#primaryimage"},"image":{"@id":"https:\/\/www.electroluxprofessional.com\/se\/storkok\/kokgrytor-stekbord\/#primaryimage"},"thumbnailUrl":"https:\/\/www.electroluxprofessional.com\/se\/wp-content\/uploads\/2016\/11\/banner-13.jpg","datePublished":"2016-11-22T12:54:25+00:00","dateModified":"2024-06-12T23:22:37+00:00","description":"Ett smidigt arbetsfl\u00f6de \u00e4r viktigt f\u00f6r matsalar som f\u00f6rbereder tusentals m\u00e5ltider per dag. Uppt\u00e4ck v\u00e5rt utbud av kokgrytor och stekbord!","breadcrumb":{"@id":"https:\/\/www.electroluxprofessional.com\/se\/storkok\/kokgrytor-stekbord\/#breadcrumb"},"inLanguage":"sv-SE","potentialAction":[{"@type":"ReadAction","target":["https:\/\/www.electroluxprofessional.com\/se\/storkok\/kokgrytor-stekbord\/"]}]},{"@type":"ImageObject","inLanguage":"sv-SE","@id":"https:\/\/www.electroluxprofessional.com\/se\/storkok\/kokgrytor-stekbord\/#primaryimage","url":"https:\/\/www.electroluxprofessional.com\/se\/wp-content\/uploads\/2016\/11\/banner-13.jpg","contentUrl":"https:\/\/www.electroluxprofessional.com\/se\/wp-content\/uploads\/2016\/11\/banner-13.jpg","width":2000,"height":1333,"caption":"Boiling and braising pans"},{"@type":"BreadcrumbList","@id":"https:\/\/www.electroluxprofessional.com\/se\/storkok\/kokgrytor-stekbord\/#breadcrumb","itemListElement":[{"@type":"ListItem","position":1,"name":"Home","item":"https:\/\/www.electroluxprofessional.com\/se\/"},{"@type":"ListItem","position":2,"name":"Stork\u00f6k","item":"https:\/\/www.electroluxprofessional.com\/se\/storkok\/"},{"@type":"ListItem","position":3,"name":"Kokgrytor och stekbord"}]},{"@type":"WebSite","@id":"https:\/\/www.electroluxprofessional.com\/se\/#website","url":"https:\/\/www.electroluxprofessional.com\/se\/","name":"Electrolux Professional Sverige","description":"","potentialAction":[{"@type":"SearchAction","target":{"@type":"EntryPoint","urlTemplate":"https:\/\/www.electroluxprofessional.com\/se\/?src={search_term_string}"},"query-input":"required name=search_term_string"}],"inLanguage":"sv-SE"}]}},"_links":{"self":[{"href":"https:\/\/www.electroluxprofessional.com\/se\/wp-json\/wp\/v2\/pages\/13077"}],"collection":[{"href":"https:\/\/www.electroluxprofessional.com\/se\/wp-json\/wp\/v2\/pages"}],"about":[{"href":"https:\/\/www.electroluxprofessional.com\/se\/wp-json\/wp\/v2\/types\/page"}],"author":[{"embeddable":true,"href":"https:\/\/www.electroluxprofessional.com\/se\/wp-json\/wp\/v2\/users\/174"}],"replies":[{"embeddable":true,"href":"https:\/\/www.electroluxprofessional.com\/se\/wp-json\/wp\/v2\/comments?post=13077"}],"version-history":[{"count":17,"href":"https:\/\/www.electroluxprofessional.com\/se\/wp-json\/wp\/v2\/pages\/13077\/revisions"}],"predecessor-version":[{"id":16515,"href":"https:\/\/www.electroluxprofessional.com\/se\/wp-json\/wp\/v2\/pages\/13077\/revisions\/16515"}],"up":[{"embeddable":true,"href":"https:\/\/www.electroluxprofessional.com\/se\/wp-json\/wp\/v2\/pages\/51186"}],"wp:featuredmedia":[{"embeddable":true,"href":"https:\/\/www.electroluxprofessional.com\/se\/wp-json\/wp\/v2\/media\/2015"}],"wp:attachment":[{"href":"https:\/\/www.electroluxprofessional.com\/se\/wp-json\/wp\/v2\/media?parent=13077"}],"curies":[{"name":"wp","href":"https:\/\/api.w.org\/{rel}","templated":true}]}}