{"id":12666,"date":"2019-03-28T17:19:04","date_gmt":"2019-03-28T16:19:04","guid":{"rendered":"https:\/\/www.electroluxprofessional.com\/?page_id=22125"},"modified":"2025-05-27T10:04:12","modified_gmt":"2025-05-27T09:04:12","slug":"dryckeslosningar","status":"publish","type":"page","link":"https:\/\/www.electroluxprofessional.com\/se\/dryckeslosningar\/","title":{"rendered":"Dryckesl\u00f6sningar"},"content":{"rendered":"<p>[vc_row full_width=&#8221;electroluxpro-full-width-no-padding&#8221;][vc_column][vc_single_image image=&#8221;12665&#8243; img_size=&#8221;2000&#215;350&#8243; alignment=&#8221;center&#8221;][\/vc_column][\/vc_row][vc_row][vc_column][vc_empty_space][elx_heading font_container=&#8221;h1&#8243; font_size=&#8221;h3&#8243; text_color=&#8221;inherit&#8221; text_align=&#8221;text-left&#8221;]Dryckesl\u00f6sningar f\u00f6r din verksamhet[\/elx_heading][vc_column_text]Electrolux Professional&#8217;s nya <strong>dryckel\u00f6sningar<\/strong> har skapats f\u00f6r att ut\u00f6ka dina dryckeserbjudanden samtidigt som de minskar svinn, f\u00f6renklar anv\u00e4ndningen och \u00f6vertr\u00e4ffar dina kunders f\u00f6rv\u00e4ntningar p\u00e5 l\u00e4ckra kvalitetsdrycker.[\/vc_column_text][vc_empty_space height=&#8221;80px&#8221;][\/vc_column][\/vc_row][vc_row disable_element=&#8221;yes&#8221;][vc_column width=&#8221;1\/4&#8243;][elx_navigation_branch image=&#8221;12663&#8243; menu_list=&#8221;51404&#8243;][\/vc_column][vc_column width=&#8221;1\/4&#8243;][elx_navigation_branch image=&#8221;8459&#8243; menu_list=&#8221;51409&#8243;][\/vc_column][vc_column width=&#8221;1\/4&#8243;][elx_navigation_branch image=&#8221;12664&#8243; menu_list=&#8221;51410&#8243;][\/vc_column][vc_column width=&#8221;1\/4&#8243;][elx_navigation_branch image=&#8221;10507&#8243; menu_list=&#8221;51411&#8243;][\/vc_column][\/vc_row][vc_row disable_element=&#8221;yes&#8221;][vc_column width=&#8221;1\/4&#8243;][vc_single_image image=&#8221;12663&#8243; img_size=&#8221;large&#8221;][elx_image_block background_image=&#8221;12663&#8243; minimum_height=&#8221;313px&#8221;][elx_heading font_size=&#8221;h3&#8243; text_color=&#8221;inherit&#8221; text_align=&#8221;text-left&#8221;]Varm dryck [\/elx_heading][elx_button button_text=&#8221;Kaffekvarnar&#8221; button_style=&#8221;icon&#8221; button_link=&#8221;url:https%3A%2F%2Fwww.electroluxprofessional.com%2Fse%2Fkaffekvarnar%2F|title:Kaffekvarnar||&#8221;][elx_button button_text=&#8221;Kaffebryggare&#8221; button_style=&#8221;icon&#8221; button_link=&#8221;url:https%3A%2F%2Fwww.electroluxprofessional.com%2Fse%2Fkaffebryggare|title:Kaffebryggare||&#8221;][elx_button button_text=&#8221;Dispensrar f\u00f6r varm dryck&#8221; button_style=&#8221;icon&#8221; button_link=&#8221;url:https%3A%2F%2Fwww.electroluxprofessional.com%2Fse%2Fdryckesdispensrar-for-varma-drycker%2F|title:Dispensrar%20f%C3%B6r%20varm%20dryck%20%20%20||&#8221;][elx_button button_text=&#8221;Espressomaskiner&#8221; button_style=&#8221;icon&#8221; button_link=&#8221;url:https%3A%2F%2Fwww.electroluxprofessional.com%2Fse%2Fespressomaskiner%2F|title:Espressomaskiner||&#8221;][\/vc_column][vc_column width=&#8221;1\/4&#8243;][elx_image_block background_image=&#8221;8459&#8243; minimum_height=&#8221;313px&#8221;][elx_heading font_size=&#8221;h3&#8243; text_color=&#8221;inherit&#8221; text_align=&#8221;text-left&#8221;]Kall dryck[\/elx_heading][elx_button button_text=&#8221;Dispensrar f\u00f6r kall dryck&#8221; button_style=&#8221;icon&#8221; button_link=&#8221;url:https%3A%2F%2Fwww.electroluxprofessional.com%2Fse%2Fdryckeskylare%2F|title:Dispensrar%20f%C3%B6r%20kall%20dryck||&#8221;][elx_button button_text=&#8221;Dispensrar f\u00f6r kyld dryck fr\u00e5n koncentrat&#8221; button_style=&#8221;icon&#8221; button_link=&#8221;url:https%3A%2F%2Fwww.electroluxprofessional.com%2Fse%2Fdryckesdispensrar-for-koncentrat%2F|title:Dispensrar%20f%C3%B6r%20kyld%20dryck%20fr%C3%A5n%20koncentrat||&#8221;][\/vc_column][vc_column width=&#8221;1\/4&#8243;][elx_image_block background_image=&#8221;12664&#8243; minimum_height=&#8221;313px&#8221;][elx_heading font_size=&#8221;h3&#8243; text_color=&#8221;inherit&#8221; text_align=&#8221;text-left&#8221;]Slush och mjukglass[\/elx_heading][elx_button button_text=&#8221;Slush, cold cream och mjukglass&#8221; button_style=&#8221;icon&#8221; button_link=&#8221;url:https%3A%2F%2Fwww.electroluxprofessional.com%2Fse%2Fslush-cold-cream-och-mjukglass%2F|title:Slush%2C%20cold%20cream%20och%20mjukglass||&#8221;][\/vc_column][vc_column width=&#8221;1\/4&#8243;][elx_image_block background_image=&#8221;10507&#8243; minimum_height=&#8221;313px&#8221;][elx_heading font_size=&#8221;h3&#8243; text_color=&#8221;inherit&#8221;]Mjukglass[\/elx_heading][elx_button button_text=&#8221;Mjukglass&#8221; button_style=&#8221;icon&#8221; button_link=&#8221;url:https%3A%2F%2Fwww.electroluxprofessional.com%2Fse%2Fdryckeslosningar%2Fmjukglassmaskiner%2F|title:Mjukglass&#8221;][\/vc_column][\/vc_row][vc_row css=&#8221;.vc_custom_1697793046948{border-top-width: 1px !important;background-color: #ffffff !important;border-top-color: #eeeeee !important;}&#8221;][vc_column reveal_effect=&#8221;&#8221;][vc_empty_space height=&#8221;70px&#8221;][elx_heading font_size=&#8221;h3&#8243; text_color=&#8221;inherit&#8221; text_align=&#8221;text-left&#8221;]Vill du veta mer om v\u00e5ra dryckesl\u00f6sningar? Kontakta oss![\/elx_heading][elx_o2000_contact_us s=&#8221;\u00d6nskar mer info om dryckesl\u00f6sningar&#8221; country=&#8221;Sweden&#8221; b=&#8221;beverage&#8221; r=&#8221;Jag vill g\u00e4rna veta mer om Electrolux Professional dryckesl\u00f6sningar. Kontakta mig!&#8221; l=&#8221;se&#8221;][\/vc_column][\/vc_row][vc_row][vc_column][vc_empty_space height=&#8221;100px&#8221;][elx_heading font_size=&#8221;h3&#8243; text_color=&#8221;inherit&#8221; text_align=&#8221;text-left&#8221;]Hitta r\u00e4tt l\u00f6sningar f\u00f6r din verksamhet[\/elx_heading][\/vc_column][\/vc_row][vc_row][vc_column width=&#8221;1\/3&#8243;][elx_maylike_box id_box=&#8221;12495&#8243;][\/vc_column][vc_column width=&#8221;1\/3&#8243;][elx_maylike_box id_box=&#8221;2697&#8243;][\/vc_column][vc_column width=&#8221;1\/3&#8243;][elx_maylike_box id_box=&#8221;2852&#8243;][\/vc_column][\/vc_row]<\/p>\n","protected":false},"excerpt":{"rendered":"<p>[vc_row full_width=&#8221;electroluxpro-full-width-no-padding&#8221;][vc_column][vc_single_image image=&#8221;12665&#8243; img_size=&#8221;2000&#215;350&#8243; alignment=&#8221;center&#8221;][\/vc_column][\/vc_row][vc_row][vc_column][vc_empty_space][elx_heading font_container=&#8221;h1&#8243; font_size=&#8221;h3&#8243; text_color=&#8221;inherit&#8221; text_align=&#8221;text-left&#8221;]Dryckesl\u00f6sningar f\u00f6r din verksamhet[\/elx_heading][vc_column_text]Electrolux Professional&#8217;s nya dryckel\u00f6sningar har skapats f\u00f6r att ut\u00f6ka dina dryckeserbjudanden samtidigt som de minskar svinn, f\u00f6renklar anv\u00e4ndningen och \u00f6vertr\u00e4ffar dina kunders f\u00f6rv\u00e4ntningar p\u00e5 l\u00e4ckra kvalitetsdrycker.[\/vc_column_text][vc_empty_space height=&#8221;80px&#8221;][\/vc_column][\/vc_row][vc_row disable_element=&#8221;yes&#8221;][vc_column width=&#8221;1\/4&#8243;][elx_navigation_branch image=&#8221;12663&#8243; menu_list=&#8221;51404&#8243;][\/vc_column][vc_column width=&#8221;1\/4&#8243;][elx_navigation_branch image=&#8221;8459&#8243; menu_list=&#8221;51409&#8243;][\/vc_column][vc_column width=&#8221;1\/4&#8243;][elx_navigation_branch image=&#8221;12664&#8243; menu_list=&#8221;51410&#8243;][\/vc_column][vc_column width=&#8221;1\/4&#8243;][elx_navigation_branch image=&#8221;10507&#8243; menu_list=&#8221;51411&#8243;][\/vc_column][\/vc_row][vc_row disable_element=&#8221;yes&#8221;][vc_column width=&#8221;1\/4&#8243;][vc_single_image image=&#8221;12663&#8243; img_size=&#8221;large&#8221;][elx_image_block [&hellip;]<\/p>\n","protected":false},"author":242,"featured_media":0,"parent":0,"menu_order":0,"comment_status":"closed","ping_status":"closed","template":"","meta":{"footnotes":""},"class_list":["post-12666","page","type-page","status-publish","hentry"],"acf":[],"yoast_head":"<!-- This site is optimized with the Yoast SEO plugin v23.3 - https:\/\/yoast.com\/wordpress\/plugins\/seo\/ -->\n<title>Dryckesl\u00f6sningar - Electrolux Professional Sverige<\/title>\n<meta name=\"description\" content=\"Electrolux Professional erbjuder anv\u00e4ndarv\u00e4nliga och effektiva dryckesl\u00f6sningar f\u00f6r varm och kall dryck samt mjukglass.\" \/>\n<meta name=\"robots\" content=\"index, follow, max-snippet:-1, max-image-preview:large, max-video-preview:-1\" \/>\n<link rel=\"canonical\" href=\"https:\/\/www.electroluxprofessional.com\/se\/dryckeslosningar\/\" \/>\n<meta property=\"og:locale\" content=\"sv_SE\" \/>\n<meta property=\"og:type\" content=\"article\" \/>\n<meta property=\"og:title\" content=\"Dryckesl\u00f6sningar - Electrolux Professional Sverige\" \/>\n<meta property=\"og:description\" content=\"Electrolux Professional erbjuder anv\u00e4ndarv\u00e4nliga och effektiva dryckesl\u00f6sningar f\u00f6r varm och kall dryck samt mjukglass.\" \/>\n<meta property=\"og:url\" content=\"https:\/\/www.electroluxprofessional.com\/se\/dryckeslosningar\/\" \/>\n<meta property=\"og:site_name\" content=\"Electrolux Professional Sverige\" \/>\n<meta property=\"article:modified_time\" content=\"2025-05-27T09:04:12+00:00\" \/>\n<meta name=\"twitter:card\" content=\"summary_large_image\" \/>\n<meta name=\"twitter:label1\" content=\"Ber\u00e4knad l\u00e4stid\" \/>\n\t<meta name=\"twitter:data1\" content=\"1 minut\" \/>\n<script type=\"application\/ld+json\" class=\"yoast-schema-graph\">{\"@context\":\"https:\/\/schema.org\",\"@graph\":[{\"@type\":\"WebPage\",\"@id\":\"https:\/\/www.electroluxprofessional.com\/se\/dryckeslosningar\/\",\"url\":\"https:\/\/www.electroluxprofessional.com\/se\/dryckeslosningar\/\",\"name\":\"Dryckesl\u00f6sningar - Electrolux Professional Sverige\",\"isPartOf\":{\"@id\":\"https:\/\/www.electroluxprofessional.com\/se\/#website\"},\"datePublished\":\"2019-03-28T16:19:04+00:00\",\"dateModified\":\"2025-05-27T09:04:12+00:00\",\"description\":\"Electrolux Professional erbjuder anv\u00e4ndarv\u00e4nliga och effektiva dryckesl\u00f6sningar f\u00f6r varm och kall dryck samt mjukglass.\",\"breadcrumb\":{\"@id\":\"https:\/\/www.electroluxprofessional.com\/se\/dryckeslosningar\/#breadcrumb\"},\"inLanguage\":\"sv-SE\",\"potentialAction\":[{\"@type\":\"ReadAction\",\"target\":[\"https:\/\/www.electroluxprofessional.com\/se\/dryckeslosningar\/\"]}]},{\"@type\":\"BreadcrumbList\",\"@id\":\"https:\/\/www.electroluxprofessional.com\/se\/dryckeslosningar\/#breadcrumb\",\"itemListElement\":[{\"@type\":\"ListItem\",\"position\":1,\"name\":\"Home\",\"item\":\"https:\/\/www.electroluxprofessional.com\/se\/\"},{\"@type\":\"ListItem\",\"position\":2,\"name\":\"Dryckesl\u00f6sningar\"}]},{\"@type\":\"WebSite\",\"@id\":\"https:\/\/www.electroluxprofessional.com\/se\/#website\",\"url\":\"https:\/\/www.electroluxprofessional.com\/se\/\",\"name\":\"Electrolux Professional Sverige\",\"description\":\"\",\"potentialAction\":[{\"@type\":\"SearchAction\",\"target\":{\"@type\":\"EntryPoint\",\"urlTemplate\":\"https:\/\/www.electroluxprofessional.com\/se\/?src={search_term_string}\"},\"query-input\":\"required name=search_term_string\"}],\"inLanguage\":\"sv-SE\"}]}<\/script>\n<!-- \/ Yoast SEO plugin. -->","yoast_head_json":{"title":"Dryckesl\u00f6sningar - Electrolux Professional Sverige","description":"Electrolux Professional erbjuder anv\u00e4ndarv\u00e4nliga och effektiva dryckesl\u00f6sningar f\u00f6r varm och kall dryck samt mjukglass.","robots":{"index":"index","follow":"follow","max-snippet":"max-snippet:-1","max-image-preview":"max-image-preview:large","max-video-preview":"max-video-preview:-1"},"canonical":"https:\/\/www.electroluxprofessional.com\/se\/dryckeslosningar\/","og_locale":"sv_SE","og_type":"article","og_title":"Dryckesl\u00f6sningar - Electrolux Professional Sverige","og_description":"Electrolux Professional erbjuder anv\u00e4ndarv\u00e4nliga och effektiva dryckesl\u00f6sningar f\u00f6r varm och kall dryck samt mjukglass.","og_url":"https:\/\/www.electroluxprofessional.com\/se\/dryckeslosningar\/","og_site_name":"Electrolux Professional Sverige","article_modified_time":"2025-05-27T09:04:12+00:00","twitter_card":"summary_large_image","twitter_misc":{"Ber\u00e4knad l\u00e4stid":"1 minut"},"schema":{"@context":"https:\/\/schema.org","@graph":[{"@type":"WebPage","@id":"https:\/\/www.electroluxprofessional.com\/se\/dryckeslosningar\/","url":"https:\/\/www.electroluxprofessional.com\/se\/dryckeslosningar\/","name":"Dryckesl\u00f6sningar - Electrolux Professional Sverige","isPartOf":{"@id":"https:\/\/www.electroluxprofessional.com\/se\/#website"},"datePublished":"2019-03-28T16:19:04+00:00","dateModified":"2025-05-27T09:04:12+00:00","description":"Electrolux Professional erbjuder anv\u00e4ndarv\u00e4nliga och effektiva dryckesl\u00f6sningar f\u00f6r varm och kall dryck samt mjukglass.","breadcrumb":{"@id":"https:\/\/www.electroluxprofessional.com\/se\/dryckeslosningar\/#breadcrumb"},"inLanguage":"sv-SE","potentialAction":[{"@type":"ReadAction","target":["https:\/\/www.electroluxprofessional.com\/se\/dryckeslosningar\/"]}]},{"@type":"BreadcrumbList","@id":"https:\/\/www.electroluxprofessional.com\/se\/dryckeslosningar\/#breadcrumb","itemListElement":[{"@type":"ListItem","position":1,"name":"Home","item":"https:\/\/www.electroluxprofessional.com\/se\/"},{"@type":"ListItem","position":2,"name":"Dryckesl\u00f6sningar"}]},{"@type":"WebSite","@id":"https:\/\/www.electroluxprofessional.com\/se\/#website","url":"https:\/\/www.electroluxprofessional.com\/se\/","name":"Electrolux Professional Sverige","description":"","potentialAction":[{"@type":"SearchAction","target":{"@type":"EntryPoint","urlTemplate":"https:\/\/www.electroluxprofessional.com\/se\/?src={search_term_string}"},"query-input":"required name=search_term_string"}],"inLanguage":"sv-SE"}]}},"_links":{"self":[{"href":"https:\/\/www.electroluxprofessional.com\/se\/wp-json\/wp\/v2\/pages\/12666"}],"collection":[{"href":"https:\/\/www.electroluxprofessional.com\/se\/wp-json\/wp\/v2\/pages"}],"about":[{"href":"https:\/\/www.electroluxprofessional.com\/se\/wp-json\/wp\/v2\/types\/page"}],"author":[{"embeddable":true,"href":"https:\/\/www.electroluxprofessional.com\/se\/wp-json\/wp\/v2\/users\/242"}],"replies":[{"embeddable":true,"href":"https:\/\/www.electroluxprofessional.com\/se\/wp-json\/wp\/v2\/comments?post=12666"}],"version-history":[{"count":21,"href":"https:\/\/www.electroluxprofessional.com\/se\/wp-json\/wp\/v2\/pages\/12666\/revisions"}],"predecessor-version":[{"id":53924,"href":"https:\/\/www.electroluxprofessional.com\/se\/wp-json\/wp\/v2\/pages\/12666\/revisions\/53924"}],"wp:attachment":[{"href":"https:\/\/www.electroluxprofessional.com\/se\/wp-json\/wp\/v2\/media?parent=12666"}],"curies":[{"name":"wp","href":"https:\/\/api.w.org\/{rel}","templated":true}]}}