{"id":12283,"date":"2018-12-03T10:23:15","date_gmt":"2018-12-03T09:23:15","guid":{"rendered":"https:\/\/www.electroluxprofessional.com\/?page_id=20319"},"modified":"2025-10-16T08:42:58","modified_gmt":"2025-10-16T07:42:58","slug":"salamander","status":"publish","type":"page","link":"https:\/\/www.electroluxprofessional.com\/se\/storkok\/salamander\/","title":{"rendered":"Salamander"},"content":{"rendered":"<p>[vc_row full_width=&#8221;electroluxpro-full-width-no-padding&#8221;][vc_column][elx_image_block background_image=&#8221;9159&#8243; minimum_height=&#8221;350px&#8221;][\/vc_column][\/vc_row][vc_row][vc_column][elx_heading font_container=&#8221;h1&#8243; font_size=&#8221;h3&#8243; text_color=&#8221;inherit&#8221;]Salamander[\/elx_heading][vc_column_text]En salamander kan beskrivas som en grill med \u00f6verv\u00e4rme som anv\u00e4nds f\u00f6r att bryna, gratinera, tillaga, \u00e5teruppv\u00e4rma och v\u00e4rmeh\u00e5lla mat.<\/p>\n<p>Electrolux Professionals <strong>salamander<\/strong> \u00e4r snabb att v\u00e4rma upp och mycket enkel att anv\u00e4nda. Ett smart och smidigt redskap f\u00f6r alla restaurangk\u00f6k![\/vc_column_text][\/vc_column][\/vc_row][vc_row][vc_column][vc_empty_space][\/vc_column][\/vc_row][vc_row][vc_column width=&#8221;1\/2&#8243;][vc_empty_space][vc_single_image image=&#8221;12342&#8243; img_size=&#8221;full&#8221;][\/vc_column][vc_column width=&#8221;1\/2&#8243;][elx_heading font_size=&#8221;h3&#8243; text_color=&#8221;inherit&#8221;]Ultrasnabb flexibilitet[\/elx_heading][elx_heading font_container=&#8221;h3&#8243; font_size=&#8221;h5&#8243; text_color=&#8221;inherit&#8221;]Det snabba s\u00e4ttet till perfekt resultat[\/elx_heading][vc_column_text]Luftventiler p\u00e5 ovansidan m\u00f6jligg\u00f6r <strong>b\u00e4ttre ventilation<\/strong> och <strong>v\u00e4rmebest\u00e4ndighet<\/strong>. V\u00e4rmeplattan \u00e4r justerbar genom ett mycket smidigt r\u00e4lssystem. Med en <strong>intuitiv kontrollratt<\/strong> kan du enkelt st\u00e4lla in tiden och se den p\u00e5 den digitala displayen.[\/vc_column_text][vc_empty_space][elx_heading font_container=&#8221;h3&#8243; font_size=&#8221;h5&#8243; text_color=&#8221;inherit&#8221;]B\u00f6rja och avsluta matlagningen n\u00e4r som helst[\/elx_heading][vc_column_text]<strong>Ber\u00f6ringsstyrning f\u00f6r tallrikar<\/strong>: v\u00e4rmefunktionen aktiveras automatiskt vid kontakt med porslin.<br \/>\nDu sparar energikostnader samtidigt som du minskar v\u00e4rmavgivningen i ditt k\u00f6k.[\/vc_column_text][vc_empty_space][elx_heading font_container=&#8221;h3&#8243; font_size=&#8221;h5&#8243; text_color=&#8221;inherit&#8221;]Minska kostnader f\u00f6r v\u00e4rme och energi[\/elx_heading][vc_column_text]Salamandern har <strong> tv\u00e5 oberoende v\u00e4rmezoner<\/strong> och n\u00e4r du placerar en tallrik under glaskeramikpanelen beh\u00f6ver bara den del som anv\u00e4nds v\u00e4rmas upp.[\/vc_column_text][elx_download_block text=&#8221;Ladda ned salamanderbroschyren&#8221; document_type=&#8221;brochures&#8221; link=&#8221;files.professional.electrolux.com\/docs\/?n=CLF-9JE00205&amp;b=5&amp;l=1&#8243; background_color=&#8221;orange&#8221;][\/vc_column][\/vc_row][vc_row][vc_column width=&#8221;1\/4&#8243;][vc_single_image image=&#8221;9161&#8243; img_size=&#8221;full&#8221; alignment=&#8221;center&#8221;][elx_heading font_container=&#8221;h3&#8243; font_size=&#8221;h5&#8243; text_color=&#8221;inherit&#8221;]Snabb[\/elx_heading][vc_column_text]Snabbt, <strong>h\u00f6geffektivt v\u00e4rmesystem<\/strong>. N\u00e5 den optimala temperaturen p\u00e5 20 sekunder.[\/vc_column_text][\/vc_column][vc_column width=&#8221;1\/4&#8243;][vc_single_image image=&#8221;5932&#8243; img_size=&#8221;full&#8221; alignment=&#8221;center&#8221;][elx_heading font_container=&#8221;h3&#8243; font_size=&#8221;h5&#8243; text_color=&#8221;inherit&#8221;]Enkel att anv\u00e4nda[\/elx_heading][vc_column_text]Smidigt redskap som \u00e4r mycket anv\u00e4ndarv\u00e4nligt.[\/vc_column_text][\/vc_column][vc_column width=&#8221;1\/4&#8243;][vc_single_image image=&#8221;8754&#8243; img_size=&#8221;full&#8221; alignment=&#8221;center&#8221;][elx_heading font_container=&#8221;h3&#8243; font_size=&#8221;h5&#8243; text_color=&#8221;inherit&#8221;]Effektiv[\/elx_heading][vc_column_text]Automatiskt kontaktstyrd <strong>v\u00e4rmeaktivering\/avaktivering<\/strong>. H\u00e5ll ditt k\u00f6k svalare och spara energi.[\/vc_column_text][\/vc_column][vc_column width=&#8221;1\/4&#8243;][vc_single_image image=&#8221;9162&#8243; img_size=&#8221;full&#8221; alignment=&#8221;center&#8221;][elx_heading font_container=&#8221;h3&#8243; font_size=&#8221;h5&#8243; text_color=&#8221;inherit&#8221;]Enkel att reng\u00f6ra[\/elx_heading][vc_column_text]Mycket enkel att reng\u00f6ra tack vare <strong>utdragbart galler.<\/strong>[\/vc_column_text][\/vc_column][\/vc_row][vc_row][vc_column][vc_empty_space][elx_heading font_size=&#8221;h3&#8243; text_color=&#8221;inherit&#8221; text_align=&#8221;text-left&#8221;]Uppt\u00e4ck vad Electrolux Professional salamander kan g\u00f6ra f\u00f6r din verksamhet[\/elx_heading][elx_o2000_contact_us r=&#8221;Jag skulle vilja veta mer om Electrolux Professional salamander. Kontakta mig g\u00e4rna!&#8221; s=&#8221;F\u00f6rfr\u00e5gan &#8211; information om Salamander&#8221; country=&#8221;Sweden&#8221; l=&#8221;se&#8221; b=&#8221;food&#8221; container=&#8221;elxcontactus1486048409&#8243;][vc_empty_space][\/vc_column][\/vc_row][vc_row][vc_column][elx_heading font_size=&#8221;h3&#8243; text_color=&#8221;inherit&#8221; text_align=&#8221;text-left&#8221;]Salamander[\/elx_heading][\/vc_column][\/vc_row][vc_row full_width=&#8221;electroluxpro-full-width-no-padding&#8221;][vc_column]<div class=\"com21-product-filter-container 96\"><div class=\"\"><h4 class=\"text-center\">5 Produkter<\/h4><hr><\/div>\n                    <!-- PROD LIST -->\n                    <div class=\"product-list container\">\n                        <!--Hidden parameters-->\n                        <input type=\"hidden\" name=\"navigation_level_1\" id=\"navigation_level_1\" value=\"C\">\n                        <input type=\"hidden\" name=\"navigation_level_2\" id=\"navigation_level_2\" value=\"F\">\n                        <input type=\"hidden\" name=\"navigation_level_3\" id=\"navigation_level_3\" value=\"G\">\n                        <input type=\"hidden\" name=\"navigation_level_4\" id=\"navigation_level_4\" value=\"A\">\n                        <input type=\"hidden\" name=\"filter_id\" id=\"filter_id\" value=\"96\">\n                        <input type=\"hidden\" name=\"navigation_language\" id=\"navigation_language\" value=\"5005\">\n                        <input type=\"hidden\" name=\"navigation_language_code\" id=\"navigation_language\" value=\"5005\">\n                        <input type=\"hidden\" name=\"page_id\" id=\"page_id\" value=\"12283\">\n                        <!--END Hidden parameters--><ul class=\"row\" >\n                        <\/ul>\n                        <div class=\"text-center more-products\">\n                        <\/div>\n                    <\/div>\n                    <!-- END PRODUCT LIST -->\n                    <\/div>\n                    <!-- END PRODUCT LIST -->[\/vc_column][\/vc_row][vc_row disable_element=&#8221;yes&#8221; css=&#8221;.vc_custom_1606831527011{background-color: #eeeeee !important;}&#8221;][vc_column width=&#8221;1\/3&#8243;][elx_maylike_box id_box=&#8221;4198&#8243;][\/vc_column][vc_column width=&#8221;1\/3&#8243;][elx_maylike_box id_box=&#8221;5346&#8243;][elx_heading font_size=&#8221;h3&#8243; text_color=&#8221;inherit&#8221; text_align=&#8221;text-left&#8221;]Salamandrar[\/elx_heading][\/vc_column][vc_column width=&#8221;1\/3&#8243;][elx_maylike_box id_box=&#8221;4407&#8243;][\/vc_column][\/vc_row][vc_row css=&#8221;.vc_custom_1606983845329{background-color: #eeeeee !important;}&#8221;][vc_column][elx_heading font_container=&#8221;h3&#8243; text_color=&#8221;inherit&#8221; text_align=&#8221;text-left&#8221;]Du kanske ocks\u00e5 \u00e4r intresserad av[\/elx_heading][\/vc_column][\/vc_row][vc_row css=&#8221;.vc_custom_1606983643891{background-color: #eeeeee !important;}&#8221;][vc_column width=&#8221;1\/3&#8243;][elx_maylike_box id_box=&#8221;2677&#8243;][\/vc_column][vc_column width=&#8221;1\/3&#8243;][elx_maylike_box id_box=&#8221;2694&#8243;][\/vc_column][vc_column width=&#8221;1\/3&#8243;][elx_maylike_box id_box=&#8221;3693&#8243;][\/vc_column][\/vc_row]<\/p>\n","protected":false},"excerpt":{"rendered":"<p>[vc_row full_width=&#8221;electroluxpro-full-width-no-padding&#8221;][vc_column][elx_image_block background_image=&#8221;9159&#8243; minimum_height=&#8221;350px&#8221;][\/vc_column][\/vc_row][vc_row][vc_column][elx_heading font_container=&#8221;h1&#8243; font_size=&#8221;h3&#8243; text_color=&#8221;inherit&#8221;]Salamander[\/elx_heading][vc_column_text]En salamander kan beskrivas som en grill med \u00f6verv\u00e4rme som anv\u00e4nds f\u00f6r att bryna, gratinera, tillaga, \u00e5teruppv\u00e4rma och v\u00e4rmeh\u00e5lla mat. Electrolux Professionals salamander \u00e4r snabb att v\u00e4rma upp och mycket enkel att anv\u00e4nda. Ett smart och smidigt redskap f\u00f6r alla restaurangk\u00f6k![\/vc_column_text][\/vc_column][\/vc_row][vc_row][vc_column][vc_empty_space][\/vc_column][\/vc_row][vc_row][vc_column width=&#8221;1\/2&#8243;][vc_empty_space][vc_single_image image=&#8221;12342&#8243; img_size=&#8221;full&#8221;][\/vc_column][vc_column width=&#8221;1\/2&#8243;][elx_heading font_size=&#8221;h3&#8243; text_color=&#8221;inherit&#8221;]Ultrasnabb flexibilitet[\/elx_heading][elx_heading font_container=&#8221;h3&#8243; [&hellip;]<\/p>\n","protected":false},"author":174,"featured_media":4400,"parent":51186,"menu_order":0,"comment_status":"closed","ping_status":"closed","template":"","meta":{"footnotes":""},"class_list":["post-12283","page","type-page","status-publish","has-post-thumbnail","hentry"],"acf":[],"yoast_head":"<!-- This site is optimized with the Yoast SEO plugin v23.3 - https:\/\/yoast.com\/wordpress\/plugins\/seo\/ -->\n<title>Salamander ugn - Electrolux Professional Sverige<\/title>\n<meta name=\"description\" content=\"Electrolux Professionals salamandrar v\u00e4rms upp snabbt och \u00e4r enkla att anv\u00e4nda. Bryn, gratinera, koka, v\u00e4rm upp och h\u00e5ll varmt! N\u00e5 optimalt temperatur p\u00e5 20 sekunder.\" \/>\n<meta name=\"robots\" content=\"index, follow, max-snippet:-1, max-image-preview:large, max-video-preview:-1\" \/>\n<link rel=\"canonical\" href=\"https:\/\/www.electroluxprofessional.com\/se\/storkok\/salamander\/\" \/>\n<meta property=\"og:locale\" content=\"sv_SE\" \/>\n<meta property=\"og:type\" content=\"article\" \/>\n<meta property=\"og:title\" content=\"Salamander ugn - Electrolux Professional Sverige\" \/>\n<meta property=\"og:description\" content=\"Electrolux Professionals salamandrar v\u00e4rms upp snabbt och \u00e4r enkla att anv\u00e4nda. Bryn, gratinera, koka, v\u00e4rm upp och h\u00e5ll varmt! N\u00e5 optimalt temperatur p\u00e5 20 sekunder.\" \/>\n<meta property=\"og:url\" content=\"https:\/\/www.electroluxprofessional.com\/se\/storkok\/salamander\/\" \/>\n<meta property=\"og:site_name\" content=\"Electrolux Professional Sverige\" \/>\n<meta property=\"article:modified_time\" content=\"2025-10-16T07:42:58+00:00\" \/>\n<meta property=\"og:image\" content=\"https:\/\/www.electroluxprofessional.com\/se\/wp-content\/uploads\/2017\/02\/ventilation-1.jpg\" \/>\n\t<meta property=\"og:image:width\" content=\"2000\" \/>\n\t<meta property=\"og:image:height\" content=\"1145\" \/>\n\t<meta property=\"og:image:type\" content=\"image\/jpeg\" \/>\n<meta name=\"twitter:card\" content=\"summary_large_image\" \/>\n<meta name=\"twitter:label1\" content=\"Ber\u00e4knad l\u00e4stid\" \/>\n\t<meta name=\"twitter:data1\" content=\"2 minuter\" \/>\n<script type=\"application\/ld+json\" class=\"yoast-schema-graph\">{\"@context\":\"https:\/\/schema.org\",\"@graph\":[{\"@type\":\"WebPage\",\"@id\":\"https:\/\/www.electroluxprofessional.com\/se\/storkok\/salamander\/\",\"url\":\"https:\/\/www.electroluxprofessional.com\/se\/storkok\/salamander\/\",\"name\":\"Salamander ugn - Electrolux Professional Sverige\",\"isPartOf\":{\"@id\":\"https:\/\/www.electroluxprofessional.com\/se\/#website\"},\"primaryImageOfPage\":{\"@id\":\"https:\/\/www.electroluxprofessional.com\/se\/storkok\/salamander\/#primaryimage\"},\"image\":{\"@id\":\"https:\/\/www.electroluxprofessional.com\/se\/storkok\/salamander\/#primaryimage\"},\"thumbnailUrl\":\"https:\/\/www.electroluxprofessional.com\/se\/wp-content\/uploads\/2017\/02\/ventilation-1.jpg\",\"datePublished\":\"2018-12-03T09:23:15+00:00\",\"dateModified\":\"2025-10-16T07:42:58+00:00\",\"description\":\"Electrolux Professionals salamandrar v\u00e4rms upp snabbt och \u00e4r enkla att anv\u00e4nda. Bryn, gratinera, koka, v\u00e4rm upp och h\u00e5ll varmt! N\u00e5 optimalt temperatur p\u00e5 20 sekunder.\",\"breadcrumb\":{\"@id\":\"https:\/\/www.electroluxprofessional.com\/se\/storkok\/salamander\/#breadcrumb\"},\"inLanguage\":\"sv-SE\",\"potentialAction\":[{\"@type\":\"ReadAction\",\"target\":[\"https:\/\/www.electroluxprofessional.com\/se\/storkok\/salamander\/\"]}]},{\"@type\":\"ImageObject\",\"inLanguage\":\"sv-SE\",\"@id\":\"https:\/\/www.electroluxprofessional.com\/se\/storkok\/salamander\/#primaryimage\",\"url\":\"https:\/\/www.electroluxprofessional.com\/se\/wp-content\/uploads\/2017\/02\/ventilation-1.jpg\",\"contentUrl\":\"https:\/\/www.electroluxprofessional.com\/se\/wp-content\/uploads\/2017\/02\/ventilation-1.jpg\",\"width\":2000,\"height\":1145,\"caption\":\"ventilation\"},{\"@type\":\"BreadcrumbList\",\"@id\":\"https:\/\/www.electroluxprofessional.com\/se\/storkok\/salamander\/#breadcrumb\",\"itemListElement\":[{\"@type\":\"ListItem\",\"position\":1,\"name\":\"Home\",\"item\":\"https:\/\/www.electroluxprofessional.com\/se\/\"},{\"@type\":\"ListItem\",\"position\":2,\"name\":\"Stork\u00f6k\",\"item\":\"https:\/\/www.electroluxprofessional.com\/se\/storkok\/\"},{\"@type\":\"ListItem\",\"position\":3,\"name\":\"Salamander\"}]},{\"@type\":\"WebSite\",\"@id\":\"https:\/\/www.electroluxprofessional.com\/se\/#website\",\"url\":\"https:\/\/www.electroluxprofessional.com\/se\/\",\"name\":\"Electrolux Professional Sverige\",\"description\":\"\",\"potentialAction\":[{\"@type\":\"SearchAction\",\"target\":{\"@type\":\"EntryPoint\",\"urlTemplate\":\"https:\/\/www.electroluxprofessional.com\/se\/?src={search_term_string}\"},\"query-input\":\"required name=search_term_string\"}],\"inLanguage\":\"sv-SE\"}]}<\/script>\n<!-- \/ Yoast SEO plugin. -->","yoast_head_json":{"title":"Salamander ugn - Electrolux Professional Sverige","description":"Electrolux Professionals salamandrar v\u00e4rms upp snabbt och \u00e4r enkla att anv\u00e4nda. Bryn, gratinera, koka, v\u00e4rm upp och h\u00e5ll varmt! N\u00e5 optimalt temperatur p\u00e5 20 sekunder.","robots":{"index":"index","follow":"follow","max-snippet":"max-snippet:-1","max-image-preview":"max-image-preview:large","max-video-preview":"max-video-preview:-1"},"canonical":"https:\/\/www.electroluxprofessional.com\/se\/storkok\/salamander\/","og_locale":"sv_SE","og_type":"article","og_title":"Salamander ugn - Electrolux Professional Sverige","og_description":"Electrolux Professionals salamandrar v\u00e4rms upp snabbt och \u00e4r enkla att anv\u00e4nda. Bryn, gratinera, koka, v\u00e4rm upp och h\u00e5ll varmt! N\u00e5 optimalt temperatur p\u00e5 20 sekunder.","og_url":"https:\/\/www.electroluxprofessional.com\/se\/storkok\/salamander\/","og_site_name":"Electrolux Professional Sverige","article_modified_time":"2025-10-16T07:42:58+00:00","og_image":[{"width":2000,"height":1145,"url":"https:\/\/www.electroluxprofessional.com\/se\/wp-content\/uploads\/2017\/02\/ventilation-1.jpg","type":"image\/jpeg"}],"twitter_card":"summary_large_image","twitter_misc":{"Ber\u00e4knad l\u00e4stid":"2 minuter"},"schema":{"@context":"https:\/\/schema.org","@graph":[{"@type":"WebPage","@id":"https:\/\/www.electroluxprofessional.com\/se\/storkok\/salamander\/","url":"https:\/\/www.electroluxprofessional.com\/se\/storkok\/salamander\/","name":"Salamander ugn - Electrolux Professional Sverige","isPartOf":{"@id":"https:\/\/www.electroluxprofessional.com\/se\/#website"},"primaryImageOfPage":{"@id":"https:\/\/www.electroluxprofessional.com\/se\/storkok\/salamander\/#primaryimage"},"image":{"@id":"https:\/\/www.electroluxprofessional.com\/se\/storkok\/salamander\/#primaryimage"},"thumbnailUrl":"https:\/\/www.electroluxprofessional.com\/se\/wp-content\/uploads\/2017\/02\/ventilation-1.jpg","datePublished":"2018-12-03T09:23:15+00:00","dateModified":"2025-10-16T07:42:58+00:00","description":"Electrolux Professionals salamandrar v\u00e4rms upp snabbt och \u00e4r enkla att anv\u00e4nda. Bryn, gratinera, koka, v\u00e4rm upp och h\u00e5ll varmt! N\u00e5 optimalt temperatur p\u00e5 20 sekunder.","breadcrumb":{"@id":"https:\/\/www.electroluxprofessional.com\/se\/storkok\/salamander\/#breadcrumb"},"inLanguage":"sv-SE","potentialAction":[{"@type":"ReadAction","target":["https:\/\/www.electroluxprofessional.com\/se\/storkok\/salamander\/"]}]},{"@type":"ImageObject","inLanguage":"sv-SE","@id":"https:\/\/www.electroluxprofessional.com\/se\/storkok\/salamander\/#primaryimage","url":"https:\/\/www.electroluxprofessional.com\/se\/wp-content\/uploads\/2017\/02\/ventilation-1.jpg","contentUrl":"https:\/\/www.electroluxprofessional.com\/se\/wp-content\/uploads\/2017\/02\/ventilation-1.jpg","width":2000,"height":1145,"caption":"ventilation"},{"@type":"BreadcrumbList","@id":"https:\/\/www.electroluxprofessional.com\/se\/storkok\/salamander\/#breadcrumb","itemListElement":[{"@type":"ListItem","position":1,"name":"Home","item":"https:\/\/www.electroluxprofessional.com\/se\/"},{"@type":"ListItem","position":2,"name":"Stork\u00f6k","item":"https:\/\/www.electroluxprofessional.com\/se\/storkok\/"},{"@type":"ListItem","position":3,"name":"Salamander"}]},{"@type":"WebSite","@id":"https:\/\/www.electroluxprofessional.com\/se\/#website","url":"https:\/\/www.electroluxprofessional.com\/se\/","name":"Electrolux Professional Sverige","description":"","potentialAction":[{"@type":"SearchAction","target":{"@type":"EntryPoint","urlTemplate":"https:\/\/www.electroluxprofessional.com\/se\/?src={search_term_string}"},"query-input":"required name=search_term_string"}],"inLanguage":"sv-SE"}]}},"_links":{"self":[{"href":"https:\/\/www.electroluxprofessional.com\/se\/wp-json\/wp\/v2\/pages\/12283"}],"collection":[{"href":"https:\/\/www.electroluxprofessional.com\/se\/wp-json\/wp\/v2\/pages"}],"about":[{"href":"https:\/\/www.electroluxprofessional.com\/se\/wp-json\/wp\/v2\/types\/page"}],"author":[{"embeddable":true,"href":"https:\/\/www.electroluxprofessional.com\/se\/wp-json\/wp\/v2\/users\/174"}],"replies":[{"embeddable":true,"href":"https:\/\/www.electroluxprofessional.com\/se\/wp-json\/wp\/v2\/comments?post=12283"}],"version-history":[{"count":21,"href":"https:\/\/www.electroluxprofessional.com\/se\/wp-json\/wp\/v2\/pages\/12283\/revisions"}],"predecessor-version":[{"id":54267,"href":"https:\/\/www.electroluxprofessional.com\/se\/wp-json\/wp\/v2\/pages\/12283\/revisions\/54267"}],"up":[{"embeddable":true,"href":"https:\/\/www.electroluxprofessional.com\/se\/wp-json\/wp\/v2\/pages\/51186"}],"wp:featuredmedia":[{"embeddable":true,"href":"https:\/\/www.electroluxprofessional.com\/se\/wp-json\/wp\/v2\/media\/4400"}],"wp:attachment":[{"href":"https:\/\/www.electroluxprofessional.com\/se\/wp-json\/wp\/v2\/media?parent=12283"}],"curies":[{"name":"wp","href":"https:\/\/api.w.org\/{rel}","templated":true}]}}