{"id":11637,"date":"2022-11-23T13:30:22","date_gmt":"2022-11-23T12:30:22","guid":{"rendered":"https:\/\/www.electroluxprofessional.com\/?page_id=402"},"modified":"2025-10-16T09:57:53","modified_gmt":"2025-10-16T08:57:53","slug":"sjukhus-2","status":"publish","type":"page","link":"https:\/\/www.electroluxprofessional.com\/se\/sjukhus-2\/","title":{"rendered":"Sjukhus"},"content":{"rendered":"<p>[vc_row full_width=&#8221;electroluxpro-full-width-no-padding&#8221; css=&#8221;.vc_custom_1666682268585{margin-top: -50px !important;}&#8221;][vc_column][elx_full_banner title=&#8221;F\u00f6r det allra viktigaste inom V\u00e5rd, Omsorg och Sjukhus&#8221; set_as_h1=&#8221;true&#8221; background_image_media_library=&#8221;20179&#8243; background_image_media_library_mobile=&#8221;20177&#8243;][vc_empty_space][\/vc_column][\/vc_row][vc_row][vc_column][elx_heading font_size=&#8221;h3&#8243; text_color=&#8221;inherit&#8221; text_align=&#8221;text-left&#8221;]Helt och h\u00e5lletbakteriefri hygien.<br \/>\nUtan kompromisser[\/elx_heading][vc_empty_space][vc_column_text]<\/p>\n<p style=\"text-align: left;\">Sjukhus, l\u00e4karmottagningar och andra v\u00e5rdanl\u00e4ggningar har som de flesta k\u00e4nner till<span style=\"color: #019bbf;\"> mycket strikta hygienregler.<br \/>\n<\/span><span style=\"color: #019bbf;\">Detta g\u00e4ller inte bara ytor utan allt som \u00e4r relaterat till tv\u00e4tt <\/span><span style=\"color: #019bbf;\">av s\u00e4ngkl\u00e4der, handdukar, personalkl\u00e4der och all annan textil. <\/span>Bra v\u00e5rd b\u00f6rjar med god V\u00e5rdhygien.<\/p>\n<p>[\/vc_column_text][vc_empty_space][\/vc_column][\/vc_row][vc_row equal_height=&#8221;yes&#8221; content_placement=&#8221;middle&#8221; video_bg=&#8221;yes&#8221; video_bg_parallax=&#8221;content-moving&#8221;][vc_column reveal_effect=&#8221;&#8221; width=&#8221;2\/3&#8243;][elx_heading font_container=&#8221;h3&#8243; font_size=&#8221;h5&#8243; text_color=&#8221;inherit&#8221;]Hygienen \u00e4r livsviktig[\/elx_heading][vc_column_text]Alla som jobbar inom v\u00e5rden k\u00e4nner till vikten av kompromissl\u00f6s hygienen. Vi har d\u00e4rf\u00f6r utvecklat maskiner som ska optimera l\u00e4ngs hela v\u00e4rdekedjan.<\/p>\n<ul>\n<li>Vi levererar professionella tv\u00e4ttl\u00f6sningar som uppfyller och respekterar alla strikta krav p\u00e5 hygien och sanitet<\/li>\n<li>Med intelligenta funktioner, som det unika Certus Management \u2122 informationssystemet har man sp\u00e5rbarhet i alla tv\u00e4ttprocesser vilket ger maximal kontroll<\/li>\n<li>Anv\u00e4ndarv\u00e4nliga maskiner\u00a0 med ut\u00f6kad tv\u00e4ttkapacitet ger b\u00e5de f\u00f6rb\u00e4ttrad effektivitet och produktivitet<\/li>\n<li>Vi har ett v\u00e4rldsomsp\u00e4nnande n\u00e4tverk f\u00f6r installation, reservdelar och underh\u00e5ll. Med v\u00e5ra serviceavtal \u00e4r vi med er i hela produktens livscykel.<\/li>\n<li>P\u00e5 Electrolux Professional \u00e4r vi stolta \u00f6ver att vara v\u00e4rldsledande inom barri\u00e4rtv\u00e4ttl\u00f6sningar med mer \u00e4n 500 installationer varje \u00e5r<\/li>\n<\/ul>\n<p>[\/vc_column_text][vc_empty_space][\/vc_column][vc_column width=&#8221;1\/3&#8243;][elx_image_block background_image=&#8221;1649&#8243; minimum_height=&#8221;200px&#8221;][\/vc_column][\/vc_row][vc_row][vc_column][vc_empty_space][vc_empty_space][\/vc_column][\/vc_row][vc_row][vc_column width=&#8221;1\/2&#8243;][vc_single_image image=&#8221;20436&#8243; img_size=&#8221;full&#8221; alignment=&#8221;center&#8221;][\/vc_column][vc_column width=&#8221;1\/2&#8243;][vc_empty_space][elx_heading font_container=&#8221;h4&#8243; font_size=&#8221;h5&#8243; text_color=&#8221;inherit&#8221;]Barri\u00e4rtv\u00e4ttmaskiner &#8211; Line 6000 [\/elx_heading][vc_column_text]Barri\u00e4rtv\u00e4ttmaskinerna i Line 6000-serien f\u00f6rhindrar korsf\u00f6roreningar som kan uppst\u00e5 n\u00e4r smutsig och ren tv\u00e4tt hanteras i samma lokal.<\/p>\n<p>Maskinerna garanterar givetvis h\u00f6gsta hygien i varje del av tv\u00e4ttprocessen. Maskinerna har ocks\u00e5 en enast\u00e5ende produktivitet och prestanda. Detta sammantaget, ger b\u00e4sta skydd f\u00f6r s\u00e5v\u00e4l patienter, v\u00e5rdnadstagare som personal.[\/vc_column_text][vc_empty_space][elx_button button_text=&#8221;Uppt\u00e4ck v\u00e5ra barri\u00e4rtv\u00e4ttmaskiner&#8221; button_link=&#8221;url:https%3A%2F%2Fwww.electroluxprofessional.com%2Fse%2Flaundry%2Fbarriartvattmaskiner-line6000%2F&#8221;][\/vc_column][\/vc_row][vc_row][vc_column][vc_empty_space][\/vc_column][\/vc_row][vc_row css=&#8221;.vc_custom_1666685957782{background-color: #041e41 !important;}&#8221;][vc_column width=&#8221;1\/6&#8243;][vc_empty_space][\/vc_column][vc_column width=&#8221;3\/6&#8243;][vc_empty_space][vc_column_text]<\/p>\n<h4><span style=\"color: white;\">&#8220;Vi ser skillnaden och v\u00e5ra patienter k\u00e4nner den. Ingen annan leverant\u00f6r f\u00f6rst\u00e5r de specifika processerna i v\u00e5r bransch b\u00e4ttre eller erbjuder b\u00e4ttre l\u00f6sningar&#8221;<\/span><\/h4>\n<p><span style=\"color: white;\">Daniel Bertrand<br \/>\nLaundry Operator<\/span>[\/vc_column_text][vc_empty_space][\/vc_column][vc_column width=&#8221;1\/6&#8243;][vc_empty_space][vc_single_image image=&#8221;20441&#8243; img_size=&#8221;full&#8221;][vc_empty_space][\/vc_column][vc_column width=&#8221;1\/6&#8243;][vc_empty_space][\/vc_column][\/vc_row][vc_row][vc_column][vc_empty_space][elx_heading font_container=&#8221;h3&#8243; font_size=&#8221;h5&#8243; text_color=&#8221;inherit&#8221;]F\u00f6rb\u00e4ttra kvaliteten f\u00f6r b\u00e5de V\u00e5rdhygien och kostnadskalkylerna[\/elx_heading][vc_column_text]Ge patienterna den b\u00e4sta komfort, s\u00e4kerhet och hygienniv\u00e5 som finns tillg\u00e4nglig och beh\u00e5ll samtidigt total kontroll p\u00e5 kostnaderna. Oavsett om det \u00e4r s\u00e4nglinne, handdukar, servetter eller kl\u00e4der s\u00e5 kr\u00e4vs dedikerade tv\u00e4ttl\u00f6sningar som eliminerar riskerna f\u00f6r infektion och korskontaminering.[\/vc_column_text][vc_empty_space][elx_heading font_container=&#8221;h4&#8243; font_size=&#8221;h5&#8243; text_color=&#8221;inherit&#8221;]Kom i kontakt med v\u00e5ra experter[\/elx_heading][elx_o2000_contact_us s=&#8221;Jag vill g\u00e4rna ha mer information om era tv\u00e4ttl\u00f6sningar f\u00f6r sjukhus.&#8221; country=&#8221;Sweden&#8221; b=&#8221;laundry&#8221; container=&#8221;elxcontactus1480952722&#8243; r=&#8221;Jag vill veta mer om era tv\u00e4ttl\u00f6sningar f\u00f6r sjukhusmilj\u00f6.&#8221; l=&#8221;se&#8221;][\/vc_column][\/vc_row][vc_row disable_element=&#8221;yes&#8221;][vc_column][vc_empty_space][elx_heading font_size=&#8221;h3&#8243; text_color=&#8221;care&#8221; text_align=&#8221;text-left&#8221;]Tv\u00e4tthanteringsprocessen[\/elx_heading][vc_empty_space height=&#8221;20px&#8221;][vc_single_image image=&#8221;12119&#8243; img_size=&#8221;full&#8221;][\/vc_column][\/vc_row][vc_row disable_element=&#8221;yes&#8221; matched_labels_action=&#8221;hide&#8221; matched_labels_activation=&#8221;true&#8221; css=&#8221;.vc_custom_1605528576522{background-color: #ededc9 !important;}&#8221;][vc_column][elx_heading font_size=&#8221;h3&#8243; text_color=&#8221;inherit&#8221; text_align=&#8221;text-left&#8221;]Beverage solutions<br \/>\n[\/elx_heading][vc_empty_space][\/vc_column][\/vc_row][vc_row][vc_column][vc_empty_space][elx_heading font_size=&#8221;h3&#8243; text_color=&#8221;orange&#8221; text_align=&#8221;text-left&#8221;]Matproduktion och distribution[\/elx_heading][vc_empty_space height=&#8221;20px&#8221;][elx_heading font_container=&#8221;h3&#8243; font_size=&#8221;h5&#8243; text_color=&#8221;inherit&#8221;]Electrolux Professional \u00e4r ocks\u00e5 en v\u00e4lrenommerad helhetsleverant\u00f6r f\u00f6r livsmedelsproduktion och distribution i riskfyllda milj\u00f6er.[\/elx_heading][vc_column_text]Sjukhusavdelningar ligger ofta l\u00e5ngt fr\u00e5n k\u00f6ket, vilket \u00f6kar kraven p\u00e5 logistiken och \u00f6kar risken f\u00f6r f\u00f6rseningar. V\u00e5ra arbetsfl\u00f6deexperter kan bist\u00e5 med hj\u00e4lp i planeringsprocessen f\u00f6r att undvika s\u00e5dana risker inom stora funktionella omr\u00e5den som lagring, kylning och matservice m m.[\/vc_column_text][vc_empty_space height=&#8221;20px&#8221;][vc_single_image image=&#8221;12092&#8243; img_size=&#8221;full&#8221; alignment=&#8221;center&#8221;][elx_heading font_container=&#8221;h3&#8243; font_size=&#8221;h5&#8243; text_color=&#8221;inherit&#8221;]Kom i kontakt med v\u00e5ra experter[\/elx_heading][elx_o2000_contact_us s=&#8221;Jag vill g\u00e4rna ha mer information om era stork\u00f6ksl\u00f6sningar f\u00f6r sjukhus.&#8221; country=&#8221;Sweden&#8221; b=&#8221;food&#8221; container=&#8221;elxcontactus14809527222&#8243; r=&#8221;Jag vill veta mer om era stork\u00f6ksl\u00f6sningar f\u00f6r sjukhusmilj\u00f6.&#8221; l=&#8221;se&#8221;][\/vc_column][\/vc_row][vc_row][vc_column][vc_empty_space height=&#8221;50px&#8221;][\/vc_column][\/vc_row][vc_row][vc_column][vc_tta_section title=&#8221;Stork\u00f6k&#8221; tab_id=&#8221;hospital-kitchen-package&#8221;][vc_row_inner][vc_column_inner width=&#8221;1\/2&#8243;][vc_single_image image=&#8221;578&#8243; img_size=&#8221;large&#8221;][\/vc_column_inner][vc_column_inner width=&#8221;1\/2&#8243;][elx_heading font_container=&#8221;h3&#8243; font_size=&#8221;h3&#8243; text_color=&#8221;orange&#8221;]Burgos, Spanien[\/elx_heading][vc_column_text]1000 s\u00e4ngar<\/p>\n<p>Installationen inkluderar:<\/p>\n<ul>\n<li>Horizontal Cooking XP line.<\/li>\n<li>Electrolux Professional air-o-steam Touchline ugnar, var och en med 40 pl\u00e5tar som kan hantera upp 800 portioner per g\u00e5ng<\/li>\n<\/ul>\n<p>[\/vc_column_text][\/vc_column_inner][\/vc_row_inner][\/vc_tta_section][\/vc_column][\/vc_row][vc_row][vc_column][vc_empty_space height=&#8221;50px&#8221;][\/vc_column][\/vc_row][vc_row][vc_column][elx_heading font_container=&#8221;h3&#8243; font_size=&#8221;h3&#8243; text_color=&#8221;inherit&#8221;]L\u00e4s mer om v\u00e5ra l\u00f6sningar f\u00f6r sjukhus[\/elx_heading][vc_empty_space][\/vc_column][\/vc_row][vc_row][vc_column width=&#8221;1\/3&#8243;][elx_download_block text=&#8221;Care<br \/>\nSegmentbroschyr&#8221; link=&#8221;https:\/\/www.electroluxprofessional.com\/se\/wp-content\/uploads\/2020\/07\/Electrolux-line6000-care-EPR-SE-2020-LR.pdf&#8221; background_color=&#8221;electrolux-blue&#8221; reveal_effect=&#8221;fadeIn&#8221; reveal_duration=&#8221;&#8221; reveal_delay=&#8221;&#8221;][\/vc_column][vc_column width=&#8221;1\/3&#8243;][elx_download_block text=&#8221;Broschyr Barri\u00e4rtv\u00e4ttl\u00f6sningar (ENG)&#8221; link=&#8221;files.professional.electrolux.com\/docs\/?n=A0016&amp;t=BR&amp;l=1&#8243; background_color=&#8221;electrolux-blue&#8221; reveal_effect=&#8221;fadeIn&#8221; reveal_duration=&#8221;&#8221; reveal_delay=&#8221;&#8221;][\/vc_column][vc_column width=&#8221;1\/3&#8243;][\/vc_column][\/vc_row][vc_row][vc_column][vc_empty_space][\/vc_column][\/vc_row]<\/p>\n","protected":false},"excerpt":{"rendered":"<p>[vc_row full_width=&#8221;electroluxpro-full-width-no-padding&#8221; css=&#8221;.vc_custom_1666682268585{margin-top: -50px !important;}&#8221;][vc_column][elx_full_banner title=&#8221;F\u00f6r det allra viktigaste inom V\u00e5rd, Omsorg och Sjukhus&#8221; set_as_h1=&#8221;true&#8221; background_image_media_library=&#8221;20179&#8243; background_image_media_library_mobile=&#8221;20177&#8243;][vc_empty_space][\/vc_column][\/vc_row][vc_row][vc_column][elx_heading font_size=&#8221;h3&#8243; text_color=&#8221;inherit&#8221; text_align=&#8221;text-left&#8221;]Helt och h\u00e5lletbakteriefri hygien. Utan kompromisser[\/elx_heading][vc_empty_space][vc_column_text] Sjukhus, l\u00e4karmottagningar och andra v\u00e5rdanl\u00e4ggningar har som de flesta k\u00e4nner till mycket strikta hygienregler. Detta g\u00e4ller inte bara ytor utan allt som \u00e4r relaterat till tv\u00e4tt av s\u00e4ngkl\u00e4der, handdukar, personalkl\u00e4der [&hellip;]<\/p>\n","protected":false},"author":3,"featured_media":574,"parent":0,"menu_order":0,"comment_status":"closed","ping_status":"closed","template":"","meta":{"footnotes":""},"class_list":["post-11637","page","type-page","status-publish","has-post-thumbnail","hentry"],"acf":[],"yoast_head":"<!-- This site is optimized with the Yoast SEO plugin v23.3 - https:\/\/yoast.com\/wordpress\/plugins\/seo\/ -->\n<title>Professionella stork\u00f6ks- och tv\u00e4ttl\u00f6sningar f\u00f6r sjukhus och v\u00e5rdinr\u00e4ttningar.<\/title>\n<meta name=\"description\" content=\"Sjukhus och v\u00e5rdhem beh\u00f6ver ta h\u00e4nsyn till strikta hygienregler. Stork\u00f6ks- och tv\u00e4ttl\u00f6sningar fr\u00e5n Electrolux Professional m\u00f6ter de mest strikta kraven.\" \/>\n<meta name=\"robots\" content=\"index, follow, max-snippet:-1, max-image-preview:large, max-video-preview:-1\" \/>\n<link rel=\"canonical\" href=\"https:\/\/www.electroluxprofessional.com\/se\/sjukhus-2\/\" \/>\n<meta property=\"og:locale\" content=\"sv_SE\" \/>\n<meta property=\"og:type\" content=\"article\" \/>\n<meta property=\"og:title\" content=\"Professionella stork\u00f6ks- och tv\u00e4ttl\u00f6sningar f\u00f6r sjukhus och v\u00e5rdinr\u00e4ttningar.\" \/>\n<meta property=\"og:description\" content=\"Sjukhus och v\u00e5rdhem beh\u00f6ver ta h\u00e4nsyn till strikta hygienregler. Stork\u00f6ks- och tv\u00e4ttl\u00f6sningar fr\u00e5n Electrolux Professional m\u00f6ter de mest strikta kraven.\" \/>\n<meta property=\"og:url\" content=\"https:\/\/www.electroluxprofessional.com\/se\/sjukhus-2\/\" \/>\n<meta property=\"og:site_name\" content=\"Electrolux Professional Sverige\" \/>\n<meta property=\"article:modified_time\" content=\"2025-10-16T08:57:53+00:00\" \/>\n<meta property=\"og:image\" content=\"https:\/\/www.electroluxprofessional.com\/se\/wp-content\/uploads\/2016\/05\/doctor-hospital-hands.jpg\" \/>\n\t<meta property=\"og:image:width\" content=\"667\" \/>\n\t<meta property=\"og:image:height\" content=\"500\" \/>\n\t<meta property=\"og:image:type\" content=\"image\/jpeg\" \/>\n<meta name=\"twitter:card\" content=\"summary_large_image\" \/>\n<meta name=\"twitter:label1\" content=\"Ber\u00e4knad l\u00e4stid\" \/>\n\t<meta name=\"twitter:data1\" content=\"3 minuter\" \/>\n<script type=\"application\/ld+json\" class=\"yoast-schema-graph\">{\"@context\":\"https:\/\/schema.org\",\"@graph\":[{\"@type\":\"WebPage\",\"@id\":\"https:\/\/www.electroluxprofessional.com\/se\/sjukhus-2\/\",\"url\":\"https:\/\/www.electroluxprofessional.com\/se\/sjukhus-2\/\",\"name\":\"Professionella stork\u00f6ks- och tv\u00e4ttl\u00f6sningar f\u00f6r sjukhus och v\u00e5rdinr\u00e4ttningar.\",\"isPartOf\":{\"@id\":\"https:\/\/www.electroluxprofessional.com\/se\/#website\"},\"primaryImageOfPage\":{\"@id\":\"https:\/\/www.electroluxprofessional.com\/se\/sjukhus-2\/#primaryimage\"},\"image\":{\"@id\":\"https:\/\/www.electroluxprofessional.com\/se\/sjukhus-2\/#primaryimage\"},\"thumbnailUrl\":\"https:\/\/www.electroluxprofessional.com\/se\/wp-content\/uploads\/2016\/05\/doctor-hospital-hands.jpg\",\"datePublished\":\"2022-11-23T12:30:22+00:00\",\"dateModified\":\"2025-10-16T08:57:53+00:00\",\"description\":\"Sjukhus och v\u00e5rdhem beh\u00f6ver ta h\u00e4nsyn till strikta hygienregler. Stork\u00f6ks- och tv\u00e4ttl\u00f6sningar fr\u00e5n Electrolux Professional m\u00f6ter de mest strikta kraven.\",\"breadcrumb\":{\"@id\":\"https:\/\/www.electroluxprofessional.com\/se\/sjukhus-2\/#breadcrumb\"},\"inLanguage\":\"sv-SE\",\"potentialAction\":[{\"@type\":\"ReadAction\",\"target\":[\"https:\/\/www.electroluxprofessional.com\/se\/sjukhus-2\/\"]}]},{\"@type\":\"ImageObject\",\"inLanguage\":\"sv-SE\",\"@id\":\"https:\/\/www.electroluxprofessional.com\/se\/sjukhus-2\/#primaryimage\",\"url\":\"https:\/\/www.electroluxprofessional.com\/se\/wp-content\/uploads\/2016\/05\/doctor-hospital-hands.jpg\",\"contentUrl\":\"https:\/\/www.electroluxprofessional.com\/se\/wp-content\/uploads\/2016\/05\/doctor-hospital-hands.jpg\",\"width\":667,\"height\":500,\"caption\":\"hospital and care homes\"},{\"@type\":\"BreadcrumbList\",\"@id\":\"https:\/\/www.electroluxprofessional.com\/se\/sjukhus-2\/#breadcrumb\",\"itemListElement\":[{\"@type\":\"ListItem\",\"position\":1,\"name\":\"Home\",\"item\":\"https:\/\/www.electroluxprofessional.com\/se\/\"},{\"@type\":\"ListItem\",\"position\":2,\"name\":\"Sjukhus\"}]},{\"@type\":\"WebSite\",\"@id\":\"https:\/\/www.electroluxprofessional.com\/se\/#website\",\"url\":\"https:\/\/www.electroluxprofessional.com\/se\/\",\"name\":\"Electrolux Professional Sverige\",\"description\":\"\",\"potentialAction\":[{\"@type\":\"SearchAction\",\"target\":{\"@type\":\"EntryPoint\",\"urlTemplate\":\"https:\/\/www.electroluxprofessional.com\/se\/?src={search_term_string}\"},\"query-input\":\"required name=search_term_string\"}],\"inLanguage\":\"sv-SE\"}]}<\/script>\n<!-- \/ Yoast SEO plugin. -->","yoast_head_json":{"title":"Professionella stork\u00f6ks- och tv\u00e4ttl\u00f6sningar f\u00f6r sjukhus och v\u00e5rdinr\u00e4ttningar.","description":"Sjukhus och v\u00e5rdhem beh\u00f6ver ta h\u00e4nsyn till strikta hygienregler. Stork\u00f6ks- och tv\u00e4ttl\u00f6sningar fr\u00e5n Electrolux Professional m\u00f6ter de mest strikta kraven.","robots":{"index":"index","follow":"follow","max-snippet":"max-snippet:-1","max-image-preview":"max-image-preview:large","max-video-preview":"max-video-preview:-1"},"canonical":"https:\/\/www.electroluxprofessional.com\/se\/sjukhus-2\/","og_locale":"sv_SE","og_type":"article","og_title":"Professionella stork\u00f6ks- och tv\u00e4ttl\u00f6sningar f\u00f6r sjukhus och v\u00e5rdinr\u00e4ttningar.","og_description":"Sjukhus och v\u00e5rdhem beh\u00f6ver ta h\u00e4nsyn till strikta hygienregler. Stork\u00f6ks- och tv\u00e4ttl\u00f6sningar fr\u00e5n Electrolux Professional m\u00f6ter de mest strikta kraven.","og_url":"https:\/\/www.electroluxprofessional.com\/se\/sjukhus-2\/","og_site_name":"Electrolux Professional Sverige","article_modified_time":"2025-10-16T08:57:53+00:00","og_image":[{"width":667,"height":500,"url":"https:\/\/www.electroluxprofessional.com\/se\/wp-content\/uploads\/2016\/05\/doctor-hospital-hands.jpg","type":"image\/jpeg"}],"twitter_card":"summary_large_image","twitter_misc":{"Ber\u00e4knad l\u00e4stid":"3 minuter"},"schema":{"@context":"https:\/\/schema.org","@graph":[{"@type":"WebPage","@id":"https:\/\/www.electroluxprofessional.com\/se\/sjukhus-2\/","url":"https:\/\/www.electroluxprofessional.com\/se\/sjukhus-2\/","name":"Professionella stork\u00f6ks- och tv\u00e4ttl\u00f6sningar f\u00f6r sjukhus och v\u00e5rdinr\u00e4ttningar.","isPartOf":{"@id":"https:\/\/www.electroluxprofessional.com\/se\/#website"},"primaryImageOfPage":{"@id":"https:\/\/www.electroluxprofessional.com\/se\/sjukhus-2\/#primaryimage"},"image":{"@id":"https:\/\/www.electroluxprofessional.com\/se\/sjukhus-2\/#primaryimage"},"thumbnailUrl":"https:\/\/www.electroluxprofessional.com\/se\/wp-content\/uploads\/2016\/05\/doctor-hospital-hands.jpg","datePublished":"2022-11-23T12:30:22+00:00","dateModified":"2025-10-16T08:57:53+00:00","description":"Sjukhus och v\u00e5rdhem beh\u00f6ver ta h\u00e4nsyn till strikta hygienregler. Stork\u00f6ks- och tv\u00e4ttl\u00f6sningar fr\u00e5n Electrolux Professional m\u00f6ter de mest strikta kraven.","breadcrumb":{"@id":"https:\/\/www.electroluxprofessional.com\/se\/sjukhus-2\/#breadcrumb"},"inLanguage":"sv-SE","potentialAction":[{"@type":"ReadAction","target":["https:\/\/www.electroluxprofessional.com\/se\/sjukhus-2\/"]}]},{"@type":"ImageObject","inLanguage":"sv-SE","@id":"https:\/\/www.electroluxprofessional.com\/se\/sjukhus-2\/#primaryimage","url":"https:\/\/www.electroluxprofessional.com\/se\/wp-content\/uploads\/2016\/05\/doctor-hospital-hands.jpg","contentUrl":"https:\/\/www.electroluxprofessional.com\/se\/wp-content\/uploads\/2016\/05\/doctor-hospital-hands.jpg","width":667,"height":500,"caption":"hospital and care homes"},{"@type":"BreadcrumbList","@id":"https:\/\/www.electroluxprofessional.com\/se\/sjukhus-2\/#breadcrumb","itemListElement":[{"@type":"ListItem","position":1,"name":"Home","item":"https:\/\/www.electroluxprofessional.com\/se\/"},{"@type":"ListItem","position":2,"name":"Sjukhus"}]},{"@type":"WebSite","@id":"https:\/\/www.electroluxprofessional.com\/se\/#website","url":"https:\/\/www.electroluxprofessional.com\/se\/","name":"Electrolux Professional Sverige","description":"","potentialAction":[{"@type":"SearchAction","target":{"@type":"EntryPoint","urlTemplate":"https:\/\/www.electroluxprofessional.com\/se\/?src={search_term_string}"},"query-input":"required name=search_term_string"}],"inLanguage":"sv-SE"}]}},"_links":{"self":[{"href":"https:\/\/www.electroluxprofessional.com\/se\/wp-json\/wp\/v2\/pages\/11637"}],"collection":[{"href":"https:\/\/www.electroluxprofessional.com\/se\/wp-json\/wp\/v2\/pages"}],"about":[{"href":"https:\/\/www.electroluxprofessional.com\/se\/wp-json\/wp\/v2\/types\/page"}],"author":[{"embeddable":true,"href":"https:\/\/www.electroluxprofessional.com\/se\/wp-json\/wp\/v2\/users\/3"}],"replies":[{"embeddable":true,"href":"https:\/\/www.electroluxprofessional.com\/se\/wp-json\/wp\/v2\/comments?post=11637"}],"version-history":[{"count":26,"href":"https:\/\/www.electroluxprofessional.com\/se\/wp-json\/wp\/v2\/pages\/11637\/revisions"}],"predecessor-version":[{"id":54334,"href":"https:\/\/www.electroluxprofessional.com\/se\/wp-json\/wp\/v2\/pages\/11637\/revisions\/54334"}],"wp:featuredmedia":[{"embeddable":true,"href":"https:\/\/www.electroluxprofessional.com\/se\/wp-json\/wp\/v2\/media\/574"}],"wp:attachment":[{"href":"https:\/\/www.electroluxprofessional.com\/se\/wp-json\/wp\/v2\/media?parent=11637"}],"curies":[{"name":"wp","href":"https:\/\/api.w.org\/{rel}","templated":true}]}}