{"id":11001,"date":"2020-09-14T09:32:42","date_gmt":"2020-09-14T09:32:42","guid":{"rendered":"https:\/\/www.electroluxprofessional.com\/se\/?page_id=11001"},"modified":"2020-10-04T20:34:32","modified_gmt":"2020-10-04T20:34:32","slug":"tva-par-ogon","status":"publish","type":"page","link":"https:\/\/www.electroluxprofessional.com\/se\/laundry\/tva-par-ogon\/","title":{"rendered":"Tv\u00e5 par \u00f6gon"},"content":{"rendered":"<p>[vc_row full_width=&#8221;electroluxpro-full-width-no-padding&#8221;][vc_column][vc_single_image image=&#8221;11002&#8243; img_size=&#8221;2000&#215;350&#8243; alignment=&#8221;center&#8221;][\/vc_column][\/vc_row][vc_row][vc_column width=&#8221;2\/3&#8243;][vc_empty_space][elx_heading font_container=&#8221;h1&#8243; font_size=&#8221;h3&#8243; text_color=&#8221;inherit&#8221;]Tv\u00e5 par \u00f6gon<br \/>\nav Electrolux Professional[\/elx_heading][vc_empty_space][\/vc_column][vc_column width=&#8221;1\/3&#8243;][vc_empty_space][\/vc_column][\/vc_row][vc_row][vc_column width=&#8221;1\/2&#8243; css=&#8221;.vc_custom_1480692619788{padding-top: 50px !important;}&#8221;][vc_empty_space][elx_heading font_size=&#8221;h3&#8243; text_color=&#8221;inherit&#8221;]\u00d6ka produktiviteten och minska tiden d\u00e5 utrustningen st\u00e5r stilla[\/elx_heading][vc_column_text]<\/p>\n<div class=\"tlid-input input\">\n<div class=\"source-wrap\">\n<div class=\"input-full-height-wrapper tlid-input-full-height-wrapper\">\n<div class=\"source-input\">\n<div class=\"source-footer-wrap source-or-target-footer\">\n<div class=\"character-count tlid-character-count\">\n<div class=\"cc-ctr normal\"><span title=\"\">Den verkliga kundupplevelsen b\u00f6rjar n\u00e4r saker g\u00e5r fel.<\/span>\u00a0Tillg\u00e5ng till reservdelar liksom snabb och korrekt service av certifierade tekniker \u00e4r viktiga f\u00f6r att minska tiden som din utrustning st\u00e5r still. V\u00e5r tv\u00e5 par \u00f6gon-teknik inneb\u00e4r ytterligare f\u00f6rdelar:<\/div>\n<\/div>\n<\/div>\n<\/div>\n<\/div>\n<\/div>\n<\/div>\n<ul>\n<li><strong>Mobil fj\u00e4rrstyrning<\/strong><\/li>\n<li><strong>Fj\u00e4rrstyrd support<\/strong> via smartphone eller surfplatta<\/li>\n<li><strong>Interaktiv kommunikation<\/strong> mellan servicepersonal p\u00e5 plats och Electrolux Professionals experter<\/li>\n<li><strong>Problem kan l\u00f6sas p\u00e5 plats<\/strong>\u00a0vid akuta problem<\/li>\n<li><strong>F\u00e5 hj\u00e4lp med att fastst\u00e4lla r\u00e4tt reservdelsnummer<\/strong>, best\u00e4ll direkt och reparera med fj\u00e4rrinstruktioner<\/li>\n<\/ul>\n<p>[\/vc_column_text][\/vc_column][vc_column width=&#8221;1\/2&#8243;][vc_empty_space][vc_single_image image=&#8221;11003&#8243; img_size=&#8221;full&#8221; alignment=&#8221;center&#8221;][\/vc_column][\/vc_row][vc_row][vc_column][vc_empty_space][\/vc_column][\/vc_row][vc_row css=&#8221;.vc_custom_1600067780006{background-color: #6f869b !important;}&#8221;][vc_column width=&#8221;3\/4&#8243;][vc_empty_space][elx_heading font_container=&#8221;h3&#8243; font_size=&#8221;h5&#8243; text_color=&#8221;white&#8221; text_align=&#8221;text-left&#8221;]Fj\u00e4rrstyrd service &#8211; n\u00e4rmare \u00e4n n\u00e5gonsin[\/elx_heading][vc_column_text]<span style=\"color: #ffffff;\">Med Two Pairs of Eyes kopplas f\u00e4ltserviceteknikern s\u00f6ml\u00f6st ihop med Electrolux Professionals tekniska experter. Fj\u00e4rrstyrning \u00e4r en l\u00f6sning som l\u00e5ter teknikern se genom en annan persons \u00f6gon och v\u00e4gleda dem &#8211; som om de sj\u00e4lva var p\u00e5 plats.<\/span>[\/vc_column_text][vc_empty_space][\/vc_column][vc_column width=&#8221;1\/4&#8243;][vc_empty_space][\/vc_column][\/vc_row][vc_row][vc_column][vc_empty_space][elx_heading font_container=&#8221;h3&#8243; font_size=&#8221;h5&#8243; text_color=&#8221;inherit&#8221;]S\u00e5 fungerar det[\/elx_heading][vc_column_text]<\/p>\n<div class=\"tlid-input input\">\n<div class=\"source-wrap\">\n<div class=\"input-full-height-wrapper tlid-input-full-height-wrapper\">\n<div class=\"source-input\">\n<div class=\"source-footer-wrap source-or-target-footer\">\n<div class=\"character-count tlid-character-count\">\n<div class=\"cc-ctr normal\">\n<h5 class=\" inherit inherit inherit\">T\u00e4nk dig att du f\u00e5r en felkod, utrustningen stannar och slutar att prestera eller fungera korrekt. Du kan inte \u00e5tg\u00e4rda eller analysera problemet &#8211; och din verksamhet m\u00e5ste forts\u00e4tta.<\/h5>\n<\/div>\n<\/div>\n<\/div>\n<\/div>\n<\/div>\n<\/div>\n<\/div>\n<p>[\/vc_column_text][vc_row_inner][vc_column_inner width=&#8221;1\/3&#8243;][vc_empty_space][vc_single_image image=&#8221;11010&#8243; img_size=&#8221;full&#8221;][\/vc_column_inner][vc_column_inner width=&#8221;1\/3&#8243;][vc_empty_space][vc_single_image image=&#8221;11012&#8243; img_size=&#8221;full&#8221;][\/vc_column_inner][vc_column_inner width=&#8221;1\/3&#8243;][vc_empty_space][vc_single_image image=&#8221;11011&#8243; img_size=&#8221;full&#8221;][\/vc_column_inner][\/vc_row_inner][\/vc_column][\/vc_row][vc_row][vc_column][vc_empty_space][\/vc_column][\/vc_row][vc_row][vc_column][elx_heading font_container=&#8221;h3&#8243; font_size=&#8221;h5&#8243; text_color=&#8221;inherit&#8221;]Ca 30% snabbare probleml\u00f6sning, 50% f\u00e4rre fel j\u00e4mf\u00f6rt med ett vanligt videosamtal[\/elx_heading][vc_column_text]Hantera all din Electrolux Professional-utrustning med samma fj\u00e4rrstyrningsl\u00f6sning. \u00d6verf\u00f6r kunskap, utbilda personal och \u00f6ka serviceniv\u00e5n till kunderna.[\/vc_column_text][vc_empty_space height=&#8221;10px&#8221;][vc_row_inner][vc_column_inner width=&#8221;1\/4&#8243;][vc_empty_space][elx_heading font_container=&#8221;h3&#8243; font_size=&#8221;h5&#8243; text_color=&#8221;inherit&#8221;]F\u00e4rre<br \/>\nantal fel[\/elx_heading][\/vc_column_inner][vc_column_inner width=&#8221;3\/4&#8243;][vc_empty_space][vc_single_image image=&#8221;11021&#8243; img_size=&#8221;medium&#8221; alignment=&#8221;center&#8221;][\/vc_column_inner][\/vc_row_inner][vc_row_inner][vc_column_inner width=&#8221;1\/4&#8243;][vc_empty_space][elx_heading font_container=&#8221;h3&#8243; font_size=&#8221;h5&#8243; text_color=&#8221;inherit&#8221;]Snabbare<br \/>\nprobleml\u00f6sning[\/elx_heading][\/vc_column_inner][vc_column_inner width=&#8221;3\/4&#8243;][vc_empty_space][vc_single_image image=&#8221;11022&#8243; img_size=&#8221;medium&#8221; alignment=&#8221;center&#8221;][\/vc_column_inner][\/vc_row_inner][vc_row_inner][vc_column_inner][vc_empty_space][\/vc_column_inner][\/vc_row_inner][\/vc_column][\/vc_row][vc_row css=&#8221;.vc_custom_1600075603132{background-color: #eeeeee !important;}&#8221;][vc_column width=&#8221;3\/4&#8243;][vc_empty_space][vc_row_inner css=&#8221;.vc_custom_1600075617227{background-color: #eeeeee !important;}&#8221;][vc_column_inner width=&#8221;2\/3&#8243;][elx_heading font_container=&#8221;h3&#8243; font_size=&#8221;h5&#8243; text_color=&#8221;electrolux-blue&#8221; text_align=&#8221;text-left&#8221;]I korthet[\/elx_heading][vc_column_text]<\/p>\n<div class=\"tlid-input input\">\n<div class=\"source-wrap\">\n<div class=\"input-full-height-wrapper tlid-input-full-height-wrapper\">\n<div class=\"source-input\">\n<div class=\"source-footer-wrap source-or-target-footer\">\n<div class=\"character-count tlid-character-count\"><\/div>\n<\/div>\n<\/div>\n<\/div>\n<\/div>\n<\/div>\n<div class=\"tlid-results-container results-container\">\n<div class=\"tlid-result result-dict-wrapper\">\n<div class=\"result tlid-copy-target\">\n<div class=\"result-header\">\n<div class=\"starbutton jfk-button-flat jfk-button unstarred\" tabindex=\"0\" role=\"button\" aria-label=\"Stj\u00e4rnm\u00e4rk \u00f6vers\u00e4ttningen\" data-tooltip=\"Stj\u00e4rnm\u00e4rk \u00f6vers\u00e4ttningen\" data-tooltip-align=\"t,c\">\n<div class=\"jfk-button-img\"><\/div>\n<\/div>\n<\/div>\n<div class=\"text-wrap tlid-copy-target\">\n<div class=\"result-shield-container tlid-copy-target\" tabindex=\"0\"><span class=\"tlid-translation translation\" lang=\"sv\"><span class=\"\" title=\"\">Fj\u00e4rrstyrning via tv\u00e5 par \u00f6gon-tekniken f\u00f6rkortar driftstopp, minskar servicekostnaderna och som ett resultat av detta \u00e4ven de totala driftskostnaderna.<\/span> <span class=\"\" title=\"\">Oavsett var ditt f\u00f6retag finns i v\u00e4rlden finns Tv\u00e5 par \u00f6gon redan d\u00e4r.<\/span><\/span><\/div>\n<\/div>\n<\/div>\n<\/div>\n<\/div>\n<p>[\/vc_column_text][\/vc_column_inner][vc_column_inner width=&#8221;1\/3&#8243;][vc_single_image image=&#8221;11023&#8243;][\/vc_column_inner][\/vc_row_inner][vc_empty_space][\/vc_column][vc_column width=&#8221;1\/4&#8243;][vc_empty_space][\/vc_column][\/vc_row][vc_row][vc_column][vc_empty_space][\/vc_column][\/vc_row][vc_row][vc_column][vc_empty_space height=&#8221;50px&#8221;][elx_heading font_size=&#8221;h3&#8243; text_color=&#8221;inherit&#8221; text_align=&#8221;text-left&#8221;]Uppt\u00e4ck vad Tv\u00e5 par \u00f6gon kan g\u00f6ra f\u00f6r din verksamhet[\/elx_heading][elx_o2000_contact_us r=&#8221;Jag vill g\u00e4rna veta mer om Tv\u00e5 par \u00f6gon-tekniken. V\u00e4nligen kontakta mig.&#8221; s=&#8221;F\u00f6rfr\u00e5gan om Torktumlare&#8221; country=&#8221;Sweden&#8221; l=&#8221;se&#8221; b=&#8221;laundry&#8221; e=&#8221;els.sales@electrolux.se&#8221;][\/vc_column][\/vc_row][vc_row][vc_column][elx_heading font_size=&#8221;h3&#8243; text_color=&#8221;inherit&#8221; text_align=&#8221;text-left&#8221;]Du kanske ocks\u00e5 \u00e4r intresserad av dessa produkter:[\/elx_heading][\/vc_column][\/vc_row][vc_row][vc_column width=&#8221;1\/3&#8243;][elx_maylike_box id_box=&#8221;2834&#8243;][\/vc_column][vc_column width=&#8221;1\/3&#8243;][elx_maylike_box id_box=&#8221;2830&#8243;][\/vc_column][vc_column width=&#8221;1\/3&#8243;][elx_maylike_box id_box=&#8221;2788&#8243;][\/vc_column][\/vc_row]<\/p>\n","protected":false},"excerpt":{"rendered":"<p>[vc_row full_width=&#8221;electroluxpro-full-width-no-padding&#8221;][vc_column][vc_single_image image=&#8221;11002&#8243; img_size=&#8221;2000&#215;350&#8243; alignment=&#8221;center&#8221;][\/vc_column][\/vc_row][vc_row][vc_column width=&#8221;2\/3&#8243;][vc_empty_space][elx_heading font_container=&#8221;h1&#8243; font_size=&#8221;h3&#8243; text_color=&#8221;inherit&#8221;]Tv\u00e5 par \u00f6gon av Electrolux Professional[\/elx_heading][vc_empty_space][\/vc_column][vc_column width=&#8221;1\/3&#8243;][vc_empty_space][\/vc_column][\/vc_row][vc_row][vc_column width=&#8221;1\/2&#8243; css=&#8221;.vc_custom_1480692619788{padding-top: 50px !important;}&#8221;][vc_empty_space][elx_heading font_size=&#8221;h3&#8243; text_color=&#8221;inherit&#8221;]\u00d6ka produktiviteten och minska tiden d\u00e5 utrustningen st\u00e5r stilla[\/elx_heading][vc_column_text] Den verkliga kundupplevelsen b\u00f6rjar n\u00e4r saker g\u00e5r fel.\u00a0Tillg\u00e5ng till reservdelar liksom snabb och korrekt service av certifierade tekniker \u00e4r viktiga f\u00f6r att minska tiden som din [&hellip;]<\/p>\n","protected":false},"author":3,"featured_media":5327,"parent":2396,"menu_order":0,"comment_status":"closed","ping_status":"closed","template":"","meta":{"footnotes":""},"class_list":["post-11001","page","type-page","status-publish","has-post-thumbnail","hentry"],"acf":[],"yoast_head":"<!-- This site is optimized with the Yoast SEO plugin v23.3 - https:\/\/yoast.com\/wordpress\/plugins\/seo\/ -->\n<title>Tv\u00e5 par \u00f6gon - fj\u00e4rrstyrd service<\/title>\n<meta name=\"description\" content=\"Den verkliga kundupplevelsen b\u00f6rjar n\u00e4r saker g\u00e5r fel.\u00a0Tillg\u00e5ng till reservdelar samt snabb och korrekt service av certifierade tekniker minskar tiden som din utrustning st\u00e5r still. Med Tv\u00e5 par \u00f6gon kan v\u00e5ra experter se problemen via en serviceteknikers \u00f6gon p\u00e5 plats vilket ger f\u00e4rre fel och snabbare probleml\u00f6sning.\" \/>\n<meta name=\"robots\" content=\"index, follow, max-snippet:-1, max-image-preview:large, max-video-preview:-1\" \/>\n<link rel=\"canonical\" href=\"https:\/\/www.electroluxprofessional.com\/se\/laundry\/tva-par-ogon\/\" \/>\n<meta property=\"og:locale\" content=\"sv_SE\" \/>\n<meta property=\"og:type\" content=\"article\" \/>\n<meta property=\"og:title\" content=\"Tv\u00e5 par \u00f6gon - fj\u00e4rrstyrd service\" \/>\n<meta property=\"og:description\" content=\"Den verkliga kundupplevelsen b\u00f6rjar n\u00e4r saker g\u00e5r fel.\u00a0Tillg\u00e5ng till reservdelar samt snabb och korrekt service av certifierade tekniker minskar tiden som din utrustning st\u00e5r still. Med Tv\u00e5 par \u00f6gon kan v\u00e5ra experter se problemen via en serviceteknikers \u00f6gon p\u00e5 plats vilket ger f\u00e4rre fel och snabbare probleml\u00f6sning.\" \/>\n<meta property=\"og:url\" content=\"https:\/\/www.electroluxprofessional.com\/se\/laundry\/tva-par-ogon\/\" \/>\n<meta property=\"og:site_name\" content=\"Electrolux Professional Sverige\" \/>\n<meta property=\"article:modified_time\" content=\"2020-10-04T20:34:32+00:00\" \/>\n<meta property=\"og:image\" content=\"https:\/\/www.electroluxprofessional.com\/se\/wp-content\/uploads\/2016\/12\/banner-5.jpg\" \/>\n\t<meta property=\"og:image:width\" content=\"2000\" \/>\n\t<meta property=\"og:image:height\" content=\"1383\" \/>\n\t<meta property=\"og:image:type\" content=\"image\/jpeg\" \/>\n<meta name=\"twitter:card\" content=\"summary_large_image\" \/>\n<meta name=\"twitter:label1\" content=\"Ber\u00e4knad l\u00e4stid\" \/>\n\t<meta name=\"twitter:data1\" content=\"5 minuter\" \/>\n<script type=\"application\/ld+json\" class=\"yoast-schema-graph\">{\"@context\":\"https:\/\/schema.org\",\"@graph\":[{\"@type\":\"WebPage\",\"@id\":\"https:\/\/www.electroluxprofessional.com\/se\/laundry\/tva-par-ogon\/\",\"url\":\"https:\/\/www.electroluxprofessional.com\/se\/laundry\/tva-par-ogon\/\",\"name\":\"Tv\u00e5 par \u00f6gon - fj\u00e4rrstyrd service\",\"isPartOf\":{\"@id\":\"https:\/\/www.electroluxprofessional.com\/se\/#website\"},\"primaryImageOfPage\":{\"@id\":\"https:\/\/www.electroluxprofessional.com\/se\/laundry\/tva-par-ogon\/#primaryimage\"},\"image\":{\"@id\":\"https:\/\/www.electroluxprofessional.com\/se\/laundry\/tva-par-ogon\/#primaryimage\"},\"thumbnailUrl\":\"https:\/\/www.electroluxprofessional.com\/se\/wp-content\/uploads\/2016\/12\/banner-5.jpg\",\"datePublished\":\"2020-09-14T09:32:42+00:00\",\"dateModified\":\"2020-10-04T20:34:32+00:00\",\"description\":\"Den verkliga kundupplevelsen b\u00f6rjar n\u00e4r saker g\u00e5r fel.\u00a0Tillg\u00e5ng till reservdelar samt snabb och korrekt service av certifierade tekniker minskar tiden som din utrustning st\u00e5r still. Med Tv\u00e5 par \u00f6gon kan v\u00e5ra experter se problemen via en serviceteknikers \u00f6gon p\u00e5 plats vilket ger f\u00e4rre fel och snabbare probleml\u00f6sning.\",\"breadcrumb\":{\"@id\":\"https:\/\/www.electroluxprofessional.com\/se\/laundry\/tva-par-ogon\/#breadcrumb\"},\"inLanguage\":\"sv-SE\",\"potentialAction\":[{\"@type\":\"ReadAction\",\"target\":[\"https:\/\/www.electroluxprofessional.com\/se\/laundry\/tva-par-ogon\/\"]}]},{\"@type\":\"ImageObject\",\"inLanguage\":\"sv-SE\",\"@id\":\"https:\/\/www.electroluxprofessional.com\/se\/laundry\/tva-par-ogon\/#primaryimage\",\"url\":\"https:\/\/www.electroluxprofessional.com\/se\/wp-content\/uploads\/2016\/12\/banner-5.jpg\",\"contentUrl\":\"https:\/\/www.electroluxprofessional.com\/se\/wp-content\/uploads\/2016\/12\/banner-5.jpg\",\"width\":2000,\"height\":1383,\"caption\":\"Front load washers\"},{\"@type\":\"BreadcrumbList\",\"@id\":\"https:\/\/www.electroluxprofessional.com\/se\/laundry\/tva-par-ogon\/#breadcrumb\",\"itemListElement\":[{\"@type\":\"ListItem\",\"position\":1,\"name\":\"Home\",\"item\":\"https:\/\/www.electroluxprofessional.com\/se\/\"},{\"@type\":\"ListItem\",\"position\":2,\"name\":\"Laundry\",\"item\":\"https:\/\/www.electroluxprofessional.com\/se\/laundry\/\"},{\"@type\":\"ListItem\",\"position\":3,\"name\":\"Tv\u00e5 par \u00f6gon\"}]},{\"@type\":\"WebSite\",\"@id\":\"https:\/\/www.electroluxprofessional.com\/se\/#website\",\"url\":\"https:\/\/www.electroluxprofessional.com\/se\/\",\"name\":\"Electrolux Professional Sverige\",\"description\":\"\",\"potentialAction\":[{\"@type\":\"SearchAction\",\"target\":{\"@type\":\"EntryPoint\",\"urlTemplate\":\"https:\/\/www.electroluxprofessional.com\/se\/?src={search_term_string}\"},\"query-input\":\"required name=search_term_string\"}],\"inLanguage\":\"sv-SE\"}]}<\/script>\n<!-- \/ Yoast SEO plugin. -->","yoast_head_json":{"title":"Tv\u00e5 par \u00f6gon - fj\u00e4rrstyrd service","description":"Den verkliga kundupplevelsen b\u00f6rjar n\u00e4r saker g\u00e5r fel.\u00a0Tillg\u00e5ng till reservdelar samt snabb och korrekt service av certifierade tekniker minskar tiden som din utrustning st\u00e5r still. Med Tv\u00e5 par \u00f6gon kan v\u00e5ra experter se problemen via en serviceteknikers \u00f6gon p\u00e5 plats vilket ger f\u00e4rre fel och snabbare probleml\u00f6sning.","robots":{"index":"index","follow":"follow","max-snippet":"max-snippet:-1","max-image-preview":"max-image-preview:large","max-video-preview":"max-video-preview:-1"},"canonical":"https:\/\/www.electroluxprofessional.com\/se\/laundry\/tva-par-ogon\/","og_locale":"sv_SE","og_type":"article","og_title":"Tv\u00e5 par \u00f6gon - fj\u00e4rrstyrd service","og_description":"Den verkliga kundupplevelsen b\u00f6rjar n\u00e4r saker g\u00e5r fel.\u00a0Tillg\u00e5ng till reservdelar samt snabb och korrekt service av certifierade tekniker minskar tiden som din utrustning st\u00e5r still. Med Tv\u00e5 par \u00f6gon kan v\u00e5ra experter se problemen via en serviceteknikers \u00f6gon p\u00e5 plats vilket ger f\u00e4rre fel och snabbare probleml\u00f6sning.","og_url":"https:\/\/www.electroluxprofessional.com\/se\/laundry\/tva-par-ogon\/","og_site_name":"Electrolux Professional Sverige","article_modified_time":"2020-10-04T20:34:32+00:00","og_image":[{"width":2000,"height":1383,"url":"https:\/\/www.electroluxprofessional.com\/se\/wp-content\/uploads\/2016\/12\/banner-5.jpg","type":"image\/jpeg"}],"twitter_card":"summary_large_image","twitter_misc":{"Ber\u00e4knad l\u00e4stid":"5 minuter"},"schema":{"@context":"https:\/\/schema.org","@graph":[{"@type":"WebPage","@id":"https:\/\/www.electroluxprofessional.com\/se\/laundry\/tva-par-ogon\/","url":"https:\/\/www.electroluxprofessional.com\/se\/laundry\/tva-par-ogon\/","name":"Tv\u00e5 par \u00f6gon - fj\u00e4rrstyrd service","isPartOf":{"@id":"https:\/\/www.electroluxprofessional.com\/se\/#website"},"primaryImageOfPage":{"@id":"https:\/\/www.electroluxprofessional.com\/se\/laundry\/tva-par-ogon\/#primaryimage"},"image":{"@id":"https:\/\/www.electroluxprofessional.com\/se\/laundry\/tva-par-ogon\/#primaryimage"},"thumbnailUrl":"https:\/\/www.electroluxprofessional.com\/se\/wp-content\/uploads\/2016\/12\/banner-5.jpg","datePublished":"2020-09-14T09:32:42+00:00","dateModified":"2020-10-04T20:34:32+00:00","description":"Den verkliga kundupplevelsen b\u00f6rjar n\u00e4r saker g\u00e5r fel.\u00a0Tillg\u00e5ng till reservdelar samt snabb och korrekt service av certifierade tekniker minskar tiden som din utrustning st\u00e5r still. Med Tv\u00e5 par \u00f6gon kan v\u00e5ra experter se problemen via en serviceteknikers \u00f6gon p\u00e5 plats vilket ger f\u00e4rre fel och snabbare probleml\u00f6sning.","breadcrumb":{"@id":"https:\/\/www.electroluxprofessional.com\/se\/laundry\/tva-par-ogon\/#breadcrumb"},"inLanguage":"sv-SE","potentialAction":[{"@type":"ReadAction","target":["https:\/\/www.electroluxprofessional.com\/se\/laundry\/tva-par-ogon\/"]}]},{"@type":"ImageObject","inLanguage":"sv-SE","@id":"https:\/\/www.electroluxprofessional.com\/se\/laundry\/tva-par-ogon\/#primaryimage","url":"https:\/\/www.electroluxprofessional.com\/se\/wp-content\/uploads\/2016\/12\/banner-5.jpg","contentUrl":"https:\/\/www.electroluxprofessional.com\/se\/wp-content\/uploads\/2016\/12\/banner-5.jpg","width":2000,"height":1383,"caption":"Front load washers"},{"@type":"BreadcrumbList","@id":"https:\/\/www.electroluxprofessional.com\/se\/laundry\/tva-par-ogon\/#breadcrumb","itemListElement":[{"@type":"ListItem","position":1,"name":"Home","item":"https:\/\/www.electroluxprofessional.com\/se\/"},{"@type":"ListItem","position":2,"name":"Laundry","item":"https:\/\/www.electroluxprofessional.com\/se\/laundry\/"},{"@type":"ListItem","position":3,"name":"Tv\u00e5 par \u00f6gon"}]},{"@type":"WebSite","@id":"https:\/\/www.electroluxprofessional.com\/se\/#website","url":"https:\/\/www.electroluxprofessional.com\/se\/","name":"Electrolux Professional Sverige","description":"","potentialAction":[{"@type":"SearchAction","target":{"@type":"EntryPoint","urlTemplate":"https:\/\/www.electroluxprofessional.com\/se\/?src={search_term_string}"},"query-input":"required name=search_term_string"}],"inLanguage":"sv-SE"}]}},"_links":{"self":[{"href":"https:\/\/www.electroluxprofessional.com\/se\/wp-json\/wp\/v2\/pages\/11001"}],"collection":[{"href":"https:\/\/www.electroluxprofessional.com\/se\/wp-json\/wp\/v2\/pages"}],"about":[{"href":"https:\/\/www.electroluxprofessional.com\/se\/wp-json\/wp\/v2\/types\/page"}],"author":[{"embeddable":true,"href":"https:\/\/www.electroluxprofessional.com\/se\/wp-json\/wp\/v2\/users\/3"}],"replies":[{"embeddable":true,"href":"https:\/\/www.electroluxprofessional.com\/se\/wp-json\/wp\/v2\/comments?post=11001"}],"version-history":[{"count":18,"href":"https:\/\/www.electroluxprofessional.com\/se\/wp-json\/wp\/v2\/pages\/11001\/revisions"}],"predecessor-version":[{"id":11387,"href":"https:\/\/www.electroluxprofessional.com\/se\/wp-json\/wp\/v2\/pages\/11001\/revisions\/11387"}],"up":[{"embeddable":true,"href":"https:\/\/www.electroluxprofessional.com\/se\/wp-json\/wp\/v2\/pages\/2396"}],"wp:featuredmedia":[{"embeddable":true,"href":"https:\/\/www.electroluxprofessional.com\/se\/wp-json\/wp\/v2\/media\/5327"}],"wp:attachment":[{"href":"https:\/\/www.electroluxprofessional.com\/se\/wp-json\/wp\/v2\/media?parent=11001"}],"curies":[{"name":"wp","href":"https:\/\/api.w.org\/{rel}","templated":true}]}}