{"id":10531,"date":"2020-07-09T21:24:19","date_gmt":"2020-07-09T21:24:19","guid":{"rendered":"https:\/\/www.electroluxprofessional.com\/se\/?page_id=10531"},"modified":"2024-07-03T10:32:36","modified_gmt":"2024-07-03T09:32:36","slug":"aterupptack-tvattstugan","status":"publish","type":"page","link":"https:\/\/www.electroluxprofessional.com\/se\/tvatt\/aterupptack-tvattstugan\/","title":{"rendered":"\u00c5teruppt\u00e4ck tv\u00e4ttstugan"},"content":{"rendered":"<p>[vc_row full_width=&#8221;electroluxpro-full-width-no-padding&#8221;][vc_column][vc_single_image image=&#8221;9650&#8243; img_size=&#8221;full&#8221;][\/vc_column][\/vc_row][vc_row][vc_column][vc_empty_space height=&#8221;50px&#8221;][elx_heading font_container=&#8221;h1&#8243; font_size=&#8221;h3&#8243; text_color=&#8221;inherit&#8221; text_align=&#8221;text-left&#8221;]Tv\u00e4ttstugan &#8211; en h\u00e5llbar l\u00f6sning[\/elx_heading][vc_column_text]Sveriges f\u00f6rsta moderna tv\u00e4ttstuga skapades under 1900-talets f\u00f6rsta h\u00e4lft f\u00f6r att underl\u00e4tta vardagen f\u00f6r husm\u00f6drarna. Tv\u00e4ttstugan var en b\u00e4rande l\u00f6sning f\u00f6r att n\u00e5 en \u00f6kad v\u00e4lf\u00e4rd f\u00f6r alla, helt enkelt genom att dela p\u00e5 resurserna. Den grundtanken g\u00e4ller \u00e4n idag och k\u00e4nns mer relevant \u00e4n n\u00e5gonsin, d\u00e5 den inte bara har ekonomiska f\u00f6rdelar, utan \u00e4ven milj\u00f6m\u00e4ssiga.[\/vc_column_text][vc_empty_space height=&#8221;50px&#8221;][vc_row_inner content_placement=&#8221;middle&#8221; css=&#8221;.vc_custom_1694789169817{background-color: #eeeeee !important;}&#8221;][vc_column_inner width=&#8221;1\/6&#8243;][vc_empty_space][\/vc_column_inner][vc_column_inner width=&#8221;2\/3&#8243;][vc_empty_space height=&#8221;30px&#8221;][elx_heading font_size=&#8221;h2&#8243; text_color=&#8221;inherit&#8221; text_align=&#8221;text-center&#8221;]V\u00e4lkommen att ta en rundtur i First Floor Lounge[\/elx_heading][vc_column_text]<\/p>\n<p style=\"text-align: center;\">Den framtida moderna tv\u00e4ttstugan f\u00f6r flerfamiljsbost\u00e4der &#8211; en trygg och trevlig milj\u00f6 d\u00e4r flera delningstj\u00e4nster kan samverka.<br \/>\nS\u00e5 h\u00e4r kan den se ut, <strong>se filmen eller ta en tur i 360<\/strong>!<\/p>\n<p>[\/vc_column_text][vc_empty_space height=&#8221;30px&#8221;][elx_video_block background_image=&#8221;19533&#8243; video_link=&#8221;https:\/\/www.youtube.com\/watch?v=lt_wkVD7mjw&#8221; minimum_height=&#8221;400px&#8221;][\/vc_column_inner][vc_column_inner width=&#8221;1\/6&#8243;][\/vc_column_inner][\/vc_row_inner][vc_row_inner content_placement=&#8221;middle&#8221; css=&#8221;.vc_custom_1694789169817{background-color: #eeeeee !important;}&#8221;][vc_column_inner width=&#8221;1\/4&#8243;][vc_empty_space][\/vc_column_inner][vc_column_inner width=&#8221;1\/2&#8243;][vc_empty_space height=&#8221;30px&#8221;][elx_button button_text=&#8221;Ta en tur i framtidens tv\u00e4ttstuga &#8211; rum f\u00f6r rum 360\u00b0&#8221; button_link=&#8221;url:https%3A%2F%2Ffirstfloorlounge360.ew.r.appspot.com%2F|target:_blank&#8221;][vc_empty_space height=&#8221;30px&#8221;][\/vc_column_inner][vc_column_inner width=&#8221;1\/4&#8243;][\/vc_column_inner][\/vc_row_inner][\/vc_column][\/vc_row][vc_row][vc_column width=&#8221;1\/2&#8243; css=&#8221;.vc_custom_1480692619788{padding-top: 50px !important;}&#8221;][vc_empty_space height=&#8221;22px&#8221;][elx_image_block background_image=&#8221;19531&#8243; vert_back_position=&#8221;top&#8221; minimum_height=&#8221;400px&#8221;][\/vc_column][vc_column width=&#8221;1\/2&#8243;][vc_empty_space height=&#8221;22px&#8221;][vc_empty_space height=&#8221;22px&#8221;][elx_heading font_size=&#8221;h2&#8243; text_color=&#8221;inherit&#8221;]En tv\u00e4ttstuga med gemensam utrustning\u2026[\/elx_heading][vc_column_text]<strong>Sparar tid<\/strong> \u2013 h\u00e4r blir hela veckotv\u00e4tten klar p\u00e5 tre timmar \u2013 och man f\u00e5r loss massor av dyrbar fritid som kan anv\u00e4ndas till annat. Och tid vill vi ju ha. Eller hur?<\/p>\n<p><strong>Sparar pengar<\/strong> \u2013 i tv\u00e4ttstugan kr\u00e4vs f\u00e4rre maskiner. Det sparar pengar redan vid ink\u00f6p och naturligtvis p\u00e5 installation, service och underh\u00e5ll.<\/p>\n<p><strong>Sparar milj\u00f6n<\/strong> \u2013 professionella maskiner \u00e4r effektivare. Milj\u00f6belastningen blir l\u00e4gre vid anv\u00e4ndning, men ocks\u00e5 vid tillverkningen eftersom f\u00e4rre produkter beh\u00f6ver tillverkas.<\/p>\n<p>Professionella maskiner h\u00e5ller ocks\u00e5 l\u00e4ngre. Detta \u00e4r precis vad forskarna idag efterfr\u00e5gar: Produkter med en l\u00e5ng ber\u00e4knad livsl\u00e4ngd och l\u00e5ga livscykelkostnader. Till skillnad fr\u00e5n slit-och-sl\u00e4ng-produkter som ju \u00e4r det s\u00e4msta f\u00f6r milj\u00f6n.[\/vc_column_text][\/vc_column][\/vc_row][vc_row][vc_column][vc_empty_space height=&#8221;50px&#8221;][\/vc_column][\/vc_row][vc_row][vc_column width=&#8221;1\/2&#8243; css=&#8221;.vc_custom_1484574375079{margin-left: 0px !important;border-left-width: 0px !important;padding-left: 0px !important;}&#8221;][elx_simple_block background_color=&#8221;inherit&#8221;][elx_heading font_size=&#8221;h2&#8243; text_color=&#8221;inherit&#8221;]Andra st\u00f6djer v\u00e5ra p\u00e5st\u00e5enden[\/elx_heading][vc_column_text]Link\u00f6pings universitets studie &#8220;<a href=\"https:\/\/www.electroluxprofessional.com\/se\/wp-content\/uploads\/2020\/05\/EluxPro_en_jamforande_studie_PeterNilsson.pdf\" target=\"_blank\" rel=\"noopener\">En j\u00e4mf\u00f6rande studie \u00f6ver milj\u00f6konsekvenser och ekonomiska potentialer i tv\u00e4ttstugan<\/a>&#8221; visar tydligt att en gemensam tv\u00e4ttstuga \u00e4r att f\u00f6redra, b\u00e5de ur milj\u00f6m\u00e4ssig och ekonomisk synpunkt.<\/p>\n<p>G\u00f6teborgs stad visar v\u00e4gen fram\u00e5t genom att uppmana sina inv\u00e5nare att v\u00e4lja tv\u00e4ttstugan, eftersom den \u00e4r b\u00e4ttre f\u00f6r milj\u00f6n och inneb\u00e4r l\u00e4gre kostnader. De s\u00e4ger \u201dden gemensamma tv\u00e4ttstugan blir rena vinstmaskinen, b\u00e5de f\u00f6r dig och f\u00f6r milj\u00f6n\u201d. Och d\u00e5 mindre tid l\u00e4ggs p\u00e5 tv\u00e4tt inneb\u00e4r det ocks\u00e5 mer ledig tid som kan anv\u00e4ndas till annat.[\/vc_column_text][\/elx_simple_block][\/vc_column][vc_column width=&#8221;1\/2&#8243;][vc_empty_space][vc_empty_space][elx_image_block background_image=&#8221;9585&#8243; minimum_height=&#8221;400px&#8221;][\/vc_column][\/vc_row][vc_row][vc_column][vc_empty_space height=&#8221;2px&#8221;][\/vc_column][\/vc_row][vc_row][vc_column width=&#8221;1\/2&#8243; css=&#8221;.vc_custom_1480692619788{padding-top: 50px !important;}&#8221;][elx_image_block background_image=&#8221;9636&#8243; minimum_height=&#8221;700px&#8221;][\/vc_column][vc_column width=&#8221;1\/2&#8243;][vc_empty_space height=&#8221;40px&#8221;][elx_heading font_size=&#8221;h2&#8243; text_color=&#8221;inherit&#8221;]Enkel matematik[\/elx_heading][vc_column_text]Om vi tar ett bostadshus med 35 l\u00e4genheter, vilket \u00e4r en ganska vanlig storlek, och v\u00e4ljer att s\u00e4tta in professionell utrustning i en tv\u00e4ttstuga, s\u00e5 beh\u00f6vs det 4 maskiner. Tv\u00e5 tv\u00e4ttmaskiner, en tumlare och ett torksk\u00e5p. Det r\u00e4cker f\u00f6r att tillgodose tv\u00e4ttbehovet f\u00f6r alla boende. V\u00e4ljer man ist\u00e4llet att s\u00e4tta in en tv\u00e4ttmaskin och en torktumlare i varje l\u00e4genhet, s\u00e5 blir det allts\u00e5 70 maskiner.<\/p>\n<p>Det inneb\u00e4r fler maskiner som ska tillverkas, installeras, servas och underh\u00e5llas. Och s\u00e5 ska de anv\u00e4ndas. 70 maskiner f\u00f6rbrukar l\u00e5ngt mycket mer \u00e4n 4 maskiner. De fyra professionella maskinerna \u00e4r dessutom byggda f\u00f6r att h\u00e5lla i minst 15 \u00e5r. Det finns inga hush\u00e5llsmaskiner som \u00e4r byggda f\u00f6r det &#8211; de har en ber\u00e4knad livsl\u00e4ngd p\u00e5 5\u20138 \u00e5r. S\u00e5 om vi ska vara r\u00e4ttvisa s\u00e5 kommer ju SAMTLIGA av de 70 maskinerna att beh\u00f6va bytas ut MINST en g\u00e5ng under samma period. D\u00e5 pratar vi helt pl\u00f6tsligt om 140 maskiner!<\/p>\n<p>\u00c4r det h\u00e5llbart att v\u00e4lja 140 maskiner ist\u00e4llet f\u00f6r 4? Har vi r\u00e5d att vara s\u00e5 bekv\u00e4ma? Vi tycker inte det.[\/vc_column_text][\/vc_column][\/vc_row][vc_row][vc_column][vc_empty_space][\/vc_column][\/vc_row][vc_row][vc_column width=&#8221;1\/2&#8243; css=&#8221;.vc_custom_1484574375079{margin-left: 0px !important;border-left-width: 0px !important;padding-left: 0px !important;}&#8221;][elx_simple_block background_color=&#8221;inherit&#8221;][elx_heading font_size=&#8221;h2&#8243; text_color=&#8221;inherit&#8221;]Matematik f\u00f6r dig som redan har en tv\u00e4ttstuga[\/elx_heading][vc_column_text]Om den befintliga tv\u00e4ttstugan best\u00e5r av riktigt gamla maskiner, s\u00e5 ligger den \u00e5rliga driftskostnaden p\u00e5 \u00f6ver 80\u00a0000 kr (f\u00f6r en torktumlare, ett torksk\u00e5p och tv\u00e5 tv\u00e4ttmaskiner). En stor anledning till att det blir s\u00e5 dyrt \u00e4r att \u00e4ldre maskiner saknar ett inbyggt viktm\u00e4tningssystem som sparar vatten vid halvfulla maskiner.<\/p>\n<p>Med den senaste l\u00e5genergitekniken kan vi till och med <strong>mer \u00e4n halvera kostnaden <\/strong>j\u00e4mf\u00f6rt med dagens <em>standardteknik<\/em>, som allts\u00e5 s\u00e4ljs idag. D\u00e5 kan vi spara hela 185 860 kr under en tio\u00e5rsperiod om vi j\u00e4mf\u00f6r med helt ny utrustning utan LE-teknik.<\/p>\n<p>Det \u00e4r till och med s\u00e5 att under tio \u00e5r sparar man in <em>mer<\/em> pengar \u00e4n vad man f\u00e5r ge f\u00f6r maskinerna. Men de \u00e4r byggda f\u00f6r att h\u00e5lla i 15 \u00e5r, och d\u00e5 kan ni snabbt r\u00e4kna ut att det \u00e4r en ganska trevlig investering.[\/vc_column_text][\/elx_simple_block][\/vc_column][vc_column width=&#8221;1\/2&#8243;][vc_empty_space][vc_empty_space][elx_image_block background_image=&#8221;6092&#8243; minimum_height=&#8221;400px&#8221;][\/vc_column][\/vc_row][vc_row][vc_column][vc_empty_space height=&#8221;50px&#8221;][elx_button button_text=&#8221;F\u00e5 en gratis kostnadskalkyl&#8221; button_display_block=&#8221;display_block_on&#8221; button_alignment=&#8221;align_center&#8221; button_link=&#8221;url:%23cta_kostnadskalkyl|||&#8221;][vc_empty_space height=&#8221;50px&#8221;][\/vc_column][\/vc_row][vc_row css=&#8221;.vc_custom_1589900912532{background-color: rgba(136,184,204,0.8) !important;*background-color: rgb(136,184,204) !important;}&#8221;][vc_column][vc_empty_space height=&#8221;50px&#8221;][elx_heading font_size=&#8221;h3&#8243; text_color=&#8221;inherit&#8221; text_align=&#8221;text-center&#8221;]Sammanfattningsvis[\/elx_heading][vc_column_text]Tv\u00e4ttstugan \u00e4r ett tidigt och v\u00e4l fungerande exempel p\u00e5 hur vi kan dela p\u00e5 kostnader och resurser, vilket \u00e4r bra f\u00f6r b\u00e5de ekonomin och f\u00f6r v\u00e5r planet och detta g\u00e4ller lika mycket idag som i framtiden \u2013 sannolikt \u00e4nnu mer i framtiden![\/vc_column_text][vc_empty_space height=&#8221;50px&#8221;][\/vc_column][\/vc_row][vc_row css=&#8221;.vc_custom_1589900721051{background-color: rgba(136,184,204,0.8) !important;*background-color: rgb(136,184,204) !important;}&#8221;][vc_column width=&#8221;1\/4&#8243;][vc_single_image image=&#8221;9161&#8243; img_size=&#8221;medium&#8221; alignment=&#8221;center&#8221;][vc_empty_space height=&#8221;50px&#8221;][vc_column_text]Ur\u00a0<strong>EKONOMISK\u00a0<\/strong>synvinkel \u00e4r tv\u00e4ttstugan ett klart b\u00e4ttre val. L\u00e4gre kostnader f\u00f6r ink\u00f6p, installation, service, underh\u00e5ll, reparationer<br \/>\n\u2013 och till slut \u00e5tervinning.[\/vc_column_text][vc_empty_space height=&#8221;50px&#8221;][\/vc_column][vc_column width=&#8221;1\/4&#8243;][vc_single_image image=&#8221;8754&#8243; img_size=&#8221;medium&#8221; alignment=&#8221;center&#8221;][vc_empty_space height=&#8221;50px&#8221;][vc_column_text]<strong>MILJ\u00d6BELASTNINGEN<\/strong> blir totalt minst 10\u201330 % l\u00e4gre. Detta tar h\u00e4nsyn till tillverkning, anv\u00e4ndning, \u00e5tervinning, transporter och material\u00e5tg\u00e5ng.[\/vc_column_text][vc_empty_space height=&#8221;50px&#8221;][\/vc_column][vc_column width=&#8221;1\/4&#8243;][vc_single_image image=&#8221;9670&#8243; img_size=&#8221;medium&#8221; alignment=&#8221;center&#8221;][vc_empty_space height=&#8221;50px&#8221;][vc_column_text]<strong>LIVSCYKELKOSTNADERNA<\/strong> f\u00f6r modern utrustning med LE-teknik \u00e4r l\u00e5ga, energi-f\u00f6rbrukningen minskar med upp till 60 % j\u00e4mf\u00f6rt med utrustning utan LE-teknik.[\/vc_column_text][vc_empty_space height=&#8221;50px&#8221;][\/vc_column][vc_column width=&#8221;1\/4&#8243;][vc_single_image image=&#8221;9729&#8243; img_size=&#8221;medium&#8221; alignment=&#8221;center&#8221;][vc_empty_space height=&#8221;50px&#8221;][vc_column_text]<strong>FRIG\u00d6R ENERGI<\/strong>\u00a0med LE-teknik motsvarande 1\u20132 laddstolpar per tv\u00e4ttgrupp genom att byta till ny tv\u00e4ttutrustning. Perfekt f\u00f6r dem med el-\/hybridbil.[\/vc_column_text][vc_empty_space height=&#8221;50px&#8221;][\/vc_column][\/vc_row][vc_row][vc_column][vc_empty_space height=&#8221;50px&#8221;][elx_heading font_size=&#8221;h2&#8243; text_color=&#8221;inherit&#8221; text_align=&#8221;text-center&#8221;]F\u00f6rdelar f\u00f6r&#8230;[\/elx_heading][vc_empty_space height=&#8221;50px&#8221;][\/vc_column][\/vc_row][vc_row][vc_column width=&#8221;1\/3&#8243;][vc_single_image image=&#8221;9600&#8243; img_size=&#8221;medium&#8221;][vc_empty_space height=&#8221;50px&#8221;][elx_heading font_container=&#8221;h4&#8243; text_color=&#8221;inherit&#8221;]&#8230; fastighetsbolag[\/elx_heading][vc_column_text]L\u00e5ga livscykelkostnader, s\u00e4rskilt vid byte fr\u00e5n \u00e4ldre utrustning till ny l\u00e5genergi-utrustning. Detta minskar kraftigt energi- och driftkostnader med upp till 60 %. Klimatavtrycket minskar liksom kostnader f\u00f6r service och underh\u00e5ll.[\/vc_column_text][vc_empty_space height=&#8221;50px&#8221;][\/vc_column][vc_column width=&#8221;1\/3&#8243;][vc_single_image image=&#8221;9601&#8243; img_size=&#8221;medium&#8221;][vc_empty_space height=&#8221;50px&#8221;][elx_heading font_container=&#8221;h4&#8243; text_color=&#8221;inherit&#8221;]&#8230; bostadsr\u00e4ttsf\u00f6reningar[\/elx_heading][vc_column_text]L\u00e4gre underh\u00e5llskostnader eftersom f\u00e4rre produkter med l\u00e5genergi inneb\u00e4r mindre service och l\u00e4gre energif\u00f6rbrukning. \u00c4ven minskade byggkostnader d\u00e5 v\u00e5tutrymmet \u00e4r dyrast att bygga (minst 30 000 kr\/kvm). <a href=\"https:\/\/www.electroluxprofessional.com\/se\/bostadsrattsforeningar\/\">Uppt\u00e4ck mer!<\/a>[\/vc_column_text][vc_empty_space height=&#8221;50px&#8221;][\/vc_column][vc_column width=&#8221;1\/3&#8243;][vc_single_image image=&#8221;21393&#8243; img_size=&#8221;medium&#8221;][vc_empty_space height=&#8221;50px&#8221;][elx_heading font_container=&#8221;h4&#8243; text_color=&#8221;inherit&#8221;]&#8230; dig som tv\u00e4ttar[\/elx_heading][vc_column_text]Att tv\u00e4tta i tv\u00e4ttstugan g\u00f6r att du beh\u00f6ver l\u00e4gga mindre tid p\u00e5 tv\u00e4tthanteringen. Det \u00e4r dessutom b\u00e4ttre f\u00f6r milj\u00f6n och mer skonsamt f\u00f6r dina kl\u00e4der, vilket g\u00f6r att de kommer att h\u00e5lla l\u00e4ngre.[\/vc_column_text][vc_empty_space height=&#8221;50px&#8221;][\/vc_column][\/vc_row][vc_row disable_element=&#8221;yes&#8221;][vc_column width=&#8221;1\/3&#8243;][elx_maylike_box id_box=&#8221;2827&#8243;][\/vc_column][vc_column width=&#8221;1\/3&#8243;][elx_maylike_box id_box=&#8221;2788&#8243;][\/vc_column][vc_column width=&#8221;1\/3&#8243;][elx_maylike_box id_box=&#8221;2852&#8243;][\/vc_column][\/vc_row][vc_row el_id=&#8221;cta_kostnadskalkyl&#8221;][vc_column][vc_empty_space height=&#8221;50px&#8221;][elx_heading font_size=&#8221;h3&#8243; text_color=&#8221;inherit&#8221; text_align=&#8221;text-center&#8221;]Vad har du f\u00f6r tankar om First Floor Lounge?[\/elx_heading][vc_column_text]<\/p>\n<p style=\"text-align: center;\">V\u00e4lkommen att h\u00f6ra av dig vare sig du \u00e4r arkitekt, styrelseledamot i BRF ell arbetar inom byggprojektering.<\/p>\n<p>[\/vc_column_text][vc_empty_space height=&#8221;50px&#8221;][elx_o2000_contact_us s=&#8221;F\u00f6rfr\u00e5gan om tv\u00e4ttstuga&#8221; country=&#8221;Sweden&#8221; b=&#8221;laundry&#8221; container=&#8221;elxcontactus1473771624&#8243; r=&#8221;Jag vill g\u00e4rna veta mer om era l\u00f6sningar f\u00f6r tv\u00e4ttstugor och om hur de kan s\u00e4nka v\u00e5ra kostnader och v\u00e5r milj\u00f6p\u00e5verkan. Kontakta mig!&#8221; l=&#8221;se&#8221; e=&#8221;jennie.walther@electroluxprofessional.com&#8221;][vc_empty_space height=&#8221;50px&#8221;][\/vc_column][\/vc_row][vc_row][vc_column][elx_heading font_size=&#8221;h2&#8243; text_color=&#8221;inherit&#8221; text_align=&#8221;text-center&#8221;]Du kanske ocks\u00e5 \u00e4r intresserad av dessa produkter:[\/elx_heading][\/vc_column][\/vc_row][vc_row][vc_column width=&#8221;1\/3&#8243;][elx_maylike_box id_box=&#8221;19687&#8243;][\/vc_column][vc_column width=&#8221;1\/3&#8243;][elx_maylike_box id_box=&#8221;2788&#8243;][\/vc_column][vc_column width=&#8221;1\/3&#8243;][elx_maylike_box id_box=&#8221;10150&#8243;][\/vc_column][\/vc_row][vc_row][vc_column][vc_empty_space height=&#8221;50px&#8221;][\/vc_column][\/vc_row]<\/p>\n","protected":false},"excerpt":{"rendered":"<p>[vc_row full_width=&#8221;electroluxpro-full-width-no-padding&#8221;][vc_column][vc_single_image image=&#8221;9650&#8243; img_size=&#8221;full&#8221;][\/vc_column][\/vc_row][vc_row][vc_column][vc_empty_space height=&#8221;50px&#8221;][elx_heading font_container=&#8221;h1&#8243; font_size=&#8221;h3&#8243; text_color=&#8221;inherit&#8221; text_align=&#8221;text-left&#8221;]Tv\u00e4ttstugan &#8211; en h\u00e5llbar l\u00f6sning[\/elx_heading][vc_column_text]Sveriges f\u00f6rsta moderna tv\u00e4ttstuga skapades under 1900-talets f\u00f6rsta h\u00e4lft f\u00f6r att underl\u00e4tta vardagen f\u00f6r husm\u00f6drarna. Tv\u00e4ttstugan var en b\u00e4rande l\u00f6sning f\u00f6r att n\u00e5 en \u00f6kad v\u00e4lf\u00e4rd f\u00f6r alla, helt enkelt genom att dela p\u00e5 resurserna. Den grundtanken g\u00e4ller \u00e4n idag och k\u00e4nns mer [&hellip;]<\/p>\n","protected":false},"author":3,"featured_media":0,"parent":51211,"menu_order":0,"comment_status":"closed","ping_status":"closed","template":"","meta":{"footnotes":""},"class_list":["post-10531","page","type-page","status-publish","hentry"],"acf":[],"yoast_head":"<!-- This site is optimized with the Yoast SEO plugin v23.3 - https:\/\/yoast.com\/wordpress\/plugins\/seo\/ -->\n<title>\u00c5teruppt\u00e4ck tv\u00e4ttstugan - spara tid, pengar, milj\u00f6 - Electrolux Professional<\/title>\n<meta name=\"description\" content=\"En tv\u00e4ttstuga med gemensam utrustning sparar tid, pengar och milj\u00f6! Med den senaste l\u00e5genergitekniken kan vi mer \u00e4n halvera kostnaden j\u00e4mf\u00f6rt med dagens standardteknik. L\u00e4s mer!\" \/>\n<meta name=\"robots\" content=\"index, follow, max-snippet:-1, max-image-preview:large, max-video-preview:-1\" \/>\n<link rel=\"canonical\" href=\"https:\/\/www.electroluxprofessional.com\/se\/tvatt\/aterupptack-tvattstugan\/\" \/>\n<meta property=\"og:locale\" content=\"sv_SE\" \/>\n<meta property=\"og:type\" content=\"article\" \/>\n<meta property=\"og:title\" content=\"\u00c5teruppt\u00e4ck tv\u00e4ttstugan - spara tid, pengar, milj\u00f6 - Electrolux Professional\" \/>\n<meta property=\"og:description\" content=\"En tv\u00e4ttstuga med gemensam utrustning sparar tid, pengar och milj\u00f6! Med den senaste l\u00e5genergitekniken kan vi mer \u00e4n halvera kostnaden j\u00e4mf\u00f6rt med dagens standardteknik. L\u00e4s mer!\" \/>\n<meta property=\"og:url\" content=\"https:\/\/www.electroluxprofessional.com\/se\/tvatt\/aterupptack-tvattstugan\/\" \/>\n<meta property=\"og:site_name\" content=\"Electrolux Professional Sverige\" \/>\n<meta property=\"article:modified_time\" content=\"2024-07-03T09:32:36+00:00\" \/>\n<meta property=\"og:image\" content=\"https:\/\/www.electroluxprofessional.com\/se\/wp-content\/uploads\/2022\/06\/EPRSE_first_floor_lounge_2.jpg\" \/>\n\t<meta property=\"og:image:width\" content=\"573\" \/>\n\t<meta property=\"og:image:height\" content=\"382\" \/>\n\t<meta property=\"og:image:type\" content=\"image\/jpeg\" \/>\n<meta name=\"twitter:card\" content=\"summary_large_image\" \/>\n<meta name=\"twitter:label1\" content=\"Ber\u00e4knad l\u00e4stid\" \/>\n\t<meta name=\"twitter:data1\" content=\"6 minuter\" \/>\n<script type=\"application\/ld+json\" class=\"yoast-schema-graph\">{\"@context\":\"https:\/\/schema.org\",\"@graph\":[{\"@type\":\"WebPage\",\"@id\":\"https:\/\/www.electroluxprofessional.com\/se\/tvatt\/aterupptack-tvattstugan\/\",\"url\":\"https:\/\/www.electroluxprofessional.com\/se\/tvatt\/aterupptack-tvattstugan\/\",\"name\":\"\u00c5teruppt\u00e4ck tv\u00e4ttstugan - spara tid, pengar, milj\u00f6 - Electrolux Professional\",\"isPartOf\":{\"@id\":\"https:\/\/www.electroluxprofessional.com\/se\/#website\"},\"datePublished\":\"2020-07-09T21:24:19+00:00\",\"dateModified\":\"2024-07-03T09:32:36+00:00\",\"description\":\"En tv\u00e4ttstuga med gemensam utrustning sparar tid, pengar och milj\u00f6! Med den senaste l\u00e5genergitekniken kan vi mer \u00e4n halvera kostnaden j\u00e4mf\u00f6rt med dagens standardteknik. L\u00e4s mer!\",\"breadcrumb\":{\"@id\":\"https:\/\/www.electroluxprofessional.com\/se\/tvatt\/aterupptack-tvattstugan\/#breadcrumb\"},\"inLanguage\":\"sv-SE\",\"potentialAction\":[{\"@type\":\"ReadAction\",\"target\":[\"https:\/\/www.electroluxprofessional.com\/se\/tvatt\/aterupptack-tvattstugan\/\"]}]},{\"@type\":\"BreadcrumbList\",\"@id\":\"https:\/\/www.electroluxprofessional.com\/se\/tvatt\/aterupptack-tvattstugan\/#breadcrumb\",\"itemListElement\":[{\"@type\":\"ListItem\",\"position\":1,\"name\":\"Home\",\"item\":\"https:\/\/www.electroluxprofessional.com\/se\/\"},{\"@type\":\"ListItem\",\"position\":2,\"name\":\"Tv\u00e4tt\",\"item\":\"https:\/\/www.electroluxprofessional.com\/se\/tvatt\/\"},{\"@type\":\"ListItem\",\"position\":3,\"name\":\"\u00c5teruppt\u00e4ck tv\u00e4ttstugan\"}]},{\"@type\":\"WebSite\",\"@id\":\"https:\/\/www.electroluxprofessional.com\/se\/#website\",\"url\":\"https:\/\/www.electroluxprofessional.com\/se\/\",\"name\":\"Electrolux Professional Sverige\",\"description\":\"\",\"potentialAction\":[{\"@type\":\"SearchAction\",\"target\":{\"@type\":\"EntryPoint\",\"urlTemplate\":\"https:\/\/www.electroluxprofessional.com\/se\/?src={search_term_string}\"},\"query-input\":\"required name=search_term_string\"}],\"inLanguage\":\"sv-SE\"}]}<\/script>\n<!-- \/ Yoast SEO plugin. -->","yoast_head_json":{"title":"\u00c5teruppt\u00e4ck tv\u00e4ttstugan - spara tid, pengar, milj\u00f6 - Electrolux Professional","description":"En tv\u00e4ttstuga med gemensam utrustning sparar tid, pengar och milj\u00f6! Med den senaste l\u00e5genergitekniken kan vi mer \u00e4n halvera kostnaden j\u00e4mf\u00f6rt med dagens standardteknik. L\u00e4s mer!","robots":{"index":"index","follow":"follow","max-snippet":"max-snippet:-1","max-image-preview":"max-image-preview:large","max-video-preview":"max-video-preview:-1"},"canonical":"https:\/\/www.electroluxprofessional.com\/se\/tvatt\/aterupptack-tvattstugan\/","og_locale":"sv_SE","og_type":"article","og_title":"\u00c5teruppt\u00e4ck tv\u00e4ttstugan - spara tid, pengar, milj\u00f6 - Electrolux Professional","og_description":"En tv\u00e4ttstuga med gemensam utrustning sparar tid, pengar och milj\u00f6! Med den senaste l\u00e5genergitekniken kan vi mer \u00e4n halvera kostnaden j\u00e4mf\u00f6rt med dagens standardteknik. L\u00e4s mer!","og_url":"https:\/\/www.electroluxprofessional.com\/se\/tvatt\/aterupptack-tvattstugan\/","og_site_name":"Electrolux Professional Sverige","article_modified_time":"2024-07-03T09:32:36+00:00","og_image":[{"width":573,"height":382,"url":"https:\/\/www.electroluxprofessional.com\/se\/wp-content\/uploads\/2022\/06\/EPRSE_first_floor_lounge_2.jpg","type":"image\/jpeg"}],"twitter_card":"summary_large_image","twitter_misc":{"Ber\u00e4knad l\u00e4stid":"6 minuter"},"schema":{"@context":"https:\/\/schema.org","@graph":[{"@type":"WebPage","@id":"https:\/\/www.electroluxprofessional.com\/se\/tvatt\/aterupptack-tvattstugan\/","url":"https:\/\/www.electroluxprofessional.com\/se\/tvatt\/aterupptack-tvattstugan\/","name":"\u00c5teruppt\u00e4ck tv\u00e4ttstugan - spara tid, pengar, milj\u00f6 - Electrolux Professional","isPartOf":{"@id":"https:\/\/www.electroluxprofessional.com\/se\/#website"},"datePublished":"2020-07-09T21:24:19+00:00","dateModified":"2024-07-03T09:32:36+00:00","description":"En tv\u00e4ttstuga med gemensam utrustning sparar tid, pengar och milj\u00f6! Med den senaste l\u00e5genergitekniken kan vi mer \u00e4n halvera kostnaden j\u00e4mf\u00f6rt med dagens standardteknik. L\u00e4s mer!","breadcrumb":{"@id":"https:\/\/www.electroluxprofessional.com\/se\/tvatt\/aterupptack-tvattstugan\/#breadcrumb"},"inLanguage":"sv-SE","potentialAction":[{"@type":"ReadAction","target":["https:\/\/www.electroluxprofessional.com\/se\/tvatt\/aterupptack-tvattstugan\/"]}]},{"@type":"BreadcrumbList","@id":"https:\/\/www.electroluxprofessional.com\/se\/tvatt\/aterupptack-tvattstugan\/#breadcrumb","itemListElement":[{"@type":"ListItem","position":1,"name":"Home","item":"https:\/\/www.electroluxprofessional.com\/se\/"},{"@type":"ListItem","position":2,"name":"Tv\u00e4tt","item":"https:\/\/www.electroluxprofessional.com\/se\/tvatt\/"},{"@type":"ListItem","position":3,"name":"\u00c5teruppt\u00e4ck tv\u00e4ttstugan"}]},{"@type":"WebSite","@id":"https:\/\/www.electroluxprofessional.com\/se\/#website","url":"https:\/\/www.electroluxprofessional.com\/se\/","name":"Electrolux Professional Sverige","description":"","potentialAction":[{"@type":"SearchAction","target":{"@type":"EntryPoint","urlTemplate":"https:\/\/www.electroluxprofessional.com\/se\/?src={search_term_string}"},"query-input":"required name=search_term_string"}],"inLanguage":"sv-SE"}]}},"_links":{"self":[{"href":"https:\/\/www.electroluxprofessional.com\/se\/wp-json\/wp\/v2\/pages\/10531"}],"collection":[{"href":"https:\/\/www.electroluxprofessional.com\/se\/wp-json\/wp\/v2\/pages"}],"about":[{"href":"https:\/\/www.electroluxprofessional.com\/se\/wp-json\/wp\/v2\/types\/page"}],"author":[{"embeddable":true,"href":"https:\/\/www.electroluxprofessional.com\/se\/wp-json\/wp\/v2\/users\/3"}],"replies":[{"embeddable":true,"href":"https:\/\/www.electroluxprofessional.com\/se\/wp-json\/wp\/v2\/comments?post=10531"}],"version-history":[{"count":17,"href":"https:\/\/www.electroluxprofessional.com\/se\/wp-json\/wp\/v2\/pages\/10531\/revisions"}],"predecessor-version":[{"id":51541,"href":"https:\/\/www.electroluxprofessional.com\/se\/wp-json\/wp\/v2\/pages\/10531\/revisions\/51541"}],"up":[{"embeddable":true,"href":"https:\/\/www.electroluxprofessional.com\/se\/wp-json\/wp\/v2\/pages\/51211"}],"wp:attachment":[{"href":"https:\/\/www.electroluxprofessional.com\/se\/wp-json\/wp\/v2\/media?parent=10531"}],"curies":[{"name":"wp","href":"https:\/\/api.w.org\/{rel}","templated":true}]}}