{"id":10433,"date":"2019-03-28T17:06:27","date_gmt":"2019-03-28T16:06:27","guid":{"rendered":"https:\/\/www.electroluxprofessional.com\/?page_id=22169"},"modified":"2025-10-16T08:56:57","modified_gmt":"2025-10-16T07:56:57","slug":"dryckesdispensrar-for-varma-drycker","status":"publish","type":"page","link":"https:\/\/www.electroluxprofessional.com\/se\/dryckeslosningar\/dryckesdispensrar-for-varma-drycker\/","title":{"rendered":"Dryckesdispensrar f\u00f6r varma drycker"},"content":{"rendered":"<p>[vc_row full_width=&#8221;electroluxpro-full-width-no-padding&#8221;][vc_column][elx_image_block background_image=&#8221;10427&#8243; minimum_height=&#8221;350px&#8221;][vc_empty_space][\/vc_column][\/vc_row][vc_row][vc_column][elx_heading font_container=&#8221;h1&#8243; font_size=&#8221;h3&#8243; text_color=&#8221;inherit&#8221;]Dispensrar f\u00f6r varma drycker[\/elx_heading][vc_empty_space][vc_column_text]Erbjud dina g\u00e4ster v\u00e4lsmakande varma drycker f\u00f6r tidiga morgnar, sena kv\u00e4llar eller n\u00e4rsomhelst under dygnet.[\/vc_column_text][vc_empty_space][\/vc_column][\/vc_row][vc_row][vc_column width=&#8221;2\/3&#8243;][elx_heading font_size=&#8221;h3&#8243; text_color=&#8221;electrolux-blue&#8221; text_align=&#8221;text-left&#8221;]Dryckesdispenser f\u00f6r l\u00f6sligt pulver\/varma drycker[\/elx_heading][vc_empty_space height=&#8221;22px&#8221;][elx_heading font_container=&#8221;h3&#8243; font_size=&#8221;h5&#8243; text_color=&#8221;electrolux-blue&#8221; text_align=&#8221;text-left&#8221;]Varma kvalitetsdrycker inom r\u00e4ckh\u00e5ll[\/elx_heading][vc_column_text]En l\u00e4ttanv\u00e4nd och funktionell l\u00f6sning f\u00f6r<strong> l\u00f6sligt pulver \/ varma drycker<\/strong> \u2013<br \/>\nservera dina varma drycker p\u00e5 ett \u00f6gonblick.[\/vc_column_text][\/vc_column][vc_column width=&#8221;1\/3&#8243;][vc_single_image image=&#8221;10431&#8243; img_size=&#8221;full&#8221; alignment=&#8221;right&#8221;][\/vc_column][\/vc_row][vc_row][vc_column][vc_empty_space height=&#8221;42px&#8221;][\/vc_column][\/vc_row][vc_row full_width=&#8221;electroluxpro-full-width-no-padding&#8221; css=&#8221;.vc_custom_1610374837773{background-image: url(https:\/\/www.electroluxprofessional.com\/se\/wp-content\/uploads\/2021\/01\/EPRSE_dryckesdispensrar-for-varma-drycker.jpg?id=12624) !important;background-position: center !important;background-repeat: no-repeat !important;background-size: cover !important;}&#8221;][vc_column][vc_empty_space height=&#8221;300px&#8221;][\/vc_column][\/vc_row][vc_row][vc_column][vc_empty_space height=&#8221;60px&#8221;][\/vc_column][\/vc_row][vc_row][vc_column width=&#8221;3\/4&#8243;][elx_heading font_size=&#8221;h3&#8243; text_color=&#8221;inherit&#8221;]Beh\u00e5llare f\u00f6r varm choklad[\/elx_heading][elx_heading font_container=&#8221;h3&#8243; font_size=&#8221;h5&#8243; text_color=&#8221;inherit&#8221;]Varm choklad p\u00e5 kran.[\/elx_heading][vc_column_text]<strong>L\u00e4tt, kompakt och funktionell<\/strong>, v\u00e5ra dispensrar \u00e4r enkla att montera is\u00e4r och reng\u00f6ra.[\/vc_column_text][vc_empty_space][\/vc_column][vc_column width=&#8221;1\/4&#8243;][vc_single_image image=&#8221;10432&#8243; img_size=&#8221;full&#8221;][\/vc_column][\/vc_row][vc_row][vc_column][vc_empty_space height=&#8221;60px&#8221;][\/vc_column][\/vc_row][vc_row][vc_column width=&#8221;1\/3&#8243;][elx_image_block background_image=&#8221;10428&#8243; minimum_height=&#8221;360px&#8221;][\/vc_column][vc_column width=&#8221;1\/3&#8243;][elx_image_block background_image=&#8221;10429&#8243; minimum_height=&#8221;360px&#8221;][\/vc_column][vc_column width=&#8221;1\/3&#8243;][elx_image_block background_image=&#8221;10430&#8243; minimum_height=&#8221;360px&#8221;][\/vc_column][\/vc_row][vc_row][vc_column][vc_empty_space height=&#8221;50px&#8221;]<div class=\"com21-product-filter-container 100\">\n                    <!-- PROD FILTER -->\n                    \n                    <div class=\"container\">\n                        <h4 class=\"text-center\">\n                            Filtrera (2 Produkter)\n                        <\/h4>\n                    <\/div>\n                    <div class=\"specification-filter\">\n                        <div class=\"toggle-filter-container\">\n                            <div class=\"container text-center\">\n                                <a href=\"#filter\" class=\"toggle-filter small-toggle\" data-target=\".category-filter\"  data-class-toggle=\"category-filter-show\" aria-pressed=\"false\" role=\"button\" id=\"open-product-features\">Filtrera<\/a>\n                            <\/div>\n                        <\/div>\n                        <div class=\"category-filter \">\n                            <div class=\"container\">\n                    <div class=\"row\">\n                        <div class=\"col-md-4 text-left\">\n                            <fieldset>       \n                                <h5 class=\"h6\">Product line<\/h5>\n                                <div class=\"category-check\">\n                                    <input type=\"checkbox\" name=\"p\" id=\"p-behallare-for-varm-choklad-ll\" data-code=\"P\" data-value=\"Beh\u00e5llare f\u00f6r varm choklad - LL\" >\n                                    <label for=\"p-behallare-for-varm-choklad-ll\">Beh\u00e5llare f\u00f6r varm choklad - LL<\/label>\n                                <\/div>\n                            \n                            <\/fieldset>\n                        <\/div><!-- end col -->\n                        <\/div>\n        \n                                <div class=\"row\">\n                                    <div class=\"col-md-6 text-left\">\n                                        <span class=\"number-of-products\"><span id=\"number-of-products\">2<\/span> Produkter<\/span> <a href=\"#\" class=\"btn btn-secondary-bordered\" id=\"filter-reset-btn\">\u00c5terst\u00e4ll<\/a>\n                                    <\/div>\n                                    <div class=\"col-md-6 text-right\">\n                                        <a href=\"#\" class=\"close-toggle no-pd-toggle\" data-parent=\"open-product-features\"  aria-pressed=\"true\" role=\"button\">St\u00e4ng<\/a>\n                                    <\/div>\n                                <\/div>\n                                \n                            <\/div><!-- end container -->\n                        <\/div><!-- end category-filter -->\n                    <\/div><!-- end specification-filter -->\n        \n                    <!-- END PROD FILTER -->\n                    \n                    <!-- PROD LIST -->\n                    <div class=\"product-list container\">\n                        <!--Hidden parameters-->\n                        <input type=\"hidden\" name=\"navigation_level_1\" id=\"navigation_level_1\" value=\"\u00d6\">\n                        <input type=\"hidden\" name=\"navigation_level_2\" id=\"navigation_level_2\" value=\"A\">\n                        <input type=\"hidden\" name=\"navigation_level_3\" id=\"navigation_level_3\" value=\"\">\n                        <input type=\"hidden\" name=\"navigation_level_4\" id=\"navigation_level_4\" value=\"\">\n                        <input type=\"hidden\" name=\"filter_id\" id=\"filter_id\" value=\"100\">\n                        <input type=\"hidden\" name=\"navigation_language\" id=\"navigation_language\" value=\"5005\">\n                        <input type=\"hidden\" name=\"navigation_language_code\" id=\"navigation_language\" value=\"5005\">\n                        <input type=\"hidden\" name=\"page_id\" id=\"page_id\" value=\"10433\">\n                        <!--END Hidden parameters--><ul class=\"row\" ><li data-product-paged=\"\" class=\"anchor_tags_prod col-sm-6 col-md-3 wow fadeIn single-product-list 560018\"><div class=\"product-list-item\"><div class=\"product-content\"><a href=\"https:\/\/www.electroluxprofessional.com\/se\/pd\/dryck\/kaffesystem\/beh\u00e5llare-f\u00f6r-varm-choklad-ll\/dryckessystem-beh\u00e5llare-f\u00f6r-varm-choklad-med-3-liters-beh\u00e5llare-560018\/\" target=\"_blank\" ><figure><img decoding=\"async\" src=\"https:\/\/tools.electroluxprofessional.com\/Mirror\/Doc\/PH_255x255%2FPH_560018_1_1_560018.jpg\" alt=\"DryckessystemBeh\u00e5llare f\u00f6r varm choklad med 3-liters beh\u00e5llare\"\/><\/figure><div class=\"product-internal\"><div class=\"product-liv\">Beh\u00e5llare f\u00f6r varm choklad - LL<\/div><h3 class=\"product-title\">Dryckessystem<br>Beh\u00e5llare f\u00f6r varm choklad med 3-liters beh\u00e5llare<\/h3><div class=\"product-icons\"><div class=\"product-green\"><\/div><div class=\"product-cod\"><div class=\"hidden type_code\">0<\/div>COD <span class=\"product-code\" >560018<\/span><\/div><div class=\"product-fast\"><\/div>\n<\/div><div class=\"product-description-fast-green\"><\/div>\n<\/div><div class=\"product-actions\"><a href=\"https:\/\/www.electroluxprofessional.com\/se\/pd\/dryck\/kaffesystem\/beh\u00e5llare-f\u00f6r-varm-choklad-ll\/dryckessystem-beh\u00e5llare-f\u00f6r-varm-choklad-med-3-liters-beh\u00e5llare-560018\/\" class=\"btn btn-primary-blue\">Se mer<\/a><span class=\"compare-product\"><span class=\"compare-checkbox\"><span class=\"compare-checkbox-shape\"><input type=\"checkbox\" class=\"product-comparer\" id=\"prod_560018\"\/><label class=\"btn\" for=\"prod_560018\"><span class=\"label-bg\"><\/span>J\u00e4mf\u00f6r<\/label><\/span><\/span><\/span><\/div><\/a><\/div><\/div><\/li><li data-product-paged=\"\" class=\"anchor_tags_prod col-sm-6 col-md-3 wow fadeIn single-product-list 560019\"><div class=\"product-list-item\"><div class=\"product-content\"><a href=\"https:\/\/www.electroluxprofessional.com\/se\/pd\/dryck\/kaffesystem\/beh\u00e5llare-f\u00f6r-varm-choklad-ll\/dryckessystem-beh\u00e5llare-f\u00f6r-varm-choklad-med-6-liters-beh\u00e5llare-560019\/\" target=\"_blank\" ><figure><img decoding=\"async\" src=\"https:\/\/tools.electroluxprofessional.com\/Mirror\/Doc\/PH_255x255%2FPH_560018_1_1_560018.jpg\" alt=\"DryckessystemBeh\u00e5llare f\u00f6r varm choklad med 6-liters beh\u00e5llare\"\/><\/figure><div class=\"product-internal\"><div class=\"product-liv\">Beh\u00e5llare f\u00f6r varm choklad - LL<\/div><h3 class=\"product-title\">Dryckessystem<br>Beh\u00e5llare f\u00f6r varm choklad med 6-liters beh\u00e5llare<\/h3><div class=\"product-icons\"><div class=\"product-green\"><\/div><div class=\"product-cod\"><div class=\"hidden type_code\">0<\/div>COD <span class=\"product-code\" >560019<\/span><\/div><div class=\"product-fast\"><\/div>\n<\/div><div class=\"product-description-fast-green\"><\/div>\n<\/div><div class=\"product-actions\"><a href=\"https:\/\/www.electroluxprofessional.com\/se\/pd\/dryck\/kaffesystem\/beh\u00e5llare-f\u00f6r-varm-choklad-ll\/dryckessystem-beh\u00e5llare-f\u00f6r-varm-choklad-med-6-liters-beh\u00e5llare-560019\/\" class=\"btn btn-primary-blue\">Se mer<\/a><span class=\"compare-product\"><span class=\"compare-checkbox\"><span class=\"compare-checkbox-shape\"><input type=\"checkbox\" class=\"product-comparer\" id=\"prod_560019\"\/><label class=\"btn\" for=\"prod_560019\"><span class=\"label-bg\"><\/span>J\u00e4mf\u00f6r<\/label><\/span><\/span><\/span><\/div><\/a><\/div><\/div><\/li>\n                        <\/ul>\n                        <div class=\"text-center more-products\">\n                        <\/div>\n                    <\/div>\n                    <!-- END PRODUCT LIST -->\n                    <\/div>\n                    <!-- END PRODUCT LIST -->[\/vc_column][\/vc_row][vc_row css=&#8221;.vc_custom_1516904946877{border-top-width: 1px !important;background-color: #ffffff !important;border-top-color: #eeeeee !important;border-top-style: solid !important;}&#8221;][vc_column reveal_effect=&#8221;&#8221;][vc_empty_space height=&#8221;80px&#8221;][elx_heading font_size=&#8221;h3&#8243; text_color=&#8221;inherit&#8221; text_align=&#8221;text-left&#8221;]Nyfiken p\u00e5 att veta mer om v\u00e5ra dispensrar f\u00f6r varma drycker? Kontakta oss![\/elx_heading][elx_o2000_contact_us s=&#8221;\u00d6nskar mer info om dispensrar f\u00f6r varma drycker.&#8221; country=&#8221;Sweden&#8221; b=&#8221;beverage&#8221; r=&#8221;Jag vill veta mer om Electrolux Professional dispensrar f\u00f6r varma drycker. Kontakta mig!&#8221; l=&#8221;se&#8221;][\/vc_column][\/vc_row][vc_row][vc_column][vc_empty_space height=&#8221;100px&#8221;][elx_heading font_size=&#8221;h3&#8243; text_color=&#8221;inherit&#8221; text_align=&#8221;text-left&#8221;]Hitta r\u00e4tt l\u00f6sningar f\u00f6r din verksamhet[\/elx_heading][\/vc_column][\/vc_row][vc_row][vc_column width=&#8221;1\/3&#8243;][elx_maylike_box id_box=&#8221;12495&#8243;][\/vc_column][vc_column width=&#8221;1\/3&#8243;][elx_maylike_box id_box=&#8221;12528&#8243;][\/vc_column][vc_column width=&#8221;1\/3&#8243;][elx_maylike_box id_box=&#8221;12524&#8243;][\/vc_column][\/vc_row]<\/p>\n","protected":false},"excerpt":{"rendered":"<p>[vc_row full_width=&#8221;electroluxpro-full-width-no-padding&#8221;][vc_column][elx_image_block background_image=&#8221;10427&#8243; minimum_height=&#8221;350px&#8221;][vc_empty_space][\/vc_column][\/vc_row][vc_row][vc_column][elx_heading font_container=&#8221;h1&#8243; font_size=&#8221;h3&#8243; text_color=&#8221;inherit&#8221;]Dispensrar f\u00f6r varma drycker[\/elx_heading][vc_empty_space][vc_column_text]Erbjud dina g\u00e4ster v\u00e4lsmakande varma drycker f\u00f6r tidiga morgnar, sena kv\u00e4llar eller n\u00e4rsomhelst under dygnet.[\/vc_column_text][vc_empty_space][\/vc_column][\/vc_row][vc_row][vc_column width=&#8221;2\/3&#8243;][elx_heading font_size=&#8221;h3&#8243; text_color=&#8221;electrolux-blue&#8221; text_align=&#8221;text-left&#8221;]Dryckesdispenser f\u00f6r l\u00f6sligt pulver\/varma drycker[\/elx_heading][vc_empty_space height=&#8221;22px&#8221;][elx_heading font_container=&#8221;h3&#8243; font_size=&#8221;h5&#8243; text_color=&#8221;electrolux-blue&#8221; text_align=&#8221;text-left&#8221;]Varma kvalitetsdrycker inom r\u00e4ckh\u00e5ll[\/elx_heading][vc_column_text]En l\u00e4ttanv\u00e4nd och funktionell l\u00f6sning f\u00f6r l\u00f6sligt pulver \/ varma drycker \u2013 servera dina varma drycker [&hellip;]<\/p>\n","protected":false},"author":242,"featured_media":0,"parent":12666,"menu_order":0,"comment_status":"closed","ping_status":"closed","template":"","meta":{"footnotes":""},"class_list":["post-10433","page","type-page","status-publish","hentry"],"acf":[],"yoast_head":"<!-- This site is optimized with the Yoast SEO plugin v23.3 - https:\/\/yoast.com\/wordpress\/plugins\/seo\/ -->\n<title>Dryckesdispensrar f\u00f6r varma drycker - Electrolux Professional<\/title>\n<meta name=\"description\" content=\"L\u00e4ttanv\u00e4nda och funktionella l\u00f6sningar f\u00f6r l\u00f6sligt pulver och varma drycker \u2013 servera dina g\u00e4ster varma drycker p\u00e5 ett \u00f6gonblick.\" \/>\n<meta name=\"robots\" content=\"index, follow, max-snippet:-1, max-image-preview:large, max-video-preview:-1\" \/>\n<link rel=\"canonical\" href=\"https:\/\/www.electroluxprofessional.com\/se\/dryckeslosningar\/dryckesdispensrar-for-varma-drycker\/\" \/>\n<meta property=\"og:locale\" content=\"sv_SE\" \/>\n<meta property=\"og:type\" content=\"article\" \/>\n<meta property=\"og:title\" content=\"Dryckesdispensrar f\u00f6r varma drycker - Electrolux Professional\" \/>\n<meta property=\"og:description\" content=\"L\u00e4ttanv\u00e4nda och funktionella l\u00f6sningar f\u00f6r l\u00f6sligt pulver och varma drycker \u2013 servera dina g\u00e4ster varma drycker p\u00e5 ett \u00f6gonblick.\" \/>\n<meta property=\"og:url\" content=\"https:\/\/www.electroluxprofessional.com\/se\/dryckeslosningar\/dryckesdispensrar-for-varma-drycker\/\" \/>\n<meta property=\"og:site_name\" content=\"Electrolux Professional Sverige\" \/>\n<meta property=\"article:modified_time\" content=\"2025-10-16T07:56:57+00:00\" \/>\n<meta name=\"twitter:card\" content=\"summary_large_image\" \/>\n<meta name=\"twitter:label1\" content=\"Ber\u00e4knad l\u00e4stid\" \/>\n\t<meta name=\"twitter:data1\" content=\"2 minuter\" \/>\n<script type=\"application\/ld+json\" class=\"yoast-schema-graph\">{\"@context\":\"https:\/\/schema.org\",\"@graph\":[{\"@type\":\"WebPage\",\"@id\":\"https:\/\/www.electroluxprofessional.com\/se\/dryckeslosningar\/dryckesdispensrar-for-varma-drycker\/\",\"url\":\"https:\/\/www.electroluxprofessional.com\/se\/dryckeslosningar\/dryckesdispensrar-for-varma-drycker\/\",\"name\":\"Dryckesdispensrar f\u00f6r varma drycker - Electrolux Professional\",\"isPartOf\":{\"@id\":\"https:\/\/www.electroluxprofessional.com\/se\/#website\"},\"datePublished\":\"2019-03-28T16:06:27+00:00\",\"dateModified\":\"2025-10-16T07:56:57+00:00\",\"description\":\"L\u00e4ttanv\u00e4nda och funktionella l\u00f6sningar f\u00f6r l\u00f6sligt pulver och varma drycker \u2013 servera dina g\u00e4ster varma drycker p\u00e5 ett \u00f6gonblick.\",\"breadcrumb\":{\"@id\":\"https:\/\/www.electroluxprofessional.com\/se\/dryckeslosningar\/dryckesdispensrar-for-varma-drycker\/#breadcrumb\"},\"inLanguage\":\"sv-SE\",\"potentialAction\":[{\"@type\":\"ReadAction\",\"target\":[\"https:\/\/www.electroluxprofessional.com\/se\/dryckeslosningar\/dryckesdispensrar-for-varma-drycker\/\"]}]},{\"@type\":\"BreadcrumbList\",\"@id\":\"https:\/\/www.electroluxprofessional.com\/se\/dryckeslosningar\/dryckesdispensrar-for-varma-drycker\/#breadcrumb\",\"itemListElement\":[{\"@type\":\"ListItem\",\"position\":1,\"name\":\"Home\",\"item\":\"https:\/\/www.electroluxprofessional.com\/se\/\"},{\"@type\":\"ListItem\",\"position\":2,\"name\":\"Dryckesl\u00f6sningar\",\"item\":\"https:\/\/www.electroluxprofessional.com\/se\/dryckeslosningar\/\"},{\"@type\":\"ListItem\",\"position\":3,\"name\":\"Dryckesdispensrar f\u00f6r varma drycker\"}]},{\"@type\":\"WebSite\",\"@id\":\"https:\/\/www.electroluxprofessional.com\/se\/#website\",\"url\":\"https:\/\/www.electroluxprofessional.com\/se\/\",\"name\":\"Electrolux Professional Sverige\",\"description\":\"\",\"potentialAction\":[{\"@type\":\"SearchAction\",\"target\":{\"@type\":\"EntryPoint\",\"urlTemplate\":\"https:\/\/www.electroluxprofessional.com\/se\/?src={search_term_string}\"},\"query-input\":\"required name=search_term_string\"}],\"inLanguage\":\"sv-SE\"}]}<\/script>\n<!-- \/ Yoast SEO plugin. -->","yoast_head_json":{"title":"Dryckesdispensrar f\u00f6r varma drycker - Electrolux Professional","description":"L\u00e4ttanv\u00e4nda och funktionella l\u00f6sningar f\u00f6r l\u00f6sligt pulver och varma drycker \u2013 servera dina g\u00e4ster varma drycker p\u00e5 ett \u00f6gonblick.","robots":{"index":"index","follow":"follow","max-snippet":"max-snippet:-1","max-image-preview":"max-image-preview:large","max-video-preview":"max-video-preview:-1"},"canonical":"https:\/\/www.electroluxprofessional.com\/se\/dryckeslosningar\/dryckesdispensrar-for-varma-drycker\/","og_locale":"sv_SE","og_type":"article","og_title":"Dryckesdispensrar f\u00f6r varma drycker - Electrolux Professional","og_description":"L\u00e4ttanv\u00e4nda och funktionella l\u00f6sningar f\u00f6r l\u00f6sligt pulver och varma drycker \u2013 servera dina g\u00e4ster varma drycker p\u00e5 ett \u00f6gonblick.","og_url":"https:\/\/www.electroluxprofessional.com\/se\/dryckeslosningar\/dryckesdispensrar-for-varma-drycker\/","og_site_name":"Electrolux Professional Sverige","article_modified_time":"2025-10-16T07:56:57+00:00","twitter_card":"summary_large_image","twitter_misc":{"Ber\u00e4knad l\u00e4stid":"2 minuter"},"schema":{"@context":"https:\/\/schema.org","@graph":[{"@type":"WebPage","@id":"https:\/\/www.electroluxprofessional.com\/se\/dryckeslosningar\/dryckesdispensrar-for-varma-drycker\/","url":"https:\/\/www.electroluxprofessional.com\/se\/dryckeslosningar\/dryckesdispensrar-for-varma-drycker\/","name":"Dryckesdispensrar f\u00f6r varma drycker - Electrolux Professional","isPartOf":{"@id":"https:\/\/www.electroluxprofessional.com\/se\/#website"},"datePublished":"2019-03-28T16:06:27+00:00","dateModified":"2025-10-16T07:56:57+00:00","description":"L\u00e4ttanv\u00e4nda och funktionella l\u00f6sningar f\u00f6r l\u00f6sligt pulver och varma drycker \u2013 servera dina g\u00e4ster varma drycker p\u00e5 ett \u00f6gonblick.","breadcrumb":{"@id":"https:\/\/www.electroluxprofessional.com\/se\/dryckeslosningar\/dryckesdispensrar-for-varma-drycker\/#breadcrumb"},"inLanguage":"sv-SE","potentialAction":[{"@type":"ReadAction","target":["https:\/\/www.electroluxprofessional.com\/se\/dryckeslosningar\/dryckesdispensrar-for-varma-drycker\/"]}]},{"@type":"BreadcrumbList","@id":"https:\/\/www.electroluxprofessional.com\/se\/dryckeslosningar\/dryckesdispensrar-for-varma-drycker\/#breadcrumb","itemListElement":[{"@type":"ListItem","position":1,"name":"Home","item":"https:\/\/www.electroluxprofessional.com\/se\/"},{"@type":"ListItem","position":2,"name":"Dryckesl\u00f6sningar","item":"https:\/\/www.electroluxprofessional.com\/se\/dryckeslosningar\/"},{"@type":"ListItem","position":3,"name":"Dryckesdispensrar f\u00f6r varma drycker"}]},{"@type":"WebSite","@id":"https:\/\/www.electroluxprofessional.com\/se\/#website","url":"https:\/\/www.electroluxprofessional.com\/se\/","name":"Electrolux Professional Sverige","description":"","potentialAction":[{"@type":"SearchAction","target":{"@type":"EntryPoint","urlTemplate":"https:\/\/www.electroluxprofessional.com\/se\/?src={search_term_string}"},"query-input":"required name=search_term_string"}],"inLanguage":"sv-SE"}]}},"_links":{"self":[{"href":"https:\/\/www.electroluxprofessional.com\/se\/wp-json\/wp\/v2\/pages\/10433"}],"collection":[{"href":"https:\/\/www.electroluxprofessional.com\/se\/wp-json\/wp\/v2\/pages"}],"about":[{"href":"https:\/\/www.electroluxprofessional.com\/se\/wp-json\/wp\/v2\/types\/page"}],"author":[{"embeddable":true,"href":"https:\/\/www.electroluxprofessional.com\/se\/wp-json\/wp\/v2\/users\/242"}],"replies":[{"embeddable":true,"href":"https:\/\/www.electroluxprofessional.com\/se\/wp-json\/wp\/v2\/comments?post=10433"}],"version-history":[{"count":15,"href":"https:\/\/www.electroluxprofessional.com\/se\/wp-json\/wp\/v2\/pages\/10433\/revisions"}],"predecessor-version":[{"id":54304,"href":"https:\/\/www.electroluxprofessional.com\/se\/wp-json\/wp\/v2\/pages\/10433\/revisions\/54304"}],"up":[{"embeddable":true,"href":"https:\/\/www.electroluxprofessional.com\/se\/wp-json\/wp\/v2\/pages\/12666"}],"wp:attachment":[{"href":"https:\/\/www.electroluxprofessional.com\/se\/wp-json\/wp\/v2\/media?parent=10433"}],"curies":[{"name":"wp","href":"https:\/\/api.w.org\/{rel}","templated":true}]}}