{"id":10073,"date":"2016-11-28T08:47:02","date_gmt":"2016-11-28T08:47:02","guid":{"rendered":"https:\/\/www.electroluxprofessional.com\/?page_id=5945"},"modified":"2025-11-03T15:58:04","modified_gmt":"2025-11-03T14:58:04","slug":"saladette-kylbank","status":"publish","type":"page","link":"https:\/\/www.electroluxprofessional.com\/se\/storkok\/saladette-kylbank\/","title":{"rendered":"Saladette kylb\u00e4nkar"},"content":{"rendered":"<p>[vc_row full_width=&#8221;electroluxpro-full-width-no-padding&#8221;][vc_column][vc_single_image image=&#8221;2071&#8243; img_size=&#8221;2000*350&#8243;][\/vc_column][\/vc_row][vc_row][vc_column][elx_heading font_container=&#8221;h1&#8243; font_size=&#8221;h3&#8243; text_color=&#8221;inherit&#8221; text_align=&#8221;text-left&#8221;]Saladette kylb\u00e4nkar[\/elx_heading][elx_heading font_container=&#8221;h3&#8243; font_size=&#8221;h5&#8243; text_color=&#8221;inherit&#8221;]Electrolux Professionals utbud av kylb\u00e4nkar kombinerar bekv\u00e4mligheten med en arbetsb\u00e4nk som har kylf\u00f6rvaring undertill.[\/elx_heading][vc_empty_space][\/vc_column][\/vc_row][vc_row][vc_column width=&#8221;2\/3&#8243;][vc_single_image image=&#8221;54459&#8243; img_size=&#8221;700*400&#8243; alignment=&#8221;center&#8221;][\/vc_column][vc_column width=&#8221;1\/3&#8243;][vc_empty_space][vc_column_text css=&#8221;.vc_custom_1593439946776{margin-top: 20px !important;border-top-width: 20px !important;padding-top: 20px !important;}&#8221;]<\/p>\n<h5>Den m\u00e5ngsidigheten ger\u00a0<strong>betydande utrymmesbesparingar\u00a0<\/strong>och erbjuder en\u00a0<strong>funktionell och modul\u00e4r l\u00f6sning<\/strong>\u00a0f\u00f6r alla typer av k\u00f6k.<\/h5>\n<p>[\/vc_column_text][\/vc_column][\/vc_row][vc_row][vc_column][vc_empty_space][\/vc_column][\/vc_row][vc_row css=&#8221;.vc_custom_1517830702010{background-color: #eeeeee !important;}&#8221;][vc_column][elx_heading font_size=&#8221;h3&#8243; text_color=&#8221;inherit&#8221; text_align=&#8221;text-left&#8221;]Hitta r\u00e4tt l\u00f6sningar f\u00f6r din verksamhet[\/elx_heading][\/vc_column][\/vc_row][vc_row css=&#8221;.vc_custom_1517830708765{background-color: #eeeeee !important;}&#8221;][vc_column width=&#8221;1\/3&#8243;][elx_maylike_box id_box=&#8221;2702&#8243;][\/vc_column][vc_column width=&#8221;1\/3&#8243;][elx_maylike_box id_box=&#8221;4208&#8243;][\/vc_column][vc_column width=&#8221;1\/3&#8243;][elx_maylike_box id_box=&#8221;2699&#8243;][\/vc_column][\/vc_row][vc_row][vc_column][vc_empty_space height=&#8221;50px&#8221;][elx_heading font_size=&#8221;h3&#8243; text_color=&#8221;inherit&#8221; text_align=&#8221;text-left&#8221;]Vill du veta mer om v\u00e5ra Saladette kylb\u00e4nkar? Kontakta oss![\/elx_heading][elx_o2000_contact_us s=&#8221;\u00d6nskar information om Saladette&#8221; country=&#8221;Sweden&#8221; container=&#8221;elxcontactus1480424351&#8243; r=&#8221;Jag vill veta mer om Saladette kylb\u00e4nkar. Kontakta mig!&#8221; l=&#8221;se&#8221;][vc_empty_space height=&#8221;50px&#8221;][elx_heading font_container=&#8221;h3&#8243; font_size=&#8221;h3&#8243; text_color=&#8221;inherit&#8221; text_align=&#8221;text-left&#8221;]Saladette[\/elx_heading][\/vc_column][\/vc_row][vc_row][vc_column][vc_column_text]<\/p>\n<p>[\/vc_column_text][\/vc_column][\/vc_row]<\/p>\n","protected":false},"excerpt":{"rendered":"<p>[vc_row full_width=&#8221;electroluxpro-full-width-no-padding&#8221;][vc_column][vc_single_image image=&#8221;2071&#8243; img_size=&#8221;2000*350&#8243;][\/vc_column][\/vc_row][vc_row][vc_column][elx_heading font_container=&#8221;h1&#8243; font_size=&#8221;h3&#8243; text_color=&#8221;inherit&#8221; text_align=&#8221;text-left&#8221;]Saladette kylb\u00e4nkar[\/elx_heading][elx_heading font_container=&#8221;h3&#8243; font_size=&#8221;h5&#8243; text_color=&#8221;inherit&#8221;]Electrolux Professionals utbud av kylb\u00e4nkar kombinerar bekv\u00e4mligheten med en arbetsb\u00e4nk som har kylf\u00f6rvaring undertill.[\/elx_heading][vc_empty_space][\/vc_column][\/vc_row][vc_row][vc_column width=&#8221;2\/3&#8243;][vc_single_image image=&#8221;54459&#8243; img_size=&#8221;700*400&#8243; alignment=&#8221;center&#8221;][\/vc_column][vc_column width=&#8221;1\/3&#8243;][vc_empty_space][vc_column_text css=&#8221;.vc_custom_1593439946776{margin-top: 20px !important;border-top-width: 20px !important;padding-top: 20px !important;}&#8221;] Den m\u00e5ngsidigheten ger\u00a0betydande utrymmesbesparingar\u00a0och erbjuder en\u00a0funktionell och modul\u00e4r l\u00f6sning\u00a0f\u00f6r alla typer av k\u00f6k. [\/vc_column_text][\/vc_column][\/vc_row][vc_row][vc_column][vc_empty_space][\/vc_column][\/vc_row][vc_row css=&#8221;.vc_custom_1517830702010{background-color: #eeeeee !important;}&#8221;][vc_column][elx_heading font_size=&#8221;h3&#8243; [&hellip;]<\/p>\n","protected":false},"author":242,"featured_media":2071,"parent":51186,"menu_order":0,"comment_status":"closed","ping_status":"closed","template":"","meta":{"footnotes":""},"class_list":["post-10073","page","type-page","status-publish","has-post-thumbnail","hentry"],"acf":[],"yoast_head":"<!-- This site is optimized with the Yoast SEO plugin v23.3 - https:\/\/yoast.com\/wordpress\/plugins\/seo\/ -->\n<title>Saladette kylb\u00e4nkar - Electrolux Professional<\/title>\n<meta name=\"description\" content=\"Electrolux Professionals utbud av Saladette kylb\u00e4nkar kombinerar bekv\u00e4mligheten med en arbetsb\u00e4nk som har kylf\u00f6rvaring undertill.\" \/>\n<meta name=\"robots\" content=\"index, follow, max-snippet:-1, max-image-preview:large, max-video-preview:-1\" \/>\n<link rel=\"canonical\" href=\"https:\/\/www.electroluxprofessional.com\/se\/storkok\/saladette-kylbank\/\" \/>\n<meta property=\"og:locale\" content=\"sv_SE\" \/>\n<meta property=\"og:type\" content=\"article\" \/>\n<meta property=\"og:title\" content=\"Saladette kylb\u00e4nkar - Electrolux Professional\" \/>\n<meta property=\"og:description\" content=\"Electrolux Professionals utbud av Saladette kylb\u00e4nkar kombinerar bekv\u00e4mligheten med en arbetsb\u00e4nk som har kylf\u00f6rvaring undertill.\" \/>\n<meta property=\"og:url\" content=\"https:\/\/www.electroluxprofessional.com\/se\/storkok\/saladette-kylbank\/\" \/>\n<meta property=\"og:site_name\" content=\"Electrolux Professional Sverige\" \/>\n<meta property=\"article:modified_time\" content=\"2025-11-03T14:58:04+00:00\" \/>\n<meta property=\"og:image\" content=\"https:\/\/www.electroluxprofessional.com\/se\/wp-content\/uploads\/2016\/11\/banner-17.jpg\" \/>\n\t<meta property=\"og:image:width\" content=\"2000\" \/>\n\t<meta property=\"og:image:height\" content=\"1333\" \/>\n\t<meta property=\"og:image:type\" content=\"image\/jpeg\" \/>\n<meta name=\"twitter:card\" content=\"summary_large_image\" \/>\n<meta name=\"twitter:label1\" content=\"Ber\u00e4knad l\u00e4stid\" \/>\n\t<meta name=\"twitter:data1\" content=\"2 minuter\" \/>\n<script type=\"application\/ld+json\" class=\"yoast-schema-graph\">{\"@context\":\"https:\/\/schema.org\",\"@graph\":[{\"@type\":\"WebPage\",\"@id\":\"https:\/\/www.electroluxprofessional.com\/se\/storkok\/saladette-kylbank\/\",\"url\":\"https:\/\/www.electroluxprofessional.com\/se\/storkok\/saladette-kylbank\/\",\"name\":\"Saladette kylb\u00e4nkar - Electrolux Professional\",\"isPartOf\":{\"@id\":\"https:\/\/www.electroluxprofessional.com\/se\/#website\"},\"primaryImageOfPage\":{\"@id\":\"https:\/\/www.electroluxprofessional.com\/se\/storkok\/saladette-kylbank\/#primaryimage\"},\"image\":{\"@id\":\"https:\/\/www.electroluxprofessional.com\/se\/storkok\/saladette-kylbank\/#primaryimage\"},\"thumbnailUrl\":\"https:\/\/www.electroluxprofessional.com\/se\/wp-content\/uploads\/2016\/11\/banner-17.jpg\",\"datePublished\":\"2016-11-28T08:47:02+00:00\",\"dateModified\":\"2025-11-03T14:58:04+00:00\",\"description\":\"Electrolux Professionals utbud av Saladette kylb\u00e4nkar kombinerar bekv\u00e4mligheten med en arbetsb\u00e4nk som har kylf\u00f6rvaring undertill.\",\"breadcrumb\":{\"@id\":\"https:\/\/www.electroluxprofessional.com\/se\/storkok\/saladette-kylbank\/#breadcrumb\"},\"inLanguage\":\"sv-SE\",\"potentialAction\":[{\"@type\":\"ReadAction\",\"target\":[\"https:\/\/www.electroluxprofessional.com\/se\/storkok\/saladette-kylbank\/\"]}]},{\"@type\":\"ImageObject\",\"inLanguage\":\"sv-SE\",\"@id\":\"https:\/\/www.electroluxprofessional.com\/se\/storkok\/saladette-kylbank\/#primaryimage\",\"url\":\"https:\/\/www.electroluxprofessional.com\/se\/wp-content\/uploads\/2016\/11\/banner-17.jpg\",\"contentUrl\":\"https:\/\/www.electroluxprofessional.com\/se\/wp-content\/uploads\/2016\/11\/banner-17.jpg\",\"width\":2000,\"height\":1333,\"caption\":\"saladette\"},{\"@type\":\"BreadcrumbList\",\"@id\":\"https:\/\/www.electroluxprofessional.com\/se\/storkok\/saladette-kylbank\/#breadcrumb\",\"itemListElement\":[{\"@type\":\"ListItem\",\"position\":1,\"name\":\"Home\",\"item\":\"https:\/\/www.electroluxprofessional.com\/se\/\"},{\"@type\":\"ListItem\",\"position\":2,\"name\":\"Stork\u00f6k\",\"item\":\"https:\/\/www.electroluxprofessional.com\/se\/storkok\/\"},{\"@type\":\"ListItem\",\"position\":3,\"name\":\"Saladette kylb\u00e4nkar\"}]},{\"@type\":\"WebSite\",\"@id\":\"https:\/\/www.electroluxprofessional.com\/se\/#website\",\"url\":\"https:\/\/www.electroluxprofessional.com\/se\/\",\"name\":\"Electrolux Professional Sverige\",\"description\":\"\",\"potentialAction\":[{\"@type\":\"SearchAction\",\"target\":{\"@type\":\"EntryPoint\",\"urlTemplate\":\"https:\/\/www.electroluxprofessional.com\/se\/?src={search_term_string}\"},\"query-input\":\"required name=search_term_string\"}],\"inLanguage\":\"sv-SE\"}]}<\/script>\n<!-- \/ Yoast SEO plugin. -->","yoast_head_json":{"title":"Saladette kylb\u00e4nkar - Electrolux Professional","description":"Electrolux Professionals utbud av Saladette kylb\u00e4nkar kombinerar bekv\u00e4mligheten med en arbetsb\u00e4nk som har kylf\u00f6rvaring undertill.","robots":{"index":"index","follow":"follow","max-snippet":"max-snippet:-1","max-image-preview":"max-image-preview:large","max-video-preview":"max-video-preview:-1"},"canonical":"https:\/\/www.electroluxprofessional.com\/se\/storkok\/saladette-kylbank\/","og_locale":"sv_SE","og_type":"article","og_title":"Saladette kylb\u00e4nkar - Electrolux Professional","og_description":"Electrolux Professionals utbud av Saladette kylb\u00e4nkar kombinerar bekv\u00e4mligheten med en arbetsb\u00e4nk som har kylf\u00f6rvaring undertill.","og_url":"https:\/\/www.electroluxprofessional.com\/se\/storkok\/saladette-kylbank\/","og_site_name":"Electrolux Professional Sverige","article_modified_time":"2025-11-03T14:58:04+00:00","og_image":[{"width":2000,"height":1333,"url":"https:\/\/www.electroluxprofessional.com\/se\/wp-content\/uploads\/2016\/11\/banner-17.jpg","type":"image\/jpeg"}],"twitter_card":"summary_large_image","twitter_misc":{"Ber\u00e4knad l\u00e4stid":"2 minuter"},"schema":{"@context":"https:\/\/schema.org","@graph":[{"@type":"WebPage","@id":"https:\/\/www.electroluxprofessional.com\/se\/storkok\/saladette-kylbank\/","url":"https:\/\/www.electroluxprofessional.com\/se\/storkok\/saladette-kylbank\/","name":"Saladette kylb\u00e4nkar - Electrolux Professional","isPartOf":{"@id":"https:\/\/www.electroluxprofessional.com\/se\/#website"},"primaryImageOfPage":{"@id":"https:\/\/www.electroluxprofessional.com\/se\/storkok\/saladette-kylbank\/#primaryimage"},"image":{"@id":"https:\/\/www.electroluxprofessional.com\/se\/storkok\/saladette-kylbank\/#primaryimage"},"thumbnailUrl":"https:\/\/www.electroluxprofessional.com\/se\/wp-content\/uploads\/2016\/11\/banner-17.jpg","datePublished":"2016-11-28T08:47:02+00:00","dateModified":"2025-11-03T14:58:04+00:00","description":"Electrolux Professionals utbud av Saladette kylb\u00e4nkar kombinerar bekv\u00e4mligheten med en arbetsb\u00e4nk som har kylf\u00f6rvaring undertill.","breadcrumb":{"@id":"https:\/\/www.electroluxprofessional.com\/se\/storkok\/saladette-kylbank\/#breadcrumb"},"inLanguage":"sv-SE","potentialAction":[{"@type":"ReadAction","target":["https:\/\/www.electroluxprofessional.com\/se\/storkok\/saladette-kylbank\/"]}]},{"@type":"ImageObject","inLanguage":"sv-SE","@id":"https:\/\/www.electroluxprofessional.com\/se\/storkok\/saladette-kylbank\/#primaryimage","url":"https:\/\/www.electroluxprofessional.com\/se\/wp-content\/uploads\/2016\/11\/banner-17.jpg","contentUrl":"https:\/\/www.electroluxprofessional.com\/se\/wp-content\/uploads\/2016\/11\/banner-17.jpg","width":2000,"height":1333,"caption":"saladette"},{"@type":"BreadcrumbList","@id":"https:\/\/www.electroluxprofessional.com\/se\/storkok\/saladette-kylbank\/#breadcrumb","itemListElement":[{"@type":"ListItem","position":1,"name":"Home","item":"https:\/\/www.electroluxprofessional.com\/se\/"},{"@type":"ListItem","position":2,"name":"Stork\u00f6k","item":"https:\/\/www.electroluxprofessional.com\/se\/storkok\/"},{"@type":"ListItem","position":3,"name":"Saladette kylb\u00e4nkar"}]},{"@type":"WebSite","@id":"https:\/\/www.electroluxprofessional.com\/se\/#website","url":"https:\/\/www.electroluxprofessional.com\/se\/","name":"Electrolux Professional Sverige","description":"","potentialAction":[{"@type":"SearchAction","target":{"@type":"EntryPoint","urlTemplate":"https:\/\/www.electroluxprofessional.com\/se\/?src={search_term_string}"},"query-input":"required name=search_term_string"}],"inLanguage":"sv-SE"}]}},"_links":{"self":[{"href":"https:\/\/www.electroluxprofessional.com\/se\/wp-json\/wp\/v2\/pages\/10073"}],"collection":[{"href":"https:\/\/www.electroluxprofessional.com\/se\/wp-json\/wp\/v2\/pages"}],"about":[{"href":"https:\/\/www.electroluxprofessional.com\/se\/wp-json\/wp\/v2\/types\/page"}],"author":[{"embeddable":true,"href":"https:\/\/www.electroluxprofessional.com\/se\/wp-json\/wp\/v2\/users\/242"}],"replies":[{"embeddable":true,"href":"https:\/\/www.electroluxprofessional.com\/se\/wp-json\/wp\/v2\/comments?post=10073"}],"version-history":[{"count":11,"href":"https:\/\/www.electroluxprofessional.com\/se\/wp-json\/wp\/v2\/pages\/10073\/revisions"}],"predecessor-version":[{"id":54461,"href":"https:\/\/www.electroluxprofessional.com\/se\/wp-json\/wp\/v2\/pages\/10073\/revisions\/54461"}],"up":[{"embeddable":true,"href":"https:\/\/www.electroluxprofessional.com\/se\/wp-json\/wp\/v2\/pages\/51186"}],"wp:featuredmedia":[{"embeddable":true,"href":"https:\/\/www.electroluxprofessional.com\/se\/wp-json\/wp\/v2\/media\/2071"}],"wp:attachment":[{"href":"https:\/\/www.electroluxprofessional.com\/se\/wp-json\/wp\/v2\/media?parent=10073"}],"curies":[{"name":"wp","href":"https:\/\/api.w.org\/{rel}","templated":true}]}}