{"id":9642,"date":"2024-01-23T12:44:29","date_gmt":"2024-01-23T12:44:29","guid":{"rendered":"https:\/\/www.electroluxprofessional.com\/pl\/?page_id=9642"},"modified":"2026-03-11T11:26:23","modified_gmt":"2026-03-11T11:26:23","slug":"rozwiazania-z-linii-6000-2","status":"publish","type":"page","link":"https:\/\/www.electroluxprofessional.com\/pl\/pralnictwo\/rozwiazania-z-linii-6000-2\/","title":{"rendered":"Rozwi\u0105zania dla profesjonalnej pralni"},"content":{"rendered":"<p>[vc_row full_width=&#8221;electroluxpro-full-width-no-padding&#8221;][vc_column][elx_image_block background_image=&#8221;9628&#8243; minimum_height=&#8221;400px&#8221;][vc_empty_space][\/vc_column][\/vc_row][vc_row][vc_column][elx_heading font_container=&#8221;h1&#8243; text_color=&#8221;inherit&#8221;]Energooszcz\u0119dne rozwi\u0105zania dla twojej Profesjonalnej Pralni[\/elx_heading][vc_empty_space][vc_column_text]Obni\u017c koszty zwi\u0105zane z dzia\u0142alno\u015bci\u0105 twojej profesjonalnej pralni, przy jednoczesnym zachowaniu doskona\u0142ej wydajno\u015bci.<\/p>\n<p>Zestaw <b>komercyjne pralnico-wir\u00f3wki wysokoobrotowe<\/b> z now\u0105 generacj\u0105 <b>suszarek z pomp\u0105 ciep\u0142a,<\/b> by skompensowa\u0107 wp\u0142yw rosn\u0105cych koszt\u00f3w energii i pozosta\u0107 konkurencyjnym na rynku. Wyposa\u017c swoj\u0105 pralni\u0119 w nasze magle dla idealnych wynik\u00f3w![\/vc_column_text][vc_empty_space][elx_button button_text=&#8221;PRZEJD\u0179 DO PRODUKT\u00d3W&#8221; button_style=&#8221;secondary&#8221; button_link=&#8221;url:%23products|title:PRZEJD%C5%B9%20DO%20PRODUKT%C3%93W&#8221;][vc_empty_space][\/vc_column][\/vc_row][vc_row full_width=&#8221;electroluxpro-full-width-no-padding&#8221;][vc_column][elx_features_download title=&#8221;&#8221; title_position=&#8221;top&#8221; bg_row=&#8221;bg-row-sustainability-green&#8221; values=&#8221;%5B%7B%22select_type%22%3A%22link%22%7D%5D&#8221; discover=&#8221;%5B%7B%7D%5D&#8221; features=&#8221;%5B%7B%22icon_electroluxpro%22%3A%22elx-icon%20icon-70-energy-savings-white%22%2C%22title_icon%22%3A%22Oszcz%C4%99dno%C5%9B%C4%87%20energii%22%2C%22text_icon%22%3A%22Inteligentna%20inwestycja%20zapewniaj%C4%85ca%20wymierne%20zyski%20-%20zaoszcz%C4%99d%C5%BA%20ponad%2070%25%20koszt%C3%B3w%20prowadzenia%20profesjonalnej%20pralni%20dzi%C4%99ki%20po%C5%82%C4%85czeniu%20wysokoobrotowej%20pralnico-wir%C3%B3wki%20z%20Linii%206000%20oraz%20suszarki%20z%20pomp%C4%85%20ciep%C5%82a.%5Cn%3Cbr%3E%5Cn%3Cbr%3E%5Cn%3Csup%3E*je%C5%9Bli%20por%C3%B3wnamy%20zwyk%C5%82%C4%85%20obrotow%C4%85%20pralnico-wir%C3%B3wk%C4%99%20i%20suszark%C4%99%20wentylacyjn%C4%85%20(WN6-14%20oraz%20TD6-14)%20z%20WH6-14%20oraz%20TD6-14HP.%3C%2Fsup%3E%5Cn%22%7D%5D&#8221;][\/elx_features_download][elx_features_download title=&#8221;Kszta\u0142towanie zr\u00f3wnowa\u017conego rozwoju pralni&#8221; class_title=&#8221;h2&#8243; title_download=&#8221;Pobierz&#8221; title_discover=&#8221;Odkryj&#8221; bg_discover_color=&#8221;bg-download-white&#8221; link_discover_color=&#8221;download-text-blue&#8221; title_position=&#8221;top&#8221; bg_row=&#8221;bg-row-light-blue&#8221; values=&#8221;%5B%7B%22select_type%22%3A%22link%22%2C%22link_download%22%3A%22url%3Ahttps%253A%252F%252Fwww.electroluxprofessional.com%252Fwp-content%252Fuploads%252F2022%252F04%252FElectrolux-Professional-Sustainability_ENG.pdf%7Ctitle%3ABroszura%2520na%2520temat%2520zr%25C3%25B3wnowa%25C5%25BConego%2520rozwoju%7Ctarget%3A_blank%22%7D%2C%7B%22select_type%22%3A%22link%22%2C%22link_download%22%3A%22url%3Ahttps%253A%252F%252Ftools.electroluxprofessional.com%252FMirror%252FDoc%252FELS%252FBRO%252FEPR_Line%2525206000%252520Washers%252520%2526%252520Dryers%252520brochure-01072025_EN.pdf%7Ctitle%3APralki%2520i%2520suszarki%2520linii%25206000%22%2C%22label_pride_document%22%3A%22Pralnico-wir%C3%B3wki%20i%20suszarki%20z%20Linii%206000%22%2C%22document_type%22%3A%22brochures%22%2C%22br_document_number%22%3A%22A0109%22%7D%2C%7B%22select_type%22%3A%22pride%22%2C%22link_download%22%3A%22url%3Ahttps%253A%252F%252Fwww.electroluxprofessional.com%252Fwp-content%252Fuploads%252F2023%252F09%252FEPR_Leaflet-Detergents_Ecolabel_ENG_05102021_LR.pdf%7Ctitle%3AEcolabel%2520Detergents%22%2C%22label_pride_document%22%3A%22Detergenty%20z%20etykiet%C4%85%20Ecolabel%22%2C%22document_type%22%3A%22brochures%22%2C%22br_document_number%22%3A%22A0123%22%7D%5D&#8221; discover=&#8221;%5B%7B%22link_discover%22%3A%22url%3Ahttps%253A%252F%252Fwww.electroluxprofessional.com%252Fpl%252Fzapewnienie-rentownosci-dzieki-efektywnym-pralniom-wewnetrznym%252F%7Ctitle%3APralnico-wir%25C3%25B3wka%2520wysokoobrotowa%2520i%2520suszarka%2520z%2520pomp%25C4%2585%2520ciep%25C5%2582a%253A%2520idealne%2520po%25C5%2582%25C4%2585czenie%7Ctarget%3A_blank%22%7D%2C%7B%22link_discover%22%3A%22url%3Ahttps%253A%252F%252Fwww.electroluxprofessional.com%252Fpl%252Fjak-suszarki-z-pompa-ciepla-moga-pomoc-w-walce-z-kryzysem-energetycznym%252F%7Ctitle%3AZaoszcz%25C4%2599d%25C5%25BA%252065%2525%2520koszt%25C3%25B3w%2520energii%2520elektrycznej%2520dzi%25C4%2599ki%2520naszej%2520suszarce%2520z%2520pomp%25C4%2585%2520ciep%25C5%2582a%7Ctarget%3A_blank%22%7D%2C%7B%22link_discover%22%3A%22url%3Ahttps%253A%252F%252Fwww.electroluxprofessional.com%252Fpl%252Fessentia-obsluga-klienta%252F%7Ctitle%3AEssentia%253A%2520Serce%2520obs%25C5%2582ugi%2520klienta%7Ctarget%3A_blank%22%7D%5D&#8221; features=&#8221;%5B%7B%22icon_electroluxpro%22%3A%22elx-icon%20icon-circle-savings-green-blue%22%2C%22title_icon%22%3A%22Ni%C5%BCsze%20zu%C5%BCycie%20%C5%9Brodk%C3%B3w%20chemicznych%20i%20detergent%C3%B3w%22%2C%22tag_icon_title%22%3A%22h4%22%2C%22text_icon%22%3A%22Ni%C5%BCsze%20koszty%20cyklu%20%C5%BCycia%20urz%C4%85dze%C5%84%20dzi%C4%99ki%20funkcjom%20inteligentnego%20dozowania%22%7D%2C%7B%22icon_electroluxpro%22%3A%22elx-icon%20icon-circle-graphic-blue%22%2C%22title_icon%22%3A%22Maksymalne%20odwadnianie%22%2C%22tag_icon_title%22%3A%22h4%22%2C%22text_icon%22%3A%22Wysoka%20pr%C4%99dko%C5%9B%C4%87%20wirowania%20dla%20optymalizacji%20zu%C5%BCycia%20wody%22%7D%2C%7B%22icon_electroluxpro%22%3A%22elx-icon%20icon-circle-laundry-productivity-blue%22%2C%22title_icon%22%3A%22Zachowaj%20wysok%C4%85%20wydajno%C5%9B%C4%87%2C%20zu%C5%BCywaj%C4%85c%20o%2065%25%20mniej%20energii%22%2C%22tag_icon_title%22%3A%22h4%22%2C%22text_icon%22%3A%22Szybsze%20cykle%20suszenia%20dzi%C4%99ki%20nowej%20technologii%20pompy%20ciep%C5%82a%5Cn%22%7D%5D&#8221;][\/elx_features_download][vc_empty_space][\/vc_column][\/vc_row][vc_row][vc_column][elx_text_image style_image=&#8221;image_square&#8221; bg_row=&#8221;bg-download-white&#8221; title=&#8221;Ni\u017csze zu\u017cycie \u015brodk\u00f3w chemicznych i detergent\u00f3w&#8221; lists=&#8221;%5B%7B%7D%5D&#8221; values=&#8221;%5B%7B%7D%5D&#8221; single_image=&#8221;9631&#8243;]Detergenty, \u015brodki chemiczne i media to nawet 90% koszt\u00f3w cyklu \u017cycia komercyjnej pralnico-wir\u00f3wki.<\/p>\n<p>Wyeliminuj nadmierne dozowanie detergent\u00f3w i zmniejsz koszty eksploatacji dzi\u0119ki inteligentnym funkcjom, dost\u0119pnym w modelach ze sterownikiem\u00a0 Clarus Vibe. Automatycznie dostosuj ilo\u015b\u0107 detergentu na podstawie wagi wsadu, korzystaj\u0105c z <b>Inteligentnego Dozowania<\/b>, podczas gdy funkcja <b>Zintegrowanych Oszcz\u0119dno\u015bci<\/b> dostarczy danych w czasie rzeczywistym. Dzi\u0119ki temu, urz\u0105dzenie nie b\u0119dzie nigdy nadmiernie lub niewystarczaj\u0105co za\u0142adowane.[\/elx_text_image][\/vc_column][\/vc_row][vc_row][vc_column][elx_text_image number_images=&#8221;n&#8221; style_image=&#8221;image_square&#8221; image_position=&#8221;image_left&#8221; bg_row=&#8221;bg-download-white&#8221; title=&#8221;Maksymalne odwadnianie&#8221; lists=&#8221;%5B%7B%7D%5D&#8221; values=&#8221;%5B%7B%7D%5D&#8221; multi_images=&#8221;9632&#8243;]Maksymalne usuwanie wody w fazie prania, by ograniczy\u0107 do minimum zawarto\u015b\u0107 wilgoci w tkaninie i skr\u00f3ci\u0107 czas jej suszenia.<\/p>\n<p>Funkcja <b>Automatycznych Oszcz\u0119dno\u015bci<\/b> wa\u017cy pranie i automatycznie dostosowuje pob\u00f3r wody, adekwatny do faktycznej wielko\u015bci wsadu. Wysoka pr\u0119dko\u015b\u0107 wirowania 450G oznacza zu\u017cycie zaledwie 6 l wody na kg prania, podczas gdy funkcja <b>Power Balance<\/b> zapewnia mo\u017cliwie najni\u017csze zatrzymywanie wody przed faz\u0105 suszenia.[\/elx_text_image][vc_empty_space][\/vc_column][\/vc_row][vc_row][vc_column][elx_text_image number_images=&#8221;n&#8221; style_image=&#8221;image_square&#8221; bg_row=&#8221;bg-download-white&#8221; title=&#8221;Utrzymaj wydajno\u015b\u0107 suszenia, zu\u017cywaj\u0105c o 65% mniej energii&#8221; lists=&#8221;%5B%7B%7D%5D&#8221; values=&#8221;%5B%7B%7D%5D&#8221; multi_images=&#8221;9633&#8243;]Osi\u0105gaj czasy cykl\u00f3w suszenia por\u00f3wnywalne do b\u0119bnowych komercyjnych suszarek wentylacyjnych, zu\u017cywaj\u0105c zaledwie u\u0142amek energii.<\/p>\n<p>Nowa technologia inspirowana post\u0119pami w domowych uk\u0142adach klimatyzacji umo\u017cliwia 35-minutowe cykle suszenia &#8211; to dwukrotnie szybciej ni\u017c tradycyjna suszarka z pomp\u0105 ciep\u0142a. Wszystko to dla zwi\u0119kszonej wydajno\u015bci, cichej pracy i szybkiego zwrotu z inwestycji.[\/elx_text_image][vc_empty_space][\/vc_column][\/vc_row][vc_row disable_element=&#8221;yes&#8221; css=&#8221;.vc_custom_1699948553798{background-color: #e9eff5 !important;}&#8221;][vc_column][elx_multiple_columns number_columns=&#8221;4&#8243; title=&#8221;Industry solutions&#8221; values=&#8221;%5B%7B%22image_section%22%3A%229639%22%2C%22title_section%22%3A%22Laundromats%22%2C%22text_section%22%3A%22Generate%20more%20revenue%20by%20reducing%20cycle%20times%20to%5Cnmaximize%20customer%20throughput.%20%5Cn%22%2C%22link_section%22%3A%22url%3Ahttps%253A%252F%252Fwww.electroluxprofessional.com%252Fyour-business%252Fself-service-laundries%252Flaundromats%252F%7Ctitle%3ADiscover%22%7D%2C%7B%22image_section%22%3A%229640%22%2C%22title_section%22%3A%22Hotels%22%2C%22text_section%22%3A%22Offset%20rising%20energy%20costs%20by%20reducing%20utility%5Cnconsumption%20and%20optimizing%20machine%20utilization.%20%22%2C%22link_section%22%3A%22url%3Ahttps%253A%252F%252Fwww.electroluxprofessional.com%252Fyour-business%252Fhotels%252F%7Ctitle%3ADiscover%22%7D%2C%7B%22image_section%22%3A%229641%22%2C%22title_section%22%3A%22Multi-housing%20laundries%22%2C%22text_section%22%3A%22Minimize%20noise%20disruption%20through%20quiet%20heat%20pump%5Cnoperation%20while%20offering%20affordable%20cost-per-cycle.%22%2C%22link_section%22%3A%22url%3Ahttps%253A%252F%252Fwww.electroluxprofessional.com%252Fyour-business%252Fself-service-laundries%252Fmulti-housing-laundry%252F%7Ctitle%3ADiscover%22%7D%5D&#8221;][\/elx_multiple_columns][\/vc_column][\/vc_row][vc_row css=&#8221;.vc_custom_1697797242921{background-color: rgba(136,184,204,0.8) !important;*background-color: rgb(136,184,204) !important;}&#8221;][vc_column][elx_heading text_color=&#8221;inherit&#8221;]Gdzie mo\u017cna znale\u017a\u0107 nasze rozwi\u0105zania[\/elx_heading][vc_empty_space][\/vc_column][\/vc_row][vc_row css=&#8221;.vc_custom_1697795488697{background-color: rgba(136,184,204,0.8) !important;*background-color: rgb(136,184,204) !important;}&#8221;][vc_column width=&#8221;1\/3&#8243;][elx_simple_link_block link=&#8221;url:https%3A%2F%2Fwww.electroluxprofessional.com%2Fpl%2Ftwoj-biznes%2Fpralnie-samoobslugowe%2Fpralniomaty%2F|title:Pralniomaty|target:_blank&#8221; text_align=&#8221;text-left&#8221; text_color=&#8221;inherit&#8221; background_color=&#8221;inherit&#8221; background_hover_color=&#8221;darker-hover&#8221; extra_class=&#8221;&#8221; reveal_effect=&#8221;&#8221; reveal_duration=&#8221;&#8221; reveal_delay=&#8221;&#8221;][vc_single_image image=&#8221;9629&#8243; img_size=&#8221;350&#215;350&#8243;][elx_heading text_color=&#8221;inherit&#8221;]Pralniomaty[\/elx_heading][vc_column_text]Uzyskaj wy\u017cszy przych\u00f3d skracaj\u0105c czas trwania cyklu, by obs\u0142u\u017cy\u0107 jak najwi\u0119cej klient\u00f3w.[\/vc_column_text][\/elx_simple_link_block][\/vc_column][vc_column width=&#8221;1\/3&#8243;][elx_simple_link_block link=&#8221;url:https%3A%2F%2Fwww.electroluxprofessional.com%2Fpl%2Ftwoj-biznes%2Fhotele%2F|title:Hotele|target:_blank&#8221; text_align=&#8221;text-left&#8221; text_color=&#8221;inherit&#8221; background_color=&#8221;inherit&#8221; background_hover_color=&#8221;darker-hover&#8221; extra_class=&#8221;&#8221; reveal_effect=&#8221;&#8221; reveal_duration=&#8221;&#8221; reveal_delay=&#8221;&#8221;][vc_single_image image=&#8221;9601&#8243; img_size=&#8221;350&#215;350&#8243;][elx_heading text_color=&#8221;inherit&#8221;]Hotele[\/elx_heading][vc_column_text]Kompensuj rosn\u0105ce koszty energii, ograniczaj\u0105c zu\u017cycie medi\u00f3w i optymalizuj\u0105c wykorzystanie urz\u0105dze\u0144.[\/vc_column_text][\/elx_simple_link_block][\/vc_column][vc_column width=&#8221;1\/3&#8243;][elx_simple_link_block link=&#8221;url:https%3A%2F%2Fwww.electroluxprofessional.com%2Fpl%2Ftwoj-biznes%2Fmaly-biznes%2Fhotele-pensjonaty-restauracje%2F|title:Hotele%2C%20pensjonaty%20i%20restauracje|target:_blank&#8221; text_align=&#8221;text-left&#8221; text_color=&#8221;inherit&#8221; background_color=&#8221;inherit&#8221; background_hover_color=&#8221;darker-hover&#8221; extra_class=&#8221;&#8221; reveal_effect=&#8221;&#8221; reveal_duration=&#8221;&#8221; reveal_delay=&#8221;&#8221;][vc_single_image image=&#8221;9630&#8243; img_size=&#8221;350&#215;350&#8243;][elx_heading text_color=&#8221;inherit&#8221;]Pralnie w apartamentowcach[\/elx_heading][vc_column_text]Ogranicz ha\u0142as do minimum dzi\u0119ki cichej pracy pompy ciep\u0142a, przy jednoczesnym zapewnieniu przyst\u0119pnych koszt\u00f3w w przeliczeniu na cykl.[\/vc_column_text][\/elx_simple_link_block][\/vc_column][\/vc_row][vc_row el_id=&#8221;products&#8221;][vc_column][vc_empty_space][elx_heading text_color=&#8221;inherit&#8221; text_align=&#8221;text-center&#8221;]Dowiedz si\u0119 wi\u0119cej o wszystkich pozosta\u0142ych produktach z Linii 6000[\/elx_heading][vc_empty_space][elx_product_showcase number_columns=&#8221;3&#8243; order_col1=&#8221;1&#8243; image_col1=&#8221;9634&#8243; order_col2=&#8221;2&#8243; image_col2=&#8221;9636&#8243; order_col3=&#8221;3&#8243; image_col3=&#8221;9638&#8243; order_col4=&#8221;4&#8243; bg_row=&#8221;bg-download-white&#8221; title_col1=&#8221;Pralnico-wir\u00f3wki komercyjne&#8221; title_col2=&#8221;Pralnico-wir\u00f3wki z barier\u0105 higieny&#8221; title_col3=&#8221;Suszarki b\u0119bnowe&#8221; link_col1=&#8221;url:https%3A%2F%2Fwww.electroluxprofessional.com%2Fpl%2Fpralnictwo%2Fkomercyjne-pralnico-wirowki-z-linii-6000%2F|title:Pralki%20komercyjne%20linii%206000&#8243; link_col2=&#8221;url:https%3A%2F%2Fwww.electroluxprofessional.com%2Fpl%2Fpralnictwo%2Fkomercyjne-pralnico-wirowki-z-linii-6000%2F|title:Pralnico-wir%C3%B3wki%20z%20barier%C4%85%20higieny&#8221; link_col3=&#8221;url:https%3A%2F%2Fwww.electroluxprofessional.com%2Fpl%2Fpralnictwo%2Fsuszarki-bebnowe-z-linii-6000%2F|title:Suszarki%20b%C4%99bnowe&#8221;][vc_empty_space][elx_product_showcase number_columns=&#8221;2&#8243; order_col1=&#8221;1&#8243; image_col1=&#8221;9635&#8243; order_col2=&#8221;2&#8243; image_col2=&#8221;9637&#8243; order_col3=&#8221;3&#8243; order_col4=&#8221;4&#8243; bg_row=&#8221;bg-download-white&#8221; title_col1=&#8221;Szafy susz\u0105ce&#8221; title_col2=&#8221;Magle&#8221; link_col1=&#8221;url:https%3A%2F%2Fwww.electroluxprofessional.com%2Fpl%2Fpralnictwo%2Fszafy-suszace-z-linii-6000%2F|title:Szafy%20susz%C4%85ce&#8221; link_col2=&#8221;url:https%3A%2F%2Fwww.electroluxprofessional.com%2Fpl%2Fpralnictwo%2Fmagle-pasowe-z-linii-6000-o-wysokiej-wydajnosci%2F|title:Magle%20pasowe%20&#8243;][\/vc_column][\/vc_row][vc_row full_width=&#8221;electroluxpro-full-width-no-padding&#8221;][vc_column][elx_features_download title=&#8221;Essentia: Serce obs\u0142ugi klienta&#8221; title_download=&#8221;&#8221; bg_row=&#8221;bg-row-light-blue&#8221; values=&#8221;%5B%7B%22select_type%22%3A%22link%22%2C%22link_download%22%3A%22url%3Ahttps%253A%252F%252Fwww.electroluxprofessional.com%252Fwp-content%252Fuploads%252F2022%252F01%252FCLF_CLF-9JE00193_1_5_1_5_EPR_Essentia_Service-agreements_2020_ENG_LR.pdf%7Ctitle%3AOdkryj%2520Essentia%7Ctarget%3A_blank%22%7D%5D&#8221; discover=&#8221;%5B%7B%7D%5D&#8221; features=&#8221;%5B%7B%7D%5D&#8221;]Zapewni ci wsparcie, kt\u00f3rego potrzebujesz oraz zajmie si\u0119 twoimi procesami pralniczymi dzi\u0119ki niezawodnej sieci serwisowej, oferuj\u0105cej skrojone na miar\u0119 ekskluzywne us\u0142ugi i innowacyjn\u0105 technologi\u0119.[\/elx_features_download][\/vc_column][\/vc_row]<\/p>\n","protected":false},"excerpt":{"rendered":"<p>[vc_row full_width=&#8221;electroluxpro-full-width-no-padding&#8221;][vc_column][elx_image_block background_image=&#8221;9628&#8243; minimum_height=&#8221;400px&#8221;][vc_empty_space][\/vc_column][\/vc_row][vc_row][vc_column][elx_heading font_container=&#8221;h1&#8243; text_color=&#8221;inherit&#8221;]Energooszcz\u0119dne rozwi\u0105zania dla twojej Profesjonalnej Pralni[\/elx_heading][vc_empty_space][vc_column_text]Obni\u017c koszty zwi\u0105zane z dzia\u0142alno\u015bci\u0105 twojej profesjonalnej pralni, przy jednoczesnym zachowaniu doskona\u0142ej wydajno\u015bci. Zestaw komercyjne pralnico-wir\u00f3wki wysokoobrotowe z now\u0105 generacj\u0105 suszarek z pomp\u0105 ciep\u0142a, by skompensowa\u0107 wp\u0142yw rosn\u0105cych koszt\u00f3w energii i pozosta\u0107 konkurencyjnym na rynku. Wyposa\u017c swoj\u0105 pralni\u0119 w nasze magle dla idealnych wynik\u00f3w![\/vc_column_text][vc_empty_space][elx_button button_text=&#8221;PRZEJD\u0179 [&hellip;]<\/p>\n","protected":false},"author":79,"featured_media":0,"parent":1187,"menu_order":0,"comment_status":"closed","ping_status":"closed","template":"","meta":{"footnotes":""},"class_list":["post-9642","page","type-page","status-publish","hentry"],"acf":[],"yoast_head":"<!-- This site is optimized with the Yoast SEO plugin v23.3 - https:\/\/yoast.com\/wordpress\/plugins\/seo\/ -->\n<title>Rozwi\u0105zania dla profesjonalnej pralni - Electrolux Professional Polska<\/title>\n<meta name=\"description\" content=\"Obni\u017c koszty zwi\u0105zane z dzia\u0142alno\u015bci\u0105 twojej profesjonalnej pralni, przy jednoczesnym zachowaniu doskona\u0142ej wydajno\u015bci.\" \/>\n<meta name=\"robots\" content=\"index, follow, max-snippet:-1, max-image-preview:large, max-video-preview:-1\" \/>\n<link rel=\"canonical\" href=\"https:\/\/www.electroluxprofessional.com\/pl\/pralnictwo\/rozwiazania-z-linii-6000-2\/\" \/>\n<meta property=\"og:locale\" content=\"pl_PL\" \/>\n<meta property=\"og:type\" content=\"article\" \/>\n<meta property=\"og:title\" content=\"Rozwi\u0105zania dla profesjonalnej pralni - Electrolux Professional Polska\" \/>\n<meta property=\"og:description\" content=\"Obni\u017c koszty zwi\u0105zane z dzia\u0142alno\u015bci\u0105 twojej profesjonalnej pralni, przy jednoczesnym zachowaniu doskona\u0142ej wydajno\u015bci.\" \/>\n<meta property=\"og:url\" content=\"https:\/\/www.electroluxprofessional.com\/pl\/pralnictwo\/rozwiazania-z-linii-6000-2\/\" \/>\n<meta property=\"og:site_name\" content=\"Electrolux Professional Polska\" \/>\n<meta property=\"article:modified_time\" content=\"2026-03-11T11:26:23+00:00\" \/>\n<meta name=\"twitter:card\" content=\"summary_large_image\" \/>\n<meta name=\"twitter:label1\" content=\"Szacowany czas czytania\" \/>\n\t<meta name=\"twitter:data1\" content=\"3 minuty\" \/>\n<script type=\"application\/ld+json\" class=\"yoast-schema-graph\">{\"@context\":\"https:\/\/schema.org\",\"@graph\":[{\"@type\":\"WebPage\",\"@id\":\"https:\/\/www.electroluxprofessional.com\/pl\/pralnictwo\/rozwiazania-z-linii-6000-2\/\",\"url\":\"https:\/\/www.electroluxprofessional.com\/pl\/pralnictwo\/rozwiazania-z-linii-6000-2\/\",\"name\":\"Rozwi\u0105zania dla profesjonalnej pralni - Electrolux Professional Polska\",\"isPartOf\":{\"@id\":\"https:\/\/www.electroluxprofessional.com\/pl\/#website\"},\"datePublished\":\"2024-01-23T12:44:29+00:00\",\"dateModified\":\"2026-03-11T11:26:23+00:00\",\"description\":\"Obni\u017c koszty zwi\u0105zane z dzia\u0142alno\u015bci\u0105 twojej profesjonalnej pralni, przy jednoczesnym zachowaniu doskona\u0142ej wydajno\u015bci.\",\"breadcrumb\":{\"@id\":\"https:\/\/www.electroluxprofessional.com\/pl\/pralnictwo\/rozwiazania-z-linii-6000-2\/#breadcrumb\"},\"inLanguage\":\"pl-PL\",\"potentialAction\":[{\"@type\":\"ReadAction\",\"target\":[\"https:\/\/www.electroluxprofessional.com\/pl\/pralnictwo\/rozwiazania-z-linii-6000-2\/\"]}]},{\"@type\":\"BreadcrumbList\",\"@id\":\"https:\/\/www.electroluxprofessional.com\/pl\/pralnictwo\/rozwiazania-z-linii-6000-2\/#breadcrumb\",\"itemListElement\":[{\"@type\":\"ListItem\",\"position\":1,\"name\":\"Strona g\u0142\u00f3wna\",\"item\":\"https:\/\/www.electroluxprofessional.com\/pl\/\"},{\"@type\":\"ListItem\",\"position\":2,\"name\":\"Pralnictwo\",\"item\":\"https:\/\/www.electroluxprofessional.com\/pl\/pralnictwo\/\"},{\"@type\":\"ListItem\",\"position\":3,\"name\":\"Rozwi\u0105zania dla profesjonalnej pralni\"}]},{\"@type\":\"WebSite\",\"@id\":\"https:\/\/www.electroluxprofessional.com\/pl\/#website\",\"url\":\"https:\/\/www.electroluxprofessional.com\/pl\/\",\"name\":\"Electrolux Professional Polska\",\"description\":\"\",\"potentialAction\":[{\"@type\":\"SearchAction\",\"target\":{\"@type\":\"EntryPoint\",\"urlTemplate\":\"https:\/\/www.electroluxprofessional.com\/pl\/?src={search_term_string}\"},\"query-input\":\"required name=search_term_string\"}],\"inLanguage\":\"pl-PL\"}]}<\/script>\n<!-- \/ Yoast SEO plugin. -->","yoast_head_json":{"title":"Rozwi\u0105zania dla profesjonalnej pralni - Electrolux Professional Polska","description":"Obni\u017c koszty zwi\u0105zane z dzia\u0142alno\u015bci\u0105 twojej profesjonalnej pralni, przy jednoczesnym zachowaniu doskona\u0142ej wydajno\u015bci.","robots":{"index":"index","follow":"follow","max-snippet":"max-snippet:-1","max-image-preview":"max-image-preview:large","max-video-preview":"max-video-preview:-1"},"canonical":"https:\/\/www.electroluxprofessional.com\/pl\/pralnictwo\/rozwiazania-z-linii-6000-2\/","og_locale":"pl_PL","og_type":"article","og_title":"Rozwi\u0105zania dla profesjonalnej pralni - Electrolux Professional Polska","og_description":"Obni\u017c koszty zwi\u0105zane z dzia\u0142alno\u015bci\u0105 twojej profesjonalnej pralni, przy jednoczesnym zachowaniu doskona\u0142ej wydajno\u015bci.","og_url":"https:\/\/www.electroluxprofessional.com\/pl\/pralnictwo\/rozwiazania-z-linii-6000-2\/","og_site_name":"Electrolux Professional Polska","article_modified_time":"2026-03-11T11:26:23+00:00","twitter_card":"summary_large_image","twitter_misc":{"Szacowany czas czytania":"3 minuty"},"schema":{"@context":"https:\/\/schema.org","@graph":[{"@type":"WebPage","@id":"https:\/\/www.electroluxprofessional.com\/pl\/pralnictwo\/rozwiazania-z-linii-6000-2\/","url":"https:\/\/www.electroluxprofessional.com\/pl\/pralnictwo\/rozwiazania-z-linii-6000-2\/","name":"Rozwi\u0105zania dla profesjonalnej pralni - Electrolux Professional Polska","isPartOf":{"@id":"https:\/\/www.electroluxprofessional.com\/pl\/#website"},"datePublished":"2024-01-23T12:44:29+00:00","dateModified":"2026-03-11T11:26:23+00:00","description":"Obni\u017c koszty zwi\u0105zane z dzia\u0142alno\u015bci\u0105 twojej profesjonalnej pralni, przy jednoczesnym zachowaniu doskona\u0142ej wydajno\u015bci.","breadcrumb":{"@id":"https:\/\/www.electroluxprofessional.com\/pl\/pralnictwo\/rozwiazania-z-linii-6000-2\/#breadcrumb"},"inLanguage":"pl-PL","potentialAction":[{"@type":"ReadAction","target":["https:\/\/www.electroluxprofessional.com\/pl\/pralnictwo\/rozwiazania-z-linii-6000-2\/"]}]},{"@type":"BreadcrumbList","@id":"https:\/\/www.electroluxprofessional.com\/pl\/pralnictwo\/rozwiazania-z-linii-6000-2\/#breadcrumb","itemListElement":[{"@type":"ListItem","position":1,"name":"Strona g\u0142\u00f3wna","item":"https:\/\/www.electroluxprofessional.com\/pl\/"},{"@type":"ListItem","position":2,"name":"Pralnictwo","item":"https:\/\/www.electroluxprofessional.com\/pl\/pralnictwo\/"},{"@type":"ListItem","position":3,"name":"Rozwi\u0105zania dla profesjonalnej pralni"}]},{"@type":"WebSite","@id":"https:\/\/www.electroluxprofessional.com\/pl\/#website","url":"https:\/\/www.electroluxprofessional.com\/pl\/","name":"Electrolux Professional Polska","description":"","potentialAction":[{"@type":"SearchAction","target":{"@type":"EntryPoint","urlTemplate":"https:\/\/www.electroluxprofessional.com\/pl\/?src={search_term_string}"},"query-input":"required name=search_term_string"}],"inLanguage":"pl-PL"}]}},"_links":{"self":[{"href":"https:\/\/www.electroluxprofessional.com\/pl\/wp-json\/wp\/v2\/pages\/9642"}],"collection":[{"href":"https:\/\/www.electroluxprofessional.com\/pl\/wp-json\/wp\/v2\/pages"}],"about":[{"href":"https:\/\/www.electroluxprofessional.com\/pl\/wp-json\/wp\/v2\/types\/page"}],"author":[{"embeddable":true,"href":"https:\/\/www.electroluxprofessional.com\/pl\/wp-json\/wp\/v2\/users\/79"}],"replies":[{"embeddable":true,"href":"https:\/\/www.electroluxprofessional.com\/pl\/wp-json\/wp\/v2\/comments?post=9642"}],"version-history":[{"count":13,"href":"https:\/\/www.electroluxprofessional.com\/pl\/wp-json\/wp\/v2\/pages\/9642\/revisions"}],"predecessor-version":[{"id":12678,"href":"https:\/\/www.electroluxprofessional.com\/pl\/wp-json\/wp\/v2\/pages\/9642\/revisions\/12678"}],"up":[{"embeddable":true,"href":"https:\/\/www.electroluxprofessional.com\/pl\/wp-json\/wp\/v2\/pages\/1187"}],"wp:attachment":[{"href":"https:\/\/www.electroluxprofessional.com\/pl\/wp-json\/wp\/v2\/media?parent=9642"}],"curies":[{"name":"wp","href":"https:\/\/api.w.org\/{rel}","templated":true}]}}