{"id":9449,"date":"2023-11-23T11:07:23","date_gmt":"2023-11-23T11:07:23","guid":{"rendered":"https:\/\/www.electroluxprofessional.com\/pl\/?page_id=9449"},"modified":"2025-11-25T11:46:53","modified_gmt":"2025-11-25T11:46:53","slug":"akcesoria-i-materialy-eksploatacyjne-zmywanie-naczyn","status":"publish","type":"page","link":"https:\/\/www.electroluxprofessional.com\/pl\/akcesoria-materialy-eksploatacyjne\/akcesoria-i-materialy-eksploatacyjne-zmywanie-naczyn\/","title":{"rendered":"Akcesoria i materia\u0142y eksploatacyjne &#8211; Zmywanie naczy\u0144"},"content":{"rendered":"<p>[vc_row full_width=&#8221;electroluxpro-full-width-no-padding&#8221;][vc_column css=&#8221;.vc_custom_1618358802266{margin-top: -40px !important;border-top-width: -40px !important;padding-top: -40px !important;}&#8221;][elx_full_banner title=&#8221;Akcesoria i materia\u0142y eksploatacyjne do mycia naczy\u0144&#8221; set_as_h1=&#8221;true&#8221; background_image_media_library=&#8221;9447&#8243; background_image_media_library_mobile=&#8221;9448&#8243; link=&#8221;url:%23contact|title:Dowiedz%20si%C4%99%20wi%C4%99cej&#8221;][vc_row_inner full_width=&#8221;electroluxpro-full-width&#8221; gap=&#8221;15&#8243;][vc_column_inner width=&#8221;1\/4&#8243;][elx_download_block text=&#8221;Katalog akcesori\u00f3w do zabezpieczenia, sanityzacji i czyszczenia&#8221; document_type=&#8221;cat&#8221; file_picker=&#8221;24892&#8243; background_color=&#8221;electrolux-blue&#8221; background_hover_color=&#8221;lighter-hover&#8221; ca_document_number=&#8221;CAT10&#8243;][\/vc_column_inner][vc_column_inner width=&#8221;1\/4&#8243;][elx_download_block text=&#8221;Katalog oryginalnych cz\u0119\u015bci zamiennych, akcesori\u00f3w i materia\u0142\u00f3w eksploatacyjnych&#8221; document_type=&#8221;cat&#8221; file_picker=&#8221;24892&#8243; background_color=&#8221;electrolux-blue&#8221; background_hover_color=&#8221;lighter-hover&#8221; ca_document_number=&#8221;CAT19&#8243;][\/vc_column_inner][vc_column_inner width=&#8221;1\/4&#8243;][elx_download_block text=&#8221;Katalog zestaw\u00f3w cz\u0119\u015bci zamiennych&#8221; document_type=&#8221;cat&#8221; file_picker=&#8221;24892&#8243; background_color=&#8221;electrolux-blue&#8221; background_hover_color=&#8221;lighter-hover&#8221; ca_document_number=&#8221;CAT9&#8243;][\/vc_column_inner][vc_column_inner width=&#8221;1\/4&#8243;][elx_download_block text=&#8221;Professional cleaning detergents Selection Guide&#8221; file_picker=&#8221;47320&#8243; background_color=&#8221;electrolux-blue&#8221;][\/vc_column_inner][\/vc_row_inner][\/vc_column][\/vc_row][vc_row][vc_column][elx_menu][vc_empty_space][vc_column_text]<\/p>\n<p style=\"text-align: center;\">Doskona\u0142e wyniki i najlepsz\u0105 wydajno\u015b\u0107 oferowanych rozwi\u0105za\u0144 mo\u017cna osi\u0105gn\u0105\u0107 wy\u0142\u0105cznie dzi\u0119ki naszym Akcesoriom i Materia\u0142om Eksploatacyjnym.<\/p>\n<p>[\/vc_column_text][vc_empty_space][elx_button button_text=&#8221;Odkryj nasze zmywarki komercyjne&#8221; button_link=&#8221;url:https%3A%2F%2Fwww.electroluxprofessional.com%2Fpl%2Fpralnictwo%2Fpralki-komercyjne-linii-6000%2F|title:Pralki%20komercyjne%20linii%206000&#8243;][\/vc_column][\/vc_row][vc_row disable_element=&#8221;yes&#8221;][vc_column][vc_empty_space][vc_row_inner disable_element=&#8221;yes&#8221;][vc_column_inner width=&#8221;1\/2&#8243;][vc_single_image image=&#8221;1704&#8243; img_size=&#8221;530&#215;285&#8243; css_animation=&#8221;none&#8221;][\/vc_column_inner][vc_column_inner width=&#8221;1\/2&#8243;][elx_heading font_size=&#8221;h5&#8243; text_color=&#8221;inherit&#8221;]Water taps[\/elx_heading][vc_column_text]One or two hole mixer taps,\u00a0infrared operated one hole mixer tap, water taps with shower units, washing groups\u00a0&#8230; choose the best\u00a0accessories for your dishwashing equipment.[\/vc_column_text][vc_empty_space][elx_shop_now button_text=&#8221;SHOP NOW&#8221; button_display_block=&#8221;display_block_on&#8221; button_alignment=&#8221;align_center&#8221; button_link=&#8221;url:https%3A%2F%2Fbuy.electroluxprofessional.com%2Felectrolux-professional%2Ftaps%2Fparts&#8221;][vc_empty_space][\/vc_column_inner][\/vc_row_inner][\/vc_column][\/vc_row][vc_row][vc_column][vc_empty_space][\/vc_column][vc_column][vc_empty_space][vc_row_inner][vc_column_inner width=&#8221;1\/2&#8243;][elx_heading font_size=&#8221;h5&#8243; text_color=&#8221;inherit&#8221;]Kosze uniwersalnego zastosowania[\/elx_heading][vc_column_text]Wybierz spo\u015br\u00f3d r\u00f3\u017cnych typ\u00f3w kosz\u00f3w: na p\u0142askie talerze lub miski; z drucian\u0105 wk\u0142adk\u0105 na talerze do pizzy, kubki lub fili\u017canki do kawy; z pojemnikami na sztu\u0107ce; z otwartymi bokami, odpowiednie do tac i nie tylko.[\/vc_column_text][vc_empty_space][vc_empty_space][\/vc_column_inner][vc_column_inner width=&#8221;1\/2&#8243;][vc_single_image image=&#8221;1702&#8243; img_size=&#8221;530*285&#8243; css_animation=&#8221;none&#8221;][\/vc_column_inner][\/vc_row_inner][vc_empty_space][vc_row_inner][vc_column_inner width=&#8221;1\/2&#8243;][vc_single_image image=&#8221;9445&#8243; img_size=&#8221;530*285&#8243; alignment=&#8221;center&#8221; css_animation=&#8221;none&#8221;][\/vc_column_inner][vc_column_inner width=&#8221;1\/2&#8243;][elx_heading font_size=&#8221;h5&#8243; text_color=&#8221;inherit&#8221;]Detergenty w p\u0142ynie[\/elx_heading][vc_column_text]Zapewnij po\u0142ysk szklanych naczy\u0144 \u2013 nasze detergenty to gwarancja usuni\u0119cia kropli i plam, idealnej sucho\u015bci i czysto\u015bci. Zapobieganie powstawaniu kamienia, dzi\u0119ki specjalnej formule.[\/vc_column_text][elx_button button_text=&#8221;Zmywarki komercyjne&#8221; button_style=&#8221;icon&#8221; button_link=&#8221;url:https%3A%2F%2Fwww.electroluxprofessional.com%2Fpl%2Fgastronomia%2Furzadzenia-do-zmywania%2Fzmywarki-kapturowe%2F|title:commercial%20dishwashers&#8221;][vc_empty_space][vc_empty_space][\/vc_column_inner][\/vc_row_inner][vc_empty_space][\/vc_column][\/vc_row][vc_row css=&#8221;.vc_custom_1619575574189{background-color: #e8eff5 !important;}&#8221;][vc_column][vc_column_text]<\/p>\n<h3><b>Czy wiedzia\u0142e\u015b, \u017ce twoje szklane naczynia \u201etrac\u0105 na wadze\u201d po ka\u017cdym cyklu i przez to s\u0105 coraz bardziej delikatne?<\/b><\/h3>\n<p>[\/vc_column_text][vc_single_image image=&#8221;9446&#8243; img_size=&#8221;full&#8221;][elx_download_block text=&#8221;The right solution-DISHWASHING CHEMICALS&#8221; document_type=&#8221;brochures&#8221; background_color=&#8221;inherit&#8221;][\/vc_column][\/vc_row][vc_row el_id=&#8221;contact&#8221;][vc_column][elx_heading font_container=&#8221;h3&#8243; text_color=&#8221;inherit&#8221;]Dowiedz si\u0119, jak spersonalizowa\u0107 swoje zmywarki do naczy\u0144[\/elx_heading][elx_o2000_contact_us s=&#8221;Request of information about accessories and consumables for dishwashing.&#8221; container=&#8221;elxcontactus1484553998&#8243; r=&#8221;I would like to find out more about accessories and consumables for dishwashing. Please get in touch with me.&#8221;][\/vc_column][\/vc_row]<\/p>\n","protected":false},"excerpt":{"rendered":"<p>[vc_row full_width=&#8221;electroluxpro-full-width-no-padding&#8221;][vc_column css=&#8221;.vc_custom_1618358802266{margin-top: -40px !important;border-top-width: -40px !important;padding-top: -40px !important;}&#8221;][elx_full_banner title=&#8221;Akcesoria i materia\u0142y eksploatacyjne do mycia naczy\u0144&#8221; set_as_h1=&#8221;true&#8221; background_image_media_library=&#8221;9447&#8243; background_image_media_library_mobile=&#8221;9448&#8243; link=&#8221;url:%23contact|title:Dowiedz%20si%C4%99%20wi%C4%99cej&#8221;][vc_row_inner full_width=&#8221;electroluxpro-full-width&#8221; gap=&#8221;15&#8243;][vc_column_inner width=&#8221;1\/4&#8243;][elx_download_block text=&#8221;Katalog akcesori\u00f3w do zabezpieczenia, sanityzacji i czyszczenia&#8221; document_type=&#8221;cat&#8221; file_picker=&#8221;24892&#8243; background_color=&#8221;electrolux-blue&#8221; background_hover_color=&#8221;lighter-hover&#8221; ca_document_number=&#8221;CAT10&#8243;][\/vc_column_inner][vc_column_inner width=&#8221;1\/4&#8243;][elx_download_block text=&#8221;Katalog oryginalnych cz\u0119\u015bci zamiennych, akcesori\u00f3w i materia\u0142\u00f3w eksploatacyjnych&#8221; document_type=&#8221;cat&#8221; file_picker=&#8221;24892&#8243; background_color=&#8221;electrolux-blue&#8221; background_hover_color=&#8221;lighter-hover&#8221; ca_document_number=&#8221;CAT19&#8243;][\/vc_column_inner][vc_column_inner width=&#8221;1\/4&#8243;][elx_download_block text=&#8221;Katalog zestaw\u00f3w cz\u0119\u015bci zamiennych&#8221; document_type=&#8221;cat&#8221; [&hellip;]<\/p>\n","protected":false},"author":79,"featured_media":796,"parent":1715,"menu_order":0,"comment_status":"closed","ping_status":"closed","template":"","meta":{"footnotes":""},"class_list":["post-9449","page","type-page","status-publish","has-post-thumbnail","hentry"],"acf":[],"yoast_head":"<!-- This site is optimized with the Yoast SEO plugin v23.3 - https:\/\/yoast.com\/wordpress\/plugins\/seo\/ -->\n<title>Akcesoria i materia\u0142y eksploatacyjne - Zmywanie naczy\u0144 - Electrolux Professional<\/title>\n<meta name=\"description\" content=\"Znakomite rezultaty i najlepsza wydajno\u015b\u0107 dzi\u0119ki naszym akcesoriom i materia\u0142om eksploatacyjnym. Odkryj nasze profesjonalne detergenty i nab\u0142yszczacze do zmywarek.\" \/>\n<meta name=\"robots\" content=\"index, follow, max-snippet:-1, max-image-preview:large, max-video-preview:-1\" \/>\n<link rel=\"canonical\" href=\"https:\/\/www.electroluxprofessional.com\/pl\/akcesoria-materialy-eksploatacyjne\/akcesoria-i-materialy-eksploatacyjne-zmywanie-naczyn\/\" \/>\n<meta property=\"og:locale\" content=\"pl_PL\" \/>\n<meta property=\"og:type\" content=\"article\" \/>\n<meta property=\"og:title\" content=\"Akcesoria i materia\u0142y eksploatacyjne - Zmywanie naczy\u0144 - Electrolux Professional\" \/>\n<meta property=\"og:description\" content=\"Znakomite rezultaty i najlepsza wydajno\u015b\u0107 dzi\u0119ki naszym akcesoriom i materia\u0142om eksploatacyjnym. Odkryj nasze profesjonalne detergenty i nab\u0142yszczacze do zmywarek.\" \/>\n<meta property=\"og:url\" content=\"https:\/\/www.electroluxprofessional.com\/pl\/akcesoria-materialy-eksploatacyjne\/akcesoria-i-materialy-eksploatacyjne-zmywanie-naczyn\/\" \/>\n<meta property=\"og:site_name\" content=\"Electrolux Professional Polska\" \/>\n<meta property=\"article:modified_time\" content=\"2025-11-25T11:46:53+00:00\" \/>\n<meta property=\"og:image\" content=\"https:\/\/www.electroluxprofessional.com\/pl\/wp-content\/uploads\/2016\/08\/detergent-washing-machine.jpg\" \/>\n\t<meta property=\"og:image:width\" content=\"750\" \/>\n\t<meta property=\"og:image:height\" content=\"617\" \/>\n\t<meta property=\"og:image:type\" content=\"image\/jpeg\" \/>\n<meta name=\"twitter:card\" content=\"summary_large_image\" \/>\n<meta name=\"twitter:label1\" content=\"Szacowany czas czytania\" \/>\n\t<meta name=\"twitter:data1\" content=\"2 minuty\" \/>\n<script type=\"application\/ld+json\" class=\"yoast-schema-graph\">{\"@context\":\"https:\/\/schema.org\",\"@graph\":[{\"@type\":\"WebPage\",\"@id\":\"https:\/\/www.electroluxprofessional.com\/pl\/akcesoria-materialy-eksploatacyjne\/akcesoria-i-materialy-eksploatacyjne-zmywanie-naczyn\/\",\"url\":\"https:\/\/www.electroluxprofessional.com\/pl\/akcesoria-materialy-eksploatacyjne\/akcesoria-i-materialy-eksploatacyjne-zmywanie-naczyn\/\",\"name\":\"Akcesoria i materia\u0142y eksploatacyjne - Zmywanie naczy\u0144 - Electrolux Professional\",\"isPartOf\":{\"@id\":\"https:\/\/www.electroluxprofessional.com\/pl\/#website\"},\"primaryImageOfPage\":{\"@id\":\"https:\/\/www.electroluxprofessional.com\/pl\/akcesoria-materialy-eksploatacyjne\/akcesoria-i-materialy-eksploatacyjne-zmywanie-naczyn\/#primaryimage\"},\"image\":{\"@id\":\"https:\/\/www.electroluxprofessional.com\/pl\/akcesoria-materialy-eksploatacyjne\/akcesoria-i-materialy-eksploatacyjne-zmywanie-naczyn\/#primaryimage\"},\"thumbnailUrl\":\"https:\/\/www.electroluxprofessional.com\/pl\/wp-content\/uploads\/2016\/08\/detergent-washing-machine.jpg\",\"datePublished\":\"2023-11-23T11:07:23+00:00\",\"dateModified\":\"2025-11-25T11:46:53+00:00\",\"description\":\"Znakomite rezultaty i najlepsza wydajno\u015b\u0107 dzi\u0119ki naszym akcesoriom i materia\u0142om eksploatacyjnym. Odkryj nasze profesjonalne detergenty i nab\u0142yszczacze do zmywarek.\",\"breadcrumb\":{\"@id\":\"https:\/\/www.electroluxprofessional.com\/pl\/akcesoria-materialy-eksploatacyjne\/akcesoria-i-materialy-eksploatacyjne-zmywanie-naczyn\/#breadcrumb\"},\"inLanguage\":\"pl-PL\",\"potentialAction\":[{\"@type\":\"ReadAction\",\"target\":[\"https:\/\/www.electroluxprofessional.com\/pl\/akcesoria-materialy-eksploatacyjne\/akcesoria-i-materialy-eksploatacyjne-zmywanie-naczyn\/\"]}]},{\"@type\":\"ImageObject\",\"inLanguage\":\"pl-PL\",\"@id\":\"https:\/\/www.electroluxprofessional.com\/pl\/akcesoria-materialy-eksploatacyjne\/akcesoria-i-materialy-eksploatacyjne-zmywanie-naczyn\/#primaryimage\",\"url\":\"https:\/\/www.electroluxprofessional.com\/pl\/wp-content\/uploads\/2016\/08\/detergent-washing-machine.jpg\",\"contentUrl\":\"https:\/\/www.electroluxprofessional.com\/pl\/wp-content\/uploads\/2016\/08\/detergent-washing-machine.jpg\",\"width\":750,\"height\":617,\"caption\":\"dishwasher rinse\"},{\"@type\":\"BreadcrumbList\",\"@id\":\"https:\/\/www.electroluxprofessional.com\/pl\/akcesoria-materialy-eksploatacyjne\/akcesoria-i-materialy-eksploatacyjne-zmywanie-naczyn\/#breadcrumb\",\"itemListElement\":[{\"@type\":\"ListItem\",\"position\":1,\"name\":\"Strona g\u0142\u00f3wna\",\"item\":\"https:\/\/www.electroluxprofessional.com\/pl\/\"},{\"@type\":\"ListItem\",\"position\":2,\"name\":\"Akcesoria i materia\u0142y eksploatacyjne\",\"item\":\"https:\/\/www.electroluxprofessional.com\/pl\/akcesoria-materialy-eksploatacyjne\/\"},{\"@type\":\"ListItem\",\"position\":3,\"name\":\"Akcesoria i materia\u0142y eksploatacyjne &#8211; Zmywanie naczy\u0144\"}]},{\"@type\":\"WebSite\",\"@id\":\"https:\/\/www.electroluxprofessional.com\/pl\/#website\",\"url\":\"https:\/\/www.electroluxprofessional.com\/pl\/\",\"name\":\"Electrolux Professional Polska\",\"description\":\"\",\"potentialAction\":[{\"@type\":\"SearchAction\",\"target\":{\"@type\":\"EntryPoint\",\"urlTemplate\":\"https:\/\/www.electroluxprofessional.com\/pl\/?src={search_term_string}\"},\"query-input\":\"required name=search_term_string\"}],\"inLanguage\":\"pl-PL\"}]}<\/script>\n<!-- \/ Yoast SEO plugin. -->","yoast_head_json":{"title":"Akcesoria i materia\u0142y eksploatacyjne - Zmywanie naczy\u0144 - Electrolux Professional","description":"Znakomite rezultaty i najlepsza wydajno\u015b\u0107 dzi\u0119ki naszym akcesoriom i materia\u0142om eksploatacyjnym. Odkryj nasze profesjonalne detergenty i nab\u0142yszczacze do zmywarek.","robots":{"index":"index","follow":"follow","max-snippet":"max-snippet:-1","max-image-preview":"max-image-preview:large","max-video-preview":"max-video-preview:-1"},"canonical":"https:\/\/www.electroluxprofessional.com\/pl\/akcesoria-materialy-eksploatacyjne\/akcesoria-i-materialy-eksploatacyjne-zmywanie-naczyn\/","og_locale":"pl_PL","og_type":"article","og_title":"Akcesoria i materia\u0142y eksploatacyjne - Zmywanie naczy\u0144 - Electrolux Professional","og_description":"Znakomite rezultaty i najlepsza wydajno\u015b\u0107 dzi\u0119ki naszym akcesoriom i materia\u0142om eksploatacyjnym. Odkryj nasze profesjonalne detergenty i nab\u0142yszczacze do zmywarek.","og_url":"https:\/\/www.electroluxprofessional.com\/pl\/akcesoria-materialy-eksploatacyjne\/akcesoria-i-materialy-eksploatacyjne-zmywanie-naczyn\/","og_site_name":"Electrolux Professional Polska","article_modified_time":"2025-11-25T11:46:53+00:00","og_image":[{"width":750,"height":617,"url":"https:\/\/www.electroluxprofessional.com\/pl\/wp-content\/uploads\/2016\/08\/detergent-washing-machine.jpg","type":"image\/jpeg"}],"twitter_card":"summary_large_image","twitter_misc":{"Szacowany czas czytania":"2 minuty"},"schema":{"@context":"https:\/\/schema.org","@graph":[{"@type":"WebPage","@id":"https:\/\/www.electroluxprofessional.com\/pl\/akcesoria-materialy-eksploatacyjne\/akcesoria-i-materialy-eksploatacyjne-zmywanie-naczyn\/","url":"https:\/\/www.electroluxprofessional.com\/pl\/akcesoria-materialy-eksploatacyjne\/akcesoria-i-materialy-eksploatacyjne-zmywanie-naczyn\/","name":"Akcesoria i materia\u0142y eksploatacyjne - Zmywanie naczy\u0144 - Electrolux Professional","isPartOf":{"@id":"https:\/\/www.electroluxprofessional.com\/pl\/#website"},"primaryImageOfPage":{"@id":"https:\/\/www.electroluxprofessional.com\/pl\/akcesoria-materialy-eksploatacyjne\/akcesoria-i-materialy-eksploatacyjne-zmywanie-naczyn\/#primaryimage"},"image":{"@id":"https:\/\/www.electroluxprofessional.com\/pl\/akcesoria-materialy-eksploatacyjne\/akcesoria-i-materialy-eksploatacyjne-zmywanie-naczyn\/#primaryimage"},"thumbnailUrl":"https:\/\/www.electroluxprofessional.com\/pl\/wp-content\/uploads\/2016\/08\/detergent-washing-machine.jpg","datePublished":"2023-11-23T11:07:23+00:00","dateModified":"2025-11-25T11:46:53+00:00","description":"Znakomite rezultaty i najlepsza wydajno\u015b\u0107 dzi\u0119ki naszym akcesoriom i materia\u0142om eksploatacyjnym. Odkryj nasze profesjonalne detergenty i nab\u0142yszczacze do zmywarek.","breadcrumb":{"@id":"https:\/\/www.electroluxprofessional.com\/pl\/akcesoria-materialy-eksploatacyjne\/akcesoria-i-materialy-eksploatacyjne-zmywanie-naczyn\/#breadcrumb"},"inLanguage":"pl-PL","potentialAction":[{"@type":"ReadAction","target":["https:\/\/www.electroluxprofessional.com\/pl\/akcesoria-materialy-eksploatacyjne\/akcesoria-i-materialy-eksploatacyjne-zmywanie-naczyn\/"]}]},{"@type":"ImageObject","inLanguage":"pl-PL","@id":"https:\/\/www.electroluxprofessional.com\/pl\/akcesoria-materialy-eksploatacyjne\/akcesoria-i-materialy-eksploatacyjne-zmywanie-naczyn\/#primaryimage","url":"https:\/\/www.electroluxprofessional.com\/pl\/wp-content\/uploads\/2016\/08\/detergent-washing-machine.jpg","contentUrl":"https:\/\/www.electroluxprofessional.com\/pl\/wp-content\/uploads\/2016\/08\/detergent-washing-machine.jpg","width":750,"height":617,"caption":"dishwasher rinse"},{"@type":"BreadcrumbList","@id":"https:\/\/www.electroluxprofessional.com\/pl\/akcesoria-materialy-eksploatacyjne\/akcesoria-i-materialy-eksploatacyjne-zmywanie-naczyn\/#breadcrumb","itemListElement":[{"@type":"ListItem","position":1,"name":"Strona g\u0142\u00f3wna","item":"https:\/\/www.electroluxprofessional.com\/pl\/"},{"@type":"ListItem","position":2,"name":"Akcesoria i materia\u0142y eksploatacyjne","item":"https:\/\/www.electroluxprofessional.com\/pl\/akcesoria-materialy-eksploatacyjne\/"},{"@type":"ListItem","position":3,"name":"Akcesoria i materia\u0142y eksploatacyjne &#8211; Zmywanie naczy\u0144"}]},{"@type":"WebSite","@id":"https:\/\/www.electroluxprofessional.com\/pl\/#website","url":"https:\/\/www.electroluxprofessional.com\/pl\/","name":"Electrolux Professional Polska","description":"","potentialAction":[{"@type":"SearchAction","target":{"@type":"EntryPoint","urlTemplate":"https:\/\/www.electroluxprofessional.com\/pl\/?src={search_term_string}"},"query-input":"required name=search_term_string"}],"inLanguage":"pl-PL"}]}},"_links":{"self":[{"href":"https:\/\/www.electroluxprofessional.com\/pl\/wp-json\/wp\/v2\/pages\/9449"}],"collection":[{"href":"https:\/\/www.electroluxprofessional.com\/pl\/wp-json\/wp\/v2\/pages"}],"about":[{"href":"https:\/\/www.electroluxprofessional.com\/pl\/wp-json\/wp\/v2\/types\/page"}],"author":[{"embeddable":true,"href":"https:\/\/www.electroluxprofessional.com\/pl\/wp-json\/wp\/v2\/users\/79"}],"replies":[{"embeddable":true,"href":"https:\/\/www.electroluxprofessional.com\/pl\/wp-json\/wp\/v2\/comments?post=9449"}],"version-history":[{"count":6,"href":"https:\/\/www.electroluxprofessional.com\/pl\/wp-json\/wp\/v2\/pages\/9449\/revisions"}],"predecessor-version":[{"id":11759,"href":"https:\/\/www.electroluxprofessional.com\/pl\/wp-json\/wp\/v2\/pages\/9449\/revisions\/11759"}],"up":[{"embeddable":true,"href":"https:\/\/www.electroluxprofessional.com\/pl\/wp-json\/wp\/v2\/pages\/1715"}],"wp:featuredmedia":[{"embeddable":true,"href":"https:\/\/www.electroluxprofessional.com\/pl\/wp-json\/wp\/v2\/media\/796"}],"wp:attachment":[{"href":"https:\/\/www.electroluxprofessional.com\/pl\/wp-json\/wp\/v2\/media?parent=9449"}],"curies":[{"name":"wp","href":"https:\/\/api.w.org\/{rel}","templated":true}]}}