{"id":9438,"date":"2023-11-23T10:57:43","date_gmt":"2023-11-23T10:57:43","guid":{"rendered":"https:\/\/www.electroluxprofessional.com\/pl\/?page_id=9438"},"modified":"2025-11-25T11:39:32","modified_gmt":"2025-11-25T11:39:32","slug":"akcesoria-i-materialy-eksploatacyjne-srodki-chemiczne","status":"publish","type":"page","link":"https:\/\/www.electroluxprofessional.com\/pl\/akcesoria-materialy-eksploatacyjne\/akcesoria-i-materialy-eksploatacyjne-srodki-chemiczne\/","title":{"rendered":"Akcesoria i materia\u0142y eksploatacyjne &#8211; \u015arodki chemiczne"},"content":{"rendered":"<p>[vc_row full_width=&#8221;electroluxpro-full-width-no-padding&#8221;][vc_column css=&#8221;.vc_custom_1618358802266{margin-top: -40px !important;border-top-width: -40px !important;padding-top: -40px !important;}&#8221;][elx_full_banner title=&#8221;\u015arodki chemiczne&#8221; set_as_h1=&#8221;true&#8221; background_image_media_library=&#8221;9436&#8243; background_image_media_library_mobile=&#8221;9437&#8243; link=&#8221;url:%23contact|title:Dowiedz%20si%C4%99%20wi%C4%99cej&#8221;][vc_row_inner full_width=&#8221;electroluxpro-full-width&#8221; gap=&#8221;15&#8243;][vc_column_inner width=&#8221;1\/5&#8243;][elx_download_block text=&#8221;Katalog akcesori\u00f3w do zabezpieczenia, sanityzacji i czyszczenia&#8221; document_type=&#8221;cat&#8221; file_picker=&#8221;24892&#8243; background_color=&#8221;electrolux-blue&#8221; background_hover_color=&#8221;lighter-hover&#8221; ca_document_number=&#8221;CAT10&#8243;][\/vc_column_inner][vc_column_inner width=&#8221;1\/5&#8243;][elx_download_block text=&#8221;Replacement Parts catalogue&#8221; document_type=&#8221;cat&#8221; file_picker=&#8221;24892&#8243; background_color=&#8221;electrolux-blue&#8221; background_hover_color=&#8221;lighter-hover&#8221; ca_document_number=&#8221;CAT7&#8243;][\/vc_column_inner][vc_column_inner width=&#8221;1\/5&#8243;][elx_download_block text=&#8221;Accessories &amp; Consumables catalogue&#8221; document_type=&#8221;cat&#8221; file_picker=&#8221;24892&#8243; background_color=&#8221;electrolux-blue&#8221; background_hover_color=&#8221;lighter-hover&#8221; ca_document_number=&#8221;CAT8&#8243;][\/vc_column_inner][vc_column_inner width=&#8221;1\/5&#8243;][elx_download_block text=&#8221;Katalog zestaw\u00f3w cz\u0119\u015bci zamiennych&#8221; document_type=&#8221;cat&#8221; file_picker=&#8221;24892&#8243; background_color=&#8221;electrolux-blue&#8221; background_hover_color=&#8221;lighter-hover&#8221; ca_document_number=&#8221;CAT9&#8243;][\/vc_column_inner][vc_column_inner width=&#8221;1\/5&#8243;][elx_download_block text=&#8221;Professional cleaning detergents Selection Guide&#8221; file_picker=&#8221;35121&#8243; background_color=&#8221;electrolux-blue&#8221;][\/vc_column_inner][\/vc_row_inner][\/vc_column][\/vc_row][vc_row][vc_column][elx_menu][vc_empty_space][vc_empty_space][vc_empty_space][\/vc_column][\/vc_row][vc_row][vc_column][vc_row_inner][vc_column_inner width=&#8221;1\/2&#8243;][vc_single_image image=&#8221;9434&#8243; img_size=&#8221;medium&#8221; alignment=&#8221;center&#8221; css_animation=&#8221;none&#8221;][\/vc_column_inner][vc_column_inner width=&#8221;1\/2&#8243;][elx_heading font_size=&#8221;h5&#8243; text_color=&#8221;inherit&#8221;]C30 Wielozadaniowy odkamieniacz[\/elx_heading][vc_column_text]\u25ba Skutecznie usuwa zaschni\u0119te resztki i kamie\u0144\u00a0 z urz\u0105dze\u0144 myj\u0105cych oraz bojler\u00f3w w dowolnych profesjonalnych urz\u0105dzeniach gastronomicznych<br \/>\n\u25ba Regularne stosowanie wielozadaniowego odkamieniacza C30 zapewnia ci\u0105g\u0142\u0105 niezawodno\u015b\u0107 urz\u0105dzenia oraz spowalnia naturalne zu\u017cycie w toku eksploatacji<br \/>\n\u25ba Dzi\u0119ki ograniczeniu pienienia, wielozadaniowy odkamieniacz C30 jest polecany do czyszczenia bojler\u00f3w oraz urz\u0105dze\u0144 z automatycznym odkamienianiem.<br \/>\n\u25ba Neutralny zapach sprawia, \u017ce jego stosowanie jest przyjemniejsze[\/vc_column_text][\/vc_column_inner][\/vc_row_inner][\/vc_column][vc_column][vc_empty_space][vc_row_inner][vc_column_inner width=&#8221;1\/2&#8243;][elx_heading font_size=&#8221;h5&#8243; text_color=&#8221;inherit&#8221;]C25 Tabelki nab\u0142yszczaj\u0105ce i odkamieniaj\u0105ce[\/elx_heading][vc_column_text]\u25ba Skuteczne tabletki nab\u0142yszczaj\u0105ce i odkamieniaj\u0105ce do piec\u00f3w ze zintegrowanymi cyklami mycia.<br \/>\nRozpu\u015b\u0107 1 tabletk\u0119 w 1 litrze wody w celu odkamieniania suszarki b\u0119bnowej.<br \/>\n\u25ba Dla szybkiego suszenia z idealnie l\u015bni\u0105c\u0105 komor\u0105 i odkamienionego bojlera.<br \/>\n\u25ba Skoncentrowana formu\u0142a, skuteczna przy niewielkiej ilo\u015bci dozowania.<br \/>\n\u25ba Brak ryzyka przedwczesnego uszkodzenia.<br \/>\n\u25ba Intensywnie badane w laboratoriach Electrolux Professional<br \/>\n\u25ba 50 tabletek w wiaderku; ka\u017cda po 30 g[\/vc_column_text][\/vc_column_inner][vc_column_inner width=&#8221;1\/2&#8243;][vc_empty_space][vc_single_image image=&#8221;9435&#8243; img_size=&#8221;medium&#8221; alignment=&#8221;center&#8221; css_animation=&#8221;none&#8221;][\/vc_column_inner][\/vc_row_inner][vc_empty_space][\/vc_column][\/vc_row][vc_row el_id=&#8221;contact&#8221;][vc_column][vc_empty_space][vc_empty_space][elx_heading font_container=&#8221;h3&#8243; text_color=&#8221;inherit&#8221;]Dowiedz si\u0119, jak spersonalizowa\u0107 sw\u00f3j sprz\u0119t do zmywania naczy\u0144[\/elx_heading][elx_o2000_contact_us s=&#8221;Request of information about accessories and consumables for dishwashing.&#8221; container=&#8221;elxcontactus1484553998&#8243; r=&#8221;I would like to find out more about accessories and consumables for dishwashing. Please get in touch with me.&#8221;][\/vc_column][\/vc_row]<\/p>\n","protected":false},"excerpt":{"rendered":"<p>[vc_row full_width=&#8221;electroluxpro-full-width-no-padding&#8221;][vc_column css=&#8221;.vc_custom_1618358802266{margin-top: -40px !important;border-top-width: -40px !important;padding-top: -40px !important;}&#8221;][elx_full_banner title=&#8221;\u015arodki chemiczne&#8221; set_as_h1=&#8221;true&#8221; background_image_media_library=&#8221;9436&#8243; background_image_media_library_mobile=&#8221;9437&#8243; link=&#8221;url:%23contact|title:Dowiedz%20si%C4%99%20wi%C4%99cej&#8221;][vc_row_inner full_width=&#8221;electroluxpro-full-width&#8221; gap=&#8221;15&#8243;][vc_column_inner width=&#8221;1\/5&#8243;][elx_download_block text=&#8221;Katalog akcesori\u00f3w do zabezpieczenia, sanityzacji i czyszczenia&#8221; document_type=&#8221;cat&#8221; file_picker=&#8221;24892&#8243; background_color=&#8221;electrolux-blue&#8221; background_hover_color=&#8221;lighter-hover&#8221; ca_document_number=&#8221;CAT10&#8243;][\/vc_column_inner][vc_column_inner width=&#8221;1\/5&#8243;][elx_download_block text=&#8221;Replacement Parts catalogue&#8221; document_type=&#8221;cat&#8221; file_picker=&#8221;24892&#8243; background_color=&#8221;electrolux-blue&#8221; background_hover_color=&#8221;lighter-hover&#8221; ca_document_number=&#8221;CAT7&#8243;][\/vc_column_inner][vc_column_inner width=&#8221;1\/5&#8243;][elx_download_block text=&#8221;Accessories &amp; Consumables catalogue&#8221; document_type=&#8221;cat&#8221; file_picker=&#8221;24892&#8243; background_color=&#8221;electrolux-blue&#8221; background_hover_color=&#8221;lighter-hover&#8221; ca_document_number=&#8221;CAT8&#8243;][\/vc_column_inner][vc_column_inner width=&#8221;1\/5&#8243;][elx_download_block text=&#8221;Katalog zestaw\u00f3w cz\u0119\u015bci zamiennych&#8221; document_type=&#8221;cat&#8221; [&hellip;]<\/p>\n","protected":false},"author":79,"featured_media":796,"parent":1715,"menu_order":0,"comment_status":"closed","ping_status":"closed","template":"","meta":{"footnotes":""},"class_list":["post-9438","page","type-page","status-publish","has-post-thumbnail","hentry"],"acf":[],"yoast_head":"<!-- This site is optimized with the Yoast SEO plugin v23.3 - https:\/\/yoast.com\/wordpress\/plugins\/seo\/ -->\n<title>Akcesoria i materia\u0142y eksploatacyjne - \u015arodki chemiczne- Electrolux Professional<\/title>\n<meta name=\"description\" content=\"Znakomite rezultaty i najlepsza wydajno\u015b\u0107 dzi\u0119ki naszym akcesoriom i materia\u0142om eksploatacyjnym. Odkryj nasze profesjonalne detergenty i nab\u0142yszczacze do zmywarek.\" \/>\n<meta name=\"robots\" content=\"index, follow, max-snippet:-1, max-image-preview:large, max-video-preview:-1\" \/>\n<link rel=\"canonical\" href=\"https:\/\/www.electroluxprofessional.com\/pl\/akcesoria-materialy-eksploatacyjne\/akcesoria-i-materialy-eksploatacyjne-srodki-chemiczne\/\" \/>\n<meta property=\"og:locale\" content=\"pl_PL\" \/>\n<meta property=\"og:type\" content=\"article\" \/>\n<meta property=\"og:title\" content=\"Akcesoria i materia\u0142y eksploatacyjne - \u015arodki chemiczne- Electrolux Professional\" \/>\n<meta property=\"og:description\" content=\"Znakomite rezultaty i najlepsza wydajno\u015b\u0107 dzi\u0119ki naszym akcesoriom i materia\u0142om eksploatacyjnym. Odkryj nasze profesjonalne detergenty i nab\u0142yszczacze do zmywarek.\" \/>\n<meta property=\"og:url\" content=\"https:\/\/www.electroluxprofessional.com\/pl\/akcesoria-materialy-eksploatacyjne\/akcesoria-i-materialy-eksploatacyjne-srodki-chemiczne\/\" \/>\n<meta property=\"og:site_name\" content=\"Electrolux Professional Polska\" \/>\n<meta property=\"article:modified_time\" content=\"2025-11-25T11:39:32+00:00\" \/>\n<meta property=\"og:image\" content=\"https:\/\/www.electroluxprofessional.com\/pl\/wp-content\/uploads\/2016\/08\/detergent-washing-machine.jpg\" \/>\n\t<meta property=\"og:image:width\" content=\"750\" \/>\n\t<meta property=\"og:image:height\" content=\"617\" \/>\n\t<meta property=\"og:image:type\" content=\"image\/jpeg\" \/>\n<meta name=\"twitter:card\" content=\"summary_large_image\" \/>\n<meta name=\"twitter:label1\" content=\"Szacowany czas czytania\" \/>\n\t<meta name=\"twitter:data1\" content=\"2 minuty\" \/>\n<script type=\"application\/ld+json\" class=\"yoast-schema-graph\">{\"@context\":\"https:\/\/schema.org\",\"@graph\":[{\"@type\":\"WebPage\",\"@id\":\"https:\/\/www.electroluxprofessional.com\/pl\/akcesoria-materialy-eksploatacyjne\/akcesoria-i-materialy-eksploatacyjne-srodki-chemiczne\/\",\"url\":\"https:\/\/www.electroluxprofessional.com\/pl\/akcesoria-materialy-eksploatacyjne\/akcesoria-i-materialy-eksploatacyjne-srodki-chemiczne\/\",\"name\":\"Akcesoria i materia\u0142y eksploatacyjne - \u015arodki chemiczne- Electrolux Professional\",\"isPartOf\":{\"@id\":\"https:\/\/www.electroluxprofessional.com\/pl\/#website\"},\"primaryImageOfPage\":{\"@id\":\"https:\/\/www.electroluxprofessional.com\/pl\/akcesoria-materialy-eksploatacyjne\/akcesoria-i-materialy-eksploatacyjne-srodki-chemiczne\/#primaryimage\"},\"image\":{\"@id\":\"https:\/\/www.electroluxprofessional.com\/pl\/akcesoria-materialy-eksploatacyjne\/akcesoria-i-materialy-eksploatacyjne-srodki-chemiczne\/#primaryimage\"},\"thumbnailUrl\":\"https:\/\/www.electroluxprofessional.com\/pl\/wp-content\/uploads\/2016\/08\/detergent-washing-machine.jpg\",\"datePublished\":\"2023-11-23T10:57:43+00:00\",\"dateModified\":\"2025-11-25T11:39:32+00:00\",\"description\":\"Znakomite rezultaty i najlepsza wydajno\u015b\u0107 dzi\u0119ki naszym akcesoriom i materia\u0142om eksploatacyjnym. Odkryj nasze profesjonalne detergenty i nab\u0142yszczacze do zmywarek.\",\"breadcrumb\":{\"@id\":\"https:\/\/www.electroluxprofessional.com\/pl\/akcesoria-materialy-eksploatacyjne\/akcesoria-i-materialy-eksploatacyjne-srodki-chemiczne\/#breadcrumb\"},\"inLanguage\":\"pl-PL\",\"potentialAction\":[{\"@type\":\"ReadAction\",\"target\":[\"https:\/\/www.electroluxprofessional.com\/pl\/akcesoria-materialy-eksploatacyjne\/akcesoria-i-materialy-eksploatacyjne-srodki-chemiczne\/\"]}]},{\"@type\":\"ImageObject\",\"inLanguage\":\"pl-PL\",\"@id\":\"https:\/\/www.electroluxprofessional.com\/pl\/akcesoria-materialy-eksploatacyjne\/akcesoria-i-materialy-eksploatacyjne-srodki-chemiczne\/#primaryimage\",\"url\":\"https:\/\/www.electroluxprofessional.com\/pl\/wp-content\/uploads\/2016\/08\/detergent-washing-machine.jpg\",\"contentUrl\":\"https:\/\/www.electroluxprofessional.com\/pl\/wp-content\/uploads\/2016\/08\/detergent-washing-machine.jpg\",\"width\":750,\"height\":617,\"caption\":\"dishwasher rinse\"},{\"@type\":\"BreadcrumbList\",\"@id\":\"https:\/\/www.electroluxprofessional.com\/pl\/akcesoria-materialy-eksploatacyjne\/akcesoria-i-materialy-eksploatacyjne-srodki-chemiczne\/#breadcrumb\",\"itemListElement\":[{\"@type\":\"ListItem\",\"position\":1,\"name\":\"Strona g\u0142\u00f3wna\",\"item\":\"https:\/\/www.electroluxprofessional.com\/pl\/\"},{\"@type\":\"ListItem\",\"position\":2,\"name\":\"Akcesoria i materia\u0142y eksploatacyjne\",\"item\":\"https:\/\/www.electroluxprofessional.com\/pl\/akcesoria-materialy-eksploatacyjne\/\"},{\"@type\":\"ListItem\",\"position\":3,\"name\":\"Akcesoria i materia\u0142y eksploatacyjne &#8211; \u015arodki chemiczne\"}]},{\"@type\":\"WebSite\",\"@id\":\"https:\/\/www.electroluxprofessional.com\/pl\/#website\",\"url\":\"https:\/\/www.electroluxprofessional.com\/pl\/\",\"name\":\"Electrolux Professional Polska\",\"description\":\"\",\"potentialAction\":[{\"@type\":\"SearchAction\",\"target\":{\"@type\":\"EntryPoint\",\"urlTemplate\":\"https:\/\/www.electroluxprofessional.com\/pl\/?src={search_term_string}\"},\"query-input\":\"required name=search_term_string\"}],\"inLanguage\":\"pl-PL\"}]}<\/script>\n<!-- \/ Yoast SEO plugin. -->","yoast_head_json":{"title":"Akcesoria i materia\u0142y eksploatacyjne - \u015arodki chemiczne- Electrolux Professional","description":"Znakomite rezultaty i najlepsza wydajno\u015b\u0107 dzi\u0119ki naszym akcesoriom i materia\u0142om eksploatacyjnym. Odkryj nasze profesjonalne detergenty i nab\u0142yszczacze do zmywarek.","robots":{"index":"index","follow":"follow","max-snippet":"max-snippet:-1","max-image-preview":"max-image-preview:large","max-video-preview":"max-video-preview:-1"},"canonical":"https:\/\/www.electroluxprofessional.com\/pl\/akcesoria-materialy-eksploatacyjne\/akcesoria-i-materialy-eksploatacyjne-srodki-chemiczne\/","og_locale":"pl_PL","og_type":"article","og_title":"Akcesoria i materia\u0142y eksploatacyjne - \u015arodki chemiczne- Electrolux Professional","og_description":"Znakomite rezultaty i najlepsza wydajno\u015b\u0107 dzi\u0119ki naszym akcesoriom i materia\u0142om eksploatacyjnym. Odkryj nasze profesjonalne detergenty i nab\u0142yszczacze do zmywarek.","og_url":"https:\/\/www.electroluxprofessional.com\/pl\/akcesoria-materialy-eksploatacyjne\/akcesoria-i-materialy-eksploatacyjne-srodki-chemiczne\/","og_site_name":"Electrolux Professional Polska","article_modified_time":"2025-11-25T11:39:32+00:00","og_image":[{"width":750,"height":617,"url":"https:\/\/www.electroluxprofessional.com\/pl\/wp-content\/uploads\/2016\/08\/detergent-washing-machine.jpg","type":"image\/jpeg"}],"twitter_card":"summary_large_image","twitter_misc":{"Szacowany czas czytania":"2 minuty"},"schema":{"@context":"https:\/\/schema.org","@graph":[{"@type":"WebPage","@id":"https:\/\/www.electroluxprofessional.com\/pl\/akcesoria-materialy-eksploatacyjne\/akcesoria-i-materialy-eksploatacyjne-srodki-chemiczne\/","url":"https:\/\/www.electroluxprofessional.com\/pl\/akcesoria-materialy-eksploatacyjne\/akcesoria-i-materialy-eksploatacyjne-srodki-chemiczne\/","name":"Akcesoria i materia\u0142y eksploatacyjne - \u015arodki chemiczne- Electrolux Professional","isPartOf":{"@id":"https:\/\/www.electroluxprofessional.com\/pl\/#website"},"primaryImageOfPage":{"@id":"https:\/\/www.electroluxprofessional.com\/pl\/akcesoria-materialy-eksploatacyjne\/akcesoria-i-materialy-eksploatacyjne-srodki-chemiczne\/#primaryimage"},"image":{"@id":"https:\/\/www.electroluxprofessional.com\/pl\/akcesoria-materialy-eksploatacyjne\/akcesoria-i-materialy-eksploatacyjne-srodki-chemiczne\/#primaryimage"},"thumbnailUrl":"https:\/\/www.electroluxprofessional.com\/pl\/wp-content\/uploads\/2016\/08\/detergent-washing-machine.jpg","datePublished":"2023-11-23T10:57:43+00:00","dateModified":"2025-11-25T11:39:32+00:00","description":"Znakomite rezultaty i najlepsza wydajno\u015b\u0107 dzi\u0119ki naszym akcesoriom i materia\u0142om eksploatacyjnym. Odkryj nasze profesjonalne detergenty i nab\u0142yszczacze do zmywarek.","breadcrumb":{"@id":"https:\/\/www.electroluxprofessional.com\/pl\/akcesoria-materialy-eksploatacyjne\/akcesoria-i-materialy-eksploatacyjne-srodki-chemiczne\/#breadcrumb"},"inLanguage":"pl-PL","potentialAction":[{"@type":"ReadAction","target":["https:\/\/www.electroluxprofessional.com\/pl\/akcesoria-materialy-eksploatacyjne\/akcesoria-i-materialy-eksploatacyjne-srodki-chemiczne\/"]}]},{"@type":"ImageObject","inLanguage":"pl-PL","@id":"https:\/\/www.electroluxprofessional.com\/pl\/akcesoria-materialy-eksploatacyjne\/akcesoria-i-materialy-eksploatacyjne-srodki-chemiczne\/#primaryimage","url":"https:\/\/www.electroluxprofessional.com\/pl\/wp-content\/uploads\/2016\/08\/detergent-washing-machine.jpg","contentUrl":"https:\/\/www.electroluxprofessional.com\/pl\/wp-content\/uploads\/2016\/08\/detergent-washing-machine.jpg","width":750,"height":617,"caption":"dishwasher rinse"},{"@type":"BreadcrumbList","@id":"https:\/\/www.electroluxprofessional.com\/pl\/akcesoria-materialy-eksploatacyjne\/akcesoria-i-materialy-eksploatacyjne-srodki-chemiczne\/#breadcrumb","itemListElement":[{"@type":"ListItem","position":1,"name":"Strona g\u0142\u00f3wna","item":"https:\/\/www.electroluxprofessional.com\/pl\/"},{"@type":"ListItem","position":2,"name":"Akcesoria i materia\u0142y eksploatacyjne","item":"https:\/\/www.electroluxprofessional.com\/pl\/akcesoria-materialy-eksploatacyjne\/"},{"@type":"ListItem","position":3,"name":"Akcesoria i materia\u0142y eksploatacyjne &#8211; \u015arodki chemiczne"}]},{"@type":"WebSite","@id":"https:\/\/www.electroluxprofessional.com\/pl\/#website","url":"https:\/\/www.electroluxprofessional.com\/pl\/","name":"Electrolux Professional Polska","description":"","potentialAction":[{"@type":"SearchAction","target":{"@type":"EntryPoint","urlTemplate":"https:\/\/www.electroluxprofessional.com\/pl\/?src={search_term_string}"},"query-input":"required name=search_term_string"}],"inLanguage":"pl-PL"}]}},"_links":{"self":[{"href":"https:\/\/www.electroluxprofessional.com\/pl\/wp-json\/wp\/v2\/pages\/9438"}],"collection":[{"href":"https:\/\/www.electroluxprofessional.com\/pl\/wp-json\/wp\/v2\/pages"}],"about":[{"href":"https:\/\/www.electroluxprofessional.com\/pl\/wp-json\/wp\/v2\/types\/page"}],"author":[{"embeddable":true,"href":"https:\/\/www.electroluxprofessional.com\/pl\/wp-json\/wp\/v2\/users\/79"}],"replies":[{"embeddable":true,"href":"https:\/\/www.electroluxprofessional.com\/pl\/wp-json\/wp\/v2\/comments?post=9438"}],"version-history":[{"count":6,"href":"https:\/\/www.electroluxprofessional.com\/pl\/wp-json\/wp\/v2\/pages\/9438\/revisions"}],"predecessor-version":[{"id":11760,"href":"https:\/\/www.electroluxprofessional.com\/pl\/wp-json\/wp\/v2\/pages\/9438\/revisions\/11760"}],"up":[{"embeddable":true,"href":"https:\/\/www.electroluxprofessional.com\/pl\/wp-json\/wp\/v2\/pages\/1715"}],"wp:featuredmedia":[{"embeddable":true,"href":"https:\/\/www.electroluxprofessional.com\/pl\/wp-json\/wp\/v2\/media\/796"}],"wp:attachment":[{"href":"https:\/\/www.electroluxprofessional.com\/pl\/wp-json\/wp\/v2\/media?parent=9438"}],"curies":[{"name":"wp","href":"https:\/\/api.w.org\/{rel}","templated":true}]}}