{"id":9427,"date":"2023-11-23T10:49:51","date_gmt":"2023-11-23T10:49:51","guid":{"rendered":"https:\/\/www.electroluxprofessional.com\/pl\/?page_id=9427"},"modified":"2025-11-25T11:35:45","modified_gmt":"2025-11-25T11:35:45","slug":"akcesoria-i-materialy-eksploatacyjne-kuchnia-modulowa","status":"publish","type":"page","link":"https:\/\/www.electroluxprofessional.com\/pl\/akcesoria-materialy-eksploatacyjne\/akcesoria-i-materialy-eksploatacyjne-kuchnia-modulowa\/","title":{"rendered":"Akcesoria i materia\u0142y eksploatacyjne &#8211; kuchnia modu\u0142owa"},"content":{"rendered":"<p>[vc_row full_width=&#8221;electroluxpro-full-width-no-padding&#8221;][vc_column css=&#8221;.vc_custom_1618358802266{margin-top: -40px !important;border-top-width: -40px !important;padding-top: -40px !important;}&#8221;][elx_full_banner title=&#8221;Akcesoria i materia\u0142y eksploatacyjne &#8211; kuchnia modu\u0142owa&#8221; set_as_h1=&#8221;true&#8221; background_image_media_library=&#8221;9425&#8243; background_image_media_library_mobile=&#8221;9426&#8243; link=&#8221;url:%23contact|title:Dowiedz%20si%C4%99%20wi%C4%99cej&#8221;][vc_row_inner full_width=&#8221;electroluxpro-full-width&#8221; gap=&#8221;15&#8243;][vc_column_inner width=&#8221;1\/4&#8243;][elx_download_block text=&#8221;Katalog akcesori\u00f3w do zabezpieczenia, sanityzacji i czyszczenia&#8221; document_type=&#8221;cat&#8221; file_picker=&#8221;24892&#8243; background_color=&#8221;electrolux-blue&#8221; background_hover_color=&#8221;lighter-hover&#8221; ca_document_number=&#8221;CAT10&#8243;][\/vc_column_inner][vc_column_inner width=&#8221;1\/4&#8243;][elx_download_block text=&#8221;Katalog oryginalnych cz\u0119\u015bci zamiennych, akcesori\u00f3w i materia\u0142\u00f3w eksploatacyjnych&#8221; document_type=&#8221;cat&#8221; file_picker=&#8221;24892&#8243; background_color=&#8221;electrolux-blue&#8221; background_hover_color=&#8221;lighter-hover&#8221; ca_document_number=&#8221;CAT19&#8243;][\/vc_column_inner][vc_column_inner width=&#8221;1\/4&#8243;][elx_download_block text=&#8221;Katalog zestaw\u00f3w cz\u0119\u015bci zamiennych&#8221; document_type=&#8221;cat&#8221; file_picker=&#8221;24892&#8243; background_color=&#8221;electrolux-blue&#8221; background_hover_color=&#8221;lighter-hover&#8221; ca_document_number=&#8221;CAT9&#8243;][\/vc_column_inner][vc_column_inner width=&#8221;1\/4&#8243;][elx_download_block text=&#8221;Professional cleaning detergents Selection Guide&#8221; file_picker=&#8221;47320&#8243; background_color=&#8221;electrolux-blue&#8221;][\/vc_column_inner][\/vc_row_inner][\/vc_column][\/vc_row][vc_row][vc_column][vc_column_text][\/vc_column_text][\/vc_column][\/vc_row][vc_row][vc_column][elx_menu][vc_empty_space][vc_column_text]Kosze do warnik\u00f3w do makaronu, grille, profesjonalne odt\u0142uszczacze i wiele wi\u0119cej. Oryginalne akcesoria i materia\u0142y eksploatacyjne dla twojego asortymentu modu\u0142owej kuchni.[\/vc_column_text][\/vc_column][\/vc_row][vc_row][vc_column width=&#8221;1\/3&#8243;][vc_single_image image=&#8221;9418&#8243; img_size=&#8221;full&#8221; alignment=&#8221;center&#8221; css_animation=&#8221;none&#8221;][vc_empty_space height=&#8221;10px&#8221;][elx_heading font_size=&#8221;h5&#8243; text_color=&#8221;inherit&#8221;]Kosze do warnik\u00f3w do makaronu[\/elx_heading][vc_column_text]Nasze kosze s\u0105 wykonane w ca\u0142o\u015bci ze stali nierdzewnej AISI 304 dla zapewnienia maksymalnej higieny oraz zaprojektowane dla najlepszej ergonomii.[\/vc_column_text][vc_empty_space height=&#8221;58px&#8221;][\/vc_column][vc_column width=&#8221;1\/3&#8243;][vc_single_image image=&#8221;9419&#8243; img_size=&#8221;full&#8221; css_animation=&#8221;none&#8221;][vc_empty_space height=&#8221;10px&#8221;][elx_heading font_size=&#8221;h5&#8243; text_color=&#8221;inherit&#8221;]Profesjonalny odt\u0142uszczacz[\/elx_heading][vc_column_text]Nasz profesjonalny odt\u0142uszczacz to idealne rozwi\u0105zanie do czyszczenia powierzchni gotowania w wysokich temperaturach. Zalecany do p\u0142yt grillowych, patelni przechylnych oraz kuchni wielofunkcyjnych.[\/vc_column_text][vc_empty_space height=&#8221;20px&#8221;][vc_empty_space height=&#8221;58px&#8221;][\/vc_column][vc_column width=&#8221;1\/3&#8243;][vc_single_image image=&#8221;9420&#8243; img_size=&#8221;large&#8221;][vc_empty_space height=&#8221;10px&#8221;][elx_heading font_size=&#8221;h5&#8243; text_color=&#8221;inherit&#8221;]Tester oleju kuchennego[\/elx_heading][vc_column_text]Zapobiegaj stosowaniu zu\u017cytego oleju do przygotowania \u017cywno\u015bci dzi\u0119ki elektronicznemu systemowi kontroli oleju, zapewniaj\u0105c zr\u00f3wnowa\u017cone dzia\u0142anie, oszcz\u0119dno\u015b\u0107 koszt\u00f3w oraz unikaj\u0105c zagro\u017ceniom dla zdrowia.[\/vc_column_text][vc_empty_space height=&#8221;58px&#8221;][\/vc_column][\/vc_row][vc_row][vc_column width=&#8221;1\/3&#8243;][vc_empty_space height=&#8221;58px&#8221;][vc_single_image image=&#8221;9421&#8243; img_size=&#8221;full&#8221; alignment=&#8221;center&#8221; css_animation=&#8221;none&#8221;][vc_empty_space height=&#8221;20px&#8221;][elx_heading font_size=&#8221;h5&#8243; text_color=&#8221;inherit&#8221;]Filtry papierowe do systemu filtracji dla frytownicy 23 l[\/elx_heading][vc_column_text]Zestaw dla zaawansowanego systemu filtracji do frytownicy 23 l usuwa najmniejsze pozosta\u0142o\u015bci \u017cywno\u015bci oraz wyd\u0142u\u017ca czas stosowania oleju.[\/vc_column_text][vc_empty_space height=&#8221;58px&#8221;][\/vc_column][vc_column width=&#8221;1\/3&#8243;][vc_empty_space height=&#8221;50px&#8221;][vc_single_image image=&#8221;9422&#8243; img_size=&#8221;medium&#8221; css_animation=&#8221;none&#8221;][vc_empty_space height=&#8221;50px&#8221;][elx_heading font_size=&#8221;h5&#8243; text_color=&#8221;inherit&#8221;]Kosze do frytownic[\/elx_heading][vc_column_text]Nasze kosze s\u0105 wykonane w ca\u0142o\u015bci ze stali nierdzewnej AISI 304 dla zapewnienia maksymalnej higieny oraz zaprojektowane dla najlepszej ergonomii.[\/vc_column_text][vc_empty_space height=&#8221;20px&#8221;][\/vc_column][vc_column width=&#8221;1\/3&#8243;][vc_empty_space height=&#8221;100px&#8221;][vc_single_image image=&#8221;9423&#8243; img_size=&#8221;large&#8221;][vc_empty_space height=&#8221;95px&#8221;][elx_heading font_size=&#8221;h5&#8243; text_color=&#8221;inherit&#8221;]Misa woka indukcyjnego ze stali nierdzewnej z uchwytem[\/elx_heading][vc_column_text]Idealnie dopasowana misa woka do woka indukcyjnego dla optymalnego rozk\u0142adu ciep\u0142a.[\/vc_column_text][vc_empty_space height=&#8221;20px&#8221;][\/vc_column][\/vc_row][vc_row][vc_column width=&#8221;1\/3&#8243;][vc_empty_space height=&#8221;58px&#8221;][\/vc_column][vc_column width=&#8221;1\/3&#8243;][vc_empty_space height=&#8221;58px&#8221;][\/vc_column][vc_column width=&#8221;1\/3&#8243;][vc_empty_space height=&#8221;58px&#8221;][\/vc_column][\/vc_row][vc_row][vc_column][elx_heading font_container=&#8221;h4&#8243; font_size=&#8221;h3&#8243; text_color=&#8221;inherit&#8221; text_align=&#8221;text-center&#8221;]Odkryj nasze asortymenty kuchenne[\/elx_heading][\/vc_column][\/vc_row][vc_row disable_element=&#8221;yes&#8221;][vc_column width=&#8221;1\/3&#8243;][elx_maylike_box id_box=&#8221;1358&#8243;][\/vc_column][vc_column width=&#8221;1\/3&#8243;][elx_maylike_box id_box=&#8221;1278&#8243;][\/vc_column][vc_column width=&#8221;1\/3&#8243;][elx_maylike_box id_box=&#8221;1390&#8243; link_target=&#8221;blank&#8221;][\/vc_column][\/vc_row][vc_row el_id=&#8221;contact&#8221;][vc_column][vc_empty_space][elx_heading font_container=&#8221;h3&#8243; text_color=&#8221;inherit&#8221; text_align=&#8221;text-center&#8221;]Dowiedz si\u0119, jak spersonalizowa\u0107 tw\u00f3j system kuchni modu\u0142owej[\/elx_heading][elx_o2000_contact_us s=&#8221;Request of information about accessories and consumables for modular cooking&#8221; container=&#8221;elxcontactus1484304163&#8243; r=&#8221;I would like to find out more about accessories and consumables for modular cooking. Please get in touch with me.&#8221;][vc_empty_space][\/vc_column][\/vc_row][vc_row][vc_column][vc_column_text][\/vc_column_text][\/vc_column][\/vc_row]<\/p>\n","protected":false},"excerpt":{"rendered":"<p>[vc_row full_width=&#8221;electroluxpro-full-width-no-padding&#8221;][vc_column css=&#8221;.vc_custom_1618358802266{margin-top: -40px !important;border-top-width: -40px !important;padding-top: -40px !important;}&#8221;][elx_full_banner title=&#8221;Akcesoria i materia\u0142y eksploatacyjne &#8211; kuchnia modu\u0142owa&#8221; set_as_h1=&#8221;true&#8221; background_image_media_library=&#8221;9425&#8243; background_image_media_library_mobile=&#8221;9426&#8243; link=&#8221;url:%23contact|title:Dowiedz%20si%C4%99%20wi%C4%99cej&#8221;][vc_row_inner full_width=&#8221;electroluxpro-full-width&#8221; gap=&#8221;15&#8243;][vc_column_inner width=&#8221;1\/4&#8243;][elx_download_block text=&#8221;Katalog akcesori\u00f3w do zabezpieczenia, sanityzacji i czyszczenia&#8221; document_type=&#8221;cat&#8221; file_picker=&#8221;24892&#8243; background_color=&#8221;electrolux-blue&#8221; background_hover_color=&#8221;lighter-hover&#8221; ca_document_number=&#8221;CAT10&#8243;][\/vc_column_inner][vc_column_inner width=&#8221;1\/4&#8243;][elx_download_block text=&#8221;Katalog oryginalnych cz\u0119\u015bci zamiennych, akcesori\u00f3w i materia\u0142\u00f3w eksploatacyjnych&#8221; document_type=&#8221;cat&#8221; file_picker=&#8221;24892&#8243; background_color=&#8221;electrolux-blue&#8221; background_hover_color=&#8221;lighter-hover&#8221; ca_document_number=&#8221;CAT19&#8243;][\/vc_column_inner][vc_column_inner width=&#8221;1\/4&#8243;][elx_download_block text=&#8221;Katalog zestaw\u00f3w cz\u0119\u015bci zamiennych&#8221; document_type=&#8221;cat&#8221; [&hellip;]<\/p>\n","protected":false},"author":79,"featured_media":1674,"parent":1715,"menu_order":0,"comment_status":"closed","ping_status":"closed","template":"","meta":{"footnotes":""},"class_list":["post-9427","page","type-page","status-publish","has-post-thumbnail","hentry"],"acf":[],"yoast_head":"<!-- This site is optimized with the Yoast SEO plugin v23.3 - https:\/\/yoast.com\/wordpress\/plugins\/seo\/ -->\n<title>materia\u0142y eksploatacyjne - kuchnia modu\u0142owa - Electrolux Professional<\/title>\n<meta name=\"description\" content=\"Kuchenki i piece, kosze do gotowania makaronu, grille, profesjonalne odt\u0142uszczacze i wiele innych. Odkryj nasze akcesoria i materia\u0142y eksploatacyjne do kuchni modu\u0142owej.\" \/>\n<meta name=\"robots\" content=\"index, follow, max-snippet:-1, max-image-preview:large, max-video-preview:-1\" \/>\n<link rel=\"canonical\" href=\"https:\/\/www.electroluxprofessional.com\/pl\/akcesoria-materialy-eksploatacyjne\/akcesoria-i-materialy-eksploatacyjne-kuchnia-modulowa\/\" \/>\n<meta property=\"og:locale\" content=\"pl_PL\" \/>\n<meta property=\"og:type\" content=\"article\" \/>\n<meta property=\"og:title\" content=\"materia\u0142y eksploatacyjne - kuchnia modu\u0142owa - Electrolux Professional\" \/>\n<meta property=\"og:description\" content=\"Kuchenki i piece, kosze do gotowania makaronu, grille, profesjonalne odt\u0142uszczacze i wiele innych. Odkryj nasze akcesoria i materia\u0142y eksploatacyjne do kuchni modu\u0142owej.\" \/>\n<meta property=\"og:url\" content=\"https:\/\/www.electroluxprofessional.com\/pl\/akcesoria-materialy-eksploatacyjne\/akcesoria-i-materialy-eksploatacyjne-kuchnia-modulowa\/\" \/>\n<meta property=\"og:site_name\" content=\"Electrolux Professional Polska\" \/>\n<meta property=\"article:modified_time\" content=\"2025-11-25T11:35:45+00:00\" \/>\n<meta property=\"og:image\" content=\"https:\/\/www.electroluxprofessional.com\/pl\/wp-content\/uploads\/2016\/11\/xp1.jpg\" \/>\n\t<meta property=\"og:image:width\" content=\"2000\" \/>\n\t<meta property=\"og:image:height\" content=\"1333\" \/>\n\t<meta property=\"og:image:type\" content=\"image\/jpeg\" \/>\n<meta name=\"twitter:card\" content=\"summary_large_image\" \/>\n<meta name=\"twitter:label1\" content=\"Szacowany czas czytania\" \/>\n\t<meta name=\"twitter:data1\" content=\"3 minuty\" \/>\n<script type=\"application\/ld+json\" class=\"yoast-schema-graph\">{\"@context\":\"https:\/\/schema.org\",\"@graph\":[{\"@type\":\"WebPage\",\"@id\":\"https:\/\/www.electroluxprofessional.com\/pl\/akcesoria-materialy-eksploatacyjne\/akcesoria-i-materialy-eksploatacyjne-kuchnia-modulowa\/\",\"url\":\"https:\/\/www.electroluxprofessional.com\/pl\/akcesoria-materialy-eksploatacyjne\/akcesoria-i-materialy-eksploatacyjne-kuchnia-modulowa\/\",\"name\":\"materia\u0142y eksploatacyjne - kuchnia modu\u0142owa - Electrolux Professional\",\"isPartOf\":{\"@id\":\"https:\/\/www.electroluxprofessional.com\/pl\/#website\"},\"primaryImageOfPage\":{\"@id\":\"https:\/\/www.electroluxprofessional.com\/pl\/akcesoria-materialy-eksploatacyjne\/akcesoria-i-materialy-eksploatacyjne-kuchnia-modulowa\/#primaryimage\"},\"image\":{\"@id\":\"https:\/\/www.electroluxprofessional.com\/pl\/akcesoria-materialy-eksploatacyjne\/akcesoria-i-materialy-eksploatacyjne-kuchnia-modulowa\/#primaryimage\"},\"thumbnailUrl\":\"https:\/\/www.electroluxprofessional.com\/pl\/wp-content\/uploads\/2016\/11\/xp1.jpg\",\"datePublished\":\"2023-11-23T10:49:51+00:00\",\"dateModified\":\"2025-11-25T11:35:45+00:00\",\"description\":\"Kuchenki i piece, kosze do gotowania makaronu, grille, profesjonalne odt\u0142uszczacze i wiele innych. Odkryj nasze akcesoria i materia\u0142y eksploatacyjne do kuchni modu\u0142owej.\",\"breadcrumb\":{\"@id\":\"https:\/\/www.electroluxprofessional.com\/pl\/akcesoria-materialy-eksploatacyjne\/akcesoria-i-materialy-eksploatacyjne-kuchnia-modulowa\/#breadcrumb\"},\"inLanguage\":\"pl-PL\",\"potentialAction\":[{\"@type\":\"ReadAction\",\"target\":[\"https:\/\/www.electroluxprofessional.com\/pl\/akcesoria-materialy-eksploatacyjne\/akcesoria-i-materialy-eksploatacyjne-kuchnia-modulowa\/\"]}]},{\"@type\":\"ImageObject\",\"inLanguage\":\"pl-PL\",\"@id\":\"https:\/\/www.electroluxprofessional.com\/pl\/akcesoria-materialy-eksploatacyjne\/akcesoria-i-materialy-eksploatacyjne-kuchnia-modulowa\/#primaryimage\",\"url\":\"https:\/\/www.electroluxprofessional.com\/pl\/wp-content\/uploads\/2016\/11\/xp1.jpg\",\"contentUrl\":\"https:\/\/www.electroluxprofessional.com\/pl\/wp-content\/uploads\/2016\/11\/xp1.jpg\",\"width\":2000,\"height\":1333,\"caption\":\"900XP and 700XP\"},{\"@type\":\"BreadcrumbList\",\"@id\":\"https:\/\/www.electroluxprofessional.com\/pl\/akcesoria-materialy-eksploatacyjne\/akcesoria-i-materialy-eksploatacyjne-kuchnia-modulowa\/#breadcrumb\",\"itemListElement\":[{\"@type\":\"ListItem\",\"position\":1,\"name\":\"Strona g\u0142\u00f3wna\",\"item\":\"https:\/\/www.electroluxprofessional.com\/pl\/\"},{\"@type\":\"ListItem\",\"position\":2,\"name\":\"Akcesoria i materia\u0142y eksploatacyjne\",\"item\":\"https:\/\/www.electroluxprofessional.com\/pl\/akcesoria-materialy-eksploatacyjne\/\"},{\"@type\":\"ListItem\",\"position\":3,\"name\":\"Akcesoria i materia\u0142y eksploatacyjne &#8211; kuchnia modu\u0142owa\"}]},{\"@type\":\"WebSite\",\"@id\":\"https:\/\/www.electroluxprofessional.com\/pl\/#website\",\"url\":\"https:\/\/www.electroluxprofessional.com\/pl\/\",\"name\":\"Electrolux Professional Polska\",\"description\":\"\",\"potentialAction\":[{\"@type\":\"SearchAction\",\"target\":{\"@type\":\"EntryPoint\",\"urlTemplate\":\"https:\/\/www.electroluxprofessional.com\/pl\/?src={search_term_string}\"},\"query-input\":\"required name=search_term_string\"}],\"inLanguage\":\"pl-PL\"}]}<\/script>\n<!-- \/ Yoast SEO plugin. -->","yoast_head_json":{"title":"materia\u0142y eksploatacyjne - kuchnia modu\u0142owa - Electrolux Professional","description":"Kuchenki i piece, kosze do gotowania makaronu, grille, profesjonalne odt\u0142uszczacze i wiele innych. Odkryj nasze akcesoria i materia\u0142y eksploatacyjne do kuchni modu\u0142owej.","robots":{"index":"index","follow":"follow","max-snippet":"max-snippet:-1","max-image-preview":"max-image-preview:large","max-video-preview":"max-video-preview:-1"},"canonical":"https:\/\/www.electroluxprofessional.com\/pl\/akcesoria-materialy-eksploatacyjne\/akcesoria-i-materialy-eksploatacyjne-kuchnia-modulowa\/","og_locale":"pl_PL","og_type":"article","og_title":"materia\u0142y eksploatacyjne - kuchnia modu\u0142owa - Electrolux Professional","og_description":"Kuchenki i piece, kosze do gotowania makaronu, grille, profesjonalne odt\u0142uszczacze i wiele innych. Odkryj nasze akcesoria i materia\u0142y eksploatacyjne do kuchni modu\u0142owej.","og_url":"https:\/\/www.electroluxprofessional.com\/pl\/akcesoria-materialy-eksploatacyjne\/akcesoria-i-materialy-eksploatacyjne-kuchnia-modulowa\/","og_site_name":"Electrolux Professional Polska","article_modified_time":"2025-11-25T11:35:45+00:00","og_image":[{"width":2000,"height":1333,"url":"https:\/\/www.electroluxprofessional.com\/pl\/wp-content\/uploads\/2016\/11\/xp1.jpg","type":"image\/jpeg"}],"twitter_card":"summary_large_image","twitter_misc":{"Szacowany czas czytania":"3 minuty"},"schema":{"@context":"https:\/\/schema.org","@graph":[{"@type":"WebPage","@id":"https:\/\/www.electroluxprofessional.com\/pl\/akcesoria-materialy-eksploatacyjne\/akcesoria-i-materialy-eksploatacyjne-kuchnia-modulowa\/","url":"https:\/\/www.electroluxprofessional.com\/pl\/akcesoria-materialy-eksploatacyjne\/akcesoria-i-materialy-eksploatacyjne-kuchnia-modulowa\/","name":"materia\u0142y eksploatacyjne - kuchnia modu\u0142owa - Electrolux Professional","isPartOf":{"@id":"https:\/\/www.electroluxprofessional.com\/pl\/#website"},"primaryImageOfPage":{"@id":"https:\/\/www.electroluxprofessional.com\/pl\/akcesoria-materialy-eksploatacyjne\/akcesoria-i-materialy-eksploatacyjne-kuchnia-modulowa\/#primaryimage"},"image":{"@id":"https:\/\/www.electroluxprofessional.com\/pl\/akcesoria-materialy-eksploatacyjne\/akcesoria-i-materialy-eksploatacyjne-kuchnia-modulowa\/#primaryimage"},"thumbnailUrl":"https:\/\/www.electroluxprofessional.com\/pl\/wp-content\/uploads\/2016\/11\/xp1.jpg","datePublished":"2023-11-23T10:49:51+00:00","dateModified":"2025-11-25T11:35:45+00:00","description":"Kuchenki i piece, kosze do gotowania makaronu, grille, profesjonalne odt\u0142uszczacze i wiele innych. Odkryj nasze akcesoria i materia\u0142y eksploatacyjne do kuchni modu\u0142owej.","breadcrumb":{"@id":"https:\/\/www.electroluxprofessional.com\/pl\/akcesoria-materialy-eksploatacyjne\/akcesoria-i-materialy-eksploatacyjne-kuchnia-modulowa\/#breadcrumb"},"inLanguage":"pl-PL","potentialAction":[{"@type":"ReadAction","target":["https:\/\/www.electroluxprofessional.com\/pl\/akcesoria-materialy-eksploatacyjne\/akcesoria-i-materialy-eksploatacyjne-kuchnia-modulowa\/"]}]},{"@type":"ImageObject","inLanguage":"pl-PL","@id":"https:\/\/www.electroluxprofessional.com\/pl\/akcesoria-materialy-eksploatacyjne\/akcesoria-i-materialy-eksploatacyjne-kuchnia-modulowa\/#primaryimage","url":"https:\/\/www.electroluxprofessional.com\/pl\/wp-content\/uploads\/2016\/11\/xp1.jpg","contentUrl":"https:\/\/www.electroluxprofessional.com\/pl\/wp-content\/uploads\/2016\/11\/xp1.jpg","width":2000,"height":1333,"caption":"900XP and 700XP"},{"@type":"BreadcrumbList","@id":"https:\/\/www.electroluxprofessional.com\/pl\/akcesoria-materialy-eksploatacyjne\/akcesoria-i-materialy-eksploatacyjne-kuchnia-modulowa\/#breadcrumb","itemListElement":[{"@type":"ListItem","position":1,"name":"Strona g\u0142\u00f3wna","item":"https:\/\/www.electroluxprofessional.com\/pl\/"},{"@type":"ListItem","position":2,"name":"Akcesoria i materia\u0142y eksploatacyjne","item":"https:\/\/www.electroluxprofessional.com\/pl\/akcesoria-materialy-eksploatacyjne\/"},{"@type":"ListItem","position":3,"name":"Akcesoria i materia\u0142y eksploatacyjne &#8211; kuchnia modu\u0142owa"}]},{"@type":"WebSite","@id":"https:\/\/www.electroluxprofessional.com\/pl\/#website","url":"https:\/\/www.electroluxprofessional.com\/pl\/","name":"Electrolux Professional Polska","description":"","potentialAction":[{"@type":"SearchAction","target":{"@type":"EntryPoint","urlTemplate":"https:\/\/www.electroluxprofessional.com\/pl\/?src={search_term_string}"},"query-input":"required name=search_term_string"}],"inLanguage":"pl-PL"}]}},"_links":{"self":[{"href":"https:\/\/www.electroluxprofessional.com\/pl\/wp-json\/wp\/v2\/pages\/9427"}],"collection":[{"href":"https:\/\/www.electroluxprofessional.com\/pl\/wp-json\/wp\/v2\/pages"}],"about":[{"href":"https:\/\/www.electroluxprofessional.com\/pl\/wp-json\/wp\/v2\/types\/page"}],"author":[{"embeddable":true,"href":"https:\/\/www.electroluxprofessional.com\/pl\/wp-json\/wp\/v2\/users\/79"}],"replies":[{"embeddable":true,"href":"https:\/\/www.electroluxprofessional.com\/pl\/wp-json\/wp\/v2\/comments?post=9427"}],"version-history":[{"count":13,"href":"https:\/\/www.electroluxprofessional.com\/pl\/wp-json\/wp\/v2\/pages\/9427\/revisions"}],"predecessor-version":[{"id":11757,"href":"https:\/\/www.electroluxprofessional.com\/pl\/wp-json\/wp\/v2\/pages\/9427\/revisions\/11757"}],"up":[{"embeddable":true,"href":"https:\/\/www.electroluxprofessional.com\/pl\/wp-json\/wp\/v2\/pages\/1715"}],"wp:featuredmedia":[{"embeddable":true,"href":"https:\/\/www.electroluxprofessional.com\/pl\/wp-json\/wp\/v2\/media\/1674"}],"wp:attachment":[{"href":"https:\/\/www.electroluxprofessional.com\/pl\/wp-json\/wp\/v2\/media?parent=9427"}],"curies":[{"name":"wp","href":"https:\/\/api.w.org\/{rel}","templated":true}]}}