{"id":9409,"date":"2023-11-23T10:38:05","date_gmt":"2023-11-23T10:38:05","guid":{"rendered":"https:\/\/www.electroluxprofessional.com\/pl\/?page_id=9409"},"modified":"2025-11-25T11:07:04","modified_gmt":"2025-11-25T11:07:04","slug":"speedelight-2","status":"publish","type":"page","link":"https:\/\/www.electroluxprofessional.com\/pl\/akcesoria-materialy-eksploatacyjne\/speedelight-2\/","title":{"rendered":"Akcesoria i materia\u0142y eksploatacyjne &#8211; SpeeDelight"},"content":{"rendered":"<p>[vc_row full_width=&#8221;electroluxpro-full-width-no-padding&#8221;][vc_column css=&#8221;.vc_custom_1618358802266{margin-top: -40px !important;border-top-width: -40px !important;padding-top: -40px !important;}&#8221;][elx_full_banner title=&#8221;Akcesoria i materia\u0142y eksploatacyjne SpeeDelight&#8221; set_as_h1=&#8221;true&#8221; background_image_media_library=&#8221;9407&#8243; background_image_media_library_mobile=&#8221;9408&#8243; link=&#8221;url:%23contact|title:Dowiedz%20si%C4%99%20wi%C4%99cej&#8221;][vc_row_inner full_width=&#8221;electroluxpro-full-width&#8221; gap=&#8221;15&#8243;][vc_column_inner width=&#8221;1\/4&#8243;][elx_download_block text=&#8221;Katalog akcesori\u00f3w do zabezpieczenia, sanityzacji i czyszczenia&#8221; document_type=&#8221;cat&#8221; file_picker=&#8221;24892&#8243; background_color=&#8221;electrolux-blue&#8221; background_hover_color=&#8221;lighter-hover&#8221; ca_document_number=&#8221;CAT10&#8243;][\/vc_column_inner][vc_column_inner width=&#8221;1\/4&#8243;][elx_download_block text=&#8221;Katalog oryginalnych cz\u0119\u015bci zamiennych, akcesori\u00f3w i materia\u0142\u00f3w eksploatacyjnych&#8221; document_type=&#8221;cat&#8221; file_picker=&#8221;24892&#8243; background_color=&#8221;electrolux-blue&#8221; background_hover_color=&#8221;lighter-hover&#8221; ca_document_number=&#8221;CAT19&#8243;][\/vc_column_inner][vc_column_inner width=&#8221;1\/4&#8243;][elx_download_block text=&#8221;Katalog zestaw\u00f3w cz\u0119\u015bci zamiennych&#8221; document_type=&#8221;cat&#8221; file_picker=&#8221;24892&#8243; background_color=&#8221;electrolux-blue&#8221; background_hover_color=&#8221;lighter-hover&#8221; ca_document_number=&#8221;CAT9&#8243;][\/vc_column_inner][vc_column_inner width=&#8221;1\/4&#8243;][elx_download_block text=&#8221;Professional cleaning detergents Selection Guide&#8221; file_picker=&#8221;47320&#8243; background_color=&#8221;electrolux-blue&#8221;][\/vc_column_inner][\/vc_row_inner][\/vc_column][\/vc_row][vc_row][vc_column][elx_menu][vc_column_text]<\/p>\n<p style=\"text-align: center;\">SpeeDelight to wolno\u015b\u0107 \u0142\u0105czenia szybko\u015bci, jako\u015bci i kreatywno\u015bci. Tylko dzi\u0119ki odpowiednim Akcesoriom i Materia\u0142om Eksploatacyjnym zapewnisz idealn\u0105\u00a0 form\u0119 swoich urz\u0105dze\u0144 SpeeDelight.<\/p>\n<p>[\/vc_column_text][vc_empty_space][\/vc_column][\/vc_row][vc_row disable_element=&#8221;yes&#8221; css=&#8221;.vc_custom_1677145462044{background-position: center !important;background-repeat: no-repeat !important;background-size: cover !important;}&#8221;][vc_column width=&#8221;1\/2&#8243;][elx_heading font_size=&#8221;h5&#8243; text_color=&#8221;inherit&#8221;]Accessories and consumables for premium maintenance[\/elx_heading][vc_column_text]This kit will keep your SpeeDelight in peak form so it can do what it does best: brush, spatula, scraper, removable teflon plate, baking paper, silicon protector, cleaning solutions, rapid grease.[\/vc_column_text][vc_empty_space][\/vc_column][vc_column width=&#8221;1\/2&#8243;][vc_single_image image=&#8221;9400&#8243; img_size=&#8221;full&#8221; css_animation=&#8221;none&#8221;][vc_empty_space][elx_shop_now button_text=&#8221;Shop now&#8221; button_link=&#8221;url:https%3A%2F%2Fbuy.electroluxprofessional.com%2Felectrolux-professional%2Fspeedelight%2Fparts|title:Shop%20&#8243;][vc_empty_space][\/vc_column][\/vc_row][vc_row][vc_column width=&#8221;1\/3&#8243;][vc_single_image image=&#8221;9401&#8243; img_size=&#8221;medium&#8221;][vc_empty_space height=&#8221;45px&#8221;][elx_heading text_color=&#8221;inherit&#8221;]Odt\u0142uszczacz wysokotemperaturowy[\/elx_heading][vc_column_text]Do czyszczenia i specjalnych zastosowa\u0144 w wysokich temperaturach.[\/vc_column_text][vc_empty_space height=&#8221;58px&#8221;][\/vc_column][vc_column width=&#8221;1\/3&#8243;][vc_empty_space height=&#8221;90px&#8221;][vc_single_image image=&#8221;9402&#8243; img_size=&#8221;medium&#8221;][vc_empty_space height=&#8221;48px&#8221;][elx_heading text_color=&#8221;inherit&#8221;]Tacka z pow\u0142ok\u0105 zapobiegaj\u0105c\u0105 przywieraniu[\/elx_heading][vc_column_text]Tacka z pow\u0142ok\u0105 zapobiegaj\u0105c\u0105 przywieraniu dla zapewnienia czysto\u015bci SpeeDelight i skr\u00f3cenia czasu czyszczenia.[\/vc_column_text][vc_empty_space height=&#8221;58px&#8221;][\/vc_column][vc_column width=&#8221;1\/3&#8243;][vc_empty_space height=&#8221;80px&#8221;][vc_single_image image=&#8221;9403&#8243; img_size=&#8221;medium&#8221;][vc_empty_space height=&#8221;50px&#8221;][elx_heading text_color=&#8221;inherit&#8221;]Szczotka z mosi\u0119\u017cnym w\u0142osiem[\/elx_heading][vc_column_text]U\u017cyj ma\u0142ej szczotki z metalowym w\u0142osiem, by usun\u0105\u0107 zaschni\u0119te\u00a0 resztki \u017cywno\u015bci. Stosuj tylko do pokrywy.[\/vc_column_text][vc_empty_space height=&#8221;58px&#8221;][\/vc_column][\/vc_row][vc_row][vc_column width=&#8221;1\/3&#8243;][vc_empty_space height=&#8221;58px&#8221;][\/vc_column][vc_column width=&#8221;1\/3&#8243;][vc_empty_space height=&#8221;58px&#8221;][\/vc_column][vc_column width=&#8221;1\/3&#8243;][vc_empty_space height=&#8221;58px&#8221;][\/vc_column][\/vc_row][vc_row][vc_column width=&#8221;1\/3&#8243;][vc_single_image image=&#8221;9404&#8243; img_size=&#8221;medium&#8221;][vc_empty_space height=&#8221;50px&#8221;][elx_heading text_color=&#8221;inherit&#8221;]Papier do pieczenia[\/elx_heading][vc_column_text]Odpowiedni do modeli do pieczenia.[\/vc_column_text][vc_empty_space height=&#8221;58px&#8221;][\/vc_column][vc_column width=&#8221;1\/3&#8243;][vc_empty_space height=&#8221;80px&#8221;][vc_single_image image=&#8221;9405&#8243; img_size=&#8221;LARGE&#8221;][vc_empty_space height=&#8221;90px&#8221;][elx_heading text_color=&#8221;inherit&#8221;]Silikonowa szpatu\u0142ka[\/elx_heading][vc_column_text]Wszechstronna, do wielu zastosowa\u0144.[\/vc_column_text][vc_empty_space height=&#8221;58px&#8221;][\/vc_column][vc_column width=&#8221;1\/3&#8243;][vc_empty_space height=&#8221;80px&#8221;][vc_single_image image=&#8221;9406&#8243; img_size=&#8221;medium&#8221;][vc_empty_space height=&#8221;45px&#8221;][elx_heading text_color=&#8221;inherit&#8221;]Szczotka[\/elx_heading][vc_column_text]Do usuwania okruch\u00f3w\u00a0 z p\u0142yty grillowej i powierzchni gotowania.[\/vc_column_text][vc_empty_space height=&#8221;58px&#8221;][\/vc_column][\/vc_row][vc_row][vc_column width=&#8221;1\/3&#8243;][vc_empty_space height=&#8221;58px&#8221;][\/vc_column][vc_column width=&#8221;1\/3&#8243;][vc_empty_space height=&#8221;58px&#8221;][\/vc_column][vc_column width=&#8221;1\/3&#8243;][vc_empty_space height=&#8221;58px&#8221;][\/vc_column][\/vc_row][vc_row][vc_column][vc_empty_space][elx_heading font_container=&#8221;h3&#8243; text_color=&#8221;inherit&#8221;]Dowiedz si\u0119, jak spersonalizowa\u0107 tw\u00f3j SpeeDelight[\/elx_heading][elx_o2000_contact_us s=&#8221;Request of information about accessories and consumables for SpeeDelight&#8221; container=&#8221;elxcontactus1484315184&#8243; r=&#8221;I would like to find out more about accessories and consumables for SpeeDelight. Please get in touch with me.&#8221;][\/vc_column][\/vc_row]<\/p>\n","protected":false},"excerpt":{"rendered":"<p>[vc_row full_width=&#8221;electroluxpro-full-width-no-padding&#8221;][vc_column css=&#8221;.vc_custom_1618358802266{margin-top: -40px !important;border-top-width: -40px !important;padding-top: -40px !important;}&#8221;][elx_full_banner title=&#8221;Akcesoria i materia\u0142y eksploatacyjne SpeeDelight&#8221; set_as_h1=&#8221;true&#8221; background_image_media_library=&#8221;9407&#8243; background_image_media_library_mobile=&#8221;9408&#8243; link=&#8221;url:%23contact|title:Dowiedz%20si%C4%99%20wi%C4%99cej&#8221;][vc_row_inner full_width=&#8221;electroluxpro-full-width&#8221; gap=&#8221;15&#8243;][vc_column_inner width=&#8221;1\/4&#8243;][elx_download_block text=&#8221;Katalog akcesori\u00f3w do zabezpieczenia, sanityzacji i czyszczenia&#8221; document_type=&#8221;cat&#8221; file_picker=&#8221;24892&#8243; background_color=&#8221;electrolux-blue&#8221; background_hover_color=&#8221;lighter-hover&#8221; ca_document_number=&#8221;CAT10&#8243;][\/vc_column_inner][vc_column_inner width=&#8221;1\/4&#8243;][elx_download_block text=&#8221;Katalog oryginalnych cz\u0119\u015bci zamiennych, akcesori\u00f3w i materia\u0142\u00f3w eksploatacyjnych&#8221; document_type=&#8221;cat&#8221; file_picker=&#8221;24892&#8243; background_color=&#8221;electrolux-blue&#8221; background_hover_color=&#8221;lighter-hover&#8221; ca_document_number=&#8221;CAT19&#8243;][\/vc_column_inner][vc_column_inner width=&#8221;1\/4&#8243;][elx_download_block text=&#8221;Katalog zestaw\u00f3w cz\u0119\u015bci zamiennych&#8221; document_type=&#8221;cat&#8221; file_picker=&#8221;24892&#8243; background_color=&#8221;electrolux-blue&#8221; [&hellip;]<\/p>\n","protected":false},"author":79,"featured_media":1162,"parent":1715,"menu_order":0,"comment_status":"closed","ping_status":"closed","template":"","meta":{"footnotes":""},"class_list":["post-9409","page","type-page","status-publish","has-post-thumbnail","hentry"],"acf":[],"yoast_head":"<!-- This site is optimized with the Yoast SEO plugin v23.3 - https:\/\/yoast.com\/wordpress\/plugins\/seo\/ -->\n<title>Akcesoria i materia\u0142y eksploatacyjne - SpeeDelight - Electrolux Professional Polska<\/title>\n<meta name=\"description\" content=\"Odkryj nasze akcesoria i materia\u0142y eksploatacyjne do konserwacji najwy\u017cszej klasy. P\u0119dzel, szpatu\u0142ka, skrobaczka i szybki smar pozwol\u0105 utrzyma\u0107 grill przek\u0105skowy SpeeDelight w doskona\u0142ej formie.\" \/>\n<meta name=\"robots\" content=\"index, follow, max-snippet:-1, max-image-preview:large, max-video-preview:-1\" \/>\n<link rel=\"canonical\" href=\"https:\/\/www.electroluxprofessional.com\/pl\/akcesoria-materialy-eksploatacyjne\/speedelight-2\/\" \/>\n<meta property=\"og:locale\" content=\"pl_PL\" \/>\n<meta property=\"og:type\" content=\"article\" \/>\n<meta property=\"og:title\" content=\"Akcesoria i materia\u0142y eksploatacyjne - SpeeDelight - Electrolux Professional Polska\" \/>\n<meta property=\"og:description\" content=\"Odkryj nasze akcesoria i materia\u0142y eksploatacyjne do konserwacji najwy\u017cszej klasy. P\u0119dzel, szpatu\u0142ka, skrobaczka i szybki smar pozwol\u0105 utrzyma\u0107 grill przek\u0105skowy SpeeDelight w doskona\u0142ej formie.\" \/>\n<meta property=\"og:url\" content=\"https:\/\/www.electroluxprofessional.com\/pl\/akcesoria-materialy-eksploatacyjne\/speedelight-2\/\" \/>\n<meta property=\"og:site_name\" content=\"Electrolux Professional Polska\" \/>\n<meta property=\"article:modified_time\" content=\"2025-11-25T11:07:04+00:00\" \/>\n<meta property=\"og:image\" content=\"https:\/\/www.electroluxprofessional.com\/pl\/wp-content\/uploads\/2016\/12\/speedelight.jpg\" \/>\n\t<meta property=\"og:image:width\" content=\"700\" \/>\n\t<meta property=\"og:image:height\" content=\"700\" \/>\n\t<meta property=\"og:image:type\" content=\"image\/jpeg\" \/>\n<meta name=\"twitter:card\" content=\"summary_large_image\" \/>\n<meta name=\"twitter:label1\" content=\"Szacowany czas czytania\" \/>\n\t<meta name=\"twitter:data1\" content=\"2 minuty\" \/>\n<script type=\"application\/ld+json\" class=\"yoast-schema-graph\">{\"@context\":\"https:\/\/schema.org\",\"@graph\":[{\"@type\":\"WebPage\",\"@id\":\"https:\/\/www.electroluxprofessional.com\/pl\/akcesoria-materialy-eksploatacyjne\/speedelight-2\/\",\"url\":\"https:\/\/www.electroluxprofessional.com\/pl\/akcesoria-materialy-eksploatacyjne\/speedelight-2\/\",\"name\":\"Akcesoria i materia\u0142y eksploatacyjne - SpeeDelight - Electrolux Professional Polska\",\"isPartOf\":{\"@id\":\"https:\/\/www.electroluxprofessional.com\/pl\/#website\"},\"primaryImageOfPage\":{\"@id\":\"https:\/\/www.electroluxprofessional.com\/pl\/akcesoria-materialy-eksploatacyjne\/speedelight-2\/#primaryimage\"},\"image\":{\"@id\":\"https:\/\/www.electroluxprofessional.com\/pl\/akcesoria-materialy-eksploatacyjne\/speedelight-2\/#primaryimage\"},\"thumbnailUrl\":\"https:\/\/www.electroluxprofessional.com\/pl\/wp-content\/uploads\/2016\/12\/speedelight.jpg\",\"datePublished\":\"2023-11-23T10:38:05+00:00\",\"dateModified\":\"2025-11-25T11:07:04+00:00\",\"description\":\"Odkryj nasze akcesoria i materia\u0142y eksploatacyjne do konserwacji najwy\u017cszej klasy. P\u0119dzel, szpatu\u0142ka, skrobaczka i szybki smar pozwol\u0105 utrzyma\u0107 grill przek\u0105skowy SpeeDelight w doskona\u0142ej formie.\",\"breadcrumb\":{\"@id\":\"https:\/\/www.electroluxprofessional.com\/pl\/akcesoria-materialy-eksploatacyjne\/speedelight-2\/#breadcrumb\"},\"inLanguage\":\"pl-PL\",\"potentialAction\":[{\"@type\":\"ReadAction\",\"target\":[\"https:\/\/www.electroluxprofessional.com\/pl\/akcesoria-materialy-eksploatacyjne\/speedelight-2\/\"]}]},{\"@type\":\"ImageObject\",\"inLanguage\":\"pl-PL\",\"@id\":\"https:\/\/www.electroluxprofessional.com\/pl\/akcesoria-materialy-eksploatacyjne\/speedelight-2\/#primaryimage\",\"url\":\"https:\/\/www.electroluxprofessional.com\/pl\/wp-content\/uploads\/2016\/12\/speedelight.jpg\",\"contentUrl\":\"https:\/\/www.electroluxprofessional.com\/pl\/wp-content\/uploads\/2016\/12\/speedelight.jpg\",\"width\":700,\"height\":700,\"caption\":\"SpeeDelight\"},{\"@type\":\"BreadcrumbList\",\"@id\":\"https:\/\/www.electroluxprofessional.com\/pl\/akcesoria-materialy-eksploatacyjne\/speedelight-2\/#breadcrumb\",\"itemListElement\":[{\"@type\":\"ListItem\",\"position\":1,\"name\":\"Strona g\u0142\u00f3wna\",\"item\":\"https:\/\/www.electroluxprofessional.com\/pl\/\"},{\"@type\":\"ListItem\",\"position\":2,\"name\":\"Akcesoria i materia\u0142y eksploatacyjne\",\"item\":\"https:\/\/www.electroluxprofessional.com\/pl\/akcesoria-materialy-eksploatacyjne\/\"},{\"@type\":\"ListItem\",\"position\":3,\"name\":\"Akcesoria i materia\u0142y eksploatacyjne &#8211; SpeeDelight\"}]},{\"@type\":\"WebSite\",\"@id\":\"https:\/\/www.electroluxprofessional.com\/pl\/#website\",\"url\":\"https:\/\/www.electroluxprofessional.com\/pl\/\",\"name\":\"Electrolux Professional Polska\",\"description\":\"\",\"potentialAction\":[{\"@type\":\"SearchAction\",\"target\":{\"@type\":\"EntryPoint\",\"urlTemplate\":\"https:\/\/www.electroluxprofessional.com\/pl\/?src={search_term_string}\"},\"query-input\":\"required name=search_term_string\"}],\"inLanguage\":\"pl-PL\"}]}<\/script>\n<!-- \/ Yoast SEO plugin. -->","yoast_head_json":{"title":"Akcesoria i materia\u0142y eksploatacyjne - SpeeDelight - Electrolux Professional Polska","description":"Odkryj nasze akcesoria i materia\u0142y eksploatacyjne do konserwacji najwy\u017cszej klasy. P\u0119dzel, szpatu\u0142ka, skrobaczka i szybki smar pozwol\u0105 utrzyma\u0107 grill przek\u0105skowy SpeeDelight w doskona\u0142ej formie.","robots":{"index":"index","follow":"follow","max-snippet":"max-snippet:-1","max-image-preview":"max-image-preview:large","max-video-preview":"max-video-preview:-1"},"canonical":"https:\/\/www.electroluxprofessional.com\/pl\/akcesoria-materialy-eksploatacyjne\/speedelight-2\/","og_locale":"pl_PL","og_type":"article","og_title":"Akcesoria i materia\u0142y eksploatacyjne - SpeeDelight - Electrolux Professional Polska","og_description":"Odkryj nasze akcesoria i materia\u0142y eksploatacyjne do konserwacji najwy\u017cszej klasy. P\u0119dzel, szpatu\u0142ka, skrobaczka i szybki smar pozwol\u0105 utrzyma\u0107 grill przek\u0105skowy SpeeDelight w doskona\u0142ej formie.","og_url":"https:\/\/www.electroluxprofessional.com\/pl\/akcesoria-materialy-eksploatacyjne\/speedelight-2\/","og_site_name":"Electrolux Professional Polska","article_modified_time":"2025-11-25T11:07:04+00:00","og_image":[{"width":700,"height":700,"url":"https:\/\/www.electroluxprofessional.com\/pl\/wp-content\/uploads\/2016\/12\/speedelight.jpg","type":"image\/jpeg"}],"twitter_card":"summary_large_image","twitter_misc":{"Szacowany czas czytania":"2 minuty"},"schema":{"@context":"https:\/\/schema.org","@graph":[{"@type":"WebPage","@id":"https:\/\/www.electroluxprofessional.com\/pl\/akcesoria-materialy-eksploatacyjne\/speedelight-2\/","url":"https:\/\/www.electroluxprofessional.com\/pl\/akcesoria-materialy-eksploatacyjne\/speedelight-2\/","name":"Akcesoria i materia\u0142y eksploatacyjne - SpeeDelight - Electrolux Professional Polska","isPartOf":{"@id":"https:\/\/www.electroluxprofessional.com\/pl\/#website"},"primaryImageOfPage":{"@id":"https:\/\/www.electroluxprofessional.com\/pl\/akcesoria-materialy-eksploatacyjne\/speedelight-2\/#primaryimage"},"image":{"@id":"https:\/\/www.electroluxprofessional.com\/pl\/akcesoria-materialy-eksploatacyjne\/speedelight-2\/#primaryimage"},"thumbnailUrl":"https:\/\/www.electroluxprofessional.com\/pl\/wp-content\/uploads\/2016\/12\/speedelight.jpg","datePublished":"2023-11-23T10:38:05+00:00","dateModified":"2025-11-25T11:07:04+00:00","description":"Odkryj nasze akcesoria i materia\u0142y eksploatacyjne do konserwacji najwy\u017cszej klasy. P\u0119dzel, szpatu\u0142ka, skrobaczka i szybki smar pozwol\u0105 utrzyma\u0107 grill przek\u0105skowy SpeeDelight w doskona\u0142ej formie.","breadcrumb":{"@id":"https:\/\/www.electroluxprofessional.com\/pl\/akcesoria-materialy-eksploatacyjne\/speedelight-2\/#breadcrumb"},"inLanguage":"pl-PL","potentialAction":[{"@type":"ReadAction","target":["https:\/\/www.electroluxprofessional.com\/pl\/akcesoria-materialy-eksploatacyjne\/speedelight-2\/"]}]},{"@type":"ImageObject","inLanguage":"pl-PL","@id":"https:\/\/www.electroluxprofessional.com\/pl\/akcesoria-materialy-eksploatacyjne\/speedelight-2\/#primaryimage","url":"https:\/\/www.electroluxprofessional.com\/pl\/wp-content\/uploads\/2016\/12\/speedelight.jpg","contentUrl":"https:\/\/www.electroluxprofessional.com\/pl\/wp-content\/uploads\/2016\/12\/speedelight.jpg","width":700,"height":700,"caption":"SpeeDelight"},{"@type":"BreadcrumbList","@id":"https:\/\/www.electroluxprofessional.com\/pl\/akcesoria-materialy-eksploatacyjne\/speedelight-2\/#breadcrumb","itemListElement":[{"@type":"ListItem","position":1,"name":"Strona g\u0142\u00f3wna","item":"https:\/\/www.electroluxprofessional.com\/pl\/"},{"@type":"ListItem","position":2,"name":"Akcesoria i materia\u0142y eksploatacyjne","item":"https:\/\/www.electroluxprofessional.com\/pl\/akcesoria-materialy-eksploatacyjne\/"},{"@type":"ListItem","position":3,"name":"Akcesoria i materia\u0142y eksploatacyjne &#8211; SpeeDelight"}]},{"@type":"WebSite","@id":"https:\/\/www.electroluxprofessional.com\/pl\/#website","url":"https:\/\/www.electroluxprofessional.com\/pl\/","name":"Electrolux Professional Polska","description":"","potentialAction":[{"@type":"SearchAction","target":{"@type":"EntryPoint","urlTemplate":"https:\/\/www.electroluxprofessional.com\/pl\/?src={search_term_string}"},"query-input":"required name=search_term_string"}],"inLanguage":"pl-PL"}]}},"_links":{"self":[{"href":"https:\/\/www.electroluxprofessional.com\/pl\/wp-json\/wp\/v2\/pages\/9409"}],"collection":[{"href":"https:\/\/www.electroluxprofessional.com\/pl\/wp-json\/wp\/v2\/pages"}],"about":[{"href":"https:\/\/www.electroluxprofessional.com\/pl\/wp-json\/wp\/v2\/types\/page"}],"author":[{"embeddable":true,"href":"https:\/\/www.electroluxprofessional.com\/pl\/wp-json\/wp\/v2\/users\/79"}],"replies":[{"embeddable":true,"href":"https:\/\/www.electroluxprofessional.com\/pl\/wp-json\/wp\/v2\/comments?post=9409"}],"version-history":[{"count":10,"href":"https:\/\/www.electroluxprofessional.com\/pl\/wp-json\/wp\/v2\/pages\/9409\/revisions"}],"predecessor-version":[{"id":11756,"href":"https:\/\/www.electroluxprofessional.com\/pl\/wp-json\/wp\/v2\/pages\/9409\/revisions\/11756"}],"up":[{"embeddable":true,"href":"https:\/\/www.electroluxprofessional.com\/pl\/wp-json\/wp\/v2\/pages\/1715"}],"wp:featuredmedia":[{"embeddable":true,"href":"https:\/\/www.electroluxprofessional.com\/pl\/wp-json\/wp\/v2\/media\/1162"}],"wp:attachment":[{"href":"https:\/\/www.electroluxprofessional.com\/pl\/wp-json\/wp\/v2\/media?parent=9409"}],"curies":[{"name":"wp","href":"https:\/\/api.w.org\/{rel}","templated":true}]}}