{"id":9394,"date":"2023-11-23T10:22:27","date_gmt":"2023-11-23T10:22:27","guid":{"rendered":"https:\/\/www.electroluxprofessional.com\/pl\/?page_id=9394"},"modified":"2025-11-25T11:36:45","modified_gmt":"2025-11-25T11:36:45","slug":"akcesoria-i-materialy-eksploatacyjne-cook-and-chill","status":"publish","type":"page","link":"https:\/\/www.electroluxprofessional.com\/pl\/akcesoria-materialy-eksploatacyjne\/akcesoria-i-materialy-eksploatacyjne-cook-and-chill\/","title":{"rendered":"Akcesoria i materia\u0142y eksploatacyjne &#8211; Cook and chill"},"content":{"rendered":"<p>[vc_row full_width=&#8221;electroluxpro-full-width-no-padding&#8221;][vc_column css=&#8221;.vc_custom_1618358802266{margin-top: -40px !important;border-top-width: -40px !important;padding-top: -40px !important;}&#8221;][elx_full_banner title=&#8221;Akcesoria i materia\u0142y eksploatacyjne Cook and Chill&#8221; set_as_h1=&#8221;true&#8221; background_image_media_library=&#8221;9391&#8243; background_image_media_library_mobile=&#8221;9393&#8243; link=&#8221;url:%23contact|title:Dowiedz%20si%C4%99%20wi%C4%99cej&#8221;][vc_row_inner full_width=&#8221;electroluxpro-full-width&#8221; gap=&#8221;15&#8243;][vc_column_inner width=&#8221;1\/4&#8243;][elx_download_block text=&#8221;Katalog akcesori\u00f3w do zabezpieczenia, sanityzacji i czyszczenia&#8221; document_type=&#8221;cat&#8221; file_picker=&#8221;24892&#8243; background_color=&#8221;electrolux-blue&#8221; background_hover_color=&#8221;lighter-hover&#8221; ca_document_number=&#8221;CAT10&#8243;][\/vc_column_inner][vc_column_inner width=&#8221;1\/4&#8243;][elx_download_block text=&#8221;Katalog oryginalnych cz\u0119\u015bci zamiennych, akcesori\u00f3w i materia\u0142\u00f3w eksploatacyjnych&#8221; document_type=&#8221;cat&#8221; file_picker=&#8221;24892&#8243; background_color=&#8221;electrolux-blue&#8221; background_hover_color=&#8221;lighter-hover&#8221; ca_document_number=&#8221;CAT19&#8243;][\/vc_column_inner][vc_column_inner width=&#8221;1\/4&#8243;][elx_download_block text=&#8221;Katalog zestaw\u00f3w cz\u0119\u015bci zamiennych&#8221; document_type=&#8221;cat&#8221; file_picker=&#8221;24892&#8243; background_color=&#8221;electrolux-blue&#8221; background_hover_color=&#8221;lighter-hover&#8221; ca_document_number=&#8221;CAT9&#8243;][\/vc_column_inner][vc_column_inner width=&#8221;1\/4&#8243;][elx_download_block text=&#8221;Poradnik dotycz\u0105cy doboru detergent\u00f3w do profesjonalnego czyszczenia&#8221; file_picker=&#8221;47320&#8243; background_color=&#8221;electrolux-blue&#8221;][\/vc_column_inner][\/vc_row_inner][\/vc_column][\/vc_row][vc_row][vc_column][elx_menu][\/vc_column][\/vc_row][vc_row][vc_column][vc_empty_space][vc_column_text]<\/p>\n<h3><b>Uzyskaj najlepsze wyniki z urz\u0105dze\u0144 SkyLine, dzi\u0119ki naszym oryginalnym akcesoriom i materia\u0142om eksploatacyjnym<\/b>.<\/h3>\n<p>[\/vc_column_text][vc_empty_space][\/vc_column][\/vc_row][vc_row][vc_column width=&#8221;1\/3&#8243;][vc_single_image image=&#8221;806&#8243; img_size=&#8221;full&#8221; css_animation=&#8221;none&#8221;][vc_empty_space height=&#8221;40px&#8221;][elx_heading font_size=&#8221;h5&#8243; text_color=&#8221;inherit&#8221;]Przystawka do w\u0119dzenia Volcano[\/elx_heading][vc_column_text]Przystawka do w\u0119dzenia (smoker) Volcano to doskona\u0142y spos\u00f3b na przygotowanie twoich w\u0119dzonych potraw bezpo\u015brednio w piecu konwekcyjno-parowym, z wykorzystaniem tradycyjnych metod, ze zr\u0119bkami drewna lub suszonymi przyprawami.[\/vc_column_text][vc_empty_space][vc_empty_space][\/vc_column][vc_column width=&#8221;1\/3&#8243;][vc_single_image image=&#8221;9386&#8243; img_size=&#8221;medium&#8221; css_animation=&#8221;none&#8221;][elx_heading font_size=&#8221;h5&#8243; text_color=&#8221;inherit&#8221;]Pakowarka pr\u00f3\u017cniowa[\/elx_heading][vc_column_text]Akcesoria do pakowania pr\u00f3\u017cniowego s\u0105 niezb\u0119dne w procesie gotowania metod\u0105 pr\u00f3\u017cniow\u0105 sous-vide. S\u0105 r\u00f3wnie\u017c przydatne w przechowywaniu \u017cywno\u015bci, zabezpieczaj\u0105c j\u0105 przed szkodliwym wp\u0142ywem wilgoci i powietrza.[\/vc_column_text][vc_empty_space][vc_empty_space][\/vc_column][vc_column width=&#8221;1\/3&#8243;][vc_single_image image=&#8221;9387&#8243; img_size=&#8221;full&#8221; css_animation=&#8221;none&#8221;][elx_heading font_size=&#8221;h5&#8243; text_color=&#8221;inherit&#8221;]Sonda do gotowania metod\u0105 pr\u00f3\u017cniow\u0105 sous-vide[\/elx_heading][vc_column_text]Sonda do gotowania metod\u0105 pr\u00f3\u017cniow\u0105 sous-vide zapewnia osi\u0105gni\u0119cie dok\u0142adnej, prawid\u0142owej temperatury podczas tego rodzaju gotowania. Dzi\u0119ki specjalnej uko\u015bnie \u015bci\u0119tej igle, pozwala na unikni\u0119cie uszkodzenia opakowania pr\u00f3\u017cniowego.[\/vc_column_text][vc_empty_space][vc_empty_space][\/vc_column][\/vc_row][vc_row equal_height=&#8221;yes&#8221;][vc_column][vc_empty_space height=&#8221;60px&#8221;][\/vc_column][\/vc_row][vc_row][vc_column width=&#8221;1\/3&#8243;][vc_single_image image=&#8221;1700&#8243; img_size=&#8221;full&#8221; css_animation=&#8221;none&#8221;][elx_heading font_size=&#8221;h5&#8243; text_color=&#8221;inherit&#8221;]Ruszty i tace[\/elx_heading][vc_column_text]Szeroki asortyment rozwi\u0105za\u0144 do gotowania, by \u0142atwo rozbudowa\u0107 twoje menu w piecu konwekcyjno-parowym SkyLine, w tym uniwersalne blachy, ruszty do pieczenia i wiele innych.[\/vc_column_text][vc_empty_space][vc_empty_space][\/vc_column][vc_column width=&#8221;1\/3&#8243;][vc_single_image image=&#8221;9388&#8243; img_size=&#8221;full&#8221; css_animation=&#8221;none&#8221;][elx_heading font_size=&#8221;h5&#8243; text_color=&#8221;inherit&#8221;]System do kurczak\u00f3w[\/elx_heading][vc_column_text]Po\u0142\u0105cz dedykowany cykl dla uzyskania kruchych i soczystych pieczonych kurczak\u00f3w z dedykowanymi akcesoriami, dla lepszej obs\u0142ugi i ergonomii.[\/vc_column_text][vc_empty_space][vc_empty_space][\/vc_column][vc_column width=&#8221;1\/3&#8243;][vc_single_image image=&#8221;9389&#8243; img_size=&#8221;full&#8221; css_animation=&#8221;none&#8221;][elx_heading font_size=&#8221;h5&#8243; text_color=&#8221;inherit&#8221;]Mycie i p\u0142ukanie[\/elx_heading][vc_column_text]Nasze detergenty spe\u0142niaj\u0105 standardy z zakresu higieny i bezpiecze\u0144stwa oraz s\u0105 niezwykle skuteczne dla wydajno\u015bci urz\u0105dze\u0144 i produkt\u00f3w.[\/vc_column_text][vc_empty_space][vc_empty_space][\/vc_column][\/vc_row][vc_row full_width=&#8221;electroluxpro-full-width-no-padding&#8221; disable_element=&#8221;yes&#8221;][vc_column][elx_image_block background_image=&#8221;9385&#8243; minimum_height=&#8221;400px&#8221;][\/vc_column][\/vc_row][vc_row full_width=&#8221;electroluxpro-full-width-no-padding&#8221;][vc_column][elx_full_banner title=&#8221;Dowiedz si\u0119 wi\u0119cej&#8221; link=&#8221;url:https%3A%2F%2Fwww.electroluxprofessional.com%2Fpl%2Fakcesoria-materialy-eksploatacyjne%2Fskyline-oven-detergenty%2F|title:Detergenty%20do%20piec%C3%B3w%20SkyLine%20&#8243; background_image_media_library=&#8221;9392&#8243; background_image_media_library_mobile=&#8221;41958&#8243;][\/vc_column][\/vc_row][vc_row][vc_column width=&#8221;1\/2&#8243;][vc_empty_space][elx_simple_link_block link=&#8221;url:https%3A%2F%2Fwww.electroluxprofessional.com%2Fpl%2Fcommercial-kitchen-equipment%2Fcook-and-chill%2F|title:cook%20and%20chill||&#8221; text_align=&#8221;text-left&#8221; text_color=&#8221;inherit&#8221; background_color=&#8221;inherit&#8221; background_hover_color=&#8221;darker-hover&#8221; extra_class=&#8221;&#8221; reveal_effect=&#8221;&#8221; reveal_duration=&#8221;&#8221; reveal_delay=&#8221;&#8221;][elx_heading text_color=&#8221;inherit&#8221; text_align=&#8221;text-left&#8221;]Zintegrowane rozwi\u0105zanie gotowania i ch\u0142odzenia \u201eCook and Chill\u201d[\/elx_heading][vc_column_text]D\u0142u\u017csza \u017cywotno\u015b\u0107 oraz doskona\u0142a wydajno\u015b\u0107 Piec\u00f3w SkyLine jedynie przy zastosowaniu \u015brodk\u00f3w chemicznych firmy Electrolux Professional, nie zawieraj\u0105cych fosforan\u00f3w. Zyskaj unikaln\u0105 elastyczno\u015b\u0107 czyszczenia dzi\u0119ki 2 r\u00f3\u017cnym opcjom \u015brodk\u00f3w chemicznych:<\/p>\n<ul>\n<li aria-level=\"1\"><b>sta\u0142ym<\/b><b>\u00a0<\/b>do intensywnego czyszczenia<\/li>\n<li aria-level=\"1\"><b>ciek\u0142ym<\/b> stanowi\u0105cym najbardziej elastyczne rozwi\u0105zanie<\/li>\n<\/ul>\n<p>Zaplanuj z wyprzedzeniem proces czyszczenia swojego pieca konwekcyjno-parowego SkyLine, stosownie do swoich potrzeb i steruj nim zdalnie. Programowane czyszczenie pozwala ci wybra\u0107 najlepszy czas rozpocz\u0119cia czyszczenia. Wymuszone czyszczenie jest sterowane has\u0142em i zapewnia, \u017ce planowana konserwacja zawsze zostanie przeprowadzona.<\/p>\n<p>*<i>Do -15% oszcz\u0119dno\u015bci na kosztach eksploatacyjnych: oszcz\u0119dno\u015b\u0107 energii, wody, detergentu i nab\u0142yszczacza wyliczono dla urz\u0105dzenia korzystaj\u0105cego z funkcji SkyClean, w por\u00f3wnaniu z r\u00f3wnowa\u017cnym cyklem czyszczenia dla poprzedniego asortymentu Piec\u00f3w Electrolux Professional.<\/i>[\/vc_column_text][\/elx_simple_link_block][\/vc_column][vc_column width=&#8221;1\/2&#8243;][vc_empty_space][vc_single_image image=&#8221;9390&#8243; img_size=&#8221;full&#8221;][\/vc_column][\/vc_row][vc_row el_id=&#8221;contact&#8221;][vc_column][vc_empty_space][elx_heading font_container=&#8221;h3&#8243; text_color=&#8221;inherit&#8221;]Dowiedz si\u0119, jak spersonalizowa\u0107 tw\u00f3j system gotowania i ch\u0142odzenia \u201ecook and chill\u201d[\/elx_heading][elx_o2000_contact_us s=&#8221;Request of information about accessories and consumables for cook and chill&#8221; container=&#8221;elxcontactus1484302025&#8243; r=&#8221;I would like to find out more about accessories and consumables for cook and chill. Please get in touch with me.&#8221;][\/vc_column][\/vc_row]<\/p>\n","protected":false},"excerpt":{"rendered":"<p>[vc_row full_width=&#8221;electroluxpro-full-width-no-padding&#8221;][vc_column css=&#8221;.vc_custom_1618358802266{margin-top: -40px !important;border-top-width: -40px !important;padding-top: -40px !important;}&#8221;][elx_full_banner title=&#8221;Akcesoria i materia\u0142y eksploatacyjne Cook and Chill&#8221; set_as_h1=&#8221;true&#8221; background_image_media_library=&#8221;9391&#8243; background_image_media_library_mobile=&#8221;9393&#8243; link=&#8221;url:%23contact|title:Dowiedz%20si%C4%99%20wi%C4%99cej&#8221;][vc_row_inner full_width=&#8221;electroluxpro-full-width&#8221; gap=&#8221;15&#8243;][vc_column_inner width=&#8221;1\/4&#8243;][elx_download_block text=&#8221;Katalog akcesori\u00f3w do zabezpieczenia, sanityzacji i czyszczenia&#8221; document_type=&#8221;cat&#8221; file_picker=&#8221;24892&#8243; background_color=&#8221;electrolux-blue&#8221; background_hover_color=&#8221;lighter-hover&#8221; ca_document_number=&#8221;CAT10&#8243;][\/vc_column_inner][vc_column_inner width=&#8221;1\/4&#8243;][elx_download_block text=&#8221;Katalog oryginalnych cz\u0119\u015bci zamiennych, akcesori\u00f3w i materia\u0142\u00f3w eksploatacyjnych&#8221; document_type=&#8221;cat&#8221; file_picker=&#8221;24892&#8243; background_color=&#8221;electrolux-blue&#8221; background_hover_color=&#8221;lighter-hover&#8221; ca_document_number=&#8221;CAT19&#8243;][\/vc_column_inner][vc_column_inner width=&#8221;1\/4&#8243;][elx_download_block text=&#8221;Katalog zestaw\u00f3w cz\u0119\u015bci zamiennych&#8221; document_type=&#8221;cat&#8221; [&hellip;]<\/p>\n","protected":false},"author":79,"featured_media":0,"parent":1715,"menu_order":0,"comment_status":"closed","ping_status":"closed","template":"","meta":{"footnotes":""},"class_list":["post-9394","page","type-page","status-publish","hentry"],"acf":[],"yoast_head":"<!-- This site is optimized with the Yoast SEO plugin v23.3 - https:\/\/yoast.com\/wordpress\/plugins\/seo\/ -->\n<title>Akcesoria i materia\u0142y eksploatacyjne - Cook and chill - Electrolux Professional Polska<\/title>\n<meta name=\"description\" content=\"Uzyskaj najlepsze rezultaty ze swojej SkyLine. Gotuj i odpoczywaj. Odkryj nasze akcesoria i materia\u0142y eksploatacyjne: siatki, tacki, pakowarki pr\u00f3\u017cniowe, w\u0119dzarnie wulkaniczne i wiele innych.\" \/>\n<meta name=\"robots\" content=\"index, follow, max-snippet:-1, max-image-preview:large, max-video-preview:-1\" \/>\n<link rel=\"canonical\" href=\"https:\/\/www.electroluxprofessional.com\/pl\/akcesoria-materialy-eksploatacyjne\/akcesoria-i-materialy-eksploatacyjne-cook-and-chill\/\" \/>\n<meta property=\"og:locale\" content=\"pl_PL\" \/>\n<meta property=\"og:type\" content=\"article\" \/>\n<meta property=\"og:title\" content=\"Akcesoria i materia\u0142y eksploatacyjne - Cook and chill - Electrolux Professional Polska\" \/>\n<meta property=\"og:description\" content=\"Uzyskaj najlepsze rezultaty ze swojej SkyLine. Gotuj i odpoczywaj. Odkryj nasze akcesoria i materia\u0142y eksploatacyjne: siatki, tacki, pakowarki pr\u00f3\u017cniowe, w\u0119dzarnie wulkaniczne i wiele innych.\" \/>\n<meta property=\"og:url\" content=\"https:\/\/www.electroluxprofessional.com\/pl\/akcesoria-materialy-eksploatacyjne\/akcesoria-i-materialy-eksploatacyjne-cook-and-chill\/\" \/>\n<meta property=\"og:site_name\" content=\"Electrolux Professional Polska\" \/>\n<meta property=\"article:modified_time\" content=\"2025-11-25T11:36:45+00:00\" \/>\n<meta name=\"twitter:card\" content=\"summary_large_image\" \/>\n<meta name=\"twitter:label1\" content=\"Szacowany czas czytania\" \/>\n\t<meta name=\"twitter:data1\" content=\"3 minuty\" \/>\n<script type=\"application\/ld+json\" class=\"yoast-schema-graph\">{\"@context\":\"https:\/\/schema.org\",\"@graph\":[{\"@type\":\"WebPage\",\"@id\":\"https:\/\/www.electroluxprofessional.com\/pl\/akcesoria-materialy-eksploatacyjne\/akcesoria-i-materialy-eksploatacyjne-cook-and-chill\/\",\"url\":\"https:\/\/www.electroluxprofessional.com\/pl\/akcesoria-materialy-eksploatacyjne\/akcesoria-i-materialy-eksploatacyjne-cook-and-chill\/\",\"name\":\"Akcesoria i materia\u0142y eksploatacyjne - Cook and chill - Electrolux Professional Polska\",\"isPartOf\":{\"@id\":\"https:\/\/www.electroluxprofessional.com\/pl\/#website\"},\"datePublished\":\"2023-11-23T10:22:27+00:00\",\"dateModified\":\"2025-11-25T11:36:45+00:00\",\"description\":\"Uzyskaj najlepsze rezultaty ze swojej SkyLine. Gotuj i odpoczywaj. Odkryj nasze akcesoria i materia\u0142y eksploatacyjne: siatki, tacki, pakowarki pr\u00f3\u017cniowe, w\u0119dzarnie wulkaniczne i wiele innych.\",\"breadcrumb\":{\"@id\":\"https:\/\/www.electroluxprofessional.com\/pl\/akcesoria-materialy-eksploatacyjne\/akcesoria-i-materialy-eksploatacyjne-cook-and-chill\/#breadcrumb\"},\"inLanguage\":\"pl-PL\",\"potentialAction\":[{\"@type\":\"ReadAction\",\"target\":[\"https:\/\/www.electroluxprofessional.com\/pl\/akcesoria-materialy-eksploatacyjne\/akcesoria-i-materialy-eksploatacyjne-cook-and-chill\/\"]}]},{\"@type\":\"BreadcrumbList\",\"@id\":\"https:\/\/www.electroluxprofessional.com\/pl\/akcesoria-materialy-eksploatacyjne\/akcesoria-i-materialy-eksploatacyjne-cook-and-chill\/#breadcrumb\",\"itemListElement\":[{\"@type\":\"ListItem\",\"position\":1,\"name\":\"Strona g\u0142\u00f3wna\",\"item\":\"https:\/\/www.electroluxprofessional.com\/pl\/\"},{\"@type\":\"ListItem\",\"position\":2,\"name\":\"Akcesoria i materia\u0142y eksploatacyjne\",\"item\":\"https:\/\/www.electroluxprofessional.com\/pl\/akcesoria-materialy-eksploatacyjne\/\"},{\"@type\":\"ListItem\",\"position\":3,\"name\":\"Akcesoria i materia\u0142y eksploatacyjne &#8211; Cook and chill\"}]},{\"@type\":\"WebSite\",\"@id\":\"https:\/\/www.electroluxprofessional.com\/pl\/#website\",\"url\":\"https:\/\/www.electroluxprofessional.com\/pl\/\",\"name\":\"Electrolux Professional Polska\",\"description\":\"\",\"potentialAction\":[{\"@type\":\"SearchAction\",\"target\":{\"@type\":\"EntryPoint\",\"urlTemplate\":\"https:\/\/www.electroluxprofessional.com\/pl\/?src={search_term_string}\"},\"query-input\":\"required name=search_term_string\"}],\"inLanguage\":\"pl-PL\"}]}<\/script>\n<!-- \/ Yoast SEO plugin. -->","yoast_head_json":{"title":"Akcesoria i materia\u0142y eksploatacyjne - Cook and chill - Electrolux Professional Polska","description":"Uzyskaj najlepsze rezultaty ze swojej SkyLine. Gotuj i odpoczywaj. Odkryj nasze akcesoria i materia\u0142y eksploatacyjne: siatki, tacki, pakowarki pr\u00f3\u017cniowe, w\u0119dzarnie wulkaniczne i wiele innych.","robots":{"index":"index","follow":"follow","max-snippet":"max-snippet:-1","max-image-preview":"max-image-preview:large","max-video-preview":"max-video-preview:-1"},"canonical":"https:\/\/www.electroluxprofessional.com\/pl\/akcesoria-materialy-eksploatacyjne\/akcesoria-i-materialy-eksploatacyjne-cook-and-chill\/","og_locale":"pl_PL","og_type":"article","og_title":"Akcesoria i materia\u0142y eksploatacyjne - Cook and chill - Electrolux Professional Polska","og_description":"Uzyskaj najlepsze rezultaty ze swojej SkyLine. Gotuj i odpoczywaj. Odkryj nasze akcesoria i materia\u0142y eksploatacyjne: siatki, tacki, pakowarki pr\u00f3\u017cniowe, w\u0119dzarnie wulkaniczne i wiele innych.","og_url":"https:\/\/www.electroluxprofessional.com\/pl\/akcesoria-materialy-eksploatacyjne\/akcesoria-i-materialy-eksploatacyjne-cook-and-chill\/","og_site_name":"Electrolux Professional Polska","article_modified_time":"2025-11-25T11:36:45+00:00","twitter_card":"summary_large_image","twitter_misc":{"Szacowany czas czytania":"3 minuty"},"schema":{"@context":"https:\/\/schema.org","@graph":[{"@type":"WebPage","@id":"https:\/\/www.electroluxprofessional.com\/pl\/akcesoria-materialy-eksploatacyjne\/akcesoria-i-materialy-eksploatacyjne-cook-and-chill\/","url":"https:\/\/www.electroluxprofessional.com\/pl\/akcesoria-materialy-eksploatacyjne\/akcesoria-i-materialy-eksploatacyjne-cook-and-chill\/","name":"Akcesoria i materia\u0142y eksploatacyjne - Cook and chill - Electrolux Professional Polska","isPartOf":{"@id":"https:\/\/www.electroluxprofessional.com\/pl\/#website"},"datePublished":"2023-11-23T10:22:27+00:00","dateModified":"2025-11-25T11:36:45+00:00","description":"Uzyskaj najlepsze rezultaty ze swojej SkyLine. Gotuj i odpoczywaj. Odkryj nasze akcesoria i materia\u0142y eksploatacyjne: siatki, tacki, pakowarki pr\u00f3\u017cniowe, w\u0119dzarnie wulkaniczne i wiele innych.","breadcrumb":{"@id":"https:\/\/www.electroluxprofessional.com\/pl\/akcesoria-materialy-eksploatacyjne\/akcesoria-i-materialy-eksploatacyjne-cook-and-chill\/#breadcrumb"},"inLanguage":"pl-PL","potentialAction":[{"@type":"ReadAction","target":["https:\/\/www.electroluxprofessional.com\/pl\/akcesoria-materialy-eksploatacyjne\/akcesoria-i-materialy-eksploatacyjne-cook-and-chill\/"]}]},{"@type":"BreadcrumbList","@id":"https:\/\/www.electroluxprofessional.com\/pl\/akcesoria-materialy-eksploatacyjne\/akcesoria-i-materialy-eksploatacyjne-cook-and-chill\/#breadcrumb","itemListElement":[{"@type":"ListItem","position":1,"name":"Strona g\u0142\u00f3wna","item":"https:\/\/www.electroluxprofessional.com\/pl\/"},{"@type":"ListItem","position":2,"name":"Akcesoria i materia\u0142y eksploatacyjne","item":"https:\/\/www.electroluxprofessional.com\/pl\/akcesoria-materialy-eksploatacyjne\/"},{"@type":"ListItem","position":3,"name":"Akcesoria i materia\u0142y eksploatacyjne &#8211; Cook and chill"}]},{"@type":"WebSite","@id":"https:\/\/www.electroluxprofessional.com\/pl\/#website","url":"https:\/\/www.electroluxprofessional.com\/pl\/","name":"Electrolux Professional Polska","description":"","potentialAction":[{"@type":"SearchAction","target":{"@type":"EntryPoint","urlTemplate":"https:\/\/www.electroluxprofessional.com\/pl\/?src={search_term_string}"},"query-input":"required name=search_term_string"}],"inLanguage":"pl-PL"}]}},"_links":{"self":[{"href":"https:\/\/www.electroluxprofessional.com\/pl\/wp-json\/wp\/v2\/pages\/9394"}],"collection":[{"href":"https:\/\/www.electroluxprofessional.com\/pl\/wp-json\/wp\/v2\/pages"}],"about":[{"href":"https:\/\/www.electroluxprofessional.com\/pl\/wp-json\/wp\/v2\/types\/page"}],"author":[{"embeddable":true,"href":"https:\/\/www.electroluxprofessional.com\/pl\/wp-json\/wp\/v2\/users\/79"}],"replies":[{"embeddable":true,"href":"https:\/\/www.electroluxprofessional.com\/pl\/wp-json\/wp\/v2\/comments?post=9394"}],"version-history":[{"count":11,"href":"https:\/\/www.electroluxprofessional.com\/pl\/wp-json\/wp\/v2\/pages\/9394\/revisions"}],"predecessor-version":[{"id":11758,"href":"https:\/\/www.electroluxprofessional.com\/pl\/wp-json\/wp\/v2\/pages\/9394\/revisions\/11758"}],"up":[{"embeddable":true,"href":"https:\/\/www.electroluxprofessional.com\/pl\/wp-json\/wp\/v2\/pages\/1715"}],"wp:attachment":[{"href":"https:\/\/www.electroluxprofessional.com\/pl\/wp-json\/wp\/v2\/media?parent=9394"}],"curies":[{"name":"wp","href":"https:\/\/api.w.org\/{rel}","templated":true}]}}