{"id":8903,"date":"2022-04-12T11:52:13","date_gmt":"2022-04-12T11:52:13","guid":{"rendered":"https:\/\/www.electroluxprofessional.com\/pl\/?page_id=8903"},"modified":"2023-06-19T12:00:45","modified_gmt":"2023-06-19T12:00:45","slug":"zero-waste-all-taste","status":"publish","type":"page","link":"https:\/\/www.electroluxprofessional.com\/pl\/gastronomia\/zero-waste-all-taste\/","title":{"rendered":"Zero odpad\u00f3w, sam smak"},"content":{"rendered":"<p>[vc_row full_width=&#8221;electroluxpro-full-width-no-padding&#8221;][vc_column][elx_hero_title label=&#8221;&#8221; label_background_color=&#8221;inherit&#8221; background_image=&#8221;8889&#8243;][\/elx_hero_title][\/vc_column][\/vc_row][vc_row][vc_column width=&#8221;1\/6&#8243;][vc_empty_space][\/vc_column][vc_column width=&#8221;2\/3&#8243;][vc_empty_space][elx_heading font_container=&#8221;h1&#8243; text_color=&#8221;inherit&#8221; text_align=&#8221;text-center&#8221;]&#8221;Zero odpad\u00f3w, sam smak&#8221;[\/elx_heading][vc_column_text]<\/p>\n<p style=\"text-align: center;\">Wprowadzamy nasz\u0105 rewolucyjn\u0105 koncepcj\u0119 pe\u0142nej obs\u0142ugi, uwzgl\u0119dniaj\u0105c\u0105 sprz\u0119t, obs\u0142ug\u0119 przedsprzeda\u017cow\u0105, umowy w zakresie konserwacji, szkolenie personelu, opracowanie przepis\u00f3w, obliczanie stopy zwrotu oraz analiz\u0119 koszt\u00f3w \u017cywno\u015bci.<\/p>\n<p>[\/vc_column_text][vc_empty_space][\/vc_column][vc_column width=&#8221;1\/6&#8243;][vc_empty_space][\/vc_column][\/vc_row][vc_row][vc_column width=&#8221;1\/5&#8243;][vc_column_text]<\/p>\n<p style=\"text-align: center;\"><strong>Obs\u0142uga przedsprzeda\u017cowa i umowy dotycz\u0105ce konserwacji<\/strong><\/p>\n<p>[\/vc_column_text][vc_empty_space][vc_single_image image=&#8221;8890&#8243; img_size=&#8221;150&#215;150&#8243; alignment=&#8221;center&#8221;][vc_empty_space][\/vc_column][vc_column width=&#8221;1\/5&#8243;][vc_column_text el_class=&#8221;text-box&#8221;]<\/p>\n<p style=\"text-align: center;\"><strong>Opracowanie i spisywanie przepis\u00f3w<\/strong><\/p>\n<p>[\/vc_column_text][vc_empty_space][vc_single_image image=&#8221;8891&#8243; img_size=&#8221;150&#215;150&#8243; alignment=&#8221;center&#8221;][vc_empty_space][\/vc_column][vc_column width=&#8221;1\/5&#8243;][vc_column_text el_class=&#8221;text-box&#8221;]<\/p>\n<p style=\"text-align: center;\"><strong>Sprz\u0119t<\/strong><\/p>\n<p>[\/vc_column_text][vc_empty_space][vc_single_image image=&#8221;8892&#8243; img_size=&#8221;150&#215;150&#8243; alignment=&#8221;center&#8221;][vc_empty_space][\/vc_column][vc_column width=&#8221;1\/5&#8243;][vc_column_text el_class=&#8221;text-box&#8221;]<\/p>\n<p style=\"text-align: center;\"><strong>Szkolenie<br \/>\npersonelu<\/strong>[\/vc_column_text][vc_empty_space][vc_single_image image=&#8221;8893&#8243; img_size=&#8221;150&#215;150&#8243; alignment=&#8221;center&#8221;][vc_empty_space][\/vc_column][vc_column width=&#8221;1\/5&#8243;][vc_column_text el_class=&#8221;text-box&#8221;]<\/p>\n<p style=\"text-align: center;\"><strong>Analiza stopy zwrotu<\/strong><br \/>\ni <strong>koszt\u00f3w \u017cywno\u015bci<br \/>\n<\/strong>[\/vc_column_text][vc_empty_space][vc_single_image image=&#8221;8894&#8243; img_size=&#8221;150&#215;150&#8243; alignment=&#8221;center&#8221;][vc_empty_space][\/vc_column][\/vc_row][vc_row full_width=&#8221;electroluxpro-full-width-no-padding&#8221;][vc_column][vc_empty_space][\/vc_column][\/vc_row][vc_row full_width=&#8221;electroluxpro-full-width-no-padding&#8221;][vc_column][elx_full_banner title=&#8221;Koncepcja&#8221; background_image_media_library=&#8221;8901&#8243; background_image_media_library_mobile=&#8221;35888&#8243; link=&#8221;url:%23contact-us|title:Zapytaj%20o%20wi%C4%99cej%20informacji%20&#8243;][\/vc_column][\/vc_row][vc_row full_width=&#8221;electroluxpro-full-width-no-padding&#8221;][vc_column][vc_empty_space][\/vc_column][\/vc_row][vc_row equal_height=&#8221;yes&#8221; content_placement=&#8221;middle&#8221;][vc_column width=&#8221;1\/2&#8243; css=&#8221;.vc_custom_1625765769545{background-color: #f6f6f6 !important;}&#8221;][vc_column_text css=&#8221;.vc_custom_1652356700784{padding-top: 30px !important;padding-right: 30px !important;padding-bottom: 30px !important;padding-left: 30px !important;}&#8221;]<\/p>\n<h3>Zacznijmy jednak od pocz\u0105tku.<br \/>\nSk\u0105d wzi\u0119\u0142a si\u0119 koncepcja \u201eZero Odpad\u00f3w, Sam Smak\u201d?<\/h3>\n<p>Odpady z \u017cywno\u015bci to globalny problem, pozostaj\u0105cy w centrum zainteresowa\u0144 i wysi\u0142k\u00f3w spo\u0142eczno\u015bci Electrolux Professional od 2016 roku.<\/p>\n<p>Koncepcja <strong>\u201eZero odpad\u00f3w, sam smak\u201d<\/strong> zosta\u0142a zainaugurowana by pokaza\u0107, \u017ce nawet najbardziej podstawowe, niedrogie sk\u0142adniki, kt\u00f3re cz\u0119sto si\u0119 marnuj\u0105, mo\u017cna wykorzysta\u0107 tworz\u0105c wykwintne menu dla smakoszy.[\/vc_column_text][\/vc_column][vc_column width=&#8221;1\/2&#8243; css=&#8221;.vc_custom_1625766114767{margin-right: 0px !important;margin-left: 0px !important;border-right-width: 0px !important;border-left-width: 0px !important;padding-right: 0px !important;padding-left: 0px !important;}&#8221;][vc_single_image image=&#8221;8895&#8243; img_size=&#8221;large&#8221;][\/vc_column][\/vc_row][vc_row equal_height=&#8221;yes&#8221; content_placement=&#8221;middle&#8221;][vc_column width=&#8221;1\/2&#8243; offset=&#8221;vc_hidden-sm vc_hidden-xs&#8221; css=&#8221;.vc_custom_1625766125841{margin-right: 0px !important;margin-left: 0px !important;border-right-width: 0px !important;border-left-width: 0px !important;padding-right: 0px !important;padding-left: 0px !important;}&#8221;][vc_single_image image=&#8221;8896&#8243; img_size=&#8221;large&#8221;][\/vc_column][vc_column width=&#8221;1\/2&#8243; css=&#8221;.vc_custom_1625766073771{background-color: #f6f6f6 !important;}&#8221; offset=&#8221;vc_hidden-sm vc_hidden-xs&#8221;][vc_column_text css=&#8221;.vc_custom_1652356741078{padding-top: 30px !important;padding-right: 30px !important;padding-bottom: 30px !important;padding-left: 30px !important;}&#8221;]<\/p>\n<h3>Jak mo\u017cemy wprowadza\u0107 zmiany na lepsze?<\/h3>\n<p>Supermarkety obracaj\u0105 ogromnymi ilo\u015bciami \u015bwie\u017cych sk\u0142adnik\u00f3w, kt\u00f3re cz\u0119sto s\u0105 wyrzucane, natychmiast gdy minie ich data przydatno\u015bci do spo\u017cycia.<\/p>\n<p>Nasi kucharze postanowili to wykorzysta\u0107, poszukuj\u0105c innowacyjnych sposob\u00f3w na po\u0142\u0105czenie tych sk\u0142adnik\u00f3w w pyszne posi\u0142ki.<\/p>\n<p>Wykorzystuj\u0105c tak prost\u0105 \u017cywno\u015b\u0107 jak marchew lub banany, mo\u017cna wypracowa\u0107 znacz\u0105cy zysk przy bardzo ograniczonym wp\u0142ywie na \u015brodowisko. Sk\u0142adniki, kt\u00f3re cz\u0119sto si\u0119 marnuj\u0105, mo\u017cna wykorzysta\u0107 do tworzenia unikalnych i wykwintnych da\u0144, z rozmaitych kuchni \u015bwiata.[\/vc_column_text][\/vc_column][\/vc_row][vc_row equal_height=&#8221;yes&#8221; content_placement=&#8221;middle&#8221;][vc_column width=&#8221;1\/2&#8243; css=&#8221;.vc_custom_1625766001912{background-color: #f6f6f6 !important;}&#8221; offset=&#8221;vc_hidden-lg vc_hidden-md&#8221;][vc_column_text css=&#8221;.vc_custom_1627368856381{padding-top: 30px !important;padding-right: 30px !important;padding-bottom: 30px !important;padding-left: 30px !important;}&#8221;]<\/p>\n<h3>How can we change things for the better?<\/h3>\n<p>Supermarkets carry large quantities of fresh ingredients that are often thrown out as soon as they pass their expiration date.<br \/>\nOur chefs turned this into an opportunity, searching for <strong>innovative ways to combine these ingredients into gourmet meals<\/strong>.<br \/>\nWith foods as simple as carrots or bananas, <strong>you can earn a substantial profit with a very low impact on the environment<\/strong>. You can use what often goes to waste in unique, gourmet dishes that borrow from a range of cuisines.[\/vc_column_text][\/vc_column][vc_column width=&#8221;1\/2&#8243; offset=&#8221;vc_hidden-lg vc_hidden-md&#8221;][vc_single_image image=&#8221;8896&#8243; img_size=&#8221;large&#8221;][\/vc_column][\/vc_row][vc_row][vc_column][vc_empty_space][elx_full_banner title=&#8221;Robimy krok do przodu&#8221; background_image_media_library=&#8221;8902&#8243; background_image_media_library_mobile=&#8221;35896&#8243; link=&#8221;|||&#8221;][vc_empty_space][\/vc_column][\/vc_row][vc_row][vc_column width=&#8221;1\/2&#8243;][vc_column_text css=&#8221;.vc_custom_1652356768785{padding-top: 30px !important;padding-right: 30px !important;padding-bottom: 30px !important;padding-left: 30px !important;}&#8221;]W czasie pandemii w 2021 nast\u0105pi\u0142y uderzaj\u0105ce zmiany w nawykach \u017cywieniowych: <b>konsumenci stali si\u0119 bardziej \u015bwiadomi pod wzgl\u0119dem zdrowotnym, a tak\u017ce \u015bwiadomi tego, co jedz\u0105<\/b>, zwracaj\u0105c baczniejsz\u0105 uwag\u0119 na takie kwestie, jak odpady z \u017cywno\u015bci oraz zr\u00f3wnowa\u017cony rozw\u00f3j.<\/p>\n<p><b>Ludzie s\u0105 bardziej zainteresowani ni\u017c kiedykolwiek naturaln\u0105, zdrow\u0105 \u017cywno\u015bci\u0105, nie tylko w swoich prywatnych kuchniach,<\/b> lecz tak\u017ce w restauracjach, kantynach zak\u0142adowych oraz sto\u0142\u00f3wkach szkolnych swoich dzieci.[\/vc_column_text][\/vc_column][vc_column width=&#8221;1\/2&#8243;][vc_column_text css=&#8221;.vc_custom_1652356783536{padding-top: 30px !important;padding-right: 30px !important;padding-bottom: 30px !important;padding-left: 30px !important;}&#8221;]<b>W miar\u0119 rozwijania naszego projektu o nowe obszary dzia\u0142alno\u015bci,<\/b> odkrywamy now\u0105 i fascynuj\u0105c\u0105 przygod\u0119 dla nas wszystkich.[\/vc_column_text][\/vc_column][\/vc_row][vc_row][vc_column][vc_empty_space][elx_heading text_color=&#8221;inherit&#8221; text_align=&#8221;text-center&#8221;]Przepisy \u201eZero Odpad\u00f3w SAM SMAK\u201d[\/elx_heading][vc_column_text]<\/p>\n<p style=\"text-align: center;\">Mamy wiele przepis\u00f3w dedykowanych koncepcji Zero odpad\u00f3w SAM SMAK. Oferujemy cztery spo\u015br\u00f3d nich. Aby otrzyma\u0107 wi\u0119cej, prosimy o kontakt poprzez przes\u0142anie swoich danych w formularzu poni\u017cej.<\/p>\n<p>[\/vc_column_text][vc_empty_space][\/vc_column][\/vc_row][vc_row][vc_column width=&#8221;1\/2&#8243;][elx_heading text_color=&#8221;inherit&#8221; text_align=&#8221;text-center&#8221;]Ciasteczka bananowe[\/elx_heading][vc_empty_space height=&#8221;20px&#8221;][vc_single_image image=&#8221;8897&#8243; img_size=&#8221;large&#8221; alignment=&#8221;center&#8221; onclick=&#8221;custom_link&#8221;][vc_empty_space height=&#8221;20px&#8221;][elx_button button_text=&#8221;Zobacz przepis&#8221; button_display_block=&#8221;display_block_on&#8221; button_alignment=&#8221;align_center&#8221; button_link=&#8221;url:https%3A%2F%2Fwww.electroluxprofessional.com%2Fcommercial-kitchen-equipment%2Fzero-waste-all-taste%2Fbanana-cookies-2%2F|target:_blank&#8221;][vc_empty_space][\/vc_column][vc_column width=&#8221;1\/2&#8243;][elx_heading text_color=&#8221;inherit&#8221; text_align=&#8221;text-center&#8221;]Chipsy marchewkowe[\/elx_heading][vc_empty_space height=&#8221;20px&#8221;][vc_single_image image=&#8221;8898&#8243; img_size=&#8221;large&#8221; alignment=&#8221;center&#8221; onclick=&#8221;custom_link&#8221;][vc_empty_space height=&#8221;20px&#8221;][elx_button button_text=&#8221;Zobacz przepis&#8221; button_display_block=&#8221;display_block_on&#8221; button_alignment=&#8221;align_center&#8221; button_link=&#8221;url:https%3A%2F%2Fwww.electroluxprofessional.com%2Fcommercial-kitchen-equipment%2Fzero-waste-all-taste%2Fcarrot-chips-2%2F&#8221;][vc_empty_space][\/vc_column][\/vc_row][vc_row][vc_column width=&#8221;1\/2&#8243;][elx_heading text_color=&#8221;inherit&#8221; text_align=&#8221;text-center&#8221;]Zupa marchewkowa[\/elx_heading][vc_empty_space height=&#8221;20px&#8221;][vc_single_image image=&#8221;8899&#8243; img_size=&#8221;large&#8221; alignment=&#8221;center&#8221; onclick=&#8221;custom_link&#8221;][vc_empty_space height=&#8221;20px&#8221;][elx_button button_text=&#8221;Zobacz przepis&#8221; button_display_block=&#8221;display_block_on&#8221; button_alignment=&#8221;align_center&#8221; button_link=&#8221;url:https%3A%2F%2Fwww.electroluxprofessional.com%2Fcommercial-kitchen-equipment%2Fzero-waste-all-taste%2Fthai-carrot-soup%2F&#8221;][vc_empty_space][\/vc_column][vc_column width=&#8221;1\/2&#8243;][elx_heading text_color=&#8221;inherit&#8221; text_align=&#8221;text-center&#8221;]Brownie z bak\u0142a\u017cana[\/elx_heading][vc_empty_space height=&#8221;20px&#8221;][vc_single_image image=&#8221;8900&#8243; img_size=&#8221;large&#8221; alignment=&#8221;center&#8221; onclick=&#8221;custom_link&#8221;][vc_empty_space height=&#8221;20px&#8221;][elx_button button_text=&#8221;Zobacz przepis&#8221; button_display_block=&#8221;display_block_on&#8221; button_alignment=&#8221;align_center&#8221; button_link=&#8221;url:https%3A%2F%2Fwww.electroluxprofessional.com%2Fcommercial-kitchen-equipment%2Fzero-waste-all-taste%2Feggplant-brownie-2%2F&#8221;][vc_empty_space][\/vc_column][\/vc_row][vc_row][vc_column css=&#8221;.vc_custom_1625767325842{background-color: #3b4536 !important;}&#8221;][vc_empty_space][vc_column_text]<\/p>\n<h2 style=\"text-align: center;\"><span style=\"color: #ffffff;\">Pracujemy razem dla bardziej zr\u00f3wnowa\u017conego \u015bwiata<\/span><\/h2>\n<p>[\/vc_column_text][vc_empty_space][vc_column_text css=&#8221;.vc_custom_1687176015257{padding-right: 50px !important;padding-left: 50px !important;}&#8221;]<\/p>\n<p style=\"text-align: center;\"><span style=\"color: #ffffff;\">Wsp\u00f3\u0142pracujemy z organizacj\u0105 Electrolux Food Foundation kieruj\u0105c nasz\u0105 inicjatyw\u0119 w pierwszej kolejno\u015bci do naszych pracownik\u00f3w, a nast\u0119pnie by inspirowa\u0107 bardziej zr\u00f3wnowa\u017cone wybory \u017cywno\u015bciowe w\u015br\u00f3d klient\u00f3w i profesjonalist\u00f3w w bran\u017cy. Prhttps:\/\/www.electroluxprofessional.com\/corporate\/electrolux-food-foundation\/ojekt wpieraj\u0105 r\u00f3wnie\u017c organizacje AEISEC, Worldchefs oraz globalne partnerstwo Feed the Planet.<br \/>\n<\/span><\/p>\n<p style=\"text-align: center;\"><span style=\"color: #ffffff;\">Dowiedz si\u0119 wi\u0119cej:<br \/>\n<a style=\"color: #ffffff;\" href=\"https:\/\/www.replate.com\/\">https:\/\/www.replate.com\/<\/a><\/span><\/p>\n<p>[\/vc_column_text][vc_empty_space][\/vc_column][\/vc_row][vc_row][vc_column][vc_empty_space][\/vc_column][\/vc_row][vc_row el_id=&#8221;contact-us&#8221;][vc_column][vc_empty_space][elx_heading text_color=&#8221;inherit&#8221; text_align=&#8221;text-center&#8221;]Napisz do nas, by uzyska\u0107 wi\u0119cej informacji na temat koncepcji Zero Odpad\u00f3w, Sam Smak[\/elx_heading][elx_o2000_contact_us b=&#8221;food&#8221; l=&#8221;en&#8221;][\/vc_column][\/vc_row]<\/p>\n","protected":false},"excerpt":{"rendered":"<p>[vc_row full_width=&#8221;electroluxpro-full-width-no-padding&#8221;][vc_column][elx_hero_title label=&#8221;&#8221; label_background_color=&#8221;inherit&#8221; background_image=&#8221;8889&#8243;][\/elx_hero_title][\/vc_column][\/vc_row][vc_row][vc_column width=&#8221;1\/6&#8243;][vc_empty_space][\/vc_column][vc_column width=&#8221;2\/3&#8243;][vc_empty_space][elx_heading font_container=&#8221;h1&#8243; text_color=&#8221;inherit&#8221; text_align=&#8221;text-center&#8221;]&#8221;Zero odpad\u00f3w, sam smak&#8221;[\/elx_heading][vc_column_text] Wprowadzamy nasz\u0105 rewolucyjn\u0105 koncepcj\u0119 pe\u0142nej obs\u0142ugi, uwzgl\u0119dniaj\u0105c\u0105 sprz\u0119t, obs\u0142ug\u0119 przedsprzeda\u017cow\u0105, umowy w zakresie konserwacji, szkolenie personelu, opracowanie przepis\u00f3w, obliczanie stopy zwrotu oraz analiz\u0119 koszt\u00f3w \u017cywno\u015bci. [\/vc_column_text][vc_empty_space][\/vc_column][vc_column width=&#8221;1\/6&#8243;][vc_empty_space][\/vc_column][\/vc_row][vc_row][vc_column width=&#8221;1\/5&#8243;][vc_column_text] Obs\u0142uga przedsprzeda\u017cowa i umowy dotycz\u0105ce konserwacji [\/vc_column_text][vc_empty_space][vc_single_image image=&#8221;8890&#8243; img_size=&#8221;150&#215;150&#8243; alignment=&#8221;center&#8221;][vc_empty_space][\/vc_column][vc_column width=&#8221;1\/5&#8243;][vc_column_text el_class=&#8221;text-box&#8221;] Opracowanie i [&hellip;]<\/p>\n","protected":false},"author":3,"featured_media":8889,"parent":1148,"menu_order":0,"comment_status":"closed","ping_status":"closed","template":"","meta":{"footnotes":""},"class_list":["post-8903","page","type-page","status-publish","has-post-thumbnail","hentry"],"acf":[],"yoast_head":"<!-- This site is optimized with the Yoast SEO plugin v23.3 - https:\/\/yoast.com\/wordpress\/plugins\/seo\/ -->\n<title>Zero odpad\u00f3w, sam smak - Electrolux Professional Polska<\/title>\n<meta name=\"description\" content=\"Wprowadzamy nasz\u0105 rewolucyjn\u0105 koncepcj\u0119 pe\u0142nej obs\u0142ugi, uwzgl\u0119dniaj\u0105c\u0105 sprz\u0119t, obs\u0142ug\u0119 przedsprzeda\u017cow\u0105, umowy w zakresie konserwacji, szkolenie personelu, opracowanie przepis\u00f3w, obliczanie stopy zwrotu oraz analiz\u0119 koszt\u00f3w \u017cywno\u015bci.\" \/>\n<meta name=\"robots\" content=\"index, follow, max-snippet:-1, max-image-preview:large, max-video-preview:-1\" \/>\n<link rel=\"canonical\" href=\"https:\/\/www.electroluxprofessional.com\/pl\/gastronomia\/zero-waste-all-taste\/\" \/>\n<meta property=\"og:locale\" content=\"pl_PL\" \/>\n<meta property=\"og:type\" content=\"article\" \/>\n<meta property=\"og:title\" content=\"Zero odpad\u00f3w, sam smak - Electrolux Professional Polska\" \/>\n<meta property=\"og:description\" content=\"Wprowadzamy nasz\u0105 rewolucyjn\u0105 koncepcj\u0119 pe\u0142nej obs\u0142ugi, uwzgl\u0119dniaj\u0105c\u0105 sprz\u0119t, obs\u0142ug\u0119 przedsprzeda\u017cow\u0105, umowy w zakresie konserwacji, szkolenie personelu, opracowanie przepis\u00f3w, obliczanie stopy zwrotu oraz analiz\u0119 koszt\u00f3w \u017cywno\u015bci.\" \/>\n<meta property=\"og:url\" content=\"https:\/\/www.electroluxprofessional.com\/pl\/gastronomia\/zero-waste-all-taste\/\" \/>\n<meta property=\"og:site_name\" content=\"Electrolux Professional Polska\" \/>\n<meta property=\"article:modified_time\" content=\"2023-06-19T12:00:45+00:00\" \/>\n<meta property=\"og:image\" content=\"https:\/\/www.electroluxprofessional.com\/pl\/wp-content\/uploads\/2022\/05\/2021188EI-00-Banner-Zero-Waste-All-Taste-1920x680-1.jpeg\" \/>\n\t<meta property=\"og:image:width\" content=\"1920\" \/>\n\t<meta property=\"og:image:height\" content=\"680\" \/>\n\t<meta property=\"og:image:type\" content=\"image\/jpeg\" \/>\n<meta name=\"twitter:card\" content=\"summary_large_image\" \/>\n<meta name=\"twitter:label1\" content=\"Szacowany czas czytania\" \/>\n\t<meta name=\"twitter:data1\" content=\"5 minut\" \/>\n<script type=\"application\/ld+json\" class=\"yoast-schema-graph\">{\"@context\":\"https:\/\/schema.org\",\"@graph\":[{\"@type\":\"WebPage\",\"@id\":\"https:\/\/www.electroluxprofessional.com\/pl\/gastronomia\/zero-waste-all-taste\/\",\"url\":\"https:\/\/www.electroluxprofessional.com\/pl\/gastronomia\/zero-waste-all-taste\/\",\"name\":\"Zero odpad\u00f3w, sam smak - Electrolux Professional Polska\",\"isPartOf\":{\"@id\":\"https:\/\/www.electroluxprofessional.com\/pl\/#website\"},\"primaryImageOfPage\":{\"@id\":\"https:\/\/www.electroluxprofessional.com\/pl\/gastronomia\/zero-waste-all-taste\/#primaryimage\"},\"image\":{\"@id\":\"https:\/\/www.electroluxprofessional.com\/pl\/gastronomia\/zero-waste-all-taste\/#primaryimage\"},\"thumbnailUrl\":\"https:\/\/www.electroluxprofessional.com\/pl\/wp-content\/uploads\/2022\/05\/2021188EI-00-Banner-Zero-Waste-All-Taste-1920x680-1.jpeg\",\"datePublished\":\"2022-04-12T11:52:13+00:00\",\"dateModified\":\"2023-06-19T12:00:45+00:00\",\"description\":\"Wprowadzamy nasz\u0105 rewolucyjn\u0105 koncepcj\u0119 pe\u0142nej obs\u0142ugi, uwzgl\u0119dniaj\u0105c\u0105 sprz\u0119t, obs\u0142ug\u0119 przedsprzeda\u017cow\u0105, umowy w zakresie konserwacji, szkolenie personelu, opracowanie przepis\u00f3w, obliczanie stopy zwrotu oraz analiz\u0119 koszt\u00f3w \u017cywno\u015bci.\",\"breadcrumb\":{\"@id\":\"https:\/\/www.electroluxprofessional.com\/pl\/gastronomia\/zero-waste-all-taste\/#breadcrumb\"},\"inLanguage\":\"pl-PL\",\"potentialAction\":[{\"@type\":\"ReadAction\",\"target\":[\"https:\/\/www.electroluxprofessional.com\/pl\/gastronomia\/zero-waste-all-taste\/\"]}]},{\"@type\":\"ImageObject\",\"inLanguage\":\"pl-PL\",\"@id\":\"https:\/\/www.electroluxprofessional.com\/pl\/gastronomia\/zero-waste-all-taste\/#primaryimage\",\"url\":\"https:\/\/www.electroluxprofessional.com\/pl\/wp-content\/uploads\/2022\/05\/2021188EI-00-Banner-Zero-Waste-All-Taste-1920x680-1.jpeg\",\"contentUrl\":\"https:\/\/www.electroluxprofessional.com\/pl\/wp-content\/uploads\/2022\/05\/2021188EI-00-Banner-Zero-Waste-All-Taste-1920x680-1.jpeg\",\"width\":1920,\"height\":680,\"caption\":\"2021188EI-00-Banner-Zero-Waste-All-Taste-1920x680\"},{\"@type\":\"BreadcrumbList\",\"@id\":\"https:\/\/www.electroluxprofessional.com\/pl\/gastronomia\/zero-waste-all-taste\/#breadcrumb\",\"itemListElement\":[{\"@type\":\"ListItem\",\"position\":1,\"name\":\"Strona g\u0142\u00f3wna\",\"item\":\"https:\/\/www.electroluxprofessional.com\/pl\/\"},{\"@type\":\"ListItem\",\"position\":2,\"name\":\"Gastronomia\",\"item\":\"https:\/\/www.electroluxprofessional.com\/pl\/gastronomia\/\"},{\"@type\":\"ListItem\",\"position\":3,\"name\":\"Zero odpad\u00f3w, sam smak\"}]},{\"@type\":\"WebSite\",\"@id\":\"https:\/\/www.electroluxprofessional.com\/pl\/#website\",\"url\":\"https:\/\/www.electroluxprofessional.com\/pl\/\",\"name\":\"Electrolux Professional Polska\",\"description\":\"\",\"potentialAction\":[{\"@type\":\"SearchAction\",\"target\":{\"@type\":\"EntryPoint\",\"urlTemplate\":\"https:\/\/www.electroluxprofessional.com\/pl\/?src={search_term_string}\"},\"query-input\":\"required name=search_term_string\"}],\"inLanguage\":\"pl-PL\"}]}<\/script>\n<!-- \/ Yoast SEO plugin. -->","yoast_head_json":{"title":"Zero odpad\u00f3w, sam smak - Electrolux Professional Polska","description":"Wprowadzamy nasz\u0105 rewolucyjn\u0105 koncepcj\u0119 pe\u0142nej obs\u0142ugi, uwzgl\u0119dniaj\u0105c\u0105 sprz\u0119t, obs\u0142ug\u0119 przedsprzeda\u017cow\u0105, umowy w zakresie konserwacji, szkolenie personelu, opracowanie przepis\u00f3w, obliczanie stopy zwrotu oraz analiz\u0119 koszt\u00f3w \u017cywno\u015bci.","robots":{"index":"index","follow":"follow","max-snippet":"max-snippet:-1","max-image-preview":"max-image-preview:large","max-video-preview":"max-video-preview:-1"},"canonical":"https:\/\/www.electroluxprofessional.com\/pl\/gastronomia\/zero-waste-all-taste\/","og_locale":"pl_PL","og_type":"article","og_title":"Zero odpad\u00f3w, sam smak - Electrolux Professional Polska","og_description":"Wprowadzamy nasz\u0105 rewolucyjn\u0105 koncepcj\u0119 pe\u0142nej obs\u0142ugi, uwzgl\u0119dniaj\u0105c\u0105 sprz\u0119t, obs\u0142ug\u0119 przedsprzeda\u017cow\u0105, umowy w zakresie konserwacji, szkolenie personelu, opracowanie przepis\u00f3w, obliczanie stopy zwrotu oraz analiz\u0119 koszt\u00f3w \u017cywno\u015bci.","og_url":"https:\/\/www.electroluxprofessional.com\/pl\/gastronomia\/zero-waste-all-taste\/","og_site_name":"Electrolux Professional Polska","article_modified_time":"2023-06-19T12:00:45+00:00","og_image":[{"width":1920,"height":680,"url":"https:\/\/www.electroluxprofessional.com\/pl\/wp-content\/uploads\/2022\/05\/2021188EI-00-Banner-Zero-Waste-All-Taste-1920x680-1.jpeg","type":"image\/jpeg"}],"twitter_card":"summary_large_image","twitter_misc":{"Szacowany czas czytania":"5 minut"},"schema":{"@context":"https:\/\/schema.org","@graph":[{"@type":"WebPage","@id":"https:\/\/www.electroluxprofessional.com\/pl\/gastronomia\/zero-waste-all-taste\/","url":"https:\/\/www.electroluxprofessional.com\/pl\/gastronomia\/zero-waste-all-taste\/","name":"Zero odpad\u00f3w, sam smak - Electrolux Professional Polska","isPartOf":{"@id":"https:\/\/www.electroluxprofessional.com\/pl\/#website"},"primaryImageOfPage":{"@id":"https:\/\/www.electroluxprofessional.com\/pl\/gastronomia\/zero-waste-all-taste\/#primaryimage"},"image":{"@id":"https:\/\/www.electroluxprofessional.com\/pl\/gastronomia\/zero-waste-all-taste\/#primaryimage"},"thumbnailUrl":"https:\/\/www.electroluxprofessional.com\/pl\/wp-content\/uploads\/2022\/05\/2021188EI-00-Banner-Zero-Waste-All-Taste-1920x680-1.jpeg","datePublished":"2022-04-12T11:52:13+00:00","dateModified":"2023-06-19T12:00:45+00:00","description":"Wprowadzamy nasz\u0105 rewolucyjn\u0105 koncepcj\u0119 pe\u0142nej obs\u0142ugi, uwzgl\u0119dniaj\u0105c\u0105 sprz\u0119t, obs\u0142ug\u0119 przedsprzeda\u017cow\u0105, umowy w zakresie konserwacji, szkolenie personelu, opracowanie przepis\u00f3w, obliczanie stopy zwrotu oraz analiz\u0119 koszt\u00f3w \u017cywno\u015bci.","breadcrumb":{"@id":"https:\/\/www.electroluxprofessional.com\/pl\/gastronomia\/zero-waste-all-taste\/#breadcrumb"},"inLanguage":"pl-PL","potentialAction":[{"@type":"ReadAction","target":["https:\/\/www.electroluxprofessional.com\/pl\/gastronomia\/zero-waste-all-taste\/"]}]},{"@type":"ImageObject","inLanguage":"pl-PL","@id":"https:\/\/www.electroluxprofessional.com\/pl\/gastronomia\/zero-waste-all-taste\/#primaryimage","url":"https:\/\/www.electroluxprofessional.com\/pl\/wp-content\/uploads\/2022\/05\/2021188EI-00-Banner-Zero-Waste-All-Taste-1920x680-1.jpeg","contentUrl":"https:\/\/www.electroluxprofessional.com\/pl\/wp-content\/uploads\/2022\/05\/2021188EI-00-Banner-Zero-Waste-All-Taste-1920x680-1.jpeg","width":1920,"height":680,"caption":"2021188EI-00-Banner-Zero-Waste-All-Taste-1920x680"},{"@type":"BreadcrumbList","@id":"https:\/\/www.electroluxprofessional.com\/pl\/gastronomia\/zero-waste-all-taste\/#breadcrumb","itemListElement":[{"@type":"ListItem","position":1,"name":"Strona g\u0142\u00f3wna","item":"https:\/\/www.electroluxprofessional.com\/pl\/"},{"@type":"ListItem","position":2,"name":"Gastronomia","item":"https:\/\/www.electroluxprofessional.com\/pl\/gastronomia\/"},{"@type":"ListItem","position":3,"name":"Zero odpad\u00f3w, sam smak"}]},{"@type":"WebSite","@id":"https:\/\/www.electroluxprofessional.com\/pl\/#website","url":"https:\/\/www.electroluxprofessional.com\/pl\/","name":"Electrolux Professional Polska","description":"","potentialAction":[{"@type":"SearchAction","target":{"@type":"EntryPoint","urlTemplate":"https:\/\/www.electroluxprofessional.com\/pl\/?src={search_term_string}"},"query-input":"required name=search_term_string"}],"inLanguage":"pl-PL"}]}},"_links":{"self":[{"href":"https:\/\/www.electroluxprofessional.com\/pl\/wp-json\/wp\/v2\/pages\/8903"}],"collection":[{"href":"https:\/\/www.electroluxprofessional.com\/pl\/wp-json\/wp\/v2\/pages"}],"about":[{"href":"https:\/\/www.electroluxprofessional.com\/pl\/wp-json\/wp\/v2\/types\/page"}],"author":[{"embeddable":true,"href":"https:\/\/www.electroluxprofessional.com\/pl\/wp-json\/wp\/v2\/users\/3"}],"replies":[{"embeddable":true,"href":"https:\/\/www.electroluxprofessional.com\/pl\/wp-json\/wp\/v2\/comments?post=8903"}],"version-history":[{"count":4,"href":"https:\/\/www.electroluxprofessional.com\/pl\/wp-json\/wp\/v2\/pages\/8903\/revisions"}],"predecessor-version":[{"id":9234,"href":"https:\/\/www.electroluxprofessional.com\/pl\/wp-json\/wp\/v2\/pages\/8903\/revisions\/9234"}],"up":[{"embeddable":true,"href":"https:\/\/www.electroluxprofessional.com\/pl\/wp-json\/wp\/v2\/pages\/1148"}],"wp:featuredmedia":[{"embeddable":true,"href":"https:\/\/www.electroluxprofessional.com\/pl\/wp-json\/wp\/v2\/media\/8889"}],"wp:attachment":[{"href":"https:\/\/www.electroluxprofessional.com\/pl\/wp-json\/wp\/v2\/media?parent=8903"}],"curies":[{"name":"wp","href":"https:\/\/api.w.org\/{rel}","templated":true}]}}