{"id":8631,"date":"2024-07-03T08:42:19","date_gmt":"2024-07-03T08:42:19","guid":{"rendered":"https:\/\/www.electroluxprofessional.com\/pl\/?page_id=8631"},"modified":"2025-03-03T16:54:51","modified_gmt":"2025-03-03T16:54:51","slug":"aktualnosci-wydarzenia-nagrody-draft","status":"publish","type":"page","link":"https:\/\/www.electroluxprofessional.com\/pl\/aktualnosci-wydarzenia-nagrody-draft\/","title":{"rendered":"Aktualno\u015bci, wydarzenia, nagrody"},"content":{"rendered":"<p>[vc_row full_width=&#8221;electroluxpro-full-width-no-padding&#8221;][vc_column][elx_hero_slider label_text_color=&#8221;inherit&#8221; images=&#8221;1569&#8243;][elx_heading font_container=&#8221;h1&#8243; font_size=&#8221;h2&#8243; text_color=&#8221;inherit&#8221;]Aktualno\u015bci i wydarzenia[\/elx_heading][\/elx_hero_slider][\/vc_column][\/vc_row][vc_row][vc_column][elx_o2000_contact_us][\/vc_column][\/vc_row]<\/p>\n","protected":false},"excerpt":{"rendered":"<p>[vc_row full_width=&#8221;electroluxpro-full-width-no-padding&#8221;][vc_column][elx_hero_slider label_text_color=&#8221;inherit&#8221; images=&#8221;1569&#8243;][elx_heading font_container=&#8221;h1&#8243; font_size=&#8221;h2&#8243; text_color=&#8221;inherit&#8221;]Aktualno\u015bci i wydarzenia[\/elx_heading][\/elx_hero_slider][\/vc_column][\/vc_row][vc_row][vc_column][elx_o2000_contact_us][\/vc_column][\/vc_row]<\/p>\n","protected":false},"author":1,"featured_media":0,"parent":0,"menu_order":0,"comment_status":"closed","ping_status":"closed","template":"template-news.php","meta":{"footnotes":""},"class_list":["post-8631","page","type-page","status-publish","hentry"],"acf":[],"yoast_head":"<!-- This site is optimized with the Yoast SEO plugin v23.3 - https:\/\/yoast.com\/wordpress\/plugins\/seo\/ -->\n<title>Aktualno\u015bci, wydarzenia, nagrody - Electrolux Professional Polska<\/title>\n<meta name=\"description\" content=\"Odkryj, co dzieje si\u0119 na \u015bwiecie z Electrolux Professional, sprawdzaj\u0105c nasze strony w mediach spo\u0142eczno\u015bciowych.\" \/>\n<meta name=\"robots\" content=\"index, follow, max-snippet:-1, max-image-preview:large, max-video-preview:-1\" \/>\n<link rel=\"canonical\" href=\"https:\/\/www.electroluxprofessional.com\/pl\/aktualnosci-wydarzenia-nagrody-draft\/\" \/>\n<meta property=\"og:locale\" content=\"pl_PL\" \/>\n<meta property=\"og:type\" content=\"article\" \/>\n<meta property=\"og:title\" content=\"Aktualno\u015bci, wydarzenia, nagrody - Electrolux Professional Polska\" \/>\n<meta property=\"og:description\" content=\"Odkryj, co dzieje si\u0119 na \u015bwiecie z Electrolux Professional, sprawdzaj\u0105c nasze strony w mediach spo\u0142eczno\u015bciowych.\" \/>\n<meta property=\"og:url\" content=\"https:\/\/www.electroluxprofessional.com\/pl\/aktualnosci-wydarzenia-nagrody-draft\/\" \/>\n<meta property=\"og:site_name\" content=\"Electrolux Professional Polska\" \/>\n<meta property=\"article:modified_time\" content=\"2025-03-03T16:54:51+00:00\" \/>\n<meta name=\"twitter:card\" content=\"summary_large_image\" \/>\n<meta name=\"twitter:label1\" content=\"Szacowany czas czytania\" \/>\n\t<meta name=\"twitter:data1\" content=\"1 minuta\" \/>\n<script type=\"application\/ld+json\" class=\"yoast-schema-graph\">{\"@context\":\"https:\/\/schema.org\",\"@graph\":[{\"@type\":\"WebPage\",\"@id\":\"https:\/\/www.electroluxprofessional.com\/pl\/aktualnosci-wydarzenia-nagrody-draft\/\",\"url\":\"https:\/\/www.electroluxprofessional.com\/pl\/aktualnosci-wydarzenia-nagrody-draft\/\",\"name\":\"Aktualno\u015bci, wydarzenia, nagrody - Electrolux Professional Polska\",\"isPartOf\":{\"@id\":\"https:\/\/www.electroluxprofessional.com\/pl\/#website\"},\"datePublished\":\"2024-07-03T08:42:19+00:00\",\"dateModified\":\"2025-03-03T16:54:51+00:00\",\"description\":\"Odkryj, co dzieje si\u0119 na \u015bwiecie z Electrolux Professional, sprawdzaj\u0105c nasze strony w mediach spo\u0142eczno\u015bciowych.\",\"breadcrumb\":{\"@id\":\"https:\/\/www.electroluxprofessional.com\/pl\/aktualnosci-wydarzenia-nagrody-draft\/#breadcrumb\"},\"inLanguage\":\"pl-PL\",\"potentialAction\":[{\"@type\":\"ReadAction\",\"target\":[\"https:\/\/www.electroluxprofessional.com\/pl\/aktualnosci-wydarzenia-nagrody-draft\/\"]}]},{\"@type\":\"BreadcrumbList\",\"@id\":\"https:\/\/www.electroluxprofessional.com\/pl\/aktualnosci-wydarzenia-nagrody-draft\/#breadcrumb\",\"itemListElement\":[{\"@type\":\"ListItem\",\"position\":1,\"name\":\"Strona g\u0142\u00f3wna\",\"item\":\"https:\/\/www.electroluxprofessional.com\/pl\/\"},{\"@type\":\"ListItem\",\"position\":2,\"name\":\"Aktualno\u015bci, wydarzenia, nagrody\"}]},{\"@type\":\"WebSite\",\"@id\":\"https:\/\/www.electroluxprofessional.com\/pl\/#website\",\"url\":\"https:\/\/www.electroluxprofessional.com\/pl\/\",\"name\":\"Electrolux Professional Polska\",\"description\":\"\",\"potentialAction\":[{\"@type\":\"SearchAction\",\"target\":{\"@type\":\"EntryPoint\",\"urlTemplate\":\"https:\/\/www.electroluxprofessional.com\/pl\/?src={search_term_string}\"},\"query-input\":\"required name=search_term_string\"}],\"inLanguage\":\"pl-PL\"}]}<\/script>\n<!-- \/ Yoast SEO plugin. -->","yoast_head_json":{"title":"Aktualno\u015bci, wydarzenia, nagrody - Electrolux Professional Polska","description":"Odkryj, co dzieje si\u0119 na \u015bwiecie z Electrolux Professional, sprawdzaj\u0105c nasze strony w mediach spo\u0142eczno\u015bciowych.","robots":{"index":"index","follow":"follow","max-snippet":"max-snippet:-1","max-image-preview":"max-image-preview:large","max-video-preview":"max-video-preview:-1"},"canonical":"https:\/\/www.electroluxprofessional.com\/pl\/aktualnosci-wydarzenia-nagrody-draft\/","og_locale":"pl_PL","og_type":"article","og_title":"Aktualno\u015bci, wydarzenia, nagrody - Electrolux Professional Polska","og_description":"Odkryj, co dzieje si\u0119 na \u015bwiecie z Electrolux Professional, sprawdzaj\u0105c nasze strony w mediach spo\u0142eczno\u015bciowych.","og_url":"https:\/\/www.electroluxprofessional.com\/pl\/aktualnosci-wydarzenia-nagrody-draft\/","og_site_name":"Electrolux Professional Polska","article_modified_time":"2025-03-03T16:54:51+00:00","twitter_card":"summary_large_image","twitter_misc":{"Szacowany czas czytania":"1 minuta"},"schema":{"@context":"https:\/\/schema.org","@graph":[{"@type":"WebPage","@id":"https:\/\/www.electroluxprofessional.com\/pl\/aktualnosci-wydarzenia-nagrody-draft\/","url":"https:\/\/www.electroluxprofessional.com\/pl\/aktualnosci-wydarzenia-nagrody-draft\/","name":"Aktualno\u015bci, wydarzenia, nagrody - Electrolux Professional Polska","isPartOf":{"@id":"https:\/\/www.electroluxprofessional.com\/pl\/#website"},"datePublished":"2024-07-03T08:42:19+00:00","dateModified":"2025-03-03T16:54:51+00:00","description":"Odkryj, co dzieje si\u0119 na \u015bwiecie z Electrolux Professional, sprawdzaj\u0105c nasze strony w mediach spo\u0142eczno\u015bciowych.","breadcrumb":{"@id":"https:\/\/www.electroluxprofessional.com\/pl\/aktualnosci-wydarzenia-nagrody-draft\/#breadcrumb"},"inLanguage":"pl-PL","potentialAction":[{"@type":"ReadAction","target":["https:\/\/www.electroluxprofessional.com\/pl\/aktualnosci-wydarzenia-nagrody-draft\/"]}]},{"@type":"BreadcrumbList","@id":"https:\/\/www.electroluxprofessional.com\/pl\/aktualnosci-wydarzenia-nagrody-draft\/#breadcrumb","itemListElement":[{"@type":"ListItem","position":1,"name":"Strona g\u0142\u00f3wna","item":"https:\/\/www.electroluxprofessional.com\/pl\/"},{"@type":"ListItem","position":2,"name":"Aktualno\u015bci, wydarzenia, nagrody"}]},{"@type":"WebSite","@id":"https:\/\/www.electroluxprofessional.com\/pl\/#website","url":"https:\/\/www.electroluxprofessional.com\/pl\/","name":"Electrolux Professional Polska","description":"","potentialAction":[{"@type":"SearchAction","target":{"@type":"EntryPoint","urlTemplate":"https:\/\/www.electroluxprofessional.com\/pl\/?src={search_term_string}"},"query-input":"required name=search_term_string"}],"inLanguage":"pl-PL"}]}},"_links":{"self":[{"href":"https:\/\/www.electroluxprofessional.com\/pl\/wp-json\/wp\/v2\/pages\/8631"}],"collection":[{"href":"https:\/\/www.electroluxprofessional.com\/pl\/wp-json\/wp\/v2\/pages"}],"about":[{"href":"https:\/\/www.electroluxprofessional.com\/pl\/wp-json\/wp\/v2\/types\/page"}],"author":[{"embeddable":true,"href":"https:\/\/www.electroluxprofessional.com\/pl\/wp-json\/wp\/v2\/users\/1"}],"replies":[{"embeddable":true,"href":"https:\/\/www.electroluxprofessional.com\/pl\/wp-json\/wp\/v2\/comments?post=8631"}],"version-history":[{"count":1,"href":"https:\/\/www.electroluxprofessional.com\/pl\/wp-json\/wp\/v2\/pages\/8631\/revisions"}],"predecessor-version":[{"id":10212,"href":"https:\/\/www.electroluxprofessional.com\/pl\/wp-json\/wp\/v2\/pages\/8631\/revisions\/10212"}],"wp:attachment":[{"href":"https:\/\/www.electroluxprofessional.com\/pl\/wp-json\/wp\/v2\/media?parent=8631"}],"curies":[{"name":"wp","href":"https:\/\/api.w.org\/{rel}","templated":true}]}}