{"id":6705,"date":"2018-05-09T15:47:20","date_gmt":"2018-05-09T14:47:20","guid":{"rendered":"https:\/\/www.electroluxprofessional.com\/?page_id=16693"},"modified":"2021-05-11T19:03:25","modified_gmt":"2021-05-11T19:03:25","slug":"lokalizator-czesci-zamiennych-dla-serwisu","status":"publish","type":"page","link":"https:\/\/www.electroluxprofessional.com\/pl\/obsluga-klienta\/lokalizator-czesci-zamiennych-dla-serwisu\/","title":{"rendered":"Lokalizator cz\u0119\u015bci zamiennych dla serwisu"},"content":{"rendered":"<p>[vc_row full_width=&#8221;electroluxpro-full-width-no-padding&#8221;][vc_column][elx_image_block background_image=&#8221;6704&#8243; minimum_height=&#8221;350px&#8221;][\/vc_column][\/vc_row][vc_row][vc_column][vc_empty_space][elx_heading font_container=&#8221;h1&#8243; font_size=&#8221;h3&#8243; text_color=&#8221;electrolux-blue&#8221; text_align=&#8221;text-left&#8221;]Lokalizator cz\u0119\u015bci zamiennych dla serwisu[\/elx_heading][elx_heading font_size=&#8221;h5&#8243; text_color=&#8221;inherit&#8221;]Twoja satysfakcja to nasza satysfakcja.[\/elx_heading][vc_column_text]<span style=\"font-weight: 400;\">Wszystko, czego potrzebujesz, jest zawsze dost\u0119pne.<\/span><span style=\"font-weight: 400;\"><br \/>\n<\/span><span style=\"font-weight: 400;\">Dost\u0119pno\u015b\u0107 ponad 55 000 cz\u0119\u015bci zamiennych, dzi\u0119ki rozleg\u0142ej globalnej sieci Obs\u0142ugi Klienta, z\u0142o\u017conej z ponad 2200 autoryzowanych ekspert\u00f3w technicznych.<\/span><span style=\"font-weight: 400;\"><br \/>\n<\/span><span style=\"font-weight: 400;\">Cz\u0119\u015bci zamienne dla twoich urz\u0105dze\u0144 na co najmniej 10 lat od zako\u0144czenia produkcji. Nasi partnerzy serwisowi, obecni w ponad 149 krajach, s\u0105 w stanie dosy\u0142a\u0107 cz\u0119\u015bci zamienne \u0142atwo i szybko na ca\u0142ym \u015bwiecie.<\/span>[\/vc_column_text][\/vc_column][\/vc_row][vc_row][vc_column][elx_heading font_size=&#8221;h3&#8243; text_color=&#8221;inherit&#8221;]Skontaktuj si\u0119 z najbli\u017cszym partnerem[\/elx_heading][vc_empty_space][elx_o2000_locator l=&#8221;en&#8221; agencydef=&#8221;service&#8221;][\/vc_column][\/vc_row][vc_row][vc_column][vc_empty_space][\/vc_column][\/vc_row][vc_row css=&#8221;.vc_custom_1525877089500{background-color: #eeeeee !important;}&#8221;][vc_column][elx_heading font_size=&#8221;h3&#8243; text_color=&#8221;inherit&#8221;]Find more on the complete solution[\/elx_heading][vc_empty_space][\/vc_column][\/vc_row][vc_row css=&#8221;.vc_custom_1525877097528{background-color: #eeeeee !important;}&#8221;][vc_column width=&#8221;1\/3&#8243;][elx_maylike_box id_box=&#8221;5667&#8243;][\/vc_column][vc_column width=&#8221;1\/3&#8243;][elx_maylike_box id_box=&#8221;5669&#8243;][\/vc_column][vc_column width=&#8221;1\/3&#8243;][\/vc_column][\/vc_row]<\/p>\n","protected":false},"excerpt":{"rendered":"<p>[vc_row full_width=&#8221;electroluxpro-full-width-no-padding&#8221;][vc_column][elx_image_block background_image=&#8221;6704&#8243; minimum_height=&#8221;350px&#8221;][\/vc_column][\/vc_row][vc_row][vc_column][vc_empty_space][elx_heading font_container=&#8221;h1&#8243; font_size=&#8221;h3&#8243; text_color=&#8221;electrolux-blue&#8221; text_align=&#8221;text-left&#8221;]Lokalizator cz\u0119\u015bci zamiennych dla serwisu[\/elx_heading][elx_heading font_size=&#8221;h5&#8243; text_color=&#8221;inherit&#8221;]Twoja satysfakcja to nasza satysfakcja.[\/elx_heading][vc_column_text]Wszystko, czego potrzebujesz, jest zawsze dost\u0119pne. Dost\u0119pno\u015b\u0107 ponad 55 000 cz\u0119\u015bci zamiennych, dzi\u0119ki rozleg\u0142ej globalnej sieci Obs\u0142ugi Klienta, z\u0142o\u017conej z ponad 2200 autoryzowanych ekspert\u00f3w technicznych. Cz\u0119\u015bci zamienne dla twoich urz\u0105dze\u0144 na co najmniej 10 lat od zako\u0144czenia produkcji. [&hellip;]<\/p>\n","protected":false},"author":3,"featured_media":0,"parent":2593,"menu_order":0,"comment_status":"closed","ping_status":"closed","template":"","meta":{"footnotes":""},"class_list":["post-6705","page","type-page","status-publish","hentry"],"acf":[],"yoast_head":"<!-- This site is optimized with the Yoast SEO plugin v23.3 - https:\/\/yoast.com\/wordpress\/plugins\/seo\/ -->\n<title>Lokalizator cz\u0119\u015bci zamiennych dla serwisu - Electrolux Professional Polska<\/title>\n<meta name=\"description\" content=\"Wszystko, czego potrzebujesz, jest zawsze dost\u0119pne. Dost\u0119pno\u015b\u0107 ponad 55 000 cz\u0119\u015bci zamiennych, dzi\u0119ki rozleg\u0142ej globalnej sieci Obs\u0142ugi Klienta, z\u0142o\u017conej z ponad 2200 autoryzowanych ekspert\u00f3w technicznych.\" \/>\n<meta name=\"robots\" content=\"index, follow, max-snippet:-1, max-image-preview:large, max-video-preview:-1\" \/>\n<link rel=\"canonical\" href=\"https:\/\/www.electroluxprofessional.com\/pl\/obsluga-klienta\/lokalizator-czesci-zamiennych-dla-serwisu\/\" \/>\n<meta property=\"og:locale\" content=\"pl_PL\" \/>\n<meta property=\"og:type\" content=\"article\" \/>\n<meta property=\"og:title\" content=\"Lokalizator cz\u0119\u015bci zamiennych dla serwisu - Electrolux Professional Polska\" \/>\n<meta property=\"og:description\" content=\"Wszystko, czego potrzebujesz, jest zawsze dost\u0119pne. Dost\u0119pno\u015b\u0107 ponad 55 000 cz\u0119\u015bci zamiennych, dzi\u0119ki rozleg\u0142ej globalnej sieci Obs\u0142ugi Klienta, z\u0142o\u017conej z ponad 2200 autoryzowanych ekspert\u00f3w technicznych.\" \/>\n<meta property=\"og:url\" content=\"https:\/\/www.electroluxprofessional.com\/pl\/obsluga-klienta\/lokalizator-czesci-zamiennych-dla-serwisu\/\" \/>\n<meta property=\"og:site_name\" content=\"Electrolux Professional Polska\" \/>\n<meta property=\"article:modified_time\" content=\"2021-05-11T19:03:25+00:00\" \/>\n<meta name=\"twitter:card\" content=\"summary_large_image\" \/>\n<meta name=\"twitter:label1\" content=\"Szacowany czas czytania\" \/>\n\t<meta name=\"twitter:data1\" content=\"1 minuta\" \/>\n<script type=\"application\/ld+json\" class=\"yoast-schema-graph\">{\"@context\":\"https:\/\/schema.org\",\"@graph\":[{\"@type\":\"WebPage\",\"@id\":\"https:\/\/www.electroluxprofessional.com\/pl\/obsluga-klienta\/lokalizator-czesci-zamiennych-dla-serwisu\/\",\"url\":\"https:\/\/www.electroluxprofessional.com\/pl\/obsluga-klienta\/lokalizator-czesci-zamiennych-dla-serwisu\/\",\"name\":\"Lokalizator cz\u0119\u015bci zamiennych dla serwisu - Electrolux Professional Polska\",\"isPartOf\":{\"@id\":\"https:\/\/www.electroluxprofessional.com\/pl\/#website\"},\"datePublished\":\"2018-05-09T14:47:20+00:00\",\"dateModified\":\"2021-05-11T19:03:25+00:00\",\"description\":\"Wszystko, czego potrzebujesz, jest zawsze dost\u0119pne. Dost\u0119pno\u015b\u0107 ponad 55 000 cz\u0119\u015bci zamiennych, dzi\u0119ki rozleg\u0142ej globalnej sieci Obs\u0142ugi Klienta, z\u0142o\u017conej z ponad 2200 autoryzowanych ekspert\u00f3w technicznych.\",\"breadcrumb\":{\"@id\":\"https:\/\/www.electroluxprofessional.com\/pl\/obsluga-klienta\/lokalizator-czesci-zamiennych-dla-serwisu\/#breadcrumb\"},\"inLanguage\":\"pl-PL\",\"potentialAction\":[{\"@type\":\"ReadAction\",\"target\":[\"https:\/\/www.electroluxprofessional.com\/pl\/obsluga-klienta\/lokalizator-czesci-zamiennych-dla-serwisu\/\"]}]},{\"@type\":\"BreadcrumbList\",\"@id\":\"https:\/\/www.electroluxprofessional.com\/pl\/obsluga-klienta\/lokalizator-czesci-zamiennych-dla-serwisu\/#breadcrumb\",\"itemListElement\":[{\"@type\":\"ListItem\",\"position\":1,\"name\":\"Strona g\u0142\u00f3wna\",\"item\":\"https:\/\/www.electroluxprofessional.com\/pl\/\"},{\"@type\":\"ListItem\",\"position\":2,\"name\":\"Obs\u0142uga klienta\",\"item\":\"https:\/\/www.electroluxprofessional.com\/pl\/obsluga-klienta\/\"},{\"@type\":\"ListItem\",\"position\":3,\"name\":\"Lokalizator cz\u0119\u015bci zamiennych dla serwisu\"}]},{\"@type\":\"WebSite\",\"@id\":\"https:\/\/www.electroluxprofessional.com\/pl\/#website\",\"url\":\"https:\/\/www.electroluxprofessional.com\/pl\/\",\"name\":\"Electrolux Professional Polska\",\"description\":\"\",\"potentialAction\":[{\"@type\":\"SearchAction\",\"target\":{\"@type\":\"EntryPoint\",\"urlTemplate\":\"https:\/\/www.electroluxprofessional.com\/pl\/?src={search_term_string}\"},\"query-input\":\"required name=search_term_string\"}],\"inLanguage\":\"pl-PL\"}]}<\/script>\n<!-- \/ Yoast SEO plugin. -->","yoast_head_json":{"title":"Lokalizator cz\u0119\u015bci zamiennych dla serwisu - Electrolux Professional Polska","description":"Wszystko, czego potrzebujesz, jest zawsze dost\u0119pne. Dost\u0119pno\u015b\u0107 ponad 55 000 cz\u0119\u015bci zamiennych, dzi\u0119ki rozleg\u0142ej globalnej sieci Obs\u0142ugi Klienta, z\u0142o\u017conej z ponad 2200 autoryzowanych ekspert\u00f3w technicznych.","robots":{"index":"index","follow":"follow","max-snippet":"max-snippet:-1","max-image-preview":"max-image-preview:large","max-video-preview":"max-video-preview:-1"},"canonical":"https:\/\/www.electroluxprofessional.com\/pl\/obsluga-klienta\/lokalizator-czesci-zamiennych-dla-serwisu\/","og_locale":"pl_PL","og_type":"article","og_title":"Lokalizator cz\u0119\u015bci zamiennych dla serwisu - Electrolux Professional Polska","og_description":"Wszystko, czego potrzebujesz, jest zawsze dost\u0119pne. Dost\u0119pno\u015b\u0107 ponad 55 000 cz\u0119\u015bci zamiennych, dzi\u0119ki rozleg\u0142ej globalnej sieci Obs\u0142ugi Klienta, z\u0142o\u017conej z ponad 2200 autoryzowanych ekspert\u00f3w technicznych.","og_url":"https:\/\/www.electroluxprofessional.com\/pl\/obsluga-klienta\/lokalizator-czesci-zamiennych-dla-serwisu\/","og_site_name":"Electrolux Professional Polska","article_modified_time":"2021-05-11T19:03:25+00:00","twitter_card":"summary_large_image","twitter_misc":{"Szacowany czas czytania":"1 minuta"},"schema":{"@context":"https:\/\/schema.org","@graph":[{"@type":"WebPage","@id":"https:\/\/www.electroluxprofessional.com\/pl\/obsluga-klienta\/lokalizator-czesci-zamiennych-dla-serwisu\/","url":"https:\/\/www.electroluxprofessional.com\/pl\/obsluga-klienta\/lokalizator-czesci-zamiennych-dla-serwisu\/","name":"Lokalizator cz\u0119\u015bci zamiennych dla serwisu - Electrolux Professional Polska","isPartOf":{"@id":"https:\/\/www.electroluxprofessional.com\/pl\/#website"},"datePublished":"2018-05-09T14:47:20+00:00","dateModified":"2021-05-11T19:03:25+00:00","description":"Wszystko, czego potrzebujesz, jest zawsze dost\u0119pne. Dost\u0119pno\u015b\u0107 ponad 55 000 cz\u0119\u015bci zamiennych, dzi\u0119ki rozleg\u0142ej globalnej sieci Obs\u0142ugi Klienta, z\u0142o\u017conej z ponad 2200 autoryzowanych ekspert\u00f3w technicznych.","breadcrumb":{"@id":"https:\/\/www.electroluxprofessional.com\/pl\/obsluga-klienta\/lokalizator-czesci-zamiennych-dla-serwisu\/#breadcrumb"},"inLanguage":"pl-PL","potentialAction":[{"@type":"ReadAction","target":["https:\/\/www.electroluxprofessional.com\/pl\/obsluga-klienta\/lokalizator-czesci-zamiennych-dla-serwisu\/"]}]},{"@type":"BreadcrumbList","@id":"https:\/\/www.electroluxprofessional.com\/pl\/obsluga-klienta\/lokalizator-czesci-zamiennych-dla-serwisu\/#breadcrumb","itemListElement":[{"@type":"ListItem","position":1,"name":"Strona g\u0142\u00f3wna","item":"https:\/\/www.electroluxprofessional.com\/pl\/"},{"@type":"ListItem","position":2,"name":"Obs\u0142uga klienta","item":"https:\/\/www.electroluxprofessional.com\/pl\/obsluga-klienta\/"},{"@type":"ListItem","position":3,"name":"Lokalizator cz\u0119\u015bci zamiennych dla serwisu"}]},{"@type":"WebSite","@id":"https:\/\/www.electroluxprofessional.com\/pl\/#website","url":"https:\/\/www.electroluxprofessional.com\/pl\/","name":"Electrolux Professional Polska","description":"","potentialAction":[{"@type":"SearchAction","target":{"@type":"EntryPoint","urlTemplate":"https:\/\/www.electroluxprofessional.com\/pl\/?src={search_term_string}"},"query-input":"required name=search_term_string"}],"inLanguage":"pl-PL"}]}},"_links":{"self":[{"href":"https:\/\/www.electroluxprofessional.com\/pl\/wp-json\/wp\/v2\/pages\/6705"}],"collection":[{"href":"https:\/\/www.electroluxprofessional.com\/pl\/wp-json\/wp\/v2\/pages"}],"about":[{"href":"https:\/\/www.electroluxprofessional.com\/pl\/wp-json\/wp\/v2\/types\/page"}],"author":[{"embeddable":true,"href":"https:\/\/www.electroluxprofessional.com\/pl\/wp-json\/wp\/v2\/users\/3"}],"replies":[{"embeddable":true,"href":"https:\/\/www.electroluxprofessional.com\/pl\/wp-json\/wp\/v2\/comments?post=6705"}],"version-history":[{"count":2,"href":"https:\/\/www.electroluxprofessional.com\/pl\/wp-json\/wp\/v2\/pages\/6705\/revisions"}],"predecessor-version":[{"id":6707,"href":"https:\/\/www.electroluxprofessional.com\/pl\/wp-json\/wp\/v2\/pages\/6705\/revisions\/6707"}],"up":[{"embeddable":true,"href":"https:\/\/www.electroluxprofessional.com\/pl\/wp-json\/wp\/v2\/pages\/2593"}],"wp:attachment":[{"href":"https:\/\/www.electroluxprofessional.com\/pl\/wp-json\/wp\/v2\/media?parent=6705"}],"curies":[{"name":"wp","href":"https:\/\/api.w.org\/{rel}","templated":true}]}}