{"id":6701,"date":"2018-05-09T15:33:48","date_gmt":"2018-05-09T14:33:48","guid":{"rendered":"https:\/\/www.electroluxprofessional.com\/?page_id=15376"},"modified":"2021-05-11T18:36:48","modified_gmt":"2021-05-11T18:36:48","slug":"umowy-serwisowe","status":"publish","type":"page","link":"https:\/\/www.electroluxprofessional.com\/pl\/obsluga-klienta\/umowy-serwisowe\/","title":{"rendered":"Umowy serwisowe"},"content":{"rendered":"<p>[vc_row full_width=&#8221;electroluxpro-full-width-no-padding&#8221;][vc_column][elx_image_block background_image=&#8221;6700&#8243; minimum_height=&#8221;350px&#8221;][\/vc_column][\/vc_row][vc_row][vc_column width=&#8221;2\/3&#8243;][vc_empty_space][elx_heading font_container=&#8221;h1&#8243; font_size=&#8221;h3&#8243; text_color=&#8221;inherit&#8221;]Umowy serwisowe[\/elx_heading][vc_empty_space][elx_heading font_size=&#8221;h5&#8243; text_color=&#8221;inherit&#8221;]Mo\u017cesz nam zaufa\u0107[\/elx_heading][vc_column_text]<span style=\"font-weight: 400;\">Obs\u0142uga Klienta Electrolux oferuje kilka pakiet\u00f3w <\/span><b>um\u00f3w serwisowych dostosowanych do indywidualnych potrzeb<\/b><span style=\"font-weight: 400;\">, zaprojektowanych zgodnie z instrukcjami dla naszych produkt\u00f3w tak, by zapewni\u0107 ich osi\u0105gi, dost\u0119pno\u015b\u0107 oraz bezpiecze\u0144stwo, <\/span><b>maksymalizuj\u0105c czas u\u017cytkowania i op\u0142acalno\u015b\u0107.<\/b>[\/vc_column_text][elx_heading font_container=&#8221;h3&#8243; font_size=&#8221;h5&#8243; text_color=&#8221;inherit&#8221;]Podstawowy Pakiet Serwisowy[\/elx_heading][vc_column_text]<span style=\"font-weight: 400;\">Podstawowa Opieka, oferowana dla wszystkich zarejestrowanych produkt\u00f3w, zapewniaj\u0105ca pomoc przy rozwi\u0105zaniu mniej krytycznych problem\u00f3w, wsparcie telefoniczne i przez e-mail w godzinach pracy, dost\u0119p do globalnego zapasu cz\u0119\u015bci zamiennych oraz rozszerzenie do naszej kompleksowej sieci serwisowej w terenie.<\/span>[\/vc_column_text][\/vc_column][vc_column width=&#8221;1\/3&#8243;][vc_empty_space][vc_empty_space][vc_empty_space][vc_single_image image=&#8221;5666&#8243; img_size=&#8221;full&#8221;][\/vc_column][\/vc_row][vc_row][vc_column][elx_heading font_size=&#8221;h3&#8243; text_color=&#8221;inherit&#8221;]Pakiety um\u00f3w serwisowych (*)[\/elx_heading][elx_heading font_container=&#8221;h3&#8243; font_size=&#8221;h5&#8243; text_color=&#8221;inherit&#8221;](*) Z zastrze\u017ceniem dost\u0119pno\u015bci na miejscu[\/elx_heading][vc_empty_space height=&#8221;50px&#8221;][\/vc_column][\/vc_row][vc_row][vc_column width=&#8221;1\/3&#8243;][vc_empty_space css=&#8221;.vc_custom_1519742058383{background-color: #9fb5ba !important;}&#8221;][elx_heading font_container=&#8221;h3&#8243; font_size=&#8221;h3&#8243; text_color=&#8221;electrolux-blue&#8221; css=&#8221;.vc_custom_1519741850501{background-color: #041e41 !important;}&#8221;]Performance[\/elx_heading][elx_heading font_container=&#8221;h4&#8243; font_size=&#8221;h5&#8243; text_color=&#8221;electrolux-blue&#8221;]Podnie\u015b swoje standardy[\/elx_heading][vc_column_text]<span style=\"font-weight: 400;\">Ogranicz nieplanowany czas przestoju, zachowaj warunki gwarancji oraz optymalne wyniki pracy.<\/span>[\/vc_column_text][\/vc_column][vc_column width=&#8221;1\/3&#8243;][vc_empty_space css=&#8221;.vc_custom_1519742117220{background-color: #666765 !important;}&#8221;][elx_heading font_container=&#8221;h3&#8243; font_size=&#8221;h3&#8243; text_color=&#8221;electrolux-blue&#8221;]Premium[\/elx_heading][elx_heading font_container=&#8221;h4&#8243; font_size=&#8221;h5&#8243; text_color=&#8221;inherit&#8221;]Nawet wi\u0119cej dla ciebie[\/elx_heading][vc_column_text]<span style=\"font-weight: 400;\">Rozszerz gwarancj\u0119 na koszty cz\u0119\u015bci zamiennych lub robocizny, zapewnij sobie szybsze interwencje w terenie oraz dodatkowy rabat na Akcesoria i Materia\u0142y Eksploatacyjne.<\/span>[\/vc_column_text][\/vc_column][vc_column width=&#8221;1\/3&#8243;][vc_empty_space css=&#8221;.vc_custom_1519742137766{background-color: #bc8c47 !important;}&#8221;][elx_heading font_size=&#8221;h3&#8243; text_color=&#8221;electrolux-blue&#8221;]Excellence[\/elx_heading][elx_heading font_container=&#8221;h4&#8243; font_size=&#8221;h5&#8243; text_color=&#8221;inherit&#8221; css=&#8221;.vc_custom_1620757302827{background-image: url(https:\/\/www.electroluxprofessional.com\/pl\/wp-content\/uploads\/2018\/02\/Excellence.jpg?id=15451) !important;}&#8221;]Zapewniony spok\u00f3j[\/elx_heading][vc_column_text]<span style=\"font-weight: 400;\">To wszechstronny program konserwacji i us\u0142ug w sta\u0142ej cenie.<\/span>[\/vc_column_text][\/vc_column][\/vc_row][vc_row][vc_column][elx_heading font_size=&#8221;h3&#8243; text_color=&#8221;inherit&#8221;]Do\u0142\u0105cz do naszych pakiet\u00f3w um\u00f3w serwisowych[\/elx_heading][elx_o2000_contact_us r=&#8221;I would like to find out more about Essentia Service agreements. Please get in touch with me.&#8221; s=&#8221;Request of information about Essentia Service agreements&#8221; container=&#8221;elxcontactus1484293813&#8243;][\/vc_column][\/vc_row][vc_row][vc_column][elx_heading font_size=&#8221;h3&#8243; text_color=&#8221;inherit&#8221;]Mo\u017cesz nam zaufa\u0107[\/elx_heading][vc_column_text]<span style=\"font-weight: 400;\">Zajmiemy si\u0119 tob\u0105, aby\u015b ty m\u00f3g\u0142 zaj\u0105\u0107 si\u0119 twoj\u0105 dzia\u0142alno\u015bci\u0105.<\/span>[\/vc_column_text][\/vc_column][\/vc_row][vc_row][vc_column width=&#8221;1\/3&#8243;][elx_download_block text=&#8221;Broszura dotycz\u0105ca um\u00f3w serwisowych&#8221; link=&#8221;https:\/\/files.professional.electrolux.com\/docs\/?n=CLF-9JE00193&amp;b=5&amp;l=1&#8243; background_color=&#8221;electrolux-blue&#8221;][\/vc_column][vc_column width=&#8221;1\/3&#8243;][elx_download_block text=&#8221;Ulotka dotycz\u0105ca um\u00f3w serwisowych&#8221; link=&#8221;https:\/\/files.professional.electrolux.com\/docs\/?n=CLF-9JE00192&amp;b=5&amp;l=1&#8243; background_color=&#8221;electrolux-blue&#8221;][\/vc_column][vc_column width=&#8221;1\/3&#8243;][elx_download_block text=&#8221;Karta dotycz\u0105ca um\u00f3w serwisowych&#8221; link=&#8221;https:\/\/files.professional.electrolux.com\/docs\/?n=CLF-9JE00186&amp;b=5&amp;l=1&#8243; background_color=&#8221;electrolux-blue&#8221;][\/vc_column][\/vc_row][vc_row][vc_column][vc_empty_space][\/vc_column][\/vc_row][vc_row css=&#8221;.vc_custom_1525876248980{background-color: #eeeeee !important;}&#8221;][vc_column][elx_heading font_size=&#8221;h3&#8243; text_color=&#8221;inherit&#8221;]Dowiedz si\u0119 wi\u0119cej o kompletnym rozwi\u0105zaniu<br \/>\n[\/elx_heading][vc_empty_space][\/vc_column][\/vc_row][vc_row css=&#8221;.vc_custom_1525876257702{background-color: #eeeeee !important;}&#8221;][vc_column width=&#8221;1\/3&#8243;][elx_maylike_box id_box=&#8221;5667&#8243; matched_labels=&#8221;&#8221;][\/vc_column][vc_column width=&#8221;1\/3&#8243;][\/vc_column][vc_column width=&#8221;1\/3&#8243;][\/vc_column][\/vc_row]<\/p>\n","protected":false},"excerpt":{"rendered":"<p>[vc_row full_width=&#8221;electroluxpro-full-width-no-padding&#8221;][vc_column][elx_image_block background_image=&#8221;6700&#8243; minimum_height=&#8221;350px&#8221;][\/vc_column][\/vc_row][vc_row][vc_column width=&#8221;2\/3&#8243;][vc_empty_space][elx_heading font_container=&#8221;h1&#8243; font_size=&#8221;h3&#8243; text_color=&#8221;inherit&#8221;]Umowy serwisowe[\/elx_heading][vc_empty_space][elx_heading font_size=&#8221;h5&#8243; text_color=&#8221;inherit&#8221;]Mo\u017cesz nam zaufa\u0107[\/elx_heading][vc_column_text]Obs\u0142uga Klienta Electrolux oferuje kilka pakiet\u00f3w um\u00f3w serwisowych dostosowanych do indywidualnych potrzeb, zaprojektowanych zgodnie z instrukcjami dla naszych produkt\u00f3w tak, by zapewni\u0107 ich osi\u0105gi, dost\u0119pno\u015b\u0107 oraz bezpiecze\u0144stwo, maksymalizuj\u0105c czas u\u017cytkowania i op\u0142acalno\u015b\u0107.[\/vc_column_text][elx_heading font_container=&#8221;h3&#8243; font_size=&#8221;h5&#8243; text_color=&#8221;inherit&#8221;]Podstawowy Pakiet Serwisowy[\/elx_heading][vc_column_text]Podstawowa Opieka, oferowana dla wszystkich zarejestrowanych produkt\u00f3w, [&hellip;]<\/p>\n","protected":false},"author":3,"featured_media":2583,"parent":2593,"menu_order":0,"comment_status":"closed","ping_status":"closed","template":"","meta":{"footnotes":""},"class_list":["post-6701","page","type-page","status-publish","has-post-thumbnail","hentry"],"acf":[],"yoast_head":"<!-- This site is optimized with the Yoast SEO plugin v23.3 - https:\/\/yoast.com\/wordpress\/plugins\/seo\/ -->\n<title>Umowy serwisowe - Electrolux Professional Polska<\/title>\n<meta name=\"description\" content=\"Essentia Customer Care offers a number of tailor-made service agreements packages that are essential to maintain your business profitable.\" \/>\n<meta name=\"robots\" content=\"index, follow, max-snippet:-1, max-image-preview:large, max-video-preview:-1\" \/>\n<link rel=\"canonical\" href=\"https:\/\/www.electroluxprofessional.com\/pl\/obsluga-klienta\/umowy-serwisowe\/\" \/>\n<meta property=\"og:locale\" content=\"pl_PL\" \/>\n<meta property=\"og:type\" content=\"article\" \/>\n<meta property=\"og:title\" content=\"Umowy serwisowe - Electrolux Professional Polska\" \/>\n<meta property=\"og:description\" content=\"Essentia Customer Care offers a number of tailor-made service agreements packages that are essential to maintain your business profitable.\" \/>\n<meta property=\"og:url\" content=\"https:\/\/www.electroluxprofessional.com\/pl\/obsluga-klienta\/umowy-serwisowe\/\" \/>\n<meta property=\"og:site_name\" content=\"Electrolux Professional Polska\" \/>\n<meta property=\"article:modified_time\" content=\"2021-05-11T18:36:48+00:00\" \/>\n<meta property=\"og:image\" content=\"https:\/\/www.electroluxprofessional.com\/pl\/wp-content\/uploads\/2017\/01\/cutomer-care.jpg\" \/>\n\t<meta property=\"og:image:width\" content=\"2000\" \/>\n\t<meta property=\"og:image:height\" content=\"1691\" \/>\n\t<meta property=\"og:image:type\" content=\"image\/jpeg\" \/>\n<meta name=\"twitter:card\" content=\"summary_large_image\" \/>\n<meta name=\"twitter:label1\" content=\"Szacowany czas czytania\" \/>\n\t<meta name=\"twitter:data1\" content=\"4 minuty\" \/>\n<script type=\"application\/ld+json\" class=\"yoast-schema-graph\">{\"@context\":\"https:\/\/schema.org\",\"@graph\":[{\"@type\":\"WebPage\",\"@id\":\"https:\/\/www.electroluxprofessional.com\/pl\/obsluga-klienta\/umowy-serwisowe\/\",\"url\":\"https:\/\/www.electroluxprofessional.com\/pl\/obsluga-klienta\/umowy-serwisowe\/\",\"name\":\"Umowy serwisowe - Electrolux Professional Polska\",\"isPartOf\":{\"@id\":\"https:\/\/www.electroluxprofessional.com\/pl\/#website\"},\"primaryImageOfPage\":{\"@id\":\"https:\/\/www.electroluxprofessional.com\/pl\/obsluga-klienta\/umowy-serwisowe\/#primaryimage\"},\"image\":{\"@id\":\"https:\/\/www.electroluxprofessional.com\/pl\/obsluga-klienta\/umowy-serwisowe\/#primaryimage\"},\"thumbnailUrl\":\"https:\/\/www.electroluxprofessional.com\/pl\/wp-content\/uploads\/2017\/01\/cutomer-care.jpg\",\"datePublished\":\"2018-05-09T14:33:48+00:00\",\"dateModified\":\"2021-05-11T18:36:48+00:00\",\"description\":\"Essentia Customer Care offers a number of tailor-made service agreements packages that are essential to maintain your business profitable.\",\"breadcrumb\":{\"@id\":\"https:\/\/www.electroluxprofessional.com\/pl\/obsluga-klienta\/umowy-serwisowe\/#breadcrumb\"},\"inLanguage\":\"pl-PL\",\"potentialAction\":[{\"@type\":\"ReadAction\",\"target\":[\"https:\/\/www.electroluxprofessional.com\/pl\/obsluga-klienta\/umowy-serwisowe\/\"]}]},{\"@type\":\"ImageObject\",\"inLanguage\":\"pl-PL\",\"@id\":\"https:\/\/www.electroluxprofessional.com\/pl\/obsluga-klienta\/umowy-serwisowe\/#primaryimage\",\"url\":\"https:\/\/www.electroluxprofessional.com\/pl\/wp-content\/uploads\/2017\/01\/cutomer-care.jpg\",\"contentUrl\":\"https:\/\/www.electroluxprofessional.com\/pl\/wp-content\/uploads\/2017\/01\/cutomer-care.jpg\",\"width\":2000,\"height\":1691,\"caption\":\"customer-care\"},{\"@type\":\"BreadcrumbList\",\"@id\":\"https:\/\/www.electroluxprofessional.com\/pl\/obsluga-klienta\/umowy-serwisowe\/#breadcrumb\",\"itemListElement\":[{\"@type\":\"ListItem\",\"position\":1,\"name\":\"Strona g\u0142\u00f3wna\",\"item\":\"https:\/\/www.electroluxprofessional.com\/pl\/\"},{\"@type\":\"ListItem\",\"position\":2,\"name\":\"Obs\u0142uga klienta\",\"item\":\"https:\/\/www.electroluxprofessional.com\/pl\/obsluga-klienta\/\"},{\"@type\":\"ListItem\",\"position\":3,\"name\":\"Umowy serwisowe\"}]},{\"@type\":\"WebSite\",\"@id\":\"https:\/\/www.electroluxprofessional.com\/pl\/#website\",\"url\":\"https:\/\/www.electroluxprofessional.com\/pl\/\",\"name\":\"Electrolux Professional Polska\",\"description\":\"\",\"potentialAction\":[{\"@type\":\"SearchAction\",\"target\":{\"@type\":\"EntryPoint\",\"urlTemplate\":\"https:\/\/www.electroluxprofessional.com\/pl\/?src={search_term_string}\"},\"query-input\":\"required name=search_term_string\"}],\"inLanguage\":\"pl-PL\"}]}<\/script>\n<!-- \/ Yoast SEO plugin. -->","yoast_head_json":{"title":"Umowy serwisowe - Electrolux Professional Polska","description":"Essentia Customer Care offers a number of tailor-made service agreements packages that are essential to maintain your business profitable.","robots":{"index":"index","follow":"follow","max-snippet":"max-snippet:-1","max-image-preview":"max-image-preview:large","max-video-preview":"max-video-preview:-1"},"canonical":"https:\/\/www.electroluxprofessional.com\/pl\/obsluga-klienta\/umowy-serwisowe\/","og_locale":"pl_PL","og_type":"article","og_title":"Umowy serwisowe - Electrolux Professional Polska","og_description":"Essentia Customer Care offers a number of tailor-made service agreements packages that are essential to maintain your business profitable.","og_url":"https:\/\/www.electroluxprofessional.com\/pl\/obsluga-klienta\/umowy-serwisowe\/","og_site_name":"Electrolux Professional Polska","article_modified_time":"2021-05-11T18:36:48+00:00","og_image":[{"width":2000,"height":1691,"url":"https:\/\/www.electroluxprofessional.com\/pl\/wp-content\/uploads\/2017\/01\/cutomer-care.jpg","type":"image\/jpeg"}],"twitter_card":"summary_large_image","twitter_misc":{"Szacowany czas czytania":"4 minuty"},"schema":{"@context":"https:\/\/schema.org","@graph":[{"@type":"WebPage","@id":"https:\/\/www.electroluxprofessional.com\/pl\/obsluga-klienta\/umowy-serwisowe\/","url":"https:\/\/www.electroluxprofessional.com\/pl\/obsluga-klienta\/umowy-serwisowe\/","name":"Umowy serwisowe - Electrolux Professional Polska","isPartOf":{"@id":"https:\/\/www.electroluxprofessional.com\/pl\/#website"},"primaryImageOfPage":{"@id":"https:\/\/www.electroluxprofessional.com\/pl\/obsluga-klienta\/umowy-serwisowe\/#primaryimage"},"image":{"@id":"https:\/\/www.electroluxprofessional.com\/pl\/obsluga-klienta\/umowy-serwisowe\/#primaryimage"},"thumbnailUrl":"https:\/\/www.electroluxprofessional.com\/pl\/wp-content\/uploads\/2017\/01\/cutomer-care.jpg","datePublished":"2018-05-09T14:33:48+00:00","dateModified":"2021-05-11T18:36:48+00:00","description":"Essentia Customer Care offers a number of tailor-made service agreements packages that are essential to maintain your business profitable.","breadcrumb":{"@id":"https:\/\/www.electroluxprofessional.com\/pl\/obsluga-klienta\/umowy-serwisowe\/#breadcrumb"},"inLanguage":"pl-PL","potentialAction":[{"@type":"ReadAction","target":["https:\/\/www.electroluxprofessional.com\/pl\/obsluga-klienta\/umowy-serwisowe\/"]}]},{"@type":"ImageObject","inLanguage":"pl-PL","@id":"https:\/\/www.electroluxprofessional.com\/pl\/obsluga-klienta\/umowy-serwisowe\/#primaryimage","url":"https:\/\/www.electroluxprofessional.com\/pl\/wp-content\/uploads\/2017\/01\/cutomer-care.jpg","contentUrl":"https:\/\/www.electroluxprofessional.com\/pl\/wp-content\/uploads\/2017\/01\/cutomer-care.jpg","width":2000,"height":1691,"caption":"customer-care"},{"@type":"BreadcrumbList","@id":"https:\/\/www.electroluxprofessional.com\/pl\/obsluga-klienta\/umowy-serwisowe\/#breadcrumb","itemListElement":[{"@type":"ListItem","position":1,"name":"Strona g\u0142\u00f3wna","item":"https:\/\/www.electroluxprofessional.com\/pl\/"},{"@type":"ListItem","position":2,"name":"Obs\u0142uga klienta","item":"https:\/\/www.electroluxprofessional.com\/pl\/obsluga-klienta\/"},{"@type":"ListItem","position":3,"name":"Umowy serwisowe"}]},{"@type":"WebSite","@id":"https:\/\/www.electroluxprofessional.com\/pl\/#website","url":"https:\/\/www.electroluxprofessional.com\/pl\/","name":"Electrolux Professional Polska","description":"","potentialAction":[{"@type":"SearchAction","target":{"@type":"EntryPoint","urlTemplate":"https:\/\/www.electroluxprofessional.com\/pl\/?src={search_term_string}"},"query-input":"required name=search_term_string"}],"inLanguage":"pl-PL"}]}},"_links":{"self":[{"href":"https:\/\/www.electroluxprofessional.com\/pl\/wp-json\/wp\/v2\/pages\/6701"}],"collection":[{"href":"https:\/\/www.electroluxprofessional.com\/pl\/wp-json\/wp\/v2\/pages"}],"about":[{"href":"https:\/\/www.electroluxprofessional.com\/pl\/wp-json\/wp\/v2\/types\/page"}],"author":[{"embeddable":true,"href":"https:\/\/www.electroluxprofessional.com\/pl\/wp-json\/wp\/v2\/users\/3"}],"replies":[{"embeddable":true,"href":"https:\/\/www.electroluxprofessional.com\/pl\/wp-json\/wp\/v2\/comments?post=6701"}],"version-history":[{"count":2,"href":"https:\/\/www.electroluxprofessional.com\/pl\/wp-json\/wp\/v2\/pages\/6701\/revisions"}],"predecessor-version":[{"id":6703,"href":"https:\/\/www.electroluxprofessional.com\/pl\/wp-json\/wp\/v2\/pages\/6701\/revisions\/6703"}],"up":[{"embeddable":true,"href":"https:\/\/www.electroluxprofessional.com\/pl\/wp-json\/wp\/v2\/pages\/2593"}],"wp:featuredmedia":[{"embeddable":true,"href":"https:\/\/www.electroluxprofessional.com\/pl\/wp-json\/wp\/v2\/media\/2583"}],"wp:attachment":[{"href":"https:\/\/www.electroluxprofessional.com\/pl\/wp-json\/wp\/v2\/media?parent=6701"}],"curies":[{"name":"wp","href":"https:\/\/api.w.org\/{rel}","templated":true}]}}