{"id":5785,"date":"2019-03-28T16:48:06","date_gmt":"2019-03-28T15:48:06","guid":{"rendered":"https:\/\/www.electroluxprofessional.com\/?page_id=22294"},"modified":"2025-11-05T15:22:36","modified_gmt":"2025-11-05T15:22:36","slug":"maszyny-lodow-wloskich","status":"publish","type":"page","link":"https:\/\/www.electroluxprofessional.com\/pl\/napoje\/maszyny-lodow-wloskich\/","title":{"rendered":"Maszyny do lod\u00f3w w\u0142oskich"},"content":{"rendered":"<p>[vc_row full_width=&#8221;electroluxpro-full-width-no-padding&#8221;][vc_column][elx_image_block background_image=&#8221;5776&#8243; minimum_height=&#8221;350px&#8221;][vc_empty_space][\/vc_column][\/vc_row][vc_row][vc_column][elx_heading font_container=&#8221;h1&#8243; text_color=&#8221;electrolux-blue&#8221; text_align=&#8221;text-left&#8221;]Maszyny do lod\u00f3w w\u0142oskich[\/elx_heading][vc_column_text]Ma\u0142e, ciche i wydajne maszyny do lod\u00f3w w\u0142oskich sprawi\u0105, \u017ce Twoja firma b\u0119dzie si\u0119 rozwija\u0107[\/vc_column_text][vc_empty_space][\/vc_column][\/vc_row][vc_row][vc_column width=&#8221;1\/3&#8243;][vc_single_image image=&#8221;5777&#8243; img_size=&#8221;&#8221; alignment=&#8221;center&#8221;][elx_heading font_container=&#8221;h3&#8243; font_size=&#8221;h3&#8243; text_color=&#8221;inherit&#8221; text_align=&#8221;text-center&#8221;]Wydajno\u015b\u0107 dozowania[\/elx_heading][vc_column_text]<\/p>\n<p style=\"text-align: center;\">Idealny produkt za ka\u017cdym razem.<\/p>\n<p>[\/vc_column_text][\/vc_column][vc_column width=&#8221;1\/3&#8243;][vc_single_image image=&#8221;5778&#8243; img_size=&#8221;120&#215;120&#8243; alignment=&#8221;center&#8221;][elx_heading font_container=&#8221;h3&#8243; font_size=&#8221;h3&#8243; text_color=&#8221;inherit&#8221; text_align=&#8221;text-center&#8221;]Cichy i kompaktowy[\/elx_heading][vc_column_text]<\/p>\n<p style=\"text-align: center;\">Idealny do ma\u0142ych przestrzeni.<\/p>\n<p>[\/vc_column_text][\/vc_column][vc_column width=&#8221;1\/3&#8243;][vc_empty_space][elx_download_block text=&#8221;Katalog produkt\u00f3w<br \/>\nrozwi\u0105zania do napoj\u00f3w&#8221; link=&#8221;http:\/\/files.professional.electrolux.com\/docs\/?n=BR-9JE00131&amp;b=5&amp;l=1&#8243; background_color=&#8221;electrolux-blue&#8221; background_image=&#8221;5679&#8243;][\/vc_column][\/vc_row][vc_row][vc_column][vc_empty_space height=&#8221;15px&#8221;][vc_empty_space height=&#8221;15px&#8221;][\/vc_column][\/vc_row][vc_row css=&#8221;.vc_custom_1589897511672{background-color: #e8f0f7 !important;}&#8221;][vc_column css=&#8221;.vc_custom_1589897429056{border-radius: 1px !important;}&#8221;][vc_empty_space height=&#8221;12px&#8221;][elx_heading font_size=&#8221;h1&#8243; text_color=&#8221;inherit&#8221; text_align=&#8221;text-center&#8221;]Kompaktowe maszyny do lod\u00f3w[\/elx_heading][vc_empty_space][\/vc_column][\/vc_row][vc_row][vc_column][vc_empty_space height=&#8221;15px&#8221;][vc_empty_space height=&#8221;15px&#8221;][\/vc_column][\/vc_row][vc_row disable_element=&#8221;yes&#8221; matched_labels=&#8221;&#8221;][vc_column width=&#8221;1\/2&#8243;][elx_heading font_size=&#8221;h1&#8243; text_color=&#8221;electrolux-blue&#8221; text_align=&#8221;text-left&#8221;]Automat do lod\u00f3w , wydajno\u015b\u0107 do 85 ro\u017ck\u00f3w \/ godzin\u0119 [\/elx_heading][elx_heading font_container=&#8221;h3&#8243; font_size=&#8221;h5&#8243; text_color=&#8221;electrolux-blue&#8221; text_align=&#8221;text-left&#8221;]Profesjonalny i oszcz\u0119dzaj\u0105cy miejsce[\/elx_heading][vc_column_text]Opracowuj\u0105c now\u0105 ofert\u0119 <strong>automat\u00f3w do lod\u00f3w i mro\u017conego jogurtu<\/strong>, Electrolux stworzy\u0142 kompaktow\u0105 lini\u0119 maszyn nastawnych, <strong>idealn\u0105 do ma\u0142ych przestrzeni<\/strong>. \u0141<strong>atwy w obs\u0142udze, praktyczny i niezawodny<\/strong> nasz automat do lod\u00f3w w\u0142oskich jest cichy i \u0142atwy w czyszczeniu. Dost\u0119pny w\u00a0 wersji grawitacyjnej lub z pomp\u0105.[\/vc_column_text][vc_empty_space height=&#8221;50px&#8221;][\/vc_column][vc_column width=&#8221;1\/2&#8243;][vc_empty_space][vc_single_image image=&#8221;5779&#8243; img_size=&#8221;&#8221; alignment=&#8221;center&#8221;][vc_empty_space][\/vc_column][\/vc_row][vc_row][vc_column width=&#8221;1\/2&#8243;][elx_heading font_size=&#8221;h1&#8243; text_color=&#8221;electrolux-blue&#8221; text_align=&#8221;text-left&#8221;]Automat do lod\u00f3w w\u0142oskich, wydajno\u015b\u0107 do 150 ro\u017ck\u00f3w \/ godzin\u0119 [\/elx_heading][elx_heading font_container=&#8221;h3&#8243; font_size=&#8221;h5&#8243; text_color=&#8221;electrolux-blue&#8221; text_align=&#8221;text-left&#8221;]Najwy\u017csza jako\u015b\u0107 lod\u00f3w w miejscach o du\u017cej wydajno\u015bci[\/elx_heading][vc_column_text]Ta seria jest jedn\u0105<strong> z najmniejszych i najbardziej ekonomicznych maszyn<\/strong> na rynku. Innowacyjny ch\u0142odzony zbiornik zapewnia <strong>wysok\u0105 produkcj\u0119 przy zachowaniu jako\u015bci<\/strong>.<br \/>\nWybierz jeden z dw\u00f3ch system\u00f3w podawania: grawitacyjny lub zasilany pomp\u0105.[\/vc_column_text][vc_empty_space height=&#8221;50px&#8221;][\/vc_column][vc_column width=&#8221;1\/2&#8243;][vc_empty_space][vc_single_image image=&#8221;5780&#8243; img_size=&#8221;medium&#8221; alignment=&#8221;center&#8221;][vc_empty_space][\/vc_column][\/vc_row][vc_row css=&#8221;.vc_custom_1589897577643{background-color: #e8f0f7 !important;}&#8221;][vc_column][vc_empty_space height=&#8221;12px&#8221;][elx_heading font_size=&#8221;h1&#8243; text_color=&#8221;inherit&#8221; text_align=&#8221;text-center&#8221;]High Capacity Soft Serve[\/elx_heading][vc_empty_space][\/vc_column][\/vc_row][vc_row][vc_column width=&#8221;1\/2&#8243;][elx_heading font_size=&#8221;h3&#8243; text_color=&#8221;electrolux-blue&#8221; text_align=&#8221;text-left&#8221;]Soft Ice Cream and Frozen Yogurt &#8211; up to 290 cones*\/h[\/elx_heading][elx_heading text_color=&#8221;inherit&#8221;]Single-flavor, countertop unit to serve your customers\u2019 favorite soft serve treat[\/elx_heading][vc_empty_space][vc_column_text]The Capri range of high volume soft serve equipment is the perfect solution to make offering soft serve fast, easy, and profitable.[\/vc_column_text][vc_empty_space height=&#8221;50px&#8221;][\/vc_column][vc_column width=&#8221;1\/2&#8243;][vc_empty_space][vc_single_image image=&#8221;5781&#8243; img_size=&#8221;&#8221; alignment=&#8221;center&#8221;][elx_heading font_container=&#8221;h3&#8243; font_size=&#8221;h5&#8243; text_color=&#8221;electrolux-blue&#8221; text_align=&#8221;text-center&#8221;]Capri[\/elx_heading][\/vc_column][\/vc_row][vc_row][vc_column width=&#8221;1\/2&#8243;][elx_heading font_size=&#8221;h3&#8243; text_color=&#8221;electrolux-blue&#8221; text_align=&#8221;text-left&#8221;]Soft Ice Cream Dispensers, up to 380 cones*\/h[\/elx_heading][elx_heading text_color=&#8221;inherit&#8221;]Single-flavor, floor standing unit to serve more of your signature flavor[\/elx_heading][vc_empty_space][vc_column_text]The Firenze range of soft serve equipment is our <strong>highest volume single-flavor dispenser<\/strong>. The 13 liters tank plus 1,95 cylinder capacity ensure that you\u2019re prepared to meet the demand of your customers.[\/vc_column_text][vc_empty_space height=&#8221;50px&#8221;][\/vc_column][vc_column width=&#8221;1\/2&#8243;][vc_empty_space][vc_single_image image=&#8221;5782&#8243; img_size=&#8221;&#8221; alignment=&#8221;center&#8221;][elx_heading font_container=&#8221;h3&#8243; font_size=&#8221;h5&#8243; text_color=&#8221;electrolux-blue&#8221; text_align=&#8221;text-center&#8221;]Firenze[\/elx_heading][\/vc_column][\/vc_row][vc_row][vc_column width=&#8221;1\/2&#8243;][elx_heading font_size=&#8221;h3&#8243; text_color=&#8221;electrolux-blue&#8221; text_align=&#8221;text-left&#8221;]Soft Ice Cream Dispensers, up to 600 cones*\/h[\/elx_heading][elx_heading text_color=&#8221;inherit&#8221;]Two-flavor, countertop unit to spark your creativity[\/elx_heading][vc_empty_space][vc_column_text]The Portofino range of high volume soft serve equipment allows you to <strong>serve two flavors<\/strong>\u00a0 <strong>and even twist the flavors together<\/strong> for a third creative option. The operator-<strong>friendly digital touchscreen controls<\/strong> make it easy to set and monitor the equipment.[\/vc_column_text][vc_empty_space height=&#8221;50px&#8221;][\/vc_column][vc_column width=&#8221;1\/2&#8243;][vc_empty_space][vc_single_image image=&#8221;5783&#8243; img_size=&#8221;&#8221; alignment=&#8221;center&#8221;][elx_heading font_container=&#8221;h3&#8243; font_size=&#8221;h5&#8243; text_color=&#8221;electrolux-blue&#8221; text_align=&#8221;text-center&#8221;]Portofino[\/elx_heading][\/vc_column][\/vc_row][vc_row][vc_column width=&#8221;1\/2&#8243;][elx_heading font_size=&#8221;h3&#8243; text_color=&#8221;electrolux-blue&#8221; text_align=&#8221;text-left&#8221;]Soft Ice Cream Dispensers, up to 650 cones*\/h[\/elx_heading][elx_heading text_color=&#8221;inherit&#8221;]Two-flavor, floor standing unit to maximize your soft serve potential[\/elx_heading][vc_empty_space][vc_column_text]The Roma range of soft serve equipment is our highest volume soft serve dispenser offering<strong> two-flavor dispensing plus the option to twist the flavors<\/strong>. The two 13 ltrs tanks plus two 1,95 cylinders give you the storage and serving capacity you need even on the busiest days.[\/vc_column_text][vc_empty_space height=&#8221;50px&#8221;][\/vc_column][vc_column width=&#8221;1\/2&#8243;][vc_empty_space][vc_single_image image=&#8221;5784&#8243; img_size=&#8221;&#8221; alignment=&#8221;center&#8221;][elx_heading font_container=&#8221;h3&#8243; font_size=&#8221;h5&#8243; text_color=&#8221;electrolux-blue&#8221; text_align=&#8221;text-center&#8221;]Roma[\/elx_heading][\/vc_column][\/vc_row][vc_row][vc_column][vc_empty_space height=&#8221;15px&#8221;][\/vc_column][\/vc_row][vc_row][vc_column width=&#8221;1\/5&#8243; css=&#8221;.vc_custom_1589901831710{background-color: #e8f0f7 !important;}&#8221;][\/vc_column][vc_column width=&#8221;3\/5&#8243; css=&#8221;.vc_custom_1589901822131{background-color: #e8f0f7 !important;}&#8221;][vc_empty_space height=&#8221;15px&#8221;][elx_heading text_color=&#8221;inherit&#8221; text_align=&#8221;text-center&#8221;]All High Capacity Soft Serve dispensers are available with a gravity or pump feeding system. Choose the system<br \/>\nthat is right for you.[\/elx_heading][vc_column_text]<\/p>\n<p style=\"text-align: center;\">Using the pump system allows you to achieve high overrun, the incorporation of more air into the frozen product, to create a lighter, softer texture that maximizes profitability. The efficient air-cooled system does not require a water connection making installation and operation simple and cost-effective.<\/p>\n<p>[\/vc_column_text][vc_empty_space height=&#8221;15px&#8221;][\/vc_column][vc_column width=&#8221;1\/5&#8243; css=&#8221;.vc_custom_1589901841201{background-color: #e8f0f7 !important;}&#8221;][\/vc_column][\/vc_row][vc_row][vc_column][vc_empty_space height=&#8221;42px&#8221;][\/vc_column][\/vc_row][vc_row css=&#8221;.vc_custom_1516904946877{border-top-width: 1px !important;background-color: #ffffff !important;border-top-color: #eeeeee !important;border-top-style: solid !important;}&#8221;][vc_column reveal_effect=&#8221;&#8221;][vc_empty_space height=&#8221;80px&#8221;][elx_heading font_size=&#8221;h3&#8243; text_color=&#8221;inherit&#8221; text_align=&#8221;text-left&#8221;]Discover more about our Soft Ice Cream Dispensers[\/elx_heading][elx_o2000_contact_us s=&#8221;Request of information about frozen beverage dispensers.&#8221; r=&#8221;I&#8217;d like to find out more about your frozen beverage dispensers. Please get in touch with me. Thanks.&#8221; l=&#8221;en&#8221;][\/vc_column][\/vc_row][vc_row][vc_column][vc_empty_space height=&#8221;100px&#8221;][elx_heading font_size=&#8221;h3&#8243; text_color=&#8221;inherit&#8221; text_align=&#8221;text-left&#8221;]Find your complete solution[\/elx_heading][\/vc_column][\/vc_row][vc_row][vc_column width=&#8221;1\/3&#8243;][elx_maylike_box id_box=&#8221;1195&#8243;][\/vc_column][vc_column width=&#8221;1\/3&#8243;][elx_maylike_box id_box=&#8221;1182&#8243;][\/vc_column][vc_column width=&#8221;1\/3&#8243;][elx_maylike_box id_box=&#8221;1186&#8243;][\/vc_column][\/vc_row]<\/p>\n","protected":false},"excerpt":{"rendered":"<p>[vc_row full_width=&#8221;electroluxpro-full-width-no-padding&#8221;][vc_column][elx_image_block background_image=&#8221;5776&#8243; minimum_height=&#8221;350px&#8221;][vc_empty_space][\/vc_column][\/vc_row][vc_row][vc_column][elx_heading font_container=&#8221;h1&#8243; text_color=&#8221;electrolux-blue&#8221; text_align=&#8221;text-left&#8221;]Maszyny do lod\u00f3w w\u0142oskich[\/elx_heading][vc_column_text]Ma\u0142e, ciche i wydajne maszyny do lod\u00f3w w\u0142oskich sprawi\u0105, \u017ce Twoja firma b\u0119dzie si\u0119 rozwija\u0107[\/vc_column_text][vc_empty_space][\/vc_column][\/vc_row][vc_row][vc_column width=&#8221;1\/3&#8243;][vc_single_image image=&#8221;5777&#8243; img_size=&#8221;&#8221; alignment=&#8221;center&#8221;][elx_heading font_container=&#8221;h3&#8243; font_size=&#8221;h3&#8243; text_color=&#8221;inherit&#8221; text_align=&#8221;text-center&#8221;]Wydajno\u015b\u0107 dozowania[\/elx_heading][vc_column_text] Idealny produkt za ka\u017cdym razem. [\/vc_column_text][\/vc_column][vc_column width=&#8221;1\/3&#8243;][vc_single_image image=&#8221;5778&#8243; img_size=&#8221;120&#215;120&#8243; alignment=&#8221;center&#8221;][elx_heading font_container=&#8221;h3&#8243; font_size=&#8221;h3&#8243; text_color=&#8221;inherit&#8221; text_align=&#8221;text-center&#8221;]Cichy i kompaktowy[\/elx_heading][vc_column_text] Idealny do ma\u0142ych przestrzeni. [\/vc_column_text][\/vc_column][vc_column width=&#8221;1\/3&#8243;][vc_empty_space][elx_download_block [&hellip;]<\/p>\n","protected":false},"author":3,"featured_media":5776,"parent":5682,"menu_order":0,"comment_status":"closed","ping_status":"closed","template":"","meta":{"footnotes":""},"class_list":["post-5785","page","type-page","status-publish","has-post-thumbnail","hentry"],"acf":[],"yoast_head":"<!-- This site is optimized with the Yoast SEO plugin v23.3 - https:\/\/yoast.com\/wordpress\/plugins\/seo\/ -->\n<title>Maszyny do lod\u00f3w w\u0142oskich - Electrolux Professional Polska<\/title>\n<meta name=\"robots\" content=\"index, follow, max-snippet:-1, max-image-preview:large, max-video-preview:-1\" \/>\n<link rel=\"canonical\" href=\"https:\/\/www.electroluxprofessional.com\/pl\/napoje\/maszyny-lodow-wloskich\/\" \/>\n<meta property=\"og:locale\" content=\"pl_PL\" \/>\n<meta property=\"og:type\" content=\"article\" \/>\n<meta property=\"og:title\" content=\"Maszyny do lod\u00f3w w\u0142oskich - Electrolux Professional Polska\" \/>\n<meta property=\"og:description\" content=\"[vc_row full_width=&#8221;electroluxpro-full-width-no-padding&#8221;][vc_column][elx_image_block background_image=&#8221;5776&#8243; minimum_height=&#8221;350px&#8221;][vc_empty_space][\/vc_column][\/vc_row][vc_row][vc_column][elx_heading font_container=&#8221;h1&#8243; text_color=&#8221;electrolux-blue&#8221; text_align=&#8221;text-left&#8221;]Maszyny do lod\u00f3w w\u0142oskich[\/elx_heading][vc_column_text]Ma\u0142e, ciche i wydajne maszyny do lod\u00f3w w\u0142oskich sprawi\u0105, \u017ce Twoja firma b\u0119dzie si\u0119 rozwija\u0107[\/vc_column_text][vc_empty_space][\/vc_column][\/vc_row][vc_row][vc_column width=&#8221;1\/3&#8243;][vc_single_image image=&#8221;5777&#8243; img_size=&#8221;&#8221; alignment=&#8221;center&#8221;][elx_heading font_container=&#8221;h3&#8243; font_size=&#8221;h3&#8243; text_color=&#8221;inherit&#8221; text_align=&#8221;text-center&#8221;]Wydajno\u015b\u0107 dozowania[\/elx_heading][vc_column_text] Idealny produkt za ka\u017cdym razem. [\/vc_column_text][\/vc_column][vc_column width=&#8221;1\/3&#8243;][vc_single_image image=&#8221;5778&#8243; img_size=&#8221;120&#215;120&#8243; alignment=&#8221;center&#8221;][elx_heading font_container=&#8221;h3&#8243; font_size=&#8221;h3&#8243; text_color=&#8221;inherit&#8221; text_align=&#8221;text-center&#8221;]Cichy i kompaktowy[\/elx_heading][vc_column_text] Idealny do ma\u0142ych przestrzeni. [\/vc_column_text][\/vc_column][vc_column width=&#8221;1\/3&#8243;][vc_empty_space][elx_download_block [&hellip;]\" \/>\n<meta property=\"og:url\" content=\"https:\/\/www.electroluxprofessional.com\/pl\/napoje\/maszyny-lodow-wloskich\/\" \/>\n<meta property=\"og:site_name\" content=\"Electrolux Professional Polska\" \/>\n<meta property=\"article:modified_time\" content=\"2025-11-05T15:22:36+00:00\" \/>\n<meta property=\"og:image\" content=\"https:\/\/www.electroluxprofessional.com\/pl\/wp-content\/uploads\/2019\/03\/fruity-frozen-yogurt-banner-2000x350.jpg\" \/>\n\t<meta property=\"og:image:width\" content=\"2000\" \/>\n\t<meta property=\"og:image:height\" content=\"350\" \/>\n\t<meta property=\"og:image:type\" content=\"image\/jpeg\" \/>\n<meta name=\"twitter:card\" content=\"summary_large_image\" \/>\n<meta name=\"twitter:label1\" content=\"Szacowany czas czytania\" \/>\n\t<meta name=\"twitter:data1\" content=\"4 minuty\" \/>\n<script type=\"application\/ld+json\" class=\"yoast-schema-graph\">{\"@context\":\"https:\/\/schema.org\",\"@graph\":[{\"@type\":\"WebPage\",\"@id\":\"https:\/\/www.electroluxprofessional.com\/pl\/napoje\/maszyny-lodow-wloskich\/\",\"url\":\"https:\/\/www.electroluxprofessional.com\/pl\/napoje\/maszyny-lodow-wloskich\/\",\"name\":\"Maszyny do lod\u00f3w w\u0142oskich - Electrolux Professional Polska\",\"isPartOf\":{\"@id\":\"https:\/\/www.electroluxprofessional.com\/pl\/#website\"},\"primaryImageOfPage\":{\"@id\":\"https:\/\/www.electroluxprofessional.com\/pl\/napoje\/maszyny-lodow-wloskich\/#primaryimage\"},\"image\":{\"@id\":\"https:\/\/www.electroluxprofessional.com\/pl\/napoje\/maszyny-lodow-wloskich\/#primaryimage\"},\"thumbnailUrl\":\"https:\/\/www.electroluxprofessional.com\/pl\/wp-content\/uploads\/2019\/03\/fruity-frozen-yogurt-banner-2000x350.jpg\",\"datePublished\":\"2019-03-28T15:48:06+00:00\",\"dateModified\":\"2025-11-05T15:22:36+00:00\",\"breadcrumb\":{\"@id\":\"https:\/\/www.electroluxprofessional.com\/pl\/napoje\/maszyny-lodow-wloskich\/#breadcrumb\"},\"inLanguage\":\"pl-PL\",\"potentialAction\":[{\"@type\":\"ReadAction\",\"target\":[\"https:\/\/www.electroluxprofessional.com\/pl\/napoje\/maszyny-lodow-wloskich\/\"]}]},{\"@type\":\"ImageObject\",\"inLanguage\":\"pl-PL\",\"@id\":\"https:\/\/www.electroluxprofessional.com\/pl\/napoje\/maszyny-lodow-wloskich\/#primaryimage\",\"url\":\"https:\/\/www.electroluxprofessional.com\/pl\/wp-content\/uploads\/2019\/03\/fruity-frozen-yogurt-banner-2000x350.jpg\",\"contentUrl\":\"https:\/\/www.electroluxprofessional.com\/pl\/wp-content\/uploads\/2019\/03\/fruity-frozen-yogurt-banner-2000x350.jpg\",\"width\":2000,\"height\":350,\"caption\":\"Fruity Frozen Yogurt Dessert with redcurrants and blueberries in a glass;\"},{\"@type\":\"BreadcrumbList\",\"@id\":\"https:\/\/www.electroluxprofessional.com\/pl\/napoje\/maszyny-lodow-wloskich\/#breadcrumb\",\"itemListElement\":[{\"@type\":\"ListItem\",\"position\":1,\"name\":\"Strona g\u0142\u00f3wna\",\"item\":\"https:\/\/www.electroluxprofessional.com\/pl\/\"},{\"@type\":\"ListItem\",\"position\":2,\"name\":\"Napoje\",\"item\":\"https:\/\/www.electroluxprofessional.com\/pl\/napoje\/\"},{\"@type\":\"ListItem\",\"position\":3,\"name\":\"Maszyny do lod\u00f3w w\u0142oskich\"}]},{\"@type\":\"WebSite\",\"@id\":\"https:\/\/www.electroluxprofessional.com\/pl\/#website\",\"url\":\"https:\/\/www.electroluxprofessional.com\/pl\/\",\"name\":\"Electrolux Professional Polska\",\"description\":\"\",\"potentialAction\":[{\"@type\":\"SearchAction\",\"target\":{\"@type\":\"EntryPoint\",\"urlTemplate\":\"https:\/\/www.electroluxprofessional.com\/pl\/?src={search_term_string}\"},\"query-input\":\"required name=search_term_string\"}],\"inLanguage\":\"pl-PL\"}]}<\/script>\n<!-- \/ Yoast SEO plugin. -->","yoast_head_json":{"title":"Maszyny do lod\u00f3w w\u0142oskich - Electrolux Professional Polska","robots":{"index":"index","follow":"follow","max-snippet":"max-snippet:-1","max-image-preview":"max-image-preview:large","max-video-preview":"max-video-preview:-1"},"canonical":"https:\/\/www.electroluxprofessional.com\/pl\/napoje\/maszyny-lodow-wloskich\/","og_locale":"pl_PL","og_type":"article","og_title":"Maszyny do lod\u00f3w w\u0142oskich - Electrolux Professional Polska","og_description":"[vc_row full_width=&#8221;electroluxpro-full-width-no-padding&#8221;][vc_column][elx_image_block background_image=&#8221;5776&#8243; minimum_height=&#8221;350px&#8221;][vc_empty_space][\/vc_column][\/vc_row][vc_row][vc_column][elx_heading font_container=&#8221;h1&#8243; text_color=&#8221;electrolux-blue&#8221; text_align=&#8221;text-left&#8221;]Maszyny do lod\u00f3w w\u0142oskich[\/elx_heading][vc_column_text]Ma\u0142e, ciche i wydajne maszyny do lod\u00f3w w\u0142oskich sprawi\u0105, \u017ce Twoja firma b\u0119dzie si\u0119 rozwija\u0107[\/vc_column_text][vc_empty_space][\/vc_column][\/vc_row][vc_row][vc_column width=&#8221;1\/3&#8243;][vc_single_image image=&#8221;5777&#8243; img_size=&#8221;&#8221; alignment=&#8221;center&#8221;][elx_heading font_container=&#8221;h3&#8243; font_size=&#8221;h3&#8243; text_color=&#8221;inherit&#8221; text_align=&#8221;text-center&#8221;]Wydajno\u015b\u0107 dozowania[\/elx_heading][vc_column_text] Idealny produkt za ka\u017cdym razem. [\/vc_column_text][\/vc_column][vc_column width=&#8221;1\/3&#8243;][vc_single_image image=&#8221;5778&#8243; img_size=&#8221;120&#215;120&#8243; alignment=&#8221;center&#8221;][elx_heading font_container=&#8221;h3&#8243; font_size=&#8221;h3&#8243; text_color=&#8221;inherit&#8221; text_align=&#8221;text-center&#8221;]Cichy i kompaktowy[\/elx_heading][vc_column_text] Idealny do ma\u0142ych przestrzeni. [\/vc_column_text][\/vc_column][vc_column width=&#8221;1\/3&#8243;][vc_empty_space][elx_download_block [&hellip;]","og_url":"https:\/\/www.electroluxprofessional.com\/pl\/napoje\/maszyny-lodow-wloskich\/","og_site_name":"Electrolux Professional Polska","article_modified_time":"2025-11-05T15:22:36+00:00","og_image":[{"width":2000,"height":350,"url":"https:\/\/www.electroluxprofessional.com\/pl\/wp-content\/uploads\/2019\/03\/fruity-frozen-yogurt-banner-2000x350.jpg","type":"image\/jpeg"}],"twitter_card":"summary_large_image","twitter_misc":{"Szacowany czas czytania":"4 minuty"},"schema":{"@context":"https:\/\/schema.org","@graph":[{"@type":"WebPage","@id":"https:\/\/www.electroluxprofessional.com\/pl\/napoje\/maszyny-lodow-wloskich\/","url":"https:\/\/www.electroluxprofessional.com\/pl\/napoje\/maszyny-lodow-wloskich\/","name":"Maszyny do lod\u00f3w w\u0142oskich - Electrolux Professional Polska","isPartOf":{"@id":"https:\/\/www.electroluxprofessional.com\/pl\/#website"},"primaryImageOfPage":{"@id":"https:\/\/www.electroluxprofessional.com\/pl\/napoje\/maszyny-lodow-wloskich\/#primaryimage"},"image":{"@id":"https:\/\/www.electroluxprofessional.com\/pl\/napoje\/maszyny-lodow-wloskich\/#primaryimage"},"thumbnailUrl":"https:\/\/www.electroluxprofessional.com\/pl\/wp-content\/uploads\/2019\/03\/fruity-frozen-yogurt-banner-2000x350.jpg","datePublished":"2019-03-28T15:48:06+00:00","dateModified":"2025-11-05T15:22:36+00:00","breadcrumb":{"@id":"https:\/\/www.electroluxprofessional.com\/pl\/napoje\/maszyny-lodow-wloskich\/#breadcrumb"},"inLanguage":"pl-PL","potentialAction":[{"@type":"ReadAction","target":["https:\/\/www.electroluxprofessional.com\/pl\/napoje\/maszyny-lodow-wloskich\/"]}]},{"@type":"ImageObject","inLanguage":"pl-PL","@id":"https:\/\/www.electroluxprofessional.com\/pl\/napoje\/maszyny-lodow-wloskich\/#primaryimage","url":"https:\/\/www.electroluxprofessional.com\/pl\/wp-content\/uploads\/2019\/03\/fruity-frozen-yogurt-banner-2000x350.jpg","contentUrl":"https:\/\/www.electroluxprofessional.com\/pl\/wp-content\/uploads\/2019\/03\/fruity-frozen-yogurt-banner-2000x350.jpg","width":2000,"height":350,"caption":"Fruity Frozen Yogurt Dessert with redcurrants and blueberries in a glass;"},{"@type":"BreadcrumbList","@id":"https:\/\/www.electroluxprofessional.com\/pl\/napoje\/maszyny-lodow-wloskich\/#breadcrumb","itemListElement":[{"@type":"ListItem","position":1,"name":"Strona g\u0142\u00f3wna","item":"https:\/\/www.electroluxprofessional.com\/pl\/"},{"@type":"ListItem","position":2,"name":"Napoje","item":"https:\/\/www.electroluxprofessional.com\/pl\/napoje\/"},{"@type":"ListItem","position":3,"name":"Maszyny do lod\u00f3w w\u0142oskich"}]},{"@type":"WebSite","@id":"https:\/\/www.electroluxprofessional.com\/pl\/#website","url":"https:\/\/www.electroluxprofessional.com\/pl\/","name":"Electrolux Professional Polska","description":"","potentialAction":[{"@type":"SearchAction","target":{"@type":"EntryPoint","urlTemplate":"https:\/\/www.electroluxprofessional.com\/pl\/?src={search_term_string}"},"query-input":"required name=search_term_string"}],"inLanguage":"pl-PL"}]}},"_links":{"self":[{"href":"https:\/\/www.electroluxprofessional.com\/pl\/wp-json\/wp\/v2\/pages\/5785"}],"collection":[{"href":"https:\/\/www.electroluxprofessional.com\/pl\/wp-json\/wp\/v2\/pages"}],"about":[{"href":"https:\/\/www.electroluxprofessional.com\/pl\/wp-json\/wp\/v2\/types\/page"}],"author":[{"embeddable":true,"href":"https:\/\/www.electroluxprofessional.com\/pl\/wp-json\/wp\/v2\/users\/3"}],"replies":[{"embeddable":true,"href":"https:\/\/www.electroluxprofessional.com\/pl\/wp-json\/wp\/v2\/comments?post=5785"}],"version-history":[{"count":5,"href":"https:\/\/www.electroluxprofessional.com\/pl\/wp-json\/wp\/v2\/pages\/5785\/revisions"}],"predecessor-version":[{"id":11623,"href":"https:\/\/www.electroluxprofessional.com\/pl\/wp-json\/wp\/v2\/pages\/5785\/revisions\/11623"}],"up":[{"embeddable":true,"href":"https:\/\/www.electroluxprofessional.com\/pl\/wp-json\/wp\/v2\/pages\/5682"}],"wp:featuredmedia":[{"embeddable":true,"href":"https:\/\/www.electroluxprofessional.com\/pl\/wp-json\/wp\/v2\/media\/5776"}],"wp:attachment":[{"href":"https:\/\/www.electroluxprofessional.com\/pl\/wp-json\/wp\/v2\/media?parent=5785"}],"curies":[{"name":"wp","href":"https:\/\/api.w.org\/{rel}","templated":true}]}}