{"id":5764,"date":"2019-03-28T17:13:44","date_gmt":"2019-03-28T16:13:44","guid":{"rendered":"https:\/\/www.electroluxprofessional.com\/?page_id=22205"},"modified":"2025-11-05T15:22:22","modified_gmt":"2025-11-05T15:22:22","slug":"automaty-mrozonych-napojow-smietanki","status":"publish","type":"page","link":"https:\/\/www.electroluxprofessional.com\/pl\/napoje\/automaty-mrozonych-napojow-smietanki\/","title":{"rendered":"Automaty mro\u017conych napoj\u00f3w i \u015bmietanki"},"content":{"rendered":"<p>[vc_row full_width=&#8221;electroluxpro-full-width-no-padding&#8221;][vc_column][elx_image_block background_image=&#8221;5755&#8243; minimum_height=&#8221;350px&#8221;][vc_empty_space][\/vc_column][\/vc_row][vc_row][vc_column][elx_heading font_container=&#8221;h1&#8243; font_size=&#8221;h3&#8243; text_color=&#8221;electrolux-blue&#8221; text_align=&#8221;text-left&#8221;]Automaty mro\u017conych napoj\u00f3w i \u015bmietanki[\/elx_heading][vc_column_text]Elastyczno\u015b\u0107 i innowacja, niesko\u0144czone mo\u017cliwo\u015bci mro\u017conych napoj\u00f3w i krem\u00f3w, zaspokoj\u0105 gust klient\u00f3w przez ca\u0142y rok[\/vc_column_text][\/vc_column][\/vc_row][vc_row][vc_column width=&#8221;1\/3&#8243;][vc_row_inner][vc_column_inner width=&#8221;1\/4&#8243;][vc_single_image image=&#8221;5757&#8243; img_size=&#8221;68&#215;68&#8243;][\/vc_column_inner][vc_column_inner width=&#8221;3\/4&#8243;][elx_heading font_container=&#8221;h3&#8243; font_size=&#8221;h3&#8243; text_color=&#8221;inherit&#8221; text_align=&#8221;text-left&#8221;]Budowa i technologia[\/elx_heading][vc_column_text]\u0141atwy w obs\u0142udze, niewymagaj\u0105cy konserwacji system ch\u0142odzenia[\/vc_column_text][\/vc_column_inner][\/vc_row_inner][\/vc_column][vc_column width=&#8221;1\/3&#8243;][vc_row_inner][vc_column_inner width=&#8221;1\/4&#8243;][vc_single_image image=&#8221;5758&#8243; img_size=&#8221;68&#215;68&#8243;][\/vc_column_inner][vc_column_inner width=&#8221;3\/4&#8243;][elx_heading font_container=&#8221;h3&#8243; font_size=&#8221;h3&#8243; text_color=&#8221;inherit&#8221; text_align=&#8221;text-left&#8221;]Elastyczne w u\u017cyciu[\/elx_heading][vc_column_text]Serwuj mro\u017cone napoje za ka\u017cdym razem[\/vc_column_text][\/vc_column_inner][\/vc_row_inner][\/vc_column][vc_column width=&#8221;1\/3&#8243;][elx_download_block text=&#8221;Katalog produkt\u00f3w<br \/>\nrozwi\u0105zania do napoj\u00f3w&#8221; link=&#8221;http:\/\/files.professional.electrolux.com\/docs\/?n=BR-9JE00131&amp;b=5&amp;l=1&#8243; background_color=&#8221;orange&#8221; background_image=&#8221;5756&#8243;][\/vc_column][\/vc_row][vc_row][vc_column width=&#8221;1\/2&#8243;][elx_heading font_size=&#8221;h3&#8243; text_color=&#8221;electrolux-blue&#8221; text_align=&#8221;text-left&#8221;]Urz\u0105dzenie do mro\u017conej Granity[\/elx_heading][elx_heading font_container=&#8221;h3&#8243; font_size=&#8221;h5&#8243; text_color=&#8221;electrolux-blue&#8221; text_align=&#8221;text-left&#8221;]Innowacyjne, wydajne i odpowiednio zaprojektowane[\/elx_heading][vc_column_text]Od ma\u0142ych bar\u00f3w po du\u017ce firmy.<br \/>\nNasza <strong>ZBIORNIK I-TANK<\/strong> doskonale utrzymuje g\u0142adk\u0105 konsystencj\u0119. Zosta\u0142 zaprojektowany do kontrolowania i izolowania temperatury w letnie upalne dni.<br \/>\nElegancki i kolorowy dozownik przyci\u0105gnie klient\u00f3w po orze\u017awiaj\u0105cej nap\u00f3j.[\/vc_column_text][vc_empty_space height=&#8221;50px&#8221;][\/vc_column][vc_column width=&#8221;1\/2&#8243;][vc_empty_space][vc_single_image image=&#8221;5759&#8243; img_size=&#8221;medium&#8221; alignment=&#8221;center&#8221;][\/vc_column][\/vc_row][vc_row][vc_column width=&#8221;1\/2&#8243;][elx_heading font_size=&#8221;h3&#8243; text_color=&#8221;electrolux-blue&#8221; text_align=&#8221;text-left&#8221;]Dozownik mro\u017conej \u015bmietany[\/elx_heading][elx_heading font_container=&#8221;h3&#8243; font_size=&#8221;h5&#8243; text_color=&#8221;electrolux-blue&#8221; text_align=&#8221;text-left&#8221;]\u0141atwy i smaczny spos\u00f3b na ulepszenie Twojego menu[\/elx_heading][vc_column_text]Nasz dozownik mro\u017conej \u015bmietanki jest jedn\u0105 <strong>z najmniejszych maszyn<\/strong> tego typu. Rozszerz Swoj\u0105 ofert\u0119, zwi\u0119ksz zyski i przyci\u0105gnij nowych klient\u00f3w dzi\u0119ki najnowszej kompaktowej gamie urz\u0105dze\u0144 mro\u017c\u0105cych od Electrolux.[\/vc_column_text][\/vc_column][vc_column width=&#8221;1\/2&#8243;][vc_empty_space][vc_single_image image=&#8221;5760&#8243; img_size=&#8221;medium&#8221; alignment=&#8221;center&#8221;][\/vc_column][\/vc_row][vc_row][vc_column][vc_empty_space height=&#8221;15px&#8221;][\/vc_column][\/vc_row][vc_row full_width=&#8221;electroluxpro-full-width-no-padding&#8221; css=&#8221;.vc_custom_1553177121446{background-image: url(https:\/\/www.electroluxprofessional.com\/pl\/wp-content\/uploads\/2019\/03\/frozen-granita-watermelon-flavor-2000&#215;3000.jpg?id=22219) !important;background-position: center !important;background-repeat: no-repeat !important;background-size: cover !important;}&#8221;][vc_column width=&#8221;1\/2&#8243;][vc_empty_space height=&#8221;300px&#8221;][\/vc_column][vc_column width=&#8221;1\/2&#8243;][vc_single_image image=&#8221;5761&#8243; img_size=&#8221;medium&#8221; alignment=&#8221;center&#8221; css=&#8221;.vc_custom_1553177159219{border-top-width: -90px !important;}&#8221;][\/vc_column][\/vc_row][vc_row][vc_column][vc_empty_space height=&#8221;15px&#8221;][\/vc_column][\/vc_row][vc_row][vc_column width=&#8221;1\/2&#8243;][elx_heading font_size=&#8221;h3&#8243; text_color=&#8221;electrolux-blue&#8221; text_align=&#8221;text-left&#8221;]Dozowniki mro\u017conej granity i \u015bmietanki[\/elx_heading][elx_heading font_container=&#8221;h3&#8243; font_size=&#8221;h5&#8243; text_color=&#8221;electrolux-blue&#8221; text_align=&#8221;text-left&#8221;]Proste i niezawodne o kompleksowej budowie.[\/elx_heading][vc_column_text]Nowe automaty mro\u017conych granit i krem\u00f3w od Electrolux maj\u0105 konstrukcj\u0119 i technologi\u0119, kt\u00f3re pozwalaj\u0105 skr\u00f3ci\u0107 czas pracy i poprawi\u0107 zyski oraz zadowolenie klient\u00f3w.<br \/>\nPrzezroczyste konfiguracje pojemnik\u00f3w wytwarzaj\u0105 mro\u017cone produkty takie jak sorbety, o doskona\u0142ym smaku i konsystencji.<br \/>\nNajnowsza technologia I-TANK zapobiega gromadzeniu si\u0119 lodu lub skroplin po zewn\u0119trznej stronie pojemnika.[\/vc_column_text][vc_empty_space height=&#8221;50px&#8221;][\/vc_column][vc_column width=&#8221;1\/2&#8243;][vc_empty_space][vc_single_image image=&#8221;5762&#8243; img_size=&#8221;medium&#8221; alignment=&#8221;center&#8221;][\/vc_column][\/vc_row][vc_row][vc_column width=&#8221;1\/2&#8243;][elx_heading font_size=&#8221;h3&#8243; text_color=&#8221;electrolux-blue&#8221; text_align=&#8221;text-left&#8221;]Dozowniki mro\u017conej granity, mro\u017conej \u015bmietany, mi\u0119kkich i delikatnych lod\u00f3w[\/elx_heading][elx_heading font_container=&#8221;h3&#8243; font_size=&#8221;h5&#8243; text_color=&#8221;electrolux-blue&#8221; text_align=&#8221;text-left&#8221;]Jedno rozwi\u0105zanie, pi\u0119\u0107 mo\u017cliwo\u015bci.[\/elx_heading][vc_column_text]Stw\u00f3rz 5 r\u00f3\u017cnych sch\u0142odzonych deserowych specja\u0142\u00f3w w jednym unikalnym rozwi\u0105zaniu: lody mi\u0119kkie, mro\u017cony jogurt, sch\u0142odzona \u015bmietanka kawowa, sorbet i slush w zale\u017cno\u015bci od potrzeb w danym momencie.<br \/>\nTechnologia I-TANK chroni misk\u0119 przed gromadzeniem si\u0119 lodu i kondensacji.<br \/>\n\u0141atwy w obs\u0142udze ekran dotykowy, elegancki i prosty design.[\/vc_column_text][vc_empty_space height=&#8221;50px&#8221;][\/vc_column][vc_column width=&#8221;1\/2&#8243;][vc_empty_space][vc_single_image image=&#8221;5763&#8243; img_size=&#8221;medium&#8221; alignment=&#8221;center&#8221;][\/vc_column][\/vc_row][vc_row][vc_column][vc_empty_space height=&#8221;42px&#8221;][\/vc_column][\/vc_row][vc_row css=&#8221;.vc_custom_1516904946877{border-top-width: 1px !important;background-color: #ffffff !important;border-top-color: #eeeeee !important;border-top-style: solid !important;}&#8221;][vc_column reveal_effect=&#8221;&#8221;][vc_empty_space height=&#8221;80px&#8221;][elx_heading font_size=&#8221;h3&#8243; text_color=&#8221;inherit&#8221; text_align=&#8221;text-left&#8221;]Dowiedz si\u0119 wi\u0119cej o naszych automatach do mro\u017conych napoj\u00f3w i krem\u00f3w[\/elx_heading][elx_o2000_contact_us r=&#8221;I&#8217;d like to find out more about your frozen beverage dispensers. Please get in touch with me. Thanks.&#8221; s=&#8221;Request of information about frozen beverage dispensers.&#8221; l=&#8221;en&#8221;][\/vc_column][\/vc_row][vc_row][vc_column][vc_empty_space height=&#8221;100px&#8221;][elx_heading font_size=&#8221;h3&#8243; text_color=&#8221;inherit&#8221; text_align=&#8221;text-left&#8221;]Znajd\u017a Swoje kompletne rozwi\u0105zanie[\/elx_heading][\/vc_column][\/vc_row][vc_row][vc_column width=&#8221;1\/3&#8243;][elx_maylike_box id_box=&#8221;1195&#8243;][\/vc_column][vc_column width=&#8221;1\/3&#8243;][elx_maylike_box id_box=&#8221;1182&#8243;][\/vc_column][vc_column width=&#8221;1\/3&#8243;][elx_maylike_box id_box=&#8221;1186&#8243;][\/vc_column][\/vc_row]<\/p>\n","protected":false},"excerpt":{"rendered":"<p>[vc_row full_width=&#8221;electroluxpro-full-width-no-padding&#8221;][vc_column][elx_image_block background_image=&#8221;5755&#8243; minimum_height=&#8221;350px&#8221;][vc_empty_space][\/vc_column][\/vc_row][vc_row][vc_column][elx_heading font_container=&#8221;h1&#8243; font_size=&#8221;h3&#8243; text_color=&#8221;electrolux-blue&#8221; text_align=&#8221;text-left&#8221;]Automaty mro\u017conych napoj\u00f3w i \u015bmietanki[\/elx_heading][vc_column_text]Elastyczno\u015b\u0107 i innowacja, niesko\u0144czone mo\u017cliwo\u015bci mro\u017conych napoj\u00f3w i krem\u00f3w, zaspokoj\u0105 gust klient\u00f3w przez ca\u0142y rok[\/vc_column_text][\/vc_column][\/vc_row][vc_row][vc_column width=&#8221;1\/3&#8243;][vc_row_inner][vc_column_inner width=&#8221;1\/4&#8243;][vc_single_image image=&#8221;5757&#8243; img_size=&#8221;68&#215;68&#8243;][\/vc_column_inner][vc_column_inner width=&#8221;3\/4&#8243;][elx_heading font_container=&#8221;h3&#8243; font_size=&#8221;h3&#8243; text_color=&#8221;inherit&#8221; text_align=&#8221;text-left&#8221;]Budowa i technologia[\/elx_heading][vc_column_text]\u0141atwy w obs\u0142udze, niewymagaj\u0105cy konserwacji system ch\u0142odzenia[\/vc_column_text][\/vc_column_inner][\/vc_row_inner][\/vc_column][vc_column width=&#8221;1\/3&#8243;][vc_row_inner][vc_column_inner width=&#8221;1\/4&#8243;][vc_single_image image=&#8221;5758&#8243; img_size=&#8221;68&#215;68&#8243;][\/vc_column_inner][vc_column_inner width=&#8221;3\/4&#8243;][elx_heading font_container=&#8221;h3&#8243; font_size=&#8221;h3&#8243; text_color=&#8221;inherit&#8221; text_align=&#8221;text-left&#8221;]Elastyczne w u\u017cyciu[\/elx_heading][vc_column_text]Serwuj mro\u017cone [&hellip;]<\/p>\n","protected":false},"author":3,"featured_media":0,"parent":5682,"menu_order":0,"comment_status":"closed","ping_status":"closed","template":"","meta":{"footnotes":""},"class_list":["post-5764","page","type-page","status-publish","hentry"],"acf":[],"yoast_head":"<!-- This site is optimized with the Yoast SEO plugin v23.3 - https:\/\/yoast.com\/wordpress\/plugins\/seo\/ -->\n<title>Automaty mro\u017conych napoj\u00f3w i \u015bmietanki - Electrolux Professional Polska<\/title>\n<meta name=\"description\" content=\"Elastyczno\u015b\u0107 i innowacja, niesko\u0144czone mo\u017cliwo\u015bci mro\u017conych napoj\u00f3w i krem\u00f3w, zaspokoj\u0105 gust klient\u00f3w przez ca\u0142y rok\" \/>\n<meta name=\"robots\" content=\"index, follow, max-snippet:-1, max-image-preview:large, max-video-preview:-1\" \/>\n<link rel=\"canonical\" href=\"https:\/\/www.electroluxprofessional.com\/pl\/napoje\/automaty-mrozonych-napojow-smietanki\/\" \/>\n<meta property=\"og:locale\" content=\"pl_PL\" \/>\n<meta property=\"og:type\" content=\"article\" \/>\n<meta property=\"og:title\" content=\"Automaty mro\u017conych napoj\u00f3w i \u015bmietanki - Electrolux Professional Polska\" \/>\n<meta property=\"og:description\" content=\"Elastyczno\u015b\u0107 i innowacja, niesko\u0144czone mo\u017cliwo\u015bci mro\u017conych napoj\u00f3w i krem\u00f3w, zaspokoj\u0105 gust klient\u00f3w przez ca\u0142y rok\" \/>\n<meta property=\"og:url\" content=\"https:\/\/www.electroluxprofessional.com\/pl\/napoje\/automaty-mrozonych-napojow-smietanki\/\" \/>\n<meta property=\"og:site_name\" content=\"Electrolux Professional Polska\" \/>\n<meta property=\"article:modified_time\" content=\"2025-11-05T15:22:22+00:00\" \/>\n<meta name=\"twitter:card\" content=\"summary_large_image\" \/>\n<meta name=\"twitter:label1\" content=\"Szacowany czas czytania\" \/>\n\t<meta name=\"twitter:data1\" content=\"3 minuty\" \/>\n<script type=\"application\/ld+json\" class=\"yoast-schema-graph\">{\"@context\":\"https:\/\/schema.org\",\"@graph\":[{\"@type\":\"WebPage\",\"@id\":\"https:\/\/www.electroluxprofessional.com\/pl\/napoje\/automaty-mrozonych-napojow-smietanki\/\",\"url\":\"https:\/\/www.electroluxprofessional.com\/pl\/napoje\/automaty-mrozonych-napojow-smietanki\/\",\"name\":\"Automaty mro\u017conych napoj\u00f3w i \u015bmietanki - Electrolux Professional Polska\",\"isPartOf\":{\"@id\":\"https:\/\/www.electroluxprofessional.com\/pl\/#website\"},\"datePublished\":\"2019-03-28T16:13:44+00:00\",\"dateModified\":\"2025-11-05T15:22:22+00:00\",\"description\":\"Elastyczno\u015b\u0107 i innowacja, niesko\u0144czone mo\u017cliwo\u015bci mro\u017conych napoj\u00f3w i krem\u00f3w, zaspokoj\u0105 gust klient\u00f3w przez ca\u0142y rok\",\"breadcrumb\":{\"@id\":\"https:\/\/www.electroluxprofessional.com\/pl\/napoje\/automaty-mrozonych-napojow-smietanki\/#breadcrumb\"},\"inLanguage\":\"pl-PL\",\"potentialAction\":[{\"@type\":\"ReadAction\",\"target\":[\"https:\/\/www.electroluxprofessional.com\/pl\/napoje\/automaty-mrozonych-napojow-smietanki\/\"]}]},{\"@type\":\"BreadcrumbList\",\"@id\":\"https:\/\/www.electroluxprofessional.com\/pl\/napoje\/automaty-mrozonych-napojow-smietanki\/#breadcrumb\",\"itemListElement\":[{\"@type\":\"ListItem\",\"position\":1,\"name\":\"Strona g\u0142\u00f3wna\",\"item\":\"https:\/\/www.electroluxprofessional.com\/pl\/\"},{\"@type\":\"ListItem\",\"position\":2,\"name\":\"Napoje\",\"item\":\"https:\/\/www.electroluxprofessional.com\/pl\/napoje\/\"},{\"@type\":\"ListItem\",\"position\":3,\"name\":\"Automaty mro\u017conych napoj\u00f3w i \u015bmietanki\"}]},{\"@type\":\"WebSite\",\"@id\":\"https:\/\/www.electroluxprofessional.com\/pl\/#website\",\"url\":\"https:\/\/www.electroluxprofessional.com\/pl\/\",\"name\":\"Electrolux Professional Polska\",\"description\":\"\",\"potentialAction\":[{\"@type\":\"SearchAction\",\"target\":{\"@type\":\"EntryPoint\",\"urlTemplate\":\"https:\/\/www.electroluxprofessional.com\/pl\/?src={search_term_string}\"},\"query-input\":\"required name=search_term_string\"}],\"inLanguage\":\"pl-PL\"}]}<\/script>\n<!-- \/ Yoast SEO plugin. -->","yoast_head_json":{"title":"Automaty mro\u017conych napoj\u00f3w i \u015bmietanki - Electrolux Professional Polska","description":"Elastyczno\u015b\u0107 i innowacja, niesko\u0144czone mo\u017cliwo\u015bci mro\u017conych napoj\u00f3w i krem\u00f3w, zaspokoj\u0105 gust klient\u00f3w przez ca\u0142y rok","robots":{"index":"index","follow":"follow","max-snippet":"max-snippet:-1","max-image-preview":"max-image-preview:large","max-video-preview":"max-video-preview:-1"},"canonical":"https:\/\/www.electroluxprofessional.com\/pl\/napoje\/automaty-mrozonych-napojow-smietanki\/","og_locale":"pl_PL","og_type":"article","og_title":"Automaty mro\u017conych napoj\u00f3w i \u015bmietanki - Electrolux Professional Polska","og_description":"Elastyczno\u015b\u0107 i innowacja, niesko\u0144czone mo\u017cliwo\u015bci mro\u017conych napoj\u00f3w i krem\u00f3w, zaspokoj\u0105 gust klient\u00f3w przez ca\u0142y rok","og_url":"https:\/\/www.electroluxprofessional.com\/pl\/napoje\/automaty-mrozonych-napojow-smietanki\/","og_site_name":"Electrolux Professional Polska","article_modified_time":"2025-11-05T15:22:22+00:00","twitter_card":"summary_large_image","twitter_misc":{"Szacowany czas czytania":"3 minuty"},"schema":{"@context":"https:\/\/schema.org","@graph":[{"@type":"WebPage","@id":"https:\/\/www.electroluxprofessional.com\/pl\/napoje\/automaty-mrozonych-napojow-smietanki\/","url":"https:\/\/www.electroluxprofessional.com\/pl\/napoje\/automaty-mrozonych-napojow-smietanki\/","name":"Automaty mro\u017conych napoj\u00f3w i \u015bmietanki - Electrolux Professional Polska","isPartOf":{"@id":"https:\/\/www.electroluxprofessional.com\/pl\/#website"},"datePublished":"2019-03-28T16:13:44+00:00","dateModified":"2025-11-05T15:22:22+00:00","description":"Elastyczno\u015b\u0107 i innowacja, niesko\u0144czone mo\u017cliwo\u015bci mro\u017conych napoj\u00f3w i krem\u00f3w, zaspokoj\u0105 gust klient\u00f3w przez ca\u0142y rok","breadcrumb":{"@id":"https:\/\/www.electroluxprofessional.com\/pl\/napoje\/automaty-mrozonych-napojow-smietanki\/#breadcrumb"},"inLanguage":"pl-PL","potentialAction":[{"@type":"ReadAction","target":["https:\/\/www.electroluxprofessional.com\/pl\/napoje\/automaty-mrozonych-napojow-smietanki\/"]}]},{"@type":"BreadcrumbList","@id":"https:\/\/www.electroluxprofessional.com\/pl\/napoje\/automaty-mrozonych-napojow-smietanki\/#breadcrumb","itemListElement":[{"@type":"ListItem","position":1,"name":"Strona g\u0142\u00f3wna","item":"https:\/\/www.electroluxprofessional.com\/pl\/"},{"@type":"ListItem","position":2,"name":"Napoje","item":"https:\/\/www.electroluxprofessional.com\/pl\/napoje\/"},{"@type":"ListItem","position":3,"name":"Automaty mro\u017conych napoj\u00f3w i \u015bmietanki"}]},{"@type":"WebSite","@id":"https:\/\/www.electroluxprofessional.com\/pl\/#website","url":"https:\/\/www.electroluxprofessional.com\/pl\/","name":"Electrolux Professional Polska","description":"","potentialAction":[{"@type":"SearchAction","target":{"@type":"EntryPoint","urlTemplate":"https:\/\/www.electroluxprofessional.com\/pl\/?src={search_term_string}"},"query-input":"required name=search_term_string"}],"inLanguage":"pl-PL"}]}},"_links":{"self":[{"href":"https:\/\/www.electroluxprofessional.com\/pl\/wp-json\/wp\/v2\/pages\/5764"}],"collection":[{"href":"https:\/\/www.electroluxprofessional.com\/pl\/wp-json\/wp\/v2\/pages"}],"about":[{"href":"https:\/\/www.electroluxprofessional.com\/pl\/wp-json\/wp\/v2\/types\/page"}],"author":[{"embeddable":true,"href":"https:\/\/www.electroluxprofessional.com\/pl\/wp-json\/wp\/v2\/users\/3"}],"replies":[{"embeddable":true,"href":"https:\/\/www.electroluxprofessional.com\/pl\/wp-json\/wp\/v2\/comments?post=5764"}],"version-history":[{"count":4,"href":"https:\/\/www.electroluxprofessional.com\/pl\/wp-json\/wp\/v2\/pages\/5764\/revisions"}],"predecessor-version":[{"id":11622,"href":"https:\/\/www.electroluxprofessional.com\/pl\/wp-json\/wp\/v2\/pages\/5764\/revisions\/11622"}],"up":[{"embeddable":true,"href":"https:\/\/www.electroluxprofessional.com\/pl\/wp-json\/wp\/v2\/pages\/5682"}],"wp:attachment":[{"href":"https:\/\/www.electroluxprofessional.com\/pl\/wp-json\/wp\/v2\/media?parent=5764"}],"curies":[{"name":"wp","href":"https:\/\/api.w.org\/{rel}","templated":true}]}}