{"id":5744,"date":"2019-03-28T17:10:36","date_gmt":"2019-03-28T16:10:36","guid":{"rendered":"https:\/\/www.electroluxprofessional.com\/?page_id=22200"},"modified":"2025-11-05T15:22:00","modified_gmt":"2025-11-05T15:22:00","slug":"dozowniki-napojow-zimnych","status":"publish","type":"page","link":"https:\/\/www.electroluxprofessional.com\/pl\/napoje\/dozowniki-napojow-zimnych\/","title":{"rendered":"Dozowniki napoj\u00f3w zimnych"},"content":{"rendered":"<p>[vc_row full_width=&#8221;electroluxpro-full-width-no-padding&#8221;][vc_column][elx_image_block background_image=&#8221;5741&#8243; minimum_height=&#8221;350px&#8221;][vc_empty_space][\/vc_column][\/vc_row][vc_row][vc_column width=&#8221;2\/3&#8243;][elx_heading font_container=&#8221;h1&#8243; font_size=&#8221;h3&#8243; text_color=&#8221;electrolux-blue&#8221; text_align=&#8221;text-left&#8221;]Dozowniki napoj\u00f3w zimnych[\/elx_heading][vc_empty_space][vc_row_inner][vc_column_inner width=&#8221;1\/2&#8243;][elx_download_block text=&#8221;Rozwi\u0105zania do napoj\u00f3w<br \/>\nkatalog produkt\u00f3w<br \/>\n&#8221; link=&#8221;http:\/\/files.professional.electrolux.com\/docs\/?n=BR-9JE00131&amp;b=5&amp;l=1&#8243; background_color=&#8221;orange&#8221; background_image=&#8221;5742&#8243;][\/vc_column_inner][vc_column_inner width=&#8221;1\/2&#8243;][vc_column_text]<strong>Tw\u00f3j wyb\u00f3r, nieograniczony smak, w jednej prostej odpowiedzi.<\/strong> Elastyczny wyb\u00f3r, \u0142atwy w u\u017cyciu dozownik zimnych napoj\u00f3w to odpowied\u017a na zaoferowanie klientom nowych, pysznych napoj\u00f3w[\/vc_column_text][\/vc_column_inner][\/vc_row_inner][\/vc_column][vc_column width=&#8221;1\/3&#8243;][vc_single_image image=&#8221;5743&#8243; img_size=&#8221;full&#8221; alignment=&#8221;right&#8221;][\/vc_column][\/vc_row][vc_row][vc_column][vc_empty_space height=&#8221;42px&#8221;][\/vc_column][\/vc_row][vc_row css=&#8221;.vc_custom_1552057895891{background-image: url(https:\/\/www.electroluxprofessional.com\/pl\/wp-content\/uploads\/2018\/01\/cold-beverage-dispensers-drink-glasses.jpg?id=14605) !important;background-position: center !important;background-repeat: no-repeat !important;background-size: cover !important;}&#8221;][vc_column width=&#8221;1\/3&#8243; css=&#8221;.vc_custom_1516902259667{padding-right: 20px !important;padding-left: 20px !important;background-color: rgba(255,255,255,0.73) !important;*background-color: rgb(255,255,255) !important;}&#8221;][vc_empty_space][vc_column_text]<strong>Wymienne misy<\/strong> dostosowane do potrzeb Twojej firmy, zwi\u0119kszaj\u0105ce zyski i zdobywaj\u0105ce nowych zadowolonych klient\u00f3w.<br \/>\n<strong>Zajmuj\u0105 mniej miejsca<\/strong> dzi\u0119ki ich kompaktowym rozmiarom.<br \/>\n<strong>Mniej czasu<\/strong> na czyszczenie.<br \/>\n<strong>Mniej odpad\u00f3w<\/strong> dzi\u0119ki produktowi dozowanemu do ostatniej kropli.[\/vc_column_text][\/vc_column][vc_column width=&#8221;1\/3&#8243;][vc_empty_space][\/vc_column][vc_column width=&#8221;1\/3&#8243; css=&#8221;.vc_custom_1517248758977{margin-top: -30px !important;}&#8221;][vc_single_image image=&#8221;5709&#8243; img_size=&#8221;full&#8221; alignment=&#8221;right&#8221;][\/vc_column][\/vc_row][vc_row][vc_column][vc_empty_space height=&#8221;42px&#8221;][\/vc_column][\/vc_row][vc_row][vc_column][\/vc_column][\/vc_row][vc_row css=&#8221;.vc_custom_1516904946877{border-top-width: 1px !important;background-color: #ffffff !important;border-top-color: #eeeeee !important;border-top-style: solid !important;}&#8221;][vc_column reveal_effect=&#8221;&#8221;][vc_empty_space height=&#8221;80px&#8221;][elx_heading font_size=&#8221;h3&#8243; text_color=&#8221;inherit&#8221; text_align=&#8221;text-left&#8221;]Dowiedz si\u0119 wi\u0119cej o naszych dyspenserach do zimnych napoj\u00f3w.[\/elx_heading][elx_o2000_contact_us r=&#8221;I&#8217;d like to find out more about Cold beverage dispensers. Please get in touch with me. Thanks.&#8221; s=&#8221;Request of information about Cold beverage dispensers.&#8221; l=&#8221;en&#8221;][\/vc_column][\/vc_row][vc_row][vc_column][vc_empty_space height=&#8221;100px&#8221;][elx_heading font_size=&#8221;h3&#8243; text_color=&#8221;inherit&#8221; text_align=&#8221;text-left&#8221;]Znajd\u017a Swoje kompleksowe rozwi\u0105zanie.[\/elx_heading][\/vc_column][\/vc_row][vc_row][vc_column width=&#8221;1\/3&#8243;][elx_maylike_box id_box=&#8221;1195&#8243;][\/vc_column][vc_column width=&#8221;1\/3&#8243;][elx_maylike_box id_box=&#8221;1182&#8243;][\/vc_column][vc_column width=&#8221;1\/3&#8243;][elx_maylike_box id_box=&#8221;1186&#8243;][\/vc_column][\/vc_row]<\/p>\n","protected":false},"excerpt":{"rendered":"<p>[vc_row full_width=&#8221;electroluxpro-full-width-no-padding&#8221;][vc_column][elx_image_block background_image=&#8221;5741&#8243; minimum_height=&#8221;350px&#8221;][vc_empty_space][\/vc_column][\/vc_row][vc_row][vc_column width=&#8221;2\/3&#8243;][elx_heading font_container=&#8221;h1&#8243; font_size=&#8221;h3&#8243; text_color=&#8221;electrolux-blue&#8221; text_align=&#8221;text-left&#8221;]Dozowniki napoj\u00f3w zimnych[\/elx_heading][vc_empty_space][vc_row_inner][vc_column_inner width=&#8221;1\/2&#8243;][elx_download_block text=&#8221;Rozwi\u0105zania do napoj\u00f3w katalog produkt\u00f3w &#8221; link=&#8221;http:\/\/files.professional.electrolux.com\/docs\/?n=BR-9JE00131&amp;b=5&amp;l=1&#8243; background_color=&#8221;orange&#8221; background_image=&#8221;5742&#8243;][\/vc_column_inner][vc_column_inner width=&#8221;1\/2&#8243;][vc_column_text]Tw\u00f3j wyb\u00f3r, nieograniczony smak, w jednej prostej odpowiedzi. Elastyczny wyb\u00f3r, \u0142atwy w u\u017cyciu dozownik zimnych napoj\u00f3w to odpowied\u017a na zaoferowanie klientom nowych, pysznych napoj\u00f3w[\/vc_column_text][\/vc_column_inner][\/vc_row_inner][\/vc_column][vc_column width=&#8221;1\/3&#8243;][vc_single_image image=&#8221;5743&#8243; img_size=&#8221;full&#8221; alignment=&#8221;right&#8221;][\/vc_column][\/vc_row][vc_row][vc_column][vc_empty_space height=&#8221;42px&#8221;][\/vc_column][\/vc_row][vc_row css=&#8221;.vc_custom_1552057895891{background-image: url(https:\/\/www.electroluxprofessional.com\/pl\/wp-content\/uploads\/2018\/01\/cold-beverage-dispensers-drink-glasses.jpg?id=14605) !important;background-position: center !important;background-repeat: [&hellip;]<\/p>\n","protected":false},"author":3,"featured_media":0,"parent":5682,"menu_order":0,"comment_status":"closed","ping_status":"closed","template":"","meta":{"footnotes":""},"class_list":["post-5744","page","type-page","status-publish","hentry"],"acf":[],"yoast_head":"<!-- This site is optimized with the Yoast SEO plugin v23.3 - https:\/\/yoast.com\/wordpress\/plugins\/seo\/ -->\n<title>Dozowniki napoj\u00f3w zimnych - Electrolux Professional Polska<\/title>\n<meta name=\"description\" content=\"Tw\u00f3j wyb\u00f3r, nieograniczony smak, w jednej prostej odpowiedzi. Elastyczny wyb\u00f3r, \u0142atwy w u\u017cyciu dozownik zimnych napoj\u00f3w to odpowied\u017a na zaoferowanie klientom nowych, pysznych napoj\u00f3w\" \/>\n<meta name=\"robots\" content=\"index, follow, max-snippet:-1, max-image-preview:large, max-video-preview:-1\" \/>\n<link rel=\"canonical\" href=\"https:\/\/www.electroluxprofessional.com\/pl\/napoje\/dozowniki-napojow-zimnych\/\" \/>\n<meta property=\"og:locale\" content=\"pl_PL\" \/>\n<meta property=\"og:type\" content=\"article\" \/>\n<meta property=\"og:title\" content=\"Dozowniki napoj\u00f3w zimnych - Electrolux Professional Polska\" \/>\n<meta property=\"og:description\" content=\"Tw\u00f3j wyb\u00f3r, nieograniczony smak, w jednej prostej odpowiedzi. Elastyczny wyb\u00f3r, \u0142atwy w u\u017cyciu dozownik zimnych napoj\u00f3w to odpowied\u017a na zaoferowanie klientom nowych, pysznych napoj\u00f3w\" \/>\n<meta property=\"og:url\" content=\"https:\/\/www.electroluxprofessional.com\/pl\/napoje\/dozowniki-napojow-zimnych\/\" \/>\n<meta property=\"og:site_name\" content=\"Electrolux Professional Polska\" \/>\n<meta property=\"article:modified_time\" content=\"2025-11-05T15:22:00+00:00\" \/>\n<meta name=\"twitter:card\" content=\"summary_large_image\" \/>\n<meta name=\"twitter:label1\" content=\"Szacowany czas czytania\" \/>\n\t<meta name=\"twitter:data1\" content=\"2 minuty\" \/>\n<script type=\"application\/ld+json\" class=\"yoast-schema-graph\">{\"@context\":\"https:\/\/schema.org\",\"@graph\":[{\"@type\":\"WebPage\",\"@id\":\"https:\/\/www.electroluxprofessional.com\/pl\/napoje\/dozowniki-napojow-zimnych\/\",\"url\":\"https:\/\/www.electroluxprofessional.com\/pl\/napoje\/dozowniki-napojow-zimnych\/\",\"name\":\"Dozowniki napoj\u00f3w zimnych - Electrolux Professional Polska\",\"isPartOf\":{\"@id\":\"https:\/\/www.electroluxprofessional.com\/pl\/#website\"},\"datePublished\":\"2019-03-28T16:10:36+00:00\",\"dateModified\":\"2025-11-05T15:22:00+00:00\",\"description\":\"Tw\u00f3j wyb\u00f3r, nieograniczony smak, w jednej prostej odpowiedzi. Elastyczny wyb\u00f3r, \u0142atwy w u\u017cyciu dozownik zimnych napoj\u00f3w to odpowied\u017a na zaoferowanie klientom nowych, pysznych napoj\u00f3w\",\"breadcrumb\":{\"@id\":\"https:\/\/www.electroluxprofessional.com\/pl\/napoje\/dozowniki-napojow-zimnych\/#breadcrumb\"},\"inLanguage\":\"pl-PL\",\"potentialAction\":[{\"@type\":\"ReadAction\",\"target\":[\"https:\/\/www.electroluxprofessional.com\/pl\/napoje\/dozowniki-napojow-zimnych\/\"]}]},{\"@type\":\"BreadcrumbList\",\"@id\":\"https:\/\/www.electroluxprofessional.com\/pl\/napoje\/dozowniki-napojow-zimnych\/#breadcrumb\",\"itemListElement\":[{\"@type\":\"ListItem\",\"position\":1,\"name\":\"Strona g\u0142\u00f3wna\",\"item\":\"https:\/\/www.electroluxprofessional.com\/pl\/\"},{\"@type\":\"ListItem\",\"position\":2,\"name\":\"Napoje\",\"item\":\"https:\/\/www.electroluxprofessional.com\/pl\/napoje\/\"},{\"@type\":\"ListItem\",\"position\":3,\"name\":\"Dozowniki napoj\u00f3w zimnych\"}]},{\"@type\":\"WebSite\",\"@id\":\"https:\/\/www.electroluxprofessional.com\/pl\/#website\",\"url\":\"https:\/\/www.electroluxprofessional.com\/pl\/\",\"name\":\"Electrolux Professional Polska\",\"description\":\"\",\"potentialAction\":[{\"@type\":\"SearchAction\",\"target\":{\"@type\":\"EntryPoint\",\"urlTemplate\":\"https:\/\/www.electroluxprofessional.com\/pl\/?src={search_term_string}\"},\"query-input\":\"required name=search_term_string\"}],\"inLanguage\":\"pl-PL\"}]}<\/script>\n<!-- \/ Yoast SEO plugin. -->","yoast_head_json":{"title":"Dozowniki napoj\u00f3w zimnych - Electrolux Professional Polska","description":"Tw\u00f3j wyb\u00f3r, nieograniczony smak, w jednej prostej odpowiedzi. Elastyczny wyb\u00f3r, \u0142atwy w u\u017cyciu dozownik zimnych napoj\u00f3w to odpowied\u017a na zaoferowanie klientom nowych, pysznych napoj\u00f3w","robots":{"index":"index","follow":"follow","max-snippet":"max-snippet:-1","max-image-preview":"max-image-preview:large","max-video-preview":"max-video-preview:-1"},"canonical":"https:\/\/www.electroluxprofessional.com\/pl\/napoje\/dozowniki-napojow-zimnych\/","og_locale":"pl_PL","og_type":"article","og_title":"Dozowniki napoj\u00f3w zimnych - Electrolux Professional Polska","og_description":"Tw\u00f3j wyb\u00f3r, nieograniczony smak, w jednej prostej odpowiedzi. Elastyczny wyb\u00f3r, \u0142atwy w u\u017cyciu dozownik zimnych napoj\u00f3w to odpowied\u017a na zaoferowanie klientom nowych, pysznych napoj\u00f3w","og_url":"https:\/\/www.electroluxprofessional.com\/pl\/napoje\/dozowniki-napojow-zimnych\/","og_site_name":"Electrolux Professional Polska","article_modified_time":"2025-11-05T15:22:00+00:00","twitter_card":"summary_large_image","twitter_misc":{"Szacowany czas czytania":"2 minuty"},"schema":{"@context":"https:\/\/schema.org","@graph":[{"@type":"WebPage","@id":"https:\/\/www.electroluxprofessional.com\/pl\/napoje\/dozowniki-napojow-zimnych\/","url":"https:\/\/www.electroluxprofessional.com\/pl\/napoje\/dozowniki-napojow-zimnych\/","name":"Dozowniki napoj\u00f3w zimnych - Electrolux Professional Polska","isPartOf":{"@id":"https:\/\/www.electroluxprofessional.com\/pl\/#website"},"datePublished":"2019-03-28T16:10:36+00:00","dateModified":"2025-11-05T15:22:00+00:00","description":"Tw\u00f3j wyb\u00f3r, nieograniczony smak, w jednej prostej odpowiedzi. Elastyczny wyb\u00f3r, \u0142atwy w u\u017cyciu dozownik zimnych napoj\u00f3w to odpowied\u017a na zaoferowanie klientom nowych, pysznych napoj\u00f3w","breadcrumb":{"@id":"https:\/\/www.electroluxprofessional.com\/pl\/napoje\/dozowniki-napojow-zimnych\/#breadcrumb"},"inLanguage":"pl-PL","potentialAction":[{"@type":"ReadAction","target":["https:\/\/www.electroluxprofessional.com\/pl\/napoje\/dozowniki-napojow-zimnych\/"]}]},{"@type":"BreadcrumbList","@id":"https:\/\/www.electroluxprofessional.com\/pl\/napoje\/dozowniki-napojow-zimnych\/#breadcrumb","itemListElement":[{"@type":"ListItem","position":1,"name":"Strona g\u0142\u00f3wna","item":"https:\/\/www.electroluxprofessional.com\/pl\/"},{"@type":"ListItem","position":2,"name":"Napoje","item":"https:\/\/www.electroluxprofessional.com\/pl\/napoje\/"},{"@type":"ListItem","position":3,"name":"Dozowniki napoj\u00f3w zimnych"}]},{"@type":"WebSite","@id":"https:\/\/www.electroluxprofessional.com\/pl\/#website","url":"https:\/\/www.electroluxprofessional.com\/pl\/","name":"Electrolux Professional Polska","description":"","potentialAction":[{"@type":"SearchAction","target":{"@type":"EntryPoint","urlTemplate":"https:\/\/www.electroluxprofessional.com\/pl\/?src={search_term_string}"},"query-input":"required name=search_term_string"}],"inLanguage":"pl-PL"}]}},"_links":{"self":[{"href":"https:\/\/www.electroluxprofessional.com\/pl\/wp-json\/wp\/v2\/pages\/5744"}],"collection":[{"href":"https:\/\/www.electroluxprofessional.com\/pl\/wp-json\/wp\/v2\/pages"}],"about":[{"href":"https:\/\/www.electroluxprofessional.com\/pl\/wp-json\/wp\/v2\/types\/page"}],"author":[{"embeddable":true,"href":"https:\/\/www.electroluxprofessional.com\/pl\/wp-json\/wp\/v2\/users\/3"}],"replies":[{"embeddable":true,"href":"https:\/\/www.electroluxprofessional.com\/pl\/wp-json\/wp\/v2\/comments?post=5744"}],"version-history":[{"count":3,"href":"https:\/\/www.electroluxprofessional.com\/pl\/wp-json\/wp\/v2\/pages\/5744\/revisions"}],"predecessor-version":[{"id":11620,"href":"https:\/\/www.electroluxprofessional.com\/pl\/wp-json\/wp\/v2\/pages\/5744\/revisions\/11620"}],"up":[{"embeddable":true,"href":"https:\/\/www.electroluxprofessional.com\/pl\/wp-json\/wp\/v2\/pages\/5682"}],"wp:attachment":[{"href":"https:\/\/www.electroluxprofessional.com\/pl\/wp-json\/wp\/v2\/media?parent=5744"}],"curies":[{"name":"wp","href":"https:\/\/api.w.org\/{rel}","templated":true}]}}