{"id":5736,"date":"2019-09-06T10:57:24","date_gmt":"2019-09-06T08:57:24","guid":{"rendered":"https:\/\/www.electroluxprofessional.com\/?page_id=25033"},"modified":"2025-12-17T15:51:07","modified_gmt":"2025-12-17T15:51:07","slug":"ekspresy-kolbowe","status":"publish","type":"page","link":"https:\/\/www.electroluxprofessional.com\/pl\/napoje\/ekspresy-kolbowe\/","title":{"rendered":"Ekspresy kolbowe"},"content":{"rendered":"<p>[vc_row full_width=&#8221;electroluxpro-full-width-no-padding&#8221;][vc_column][elx_image_block background_image=&#8221;5727&#8243; minimum_height=&#8221;350px&#8221;][vc_empty_space][\/vc_column][\/vc_row][vc_row][vc_column][elx_heading font_container=&#8221;h1&#8243; text_color=&#8221;inherit&#8221;]Ekspresy kolbowe[\/elx_heading][vc_empty_space][vc_column_text]<strong>Ekspresy do kawy Electrolux Professional<\/strong> zosta\u0142y zaprojektowane z my\u015bl\u0105 o zapewnieniu pe\u0142nego aromatu. Design i technologia s\u0105 po\u0142\u0105czone, aby dostarczy\u0107 najlepszy ekspres do kawy dla Twojej firmy, niezale\u017cnie od tego, czy jest to ma\u0142a restauracja, czy du\u017ca kawiarnia.[\/vc_column_text][vc_empty_space][\/vc_column][\/vc_row][vc_row][vc_column width=&#8221;1\/2&#8243;][elx_image_block background_image=&#8221;5728&#8243; minimum_height=&#8221;260px&#8221;][\/vc_column][vc_column width=&#8221;1\/2&#8243;][elx_download_block text=&#8221;Katalog produkt\u00f3w<br \/>\nrozwi\u0105zania do napoj\u00f3w&#8221; document_type=&#8221;brochures&#8221; background_color=&#8221;electrolux-blue&#8221; background_image=&#8221;5729&#8243; br_document_number=&#8221;BR-9JE00131&#8243;][elx_button button_text=&#8221;Go to products&#8221; button_style=&#8221;icon&#8221; button_link=&#8221;url:%23products|||&#8221;][vc_empty_space][\/vc_column][\/vc_row][vc_row][vc_column width=&#8221;2\/3&#8243;][vc_empty_space][elx_heading text_color=&#8221;inherit&#8221;]Mocny smak, nieskazitelna wydajno\u015b\u0107[\/elx_heading][vc_column_text]Nasze ekspresy ci\u015bnieniowe, zaprojektowane z my\u015bl\u0105 o <strong>ekspresowej wydajno\u015bci<\/strong> i przystosowuj\u0105ce si\u0119 do r\u00f3\u017cnych system\u00f3w parzenia, zapewniaj\u0105 najlepsze rezultaty w ka\u017cdej fili\u017cance, niezale\u017cnie od tego, czy kawa pochodzi z ziaren lub kapsu\u0142ek.<\/p>\n<p>Electrolux Professional stworzy\u0142 szereg urz\u0105dze\u0144, kt\u00f3re mo\u017cna wybra\u0107 i <strong>skonfigurowa\u0107 zgodnie z w\u0142asnymi potrzebami.<\/strong> Od tradycyjnych do super automatycznych ekspres\u00f3w do kawy espresso,\u00a0 &#8211; zawsze znajdziesz rozwi\u0105zanie, kt\u00f3re najlepiej pasuje do Twojej firmy, z gwarancj\u0105 kawy o najwy\u017cszej jako\u015bci.[\/vc_column_text][\/vc_column][vc_column width=&#8221;1\/3&#8243;][vc_empty_space][vc_empty_space][vc_single_image image=&#8221;5735&#8243; img_size=&#8221;full&#8221;][\/vc_column][\/vc_row][vc_row disable_element=&#8221;yes&#8221; matched_labels=&#8221;&#8221;][vc_column width=&#8221;1\/3&#8243;][vc_empty_space][vc_empty_space][elx_image_block background_image=&#8221;5730&#8243; minimum_height=&#8221;250px&#8221;][\/vc_column][vc_column width=&#8221;2\/3&#8243;][vc_empty_space][elx_heading text_color=&#8221;inherit&#8221;]Zautomatyzuj proces parzenia kawy za pomoc\u0105 ekspresu do kawy TANGO[\/elx_heading][vc_column_text]Super automatyczny ekspres do kawy TANGO przenosi ekspres kawowy na wy\u017cszy poziom. Pierwszy w bran\u017cy <strong>DUO<\/strong> jest w stanie zrobi\u0107<strong> 4napoje jednocze\u015bnie<\/strong>, oferuj\u0105c niezr\u00f3wnan\u0105 szybko\u015b\u0107, jednocze\u015bnie zapewniaj\u0105c ekstrakcj\u0119 wysokiej jako\u015bci.<\/p>\n<p>Technologia TANGO obejmuje r\u00f3wnie\u017c now\u0105 lod\u00f3wk\u0119 TANGO STP, idealne rozwi\u0105zanie do przechowywania mleka, dope\u0142niaj\u0105ca menu \u00a0Twoich napoj\u00f3w.[\/vc_column_text][\/vc_column][\/vc_row][vc_row disable_element=&#8221;yes&#8221;][vc_column width=&#8221;2\/3&#8243;][vc_empty_space][elx_heading text_color=&#8221;inherit&#8221;]Equipment with the heart of a barista to complement your business.[\/elx_heading][vc_column_text]<strong>Espresso equipment designed for professional use and a sensible budget<\/strong><\/p>\n<p>Choose a single-group, two-group, or threegroup machine. Each model features <strong>heavy duty components<\/strong> and <strong>welded construction<\/strong>, a direct mounted boiler group head for <strong>thermal stability<\/strong> and<strong> reliable extraction<\/strong>, easy access to components for uncomplicated serviceability, and unlimited steam.<\/p>\n<p>Discover our new <strong>Classic Series Espresso<\/strong> machine.[\/vc_column_text][\/vc_column][vc_column width=&#8221;1\/3&#8243;][vc_empty_space][vc_empty_space][elx_image_block background_image=&#8221;5731&#8243; minimum_height=&#8221;250px&#8221;][\/vc_column][\/vc_row][vc_row][vc_column width=&#8221;1\/3&#8243;][vc_empty_space][elx_image_block background_image=&#8221;5732&#8243; minimum_height=&#8221;350px&#8221;][\/vc_column][vc_column width=&#8221;1\/3&#8243;][vc_empty_space][elx_image_block background_image=&#8221;5733&#8243; minimum_height=&#8221;350px&#8221;][\/vc_column][vc_column width=&#8221;1\/3&#8243;][vc_empty_space][elx_image_block background_image=&#8221;5734&#8243; minimum_height=&#8221;350px&#8221;][\/vc_column][\/vc_row][vc_row el_id=&#8221;products&#8221;][vc_column][vc_empty_space][\/vc_column][\/vc_row][vc_row][vc_column][elx_o2000_contact_us s=&#8221;Request of information about Espresso Coffee Machines&#8221; r=&#8221;I would like to find out more about espresso coffee machines. Please get in touch with me. Thanks.&#8221;][\/vc_column][\/vc_row][vc_row][vc_column width=&#8221;1\/3&#8243;][elx_maylike_box id_box=&#8221;1195&#8243;][\/vc_column][vc_column width=&#8221;1\/3&#8243;][elx_maylike_box id_box=&#8221;1182&#8243;][\/vc_column][vc_column width=&#8221;1\/3&#8243;][elx_maylike_box id_box=&#8221;1215&#8243;][\/vc_column][\/vc_row]<\/p>\n","protected":false},"excerpt":{"rendered":"<p>[vc_row full_width=&#8221;electroluxpro-full-width-no-padding&#8221;][vc_column][elx_image_block background_image=&#8221;5727&#8243; minimum_height=&#8221;350px&#8221;][vc_empty_space][\/vc_column][\/vc_row][vc_row][vc_column][elx_heading font_container=&#8221;h1&#8243; text_color=&#8221;inherit&#8221;]Ekspresy kolbowe[\/elx_heading][vc_empty_space][vc_column_text]Ekspresy do kawy Electrolux Professional zosta\u0142y zaprojektowane z my\u015bl\u0105 o zapewnieniu pe\u0142nego aromatu. Design i technologia s\u0105 po\u0142\u0105czone, aby dostarczy\u0107 najlepszy ekspres do kawy dla Twojej firmy, niezale\u017cnie od tego, czy jest to ma\u0142a restauracja, czy du\u017ca kawiarnia.[\/vc_column_text][vc_empty_space][\/vc_column][\/vc_row][vc_row][vc_column width=&#8221;1\/2&#8243;][elx_image_block background_image=&#8221;5728&#8243; minimum_height=&#8221;260px&#8221;][\/vc_column][vc_column width=&#8221;1\/2&#8243;][elx_download_block text=&#8221;Katalog produkt\u00f3w rozwi\u0105zania do napoj\u00f3w&#8221; document_type=&#8221;brochures&#8221; background_color=&#8221;electrolux-blue&#8221; [&hellip;]<\/p>\n","protected":false},"author":3,"featured_media":5726,"parent":5682,"menu_order":0,"comment_status":"closed","ping_status":"closed","template":"","meta":{"footnotes":""},"class_list":["post-5736","page","type-page","status-publish","has-post-thumbnail","hentry"],"acf":[],"yoast_head":"<!-- This site is optimized with the Yoast SEO plugin v23.3 - https:\/\/yoast.com\/wordpress\/plugins\/seo\/ -->\n<title>Ekspresy kolbowe - Electrolux Professional<\/title>\n<meta name=\"description\" content=\"Ekspresy do kawy Electrolux Professional zosta\u0142y zaprojektowane z my\u015bl\u0105 o zapewnieniu pe\u0142nego aromatu. Design i technologia s\u0105 po\u0142\u0105czone, aby dostarczy\u0107 najlepszy ekspres do kawy dla Twojej firmy, niezale\u017cnie od tego, czy jest to ma\u0142a restauracja, czy du\u017ca kawiarnia.\" \/>\n<meta name=\"robots\" content=\"index, follow, max-snippet:-1, max-image-preview:large, max-video-preview:-1\" \/>\n<link rel=\"canonical\" href=\"https:\/\/www.electroluxprofessional.com\/pl\/napoje\/ekspresy-kolbowe\/\" \/>\n<meta property=\"og:locale\" content=\"pl_PL\" \/>\n<meta property=\"og:type\" content=\"article\" \/>\n<meta property=\"og:title\" content=\"Ekspresy kolbowe - Electrolux Professional\" \/>\n<meta property=\"og:description\" content=\"Ekspresy do kawy Electrolux Professional zosta\u0142y zaprojektowane z my\u015bl\u0105 o zapewnieniu pe\u0142nego aromatu. Design i technologia s\u0105 po\u0142\u0105czone, aby dostarczy\u0107 najlepszy ekspres do kawy dla Twojej firmy, niezale\u017cnie od tego, czy jest to ma\u0142a restauracja, czy du\u017ca kawiarnia.\" \/>\n<meta property=\"og:url\" content=\"https:\/\/www.electroluxprofessional.com\/pl\/napoje\/ekspresy-kolbowe\/\" \/>\n<meta property=\"og:site_name\" content=\"Electrolux Professional Polska\" \/>\n<meta property=\"article:modified_time\" content=\"2025-12-17T15:51:07+00:00\" \/>\n<meta property=\"og:image\" content=\"https:\/\/www.electroluxprofessional.com\/pl\/wp-content\/uploads\/2019\/09\/espresso-coffee-machines-1.jpg\" \/>\n\t<meta property=\"og:image:width\" content=\"878\" \/>\n\t<meta property=\"og:image:height\" content=\"586\" \/>\n\t<meta property=\"og:image:type\" content=\"image\/jpeg\" \/>\n<meta name=\"twitter:card\" content=\"summary_large_image\" \/>\n<meta name=\"twitter:label1\" content=\"Szacowany czas czytania\" \/>\n\t<meta name=\"twitter:data1\" content=\"3 minuty\" \/>\n<script type=\"application\/ld+json\" class=\"yoast-schema-graph\">{\"@context\":\"https:\/\/schema.org\",\"@graph\":[{\"@type\":\"WebPage\",\"@id\":\"https:\/\/www.electroluxprofessional.com\/pl\/napoje\/ekspresy-kolbowe\/\",\"url\":\"https:\/\/www.electroluxprofessional.com\/pl\/napoje\/ekspresy-kolbowe\/\",\"name\":\"Ekspresy kolbowe - Electrolux Professional\",\"isPartOf\":{\"@id\":\"https:\/\/www.electroluxprofessional.com\/pl\/#website\"},\"primaryImageOfPage\":{\"@id\":\"https:\/\/www.electroluxprofessional.com\/pl\/napoje\/ekspresy-kolbowe\/#primaryimage\"},\"image\":{\"@id\":\"https:\/\/www.electroluxprofessional.com\/pl\/napoje\/ekspresy-kolbowe\/#primaryimage\"},\"thumbnailUrl\":\"https:\/\/www.electroluxprofessional.com\/pl\/wp-content\/uploads\/2019\/09\/espresso-coffee-machines-1.jpg\",\"datePublished\":\"2019-09-06T08:57:24+00:00\",\"dateModified\":\"2025-12-17T15:51:07+00:00\",\"description\":\"Ekspresy do kawy Electrolux Professional zosta\u0142y zaprojektowane z my\u015bl\u0105 o zapewnieniu pe\u0142nego aromatu. Design i technologia s\u0105 po\u0142\u0105czone, aby dostarczy\u0107 najlepszy ekspres do kawy dla Twojej firmy, niezale\u017cnie od tego, czy jest to ma\u0142a restauracja, czy du\u017ca kawiarnia.\",\"breadcrumb\":{\"@id\":\"https:\/\/www.electroluxprofessional.com\/pl\/napoje\/ekspresy-kolbowe\/#breadcrumb\"},\"inLanguage\":\"pl-PL\",\"potentialAction\":[{\"@type\":\"ReadAction\",\"target\":[\"https:\/\/www.electroluxprofessional.com\/pl\/napoje\/ekspresy-kolbowe\/\"]}]},{\"@type\":\"ImageObject\",\"inLanguage\":\"pl-PL\",\"@id\":\"https:\/\/www.electroluxprofessional.com\/pl\/napoje\/ekspresy-kolbowe\/#primaryimage\",\"url\":\"https:\/\/www.electroluxprofessional.com\/pl\/wp-content\/uploads\/2019\/09\/espresso-coffee-machines-1.jpg\",\"contentUrl\":\"https:\/\/www.electroluxprofessional.com\/pl\/wp-content\/uploads\/2019\/09\/espresso-coffee-machines-1.jpg\",\"width\":878,\"height\":586,\"caption\":\"Espresso coffee machines\"},{\"@type\":\"BreadcrumbList\",\"@id\":\"https:\/\/www.electroluxprofessional.com\/pl\/napoje\/ekspresy-kolbowe\/#breadcrumb\",\"itemListElement\":[{\"@type\":\"ListItem\",\"position\":1,\"name\":\"Strona g\u0142\u00f3wna\",\"item\":\"https:\/\/www.electroluxprofessional.com\/pl\/\"},{\"@type\":\"ListItem\",\"position\":2,\"name\":\"Napoje\",\"item\":\"https:\/\/www.electroluxprofessional.com\/pl\/napoje\/\"},{\"@type\":\"ListItem\",\"position\":3,\"name\":\"Ekspresy kolbowe\"}]},{\"@type\":\"WebSite\",\"@id\":\"https:\/\/www.electroluxprofessional.com\/pl\/#website\",\"url\":\"https:\/\/www.electroluxprofessional.com\/pl\/\",\"name\":\"Electrolux Professional Polska\",\"description\":\"\",\"potentialAction\":[{\"@type\":\"SearchAction\",\"target\":{\"@type\":\"EntryPoint\",\"urlTemplate\":\"https:\/\/www.electroluxprofessional.com\/pl\/?src={search_term_string}\"},\"query-input\":\"required name=search_term_string\"}],\"inLanguage\":\"pl-PL\"}]}<\/script>\n<!-- \/ Yoast SEO plugin. -->","yoast_head_json":{"title":"Ekspresy kolbowe - Electrolux Professional","description":"Ekspresy do kawy Electrolux Professional zosta\u0142y zaprojektowane z my\u015bl\u0105 o zapewnieniu pe\u0142nego aromatu. Design i technologia s\u0105 po\u0142\u0105czone, aby dostarczy\u0107 najlepszy ekspres do kawy dla Twojej firmy, niezale\u017cnie od tego, czy jest to ma\u0142a restauracja, czy du\u017ca kawiarnia.","robots":{"index":"index","follow":"follow","max-snippet":"max-snippet:-1","max-image-preview":"max-image-preview:large","max-video-preview":"max-video-preview:-1"},"canonical":"https:\/\/www.electroluxprofessional.com\/pl\/napoje\/ekspresy-kolbowe\/","og_locale":"pl_PL","og_type":"article","og_title":"Ekspresy kolbowe - Electrolux Professional","og_description":"Ekspresy do kawy Electrolux Professional zosta\u0142y zaprojektowane z my\u015bl\u0105 o zapewnieniu pe\u0142nego aromatu. Design i technologia s\u0105 po\u0142\u0105czone, aby dostarczy\u0107 najlepszy ekspres do kawy dla Twojej firmy, niezale\u017cnie od tego, czy jest to ma\u0142a restauracja, czy du\u017ca kawiarnia.","og_url":"https:\/\/www.electroluxprofessional.com\/pl\/napoje\/ekspresy-kolbowe\/","og_site_name":"Electrolux Professional Polska","article_modified_time":"2025-12-17T15:51:07+00:00","og_image":[{"width":878,"height":586,"url":"https:\/\/www.electroluxprofessional.com\/pl\/wp-content\/uploads\/2019\/09\/espresso-coffee-machines-1.jpg","type":"image\/jpeg"}],"twitter_card":"summary_large_image","twitter_misc":{"Szacowany czas czytania":"3 minuty"},"schema":{"@context":"https:\/\/schema.org","@graph":[{"@type":"WebPage","@id":"https:\/\/www.electroluxprofessional.com\/pl\/napoje\/ekspresy-kolbowe\/","url":"https:\/\/www.electroluxprofessional.com\/pl\/napoje\/ekspresy-kolbowe\/","name":"Ekspresy kolbowe - Electrolux Professional","isPartOf":{"@id":"https:\/\/www.electroluxprofessional.com\/pl\/#website"},"primaryImageOfPage":{"@id":"https:\/\/www.electroluxprofessional.com\/pl\/napoje\/ekspresy-kolbowe\/#primaryimage"},"image":{"@id":"https:\/\/www.electroluxprofessional.com\/pl\/napoje\/ekspresy-kolbowe\/#primaryimage"},"thumbnailUrl":"https:\/\/www.electroluxprofessional.com\/pl\/wp-content\/uploads\/2019\/09\/espresso-coffee-machines-1.jpg","datePublished":"2019-09-06T08:57:24+00:00","dateModified":"2025-12-17T15:51:07+00:00","description":"Ekspresy do kawy Electrolux Professional zosta\u0142y zaprojektowane z my\u015bl\u0105 o zapewnieniu pe\u0142nego aromatu. Design i technologia s\u0105 po\u0142\u0105czone, aby dostarczy\u0107 najlepszy ekspres do kawy dla Twojej firmy, niezale\u017cnie od tego, czy jest to ma\u0142a restauracja, czy du\u017ca kawiarnia.","breadcrumb":{"@id":"https:\/\/www.electroluxprofessional.com\/pl\/napoje\/ekspresy-kolbowe\/#breadcrumb"},"inLanguage":"pl-PL","potentialAction":[{"@type":"ReadAction","target":["https:\/\/www.electroluxprofessional.com\/pl\/napoje\/ekspresy-kolbowe\/"]}]},{"@type":"ImageObject","inLanguage":"pl-PL","@id":"https:\/\/www.electroluxprofessional.com\/pl\/napoje\/ekspresy-kolbowe\/#primaryimage","url":"https:\/\/www.electroluxprofessional.com\/pl\/wp-content\/uploads\/2019\/09\/espresso-coffee-machines-1.jpg","contentUrl":"https:\/\/www.electroluxprofessional.com\/pl\/wp-content\/uploads\/2019\/09\/espresso-coffee-machines-1.jpg","width":878,"height":586,"caption":"Espresso coffee machines"},{"@type":"BreadcrumbList","@id":"https:\/\/www.electroluxprofessional.com\/pl\/napoje\/ekspresy-kolbowe\/#breadcrumb","itemListElement":[{"@type":"ListItem","position":1,"name":"Strona g\u0142\u00f3wna","item":"https:\/\/www.electroluxprofessional.com\/pl\/"},{"@type":"ListItem","position":2,"name":"Napoje","item":"https:\/\/www.electroluxprofessional.com\/pl\/napoje\/"},{"@type":"ListItem","position":3,"name":"Ekspresy kolbowe"}]},{"@type":"WebSite","@id":"https:\/\/www.electroluxprofessional.com\/pl\/#website","url":"https:\/\/www.electroluxprofessional.com\/pl\/","name":"Electrolux Professional Polska","description":"","potentialAction":[{"@type":"SearchAction","target":{"@type":"EntryPoint","urlTemplate":"https:\/\/www.electroluxprofessional.com\/pl\/?src={search_term_string}"},"query-input":"required name=search_term_string"}],"inLanguage":"pl-PL"}]}},"_links":{"self":[{"href":"https:\/\/www.electroluxprofessional.com\/pl\/wp-json\/wp\/v2\/pages\/5736"}],"collection":[{"href":"https:\/\/www.electroluxprofessional.com\/pl\/wp-json\/wp\/v2\/pages"}],"about":[{"href":"https:\/\/www.electroluxprofessional.com\/pl\/wp-json\/wp\/v2\/types\/page"}],"author":[{"embeddable":true,"href":"https:\/\/www.electroluxprofessional.com\/pl\/wp-json\/wp\/v2\/users\/3"}],"replies":[{"embeddable":true,"href":"https:\/\/www.electroluxprofessional.com\/pl\/wp-json\/wp\/v2\/comments?post=5736"}],"version-history":[{"count":7,"href":"https:\/\/www.electroluxprofessional.com\/pl\/wp-json\/wp\/v2\/pages\/5736\/revisions"}],"predecessor-version":[{"id":12077,"href":"https:\/\/www.electroluxprofessional.com\/pl\/wp-json\/wp\/v2\/pages\/5736\/revisions\/12077"}],"up":[{"embeddable":true,"href":"https:\/\/www.electroluxprofessional.com\/pl\/wp-json\/wp\/v2\/pages\/5682"}],"wp:featuredmedia":[{"embeddable":true,"href":"https:\/\/www.electroluxprofessional.com\/pl\/wp-json\/wp\/v2\/media\/5726"}],"wp:attachment":[{"href":"https:\/\/www.electroluxprofessional.com\/pl\/wp-json\/wp\/v2\/media?parent=5736"}],"curies":[{"name":"wp","href":"https:\/\/api.w.org\/{rel}","templated":true}]}}