{"id":5722,"date":"2019-03-28T17:06:27","date_gmt":"2019-03-28T16:06:27","guid":{"rendered":"https:\/\/www.electroluxprofessional.com\/?page_id=22169"},"modified":"2025-11-05T15:21:49","modified_gmt":"2025-11-05T15:21:49","slug":"automaty-goracych-napojow","status":"publish","type":"page","link":"https:\/\/www.electroluxprofessional.com\/pl\/napoje\/automaty-goracych-napojow\/","title":{"rendered":"Automaty do gor\u0105cych napoj\u00f3w"},"content":{"rendered":"<p>[vc_row full_width=&#8221;electroluxpro-full-width-no-padding&#8221;][vc_column][elx_image_block background_image=&#8221;5715&#8243; minimum_height=&#8221;350px&#8221;][vc_empty_space][\/vc_column][\/vc_row][vc_row][vc_column width=&#8221;2\/3&#8243;][elx_heading font_container=&#8221;h1&#8243; font_size=&#8221;h3&#8243; text_color=&#8221;inherit&#8221;]Automaty do gor\u0105cych napoj\u00f3w[\/elx_heading][vc_column_text]Gor\u0105cy nap\u00f3j, kt\u00f3ry zaspokoi i zainspiruje, wczesnym rankiem, p\u00f3\u017anym popo\u0142udniem lub w dowolnym momencie.[\/vc_column_text][\/vc_column][vc_column width=&#8221;1\/3&#8243;][elx_heading text_color=&#8221;inherit&#8221;]Pobierz katalog[\/elx_heading][elx_download_block text=&#8221;Katalog produkt\u00f3w<br \/>\nrozwi\u0105zania do napoj\u00f3w&#8221; link=&#8221;http:\/\/files.professional.electrolux.com\/docs\/?n=BR-9JE00131&amp;b=5&amp;l=1&#8243; background_color=&#8221;orange&#8221; background_image=&#8221;5716&#8243;][\/vc_column][\/vc_row][vc_row][vc_column width=&#8221;2\/3&#8243;][elx_heading font_size=&#8221;h3&#8243; text_color=&#8221;electrolux-blue&#8221; text_align=&#8221;text-left&#8221;]Automaty do napoj\u00f3w<br \/>\nw proszku[\/elx_heading][elx_heading font_container=&#8221;h3&#8243; font_size=&#8221;h5&#8243; text_color=&#8221;electrolux-blue&#8221; text_align=&#8221;text-left&#8221;]Wysokiej jako\u015bci gor\u0105ce napoje na wyci\u0105gni\u0119cie r\u0119ki[\/elx_heading][vc_column_text]Praktyczne, \u0142atwe w u\u017cyciu rozwi\u0105zanie do napoj\u00f3w rozpuszczalnych.<br \/>\nPrzyci\u0105gaj\u0105cy wzrok, pod\u015bwietlany panel przedni zwi\u0119ksza widoczno\u015b\u0107 wyboru napoj\u00f3w.<br \/>\nAutomat pasuje do ka\u017cdego \u015brodowiska i stanowi warto\u015b\u0107 dodan\u0105 dla Twojej firmy.[\/vc_column_text][\/vc_column][vc_column width=&#8221;1\/3&#8243;][vc_single_image image=&#8221;5720&#8243; img_size=&#8221;full&#8221; alignment=&#8221;right&#8221;][\/vc_column][\/vc_row][vc_row][vc_column][vc_empty_space height=&#8221;42px&#8221;][\/vc_column][\/vc_row][vc_row full_width=&#8221;electroluxpro-full-width-no-padding&#8221; css=&#8221;.vc_custom_1553177212648{background-image: url(https:\/\/www.electroluxprofessional.com\/pl\/wp-content\/uploads\/2018\/01\/hot-beverage-dispensers-coffee-cups-2000.jpg?id=14636) !important;background-position: center !important;background-repeat: no-repeat !important;background-size: cover !important;}&#8221;][vc_column][vc_empty_space height=&#8221;300px&#8221;][\/vc_column][\/vc_row][vc_row][vc_column][vc_empty_space height=&#8221;60px&#8221;][\/vc_column][\/vc_row][vc_row][vc_column width=&#8221;3\/4&#8243;][elx_heading font_size=&#8221;h3&#8243; text_color=&#8221;inherit&#8221;]Automat do gor\u0105cej czekolady[\/elx_heading][elx_heading font_container=&#8221;h3&#8243; font_size=&#8221;h5&#8243; text_color=&#8221;inherit&#8221;]Rozpocznij Swoje do\u015bwiadczenie z gor\u0105c\u0105 czekolad\u0105[\/elx_heading][vc_column_text]<strong>Lekkie, kompaktowe i funkcjonalne<\/strong>, nasze dozowniki s\u0105 \u0142atwe w obs\u0142udze i czyszczeniu.<br \/>\nWypr\u00f3buj nasz\u0105 gor\u0105c\u0105 czekolad\u0119.[\/vc_column_text][vc_empty_space][\/vc_column][vc_column width=&#8221;1\/4&#8243;][vc_single_image image=&#8221;5721&#8243; img_size=&#8221;full&#8221;][\/vc_column][\/vc_row][vc_row][vc_column][vc_empty_space height=&#8221;60px&#8221;][\/vc_column][\/vc_row][vc_row][vc_column width=&#8221;1\/3&#8243;][elx_image_block background_image=&#8221;5717&#8243; minimum_height=&#8221;360px&#8221;][\/vc_column][vc_column width=&#8221;1\/3&#8243;][elx_image_block background_image=&#8221;5718&#8243; minimum_height=&#8221;360px&#8221;][\/vc_column][vc_column width=&#8221;1\/3&#8243;][elx_image_block background_image=&#8221;5719&#8243; minimum_height=&#8221;360px&#8221;][\/vc_column][\/vc_row][vc_row][vc_column][vc_empty_space height=&#8221;50px&#8221;]<div class=\"com21-product-filter-container 85\"><div class=\"\"><h4 class=\"text-center\">4 Produkty\n<\/h4><hr><\/div>\n                    <!-- PROD LIST -->\n                    <div class=\"product-list container\">\n                        <!--Hidden parameters-->\n                        <input type=\"hidden\" name=\"navigation_level_1\" id=\"navigation_level_1\" value=\"B\">\n                        <input type=\"hidden\" name=\"navigation_level_2\" id=\"navigation_level_2\" value=\"N\">\n                        <input type=\"hidden\" name=\"navigation_level_3\" id=\"navigation_level_3\" value=\"A\">\n                        <input type=\"hidden\" name=\"navigation_level_4\" id=\"navigation_level_4\" value=\"\">\n                        <input type=\"hidden\" name=\"filter_id\" id=\"filter_id\" value=\"85\">\n                        <input type=\"hidden\" name=\"navigation_language\" id=\"navigation_language\" value=\"5027\">\n                        <input type=\"hidden\" name=\"navigation_language_code\" id=\"navigation_language\" value=\"5027\">\n                        <input type=\"hidden\" name=\"page_id\" id=\"page_id\" value=\"5722\">\n                        <!--END Hidden parameters--><ul class=\"row\" ><li data-product-paged=\"\" class=\"anchor_tags_prod col-sm-6 col-md-3 wow fadeIn single-product-list 602178\"><div class=\"product-list-item\"><div class=\"product-content\"><a href=\"https:\/\/www.electroluxprofessional.com\/pl\/pd\/dynamiczna-obr\u00f3bka\/pakowarki-pr\u00f3\u017cniowe\/pakowarki-pr\u00f3\u017cniowe-i-zgrzewarki-r\u0119czne\/sto\u0142owe-pakowarki-pr\u00f3\u017cniowe\/pakowarki-pr\u00f3\u017cniowe-sto\u0142owa-pakowarka-pr\u00f3\u017cniowa-8-m3-godz.-310-mm-602178\/\" target=\"_blank\" ><figure><img decoding=\"async\" src=\"https:\/\/tools.electroluxprofessional.com\/Mirror\/Doc\/PH_255x255%2FPH_602178_1_2_602178.jpg\" alt=\"Pakowarki pr\u00f3\u017cnioweSto\u0142owa pakowarka pr\u00f3\u017cniowa, 8 m3\/godz., 310 mm\"\/><\/figure><div class=\"product-internal\"><div class=\"product-liv\">Sto\u0142owe pakowarki pr\u00f3\u017cniowe<\/div><h3 class=\"product-title\">Pakowarki pr\u00f3\u017cniowe<br>Sto\u0142owa pakowarka pr\u00f3\u017cniowa, 8 m3\/godz., 310 mm<\/h3><div class=\"product-icons\"><div class=\"product-green\"><\/div><div class=\"product-cod\"><div class=\"hidden type_code\">0<\/div>COD <span class=\"product-code\" >602178<\/span><\/div><div class=\"product-fast\"><\/div>\n<\/div><div class=\"product-description-fast-green\"><\/div>\n<\/div><div class=\"product-actions\"><a href=\"https:\/\/www.electroluxprofessional.com\/pl\/pd\/dynamiczna-obr\u00f3bka\/pakowarki-pr\u00f3\u017cniowe\/pakowarki-pr\u00f3\u017cniowe-i-zgrzewarki-r\u0119czne\/sto\u0142owe-pakowarki-pr\u00f3\u017cniowe\/pakowarki-pr\u00f3\u017cniowe-sto\u0142owa-pakowarka-pr\u00f3\u017cniowa-8-m3-godz.-310-mm-602178\/\" class=\"btn btn-primary-blue\">Zobacz wi\u0119cej\n<\/a><span class=\"compare-product\"><span class=\"compare-checkbox\"><span class=\"compare-checkbox-shape\"><input type=\"checkbox\" class=\"product-comparer\" id=\"prod_602178\"\/><label class=\"btn\" for=\"prod_602178\"><span class=\"label-bg\"><\/span>Por\u00f3wnaj\n<\/label><\/span><\/span><\/span><\/div><\/a><\/div><\/div><\/li><li data-product-paged=\"\" class=\"anchor_tags_prod col-sm-6 col-md-3 wow fadeIn single-product-list 602179\"><div class=\"product-list-item\"><div class=\"product-content\"><a href=\"https:\/\/www.electroluxprofessional.com\/pl\/pd\/dynamiczna-obr\u00f3bka\/pakowarki-pr\u00f3\u017cniowe\/pakowarki-pr\u00f3\u017cniowe-i-zgrzewarki-r\u0119czne\/sto\u0142owe-pakowarki-pr\u00f3\u017cniowe\/pakowarki-pr\u00f3\u017cniowe-sto\u0142owa-pakowarka-pr\u00f3\u017cniowa-12-m3-godz.-310-mm-602179\/\" target=\"_blank\" ><figure><img decoding=\"async\" src=\"https:\/\/tools.electroluxprofessional.com\/Mirror\/Doc\/PH_255x255%2FPH_602179_1_2_602179.jpg\" alt=\"Pakowarki pr\u00f3\u017cnioweSto\u0142owa pakowarka pr\u00f3\u017cniowa, 12 m3\/godz., 310 mm\"\/><\/figure><div class=\"product-internal\"><div class=\"product-liv\">Sto\u0142owe pakowarki pr\u00f3\u017cniowe<\/div><h3 class=\"product-title\">Pakowarki pr\u00f3\u017cniowe<br>Sto\u0142owa pakowarka pr\u00f3\u017cniowa, 12 m3\/godz., 310 mm<\/h3><div class=\"product-icons\"><div class=\"product-green\"><\/div><div class=\"product-cod\"><div class=\"hidden type_code\">0<\/div>COD <span class=\"product-code\" >602179<\/span><\/div><div class=\"product-fast\"><\/div>\n<\/div><div class=\"product-description-fast-green\"><\/div>\n<\/div><div class=\"product-actions\"><a href=\"https:\/\/www.electroluxprofessional.com\/pl\/pd\/dynamiczna-obr\u00f3bka\/pakowarki-pr\u00f3\u017cniowe\/pakowarki-pr\u00f3\u017cniowe-i-zgrzewarki-r\u0119czne\/sto\u0142owe-pakowarki-pr\u00f3\u017cniowe\/pakowarki-pr\u00f3\u017cniowe-sto\u0142owa-pakowarka-pr\u00f3\u017cniowa-12-m3-godz.-310-mm-602179\/\" class=\"btn btn-primary-blue\">Zobacz wi\u0119cej\n<\/a><span class=\"compare-product\"><span class=\"compare-checkbox\"><span class=\"compare-checkbox-shape\"><input type=\"checkbox\" class=\"product-comparer\" id=\"prod_602179\"\/><label class=\"btn\" for=\"prod_602179\"><span class=\"label-bg\"><\/span>Por\u00f3wnaj\n<\/label><\/span><\/span><\/span><\/div><\/a><\/div><\/div><\/li><li data-product-paged=\"\" class=\"anchor_tags_prod col-sm-6 col-md-3 wow fadeIn single-product-list 602180\"><div class=\"product-list-item\"><div class=\"product-content\"><a href=\"https:\/\/www.electroluxprofessional.com\/pl\/pd\/dynamiczna-obr\u00f3bka\/pakowarki-pr\u00f3\u017cniowe\/pakowarki-pr\u00f3\u017cniowe-i-zgrzewarki-r\u0119czne\/sto\u0142owe-pakowarki-pr\u00f3\u017cniowe\/pakowarki-pr\u00f3\u017cniowe-sto\u0142owa-pakowarka-pr\u00f3\u017cniowa-16-m3-godz.-410-mm-602180\/\" target=\"_blank\" ><figure><img decoding=\"async\" src=\"https:\/\/tools.electroluxprofessional.com\/Mirror\/Doc\/PH_255x255%2FPH_602180_1_1_602180.jpg\" alt=\"Pakowarki pr\u00f3\u017cnioweSto\u0142owa pakowarka pr\u00f3\u017cniowa, 16 m3\/godz., 410 mm\"\/><\/figure><div class=\"product-internal\"><div class=\"product-liv\">Sto\u0142owe pakowarki pr\u00f3\u017cniowe<\/div><h3 class=\"product-title\">Pakowarki pr\u00f3\u017cniowe<br>Sto\u0142owa pakowarka pr\u00f3\u017cniowa, 16 m3\/godz., 410 mm<\/h3><div class=\"product-icons\"><div class=\"product-green\"><\/div><div class=\"product-cod\"><div class=\"hidden type_code\">0<\/div>COD <span class=\"product-code\" >602180<\/span><\/div><div class=\"product-fast\"><\/div>\n<\/div><div class=\"product-description-fast-green\"><\/div>\n<\/div><div class=\"product-actions\"><a href=\"https:\/\/www.electroluxprofessional.com\/pl\/pd\/dynamiczna-obr\u00f3bka\/pakowarki-pr\u00f3\u017cniowe\/pakowarki-pr\u00f3\u017cniowe-i-zgrzewarki-r\u0119czne\/sto\u0142owe-pakowarki-pr\u00f3\u017cniowe\/pakowarki-pr\u00f3\u017cniowe-sto\u0142owa-pakowarka-pr\u00f3\u017cniowa-16-m3-godz.-410-mm-602180\/\" class=\"btn btn-primary-blue\">Zobacz wi\u0119cej\n<\/a><span class=\"compare-product\"><span class=\"compare-checkbox\"><span class=\"compare-checkbox-shape\"><input type=\"checkbox\" class=\"product-comparer\" id=\"prod_602180\"\/><label class=\"btn\" for=\"prod_602180\"><span class=\"label-bg\"><\/span>Por\u00f3wnaj\n<\/label><\/span><\/span><\/span><\/div><\/a><\/div><\/div><\/li><li data-product-paged=\"\" class=\"anchor_tags_prod col-sm-6 col-md-3 wow fadeIn single-product-list 602181\"><div class=\"product-list-item\"><div class=\"product-content\"><a href=\"https:\/\/www.electroluxprofessional.com\/pl\/pd\/dynamiczna-obr\u00f3bka\/pakowarki-pr\u00f3\u017cniowe\/pakowarki-pr\u00f3\u017cniowe-i-zgrzewarki-r\u0119czne\/sto\u0142owe-pakowarki-pr\u00f3\u017cniowe\/pakowarki-pr\u00f3\u017cniowe-sto\u0142owa-pakowarka-pr\u00f3\u017cniowa-20-m3-godz.-410-mm-602181\/\" target=\"_blank\" ><figure><img decoding=\"async\" src=\"https:\/\/tools.electroluxprofessional.com\/Mirror\/Doc\/PH_255x255%2FPH_602181_1_1_602181.jpg\" alt=\"Pakowarki pr\u00f3\u017cnioweSto\u0142owa pakowarka pr\u00f3\u017cniowa, 20 m3\/godz., 410 mm\"\/><\/figure><div class=\"product-internal\"><div class=\"product-liv\">Sto\u0142owe pakowarki pr\u00f3\u017cniowe<\/div><h3 class=\"product-title\">Pakowarki pr\u00f3\u017cniowe<br>Sto\u0142owa pakowarka pr\u00f3\u017cniowa, 20 m3\/godz., 410 mm<\/h3><div class=\"product-icons\"><div class=\"product-green\"><\/div><div class=\"product-cod\"><div class=\"hidden type_code\">0<\/div>COD <span class=\"product-code\" >602181<\/span><\/div><div class=\"product-fast\"><\/div>\n<\/div><div class=\"product-description-fast-green\"><\/div>\n<\/div><div class=\"product-actions\"><a href=\"https:\/\/www.electroluxprofessional.com\/pl\/pd\/dynamiczna-obr\u00f3bka\/pakowarki-pr\u00f3\u017cniowe\/pakowarki-pr\u00f3\u017cniowe-i-zgrzewarki-r\u0119czne\/sto\u0142owe-pakowarki-pr\u00f3\u017cniowe\/pakowarki-pr\u00f3\u017cniowe-sto\u0142owa-pakowarka-pr\u00f3\u017cniowa-20-m3-godz.-410-mm-602181\/\" class=\"btn btn-primary-blue\">Zobacz wi\u0119cej\n<\/a><span class=\"compare-product\"><span class=\"compare-checkbox\"><span class=\"compare-checkbox-shape\"><input type=\"checkbox\" class=\"product-comparer\" id=\"prod_602181\"\/><label class=\"btn\" for=\"prod_602181\"><span class=\"label-bg\"><\/span>Por\u00f3wnaj\n<\/label><\/span><\/span><\/span><\/div><\/a><\/div><\/div><\/li>\n                        <\/ul>\n                        <div class=\"text-center more-products\">\n                        <\/div>\n                    <\/div>\n                    <!-- END PRODUCT LIST -->\n                    <\/div>\n                    <!-- END PRODUCT LIST -->[\/vc_column][\/vc_row][vc_row css=&#8221;.vc_custom_1516904946877{border-top-width: 1px !important;background-color: #ffffff !important;border-top-color: #eeeeee !important;border-top-style: solid !important;}&#8221;][vc_column reveal_effect=&#8221;&#8221;][vc_empty_space height=&#8221;80px&#8221;][elx_heading font_size=&#8221;h3&#8243; text_color=&#8221;inherit&#8221; text_align=&#8221;text-left&#8221;]Dowiedz si\u0119 wi\u0119cej o naszych automatach do gor\u0105cych napoj\u00f3w[\/elx_heading][elx_o2000_contact_us r=&#8221;I&#8217;d like to find out more about Hot beverage dispensers. Please get in touch with me. Thanks.&#8221; s=&#8221;Request of information about Hot beverage dispensers&#8221; l=&#8221;en&#8221;][\/vc_column][\/vc_row][vc_row][vc_column][vc_empty_space height=&#8221;100px&#8221;][elx_heading font_size=&#8221;h3&#8243; text_color=&#8221;inherit&#8221; text_align=&#8221;text-left&#8221;]Znajd\u017a Swoje kompletne rozwi\u0105zanie.[\/elx_heading][\/vc_column][\/vc_row][vc_row][vc_column width=&#8221;1\/3&#8243;][elx_maylike_box id_box=&#8221;1195&#8243;][\/vc_column][vc_column width=&#8221;1\/3&#8243;][elx_maylike_box id_box=&#8221;1182&#8243;][\/vc_column][vc_column width=&#8221;1\/3&#8243;][elx_maylike_box id_box=&#8221;1186&#8243;][\/vc_column][\/vc_row]<\/p>\n","protected":false},"excerpt":{"rendered":"<p>[vc_row full_width=&#8221;electroluxpro-full-width-no-padding&#8221;][vc_column][elx_image_block background_image=&#8221;5715&#8243; minimum_height=&#8221;350px&#8221;][vc_empty_space][\/vc_column][\/vc_row][vc_row][vc_column width=&#8221;2\/3&#8243;][elx_heading font_container=&#8221;h1&#8243; font_size=&#8221;h3&#8243; text_color=&#8221;inherit&#8221;]Automaty do gor\u0105cych napoj\u00f3w[\/elx_heading][vc_column_text]Gor\u0105cy nap\u00f3j, kt\u00f3ry zaspokoi i zainspiruje, wczesnym rankiem, p\u00f3\u017anym popo\u0142udniem lub w dowolnym momencie.[\/vc_column_text][\/vc_column][vc_column width=&#8221;1\/3&#8243;][elx_heading text_color=&#8221;inherit&#8221;]Pobierz katalog[\/elx_heading][elx_download_block text=&#8221;Katalog produkt\u00f3w rozwi\u0105zania do napoj\u00f3w&#8221; link=&#8221;http:\/\/files.professional.electrolux.com\/docs\/?n=BR-9JE00131&amp;b=5&amp;l=1&#8243; background_color=&#8221;orange&#8221; background_image=&#8221;5716&#8243;][\/vc_column][\/vc_row][vc_row][vc_column width=&#8221;2\/3&#8243;][elx_heading font_size=&#8221;h3&#8243; text_color=&#8221;electrolux-blue&#8221; text_align=&#8221;text-left&#8221;]Automaty do napoj\u00f3w w proszku[\/elx_heading][elx_heading font_container=&#8221;h3&#8243; font_size=&#8221;h5&#8243; text_color=&#8221;electrolux-blue&#8221; text_align=&#8221;text-left&#8221;]Wysokiej jako\u015bci gor\u0105ce napoje na wyci\u0105gni\u0119cie r\u0119ki[\/elx_heading][vc_column_text]Praktyczne, \u0142atwe w [&hellip;]<\/p>\n","protected":false},"author":3,"featured_media":0,"parent":5682,"menu_order":0,"comment_status":"closed","ping_status":"closed","template":"","meta":{"footnotes":""},"class_list":["post-5722","page","type-page","status-publish","hentry"],"acf":[],"yoast_head":"<!-- This site is optimized with the Yoast SEO plugin v23.3 - https:\/\/yoast.com\/wordpress\/plugins\/seo\/ -->\n<title>Automaty do gor\u0105cych napoj\u00f3w - Electrolux Professional Polska<\/title>\n<meta name=\"description\" content=\"Gor\u0105cy nap\u00f3j, kt\u00f3ry zaspokoi i zainspiruje, wczesnym rankiem, p\u00f3\u017anym popo\u0142udniem lub w dowolnym momencie.\" \/>\n<meta name=\"robots\" content=\"index, follow, max-snippet:-1, max-image-preview:large, max-video-preview:-1\" \/>\n<link rel=\"canonical\" href=\"https:\/\/www.electroluxprofessional.com\/pl\/napoje\/automaty-goracych-napojow\/\" \/>\n<meta property=\"og:locale\" content=\"pl_PL\" \/>\n<meta property=\"og:type\" content=\"article\" \/>\n<meta property=\"og:title\" content=\"Automaty do gor\u0105cych napoj\u00f3w - Electrolux Professional Polska\" \/>\n<meta property=\"og:description\" content=\"Gor\u0105cy nap\u00f3j, kt\u00f3ry zaspokoi i zainspiruje, wczesnym rankiem, p\u00f3\u017anym popo\u0142udniem lub w dowolnym momencie.\" \/>\n<meta property=\"og:url\" content=\"https:\/\/www.electroluxprofessional.com\/pl\/napoje\/automaty-goracych-napojow\/\" \/>\n<meta property=\"og:site_name\" content=\"Electrolux Professional Polska\" \/>\n<meta property=\"article:modified_time\" content=\"2025-11-05T15:21:49+00:00\" \/>\n<meta name=\"twitter:card\" content=\"summary_large_image\" \/>\n<meta name=\"twitter:label1\" content=\"Szacowany czas czytania\" \/>\n\t<meta name=\"twitter:data1\" content=\"2 minuty\" \/>\n<script type=\"application\/ld+json\" class=\"yoast-schema-graph\">{\"@context\":\"https:\/\/schema.org\",\"@graph\":[{\"@type\":\"WebPage\",\"@id\":\"https:\/\/www.electroluxprofessional.com\/pl\/napoje\/automaty-goracych-napojow\/\",\"url\":\"https:\/\/www.electroluxprofessional.com\/pl\/napoje\/automaty-goracych-napojow\/\",\"name\":\"Automaty do gor\u0105cych napoj\u00f3w - Electrolux Professional Polska\",\"isPartOf\":{\"@id\":\"https:\/\/www.electroluxprofessional.com\/pl\/#website\"},\"datePublished\":\"2019-03-28T16:06:27+00:00\",\"dateModified\":\"2025-11-05T15:21:49+00:00\",\"description\":\"Gor\u0105cy nap\u00f3j, kt\u00f3ry zaspokoi i zainspiruje, wczesnym rankiem, p\u00f3\u017anym popo\u0142udniem lub w dowolnym momencie.\",\"breadcrumb\":{\"@id\":\"https:\/\/www.electroluxprofessional.com\/pl\/napoje\/automaty-goracych-napojow\/#breadcrumb\"},\"inLanguage\":\"pl-PL\",\"potentialAction\":[{\"@type\":\"ReadAction\",\"target\":[\"https:\/\/www.electroluxprofessional.com\/pl\/napoje\/automaty-goracych-napojow\/\"]}]},{\"@type\":\"BreadcrumbList\",\"@id\":\"https:\/\/www.electroluxprofessional.com\/pl\/napoje\/automaty-goracych-napojow\/#breadcrumb\",\"itemListElement\":[{\"@type\":\"ListItem\",\"position\":1,\"name\":\"Strona g\u0142\u00f3wna\",\"item\":\"https:\/\/www.electroluxprofessional.com\/pl\/\"},{\"@type\":\"ListItem\",\"position\":2,\"name\":\"Napoje\",\"item\":\"https:\/\/www.electroluxprofessional.com\/pl\/napoje\/\"},{\"@type\":\"ListItem\",\"position\":3,\"name\":\"Automaty do gor\u0105cych napoj\u00f3w\"}]},{\"@type\":\"WebSite\",\"@id\":\"https:\/\/www.electroluxprofessional.com\/pl\/#website\",\"url\":\"https:\/\/www.electroluxprofessional.com\/pl\/\",\"name\":\"Electrolux Professional Polska\",\"description\":\"\",\"potentialAction\":[{\"@type\":\"SearchAction\",\"target\":{\"@type\":\"EntryPoint\",\"urlTemplate\":\"https:\/\/www.electroluxprofessional.com\/pl\/?src={search_term_string}\"},\"query-input\":\"required name=search_term_string\"}],\"inLanguage\":\"pl-PL\"}]}<\/script>\n<!-- \/ Yoast SEO plugin. -->","yoast_head_json":{"title":"Automaty do gor\u0105cych napoj\u00f3w - Electrolux Professional Polska","description":"Gor\u0105cy nap\u00f3j, kt\u00f3ry zaspokoi i zainspiruje, wczesnym rankiem, p\u00f3\u017anym popo\u0142udniem lub w dowolnym momencie.","robots":{"index":"index","follow":"follow","max-snippet":"max-snippet:-1","max-image-preview":"max-image-preview:large","max-video-preview":"max-video-preview:-1"},"canonical":"https:\/\/www.electroluxprofessional.com\/pl\/napoje\/automaty-goracych-napojow\/","og_locale":"pl_PL","og_type":"article","og_title":"Automaty do gor\u0105cych napoj\u00f3w - Electrolux Professional Polska","og_description":"Gor\u0105cy nap\u00f3j, kt\u00f3ry zaspokoi i zainspiruje, wczesnym rankiem, p\u00f3\u017anym popo\u0142udniem lub w dowolnym momencie.","og_url":"https:\/\/www.electroluxprofessional.com\/pl\/napoje\/automaty-goracych-napojow\/","og_site_name":"Electrolux Professional Polska","article_modified_time":"2025-11-05T15:21:49+00:00","twitter_card":"summary_large_image","twitter_misc":{"Szacowany czas czytania":"2 minuty"},"schema":{"@context":"https:\/\/schema.org","@graph":[{"@type":"WebPage","@id":"https:\/\/www.electroluxprofessional.com\/pl\/napoje\/automaty-goracych-napojow\/","url":"https:\/\/www.electroluxprofessional.com\/pl\/napoje\/automaty-goracych-napojow\/","name":"Automaty do gor\u0105cych napoj\u00f3w - Electrolux Professional Polska","isPartOf":{"@id":"https:\/\/www.electroluxprofessional.com\/pl\/#website"},"datePublished":"2019-03-28T16:06:27+00:00","dateModified":"2025-11-05T15:21:49+00:00","description":"Gor\u0105cy nap\u00f3j, kt\u00f3ry zaspokoi i zainspiruje, wczesnym rankiem, p\u00f3\u017anym popo\u0142udniem lub w dowolnym momencie.","breadcrumb":{"@id":"https:\/\/www.electroluxprofessional.com\/pl\/napoje\/automaty-goracych-napojow\/#breadcrumb"},"inLanguage":"pl-PL","potentialAction":[{"@type":"ReadAction","target":["https:\/\/www.electroluxprofessional.com\/pl\/napoje\/automaty-goracych-napojow\/"]}]},{"@type":"BreadcrumbList","@id":"https:\/\/www.electroluxprofessional.com\/pl\/napoje\/automaty-goracych-napojow\/#breadcrumb","itemListElement":[{"@type":"ListItem","position":1,"name":"Strona g\u0142\u00f3wna","item":"https:\/\/www.electroluxprofessional.com\/pl\/"},{"@type":"ListItem","position":2,"name":"Napoje","item":"https:\/\/www.electroluxprofessional.com\/pl\/napoje\/"},{"@type":"ListItem","position":3,"name":"Automaty do gor\u0105cych napoj\u00f3w"}]},{"@type":"WebSite","@id":"https:\/\/www.electroluxprofessional.com\/pl\/#website","url":"https:\/\/www.electroluxprofessional.com\/pl\/","name":"Electrolux Professional Polska","description":"","potentialAction":[{"@type":"SearchAction","target":{"@type":"EntryPoint","urlTemplate":"https:\/\/www.electroluxprofessional.com\/pl\/?src={search_term_string}"},"query-input":"required name=search_term_string"}],"inLanguage":"pl-PL"}]}},"_links":{"self":[{"href":"https:\/\/www.electroluxprofessional.com\/pl\/wp-json\/wp\/v2\/pages\/5722"}],"collection":[{"href":"https:\/\/www.electroluxprofessional.com\/pl\/wp-json\/wp\/v2\/pages"}],"about":[{"href":"https:\/\/www.electroluxprofessional.com\/pl\/wp-json\/wp\/v2\/types\/page"}],"author":[{"embeddable":true,"href":"https:\/\/www.electroluxprofessional.com\/pl\/wp-json\/wp\/v2\/users\/3"}],"replies":[{"embeddable":true,"href":"https:\/\/www.electroluxprofessional.com\/pl\/wp-json\/wp\/v2\/comments?post=5722"}],"version-history":[{"count":3,"href":"https:\/\/www.electroluxprofessional.com\/pl\/wp-json\/wp\/v2\/pages\/5722\/revisions"}],"predecessor-version":[{"id":11619,"href":"https:\/\/www.electroluxprofessional.com\/pl\/wp-json\/wp\/v2\/pages\/5722\/revisions\/11619"}],"up":[{"embeddable":true,"href":"https:\/\/www.electroluxprofessional.com\/pl\/wp-json\/wp\/v2\/pages\/5682"}],"wp:attachment":[{"href":"https:\/\/www.electroluxprofessional.com\/pl\/wp-json\/wp\/v2\/media?parent=5722"}],"curies":[{"name":"wp","href":"https:\/\/api.w.org\/{rel}","templated":true}]}}