{"id":5536,"date":"2020-02-05T17:00:52","date_gmt":"2020-02-05T15:00:52","guid":{"rendered":"https:\/\/www.electroluxprofessional.com\/?page_id=29159"},"modified":"2020-10-01T07:39:33","modified_gmt":"2020-10-01T07:39:33","slug":"haccp-procedura","status":"publish","type":"page","link":"https:\/\/www.electroluxprofessional.com\/pl\/haccp-procedura\/","title":{"rendered":"HACCP"},"content":{"rendered":"<p>[vc_row full_width=&#8221;electroluxpro-full-width-no-padding&#8221;][vc_column][elx_hero_slider label_text_color=&#8221;inherit&#8221; images=&#8221;5535&#8243;][elx_heading font_container=&#8221;h1&#8243; text_color=&#8221;inherit&#8221;]HACCP[\/elx_heading][vc_column_text]Procedura HACCP &#8211; Analiza Zagro\u017ce\u0144 i Krytyczne Punkty Kontroli- jest sposobem oceny ryzyka nieod\u0142\u0105cznie zwi\u0105zanego z produktem lub procesem oraz okre\u015blenia niezb\u0119dnych krok\u00f3w w celu kontroli zidentyfikowanego ryzyka.[\/vc_column_text][\/elx_hero_slider][\/vc_column][\/vc_row][vc_row][vc_column width=&#8221;1\/2&#8243;][vc_empty_space][elx_heading text_color=&#8221;inherit&#8221; text_align=&#8221;text-left&#8221;]Electrolux Professional stosuje system HACCP od 1998 roku.<\/p>\n<p>[\/elx_heading][vc_empty_space][vc_column_text]<\/p>\n<h3>Co to oznacza?<\/h3>\n<p>[\/vc_column_text][vc_empty_space][vc_column_text]W przypadku wyst\u0105pienia ogniska chorobowego lub ska\u017ceniamaj\u0105cego zwi\u0105zek z podmiotem zajmuj\u0105cym si\u0119dostarczaniem lub przygotowywaniem \u017cywno\u015bci, <strong>zastosowanie funkcji HACCP w urz\u0105dzeniach Electrolux Professional<\/strong> w celu monitorowania proces\u00f3w pozwoli <strong>powi\u0105zanym firmom na \u015bledzenie i identyfikacj\u0119 lub wyeliminowanie \u017ar\u00f3d\u0142a ska\u017cenia.<\/strong><\/p>\n<p><strong>\u00a0<\/strong>[\/vc_column_text][\/vc_column][vc_column width=&#8221;1\/2&#8243;][vc_empty_space][elx_image_block background_image=&#8221;654&#8243; vert_back_position=&#8221;top&#8221; minimum_height=&#8221;400px&#8221;][\/vc_column][\/vc_row][vc_row full_width=&#8221;electroluxpro-full-width-no-padding&#8221; equal_height=&#8221;yes&#8221;][vc_column width=&#8221;1\/2&#8243;][elx_image_block background_image=&#8221;4508&#8243; vert_back_position=&#8221;top&#8221; minimum_height=&#8221;598px&#8221;][\/vc_column][vc_column width=&#8221;1\/2&#8243;][elx_simple_block][elx_heading text_color=&#8221;inherit&#8221;]Gotowanie \u2013 Piec konwekcyjno-parowy Electrolux Professional Touchline[\/elx_heading][vc_column_text css_animation=&#8221;right-to-left&#8221;]<strong>Funkcja Food Safe Control zapewnia ca\u0142kowite bezpiecze\u0144stwo \u017cywno\u015bci zgodnie ze standardami HACCP.<\/strong> Wystarczy wybra\u0107 kategori\u0119 \u017cywno\u015bci, a funkcja Food Safe Control zajmie si\u0119 reszt\u0105, pe\u0142ni\u0105c rol\u0119 nadzorcy podczas ca\u0142ego procesu gotowania. W momencie gdy ikona funkcji Food Safe Control jest aktywna, po w\u0142o\u017ceniu 6-czujnikowej sondy, piec Touchline oblicza, czy \u017cywno\u015b\u0107 zosta\u0142a odpowiednio ugotowana i osi\u0105gn\u0119\u0142a w\u0142a\u015bciwy poziom bezpiecze\u0144stwa.[\/vc_column_text][elx_button button_text=&#8221;Cook&amp;Chill&#8221; button_style=&#8221;icon&#8221; button_link=&#8221;url:https%3A%2F%2Fwww.electroluxprofessional.com%2Fpl%2Fcook-and-chill%2F|title:Cook%20and%20Chill||&#8221;][\/elx_simple_block][\/vc_column][\/vc_row][vc_row][vc_column][vc_empty_space height=&#8221;50px&#8221;][vc_row_inner][vc_column_inner width=&#8221;1\/2&#8243;][vc_single_image image=&#8221;5532&#8243; img_size=&#8221;full&#8221;][vc_column_text]<\/p>\n<h2>Bezpiecze\u0144stwo \u017cywno\u015bci<\/h2>\n<p>Nie ma kompromisu pomi\u0119dzy jako\u015bci\u0105 gotowania a bezpiecze\u0144stwem z Food Safe Control. Dzi\u0119ki u\u017cyciu 6-czujnikowej Multisondy, SkyLine PremiumS automatycznie zapewnia, \u017ce \u017cywno\u015b\u0107 zosta\u0142a idealnie przygotowana zgodnie ze standardami HACCP.[\/vc_column_text][vc_empty_space][vc_single_image image=&#8221;5533&#8243; img_size=&#8221;full&#8221;][vc_column_text]<\/p>\n<h6>*Food Safe Control &#8211; patent US6818865B2 i pokrewna rodzina produkt\u00f3w.<\/h6>\n<p>[\/vc_column_text][\/vc_column_inner][vc_column_inner width=&#8221;1\/2&#8243;][vc_single_image image=&#8221;5532&#8243; img_size=&#8221;full&#8221;][vc_column_text]<\/p>\n<h2>Zawsze bezpieczna \u017cywno\u015b\u0107<\/h2>\n<p>Jak w prosty spos\u00f3b osi\u0105gn\u0105\u0107 zgodno\u015b\u0107 z HACCP i przepisami dotycz\u0105cymi bezpiecze\u0144stwa \u017cywno\u015bci? Ch\u0142odzenie szokowe oznacza, \u017ce bakterie nie maj\u0105 szans na rozmna\u017canie si\u0119, poniewa\u017c \u017cywno\u015b\u0107 (nawet prosto z pieca ze SkyDuo) jest szybko sch\u0142adzana w precyzyjnie kontrolowanym \u015brodowisku.<\/p>\n<p>Zwi\u0119kszenie temperatury \u017cywno\u015bci z 70\u00b0C do 3\u00b0C trwa mniej ni\u017c 90 minut, a zamro\u017cenie do -18\u00b0C trwa 240 minut. Nie nale\u017cy przerywa\u0107 procesu Cook&amp;Chill. Przeno\u015b\u0107 potrawy bezpo\u015brednio z pieca do SkyLine ChillS, nie pozwalaj\u0105c, aby jedzenie och\u0142odzi\u0142o si\u0119 w temperaturze otoczenia.[\/vc_column_text][\/vc_column_inner][\/vc_row_inner][\/vc_column][\/vc_row][vc_row full_width=&#8221;electroluxpro-full-width-no-padding&#8221; equal_height=&#8221;yes&#8221;][vc_column width=&#8221;1\/2&#8243;][elx_image_block background_image=&#8221;5530&#8243; vert_back_position=&#8221;top&#8221; minimum_height=&#8221;500px&#8221;][\/vc_column][vc_column width=&#8221;1\/2&#8243;][elx_simple_block][elx_heading font_container=&#8221;h3&#8243; text_color=&#8221;inherit&#8221;]Storing &#8211; \u00a0Electrolux Professional Refrigeration &#8211; ecostore Touch[\/elx_heading][vc_column_text css_animation=&#8221;right-to-left&#8221;]<strong>Obszar sterowania HACCP na wy\u015bwietlaczu dotykowym stale monitoruje i rejestruje temperatur\u0119 robocz\u0105 oraz ewentualne odchy\u0142y.<\/strong>\u00a0 Na wykresie wy\u015bwietlony jest stan pracy oraz wszelkie skoki i spadki temperatury.\u00a0 Dane mog\u0105 by\u0107 pobierane przez USB i przechowywane do cel\u00f3w raportowania i \u015bledzenia.[\/vc_column_text][elx_button button_text=&#8221;Szafy ch\u0142odnicze&#8221; button_style=&#8221;icon&#8221; button_link=&#8221;url:https%3A%2F%2Fwww.electroluxprofessional.com%2Fpl%2Fgastronomia%2Fszafy-chlodnicze%2F|title:Szafy%20ch%C5%82odnicze||&#8221;][elx_button button_text=&#8221;Lady ch\u0142odnicze&#8221; button_style=&#8221;icon&#8221; button_link=&#8221;url:https%3A%2F%2Fwww.electroluxprofessional.com%2Fpl%2Fgastronomia%2Flady-chlodnicze%2F|title:Lady%20ch%C5%82odnicze||&#8221;][\/elx_simple_block][\/vc_column][\/vc_row][vc_row][vc_column][vc_empty_space][\/vc_column][\/vc_row][vc_row][vc_column][elx_heading font_container=&#8221;h3&#8243; text_color=&#8221;inherit&#8221;]<\/p>\n<h2 class=\"customHeaderV2 bp3\" style=\"text-align: center;\">Electrolux Professional mo\u017ce poszczyci\u0107 si\u0119otrzymaniem najwa\u017cniejszego certyfikatu w dziedzinie higieny prania. Electrolux Professional jest pierwszym producentem przmys\u0142owych urz\u0105dze\u0144 pralniczych zatwierdzonym przez HACCP International.<\/h2>\n<h2 class=\"customHeaderV2 bp3\" style=\"text-align: center;\"><\/h2>\n<p>[\/elx_heading][\/vc_column][\/vc_row][vc_row full_width=&#8221;electroluxpro-full-width-no-padding&#8221;][vc_column][vc_empty_space][\/vc_column][\/vc_row][vc_row][vc_column width=&#8221;1\/2&#8243;][vc_single_image image=&#8221;5534&#8243; img_size=&#8221;full&#8221; alignment=&#8221;center&#8221;][vc_empty_space][vc_column_text]<\/p>\n<h3>Zobacz, jak mo\u017cemy zapewni\u0107<br \/>\nBezpiecze\u0144stwo w Twojej firmie<\/h3>\n<p>[\/vc_column_text][vc_empty_space][elx_video_block background_image=&#8221;5531&#8243; video_link=&#8221;https:\/\/www.youtube.com\/watch?v=-ATQgfZH67Q&#8221; minimum_height=&#8221;280px&#8221;][vc_empty_space][\/vc_column][vc_column width=&#8221;1\/2&#8243;][elx_heading font_container=&#8221;h3&#8243; text_color=&#8221;inherit&#8221;]Profesjonalne programy prania s\u0105 niezb\u0119dne do dezynfekcji wszystkich ubra\u0144 i tekstyli\u00f3w u\u017cywanych podczas produkcji \u017cywno\u015bci.[\/elx_heading][vc_column_text]Podobnie jak rozwi\u0105zania pralnicze znane z Linii 5000, urz\u0105dzenia Electrolux Professional <u>Linii 6000 <\/u>spe\u0142niaj\u0105 najsurowsze wymogi HACCP: <strong>przemys\u0142owe pralnico-wir\u00f3wki <\/strong>z tej linii (a tak\u017ce pralnico-wir\u00f3wki barierowe, magle i suszarki) s\u0105 <u>pierwszymi, i obecnie jedynymi rozwi\u0105zaniami dla pralni certyfikowanymi przez HACCP International.<\/u>Electrolux Professional sta\u0142 si\u0119 pierwszym i obecnie jedynym producentem maszyn pralniczych certyfikowanym przez HACCP International. Opr\u00f3cz pralnic czo\u0142owego za\u0142adunku, akredytacj\u0119 otrzyma\u0142y r\u00f3wnie\u017c pralnice barierowe, prasowalnice i urz\u0105dzenia wyko\u0144czeniowe.[\/vc_column_text][vc_row_inner][vc_column_inner width=&#8221;1\/2&#8243;][vc_empty_space][vc_empty_space][vc_empty_space][vc_empty_space][vc_column_text]Certyfikat zosta\u0142 po raz pierwszy przyznany dla Linii 5000 w Wielkiej Brytanii i Irlandii, a od czerwca 2015 roku obowi\u0105zuje na ca\u0142ym \u015bwiecie.[\/vc_column_text][vc_empty_space][elx_button button_text=&#8221;Dowiedz si\u0119 wi\u0119cej na temat HACCP INTERNATIONAL&#8221; button_style=&#8221;icon&#8221; button_link=&#8221;url:https%3A%2F%2Fhaccp-international.com%2F|title:haccp%20international|target:%20_blank|&#8221;][\/vc_column_inner][vc_column_inner width=&#8221;1\/2&#8243;][vc_empty_space][vc_empty_space][vc_empty_space][vc_empty_space][vc_single_image image=&#8221;657&#8243; img_size=&#8221;250&#215;250&#8243; alignment=&#8221;center&#8221;][vc_empty_space][\/vc_column_inner][\/vc_row_inner][\/vc_column][\/vc_row][vc_row full_width=&#8221;electroluxpro-full-width-no-padding&#8221;][vc_column][vc_empty_space css=&#8221;.vc_custom_1464077755704{background-color: #eaeef2 !important;}&#8221;][\/vc_column][\/vc_row]<\/p>\n","protected":false},"excerpt":{"rendered":"<p>[vc_row full_width=&#8221;electroluxpro-full-width-no-padding&#8221;][vc_column][elx_hero_slider label_text_color=&#8221;inherit&#8221; images=&#8221;5535&#8243;][elx_heading font_container=&#8221;h1&#8243; text_color=&#8221;inherit&#8221;]HACCP[\/elx_heading][vc_column_text]Procedura HACCP &#8211; Analiza Zagro\u017ce\u0144 i Krytyczne Punkty Kontroli- jest sposobem oceny ryzyka nieod\u0142\u0105cznie zwi\u0105zanego z produktem lub procesem oraz okre\u015blenia niezb\u0119dnych krok\u00f3w w celu kontroli zidentyfikowanego ryzyka.[\/vc_column_text][\/elx_hero_slider][\/vc_column][\/vc_row][vc_row][vc_column width=&#8221;1\/2&#8243;][vc_empty_space][elx_heading text_color=&#8221;inherit&#8221; text_align=&#8221;text-left&#8221;]Electrolux Professional stosuje system HACCP od 1998 roku. [\/elx_heading][vc_empty_space][vc_column_text] Co to oznacza? [\/vc_column_text][vc_empty_space][vc_column_text]W przypadku wyst\u0105pienia ogniska chorobowego lub ska\u017ceniamaj\u0105cego zwi\u0105zek [&hellip;]<\/p>\n","protected":false},"author":3,"featured_media":657,"parent":0,"menu_order":0,"comment_status":"closed","ping_status":"closed","template":"","meta":{"footnotes":""},"class_list":["post-5536","page","type-page","status-publish","has-post-thumbnail","hentry"],"acf":[],"yoast_head":"<!-- This site is optimized with the Yoast SEO plugin v23.3 - https:\/\/yoast.com\/wordpress\/plugins\/seo\/ -->\n<title>Procedura HACCP \u2013 Analiza Zagro\u017ce\u0144 i Krytyczne Punkty Kontroli<\/title>\n<meta name=\"description\" content=\"Procedura HACCP \u2013 Analiza Zagro\u017ce\u0144 i Krytyczne Punkty Kontroli- jest sposobem oceny ryzyka nieod\u0142\u0105cznie zwi\u0105zanego z produktem lub procesem oraz okre\u015blenia niezb\u0119dnych krok\u00f3w w celu kontroli zidentyfikowanego ryzyka.\" \/>\n<meta name=\"robots\" content=\"index, follow, max-snippet:-1, max-image-preview:large, max-video-preview:-1\" \/>\n<link rel=\"canonical\" href=\"https:\/\/www.electroluxprofessional.com\/pl\/haccp-procedura\/\" \/>\n<meta property=\"og:locale\" content=\"pl_PL\" \/>\n<meta property=\"og:type\" content=\"article\" \/>\n<meta property=\"og:title\" content=\"Procedura HACCP \u2013 Analiza Zagro\u017ce\u0144 i Krytyczne Punkty Kontroli\" \/>\n<meta property=\"og:description\" content=\"Procedura HACCP \u2013 Analiza Zagro\u017ce\u0144 i Krytyczne Punkty Kontroli- jest sposobem oceny ryzyka nieod\u0142\u0105cznie zwi\u0105zanego z produktem lub procesem oraz okre\u015blenia niezb\u0119dnych krok\u00f3w w celu kontroli zidentyfikowanego ryzyka.\" \/>\n<meta property=\"og:url\" content=\"https:\/\/www.electroluxprofessional.com\/pl\/haccp-procedura\/\" \/>\n<meta property=\"og:site_name\" content=\"Electrolux Professional Polska\" \/>\n<meta property=\"article:modified_time\" content=\"2020-10-01T07:39:33+00:00\" \/>\n<meta property=\"og:image\" content=\"https:\/\/www.electroluxprofessional.com\/pl\/wp-content\/uploads\/2016\/05\/haccp-logo.jpg\" \/>\n\t<meta property=\"og:image:width\" content=\"600\" \/>\n\t<meta property=\"og:image:height\" content=\"601\" \/>\n\t<meta property=\"og:image:type\" content=\"image\/jpeg\" \/>\n<meta name=\"twitter:card\" content=\"summary_large_image\" \/>\n<meta name=\"twitter:label1\" content=\"Szacowany czas czytania\" \/>\n\t<meta name=\"twitter:data1\" content=\"6 minut\" \/>\n<script type=\"application\/ld+json\" class=\"yoast-schema-graph\">{\"@context\":\"https:\/\/schema.org\",\"@graph\":[{\"@type\":\"WebPage\",\"@id\":\"https:\/\/www.electroluxprofessional.com\/pl\/haccp-procedura\/\",\"url\":\"https:\/\/www.electroluxprofessional.com\/pl\/haccp-procedura\/\",\"name\":\"Procedura HACCP \u2013 Analiza Zagro\u017ce\u0144 i Krytyczne Punkty Kontroli\",\"isPartOf\":{\"@id\":\"https:\/\/www.electroluxprofessional.com\/pl\/#website\"},\"primaryImageOfPage\":{\"@id\":\"https:\/\/www.electroluxprofessional.com\/pl\/haccp-procedura\/#primaryimage\"},\"image\":{\"@id\":\"https:\/\/www.electroluxprofessional.com\/pl\/haccp-procedura\/#primaryimage\"},\"thumbnailUrl\":\"https:\/\/www.electroluxprofessional.com\/pl\/wp-content\/uploads\/2016\/05\/haccp-logo.jpg\",\"datePublished\":\"2020-02-05T15:00:52+00:00\",\"dateModified\":\"2020-10-01T07:39:33+00:00\",\"description\":\"Procedura HACCP \u2013 Analiza Zagro\u017ce\u0144 i Krytyczne Punkty Kontroli- jest sposobem oceny ryzyka nieod\u0142\u0105cznie zwi\u0105zanego z produktem lub procesem oraz okre\u015blenia niezb\u0119dnych krok\u00f3w w celu kontroli zidentyfikowanego ryzyka.\",\"breadcrumb\":{\"@id\":\"https:\/\/www.electroluxprofessional.com\/pl\/haccp-procedura\/#breadcrumb\"},\"inLanguage\":\"pl-PL\",\"potentialAction\":[{\"@type\":\"ReadAction\",\"target\":[\"https:\/\/www.electroluxprofessional.com\/pl\/haccp-procedura\/\"]}]},{\"@type\":\"ImageObject\",\"inLanguage\":\"pl-PL\",\"@id\":\"https:\/\/www.electroluxprofessional.com\/pl\/haccp-procedura\/#primaryimage\",\"url\":\"https:\/\/www.electroluxprofessional.com\/pl\/wp-content\/uploads\/2016\/05\/haccp-logo.jpg\",\"contentUrl\":\"https:\/\/www.electroluxprofessional.com\/pl\/wp-content\/uploads\/2016\/05\/haccp-logo.jpg\",\"width\":600,\"height\":601,\"caption\":\"haccp international programm certification food safety\"},{\"@type\":\"BreadcrumbList\",\"@id\":\"https:\/\/www.electroluxprofessional.com\/pl\/haccp-procedura\/#breadcrumb\",\"itemListElement\":[{\"@type\":\"ListItem\",\"position\":1,\"name\":\"Strona g\u0142\u00f3wna\",\"item\":\"https:\/\/www.electroluxprofessional.com\/pl\/\"},{\"@type\":\"ListItem\",\"position\":2,\"name\":\"HACCP\"}]},{\"@type\":\"WebSite\",\"@id\":\"https:\/\/www.electroluxprofessional.com\/pl\/#website\",\"url\":\"https:\/\/www.electroluxprofessional.com\/pl\/\",\"name\":\"Electrolux Professional Polska\",\"description\":\"\",\"potentialAction\":[{\"@type\":\"SearchAction\",\"target\":{\"@type\":\"EntryPoint\",\"urlTemplate\":\"https:\/\/www.electroluxprofessional.com\/pl\/?src={search_term_string}\"},\"query-input\":\"required name=search_term_string\"}],\"inLanguage\":\"pl-PL\"}]}<\/script>\n<!-- \/ Yoast SEO plugin. -->","yoast_head_json":{"title":"Procedura HACCP \u2013 Analiza Zagro\u017ce\u0144 i Krytyczne Punkty Kontroli","description":"Procedura HACCP \u2013 Analiza Zagro\u017ce\u0144 i Krytyczne Punkty Kontroli- jest sposobem oceny ryzyka nieod\u0142\u0105cznie zwi\u0105zanego z produktem lub procesem oraz okre\u015blenia niezb\u0119dnych krok\u00f3w w celu kontroli zidentyfikowanego ryzyka.","robots":{"index":"index","follow":"follow","max-snippet":"max-snippet:-1","max-image-preview":"max-image-preview:large","max-video-preview":"max-video-preview:-1"},"canonical":"https:\/\/www.electroluxprofessional.com\/pl\/haccp-procedura\/","og_locale":"pl_PL","og_type":"article","og_title":"Procedura HACCP \u2013 Analiza Zagro\u017ce\u0144 i Krytyczne Punkty Kontroli","og_description":"Procedura HACCP \u2013 Analiza Zagro\u017ce\u0144 i Krytyczne Punkty Kontroli- jest sposobem oceny ryzyka nieod\u0142\u0105cznie zwi\u0105zanego z produktem lub procesem oraz okre\u015blenia niezb\u0119dnych krok\u00f3w w celu kontroli zidentyfikowanego ryzyka.","og_url":"https:\/\/www.electroluxprofessional.com\/pl\/haccp-procedura\/","og_site_name":"Electrolux Professional Polska","article_modified_time":"2020-10-01T07:39:33+00:00","og_image":[{"width":600,"height":601,"url":"https:\/\/www.electroluxprofessional.com\/pl\/wp-content\/uploads\/2016\/05\/haccp-logo.jpg","type":"image\/jpeg"}],"twitter_card":"summary_large_image","twitter_misc":{"Szacowany czas czytania":"6 minut"},"schema":{"@context":"https:\/\/schema.org","@graph":[{"@type":"WebPage","@id":"https:\/\/www.electroluxprofessional.com\/pl\/haccp-procedura\/","url":"https:\/\/www.electroluxprofessional.com\/pl\/haccp-procedura\/","name":"Procedura HACCP \u2013 Analiza Zagro\u017ce\u0144 i Krytyczne Punkty Kontroli","isPartOf":{"@id":"https:\/\/www.electroluxprofessional.com\/pl\/#website"},"primaryImageOfPage":{"@id":"https:\/\/www.electroluxprofessional.com\/pl\/haccp-procedura\/#primaryimage"},"image":{"@id":"https:\/\/www.electroluxprofessional.com\/pl\/haccp-procedura\/#primaryimage"},"thumbnailUrl":"https:\/\/www.electroluxprofessional.com\/pl\/wp-content\/uploads\/2016\/05\/haccp-logo.jpg","datePublished":"2020-02-05T15:00:52+00:00","dateModified":"2020-10-01T07:39:33+00:00","description":"Procedura HACCP \u2013 Analiza Zagro\u017ce\u0144 i Krytyczne Punkty Kontroli- jest sposobem oceny ryzyka nieod\u0142\u0105cznie zwi\u0105zanego z produktem lub procesem oraz okre\u015blenia niezb\u0119dnych krok\u00f3w w celu kontroli zidentyfikowanego ryzyka.","breadcrumb":{"@id":"https:\/\/www.electroluxprofessional.com\/pl\/haccp-procedura\/#breadcrumb"},"inLanguage":"pl-PL","potentialAction":[{"@type":"ReadAction","target":["https:\/\/www.electroluxprofessional.com\/pl\/haccp-procedura\/"]}]},{"@type":"ImageObject","inLanguage":"pl-PL","@id":"https:\/\/www.electroluxprofessional.com\/pl\/haccp-procedura\/#primaryimage","url":"https:\/\/www.electroluxprofessional.com\/pl\/wp-content\/uploads\/2016\/05\/haccp-logo.jpg","contentUrl":"https:\/\/www.electroluxprofessional.com\/pl\/wp-content\/uploads\/2016\/05\/haccp-logo.jpg","width":600,"height":601,"caption":"haccp international programm certification food safety"},{"@type":"BreadcrumbList","@id":"https:\/\/www.electroluxprofessional.com\/pl\/haccp-procedura\/#breadcrumb","itemListElement":[{"@type":"ListItem","position":1,"name":"Strona g\u0142\u00f3wna","item":"https:\/\/www.electroluxprofessional.com\/pl\/"},{"@type":"ListItem","position":2,"name":"HACCP"}]},{"@type":"WebSite","@id":"https:\/\/www.electroluxprofessional.com\/pl\/#website","url":"https:\/\/www.electroluxprofessional.com\/pl\/","name":"Electrolux Professional Polska","description":"","potentialAction":[{"@type":"SearchAction","target":{"@type":"EntryPoint","urlTemplate":"https:\/\/www.electroluxprofessional.com\/pl\/?src={search_term_string}"},"query-input":"required name=search_term_string"}],"inLanguage":"pl-PL"}]}},"_links":{"self":[{"href":"https:\/\/www.electroluxprofessional.com\/pl\/wp-json\/wp\/v2\/pages\/5536"}],"collection":[{"href":"https:\/\/www.electroluxprofessional.com\/pl\/wp-json\/wp\/v2\/pages"}],"about":[{"href":"https:\/\/www.electroluxprofessional.com\/pl\/wp-json\/wp\/v2\/types\/page"}],"author":[{"embeddable":true,"href":"https:\/\/www.electroluxprofessional.com\/pl\/wp-json\/wp\/v2\/users\/3"}],"replies":[{"embeddable":true,"href":"https:\/\/www.electroluxprofessional.com\/pl\/wp-json\/wp\/v2\/comments?post=5536"}],"version-history":[{"count":2,"href":"https:\/\/www.electroluxprofessional.com\/pl\/wp-json\/wp\/v2\/pages\/5536\/revisions"}],"predecessor-version":[{"id":5538,"href":"https:\/\/www.electroluxprofessional.com\/pl\/wp-json\/wp\/v2\/pages\/5536\/revisions\/5538"}],"wp:featuredmedia":[{"embeddable":true,"href":"https:\/\/www.electroluxprofessional.com\/pl\/wp-json\/wp\/v2\/media\/657"}],"wp:attachment":[{"href":"https:\/\/www.electroluxprofessional.com\/pl\/wp-json\/wp\/v2\/media?parent=5536"}],"curies":[{"name":"wp","href":"https:\/\/api.w.org\/{rel}","templated":true}]}}