{"id":5440,"date":"2020-03-03T14:12:07","date_gmt":"2020-03-03T14:12:07","guid":{"rendered":"https:\/\/www.electroluxprofessional.com\/pl\/?page_id=5440"},"modified":"2026-05-04T15:29:38","modified_gmt":"2026-05-04T15:29:38","slug":"homepage-2","status":"publish","type":"page","link":"https:\/\/www.electroluxprofessional.com\/pl\/","title":{"rendered":"Homepage"},"content":{"rendered":"<p>[vc_row full_width=&#8221;electroluxpro-full-width-no-padding&#8221; css=&#8221;.vc_custom_1581601446712{margin-bottom: 0px !important;}&#8221;][vc_column css=&#8221;.vc_custom_1575015067714{margin-bottom: 0px !important;}&#8221;][elx_master_slider slide_order_1=&#8221;4&#8243; title_1=&#8221;&#8221; text_1=&#8221;&#8221; slide_order_2=&#8221;2&#8243; title_2=&#8221;Efektywno\u015b\u0107 na ka\u017cdym etapie&#8221; text_2=&#8221;Zoptymalizuj ka\u017cdy cykl prania dzi\u0119ki naszemu kompleksowemu systemowi magazynowania detergent\u00f3w, pompom dozuj\u0105cym oraz urz\u0105dzeniom pralniczym.&#8221; slide_order_3=&#8221;1&#8243; title_3=&#8221;Uwolnij swoj\u0105 kreatywno\u015b\u0107&#8221; text_3=&#8221;thermaline urz\u0105dzenia modularne 80, 85 i 90&#8243; slide_order_4=&#8221;3&#8243; title_4=&#8221;Zimowa odzie\u017c zawsze idealnie sucha&#8221; text_4=&#8221;Swetry i p\u0142aszcze pozostaj\u0105 mi\u0119kkie i gotowe do u\u017cycia dzi\u0119ki naszym szafom susz\u0105cym.&#8221; link_2=&#8221;url:https%3A%2F%2Fwww.electroluxprofessional.com%2Fpl%2Fpralnie%2F|title:Zobacz%20wiecej&#8221; background_image_media_library_2=&#8221;12084&#8243; background_image_media_library_mobile_2=&#8221;12083&#8243; link_4=&#8221;url:https%3A%2F%2Fwww.electroluxprofessional.com%2Fpl%2Fpralnictwo%2Fszafy-suszace-z-linii-6000%2F|title:Dowiedz%20si%C4%99%20wi%C4%99cej&#8221; background_image_media_library_4=&#8221;12081&#8243; background_image_media_library_mobile_4=&#8221;12081&#8243; link_3=&#8221;url:https%3A%2F%2Fwww.electroluxprofessional.com%2Fpl%2Fgastronomia%2Furzadzenia-modulowe-thermaline-80-85-i-90%2F|title:ODKYRJ%20WI%C4%98CEJ&#8221; background_image_media_library_3=&#8221;12268&#8243; background_image_media_library_mobile_3=&#8221;12269&#8243;][\/vc_column][\/vc_row][vc_row full_width=&#8221;electroluxpro-full-width-no-padding&#8221;][vc_column][elx_search title=&#8221;CZEGO SZUKASZ?&#8221;][\/vc_column][\/vc_row][vc_row full_width=&#8221;electroluxpro-full-width-no-padding&#8221;][vc_column][\/vc_column][\/vc_row][vc_row][vc_column][elx_double_banner title_1=&#8221;Dbamy o Twoje urz\u0105dzenia, aby\u015b Ty m\u00f3g\u0142 zadba\u0107 o sw\u00f3j biznes.&#8221; text_1=&#8221;Poznaj Essentia &#8211; serce obs\u0142ugi klienta.&#8221; title_2=&#8221;Ograniczaj. Wykorzystuj. Przetwarzaj.&#8221; text_2=&#8221;Odkryj HeroDry, wolnostoj\u0105c\u0105 dmuchaw\u0119&#8221; background_source_1=&#8221;image-media-library&#8221; background_source_2=&#8221;image-media-library&#8221; link_1=&#8221;url:https%3A%2F%2Fwww.electroluxprofessional.com%2Fpl%2Fessentia-serce-obslugi-klienta%2F|title:ODKRYJ%20WI%C4%98CEJ&#8221; background_image_media_library_1=&#8221;11719&#8243; link_2=&#8221;url:https%3A%2F%2Fwww.electroluxprofessional.com%2Fpl%2Fgastronomia%2Fherodry-wolnostojaca-dmuchawa-do-naczyn%2F|title:ODKRYJ%20WI%C4%98CEJ&#8221; background_image_media_library_2=&#8221;11743&#8243; background_image_media_library_mobile_1=&#8221;11718&#8243; background_image_media_library_mobile_2=&#8221;11742&#8243;][\/vc_column][\/vc_row][vc_row][vc_column][elx_double_banner title_1=&#8221;Odkryj idealny \u015brodek do piel\u0119gnacji delikatnych tkanin, sk\u00f3ry i obuwia.&#8221; text_1=&#8221;Lagoon\u00ae Advanced Care wspiera rozw\u00f3j Twojego biznesu.&#8221; title_2=&#8221;Kreatywno\u015b\u0107 spotyka szybko\u015b\u0107.&#8221; text_2=&#8221;Odkryj GourmeXpress, piekarnik o du\u017cej pr\u0119dko\u015bci&#8221; background_source_1=&#8221;image-media-library&#8221; background_source_2=&#8221;image-media-library&#8221; link_1=&#8221;url:https%3A%2F%2Fwww.electroluxprofessional.com%2Fpl%2Fpralnictwo%2Flagoon-advanced-care-2%2F|title:ODKRYJ%20WI%C4%98CEJ&#8221; background_image_media_library_1=&#8221;11721&#8243; link_2=&#8221;url:https%3A%2F%2Fwww.electroluxprofessional.com%2Fpl%2Fgastronomia%2Fgourmexpress-high-speed-oven%2F|title:ODKRYJ%20WI%C4%98CEJ&#8221; background_image_media_library_2=&#8221;11741&#8243; background_image_media_library_mobile_1=&#8221;11720&#8243; background_image_media_library_mobile_2=&#8221;11740&#8243;][\/vc_column][\/vc_row][vc_row full_width=&#8221;electroluxpro-full-width-no-padding&#8221;][vc_column][elx_full_banner title=&#8221;Centers of Excellence \u2013 Centra Doskona\u0142o\u015bci&#8221; text=&#8221;Swiss design since 1871: over 100 years of production,<br \/>\nprecision and tradition&#8221; background_source=&#8221;image-media-library&#8221; link=&#8221;url:https%3A%2F%2Fwww.electroluxprofessional.com%2Fpl%2Fchef-s-hub%2Fcentra-doskonalosci%2F|title:Odwied%C5%BA%20nasze%20salony||&#8221; background_image_media_library=&#8221;5461&#8243; background_image_media_library_mobile=&#8221;5462&#8243;][\/vc_column][\/vc_row][vc_row matched_labels=&#8221;&#8221;][vc_column][elx_last_references title=&#8221;Nasi klienci&#8221;][\/vc_column][\/vc_row][vc_row matched_labels=&#8221;&#8221;][vc_column][elx_last_news title=&#8221;Electrolux Professional Aktualno\u015bci&#8221;][\/vc_column][\/vc_row][vc_row][vc_column][elx_single_banner title=&#8221;Pracuj z nami&#8221; text=&#8221;Electrolux Professional wita pasjonat\u00f3w, przedsi\u0119biorczych ludzi, potrafi\u0105cych dzia\u0142a\u0107 zespo\u0142owo, kt\u00f3rzy chc\u0105 do\u0142\u0105czy\u0107 do naszego zespo\u0142u.&#8221; text_mobile=&#8221;Sprawd\u017a stron\u0119 kariery, aby dowiedzie\u0107 si\u0119 o otwartych stanowiskach i mo\u017cliwo\u015bciach rozwoju dla Ciebie.&#8221; background_source=&#8221;image-media-library&#8221; background_image_media_library=&#8221;5463&#8243; link=&#8221;url:https%3A%2F%2Fwww.electroluxprofessional.com%2Fcareer-opportunities%2F|title:Aplikuj||&#8221; background_image_media_library_mobile=&#8221;5464&#8243;][\/vc_column][\/vc_row][vc_row][vc_column][elx_active_banner title=&#8221;Lokalizator sprzeda\u017cy i us\u0142ug&#8221; link=&#8221;url:https%3A%2F%2Fwww.electroluxprofessional.com%2Fpl%2Flokalizacja%2F|title:Search||&#8221; background_image_media_library=&#8221;5465&#8243; background_image_media_library_mobile=&#8221;5466&#8243;][\/vc_column][\/vc_row][vc_row][vc_column][vc_empty_space height=&#8221;30px&#8221;][\/vc_column][\/vc_row]<\/p>\n","protected":false},"excerpt":{"rendered":"<p>[vc_row full_width=&#8221;electroluxpro-full-width-no-padding&#8221; css=&#8221;.vc_custom_1581601446712{margin-bottom: 0px !important;}&#8221;][vc_column css=&#8221;.vc_custom_1575015067714{margin-bottom: 0px !important;}&#8221;][elx_master_slider slide_order_1=&#8221;4&#8243; title_1=&#8221;&#8221; text_1=&#8221;&#8221; slide_order_2=&#8221;2&#8243; title_2=&#8221;Efektywno\u015b\u0107 na ka\u017cdym etapie&#8221; text_2=&#8221;Zoptymalizuj ka\u017cdy cykl prania dzi\u0119ki naszemu kompleksowemu systemowi magazynowania detergent\u00f3w, pompom dozuj\u0105cym oraz urz\u0105dzeniom pralniczym.&#8221; slide_order_3=&#8221;1&#8243; title_3=&#8221;Uwolnij swoj\u0105 kreatywno\u015b\u0107&#8221; text_3=&#8221;thermaline urz\u0105dzenia modularne 80, 85 i 90&#8243; slide_order_4=&#8221;3&#8243; title_4=&#8221;Zimowa odzie\u017c zawsze idealnie sucha&#8221; text_4=&#8221;Swetry i p\u0142aszcze pozostaj\u0105 mi\u0119kkie i gotowe [&hellip;]<\/p>\n","protected":false},"author":1,"featured_media":0,"parent":0,"menu_order":0,"comment_status":"closed","ping_status":"closed","template":"","meta":{"footnotes":""},"class_list":["post-5440","page","type-page","status-publish","hentry"],"acf":[],"yoast_head":"<!-- This site is optimized with the Yoast SEO plugin v23.3 - https:\/\/yoast.com\/wordpress\/plugins\/seo\/ -->\n<title>Electrolux Professional Poland<\/title>\n<meta name=\"description\" content=\"Electrolux Professional. Nasz\u0105 misj\u0105 jest dostarczanie doskona\u0142ych rozwi\u0105za\u0144 w profesjonalnych systemach kuchennych i pralniczych.\" \/>\n<meta name=\"robots\" content=\"index, follow, max-snippet:-1, max-image-preview:large, max-video-preview:-1\" \/>\n<link rel=\"canonical\" href=\"https:\/\/www.electroluxprofessional.com\/pl\/\" \/>\n<meta property=\"og:locale\" content=\"pl_PL\" \/>\n<meta property=\"og:type\" content=\"article\" \/>\n<meta property=\"og:title\" content=\"Electrolux Professional Poland\" \/>\n<meta property=\"og:description\" content=\"Electrolux Professional. Nasz\u0105 misj\u0105 jest dostarczanie doskona\u0142ych rozwi\u0105za\u0144 w profesjonalnych systemach kuchennych i pralniczych.\" \/>\n<meta property=\"og:url\" content=\"https:\/\/www.electroluxprofessional.com\/pl\/\" \/>\n<meta property=\"og:site_name\" content=\"Electrolux Professional Polska\" \/>\n<meta property=\"article:modified_time\" content=\"2026-05-04T15:29:38+00:00\" \/>\n<meta name=\"twitter:card\" content=\"summary_large_image\" \/>\n<meta name=\"twitter:label1\" content=\"Szacowany czas czytania\" \/>\n\t<meta name=\"twitter:data1\" content=\"6 minut\" \/>\n<script type=\"application\/ld+json\" class=\"yoast-schema-graph\">{\"@context\":\"https:\/\/schema.org\",\"@graph\":[{\"@type\":\"WebPage\",\"@id\":\"https:\/\/www.electroluxprofessional.com\/pl\/\",\"url\":\"https:\/\/www.electroluxprofessional.com\/pl\/\",\"name\":\"Electrolux Professional Poland\",\"isPartOf\":{\"@id\":\"https:\/\/www.electroluxprofessional.com\/pl\/#website\"},\"datePublished\":\"2020-03-03T14:12:07+00:00\",\"dateModified\":\"2026-05-04T15:29:38+00:00\",\"description\":\"Electrolux Professional. Nasz\u0105 misj\u0105 jest dostarczanie doskona\u0142ych rozwi\u0105za\u0144 w profesjonalnych systemach kuchennych i pralniczych.\",\"breadcrumb\":{\"@id\":\"https:\/\/www.electroluxprofessional.com\/pl\/#breadcrumb\"},\"inLanguage\":\"pl-PL\",\"potentialAction\":[{\"@type\":\"ReadAction\",\"target\":[\"https:\/\/www.electroluxprofessional.com\/pl\/\"]}]},{\"@type\":\"BreadcrumbList\",\"@id\":\"https:\/\/www.electroluxprofessional.com\/pl\/#breadcrumb\",\"itemListElement\":[{\"@type\":\"ListItem\",\"position\":1,\"name\":\"Strona g\u0142\u00f3wna\",\"item\":\"https:\/\/www.electroluxprofessional.com\/pl\/\"},{\"@type\":\"ListItem\",\"position\":2,\"name\":\"Homepage\"}]},{\"@type\":\"WebSite\",\"@id\":\"https:\/\/www.electroluxprofessional.com\/pl\/#website\",\"url\":\"https:\/\/www.electroluxprofessional.com\/pl\/\",\"name\":\"Electrolux Professional Polska\",\"description\":\"\",\"potentialAction\":[{\"@type\":\"SearchAction\",\"target\":{\"@type\":\"EntryPoint\",\"urlTemplate\":\"https:\/\/www.electroluxprofessional.com\/pl\/?src={search_term_string}\"},\"query-input\":\"required name=search_term_string\"}],\"inLanguage\":\"pl-PL\"}]}<\/script>\n<!-- \/ Yoast SEO plugin. -->","yoast_head_json":{"title":"Electrolux Professional Poland","description":"Electrolux Professional. Nasz\u0105 misj\u0105 jest dostarczanie doskona\u0142ych rozwi\u0105za\u0144 w profesjonalnych systemach kuchennych i pralniczych.","robots":{"index":"index","follow":"follow","max-snippet":"max-snippet:-1","max-image-preview":"max-image-preview:large","max-video-preview":"max-video-preview:-1"},"canonical":"https:\/\/www.electroluxprofessional.com\/pl\/","og_locale":"pl_PL","og_type":"article","og_title":"Electrolux Professional Poland","og_description":"Electrolux Professional. Nasz\u0105 misj\u0105 jest dostarczanie doskona\u0142ych rozwi\u0105za\u0144 w profesjonalnych systemach kuchennych i pralniczych.","og_url":"https:\/\/www.electroluxprofessional.com\/pl\/","og_site_name":"Electrolux Professional Polska","article_modified_time":"2026-05-04T15:29:38+00:00","twitter_card":"summary_large_image","twitter_misc":{"Szacowany czas czytania":"6 minut"},"schema":{"@context":"https:\/\/schema.org","@graph":[{"@type":"WebPage","@id":"https:\/\/www.electroluxprofessional.com\/pl\/","url":"https:\/\/www.electroluxprofessional.com\/pl\/","name":"Electrolux Professional Poland","isPartOf":{"@id":"https:\/\/www.electroluxprofessional.com\/pl\/#website"},"datePublished":"2020-03-03T14:12:07+00:00","dateModified":"2026-05-04T15:29:38+00:00","description":"Electrolux Professional. Nasz\u0105 misj\u0105 jest dostarczanie doskona\u0142ych rozwi\u0105za\u0144 w profesjonalnych systemach kuchennych i pralniczych.","breadcrumb":{"@id":"https:\/\/www.electroluxprofessional.com\/pl\/#breadcrumb"},"inLanguage":"pl-PL","potentialAction":[{"@type":"ReadAction","target":["https:\/\/www.electroluxprofessional.com\/pl\/"]}]},{"@type":"BreadcrumbList","@id":"https:\/\/www.electroluxprofessional.com\/pl\/#breadcrumb","itemListElement":[{"@type":"ListItem","position":1,"name":"Strona g\u0142\u00f3wna","item":"https:\/\/www.electroluxprofessional.com\/pl\/"},{"@type":"ListItem","position":2,"name":"Homepage"}]},{"@type":"WebSite","@id":"https:\/\/www.electroluxprofessional.com\/pl\/#website","url":"https:\/\/www.electroluxprofessional.com\/pl\/","name":"Electrolux Professional Polska","description":"","potentialAction":[{"@type":"SearchAction","target":{"@type":"EntryPoint","urlTemplate":"https:\/\/www.electroluxprofessional.com\/pl\/?src={search_term_string}"},"query-input":"required name=search_term_string"}],"inLanguage":"pl-PL"}]}},"_links":{"self":[{"href":"https:\/\/www.electroluxprofessional.com\/pl\/wp-json\/wp\/v2\/pages\/5440"}],"collection":[{"href":"https:\/\/www.electroluxprofessional.com\/pl\/wp-json\/wp\/v2\/pages"}],"about":[{"href":"https:\/\/www.electroluxprofessional.com\/pl\/wp-json\/wp\/v2\/types\/page"}],"author":[{"embeddable":true,"href":"https:\/\/www.electroluxprofessional.com\/pl\/wp-json\/wp\/v2\/users\/1"}],"replies":[{"embeddable":true,"href":"https:\/\/www.electroluxprofessional.com\/pl\/wp-json\/wp\/v2\/comments?post=5440"}],"version-history":[{"count":69,"href":"https:\/\/www.electroluxprofessional.com\/pl\/wp-json\/wp\/v2\/pages\/5440\/revisions"}],"predecessor-version":[{"id":5474,"href":"https:\/\/www.electroluxprofessional.com\/pl\/wp-json\/wp\/v2\/pages\/5440\/revisions\/5474"}],"wp:attachment":[{"href":"https:\/\/www.electroluxprofessional.com\/pl\/wp-json\/wp\/v2\/media?parent=5440"}],"curies":[{"name":"wp","href":"https:\/\/api.w.org\/{rel}","templated":true}]}}