{"id":5409,"date":"2019-11-08T15:58:42","date_gmt":"2019-11-08T15:58:42","guid":{"rendered":"https:\/\/www.electroluxprofessional.com\/?page_id=26458"},"modified":"2020-10-06T11:11:59","modified_gmt":"2020-10-06T11:11:59","slug":"faq-mypro-suszarka","status":"publish","type":"page","link":"https:\/\/www.electroluxprofessional.com\/pl\/pralnictwo\/mypro-pralki-suszarki-magle-parowe-dla-malych-przedsiebiorstw\/faq-mypro-suszarka\/","title":{"rendered":"FAQ \u2013 myPRO Suszarka"},"content":{"rendered":"<p>[vc_row][vc_column][vc_single_image image=&#8221;5408&#8243;][elx_heading font_container=&#8221;h1&#8243; text_color=&#8221;inherit&#8221;]Pomoc online &#8211; Suszarka[\/elx_heading][vc_empty_space][elx_heading text_color=&#8221;inherit&#8221;]Moja suszarka nie nagrzewa si\u0119[\/elx_heading][vc_column_text]Prosz\u0119 sprawdzi\u0107, czy jednostka skraplaj\u0105ca i filtry s\u0105 czyste oraz sprawdzi\u0107 przycisk \u201epo\u0142owa-za\u0142adunku\u201d (szczeg\u00f3\u0142y w instrukcji obs\u0142ugi).<br \/>\nJe\u015bli przycisk \u201epo\u0142owa-za\u0142adunku\u201d NIE jest wci\u015bni\u0119ty, a problem nadal wyst\u0119puje, mo\u017ce by\u0107 uszkodzona grza\u0142ka, w takim przypadku nale\u017cy j\u0105 sprawdzi\u0107\/wymieni\u0107 korzystaj\u0105c z pomocy technika serwisu.[\/vc_column_text][elx_heading text_color=&#8221;inherit&#8221;]Moja suszarka bardzo szybko ko\u0144czy program[\/elx_heading][vc_column_text]Je\u015bli program czasowy dzia\u0142a prawid\u0142owo, mo\u017ce wyst\u0119powa\u0107 problem z systemem pomiaru wilgotno\u015bci. Mo\u017ce to by\u0107 spowodowane:<\/p>\n<ul>\n<li>niew\u0142a\u015bciwym uziemieniem urz\u0105dzenia (lub ca\u0142kowitym brakiem uziemienia);<\/li>\n<li>zabrudzenie ta\u015bmy pomiarowej umieszczonej w przednim szczycie b\u0119bna. B\u0119ben i ta\u015bm\u0119 mo\u017cna przeczy\u015bci\u0107 za pomoc\u0105 octu czyszcz\u0105cego.<\/li>\n<\/ul>\n<p>[\/vc_column_text][elx_heading text_color=&#8221;inherit&#8221;]B\u0119ben mojej suszarki nie obraca si\u0119[\/elx_heading][vc_column_text]Przed pierwszym u\u017cyciem nale\u017cy upewni\u0107 si\u0119, \u017ce zabezpieczenia transportowe zosta\u0142y zdj\u0119te z b\u0119bna.<br \/>\nJe\u015bli silnik pracuje, mo\u017ce pojawi\u0107 si\u0119 problem z paskiem lub opask\u0105 filcow\u0105. Musi to zosta\u0107 sprawdzone\/naprawione przez technika serwisu.[\/vc_column_text][elx_heading text_color=&#8221;inherit&#8221;]Czy mog\u0119 zmieni\u0107 stron\u0119 otwierania drzwi mojej suszarki?[\/elx_heading][vc_column_text]Tak, chocia\u017c to nie jest obj\u0119te gwarancj\u0105.<br \/>\nMo\u017cna to zrobi\u0107 samemu &#8211; jest to opisane w instrukcji obs\u0142ugi, dost\u0119pne s\u0105 te\u017c filmy instrukta\u017cowe.[\/vc_column_text][elx_heading text_color=&#8221;inherit&#8221;]Moja suszarka wy\u015bwietla komunikat o b\u0142\u0119dzie &#8220;C7&#8243;[\/elx_heading][vc_column_text]Osi\u0105gni\u0119cie w\u0142a\u015bciwej temperatury trwa zbyt d\u0142ugo. M\u00f3g\u0142 pojawi\u0107 si\u0119 problem z grza\u0142k\u0105. Sprawd\u017a, czy filtry pruszu i jednostka skraplaj\u0105ca s\u0105 czyste:<br \/>\nJe\u015bli s\u0105 one czyste i problem nie ust\u0119puje, nale\u017cy skontaktowa\u0107 si\u0119 z serwisem.[\/vc_column_text][elx_heading text_color=&#8221;inherit&#8221;]Na mojej suszarce skropla si\u0119 para wodna[\/elx_heading][vc_column_text]Pomieszczenie, w kt\u00f3rym znajduje si\u0119 urz\u0105dzenie, mo\u017ce by\u0107 zbyt ma\u0142e, a wentylacja niewystarczaj\u0105ca.[\/vc_column_text][elx_heading text_color=&#8221;inherit&#8221;]Moja suszarka nie uruchomia si\u0119[\/elx_heading][vc_column_text]Prosz\u0119 sprawdzi\u0107, czy drzwi za\u0142adunkowe i filtr powietrza znajduj\u0105 si\u0119 w odpowiednim po\u0142o\u017ceniu.<br \/>\nJe\u015bli nie \u015bwiec\u0105 si\u0119 \u017cadne diody LED lub wy\u015bwietlacz jest ciemny, nale\u017cy sprawdzi\u0107, czy urz\u0105dzenie ma zasilanie z sieci elektrycznej. Je\u015bli \u015bwieci si\u0119 dioda LED, mo\u017ce to wskazywa\u0107 na b\u0142\u0105d &#8211; patrz r\u00f3wnie\u017c instrukcja obs\u0142ugi.<br \/>\nBy\u0107 mo\u017ce nie naciska\u0142e\u015b wystarczaj\u0105co d\u0142ugo przycisku start. Nale\u017cy zresetowa\u0107 urz\u0105dzenie, ustawiaj\u0105c pokr\u0119t\u0142o wyboru programu na &#8220;0&#8221;. Odczeka\u0107 10 sekund, a nast\u0119pnie obr\u00f3ci\u0107 pokr\u0119t\u0142o wyboru programu na wybrany program i wcisn\u0105\u0107 przycisk uruchamiania na 5 sekund.<br \/>\nJe\u015bli temperatura otoczenia jest niska, urz\u0105dzenie mog\u0142o zosta\u0107 zatrzymane przez zabezpieczenie przed zamarzaniem (mo\u017ce to by\u0107 r\u00f3wnie\u017c sygnalizowane przez miganie wszystkich diod LED), kt\u00f3re zatrzymuje urz\u0105dzenie przy temperaturze ni\u017cszej ni\u017c +5\u00b0C. Nale\u017cy zwi\u0119kszy\u0107 temperatur\u0119 otoczenia lub przenie\u015b\u0107 urz\u0105dzenie do cieplejszego miejsca. Je\u015bli temperatura nie jest ni\u017csza ni\u017c +5\u00b0C, urz\u0105dzenie powinno zosta\u0107 sprawdzone przez technika serwisu. Prosz\u0119 klikn\u0105\u0107 na przycisk \u201eZapytaj o eksperta\u201d po lewej stronie ekranu, aby uzyska\u0107 informacje na temat rezerwacji wizyty technika.<br \/>\n<strong>Je\u015bli tw\u00f3j model ma na dole zbiornik na wod\u0119:<\/strong><br \/>\nTw\u00f3j model nie posiada pompy spustowej, wi\u0119c woda musi mie\u0107 mo\u017cliwo\u015b\u0107 grawitacyjnego odp\u0142ywu. Je\u015bli suszarka b\u0119bnowa jest pod\u0142\u0105czona do odp\u0142ywu za pomoc\u0105 w\u0119\u017ca, mog\u0142o to by\u0107 niew\u0142a\u015bciwie zrobione &#8211; na w\u0119\u017cu mo\u017ce znajdowa\u0107 si\u0119 p\u0119tla lub w\u0105\u017c nie zosta\u0142 skr\u00f3cony. Szczeg\u00f3\u0142owe informacje znajduj\u0105 si\u0119 w instrukcji obs\u0142ugi.<br \/>\n<strong>Je\u015bli tw\u00f3j model ma zbiornik na wod\u0119 na g\u00f3rze:<\/strong><br \/>\nUpewnij si\u0119, \u017ce urz\u0105dzenie jest pod\u0142\u0105czone do odp\u0142ywu i \u017ce w zbiorniku znajduje si\u0119 woda.<br \/>\nJe\u015bli tw\u00f3j model jest wyposa\u017cony w pomp\u0119, w\u0105\u017c odprowadzaj\u0105cy wod\u0119 musi by\u0107 pod\u0142\u0105czony do czerwonego w\u0119\u017ca (na g\u00f3rze), a nie do wylotu na dole. Upewnij si\u0119, \u017ce w\u0105\u017c odp\u0142ywowy jest skr\u00f3cony do odpowiedniej d\u0142ugo\u015bci i nie ma na nim \u017cadnych p\u0119tli. Szczeg\u00f3\u0142owe informacje znajduj\u0105 si\u0119 r\u00f3wnie\u017c w instrukcji obs\u0142ugi.[\/vc_column_text][vc_empty_space][elx_button button_text=&#8221;myPRO, pralki, suszarki i magle parowe dla ma\u0142ych przedsi\u0119biorstw&#8221; button_style=&#8221;icon&#8221; button_link=&#8221;url:https%3A%2F%2Fwww.electroluxprofessional.com%2Fpl%2Fpralnictwo%2Fmypro-pralki-suszarki-magle-parowe-dla-malych-przedsiebiorstw%2F|title:myPRO%2C%20pralki%2C%20suszarki%20i%20magle%20parowe%20dla%20ma%C5%82ych%20przedsi%C4%99biorstw||&#8221;][elx_button button_text=&#8221;myPROzip pralnia obs\u0142ugiwana przez go\u015bci&#8221; button_style=&#8221;icon&#8221; button_link=&#8221;url:https%3A%2F%2Fwww.electroluxprofessional.com%2Fpl%2Fpralnictwo%2Fmyprozip-pralnia-obslugiwana-gosci%2F|title:myPROzip%20pralnia%20obs%C5%82ugiwana%20przez%20go%C5%9Bci||&#8221;][vc_empty_space][\/vc_column][\/vc_row]<\/p>\n","protected":false},"excerpt":{"rendered":"<p>[vc_row][vc_column][vc_single_image image=&#8221;5408&#8243;][elx_heading font_container=&#8221;h1&#8243; text_color=&#8221;inherit&#8221;]Pomoc online &#8211; Suszarka[\/elx_heading][vc_empty_space][elx_heading text_color=&#8221;inherit&#8221;]Moja suszarka nie nagrzewa si\u0119[\/elx_heading][vc_column_text]Prosz\u0119 sprawdzi\u0107, czy jednostka skraplaj\u0105ca i filtry s\u0105 czyste oraz sprawdzi\u0107 przycisk \u201epo\u0142owa-za\u0142adunku\u201d (szczeg\u00f3\u0142y w instrukcji obs\u0142ugi). Je\u015bli przycisk \u201epo\u0142owa-za\u0142adunku\u201d NIE jest wci\u015bni\u0119ty, a problem nadal wyst\u0119puje, mo\u017ce by\u0107 uszkodzona grza\u0142ka, w takim przypadku nale\u017cy j\u0105 sprawdzi\u0107\/wymieni\u0107 korzystaj\u0105c z pomocy technika serwisu.[\/vc_column_text][elx_heading text_color=&#8221;inherit&#8221;]Moja suszarka [&hellip;]<\/p>\n","protected":false},"author":3,"featured_media":0,"parent":5159,"menu_order":0,"comment_status":"closed","ping_status":"closed","template":"page-campaigns.php","meta":{"footnotes":""},"class_list":["post-5409","page","type-page","status-publish","hentry"],"acf":[],"yoast_head":"<!-- This site is optimized with the Yoast SEO plugin v23.3 - https:\/\/yoast.com\/wordpress\/plugins\/seo\/ -->\n<title>FAQ \u2013 myPRO Suszarka pomoc online - Electrolux Professional<\/title>\n<meta name=\"description\" content=\"Jakie\u015b k\u0142opoty? Sprawd\u017a stron\u0119 pomocy online dla suszarek myPRO.\" \/>\n<meta name=\"robots\" content=\"index, follow, max-snippet:-1, max-image-preview:large, max-video-preview:-1\" \/>\n<link rel=\"canonical\" href=\"https:\/\/www.electroluxprofessional.com\/pl\/pralnictwo\/mypro-pralki-suszarki-magle-parowe-dla-malych-przedsiebiorstw\/faq-mypro-suszarka\/\" \/>\n<meta property=\"og:locale\" content=\"pl_PL\" \/>\n<meta property=\"og:type\" content=\"article\" \/>\n<meta property=\"og:title\" content=\"FAQ \u2013 myPRO Suszarka pomoc online - Electrolux Professional\" \/>\n<meta property=\"og:description\" content=\"Jakie\u015b k\u0142opoty? Sprawd\u017a stron\u0119 pomocy online dla suszarek myPRO.\" \/>\n<meta property=\"og:url\" content=\"https:\/\/www.electroluxprofessional.com\/pl\/pralnictwo\/mypro-pralki-suszarki-magle-parowe-dla-malych-przedsiebiorstw\/faq-mypro-suszarka\/\" \/>\n<meta property=\"og:site_name\" content=\"Electrolux Professional Polska\" \/>\n<meta property=\"article:modified_time\" content=\"2020-10-06T11:11:59+00:00\" \/>\n<meta name=\"twitter:card\" content=\"summary_large_image\" \/>\n<meta name=\"twitter:label1\" content=\"Szacowany czas czytania\" \/>\n\t<meta name=\"twitter:data1\" content=\"4 minuty\" \/>\n<script type=\"application\/ld+json\" class=\"yoast-schema-graph\">{\"@context\":\"https:\/\/schema.org\",\"@graph\":[{\"@type\":\"WebPage\",\"@id\":\"https:\/\/www.electroluxprofessional.com\/pl\/pralnictwo\/mypro-pralki-suszarki-magle-parowe-dla-malych-przedsiebiorstw\/faq-mypro-suszarka\/\",\"url\":\"https:\/\/www.electroluxprofessional.com\/pl\/pralnictwo\/mypro-pralki-suszarki-magle-parowe-dla-malych-przedsiebiorstw\/faq-mypro-suszarka\/\",\"name\":\"FAQ \u2013 myPRO Suszarka pomoc online - Electrolux Professional\",\"isPartOf\":{\"@id\":\"https:\/\/www.electroluxprofessional.com\/pl\/#website\"},\"datePublished\":\"2019-11-08T15:58:42+00:00\",\"dateModified\":\"2020-10-06T11:11:59+00:00\",\"description\":\"Jakie\u015b k\u0142opoty? Sprawd\u017a stron\u0119 pomocy online dla suszarek myPRO.\",\"breadcrumb\":{\"@id\":\"https:\/\/www.electroluxprofessional.com\/pl\/pralnictwo\/mypro-pralki-suszarki-magle-parowe-dla-malych-przedsiebiorstw\/faq-mypro-suszarka\/#breadcrumb\"},\"inLanguage\":\"pl-PL\",\"potentialAction\":[{\"@type\":\"ReadAction\",\"target\":[\"https:\/\/www.electroluxprofessional.com\/pl\/pralnictwo\/mypro-pralki-suszarki-magle-parowe-dla-malych-przedsiebiorstw\/faq-mypro-suszarka\/\"]}]},{\"@type\":\"BreadcrumbList\",\"@id\":\"https:\/\/www.electroluxprofessional.com\/pl\/pralnictwo\/mypro-pralki-suszarki-magle-parowe-dla-malych-przedsiebiorstw\/faq-mypro-suszarka\/#breadcrumb\",\"itemListElement\":[{\"@type\":\"ListItem\",\"position\":1,\"name\":\"Strona g\u0142\u00f3wna\",\"item\":\"https:\/\/www.electroluxprofessional.com\/pl\/\"},{\"@type\":\"ListItem\",\"position\":2,\"name\":\"Pralnictwo\",\"item\":\"https:\/\/www.electroluxprofessional.com\/pl\/pralnictwo\/\"},{\"@type\":\"ListItem\",\"position\":3,\"name\":\"myPRO, pralki, suszarki i magle parowe dla ma\u0142ych przedsi\u0119biorstw\",\"item\":\"https:\/\/www.electroluxprofessional.com\/pl\/pralnictwo\/mypro-pralki-suszarki-magle-parowe-dla-malych-przedsiebiorstw\/\"},{\"@type\":\"ListItem\",\"position\":4,\"name\":\"FAQ \u2013 myPRO Suszarka\"}]},{\"@type\":\"WebSite\",\"@id\":\"https:\/\/www.electroluxprofessional.com\/pl\/#website\",\"url\":\"https:\/\/www.electroluxprofessional.com\/pl\/\",\"name\":\"Electrolux Professional Polska\",\"description\":\"\",\"potentialAction\":[{\"@type\":\"SearchAction\",\"target\":{\"@type\":\"EntryPoint\",\"urlTemplate\":\"https:\/\/www.electroluxprofessional.com\/pl\/?src={search_term_string}\"},\"query-input\":\"required name=search_term_string\"}],\"inLanguage\":\"pl-PL\"}]}<\/script>\n<!-- \/ Yoast SEO plugin. -->","yoast_head_json":{"title":"FAQ \u2013 myPRO Suszarka pomoc online - Electrolux Professional","description":"Jakie\u015b k\u0142opoty? Sprawd\u017a stron\u0119 pomocy online dla suszarek myPRO.","robots":{"index":"index","follow":"follow","max-snippet":"max-snippet:-1","max-image-preview":"max-image-preview:large","max-video-preview":"max-video-preview:-1"},"canonical":"https:\/\/www.electroluxprofessional.com\/pl\/pralnictwo\/mypro-pralki-suszarki-magle-parowe-dla-malych-przedsiebiorstw\/faq-mypro-suszarka\/","og_locale":"pl_PL","og_type":"article","og_title":"FAQ \u2013 myPRO Suszarka pomoc online - Electrolux Professional","og_description":"Jakie\u015b k\u0142opoty? Sprawd\u017a stron\u0119 pomocy online dla suszarek myPRO.","og_url":"https:\/\/www.electroluxprofessional.com\/pl\/pralnictwo\/mypro-pralki-suszarki-magle-parowe-dla-malych-przedsiebiorstw\/faq-mypro-suszarka\/","og_site_name":"Electrolux Professional Polska","article_modified_time":"2020-10-06T11:11:59+00:00","twitter_card":"summary_large_image","twitter_misc":{"Szacowany czas czytania":"4 minuty"},"schema":{"@context":"https:\/\/schema.org","@graph":[{"@type":"WebPage","@id":"https:\/\/www.electroluxprofessional.com\/pl\/pralnictwo\/mypro-pralki-suszarki-magle-parowe-dla-malych-przedsiebiorstw\/faq-mypro-suszarka\/","url":"https:\/\/www.electroluxprofessional.com\/pl\/pralnictwo\/mypro-pralki-suszarki-magle-parowe-dla-malych-przedsiebiorstw\/faq-mypro-suszarka\/","name":"FAQ \u2013 myPRO Suszarka pomoc online - Electrolux Professional","isPartOf":{"@id":"https:\/\/www.electroluxprofessional.com\/pl\/#website"},"datePublished":"2019-11-08T15:58:42+00:00","dateModified":"2020-10-06T11:11:59+00:00","description":"Jakie\u015b k\u0142opoty? Sprawd\u017a stron\u0119 pomocy online dla suszarek myPRO.","breadcrumb":{"@id":"https:\/\/www.electroluxprofessional.com\/pl\/pralnictwo\/mypro-pralki-suszarki-magle-parowe-dla-malych-przedsiebiorstw\/faq-mypro-suszarka\/#breadcrumb"},"inLanguage":"pl-PL","potentialAction":[{"@type":"ReadAction","target":["https:\/\/www.electroluxprofessional.com\/pl\/pralnictwo\/mypro-pralki-suszarki-magle-parowe-dla-malych-przedsiebiorstw\/faq-mypro-suszarka\/"]}]},{"@type":"BreadcrumbList","@id":"https:\/\/www.electroluxprofessional.com\/pl\/pralnictwo\/mypro-pralki-suszarki-magle-parowe-dla-malych-przedsiebiorstw\/faq-mypro-suszarka\/#breadcrumb","itemListElement":[{"@type":"ListItem","position":1,"name":"Strona g\u0142\u00f3wna","item":"https:\/\/www.electroluxprofessional.com\/pl\/"},{"@type":"ListItem","position":2,"name":"Pralnictwo","item":"https:\/\/www.electroluxprofessional.com\/pl\/pralnictwo\/"},{"@type":"ListItem","position":3,"name":"myPRO, pralki, suszarki i magle parowe dla ma\u0142ych przedsi\u0119biorstw","item":"https:\/\/www.electroluxprofessional.com\/pl\/pralnictwo\/mypro-pralki-suszarki-magle-parowe-dla-malych-przedsiebiorstw\/"},{"@type":"ListItem","position":4,"name":"FAQ \u2013 myPRO Suszarka"}]},{"@type":"WebSite","@id":"https:\/\/www.electroluxprofessional.com\/pl\/#website","url":"https:\/\/www.electroluxprofessional.com\/pl\/","name":"Electrolux Professional Polska","description":"","potentialAction":[{"@type":"SearchAction","target":{"@type":"EntryPoint","urlTemplate":"https:\/\/www.electroluxprofessional.com\/pl\/?src={search_term_string}"},"query-input":"required name=search_term_string"}],"inLanguage":"pl-PL"}]}},"_links":{"self":[{"href":"https:\/\/www.electroluxprofessional.com\/pl\/wp-json\/wp\/v2\/pages\/5409"}],"collection":[{"href":"https:\/\/www.electroluxprofessional.com\/pl\/wp-json\/wp\/v2\/pages"}],"about":[{"href":"https:\/\/www.electroluxprofessional.com\/pl\/wp-json\/wp\/v2\/types\/page"}],"author":[{"embeddable":true,"href":"https:\/\/www.electroluxprofessional.com\/pl\/wp-json\/wp\/v2\/users\/3"}],"replies":[{"embeddable":true,"href":"https:\/\/www.electroluxprofessional.com\/pl\/wp-json\/wp\/v2\/comments?post=5409"}],"version-history":[{"count":3,"href":"https:\/\/www.electroluxprofessional.com\/pl\/wp-json\/wp\/v2\/pages\/5409\/revisions"}],"predecessor-version":[{"id":5846,"href":"https:\/\/www.electroluxprofessional.com\/pl\/wp-json\/wp\/v2\/pages\/5409\/revisions\/5846"}],"up":[{"embeddable":true,"href":"https:\/\/www.electroluxprofessional.com\/pl\/wp-json\/wp\/v2\/pages\/5159"}],"wp:attachment":[{"href":"https:\/\/www.electroluxprofessional.com\/pl\/wp-json\/wp\/v2\/media?parent=5409"}],"curies":[{"name":"wp","href":"https:\/\/api.w.org\/{rel}","templated":true}]}}