{"id":5404,"date":"2019-11-08T15:54:08","date_gmt":"2019-11-08T15:54:08","guid":{"rendered":"https:\/\/www.electroluxprofessional.com\/?page_id=26409"},"modified":"2020-10-06T11:05:56","modified_gmt":"2020-10-06T11:05:56","slug":"faq-mypro-pralka","status":"publish","type":"page","link":"https:\/\/www.electroluxprofessional.com\/pl\/pralnictwo\/mypro-pralki-suszarki-magle-parowe-dla-malych-przedsiebiorstw\/faq-mypro-pralka\/","title":{"rendered":"FAQ \u2013 myPRO Pralka"},"content":{"rendered":"<p>[vc_row][vc_column][vc_single_image image=&#8221;5403&#8243;][elx_heading font_container=&#8221;h1&#8243; text_color=&#8221;inherit&#8221;]Pomoc online &#8211; Pralka[\/elx_heading][vc_empty_space][elx_heading text_color=&#8221;inherit&#8221;]W\u0105\u017c dop\u0142ywowy mojej pralki przecieka.[\/elx_heading][vc_column_text]Aby rozwi\u0105za\u0107 problem:<\/p>\n<ul>\n<li>Sprawdzi\u0107, czy z\u0142\u0105cze w\u0119\u017ca dop\u0142ywowego jest prawid\u0142owo wkr\u0119cone\/doci\u015bni\u0119te do wlotu \u015bciennego lub kranu. Nie nale\u017cy u\u017cywa\u0107 szczypiec lub podobnych narz\u0119dzi do wciskania z\u0142\u0105cza, nale\u017cy je wciska\u0107 tylko r\u0119cznie!<\/li>\n<li>Sprawdzi\u0107, czy nie ma wycieku z kranu wlotowego. W przypadku stwierdzenia wycieku z kranu, nale\u017cy wezwa\u0107 hydraulika, aby rozwi\u0105za\u0142 problem.<\/li>\n<\/ul>\n<p>[\/vc_column_text][elx_heading text_color=&#8221;inherit&#8221;]Jak czy\u015bci\u0107 uszczelk\u0119 gumow\u0105 pralki[\/elx_heading][vc_column_text]Jak czy\u015bci\u0107 uszczelk\u0119 drzwi i inne wewn\u0119trzne cz\u0119\u015bci pralki:<\/p>\n<ul>\n<li>Czyszczenie uszczelki mo\u017ce r\u00f3wnie\u017c rozwi\u0105za\u0107 problemy ze \u015bladami lub plamami na odzie\u017cy, je\u015bli bardzo cz\u0119sto stosowane s\u0105 programy szybkiego prania lub programy niskotemperaturowe.<\/li>\n<li>Aby wyczy\u015bci\u0107 uszczelk\u0119, nale\u017cy przeprowadzi\u0107 kilka cykli prania w temperaturze 90\u00b0C, bez za\u0142adunku, ale z kubkiem w\u0119glanu sodu w b\u0119bnie. (W\u0119glan sodu podra\u017cnia sk\u00f3r\u0119 i b\u0142ony \u015bluzowe. Prosz\u0119 u\u017cywa\u0107 z du\u017c\u0105 ostro\u017cno\u015bci\u0105!)<\/li>\n<li>Mo\u017cna te\u017c u\u017cy\u0107 naszego specjalnego \u015brodka czyszcz\u0105cego do pralek Electrolux.<\/li>\n<\/ul>\n<p>[\/vc_column_text][elx_heading text_color=&#8221;inherit&#8221;]Moja pralka robi ha\u0142as &#8211; porusza si\u0119 i trz\u0119sie podczas cyklu wirowania[\/elx_heading][vc_column_text]Upewnij si\u0119, \u017ce <b>\u015bruby zabezpieczaj\u0105ce<\/b> (zabezpieczenie transportowe) zosta\u0142y wykr\u0119cone z ty\u0142u urz\u0105dzenia.<br \/>\nWypoziomuj urz\u0105dzenie, podnosz\u0105c lub opuszczaj\u0105c <b>n\u00f3\u017cki<\/b>. Urz\u0105dzenie musi sta\u0107 stabilne na twardej, <b>p\u0142askiej pod\u0142odze<\/b>. W razie potrzeby u\u017cyj poziomicy. Ewentualnej regulacji mo\u017cna dokona\u0107 za pomoc\u0105 klucza p\u0142askiego. Wa\u017cne jest, aby pralka nie dotyka\u0142a bezpo\u015brednio innych obiekt\u00f3w, poniewa\u017c urz\u0105dzenie b\u0119dzie wibrowa\u0107 podczas wirowania.<br \/>\nUpewnij si\u0119, \u017ce wszystkie w\u0119\u017ce s\u0105 pewnie osadzone i przymocowane do tylnej cz\u0119\u015bci obudowy urz\u0105dzenia. Lu\u017ano zamocowane <b>w\u0119\u017ce<\/b> mog\u0105 wibrowa\u0107 podczas cykli wirowania i wydawa\u0107 odg\u0142osy \u201estukania\u201d.<br \/>\nSprawd\u017a, czy <b>pranie <\/b>zosta\u0142o prawid\u0142owo za\u0142adowane i upewnij si\u0119, \u017ce mi\u0119dzy drzwiami a b\u0119bnem nie znajduj\u0105 si\u0119 \u017cadne tkaniny.<br \/>\n<b>PAMI\u0118TAJ!\u00a0<\/b>Za\u0142adowanie tylko jednej rzeczy mo\u017ce spowodowa\u0107 niewywa\u017cenie wsadu, tak samo jak prze\u0142adowany b\u0119ben.<br \/>\nJe\u015bli urz\u0105dzenie ma widoczny filtr, nale\u017cy go sprawdzi\u0107 w przypadku gdy w <b>filtrze odp\u0142ywu <\/b>zostan\u0105 uwi\u0119zione lu\u017ane monety, zapalniczki, guziki lub inne ma\u0142e przedmioty<b>.<\/b> Opis post\u0119powania znajduje si\u0119 w instrukcji obs\u0142ugi.<br \/>\nLu\u017ane fiszbiny od biustonoszy &#8211; sprawdzi\u0107 otwory b\u0119bna\/pomi\u0119dzy sekcjami b\u0119bna.<br \/>\nNormalne odg\u0142osy &#8211; mog\u0105 wyst\u0119powa\u0107 w ca\u0142ym cyklu prania &#8211; na przyk\u0142ad klamry i zamki b\u0142yskawiczne stukaj\u0105ce w szyb\u0119, wibracje podczas cykli wirowania, praca pomp i silnik\u00f3w, pob\u00f3r wody podczas cykli nape\u0142niania, nagrzewanie si\u0119 element\u00f3w, wentylatory pracuj\u0105ce w cyklach suchych (tylko pralko-suszarki), brz\u0119czenie przy zmianach cyklu, elektronika na pocz\u0105tku i ko\u0144cu cyklu.[\/vc_column_text][elx_heading text_color=&#8221;inherit&#8221;]Zamek drzwi mojej pralki jest zepsuty[\/elx_heading][vc_column_text]Kiedy program dobiega ko\u0144ca, przez jaki\u015b czas nie mo\u017cna otworzy\u0107 drzwi. Nie przejmuj si\u0119, to nie znaczy, \u017ce s\u0105 zepsute &#8211; jest to standardowa funkcja, zamek drzwi zostanie zwolniony po oko\u0142o 2-5 minutach.<br \/>\nJe\u015bli po 2-5 minutach nadal nie mo\u017cesz otworzy\u0107 drzwi, sprawd\u017a, czy kt\u00f3ra\u015b z cz\u0119\u015bci klamki nie jest uszkodzona. Je\u015bli tak, nale\u017cy zam\u00f3wi\u0107 wizyt\u0119 serwisanta, kt\u00f3ry rozwi\u0105\u017ce ten problem za Ciebie.[\/vc_column_text][elx_heading text_color=&#8221;inherit&#8221;]Uszczelka drzwi mojej pralki jest poskr\u0119cana i przecieka[\/elx_heading][vc_column_text]Uszkodzenie uszczelki drzwi jest zwykle spowodowane:<\/p>\n<ul>\n<li>Przeci\u0105\u017ceniem maszyny<\/li>\n<li>Ubraniami, kt\u00f3re w momencie rozpocz\u0119cia programu prania utkn\u0119\u0142y mi\u0119dzy uszczelk\u0105 a szyb\u0105 drzwiow\u0105<\/li>\n<\/ul>\n<p>Aby\u015bmy mogli udzieli\u0107 Pa\u0144stwu dalszej pomocy, nale\u017cy ustali\u0107 dok\u0142adny charakter Pa\u0144stwa problemu i, miejmy nadziej\u0119, rozwi\u0105za\u0107 go. Zalecamy wizyt\u0119 jednego z naszych autoryzowanych serwisant\u00f3w w celu sprawdzenia Pa\u0144stwa urz\u0105dzenia.[\/vc_column_text][elx_heading text_color=&#8221;inherit&#8221;]Pranie kurczy si\u0119 po wyci\u0105gni\u0119ci z pralki.[\/elx_heading][vc_column_text]<b>Jak pra\u0107 we\u0142n\u0119<\/b><br \/>\nWe\u0142na jest w\u0142\u00f3knem naturalnym o szerokim zakresie zastosowa\u0144. Mo\u017ce by\u0107 trudnym materia\u0142em i nale\u017cy j\u0105 traktowa\u0107 z dba\u0142o\u015bci\u0105 o jej form\u0119, kolor i jako\u015b\u0107.<\/p>\n<p><b>W\u0142a\u015bciwe pranie we\u0142ny<\/b><br \/>\nWe\u0142na jest materia\u0142em naturalnym, kt\u00f3ry nale\u017cy pra\u0107 i suszy\u0107 w odpowiedni spos\u00f3b.\u00a0 Zaleca si\u0119 r\u00f3wnie\u017c zawsze przestrzega\u0107 instrukcji prania odzie\u017cy.<\/p>\n<p><b>Podczas prania we\u0142ny nie nale\u017cy u\u017cywa\u0107 proszku do prania zawieraj\u0105cego enzymy.\u00a0<\/b><br \/>\nWi\u0119kszo\u015b\u0107 typ\u00f3w detergent\u00f3w do prania zawiera enzymy, kt\u00f3re pomagaj\u0105 rozpuszcza\u0107 t\u0142uszcz i brud, u\u0142atwiaj\u0105c czyszczenie ubra\u0144.\u00a0 We\u0142na nie toleruje enzym\u00f3w, poniewa\u017c mog\u0105 one rozpuszcza\u0107 we\u0142n\u0119. W zwi\u0105zku z tym bardzo wa\u017cne jest, aby nie pra\u0107 we\u0142ny przy u\u017cyciu detergent\u00f3w zawieraj\u0105cych enzymy.\u00a0 W celu wyprania we\u0142nianych ubra\u0144, mo\u017cna kupi\u0107 specjalne detergenty do we\u0142ny.[\/vc_column_text][elx_heading text_color=&#8221;inherit&#8221;]Plamy na tekstyliach[\/elx_heading][vc_column_text]<b>Przyczyny<\/b><\/p>\n<p>Je\u015bli kiedykolwiek u\u017cywa\u0142e\u015b program\u00f3w prania w temperaturze 40\u00b0C lub ni\u017cszej, mog\u0142o to spowodowa\u0107 nagromadzenie si\u0119 detergentu i pozosta\u0142o\u015bci brudu w pralce. Mo\u017ce to by\u0107 przyczyn\u0105 powstawania szarych plam na praniu.<\/p>\n<p>Plamy na odzie\u017cy\/tekstyliach mog\u0105 by\u0107 r\u00f3wnie\u017c spowodowane reakcj\u0105 chemiczn\u0105 na niekt\u00f3re \u015brodki higieny osobistej lub produkty gospodarstwa domowego, na przyk\u0142ad w po\u0142\u0105czeniu z detergentem:<\/p>\n<p>&#8211; Wybielacz<\/p>\n<p>&#8211; Krem tr\u0105dzikowy<\/p>\n<p>&#8211; Szampon<\/p>\n<p>&#8211; Perfumy<\/p>\n<p>&#8211; \u017bele<\/p>\n<p>&#8211; Farba do w\u0142os\u00f3w<\/p>\n<p><b>Rozwi\u0105zanie<\/b><\/p>\n<p>Nale\u017cy wykona\u0107 kilka cykli prania w temperaturze 90\u00b0C, bez prania, wsypuj\u0105c do b\u0119bna kubek w\u0119glanu sodu. Tym sposobem zostanie wyczyszczona uszczelka i wewn\u0119trzne cz\u0119\u015bci pralki. (W\u0119glan sodu podra\u017cnia sk\u00f3r\u0119 i b\u0142ony \u015bluzowe. Prosz\u0119 u\u017cywa\u0107 z du\u017c\u0105 ostro\u017cno\u015bci\u0105!)<\/p>\n<p>Mo\u017cna te\u017c u\u017cy\u0107 naszego specjalnego \u015brodka czyszcz\u0105cego do pralek Electrolux.[\/vc_column_text][vc_empty_space][elx_button button_text=&#8221;myPRO, pralki, suszarki i magle parowe dla ma\u0142ych przedsi\u0119biorstw&#8221; button_style=&#8221;icon&#8221; button_link=&#8221;url:https%3A%2F%2Fwww.electroluxprofessional.com%2Fpl%2Fpralnictwo%2Fmypro-pralki-suszarki-magle-parowe-dla-malych-przedsiebiorstw%2F|title:myPRO%2C%20pralki%2C%20suszarki%20i%20magle%20parowe%20dla%20ma%C5%82ych%20przedsi%C4%99biorstw||&#8221;][elx_button button_text=&#8221;myPROzip pralnia obs\u0142ugiwana przez go\u015bci&#8221; button_style=&#8221;icon&#8221; button_link=&#8221;url:https%3A%2F%2Fwww.electroluxprofessional.com%2Fpl%2Fpralnictwo%2Fmyprozip-pralnia-obslugiwana-gosci%2F|title:myPROzip%20pralnia%20obs%C5%82ugiwana%20przez%20go%C5%9Bci||&#8221;][vc_empty_space][\/vc_column][\/vc_row]<\/p>\n","protected":false},"excerpt":{"rendered":"<p>[vc_row][vc_column][vc_single_image image=&#8221;5403&#8243;][elx_heading font_container=&#8221;h1&#8243; text_color=&#8221;inherit&#8221;]Pomoc online &#8211; Pralka[\/elx_heading][vc_empty_space][elx_heading text_color=&#8221;inherit&#8221;]W\u0105\u017c dop\u0142ywowy mojej pralki przecieka.[\/elx_heading][vc_column_text]Aby rozwi\u0105za\u0107 problem: Sprawdzi\u0107, czy z\u0142\u0105cze w\u0119\u017ca dop\u0142ywowego jest prawid\u0142owo wkr\u0119cone\/doci\u015bni\u0119te do wlotu \u015bciennego lub kranu. Nie nale\u017cy u\u017cywa\u0107 szczypiec lub podobnych narz\u0119dzi do wciskania z\u0142\u0105cza, nale\u017cy je wciska\u0107 tylko r\u0119cznie! Sprawdzi\u0107, czy nie ma wycieku z kranu wlotowego. W przypadku stwierdzenia wycieku z [&hellip;]<\/p>\n","protected":false},"author":3,"featured_media":0,"parent":5159,"menu_order":0,"comment_status":"closed","ping_status":"closed","template":"page-campaigns.php","meta":{"footnotes":""},"class_list":["post-5404","page","type-page","status-publish","hentry"],"acf":[],"yoast_head":"<!-- This site is optimized with the Yoast SEO plugin v23.3 - https:\/\/yoast.com\/wordpress\/plugins\/seo\/ -->\n<title>FAQ \u2013 myPRO Pralka - Electrolux Professional<\/title>\n<meta name=\"description\" content=\"Jakie\u015b k\u0142opoty? Sprawd\u017a stron\u0119 pomocy online dla pralki myPRO.\" \/>\n<meta name=\"robots\" content=\"index, follow, max-snippet:-1, max-image-preview:large, max-video-preview:-1\" \/>\n<link rel=\"canonical\" href=\"https:\/\/www.electroluxprofessional.com\/pl\/pralnictwo\/mypro-pralki-suszarki-magle-parowe-dla-malych-przedsiebiorstw\/faq-mypro-pralka\/\" \/>\n<meta property=\"og:locale\" content=\"pl_PL\" \/>\n<meta property=\"og:type\" content=\"article\" \/>\n<meta property=\"og:title\" content=\"FAQ \u2013 myPRO Pralka - Electrolux Professional\" \/>\n<meta property=\"og:description\" content=\"Jakie\u015b k\u0142opoty? Sprawd\u017a stron\u0119 pomocy online dla pralki myPRO.\" \/>\n<meta property=\"og:url\" content=\"https:\/\/www.electroluxprofessional.com\/pl\/pralnictwo\/mypro-pralki-suszarki-magle-parowe-dla-malych-przedsiebiorstw\/faq-mypro-pralka\/\" \/>\n<meta property=\"og:site_name\" content=\"Electrolux Professional Polska\" \/>\n<meta property=\"article:modified_time\" content=\"2020-10-06T11:05:56+00:00\" \/>\n<meta name=\"twitter:card\" content=\"summary_large_image\" \/>\n<meta name=\"twitter:label1\" content=\"Szacowany czas czytania\" \/>\n\t<meta name=\"twitter:data1\" content=\"6 minut\" \/>\n<script type=\"application\/ld+json\" class=\"yoast-schema-graph\">{\"@context\":\"https:\/\/schema.org\",\"@graph\":[{\"@type\":\"WebPage\",\"@id\":\"https:\/\/www.electroluxprofessional.com\/pl\/pralnictwo\/mypro-pralki-suszarki-magle-parowe-dla-malych-przedsiebiorstw\/faq-mypro-pralka\/\",\"url\":\"https:\/\/www.electroluxprofessional.com\/pl\/pralnictwo\/mypro-pralki-suszarki-magle-parowe-dla-malych-przedsiebiorstw\/faq-mypro-pralka\/\",\"name\":\"FAQ \u2013 myPRO Pralka - Electrolux Professional\",\"isPartOf\":{\"@id\":\"https:\/\/www.electroluxprofessional.com\/pl\/#website\"},\"datePublished\":\"2019-11-08T15:54:08+00:00\",\"dateModified\":\"2020-10-06T11:05:56+00:00\",\"description\":\"Jakie\u015b k\u0142opoty? Sprawd\u017a stron\u0119 pomocy online dla pralki myPRO.\",\"breadcrumb\":{\"@id\":\"https:\/\/www.electroluxprofessional.com\/pl\/pralnictwo\/mypro-pralki-suszarki-magle-parowe-dla-malych-przedsiebiorstw\/faq-mypro-pralka\/#breadcrumb\"},\"inLanguage\":\"pl-PL\",\"potentialAction\":[{\"@type\":\"ReadAction\",\"target\":[\"https:\/\/www.electroluxprofessional.com\/pl\/pralnictwo\/mypro-pralki-suszarki-magle-parowe-dla-malych-przedsiebiorstw\/faq-mypro-pralka\/\"]}]},{\"@type\":\"BreadcrumbList\",\"@id\":\"https:\/\/www.electroluxprofessional.com\/pl\/pralnictwo\/mypro-pralki-suszarki-magle-parowe-dla-malych-przedsiebiorstw\/faq-mypro-pralka\/#breadcrumb\",\"itemListElement\":[{\"@type\":\"ListItem\",\"position\":1,\"name\":\"Strona g\u0142\u00f3wna\",\"item\":\"https:\/\/www.electroluxprofessional.com\/pl\/\"},{\"@type\":\"ListItem\",\"position\":2,\"name\":\"Pralnictwo\",\"item\":\"https:\/\/www.electroluxprofessional.com\/pl\/pralnictwo\/\"},{\"@type\":\"ListItem\",\"position\":3,\"name\":\"myPRO, pralki, suszarki i magle parowe dla ma\u0142ych przedsi\u0119biorstw\",\"item\":\"https:\/\/www.electroluxprofessional.com\/pl\/pralnictwo\/mypro-pralki-suszarki-magle-parowe-dla-malych-przedsiebiorstw\/\"},{\"@type\":\"ListItem\",\"position\":4,\"name\":\"FAQ \u2013 myPRO Pralka\"}]},{\"@type\":\"WebSite\",\"@id\":\"https:\/\/www.electroluxprofessional.com\/pl\/#website\",\"url\":\"https:\/\/www.electroluxprofessional.com\/pl\/\",\"name\":\"Electrolux Professional Polska\",\"description\":\"\",\"potentialAction\":[{\"@type\":\"SearchAction\",\"target\":{\"@type\":\"EntryPoint\",\"urlTemplate\":\"https:\/\/www.electroluxprofessional.com\/pl\/?src={search_term_string}\"},\"query-input\":\"required name=search_term_string\"}],\"inLanguage\":\"pl-PL\"}]}<\/script>\n<!-- \/ Yoast SEO plugin. -->","yoast_head_json":{"title":"FAQ \u2013 myPRO Pralka - Electrolux Professional","description":"Jakie\u015b k\u0142opoty? Sprawd\u017a stron\u0119 pomocy online dla pralki myPRO.","robots":{"index":"index","follow":"follow","max-snippet":"max-snippet:-1","max-image-preview":"max-image-preview:large","max-video-preview":"max-video-preview:-1"},"canonical":"https:\/\/www.electroluxprofessional.com\/pl\/pralnictwo\/mypro-pralki-suszarki-magle-parowe-dla-malych-przedsiebiorstw\/faq-mypro-pralka\/","og_locale":"pl_PL","og_type":"article","og_title":"FAQ \u2013 myPRO Pralka - Electrolux Professional","og_description":"Jakie\u015b k\u0142opoty? Sprawd\u017a stron\u0119 pomocy online dla pralki myPRO.","og_url":"https:\/\/www.electroluxprofessional.com\/pl\/pralnictwo\/mypro-pralki-suszarki-magle-parowe-dla-malych-przedsiebiorstw\/faq-mypro-pralka\/","og_site_name":"Electrolux Professional Polska","article_modified_time":"2020-10-06T11:05:56+00:00","twitter_card":"summary_large_image","twitter_misc":{"Szacowany czas czytania":"6 minut"},"schema":{"@context":"https:\/\/schema.org","@graph":[{"@type":"WebPage","@id":"https:\/\/www.electroluxprofessional.com\/pl\/pralnictwo\/mypro-pralki-suszarki-magle-parowe-dla-malych-przedsiebiorstw\/faq-mypro-pralka\/","url":"https:\/\/www.electroluxprofessional.com\/pl\/pralnictwo\/mypro-pralki-suszarki-magle-parowe-dla-malych-przedsiebiorstw\/faq-mypro-pralka\/","name":"FAQ \u2013 myPRO Pralka - Electrolux Professional","isPartOf":{"@id":"https:\/\/www.electroluxprofessional.com\/pl\/#website"},"datePublished":"2019-11-08T15:54:08+00:00","dateModified":"2020-10-06T11:05:56+00:00","description":"Jakie\u015b k\u0142opoty? Sprawd\u017a stron\u0119 pomocy online dla pralki myPRO.","breadcrumb":{"@id":"https:\/\/www.electroluxprofessional.com\/pl\/pralnictwo\/mypro-pralki-suszarki-magle-parowe-dla-malych-przedsiebiorstw\/faq-mypro-pralka\/#breadcrumb"},"inLanguage":"pl-PL","potentialAction":[{"@type":"ReadAction","target":["https:\/\/www.electroluxprofessional.com\/pl\/pralnictwo\/mypro-pralki-suszarki-magle-parowe-dla-malych-przedsiebiorstw\/faq-mypro-pralka\/"]}]},{"@type":"BreadcrumbList","@id":"https:\/\/www.electroluxprofessional.com\/pl\/pralnictwo\/mypro-pralki-suszarki-magle-parowe-dla-malych-przedsiebiorstw\/faq-mypro-pralka\/#breadcrumb","itemListElement":[{"@type":"ListItem","position":1,"name":"Strona g\u0142\u00f3wna","item":"https:\/\/www.electroluxprofessional.com\/pl\/"},{"@type":"ListItem","position":2,"name":"Pralnictwo","item":"https:\/\/www.electroluxprofessional.com\/pl\/pralnictwo\/"},{"@type":"ListItem","position":3,"name":"myPRO, pralki, suszarki i magle parowe dla ma\u0142ych przedsi\u0119biorstw","item":"https:\/\/www.electroluxprofessional.com\/pl\/pralnictwo\/mypro-pralki-suszarki-magle-parowe-dla-malych-przedsiebiorstw\/"},{"@type":"ListItem","position":4,"name":"FAQ \u2013 myPRO Pralka"}]},{"@type":"WebSite","@id":"https:\/\/www.electroluxprofessional.com\/pl\/#website","url":"https:\/\/www.electroluxprofessional.com\/pl\/","name":"Electrolux Professional Polska","description":"","potentialAction":[{"@type":"SearchAction","target":{"@type":"EntryPoint","urlTemplate":"https:\/\/www.electroluxprofessional.com\/pl\/?src={search_term_string}"},"query-input":"required name=search_term_string"}],"inLanguage":"pl-PL"}]}},"_links":{"self":[{"href":"https:\/\/www.electroluxprofessional.com\/pl\/wp-json\/wp\/v2\/pages\/5404"}],"collection":[{"href":"https:\/\/www.electroluxprofessional.com\/pl\/wp-json\/wp\/v2\/pages"}],"about":[{"href":"https:\/\/www.electroluxprofessional.com\/pl\/wp-json\/wp\/v2\/types\/page"}],"author":[{"embeddable":true,"href":"https:\/\/www.electroluxprofessional.com\/pl\/wp-json\/wp\/v2\/users\/3"}],"replies":[{"embeddable":true,"href":"https:\/\/www.electroluxprofessional.com\/pl\/wp-json\/wp\/v2\/comments?post=5404"}],"version-history":[{"count":3,"href":"https:\/\/www.electroluxprofessional.com\/pl\/wp-json\/wp\/v2\/pages\/5404\/revisions"}],"predecessor-version":[{"id":5845,"href":"https:\/\/www.electroluxprofessional.com\/pl\/wp-json\/wp\/v2\/pages\/5404\/revisions\/5845"}],"up":[{"embeddable":true,"href":"https:\/\/www.electroluxprofessional.com\/pl\/wp-json\/wp\/v2\/pages\/5159"}],"wp:attachment":[{"href":"https:\/\/www.electroluxprofessional.com\/pl\/wp-json\/wp\/v2\/media?parent=5404"}],"curies":[{"name":"wp","href":"https:\/\/api.w.org\/{rel}","templated":true}]}}