{"id":5393,"date":"2019-11-08T10:40:46","date_gmt":"2019-11-08T10:40:46","guid":{"rendered":"https:\/\/www.electroluxprofessional.com\/?page_id=26372"},"modified":"2020-10-06T11:42:24","modified_gmt":"2020-10-06T11:42:24","slug":"zarzadzanie-obiektami","status":"publish","type":"page","link":"https:\/\/www.electroluxprofessional.com\/pl\/twoj-biznes\/maly-biznes\/zarzadzanie-obiektami\/","title":{"rendered":"Zarz\u0105dzanie obiektami &#8211; firmy sprz\u0105taj\u0105ce"},"content":{"rendered":"<p>[vc_row full_width=&#8221;electroluxpro-full-width-no-padding&#8221; css=&#8221;.vc_custom_1569489800242{background-color: #041e41 !important;}&#8221;][vc_column][vc_single_image image=&#8221;5387&#8243; img_size=&#8221;full&#8221; alignment=&#8221;center&#8221;][\/vc_column][\/vc_row][vc_row][vc_column][vc_empty_space][\/vc_column][\/vc_row][vc_row][vc_column width=&#8221;2\/3&#8243;][elx_heading font_container=&#8221;h1&#8243; text_color=&#8221;electrolux-blue&#8221;]Rozwi\u0105zania w zakresie zarz\u0105dzania obiektami &#8211; firmy sprz\u0105taj\u0105ce[\/elx_heading][vc_column_text]Uzyskanie mop\u00f3w wystarczaj\u0105co czystych, aby przej\u015b\u0107 audyt, jest prawdziwym wyzwaniem w przypadku korzystania z maszyn domowych w pralni. <strong>Pralka i suszarka myPRO<\/strong> to niezawodne urz\u0105dzenia, kt\u00f3rym mo\u017cna zaufa\u0107 i kt\u00f3re zapewniaj\u0105 najwy\u017cszej jako\u015bci rozwi\u0105zania w zakresie zarz\u0105dzania obiektem.[\/vc_column_text][elx_button button_text=&#8221;Go to products&#8221; button_style=&#8221;icon&#8221; button_link=&#8221;url:https%3A%2F%2Fwww.electroluxprofessional.com%2Fpl%2Fpralnictwo%2Fmypro-pralki-suszarki-magle-parowe-dla-malych-przedsiebiorstw%2F|title:myPRO%2C%20pralki%2C%20suszarki%20i%20magle%20parowe%20dla%20ma%C5%82ych%20przedsi%C4%99biorstw||&#8221;][\/vc_column][vc_column width=&#8221;1\/3&#8243;][elx_heading text_color=&#8221;electrolux-blue&#8221;]Pobierz ulotk\u0119[\/elx_heading][elx_download_block text=&#8221;rozwi\u0105zania w zakresie prania myPRO<br \/>\ndla zarz\u0105dzania obiektami<br \/>\n&#8221; document_type=&#8221;leaflets&#8221; background_color=&#8221;laundry-solutions&#8221; le_document_number=&#8221;CLF-9JE00012&#8243;][\/vc_column][\/vc_row][vc_row][vc_column][vc_single_image image=&#8221;5388&#8243; img_size=&#8221;full&#8221; alignment=&#8221;center&#8221;][\/vc_column][\/vc_row][vc_row content_placement=&#8221;top&#8221; el_class=&#8221;marginNegative&#8221;][vc_column width=&#8221;1\/3&#8243;][vc_empty_space][elx_heading font_container=&#8221;h5&#8243; font_size=&#8221;h5&#8243; text_color=&#8221;inherit&#8221;]Profesjonalne programy[\/elx_heading][vc_column_text]Do <strong>50% szybciej ni\u017c w przypadku maszyn domowych<\/strong>. Wi\u0119ksza elastyczno\u015b\u0107 dzi\u0119ki programom przeznaczonym do wielu r\u00f3\u017cnych zastosowa\u0144, w tym programom dezynfekcji.[\/vc_column_text][\/vc_column][vc_column width=&#8221;1\/3&#8243;][vc_empty_space][elx_heading font_container=&#8221;h5&#8243; font_size=&#8221;h5&#8243; text_color=&#8221;inherit&#8221;]Programy dezynfekcji[\/elx_heading][vc_column_text]Wi\u0119ksza elastyczno\u015b\u0107 dzi\u0119ki programom przeznaczonym do wielu r\u00f3\u017cnych zastosowa\u0144, w tym <strong>programom dezynfekcji<\/strong>, kt\u00f3re pomagaj\u0105 spe\u0142ni\u0107 wymagania w zakresie higieny i czysto\u015bci.[\/vc_column_text][\/vc_column][vc_column width=&#8221;1\/3&#8243;][vc_empty_space][elx_heading font_container=&#8221;h5&#8243; font_size=&#8221;h5&#8243; text_color=&#8221;inherit&#8221;]Zoptymalizowana perforacja b\u0119bna[\/elx_heading][vc_column_text]Zapewnia usuwanie wszystkich zabrudze\u0144 i cz\u0105stek sta\u0142ych.\u00a0<strong>Du\u017ce otwory o \u015brednicy 4,5 mm<\/strong> zapewniaj\u0105 skuteczne wyp\u0142ukiwanie cz\u0105stek sta\u0142ych z b\u0119bna, minimalizuj\u0105c \u015bcieranie si\u0119 tkanin.[\/vc_column_text][\/vc_column][\/vc_row][vc_row content_placement=&#8221;top&#8221; el_class=&#8221;marginNegative&#8221;][vc_column width=&#8221;1\/3&#8243;][vc_single_image image=&#8221;5389&#8243; img_size=&#8221;large&#8221;][elx_heading text_color=&#8221;inherit&#8221;]Najwy\u017csza jako\u015b\u0107 i higiena[\/elx_heading][vc_column_text css=&#8221;.vc_custom_1581424583272{margin-bottom: 0px !important;}&#8221; el_class=&#8221;minHeightCirclesText&#8221;]<em>Moi klienci widz\u0105 r\u00f3\u017cnic\u0119, a moje mopy i \u015bciereczki s\u0105 czystsze i wytrzymuj\u0105 d\u0142u\u017cej<\/em><\/p>\n<p><em>\u00a0<\/em>[\/vc_column_text][vc_column_text css=&#8221;.vc_custom_1581424596026{margin-top: 15px !important;}&#8221;]<\/p>\n<ul>\n<li><strong>Doskona\u0142a higiena<\/strong> dzi\u0119ki programom dezynfekcji i prania mop\u00f3w dla mop\u00f3w i \u015bcierek<\/li>\n<li><strong>Najlepsze rezultaty prania i piel\u0119gnacji odzie\u017cy<\/strong> dzi\u0119ki zastosowaniu<em> b\u0119bna Electrolux SpeedCare.<\/em><\/li>\n<li><strong>Wi\u0119ksza elastyczno\u015b\u0107 <\/strong>dzi\u0119ki <em>profesjonalnym programom<\/em><\/li>\n<\/ul>\n<p>[\/vc_column_text][\/vc_column][vc_column width=&#8221;1\/3&#8243;][vc_single_image image=&#8221;5390&#8243; img_size=&#8221;large&#8221;][elx_heading text_color=&#8221;inherit&#8221; css=&#8221;.vc_custom_1581424607453{margin-top: 0px !important;}&#8221;]Wydajne i niezawodne[\/elx_heading][vc_column_text css=&#8221;.vc_custom_1581424623069{margin-bottom: 0px !important;}&#8221; el_class=&#8221;minHeightCirclesText&#8221;]<em>&#8220;<\/em><em>Nie musz\u0119 si\u0119 martwi\u0107 o nieoczekiwane przestoje w pralni mog\u0105ce op\u00f3\u017ani\u0107 m\u00f3j audyt&#8221;<\/em>[\/vc_column_text][vc_column_text css=&#8221;.vc_custom_1581424635198{margin-top: 15px !important;}&#8221;]<\/p>\n<ul>\n<li><strong>Efektywne wyp\u0142ukiwanie<\/strong> cz\u0105stek sta\u0142ych z b\u0119bna zapewnione przez du\u017ce otwory o \u015brednicy 4,5 mm.<\/li>\n<li><strong>3 razy d\u0142u\u017csza \u017cywotno\u015b\u0107<\/strong> w por\u00f3wnaniu z maszynami domowymi dzi\u0119ki zastosowaniu profesjonalnych komponent\u00f3w<\/li>\n<li>Kompaktowy i mobilny dzi\u0119ki sk\u0142adanemu blatowi (IS185)<\/li>\n<\/ul>\n<p>[\/vc_column_text][\/vc_column][vc_column width=&#8221;1\/3&#8243;][vc_single_image image=&#8221;5391&#8243; img_size=&#8221;large&#8221;][elx_heading text_color=&#8221;inherit&#8221;]Zielona dusza &#8211; dla op\u0142acalnej inwestycji[\/elx_heading][vc_column_text css=&#8221;.vc_custom_1581424662410{margin-bottom: 0px !important;}&#8221; el_class=&#8221;minHeightCirclesText&#8221;]<em>&#8220;Oszcz\u0119dzam czas oraz pieni\u0105dze na detergentach, dzi\u0119ki zastosowaniu wydajnego systemu dozowania&#8221;<\/em>[\/vc_column_text][vc_column_text css=&#8221;.vc_custom_1581424673904{margin-top: 15px !important;}&#8221;]<\/p>\n<ul>\n<li><strong>Oszcz\u0119dno\u015b\u0107 koszt\u00f3w i czasu <\/strong>dzi\u0119ki systemowi dozowania zewn\u0119trznego<\/li>\n<li>Oszcz\u0119dno\u015b\u0107 energii i koszt\u00f3w dzi\u0119ki efektywno\u015bci energetycznej A+++<\/li>\n<li><strong><em>Gwarancja<\/em><\/strong> <em>na zastosowania komercyjne<\/em><\/li>\n<\/ul>\n<p>[\/vc_column_text][\/vc_column][\/vc_row][vc_row][vc_column][vc_empty_space][\/vc_column][\/vc_row][vc_row][vc_column][elx_o2000_contact_us r=&#8221;I would like to find out more about Laundry solutions for Facility Management&#8221; s=&#8221;Request of information about Hairdressers &amp; Beauty Salons&#8221; l=&#8221;en&#8221; b=&#8221;laundry&#8221;][\/vc_column][\/vc_row][vc_row][vc_column][vc_empty_space][\/vc_column][\/vc_row][vc_row css=&#8221;.vc_custom_1534772259989{background-color: #eeeeee !important;}&#8221;][vc_column width=&#8221;2\/3&#8243;][elx_heading font_size=&#8221;h3&#8243; text_color=&#8221;inherit&#8221;]Szukasz bardziej wydajnych rozwi\u0105za\u0144?[\/elx_heading][elx_heading font_container=&#8221;h3&#8243; font_size=&#8221;h5&#8243; text_color=&#8221;inherit&#8221;]Zapraszamy do zapoznania si\u0119 z naszymi komercyjnymi rozwi\u0105zaniami w zakresie prania.[\/elx_heading][vc_column_text]Electrolux Professional oferuje szerok\u0105 gam\u0119 produkt\u00f3w do profesjonalnego pralnictwa.[\/vc_column_text][elx_button button_text=&#8221;Odkryj nasze rozwi\u0105zania pralnicze&#8221; button_style=&#8221;icon&#8221; button_link=&#8221;url:https%3A%2F%2Fwww.electroluxprofessional.com%2Fpl%2Fpralnictwo%2F|title:Commercial%20Laundry%20Solutions%20||&#8221;][\/vc_column][vc_column width=&#8221;1\/3&#8243;][vc_empty_space][vc_single_image image=&#8221;5392&#8243; img_size=&#8221;700px&#8221; onclick=&#8221;custom_link&#8221; link=&#8221;http:\/\/https:\/\/www.electroluxprofessional.com\/pl\/your-business\/commercial-laundries\/&#8221;][\/vc_column][\/vc_row]<\/p>\n","protected":false},"excerpt":{"rendered":"<p>[vc_row full_width=&#8221;electroluxpro-full-width-no-padding&#8221; css=&#8221;.vc_custom_1569489800242{background-color: #041e41 !important;}&#8221;][vc_column][vc_single_image image=&#8221;5387&#8243; img_size=&#8221;full&#8221; alignment=&#8221;center&#8221;][\/vc_column][\/vc_row][vc_row][vc_column][vc_empty_space][\/vc_column][\/vc_row][vc_row][vc_column width=&#8221;2\/3&#8243;][elx_heading font_container=&#8221;h1&#8243; text_color=&#8221;electrolux-blue&#8221;]Rozwi\u0105zania w zakresie zarz\u0105dzania obiektami &#8211; firmy sprz\u0105taj\u0105ce[\/elx_heading][vc_column_text]Uzyskanie mop\u00f3w wystarczaj\u0105co czystych, aby przej\u015b\u0107 audyt, jest prawdziwym wyzwaniem w przypadku korzystania z maszyn domowych w pralni. Pralka i suszarka myPRO to niezawodne urz\u0105dzenia, kt\u00f3rym mo\u017cna zaufa\u0107 i kt\u00f3re zapewniaj\u0105 najwy\u017cszej jako\u015bci rozwi\u0105zania w zakresie zarz\u0105dzania obiektem.[\/vc_column_text][elx_button [&hellip;]<\/p>\n","protected":false},"author":3,"featured_media":0,"parent":5275,"menu_order":0,"comment_status":"closed","ping_status":"closed","template":"","meta":{"footnotes":""},"class_list":["post-5393","page","type-page","status-publish","hentry"],"acf":[],"yoast_head":"<!-- This site is optimized with the Yoast SEO plugin v23.3 - https:\/\/yoast.com\/wordpress\/plugins\/seo\/ -->\n<title>Rozwi\u0105zania w zakresie zarz\u0105dzania obiektami - firmy sprz\u0105taj\u0105ce - Electrolux Professional<\/title>\n<meta name=\"description\" content=\"Pralka i suszarka myPRO to niezawodne urz\u0105dzenia, kt\u00f3rym mo\u017cna zaufa\u0107 i kt\u00f3re zapewniaj\u0105 najwy\u017cszej jako\u015bci rozwi\u0105zania w zakresie zarz\u0105dzania obiektem.\" \/>\n<meta name=\"robots\" content=\"index, follow, max-snippet:-1, max-image-preview:large, max-video-preview:-1\" \/>\n<link rel=\"canonical\" href=\"https:\/\/www.electroluxprofessional.com\/pl\/twoj-biznes\/maly-biznes\/zarzadzanie-obiektami\/\" \/>\n<meta property=\"og:locale\" content=\"pl_PL\" \/>\n<meta property=\"og:type\" content=\"article\" \/>\n<meta property=\"og:title\" content=\"Rozwi\u0105zania w zakresie zarz\u0105dzania obiektami - firmy sprz\u0105taj\u0105ce - Electrolux Professional\" \/>\n<meta property=\"og:description\" content=\"Pralka i suszarka myPRO to niezawodne urz\u0105dzenia, kt\u00f3rym mo\u017cna zaufa\u0107 i kt\u00f3re zapewniaj\u0105 najwy\u017cszej jako\u015bci rozwi\u0105zania w zakresie zarz\u0105dzania obiektem.\" \/>\n<meta property=\"og:url\" content=\"https:\/\/www.electroluxprofessional.com\/pl\/twoj-biznes\/maly-biznes\/zarzadzanie-obiektami\/\" \/>\n<meta property=\"og:site_name\" content=\"Electrolux Professional Polska\" \/>\n<meta property=\"article:modified_time\" content=\"2020-10-06T11:42:24+00:00\" \/>\n<meta name=\"twitter:card\" content=\"summary_large_image\" \/>\n<meta name=\"twitter:label1\" content=\"Szacowany czas czytania\" \/>\n\t<meta name=\"twitter:data1\" content=\"5 minut\" \/>\n<script type=\"application\/ld+json\" class=\"yoast-schema-graph\">{\"@context\":\"https:\/\/schema.org\",\"@graph\":[{\"@type\":\"WebPage\",\"@id\":\"https:\/\/www.electroluxprofessional.com\/pl\/twoj-biznes\/maly-biznes\/zarzadzanie-obiektami\/\",\"url\":\"https:\/\/www.electroluxprofessional.com\/pl\/twoj-biznes\/maly-biznes\/zarzadzanie-obiektami\/\",\"name\":\"Rozwi\u0105zania w zakresie zarz\u0105dzania obiektami - firmy sprz\u0105taj\u0105ce - Electrolux Professional\",\"isPartOf\":{\"@id\":\"https:\/\/www.electroluxprofessional.com\/pl\/#website\"},\"datePublished\":\"2019-11-08T10:40:46+00:00\",\"dateModified\":\"2020-10-06T11:42:24+00:00\",\"description\":\"Pralka i suszarka myPRO to niezawodne urz\u0105dzenia, kt\u00f3rym mo\u017cna zaufa\u0107 i kt\u00f3re zapewniaj\u0105 najwy\u017cszej jako\u015bci rozwi\u0105zania w zakresie zarz\u0105dzania obiektem.\",\"breadcrumb\":{\"@id\":\"https:\/\/www.electroluxprofessional.com\/pl\/twoj-biznes\/maly-biznes\/zarzadzanie-obiektami\/#breadcrumb\"},\"inLanguage\":\"pl-PL\",\"potentialAction\":[{\"@type\":\"ReadAction\",\"target\":[\"https:\/\/www.electroluxprofessional.com\/pl\/twoj-biznes\/maly-biznes\/zarzadzanie-obiektami\/\"]}]},{\"@type\":\"BreadcrumbList\",\"@id\":\"https:\/\/www.electroluxprofessional.com\/pl\/twoj-biznes\/maly-biznes\/zarzadzanie-obiektami\/#breadcrumb\",\"itemListElement\":[{\"@type\":\"ListItem\",\"position\":1,\"name\":\"Strona g\u0142\u00f3wna\",\"item\":\"https:\/\/www.electroluxprofessional.com\/pl\/\"},{\"@type\":\"ListItem\",\"position\":2,\"name\":\"Tw\u00f3j biznes\",\"item\":\"https:\/\/www.electroluxprofessional.com\/pl\/twoj-biznes\/\"},{\"@type\":\"ListItem\",\"position\":3,\"name\":\"Ma\u0142y biznes\",\"item\":\"https:\/\/www.electroluxprofessional.com\/pl\/twoj-biznes\/maly-biznes\/\"},{\"@type\":\"ListItem\",\"position\":4,\"name\":\"Zarz\u0105dzanie obiektami &#8211; firmy sprz\u0105taj\u0105ce\"}]},{\"@type\":\"WebSite\",\"@id\":\"https:\/\/www.electroluxprofessional.com\/pl\/#website\",\"url\":\"https:\/\/www.electroluxprofessional.com\/pl\/\",\"name\":\"Electrolux Professional Polska\",\"description\":\"\",\"potentialAction\":[{\"@type\":\"SearchAction\",\"target\":{\"@type\":\"EntryPoint\",\"urlTemplate\":\"https:\/\/www.electroluxprofessional.com\/pl\/?src={search_term_string}\"},\"query-input\":\"required name=search_term_string\"}],\"inLanguage\":\"pl-PL\"}]}<\/script>\n<!-- \/ Yoast SEO plugin. -->","yoast_head_json":{"title":"Rozwi\u0105zania w zakresie zarz\u0105dzania obiektami - firmy sprz\u0105taj\u0105ce - Electrolux Professional","description":"Pralka i suszarka myPRO to niezawodne urz\u0105dzenia, kt\u00f3rym mo\u017cna zaufa\u0107 i kt\u00f3re zapewniaj\u0105 najwy\u017cszej jako\u015bci rozwi\u0105zania w zakresie zarz\u0105dzania obiektem.","robots":{"index":"index","follow":"follow","max-snippet":"max-snippet:-1","max-image-preview":"max-image-preview:large","max-video-preview":"max-video-preview:-1"},"canonical":"https:\/\/www.electroluxprofessional.com\/pl\/twoj-biznes\/maly-biznes\/zarzadzanie-obiektami\/","og_locale":"pl_PL","og_type":"article","og_title":"Rozwi\u0105zania w zakresie zarz\u0105dzania obiektami - firmy sprz\u0105taj\u0105ce - Electrolux Professional","og_description":"Pralka i suszarka myPRO to niezawodne urz\u0105dzenia, kt\u00f3rym mo\u017cna zaufa\u0107 i kt\u00f3re zapewniaj\u0105 najwy\u017cszej jako\u015bci rozwi\u0105zania w zakresie zarz\u0105dzania obiektem.","og_url":"https:\/\/www.electroluxprofessional.com\/pl\/twoj-biznes\/maly-biznes\/zarzadzanie-obiektami\/","og_site_name":"Electrolux Professional Polska","article_modified_time":"2020-10-06T11:42:24+00:00","twitter_card":"summary_large_image","twitter_misc":{"Szacowany czas czytania":"5 minut"},"schema":{"@context":"https:\/\/schema.org","@graph":[{"@type":"WebPage","@id":"https:\/\/www.electroluxprofessional.com\/pl\/twoj-biznes\/maly-biznes\/zarzadzanie-obiektami\/","url":"https:\/\/www.electroluxprofessional.com\/pl\/twoj-biznes\/maly-biznes\/zarzadzanie-obiektami\/","name":"Rozwi\u0105zania w zakresie zarz\u0105dzania obiektami - firmy sprz\u0105taj\u0105ce - Electrolux Professional","isPartOf":{"@id":"https:\/\/www.electroluxprofessional.com\/pl\/#website"},"datePublished":"2019-11-08T10:40:46+00:00","dateModified":"2020-10-06T11:42:24+00:00","description":"Pralka i suszarka myPRO to niezawodne urz\u0105dzenia, kt\u00f3rym mo\u017cna zaufa\u0107 i kt\u00f3re zapewniaj\u0105 najwy\u017cszej jako\u015bci rozwi\u0105zania w zakresie zarz\u0105dzania obiektem.","breadcrumb":{"@id":"https:\/\/www.electroluxprofessional.com\/pl\/twoj-biznes\/maly-biznes\/zarzadzanie-obiektami\/#breadcrumb"},"inLanguage":"pl-PL","potentialAction":[{"@type":"ReadAction","target":["https:\/\/www.electroluxprofessional.com\/pl\/twoj-biznes\/maly-biznes\/zarzadzanie-obiektami\/"]}]},{"@type":"BreadcrumbList","@id":"https:\/\/www.electroluxprofessional.com\/pl\/twoj-biznes\/maly-biznes\/zarzadzanie-obiektami\/#breadcrumb","itemListElement":[{"@type":"ListItem","position":1,"name":"Strona g\u0142\u00f3wna","item":"https:\/\/www.electroluxprofessional.com\/pl\/"},{"@type":"ListItem","position":2,"name":"Tw\u00f3j biznes","item":"https:\/\/www.electroluxprofessional.com\/pl\/twoj-biznes\/"},{"@type":"ListItem","position":3,"name":"Ma\u0142y biznes","item":"https:\/\/www.electroluxprofessional.com\/pl\/twoj-biznes\/maly-biznes\/"},{"@type":"ListItem","position":4,"name":"Zarz\u0105dzanie obiektami &#8211; firmy sprz\u0105taj\u0105ce"}]},{"@type":"WebSite","@id":"https:\/\/www.electroluxprofessional.com\/pl\/#website","url":"https:\/\/www.electroluxprofessional.com\/pl\/","name":"Electrolux Professional Polska","description":"","potentialAction":[{"@type":"SearchAction","target":{"@type":"EntryPoint","urlTemplate":"https:\/\/www.electroluxprofessional.com\/pl\/?src={search_term_string}"},"query-input":"required name=search_term_string"}],"inLanguage":"pl-PL"}]}},"_links":{"self":[{"href":"https:\/\/www.electroluxprofessional.com\/pl\/wp-json\/wp\/v2\/pages\/5393"}],"collection":[{"href":"https:\/\/www.electroluxprofessional.com\/pl\/wp-json\/wp\/v2\/pages"}],"about":[{"href":"https:\/\/www.electroluxprofessional.com\/pl\/wp-json\/wp\/v2\/types\/page"}],"author":[{"embeddable":true,"href":"https:\/\/www.electroluxprofessional.com\/pl\/wp-json\/wp\/v2\/users\/3"}],"replies":[{"embeddable":true,"href":"https:\/\/www.electroluxprofessional.com\/pl\/wp-json\/wp\/v2\/comments?post=5393"}],"version-history":[{"count":4,"href":"https:\/\/www.electroluxprofessional.com\/pl\/wp-json\/wp\/v2\/pages\/5393\/revisions"}],"predecessor-version":[{"id":5855,"href":"https:\/\/www.electroluxprofessional.com\/pl\/wp-json\/wp\/v2\/pages\/5393\/revisions\/5855"}],"up":[{"embeddable":true,"href":"https:\/\/www.electroluxprofessional.com\/pl\/wp-json\/wp\/v2\/pages\/5275"}],"wp:attachment":[{"href":"https:\/\/www.electroluxprofessional.com\/pl\/wp-json\/wp\/v2\/media?parent=5393"}],"curies":[{"name":"wp","href":"https:\/\/api.w.org\/{rel}","templated":true}]}}