{"id":5382,"date":"2019-10-22T17:59:33","date_gmt":"2019-10-22T17:59:33","guid":{"rendered":"https:\/\/www.electroluxprofessional.com\/?page_id=26266"},"modified":"2020-10-06T11:41:32","modified_gmt":"2020-10-06T11:41:32","slug":"pralnie-samoobslugowe","status":"publish","type":"page","link":"https:\/\/www.electroluxprofessional.com\/pl\/twoj-biznes\/maly-biznes\/pralnie-samoobslugowe\/","title":{"rendered":"Pralnie samoobs\u0142ugowe"},"content":{"rendered":"<p>[vc_row full_width=&#8221;electroluxpro-full-width-no-padding&#8221; css=&#8221;.vc_custom_1569489800242{background-color: #041e41 !important;}&#8221;][vc_column][vc_single_image image=&#8221;5376&#8243; img_size=&#8221;full&#8221; alignment=&#8221;center&#8221;][\/vc_column][\/vc_row][vc_row][vc_column][vc_empty_space][\/vc_column][\/vc_row][vc_row][vc_column width=&#8221;2\/3&#8243;][elx_heading font_container=&#8221;h1&#8243; text_color=&#8221;electrolux-blue&#8221;]Rozwi\u0105zania pralnicze w zakresie pralni samoobs\u0142ugowych[\/elx_heading][vc_column_text]Idealne do u\u017cytku w ma\u0142ych i \u015brednich blokach mieszkalnych oraz w apartamentowcach. <strong>myPRO \u0142\u0105czy w sobie trwa\u0142o\u015b\u0107 z wydajno\u015bci\u0105<\/strong>, pozwalaj\u0105c mieszka\u0144com na szybsze pranie i suszenie bez wysi\u0142ku. Oszcz\u0119dzaj pieni\u0105dze, podczas gdy mieszka\u0144cy oszcz\u0119dzaj\u0105 sw\u00f3j czas.[\/vc_column_text][elx_button button_text=&#8221;Go to products&#8221; button_style=&#8221;icon&#8221; button_link=&#8221;url:https%3A%2F%2Fwww.electroluxprofessional.com%2Fpl%2Fpralnictwo%2Fmypro-pralki-suszarki-magle-parowe-dla-malych-przedsiebiorstw%2F|title:myPRO%2C%20pralki%2C%20suszarki%20i%20magle%20parowe%20dla%20ma%C5%82ych%20przedsi%C4%99biorstw||&#8221;][\/vc_column][vc_column width=&#8221;1\/3&#8243;][elx_heading text_color=&#8221;electrolux-blue&#8221;]Pobierz ulotk\u0119[\/elx_heading][elx_download_block text=&#8221;rozwi\u0105zania pralnicze myPRO<br \/>\ndla pralni samoobs\u0142ugowych<br \/>\n&#8221; document_type=&#8221;leaflets&#8221; background_color=&#8221;laundry-solutions&#8221; le_document_number=&#8221;CLF-9JE00009&#8243;][\/vc_column][\/vc_row][vc_row][vc_column][vc_single_image image=&#8221;5377&#8243; img_size=&#8221;full&#8221; alignment=&#8221;center&#8221;][\/vc_column][\/vc_row][vc_row content_placement=&#8221;top&#8221; el_class=&#8221;marginNegative&#8221;][vc_column width=&#8221;1\/3&#8243;][vc_empty_space][elx_heading font_container=&#8221;h5&#8243; font_size=&#8221;h5&#8243; text_color=&#8221;inherit&#8221;]Profesjonalne programy[\/elx_heading][vc_column_text]Do <strong>50% szybciej ni\u017c w przypadku maszyn domowych<\/strong>. Wi\u0119ksza elastyczno\u015b\u0107 dzi\u0119ki programom przeznaczonym do wielu r\u00f3\u017cnych zastosowa\u0144, w tym programom dezynfekcji.[\/vc_column_text][\/vc_column][vc_column width=&#8221;1\/3&#8243;][vc_empty_space][elx_heading font_container=&#8221;h5&#8243; font_size=&#8221;h5&#8243; text_color=&#8221;inherit&#8221;]Programy dezynfekcji[\/elx_heading][vc_column_text]Wi\u0119ksza elastyczno\u015b\u0107 dzi\u0119ki programom przeznaczonym do wielu r\u00f3\u017cnych zastosowa\u0144, w tym <strong>programom dezynfekcji<\/strong>, kt\u00f3re pomagaj\u0105 spe\u0142ni\u0107 wymagania w zakresie higieny i czysto\u015bci.[\/vc_column_text][\/vc_column][vc_column width=&#8221;1\/3&#8243;][vc_empty_space][elx_heading font_container=&#8221;h5&#8243; font_size=&#8221;h5&#8243; text_color=&#8221;inherit&#8221;]Automatyczna kontrola wilgotno\u015bci[\/elx_heading][vc_column_text]Kr\u00f3tszy cykl suszenia dzi\u0119ki <strong>kontroli poziomu wilgotno\u015bci<\/strong> wewn\u0105trz odzie\u017cy <strong>w czasie rzeczywistym<\/strong>.\u00a0Zapobiega nadmiernemu wysychaniu w\u0142\u00f3kien, oszcz\u0119dza czas i daje u\u017cytkownikom poczucie bezpiecze\u0144stwa.[\/vc_column_text][\/vc_column][\/vc_row][vc_row content_placement=&#8221;top&#8221; el_class=&#8221;marginNegative&#8221;][vc_column width=&#8221;1\/3&#8243;][vc_single_image image=&#8221;5378&#8243; img_size=&#8221;large&#8221;][elx_heading text_color=&#8221;inherit&#8221;]Wydajne i niezawodne[\/elx_heading][vc_column_text css=&#8221;.vc_custom_1581423330556{margin-bottom: 0px !important;}&#8221; el_class=&#8221;minHeightCirclesText&#8221;]<em>&#8220;Nie musz\u0119 si\u0119 martwi\u0107 o nieoczekiwane przestoje w pralni&#8221;<\/em>[\/vc_column_text][vc_column_text css=&#8221;.vc_custom_1581423345184{margin-top: 15px !important;}&#8221;]<\/p>\n<ul>\n<li>Pralka i suszarka zaprojektowane tak aby wytrzyma\u0107 <strong>3 razy d\u0142u\u017cej<\/strong> ni\u017c maszyny domowe<\/li>\n<li>Gwarancja na <em>zastosowania profesjonalne<\/em><\/li>\n<li><strong>Wi\u0119ksza elastyczno\u015b\u0107<\/strong> dzi\u0119ki <em>systemowi dozowania zewn\u0119trznego<\/em><\/li>\n<\/ul>\n<p>[\/vc_column_text][\/vc_column][vc_column width=&#8221;1\/3&#8243;][vc_single_image image=&#8221;5379&#8243; img_size=&#8221;full&#8221;][elx_heading text_color=&#8221;inherit&#8221; css=&#8221;.vc_custom_1581423360264{margin-top: 0px !important;}&#8221;]Oszcz\u0119dzaj pieni\u0105dze, podczas gdy u\u017cytkownicy oszcz\u0119dzaj\u0105 czas[\/elx_heading][vc_column_text css=&#8221;.vc_custom_1581423377398{margin-bottom: 0px !important;}&#8221; el_class=&#8221;minHeightCirclesText&#8221;]<em>&#8220;Poniewa\u017c czas cyklu jest kr\u00f3tszy, mam wielu zadowolonych klient\u00f3w&#8221;<\/em>[\/vc_column_text][vc_column_text css=&#8221;.vc_custom_1581423391496{margin-top: 15px !important;}&#8221;]<\/p>\n<ul>\n<li><strong>Cykle prania kr\u00f3tsze nawet o 50 % <\/strong>dzi\u0119ki programom profesjonalnym<\/li>\n<li><strong>Najlepsze w swojej klasie odprowadzanie wody<\/strong>, kt\u00f3re u\u0142atwia suszenie i prasowanie<\/li>\n<li><strong>Kr\u00f3tszy cykl suszenia <\/strong>dzi\u0119ki automatycznej kontroli wilgotno\u015bci<\/li>\n<\/ul>\n<p>[\/vc_column_text][\/vc_column][vc_column width=&#8221;1\/3&#8243;][vc_single_image image=&#8221;5380&#8243; img_size=&#8221;large&#8221;][elx_heading text_color=&#8221;inherit&#8221;]Bezpiecze\u0144stwo i ergonomia[\/elx_heading][vc_column_text css=&#8221;.vc_custom_1581423429213{margin-bottom: 0px !important;}&#8221; el_class=&#8221;minHeightCirclesText&#8221;]<em>&#8220;Bezpieczne drzwi sprawiaj\u0105, i\u017c moi klienci nie maj\u0105 si\u0119 czego obawia\u0107 kiedy ich dzieci s\u0105 w pobli\u017cu&#8221;<\/em>[\/vc_column_text][vc_column_text css=&#8221;.vc_custom_1581423449889{margin-top: 15px !important;}&#8221;]<\/p>\n<ul>\n<li>Brak obaw dzi\u0119ki <em>drzwiom bezpiecznym dla dzieci<\/em>: <strong>\u0142atwe otwieranie poprzez naci\u015bni\u0119cie<\/strong><\/li>\n<li><strong>Szybki i \u0142atwy podgl\u0105d wn\u0119trza b\u0119bna<\/strong> dzi\u0119ki zastosowanemu o\u015bwietleniu<\/li>\n<li><strong>Mniej wibracji i ha\u0142asu<\/strong> <em>dzi\u0119ki wysoce skutecznemu systemowi amortyzacji wstrz\u0105s\u00f3w<\/em><\/li>\n<\/ul>\n<p>[\/vc_column_text][\/vc_column][\/vc_row][vc_row][vc_column][vc_empty_space][\/vc_column][\/vc_row][vc_row][vc_column][elx_o2000_contact_us r=&#8221;I would like to find out more about Laundry solutions for Self-service&#8221; s=&#8221;Request of information about Hairdressers &amp; Beauty Salons&#8221; l=&#8221;en&#8221; b=&#8221;laundry&#8221;][\/vc_column][\/vc_row][vc_row][vc_column][vc_empty_space][\/vc_column][\/vc_row][vc_row css=&#8221;.vc_custom_1534772259989{background-color: #eeeeee !important;}&#8221;][vc_column width=&#8221;2\/3&#8243;][elx_heading font_size=&#8221;h3&#8243; text_color=&#8221;inherit&#8221;]Szukasz bardziej wydajnych rozwi\u0105za\u0144?[\/elx_heading][elx_heading font_container=&#8221;h3&#8243; font_size=&#8221;h5&#8243; text_color=&#8221;inherit&#8221;]Zapraszamy do zapoznania si\u0119 z naszymi komercyjnymi rozwi\u0105zaniami w zakresie prania.[\/elx_heading][vc_column_text]Electrolux Professional oferuje szerok\u0105 gam\u0119 produkt\u00f3w dla profesjonalnego pralnictwa.[\/vc_column_text][elx_button button_text=&#8221;Odkryj nasze rozwi\u0105zania pralnicze&#8221; button_style=&#8221;icon&#8221; button_link=&#8221;url:https%3A%2F%2Fwww.electroluxprofessional.com%2Fpl%2Fpralnictwo%2F|title:Commercial%20Laundry%20Solutions%20||&#8221;][\/vc_column][vc_column width=&#8221;1\/3&#8243;][vc_empty_space][vc_single_image image=&#8221;5381&#8243; img_size=&#8221;700px&#8221; onclick=&#8221;custom_link&#8221; link=&#8221;http:\/\/https:\/\/www.electroluxprofessional.com\/pl\/your-business\/commercial-laundries\/&#8221;][\/vc_column][\/vc_row]<\/p>\n","protected":false},"excerpt":{"rendered":"<p>[vc_row full_width=&#8221;electroluxpro-full-width-no-padding&#8221; css=&#8221;.vc_custom_1569489800242{background-color: #041e41 !important;}&#8221;][vc_column][vc_single_image image=&#8221;5376&#8243; img_size=&#8221;full&#8221; alignment=&#8221;center&#8221;][\/vc_column][\/vc_row][vc_row][vc_column][vc_empty_space][\/vc_column][\/vc_row][vc_row][vc_column width=&#8221;2\/3&#8243;][elx_heading font_container=&#8221;h1&#8243; text_color=&#8221;electrolux-blue&#8221;]Rozwi\u0105zania pralnicze w zakresie pralni samoobs\u0142ugowych[\/elx_heading][vc_column_text]Idealne do u\u017cytku w ma\u0142ych i \u015brednich blokach mieszkalnych oraz w apartamentowcach. myPRO \u0142\u0105czy w sobie trwa\u0142o\u015b\u0107 z wydajno\u015bci\u0105, pozwalaj\u0105c mieszka\u0144com na szybsze pranie i suszenie bez wysi\u0142ku. Oszcz\u0119dzaj pieni\u0105dze, podczas gdy mieszka\u0144cy oszcz\u0119dzaj\u0105 sw\u00f3j czas.[\/vc_column_text][elx_button button_text=&#8221;Go to products&#8221; button_style=&#8221;icon&#8221; [&hellip;]<\/p>\n","protected":false},"author":3,"featured_media":5375,"parent":5275,"menu_order":0,"comment_status":"closed","ping_status":"closed","template":"","meta":{"footnotes":""},"class_list":["post-5382","page","type-page","status-publish","has-post-thumbnail","hentry"],"acf":[],"yoast_head":"<!-- This site is optimized with the Yoast SEO plugin v23.3 - https:\/\/yoast.com\/wordpress\/plugins\/seo\/ -->\n<title>Rozwi\u0105zania pralnicze w zakresie pralni samoobs\u0142ugowych - Electrolux Professional<\/title>\n<meta name=\"description\" content=\"Idealne do u\u017cytku w ma\u0142ych i \u015brednich blokach mieszkalnych oraz w apartamentowcach. myPRO \u0142\u0105czy w sobie trwa\u0142o\u015b\u0107 z wydajno\u015bci\u0105, pozwalaj\u0105c mieszka\u0144com na szybsze pranie i suszenie bez wysi\u0142ku.\" \/>\n<meta name=\"robots\" content=\"index, follow, max-snippet:-1, max-image-preview:large, max-video-preview:-1\" \/>\n<link rel=\"canonical\" href=\"https:\/\/www.electroluxprofessional.com\/pl\/twoj-biznes\/maly-biznes\/pralnie-samoobslugowe\/\" \/>\n<meta property=\"og:locale\" content=\"pl_PL\" \/>\n<meta property=\"og:type\" content=\"article\" \/>\n<meta property=\"og:title\" content=\"Rozwi\u0105zania pralnicze w zakresie pralni samoobs\u0142ugowych - Electrolux Professional\" \/>\n<meta property=\"og:description\" content=\"Idealne do u\u017cytku w ma\u0142ych i \u015brednich blokach mieszkalnych oraz w apartamentowcach. myPRO \u0142\u0105czy w sobie trwa\u0142o\u015b\u0107 z wydajno\u015bci\u0105, pozwalaj\u0105c mieszka\u0144com na szybsze pranie i suszenie bez wysi\u0142ku.\" \/>\n<meta property=\"og:url\" content=\"https:\/\/www.electroluxprofessional.com\/pl\/twoj-biznes\/maly-biznes\/pralnie-samoobslugowe\/\" \/>\n<meta property=\"og:site_name\" content=\"Electrolux Professional Polska\" \/>\n<meta property=\"article:modified_time\" content=\"2020-10-06T11:41:32+00:00\" \/>\n<meta property=\"og:image\" content=\"https:\/\/www.electroluxprofessional.com\/pl\/wp-content\/uploads\/2019\/11\/myPRO-zip-self-service-laundries-featured.jpg\" \/>\n\t<meta property=\"og:image:width\" content=\"800\" \/>\n\t<meta property=\"og:image:height\" content=\"500\" \/>\n\t<meta property=\"og:image:type\" content=\"image\/jpeg\" \/>\n<meta name=\"twitter:card\" content=\"summary_large_image\" \/>\n<meta name=\"twitter:label1\" content=\"Szacowany czas czytania\" \/>\n\t<meta name=\"twitter:data1\" content=\"4 minuty\" \/>\n<script type=\"application\/ld+json\" class=\"yoast-schema-graph\">{\"@context\":\"https:\/\/schema.org\",\"@graph\":[{\"@type\":\"WebPage\",\"@id\":\"https:\/\/www.electroluxprofessional.com\/pl\/twoj-biznes\/maly-biznes\/pralnie-samoobslugowe\/\",\"url\":\"https:\/\/www.electroluxprofessional.com\/pl\/twoj-biznes\/maly-biznes\/pralnie-samoobslugowe\/\",\"name\":\"Rozwi\u0105zania pralnicze w zakresie pralni samoobs\u0142ugowych - Electrolux Professional\",\"isPartOf\":{\"@id\":\"https:\/\/www.electroluxprofessional.com\/pl\/#website\"},\"primaryImageOfPage\":{\"@id\":\"https:\/\/www.electroluxprofessional.com\/pl\/twoj-biznes\/maly-biznes\/pralnie-samoobslugowe\/#primaryimage\"},\"image\":{\"@id\":\"https:\/\/www.electroluxprofessional.com\/pl\/twoj-biznes\/maly-biznes\/pralnie-samoobslugowe\/#primaryimage\"},\"thumbnailUrl\":\"https:\/\/www.electroluxprofessional.com\/pl\/wp-content\/uploads\/2019\/11\/myPRO-zip-self-service-laundries-featured.jpg\",\"datePublished\":\"2019-10-22T17:59:33+00:00\",\"dateModified\":\"2020-10-06T11:41:32+00:00\",\"description\":\"Idealne do u\u017cytku w ma\u0142ych i \u015brednich blokach mieszkalnych oraz w apartamentowcach. myPRO \u0142\u0105czy w sobie trwa\u0142o\u015b\u0107 z wydajno\u015bci\u0105, pozwalaj\u0105c mieszka\u0144com na szybsze pranie i suszenie bez wysi\u0142ku.\",\"breadcrumb\":{\"@id\":\"https:\/\/www.electroluxprofessional.com\/pl\/twoj-biznes\/maly-biznes\/pralnie-samoobslugowe\/#breadcrumb\"},\"inLanguage\":\"pl-PL\",\"potentialAction\":[{\"@type\":\"ReadAction\",\"target\":[\"https:\/\/www.electroluxprofessional.com\/pl\/twoj-biznes\/maly-biznes\/pralnie-samoobslugowe\/\"]}]},{\"@type\":\"ImageObject\",\"inLanguage\":\"pl-PL\",\"@id\":\"https:\/\/www.electroluxprofessional.com\/pl\/twoj-biznes\/maly-biznes\/pralnie-samoobslugowe\/#primaryimage\",\"url\":\"https:\/\/www.electroluxprofessional.com\/pl\/wp-content\/uploads\/2019\/11\/myPRO-zip-self-service-laundries-featured.jpg\",\"contentUrl\":\"https:\/\/www.electroluxprofessional.com\/pl\/wp-content\/uploads\/2019\/11\/myPRO-zip-self-service-laundries-featured.jpg\",\"width\":800,\"height\":500,\"caption\":\"myPRO zip self service laundries\"},{\"@type\":\"BreadcrumbList\",\"@id\":\"https:\/\/www.electroluxprofessional.com\/pl\/twoj-biznes\/maly-biznes\/pralnie-samoobslugowe\/#breadcrumb\",\"itemListElement\":[{\"@type\":\"ListItem\",\"position\":1,\"name\":\"Strona g\u0142\u00f3wna\",\"item\":\"https:\/\/www.electroluxprofessional.com\/pl\/\"},{\"@type\":\"ListItem\",\"position\":2,\"name\":\"Tw\u00f3j biznes\",\"item\":\"https:\/\/www.electroluxprofessional.com\/pl\/twoj-biznes\/\"},{\"@type\":\"ListItem\",\"position\":3,\"name\":\"Ma\u0142y biznes\",\"item\":\"https:\/\/www.electroluxprofessional.com\/pl\/twoj-biznes\/maly-biznes\/\"},{\"@type\":\"ListItem\",\"position\":4,\"name\":\"Pralnie samoobs\u0142ugowe\"}]},{\"@type\":\"WebSite\",\"@id\":\"https:\/\/www.electroluxprofessional.com\/pl\/#website\",\"url\":\"https:\/\/www.electroluxprofessional.com\/pl\/\",\"name\":\"Electrolux Professional Polska\",\"description\":\"\",\"potentialAction\":[{\"@type\":\"SearchAction\",\"target\":{\"@type\":\"EntryPoint\",\"urlTemplate\":\"https:\/\/www.electroluxprofessional.com\/pl\/?src={search_term_string}\"},\"query-input\":\"required name=search_term_string\"}],\"inLanguage\":\"pl-PL\"}]}<\/script>\n<!-- \/ Yoast SEO plugin. -->","yoast_head_json":{"title":"Rozwi\u0105zania pralnicze w zakresie pralni samoobs\u0142ugowych - Electrolux Professional","description":"Idealne do u\u017cytku w ma\u0142ych i \u015brednich blokach mieszkalnych oraz w apartamentowcach. myPRO \u0142\u0105czy w sobie trwa\u0142o\u015b\u0107 z wydajno\u015bci\u0105, pozwalaj\u0105c mieszka\u0144com na szybsze pranie i suszenie bez wysi\u0142ku.","robots":{"index":"index","follow":"follow","max-snippet":"max-snippet:-1","max-image-preview":"max-image-preview:large","max-video-preview":"max-video-preview:-1"},"canonical":"https:\/\/www.electroluxprofessional.com\/pl\/twoj-biznes\/maly-biznes\/pralnie-samoobslugowe\/","og_locale":"pl_PL","og_type":"article","og_title":"Rozwi\u0105zania pralnicze w zakresie pralni samoobs\u0142ugowych - Electrolux Professional","og_description":"Idealne do u\u017cytku w ma\u0142ych i \u015brednich blokach mieszkalnych oraz w apartamentowcach. myPRO \u0142\u0105czy w sobie trwa\u0142o\u015b\u0107 z wydajno\u015bci\u0105, pozwalaj\u0105c mieszka\u0144com na szybsze pranie i suszenie bez wysi\u0142ku.","og_url":"https:\/\/www.electroluxprofessional.com\/pl\/twoj-biznes\/maly-biznes\/pralnie-samoobslugowe\/","og_site_name":"Electrolux Professional Polska","article_modified_time":"2020-10-06T11:41:32+00:00","og_image":[{"width":800,"height":500,"url":"https:\/\/www.electroluxprofessional.com\/pl\/wp-content\/uploads\/2019\/11\/myPRO-zip-self-service-laundries-featured.jpg","type":"image\/jpeg"}],"twitter_card":"summary_large_image","twitter_misc":{"Szacowany czas czytania":"4 minuty"},"schema":{"@context":"https:\/\/schema.org","@graph":[{"@type":"WebPage","@id":"https:\/\/www.electroluxprofessional.com\/pl\/twoj-biznes\/maly-biznes\/pralnie-samoobslugowe\/","url":"https:\/\/www.electroluxprofessional.com\/pl\/twoj-biznes\/maly-biznes\/pralnie-samoobslugowe\/","name":"Rozwi\u0105zania pralnicze w zakresie pralni samoobs\u0142ugowych - Electrolux Professional","isPartOf":{"@id":"https:\/\/www.electroluxprofessional.com\/pl\/#website"},"primaryImageOfPage":{"@id":"https:\/\/www.electroluxprofessional.com\/pl\/twoj-biznes\/maly-biznes\/pralnie-samoobslugowe\/#primaryimage"},"image":{"@id":"https:\/\/www.electroluxprofessional.com\/pl\/twoj-biznes\/maly-biznes\/pralnie-samoobslugowe\/#primaryimage"},"thumbnailUrl":"https:\/\/www.electroluxprofessional.com\/pl\/wp-content\/uploads\/2019\/11\/myPRO-zip-self-service-laundries-featured.jpg","datePublished":"2019-10-22T17:59:33+00:00","dateModified":"2020-10-06T11:41:32+00:00","description":"Idealne do u\u017cytku w ma\u0142ych i \u015brednich blokach mieszkalnych oraz w apartamentowcach. myPRO \u0142\u0105czy w sobie trwa\u0142o\u015b\u0107 z wydajno\u015bci\u0105, pozwalaj\u0105c mieszka\u0144com na szybsze pranie i suszenie bez wysi\u0142ku.","breadcrumb":{"@id":"https:\/\/www.electroluxprofessional.com\/pl\/twoj-biznes\/maly-biznes\/pralnie-samoobslugowe\/#breadcrumb"},"inLanguage":"pl-PL","potentialAction":[{"@type":"ReadAction","target":["https:\/\/www.electroluxprofessional.com\/pl\/twoj-biznes\/maly-biznes\/pralnie-samoobslugowe\/"]}]},{"@type":"ImageObject","inLanguage":"pl-PL","@id":"https:\/\/www.electroluxprofessional.com\/pl\/twoj-biznes\/maly-biznes\/pralnie-samoobslugowe\/#primaryimage","url":"https:\/\/www.electroluxprofessional.com\/pl\/wp-content\/uploads\/2019\/11\/myPRO-zip-self-service-laundries-featured.jpg","contentUrl":"https:\/\/www.electroluxprofessional.com\/pl\/wp-content\/uploads\/2019\/11\/myPRO-zip-self-service-laundries-featured.jpg","width":800,"height":500,"caption":"myPRO zip self service laundries"},{"@type":"BreadcrumbList","@id":"https:\/\/www.electroluxprofessional.com\/pl\/twoj-biznes\/maly-biznes\/pralnie-samoobslugowe\/#breadcrumb","itemListElement":[{"@type":"ListItem","position":1,"name":"Strona g\u0142\u00f3wna","item":"https:\/\/www.electroluxprofessional.com\/pl\/"},{"@type":"ListItem","position":2,"name":"Tw\u00f3j biznes","item":"https:\/\/www.electroluxprofessional.com\/pl\/twoj-biznes\/"},{"@type":"ListItem","position":3,"name":"Ma\u0142y biznes","item":"https:\/\/www.electroluxprofessional.com\/pl\/twoj-biznes\/maly-biznes\/"},{"@type":"ListItem","position":4,"name":"Pralnie samoobs\u0142ugowe"}]},{"@type":"WebSite","@id":"https:\/\/www.electroluxprofessional.com\/pl\/#website","url":"https:\/\/www.electroluxprofessional.com\/pl\/","name":"Electrolux Professional Polska","description":"","potentialAction":[{"@type":"SearchAction","target":{"@type":"EntryPoint","urlTemplate":"https:\/\/www.electroluxprofessional.com\/pl\/?src={search_term_string}"},"query-input":"required name=search_term_string"}],"inLanguage":"pl-PL"}]}},"_links":{"self":[{"href":"https:\/\/www.electroluxprofessional.com\/pl\/wp-json\/wp\/v2\/pages\/5382"}],"collection":[{"href":"https:\/\/www.electroluxprofessional.com\/pl\/wp-json\/wp\/v2\/pages"}],"about":[{"href":"https:\/\/www.electroluxprofessional.com\/pl\/wp-json\/wp\/v2\/types\/page"}],"author":[{"embeddable":true,"href":"https:\/\/www.electroluxprofessional.com\/pl\/wp-json\/wp\/v2\/users\/3"}],"replies":[{"embeddable":true,"href":"https:\/\/www.electroluxprofessional.com\/pl\/wp-json\/wp\/v2\/comments?post=5382"}],"version-history":[{"count":4,"href":"https:\/\/www.electroluxprofessional.com\/pl\/wp-json\/wp\/v2\/pages\/5382\/revisions"}],"predecessor-version":[{"id":5854,"href":"https:\/\/www.electroluxprofessional.com\/pl\/wp-json\/wp\/v2\/pages\/5382\/revisions\/5854"}],"up":[{"embeddable":true,"href":"https:\/\/www.electroluxprofessional.com\/pl\/wp-json\/wp\/v2\/pages\/5275"}],"wp:featuredmedia":[{"embeddable":true,"href":"https:\/\/www.electroluxprofessional.com\/pl\/wp-json\/wp\/v2\/media\/5375"}],"wp:attachment":[{"href":"https:\/\/www.electroluxprofessional.com\/pl\/wp-json\/wp\/v2\/media?parent=5382"}],"curies":[{"name":"wp","href":"https:\/\/api.w.org\/{rel}","templated":true}]}}