{"id":5347,"date":"2019-11-08T10:38:47","date_gmt":"2019-11-08T10:38:47","guid":{"rendered":"https:\/\/www.electroluxprofessional.com\/?page_id=26318"},"modified":"2025-11-05T15:33:46","modified_gmt":"2025-11-05T15:33:46","slug":"kluby-sportowe-fitness","status":"publish","type":"page","link":"https:\/\/www.electroluxprofessional.com\/pl\/twoj-biznes\/maly-biznes\/kluby-sportowe-fitness\/","title":{"rendered":"Kluby sportowe i fitness"},"content":{"rendered":"<p>[vc_row full_width=&#8221;electroluxpro-full-width-no-padding&#8221; css=&#8221;.vc_custom_1569489800242{background-color: #041e41 !important;}&#8221;][vc_column][vc_single_image image=&#8221;5339&#8243; img_size=&#8221;full&#8221; alignment=&#8221;center&#8221;][\/vc_column][\/vc_row][vc_row][vc_column][vc_empty_space][\/vc_column][\/vc_row][vc_row][vc_column width=&#8221;2\/3&#8243;][elx_heading font_container=&#8221;h1&#8243; text_color=&#8221;electrolux-blue&#8221;]Rozwi\u0105zania pranicze dla klub\u00f3w sportowych i fitness[\/elx_heading][vc_column_text]<strong>Uporczywe plamy z trawy, b\u0142ota i potu<\/strong> to cz\u0119sto zbyt wiele dla zwyk\u0142ych maszyn domowych.<br \/>\nDzi\u0119ki myPRO nie musisz si\u0119 wi\u0119cej martwi\u0107 o z\u0142e wyniki prania lub problemy z maszynami do prania.\u00a0Wystarczy za\u0142adowa\u0107 pranie, uruchomi\u0107 urz\u0105dzenie i zrelaksowa\u0107 si\u0119![\/vc_column_text][elx_button button_text=&#8221;Go to products&#8221; button_style=&#8221;icon&#8221; button_link=&#8221;url:https%3A%2F%2Fwww.electroluxprofessional.com%2Fpl%2Fpralnictwo%2Fmypro-pralki-suszarki-magle-parowe-dla-malych-przedsiebiorstw%2F|title:myPRO%20washers%2C%20dryers%20and%20steam%20ironers%20for%20small%20businesses||&#8221;][\/vc_column][vc_column width=&#8221;1\/3&#8243;][elx_heading text_color=&#8221;electrolux-blue&#8221;]Pobierz ulotk\u0119[\/elx_heading][vc_column_text]<a href=\"https:\/\/www.electroluxprofessional.com\/pl\/wp-content\/uploads\/2025\/09\/EPR_sales-booklet-mypro-PL-_LoRes-1.pdf\">rozwi\u0105zania pralnicze myPRO<\/a><br \/>\ndla klub\u00f3w sportowych i fitness[\/vc_column_text][\/vc_column][\/vc_row][vc_row][vc_column][vc_single_image image=&#8221;5340&#8243; img_size=&#8221;full&#8221; alignment=&#8221;center&#8221;][\/vc_column][\/vc_row][vc_row content_placement=&#8221;top&#8221; el_class=&#8221;marginNegative&#8221;][vc_column width=&#8221;1\/3&#8243;][vc_empty_space][elx_heading font_container=&#8221;h5&#8243; font_size=&#8221;h5&#8243; text_color=&#8221;inherit&#8221;]Zoptymalizowana perforacja b\u0119bna[\/elx_heading][vc_column_text]Zapewnia usuwanie wszystkich zabrudze\u0144 i cz\u0105stek sta\u0142ych.\u00a0<strong>Du\u017ce otwory o \u015brednicy 4,5 mm zapewniaj\u0105 <\/strong>skuteczne wyp\u0142ukiwanie cz\u0105stek sta\u0142ych z b\u0119bna, minimalizuj\u0105c \u015bcieranie si\u0119 tkanin.[\/vc_column_text][\/vc_column][vc_column width=&#8221;1\/3&#8243;][vc_empty_space][elx_heading font_container=&#8221;h5&#8243; font_size=&#8221;h5&#8243; text_color=&#8221;inherit&#8221;]Najwy\u017csza jako\u015b\u0107 w o po\u0142ow\u0119 kr\u00f3tszym czasie[\/elx_heading][vc_column_text]<strong>Najlepsze w swojej klasie odprowadzanie wody<\/strong>, kr\u00f3tsze <strong>cykle prania<\/strong>, ni\u017csze koszty eksploatacji i \u015bwietne wyniki za ka\u017cdym razem.[\/vc_column_text][\/vc_column][vc_column width=&#8221;1\/3&#8243;][vc_empty_space][elx_heading font_container=&#8221;h5&#8243; font_size=&#8221;h5&#8243; text_color=&#8221;inherit&#8221;]B\u0119ben SpeedCare[\/elx_heading][vc_column_text]Kr\u00f3tszy cykl suszenia dzi\u0119ki <strong>kontroli poziomu wilgotno\u015bci wewn\u0105trz odzie\u017cy w czasie rzeczywistym.<\/strong><br \/>\nZapobiega nadmiernemu wysychaniu w\u0142\u00f3kien, oszcz\u0119dza czas i daje u\u017cytkownikom poczucie bezpiecze\u0144stwa.[\/vc_column_text][\/vc_column][\/vc_row][vc_row content_placement=&#8221;top&#8221; el_class=&#8221;marginNegative&#8221;][vc_column width=&#8221;1\/3&#8243;][vc_single_image image=&#8221;5341&#8243; img_size=&#8221;large&#8221;][elx_heading text_color=&#8221;inherit&#8221;]Oszcz\u0119dno\u015b\u0107 pieni\u0119dzy, energii i przestrzeni[\/elx_heading][vc_column_text css=&#8221;.vc_custom_1581420228463{margin-bottom: 0px !important;}&#8221; el_class=&#8221;minHeightCirclesText&#8221;]<em>&#8220;<\/em><em>Stroje moich zawodnik\u00f3w zawsze wygl\u0105daj\u0105 najlepiej na boisku\u201d<\/em>[\/vc_column_text][vc_column_text css=&#8221;.vc_custom_1581420241671{margin-top: 15px !important;}&#8221;]<\/p>\n<ul>\n<li>Najlepsze wyniki prania dzi\u0119ki unikalnemu b\u0119bnowi Electrolux SpeedCare.<\/li>\n<li><strong>Oszcz\u0119dno\u015b\u0107 energii i koszt\u00f3w<\/strong> (wska\u017anik efektywno\u015bci energetycznej pralek A+++)<\/li>\n<li>Wysokowydajne pranie w kompaktowym formacie, optymalizuj\u0105ce przestrze\u0144<\/li>\n<\/ul>\n<p>[\/vc_column_text][\/vc_column][vc_column width=&#8221;1\/3&#8243;][vc_single_image image=&#8221;5342&#8243; img_size=&#8221;large&#8221;][elx_heading text_color=&#8221;inherit&#8221; css=&#8221;.vc_custom_1581420251915{margin-top: 0px !important;}&#8221;]Najwy\u017csza jako\u015b\u0107 w o po\u0142ow\u0119 kr\u00f3tszym czasie[\/elx_heading][vc_column_text css=&#8221;.vc_custom_1581420267242{margin-bottom: 0px !important;}&#8221; el_class=&#8221;minHeightCirclesText&#8221;]<em>&#8220;<\/em><em>Mog\u0119 by\u0107 pewien, \u017ce przed meczem, pranie zostanie zrobione na czas&#8221;<\/em>[\/vc_column_text][vc_column_text css=&#8221;.vc_custom_1581420280815{margin-top: 15px !important;}&#8221;]<\/p>\n<ul>\n<li><strong>Wysokowydajna pralnia<\/strong> w kompaktowym formacie, aby wykona\u0107 zadanie &#8211; zawsze na czas, przed kolejnym meczem!<\/li>\n<li>Efektywne wyp\u0142ukiwanie ziemi i \u017cwiru z b\u0119bna zapewnione przez du\u017ce otwory 4,5 mm.<\/li>\n<li><strong>Kr\u00f3tszy cykl suszenia<\/strong> z automatyczn\u0105 kontrol\u0105 wilgotno\u015bci<\/li>\n<\/ul>\n<p>[\/vc_column_text][\/vc_column][vc_column width=&#8221;1\/3&#8243;][vc_single_image image=&#8221;5343&#8243; img_size=&#8221;large&#8221;][elx_heading text_color=&#8221;inherit&#8221;]Wysoka pr\u0119dko\u015b\u0107, kt\u00f3ra odpowiada potrzebom profesjonalist\u00f3w[\/elx_heading][vc_column_text css=&#8221;.vc_custom_1581420311607{margin-bottom: 0px !important;}&#8221; el_class=&#8221;minHeightCirclesText&#8221;]<em>&#8220;Mog\u0119 wypo\u017cycza\u0107 r\u0119czniki cz\u0142onkom klubu i dodatkowe na tym zarabia\u0107&#8221;<\/em>[\/vc_column_text][vc_column_text css=&#8221;.vc_custom_1581420323911{margin-top: 15px !important;}&#8221;]<\/p>\n<ul>\n<li><strong>Profesjonalne programy dezynfekcji <\/strong>zapewniaj\u0105ce wysoki standard higieny<\/li>\n<li>Najwy\u017cszej jako\u015bci rozwi\u0105zanie, zaprojektowane tak, by <strong>pracowa\u0107 d\u0142u\u017cej<\/strong><\/li>\n<li><strong>Gwarancja<\/strong> na zastosowania profesjonalne<\/li>\n<\/ul>\n<p>[\/vc_column_text][\/vc_column][\/vc_row][vc_row][vc_column][vc_empty_space][\/vc_column][\/vc_row][vc_row][vc_column][elx_o2000_contact_us s=&#8221;Request of information about Hairdressers &amp; Beauty Salons&#8221; b=&#8221;laundry&#8221; r=&#8221;I would like to find out more about Laundry solutions for Sport &amp; Fitness clubs&#8221; l=&#8221;en&#8221;][\/vc_column][\/vc_row][vc_row][vc_column][vc_empty_space][\/vc_column][\/vc_row][vc_row][vc_column width=&#8221;1\/2&#8243;][vc_single_image image=&#8221;5344&#8243; img_size=&#8221;full&#8221;][\/vc_column][vc_column width=&#8221;1\/2&#8243;][elx_heading font_container=&#8221;h5&#8243; text_color=&#8221;inherit&#8221;]Richmond Football Club, Melbourne (Australia)[\/elx_heading][vc_column_text]\u201cObecnie w naszej ma\u0142ej pralni zainstalowane s\u0105 3 pralki i suszarki; maszyny s\u0105 kompaktowe, ciche i wykonuj\u0105 niesamowit\u0105 prac\u0119 &#8211; 100-120 za\u0142adunk\u00f3w prania tygodniowo. Koniec z plamami z trawy i krwi, z kt\u00f3rymi nie radzi\u0142y sobie domowe pralki.\u201d<br \/>\n<strong>Giuseppe Mamone, zarz\u0105dca nieruchomo\u015bci<\/strong>[\/vc_column_text][\/vc_column][\/vc_row][vc_row][vc_column][vc_empty_space][\/vc_column][\/vc_row][vc_row css=&#8221;.vc_custom_1534772259989{background-color: #eeeeee !important;}&#8221;][vc_column width=&#8221;2\/3&#8243;][elx_heading font_size=&#8221;h3&#8243; text_color=&#8221;inherit&#8221;]Szukasz bardziej wydajnych rozwi\u0105za\u0144?[\/elx_heading][elx_heading font_container=&#8221;h3&#8243; font_size=&#8221;h5&#8243; text_color=&#8221;inherit&#8221;]Zapraszamy do zapoznania si\u0119 z naszymi komercyjnymi rozwi\u0105zaniami w zakresie prania.[\/elx_heading][vc_column_text]Electrolux Professional oferuje szerok\u0105 gam\u0119 produkt\u00f3w dla profesjonalnego pralnictwa.[\/vc_column_text][elx_button button_text=&#8221;Rozwi\u0105zania pralnicze&#8221; button_style=&#8221;icon&#8221; button_link=&#8221;url:https%3A%2F%2Fwww.electroluxprofessional.com%2Fpl%2Fpralnictwo%2F|title:Commercial%20Laundry%20Solutions%20||&#8221;][\/vc_column][vc_column width=&#8221;1\/3&#8243;][vc_empty_space][vc_single_image image=&#8221;5345&#8243; img_size=&#8221;700px&#8221; onclick=&#8221;custom_link&#8221; link=&#8221;http:\/\/https:\/\/www.electroluxprofessional.com\/pl\/your-business\/commercial-laundries\/&#8221;][\/vc_column][\/vc_row]<\/p>\n","protected":false},"excerpt":{"rendered":"<p>[vc_row full_width=&#8221;electroluxpro-full-width-no-padding&#8221; css=&#8221;.vc_custom_1569489800242{background-color: #041e41 !important;}&#8221;][vc_column][vc_single_image image=&#8221;5339&#8243; img_size=&#8221;full&#8221; alignment=&#8221;center&#8221;][\/vc_column][\/vc_row][vc_row][vc_column][vc_empty_space][\/vc_column][\/vc_row][vc_row][vc_column width=&#8221;2\/3&#8243;][elx_heading font_container=&#8221;h1&#8243; text_color=&#8221;electrolux-blue&#8221;]Rozwi\u0105zania pranicze dla klub\u00f3w sportowych i fitness[\/elx_heading][vc_column_text]Uporczywe plamy z trawy, b\u0142ota i potu to cz\u0119sto zbyt wiele dla zwyk\u0142ych maszyn domowych. Dzi\u0119ki myPRO nie musisz si\u0119 wi\u0119cej martwi\u0107 o z\u0142e wyniki prania lub problemy z maszynami do prania.\u00a0Wystarczy za\u0142adowa\u0107 pranie, uruchomi\u0107 urz\u0105dzenie i zrelaksowa\u0107 si\u0119![\/vc_column_text][elx_button [&hellip;]<\/p>\n","protected":false},"author":3,"featured_media":0,"parent":5275,"menu_order":0,"comment_status":"closed","ping_status":"closed","template":"","meta":{"footnotes":""},"class_list":["post-5347","page","type-page","status-publish","hentry"],"acf":[],"yoast_head":"<!-- This site is optimized with the Yoast SEO plugin v23.3 - https:\/\/yoast.com\/wordpress\/plugins\/seo\/ -->\n<title>Rozwi\u0105zania pralnicze dla klub\u00f3w sportowych i fitness - Electrolux Professional<\/title>\n<meta name=\"description\" content=\"Uporczywe plamy z trawy, b\u0142ota i potu to cz\u0119sto zbyt wiele dla zwyk\u0142ych maszyn domowych. Dzi\u0119ki myPRO nie musisz si\u0119 wi\u0119cej martwi\u0107 o z\u0142e wyniki prania lub problemy z maszynami do prania.\" \/>\n<meta name=\"robots\" content=\"index, follow, max-snippet:-1, max-image-preview:large, max-video-preview:-1\" \/>\n<link rel=\"canonical\" href=\"https:\/\/www.electroluxprofessional.com\/pl\/twoj-biznes\/maly-biznes\/kluby-sportowe-fitness\/\" \/>\n<meta property=\"og:locale\" content=\"pl_PL\" \/>\n<meta property=\"og:type\" content=\"article\" \/>\n<meta property=\"og:title\" content=\"Rozwi\u0105zania pralnicze dla klub\u00f3w sportowych i fitness - Electrolux Professional\" \/>\n<meta property=\"og:description\" content=\"Uporczywe plamy z trawy, b\u0142ota i potu to cz\u0119sto zbyt wiele dla zwyk\u0142ych maszyn domowych. Dzi\u0119ki myPRO nie musisz si\u0119 wi\u0119cej martwi\u0107 o z\u0142e wyniki prania lub problemy z maszynami do prania.\" \/>\n<meta property=\"og:url\" content=\"https:\/\/www.electroluxprofessional.com\/pl\/twoj-biznes\/maly-biznes\/kluby-sportowe-fitness\/\" \/>\n<meta property=\"og:site_name\" content=\"Electrolux Professional Polska\" \/>\n<meta property=\"article:modified_time\" content=\"2025-11-05T15:33:46+00:00\" \/>\n<meta name=\"twitter:card\" content=\"summary_large_image\" \/>\n<meta name=\"twitter:label1\" content=\"Szacowany czas czytania\" \/>\n\t<meta name=\"twitter:data1\" content=\"3 minuty\" \/>\n<script type=\"application\/ld+json\" class=\"yoast-schema-graph\">{\"@context\":\"https:\/\/schema.org\",\"@graph\":[{\"@type\":\"WebPage\",\"@id\":\"https:\/\/www.electroluxprofessional.com\/pl\/twoj-biznes\/maly-biznes\/kluby-sportowe-fitness\/\",\"url\":\"https:\/\/www.electroluxprofessional.com\/pl\/twoj-biznes\/maly-biznes\/kluby-sportowe-fitness\/\",\"name\":\"Rozwi\u0105zania pralnicze dla klub\u00f3w sportowych i fitness - Electrolux Professional\",\"isPartOf\":{\"@id\":\"https:\/\/www.electroluxprofessional.com\/pl\/#website\"},\"datePublished\":\"2019-11-08T10:38:47+00:00\",\"dateModified\":\"2025-11-05T15:33:46+00:00\",\"description\":\"Uporczywe plamy z trawy, b\u0142ota i potu to cz\u0119sto zbyt wiele dla zwyk\u0142ych maszyn domowych. Dzi\u0119ki myPRO nie musisz si\u0119 wi\u0119cej martwi\u0107 o z\u0142e wyniki prania lub problemy z maszynami do prania.\",\"breadcrumb\":{\"@id\":\"https:\/\/www.electroluxprofessional.com\/pl\/twoj-biznes\/maly-biznes\/kluby-sportowe-fitness\/#breadcrumb\"},\"inLanguage\":\"pl-PL\",\"potentialAction\":[{\"@type\":\"ReadAction\",\"target\":[\"https:\/\/www.electroluxprofessional.com\/pl\/twoj-biznes\/maly-biznes\/kluby-sportowe-fitness\/\"]}]},{\"@type\":\"BreadcrumbList\",\"@id\":\"https:\/\/www.electroluxprofessional.com\/pl\/twoj-biznes\/maly-biznes\/kluby-sportowe-fitness\/#breadcrumb\",\"itemListElement\":[{\"@type\":\"ListItem\",\"position\":1,\"name\":\"Strona g\u0142\u00f3wna\",\"item\":\"https:\/\/www.electroluxprofessional.com\/pl\/\"},{\"@type\":\"ListItem\",\"position\":2,\"name\":\"Tw\u00f3j biznes\",\"item\":\"https:\/\/www.electroluxprofessional.com\/pl\/twoj-biznes\/\"},{\"@type\":\"ListItem\",\"position\":3,\"name\":\"Ma\u0142y biznes\",\"item\":\"https:\/\/www.electroluxprofessional.com\/pl\/twoj-biznes\/maly-biznes\/\"},{\"@type\":\"ListItem\",\"position\":4,\"name\":\"Kluby sportowe i fitness\"}]},{\"@type\":\"WebSite\",\"@id\":\"https:\/\/www.electroluxprofessional.com\/pl\/#website\",\"url\":\"https:\/\/www.electroluxprofessional.com\/pl\/\",\"name\":\"Electrolux Professional Polska\",\"description\":\"\",\"potentialAction\":[{\"@type\":\"SearchAction\",\"target\":{\"@type\":\"EntryPoint\",\"urlTemplate\":\"https:\/\/www.electroluxprofessional.com\/pl\/?src={search_term_string}\"},\"query-input\":\"required name=search_term_string\"}],\"inLanguage\":\"pl-PL\"}]}<\/script>\n<!-- \/ Yoast SEO plugin. -->","yoast_head_json":{"title":"Rozwi\u0105zania pralnicze dla klub\u00f3w sportowych i fitness - Electrolux Professional","description":"Uporczywe plamy z trawy, b\u0142ota i potu to cz\u0119sto zbyt wiele dla zwyk\u0142ych maszyn domowych. Dzi\u0119ki myPRO nie musisz si\u0119 wi\u0119cej martwi\u0107 o z\u0142e wyniki prania lub problemy z maszynami do prania.","robots":{"index":"index","follow":"follow","max-snippet":"max-snippet:-1","max-image-preview":"max-image-preview:large","max-video-preview":"max-video-preview:-1"},"canonical":"https:\/\/www.electroluxprofessional.com\/pl\/twoj-biznes\/maly-biznes\/kluby-sportowe-fitness\/","og_locale":"pl_PL","og_type":"article","og_title":"Rozwi\u0105zania pralnicze dla klub\u00f3w sportowych i fitness - Electrolux Professional","og_description":"Uporczywe plamy z trawy, b\u0142ota i potu to cz\u0119sto zbyt wiele dla zwyk\u0142ych maszyn domowych. Dzi\u0119ki myPRO nie musisz si\u0119 wi\u0119cej martwi\u0107 o z\u0142e wyniki prania lub problemy z maszynami do prania.","og_url":"https:\/\/www.electroluxprofessional.com\/pl\/twoj-biznes\/maly-biznes\/kluby-sportowe-fitness\/","og_site_name":"Electrolux Professional Polska","article_modified_time":"2025-11-05T15:33:46+00:00","twitter_card":"summary_large_image","twitter_misc":{"Szacowany czas czytania":"3 minuty"},"schema":{"@context":"https:\/\/schema.org","@graph":[{"@type":"WebPage","@id":"https:\/\/www.electroluxprofessional.com\/pl\/twoj-biznes\/maly-biznes\/kluby-sportowe-fitness\/","url":"https:\/\/www.electroluxprofessional.com\/pl\/twoj-biznes\/maly-biznes\/kluby-sportowe-fitness\/","name":"Rozwi\u0105zania pralnicze dla klub\u00f3w sportowych i fitness - Electrolux Professional","isPartOf":{"@id":"https:\/\/www.electroluxprofessional.com\/pl\/#website"},"datePublished":"2019-11-08T10:38:47+00:00","dateModified":"2025-11-05T15:33:46+00:00","description":"Uporczywe plamy z trawy, b\u0142ota i potu to cz\u0119sto zbyt wiele dla zwyk\u0142ych maszyn domowych. Dzi\u0119ki myPRO nie musisz si\u0119 wi\u0119cej martwi\u0107 o z\u0142e wyniki prania lub problemy z maszynami do prania.","breadcrumb":{"@id":"https:\/\/www.electroluxprofessional.com\/pl\/twoj-biznes\/maly-biznes\/kluby-sportowe-fitness\/#breadcrumb"},"inLanguage":"pl-PL","potentialAction":[{"@type":"ReadAction","target":["https:\/\/www.electroluxprofessional.com\/pl\/twoj-biznes\/maly-biznes\/kluby-sportowe-fitness\/"]}]},{"@type":"BreadcrumbList","@id":"https:\/\/www.electroluxprofessional.com\/pl\/twoj-biznes\/maly-biznes\/kluby-sportowe-fitness\/#breadcrumb","itemListElement":[{"@type":"ListItem","position":1,"name":"Strona g\u0142\u00f3wna","item":"https:\/\/www.electroluxprofessional.com\/pl\/"},{"@type":"ListItem","position":2,"name":"Tw\u00f3j biznes","item":"https:\/\/www.electroluxprofessional.com\/pl\/twoj-biznes\/"},{"@type":"ListItem","position":3,"name":"Ma\u0142y biznes","item":"https:\/\/www.electroluxprofessional.com\/pl\/twoj-biznes\/maly-biznes\/"},{"@type":"ListItem","position":4,"name":"Kluby sportowe i fitness"}]},{"@type":"WebSite","@id":"https:\/\/www.electroluxprofessional.com\/pl\/#website","url":"https:\/\/www.electroluxprofessional.com\/pl\/","name":"Electrolux Professional Polska","description":"","potentialAction":[{"@type":"SearchAction","target":{"@type":"EntryPoint","urlTemplate":"https:\/\/www.electroluxprofessional.com\/pl\/?src={search_term_string}"},"query-input":"required name=search_term_string"}],"inLanguage":"pl-PL"}]}},"_links":{"self":[{"href":"https:\/\/www.electroluxprofessional.com\/pl\/wp-json\/wp\/v2\/pages\/5347"}],"collection":[{"href":"https:\/\/www.electroluxprofessional.com\/pl\/wp-json\/wp\/v2\/pages"}],"about":[{"href":"https:\/\/www.electroluxprofessional.com\/pl\/wp-json\/wp\/v2\/types\/page"}],"author":[{"embeddable":true,"href":"https:\/\/www.electroluxprofessional.com\/pl\/wp-json\/wp\/v2\/users\/3"}],"replies":[{"embeddable":true,"href":"https:\/\/www.electroluxprofessional.com\/pl\/wp-json\/wp\/v2\/comments?post=5347"}],"version-history":[{"count":8,"href":"https:\/\/www.electroluxprofessional.com\/pl\/wp-json\/wp\/v2\/pages\/5347\/revisions"}],"predecessor-version":[{"id":11661,"href":"https:\/\/www.electroluxprofessional.com\/pl\/wp-json\/wp\/v2\/pages\/5347\/revisions\/11661"}],"up":[{"embeddable":true,"href":"https:\/\/www.electroluxprofessional.com\/pl\/wp-json\/wp\/v2\/pages\/5275"}],"wp:attachment":[{"href":"https:\/\/www.electroluxprofessional.com\/pl\/wp-json\/wp\/v2\/media?parent=5347"}],"curies":[{"name":"wp","href":"https:\/\/api.w.org\/{rel}","templated":true}]}}