{"id":5294,"date":"2019-10-22T18:00:49","date_gmt":"2019-10-22T18:00:49","guid":{"rendered":"https:\/\/www.electroluxprofessional.com\/?page_id=25455"},"modified":"2025-11-05T15:33:25","modified_gmt":"2025-11-05T15:33:25","slug":"fryzjerzy-salony-pieknosci","status":"publish","type":"page","link":"https:\/\/www.electroluxprofessional.com\/pl\/twoj-biznes\/maly-biznes\/fryzjerzy-salony-pieknosci\/","title":{"rendered":"Fryzjerzy &#038; Salony Pi\u0119kno\u015bci"},"content":{"rendered":"<p>[vc_row full_width=&#8221;electroluxpro-full-width-no-padding&#8221; css=&#8221;.vc_custom_1569489800242{background-color: #041e41 !important;}&#8221;][vc_column][vc_single_image image=&#8221;5288&#8243; img_size=&#8221;full&#8221; alignment=&#8221;center&#8221;][\/vc_column][\/vc_row][vc_row][vc_column][vc_empty_space][\/vc_column][\/vc_row][vc_row][vc_column width=&#8221;2\/3&#8243;][elx_heading font_container=&#8221;h1&#8243; text_color=&#8221;electrolux-blue&#8221;]Rozwi\u0105zania w zakresie prania dla fryzjer\u00f3w i salon\u00f3w pi\u0119kno\u015bci[\/elx_heading][vc_column_text]D\u0142ugie programy prania i zatkane odp\u0142ywy to codzienne przeszkody w korzystaniu z maszyn domowych w <strong>pralniach w salonach fryzjerskich<\/strong>.<br \/>\nmyPRO pozwala Ci si\u0119 skupi\u0107 na Twojej podstawowej dzia\u0142alno\u015bci.\u00a0Najwy\u017cszej jako\u015bci rezultaty prania, szybkie i proste, bez niedogodno\u015bci.[\/vc_column_text][elx_button button_text=&#8221;Id\u017a do produkt\u00f3w&#8221; button_style=&#8221;icon&#8221; button_link=&#8221;url:https%3A%2F%2Fwww.electroluxprofessional.com%2Fpl%2Fpralnictwo%2Fmypro-pralki-suszarki-magle-parowe-dla-malych-przedsiebiorstw%2F|title:myPRO%2C%20pralki%2C%20suszarki%20i%20magle%20parowe%20dla%20ma%C5%82ych%20przedsi%C4%99biorstw||&#8221;][\/vc_column][vc_column width=&#8221;1\/3&#8243;][elx_heading text_color=&#8221;electrolux-blue&#8221;]Pobierz ulotk\u0119[\/elx_heading][vc_column_text]<a href=\"https:\/\/www.electroluxprofessional.com\/pl\/wp-content\/uploads\/2025\/09\/EPR_sales-booklet-mypro-PL-_LoRes-1.pdf\">Rozwi\u0105zania w zakresie prania myPRO dla fryzjer\u00f3w i salon\u00f3w pi\u0119kno\u015bci<\/a>[\/vc_column_text][\/vc_column][\/vc_row][vc_row][vc_column][vc_single_image image=&#8221;5289&#8243; img_size=&#8221;full&#8221; alignment=&#8221;center&#8221;][\/vc_column][\/vc_row][vc_row content_placement=&#8221;top&#8221; el_class=&#8221;marginNegative&#8221;][vc_column width=&#8221;1\/3&#8243;][vc_empty_space][elx_heading font_container=&#8221;h5&#8243; font_size=&#8221;h5&#8243; text_color=&#8221;inherit&#8221;]Profesjonalne programy[\/elx_heading][vc_column_text]myPRO oferuje <strong>najlepsz\u0105 piel\u0119gnacj\u0119 ubra\u0144<\/strong> i zapewnia mi\u0119kk\u0105, \u015bwie\u017c\u0105 i higienicznie czyst\u0105 bielizn\u0119 na czas, dzi\u0119ki wytrzyma\u0142ym pralkom, wydajnym suszarkom i prostym w obs\u0142udze maglom parowym.[\/vc_column_text][\/vc_column][vc_column width=&#8221;1\/3&#8243;][vc_empty_space][elx_heading font_container=&#8221;h5&#8243; font_size=&#8221;h5&#8243; text_color=&#8221;inherit&#8221;]Programy dezynfekcji[\/elx_heading][vc_column_text]Wi\u0119ksza elastyczno\u015b\u0107 dzi\u0119ki programom przeznaczonym do wielu r\u00f3\u017cnych zastosowa\u0144, w tym <strong>programom dezynfekcji<\/strong>, kt\u00f3re pomagaj\u0105 spe\u0142ni\u0107 wymagania w zakresie higieny i czysto\u015bci.[\/vc_column_text][\/vc_column][vc_column width=&#8221;1\/3&#8243;][vc_empty_space][elx_heading font_container=&#8221;h5&#8243; font_size=&#8221;h5&#8243; text_color=&#8221;inherit&#8221;]\u0141atwe do czyszczenia g\u00f3rny i przedni panel ze stali nierdzewnej[\/elx_heading][vc_column_text]Stylowa i wytrzyma\u0142a, <strong>odporna na korozj\u0119<\/strong> obudowa, kt\u00f3ra b\u0119dzie \u015bwietnie wygl\u0105da\u0107 w Twojej pralni.<br \/>\n\u0141atwa do czyszczenia stal nierdzewna z przodu i z g\u00f3ry obudowy, aby uzyska\u0107 rozwi\u0105zanie najwy\u017cszej jako\u015bci.[\/vc_column_text][\/vc_column][\/vc_row][vc_row content_placement=&#8221;top&#8221; el_class=&#8221;marginNegative&#8221;][vc_column width=&#8221;1\/3&#8243;][vc_single_image image=&#8221;5290&#8243; img_size=&#8221;large&#8221;][elx_heading text_color=&#8221;inherit&#8221;]Doskona\u0142a higiena<br \/>\ni niezawodno\u015b\u0107[\/elx_heading][vc_column_text css=&#8221;.vc_custom_1578999747368{margin-bottom: 0px !important;}&#8221; el_class=&#8221;minHeightCirclesText&#8221;]<em>&#8220;Nie musz\u0119 si\u0119 martwi\u0107 o infekcje sk\u00f3ry i paznokci&#8221;<\/em>[\/vc_column_text][vc_column_text css=&#8221;.vc_custom_1578999763166{margin-top: 15px !important;}&#8221;]<\/p>\n<ul>\n<li><strong>Profesjonalne programy dezynfekcji<\/strong> zapewniaj\u0105ce higien\u0119 r\u0119cznik\u00f3w.<\/li>\n<li><strong>Efektywne wyp\u0142ukiwanie<\/strong> w\u0142os\u00f3w i cz\u0105stek sta\u0142ych z b\u0119bna dzi\u0119ki du\u017cym otworom o \u015brednicy 4,5 mm.<\/li>\n<li><strong>3 razy d\u0142u\u017csza \u017cywotno\u015b\u0107<\/strong> w por\u00f3wnaniu z maszynami domowymi dzi\u0119ki zastosowaniu profesjonalnych komponent\u00f3w<\/li>\n<\/ul>\n<p>[\/vc_column_text][\/vc_column][vc_column width=&#8221;1\/3&#8243;][vc_single_image image=&#8221;5291&#8243; img_size=&#8221;large&#8221;][elx_heading text_color=&#8221;inherit&#8221; css=&#8221;.vc_custom_1578999776266{margin-top: 0px !important;}&#8221;]Najwy\u017csza jako\u015b\u0107<br \/>\nwynik\u00f3w prania[\/elx_heading][vc_column_text css=&#8221;.vc_custom_1578999794573{margin-bottom: 0px !important;}&#8221; el_class=&#8221;minHeightCirclesText&#8221;]<em>&#8220;Moi klienci natychmiast zauwa\u017c\u0105 r\u00f3\u017cnic\u0119. Czystsze i bardziej mi\u0119kkie r\u0119czniki o \u015bwie\u017cym zapachu&#8221;<\/em>[\/vc_column_text][vc_column_text css=&#8221;.vc_custom_1578999953872{margin-top: 15px !important;}&#8221;]<\/p>\n<ul>\n<li><strong>Najlepsze rezultaty prania i piel\u0119gnacji odzie\u017cy<\/strong> dzi\u0119ki zastosowaniu <em>b\u0119bna Electrolux SpeedCare<\/em>.<\/li>\n<li><strong>Oszcz\u0119dno\u015b\u0107 koszt\u00f3w i czasu<\/strong><span class=\"s1\"><b><br \/>\n<\/b><\/span><em>Efektywno\u015b\u0107 energetyczna pralek A+++<\/em><br \/>\n<em>Efektywno\u015b\u0107 energetyczna suszarek z pomp\u0105 ciep\u0142a A++<\/em><\/li>\n<li><strong>Wysokowydajne pranie <\/strong>w <em>kompaktowym formacie<\/em>, optymalizuj\u0105ce Twoj\u0105 przestrze\u0144<\/li>\n<\/ul>\n<p>[\/vc_column_text][\/vc_column][vc_column width=&#8221;1\/3&#8243;][vc_single_image image=&#8221;5292&#8243; img_size=&#8221;large&#8221;][elx_heading text_color=&#8221;inherit&#8221;]Wysoka wydajnos\u0107, kt\u00f3ra odpowiada potrzebom profesjonalist\u00f3w[\/elx_heading][vc_column_text css=&#8221;.vc_custom_1578999999597{margin-bottom: 0px !important;}&#8221; el_class=&#8221;minHeightCirclesText&#8221;]<em>&#8220;Nie martwi\u0119 si\u0119 o przestoje w pralni i mog\u0119 w spokoju zaj\u0105\u0107 si\u0119 innymi sprawami&#8221;<\/em>[\/vc_column_text][vc_column_text css=&#8221;.vc_custom_1579000028516{margin-top: 15px !important;}&#8221;]<\/p>\n<ul>\n<li><strong>Nawet o 50% szybciej <\/strong>dzi\u0119ki <em>profesjonalnym programom<\/em><\/li>\n<li><strong>Lepsze wyniki w kr\u00f3tszym czasie<\/strong> przy u\u017cyciu pary podczas maglowania<\/li>\n<li><strong>Kr\u00f3tszy cykl suszenia<\/strong> z <em>automatyczn\u0105 kontrol\u0105 wilgotno\u015bci<\/em><\/li>\n<\/ul>\n<p>[\/vc_column_text][\/vc_column][\/vc_row][vc_row css=&#8221;.vc_custom_1571302025360{padding-top: 32px !important;padding-bottom: 32px !important;}&#8221;][vc_column width=&#8221;1\/2&#8243;][elx_video_block background_image=&#8221;5287&#8243; is_full_height=&#8221;full-height&#8221; video_link=&#8221;https:\/\/www.youtube.com\/watch?v=tKL9zCjHyaY&#8221; minimum_height=&#8221;320px&#8221;][\/vc_column][vc_column width=&#8221;1\/2&#8243;][elx_heading font_container=&#8221;h5&#8243; font_size=&#8221;h5&#8243; text_color=&#8221;inherit&#8221;]MAXG Parrucchieri, Pordenone (W\u0142ochy)[\/elx_heading][vc_column_text]\u201cNazywam si\u0119 Massimo Catalano i jestem fryzjerem. Moja siostra i ja zacz\u0119li\u015bmy swoj\u0105 przygod\u0119 w salonie fryzjerskim naszych rodzic\u00f3w, dzi\u015b posiadamy a\u017c sze\u015b\u0107 salon\u00f3w.<br \/>\nDo tej pory zawsze u\u017cywali\u015bmy domowych pralek i suszarek, niestety nigdy nie spe\u0142nia\u0142y one naszych oczekiwa\u0144. Pra\u0142y za wolno. Potem odkryli\u015bmy myPRO&#8230;\u201d<\/p>\n<p>\u201d[\/vc_column_text][\/vc_column][\/vc_row][vc_row][vc_column][vc_empty_space][\/vc_column][\/vc_row][vc_row][vc_column][elx_o2000_contact_us s=&#8221;Request of information about Hairdressers &amp; Beauty Salons&#8221; b=&#8221;laundry&#8221; r=&#8221;I would like to find out more about Laundry solutions for Hairdressers and Beauty Salons&#8221; l=&#8221;en&#8221;][\/vc_column][\/vc_row][vc_row][vc_column][vc_empty_space][\/vc_column][\/vc_row][vc_row css=&#8221;.vc_custom_1534772259989{background-color: #eeeeee !important;}&#8221;][vc_column width=&#8221;2\/3&#8243;][elx_heading font_size=&#8221;h3&#8243; text_color=&#8221;inherit&#8221;]Szukasz bardziej wydajnych rozwi\u0105za\u0144?[\/elx_heading][elx_heading font_container=&#8221;h3&#8243; font_size=&#8221;h5&#8243; text_color=&#8221;inherit&#8221;]Zapraszamy do zapoznania si\u0119 z naszymi komercyjnymi rozwi\u0105zaniami w zakresie prania.[\/elx_heading][vc_column_text]Electrolux Professional oferuje szerok\u0105 gam\u0119 produkt\u00f3w dla profesjonalnego pralnictwa.[\/vc_column_text][elx_button button_text=&#8221;Sprawd\u017a komercyjne rozwi\u0105zania w zakresie prania&#8221; button_style=&#8221;icon&#8221; button_link=&#8221;url:https%3A%2F%2Fwww.electroluxprofessional.com%2Fpl%2Fpralnictwo%2F|title:Commercial%20Laundry%20Solutions%20||&#8221;][\/vc_column][vc_column width=&#8221;1\/3&#8243;][vc_empty_space][vc_single_image image=&#8221;5293&#8243; img_size=&#8221;700px&#8221; onclick=&#8221;custom_link&#8221; link=&#8221;http:\/\/https:\/\/www.electroluxprofessional.com\/pl\/your-business\/commercial-laundries\/&#8221;][\/vc_column][\/vc_row]<\/p>\n","protected":false},"excerpt":{"rendered":"<p>[vc_row full_width=&#8221;electroluxpro-full-width-no-padding&#8221; css=&#8221;.vc_custom_1569489800242{background-color: #041e41 !important;}&#8221;][vc_column][vc_single_image image=&#8221;5288&#8243; img_size=&#8221;full&#8221; alignment=&#8221;center&#8221;][\/vc_column][\/vc_row][vc_row][vc_column][vc_empty_space][\/vc_column][\/vc_row][vc_row][vc_column width=&#8221;2\/3&#8243;][elx_heading font_container=&#8221;h1&#8243; text_color=&#8221;electrolux-blue&#8221;]Rozwi\u0105zania w zakresie prania dla fryzjer\u00f3w i salon\u00f3w pi\u0119kno\u015bci[\/elx_heading][vc_column_text]D\u0142ugie programy prania i zatkane odp\u0142ywy to codzienne przeszkody w korzystaniu z maszyn domowych w pralniach w salonach fryzjerskich. myPRO pozwala Ci si\u0119 skupi\u0107 na Twojej podstawowej dzia\u0142alno\u015bci.\u00a0Najwy\u017cszej jako\u015bci rezultaty prania, szybkie i proste, bez niedogodno\u015bci.[\/vc_column_text][elx_button button_text=&#8221;Id\u017a [&hellip;]<\/p>\n","protected":false},"author":3,"featured_media":5286,"parent":5275,"menu_order":0,"comment_status":"closed","ping_status":"closed","template":"","meta":{"footnotes":""},"class_list":["post-5294","page","type-page","status-publish","has-post-thumbnail","hentry"],"acf":[],"yoast_head":"<!-- This site is optimized with the Yoast SEO plugin v23.3 - https:\/\/yoast.com\/wordpress\/plugins\/seo\/ -->\n<title>Wyposa\u017cenie pralni dla fryzjer\u00f3w i salon\u00f3w pi\u0119kno\u015bci - Electrolux Professional<\/title>\n<meta name=\"description\" content=\"myPRO oferuje najlepsz\u0105 piel\u0119gnacj\u0119 ubra\u0144 i zapewnia mi\u0119kk\u0105, \u015bwie\u017c\u0105 i higienicznie czyst\u0105 bielizn\u0119 na czas, dzi\u0119ki wytrzyma\u0142ym pralkom, wydajnym suszarkom i prostym w obs\u0142udze maglom parowym.\" \/>\n<meta name=\"robots\" content=\"index, follow, max-snippet:-1, max-image-preview:large, max-video-preview:-1\" \/>\n<link rel=\"canonical\" href=\"https:\/\/www.electroluxprofessional.com\/pl\/twoj-biznes\/maly-biznes\/fryzjerzy-salony-pieknosci\/\" \/>\n<meta property=\"og:locale\" content=\"pl_PL\" \/>\n<meta property=\"og:type\" content=\"article\" \/>\n<meta property=\"og:title\" content=\"Wyposa\u017cenie pralni dla fryzjer\u00f3w i salon\u00f3w pi\u0119kno\u015bci - Electrolux Professional\" \/>\n<meta property=\"og:description\" content=\"myPRO oferuje najlepsz\u0105 piel\u0119gnacj\u0119 ubra\u0144 i zapewnia mi\u0119kk\u0105, \u015bwie\u017c\u0105 i higienicznie czyst\u0105 bielizn\u0119 na czas, dzi\u0119ki wytrzyma\u0142ym pralkom, wydajnym suszarkom i prostym w obs\u0142udze maglom parowym.\" \/>\n<meta property=\"og:url\" content=\"https:\/\/www.electroluxprofessional.com\/pl\/twoj-biznes\/maly-biznes\/fryzjerzy-salony-pieknosci\/\" \/>\n<meta property=\"og:site_name\" content=\"Electrolux Professional Polska\" \/>\n<meta property=\"article:modified_time\" content=\"2025-11-05T15:33:25+00:00\" \/>\n<meta property=\"og:image\" content=\"https:\/\/www.electroluxprofessional.com\/pl\/wp-content\/uploads\/2019\/09\/myPRO-health-beauty-salon-1170x546.jpg\" \/>\n\t<meta property=\"og:image:width\" content=\"1170\" \/>\n\t<meta property=\"og:image:height\" content=\"546\" \/>\n\t<meta property=\"og:image:type\" content=\"image\/jpeg\" \/>\n<meta name=\"twitter:card\" content=\"summary_large_image\" \/>\n<meta name=\"twitter:label1\" content=\"Szacowany czas czytania\" \/>\n\t<meta name=\"twitter:data1\" content=\"4 minuty\" \/>\n<script type=\"application\/ld+json\" class=\"yoast-schema-graph\">{\"@context\":\"https:\/\/schema.org\",\"@graph\":[{\"@type\":\"WebPage\",\"@id\":\"https:\/\/www.electroluxprofessional.com\/pl\/twoj-biznes\/maly-biznes\/fryzjerzy-salony-pieknosci\/\",\"url\":\"https:\/\/www.electroluxprofessional.com\/pl\/twoj-biznes\/maly-biznes\/fryzjerzy-salony-pieknosci\/\",\"name\":\"Wyposa\u017cenie pralni dla fryzjer\u00f3w i salon\u00f3w pi\u0119kno\u015bci - Electrolux Professional\",\"isPartOf\":{\"@id\":\"https:\/\/www.electroluxprofessional.com\/pl\/#website\"},\"primaryImageOfPage\":{\"@id\":\"https:\/\/www.electroluxprofessional.com\/pl\/twoj-biznes\/maly-biznes\/fryzjerzy-salony-pieknosci\/#primaryimage\"},\"image\":{\"@id\":\"https:\/\/www.electroluxprofessional.com\/pl\/twoj-biznes\/maly-biznes\/fryzjerzy-salony-pieknosci\/#primaryimage\"},\"thumbnailUrl\":\"https:\/\/www.electroluxprofessional.com\/pl\/wp-content\/uploads\/2019\/09\/myPRO-health-beauty-salon-1170x546.jpg\",\"datePublished\":\"2019-10-22T18:00:49+00:00\",\"dateModified\":\"2025-11-05T15:33:25+00:00\",\"description\":\"myPRO oferuje najlepsz\u0105 piel\u0119gnacj\u0119 ubra\u0144 i zapewnia mi\u0119kk\u0105, \u015bwie\u017c\u0105 i higienicznie czyst\u0105 bielizn\u0119 na czas, dzi\u0119ki wytrzyma\u0142ym pralkom, wydajnym suszarkom i prostym w obs\u0142udze maglom parowym.\",\"breadcrumb\":{\"@id\":\"https:\/\/www.electroluxprofessional.com\/pl\/twoj-biznes\/maly-biznes\/fryzjerzy-salony-pieknosci\/#breadcrumb\"},\"inLanguage\":\"pl-PL\",\"potentialAction\":[{\"@type\":\"ReadAction\",\"target\":[\"https:\/\/www.electroluxprofessional.com\/pl\/twoj-biznes\/maly-biznes\/fryzjerzy-salony-pieknosci\/\"]}]},{\"@type\":\"ImageObject\",\"inLanguage\":\"pl-PL\",\"@id\":\"https:\/\/www.electroluxprofessional.com\/pl\/twoj-biznes\/maly-biznes\/fryzjerzy-salony-pieknosci\/#primaryimage\",\"url\":\"https:\/\/www.electroluxprofessional.com\/pl\/wp-content\/uploads\/2019\/09\/myPRO-health-beauty-salon-1170x546.jpg\",\"contentUrl\":\"https:\/\/www.electroluxprofessional.com\/pl\/wp-content\/uploads\/2019\/09\/myPRO-health-beauty-salon-1170x546.jpg\",\"width\":1170,\"height\":546,\"caption\":\"myPRO health beauty salon 1170x546\"},{\"@type\":\"BreadcrumbList\",\"@id\":\"https:\/\/www.electroluxprofessional.com\/pl\/twoj-biznes\/maly-biznes\/fryzjerzy-salony-pieknosci\/#breadcrumb\",\"itemListElement\":[{\"@type\":\"ListItem\",\"position\":1,\"name\":\"Strona g\u0142\u00f3wna\",\"item\":\"https:\/\/www.electroluxprofessional.com\/pl\/\"},{\"@type\":\"ListItem\",\"position\":2,\"name\":\"Tw\u00f3j biznes\",\"item\":\"https:\/\/www.electroluxprofessional.com\/pl\/twoj-biznes\/\"},{\"@type\":\"ListItem\",\"position\":3,\"name\":\"Ma\u0142y biznes\",\"item\":\"https:\/\/www.electroluxprofessional.com\/pl\/twoj-biznes\/maly-biznes\/\"},{\"@type\":\"ListItem\",\"position\":4,\"name\":\"Fryzjerzy &#038; Salony Pi\u0119kno\u015bci\"}]},{\"@type\":\"WebSite\",\"@id\":\"https:\/\/www.electroluxprofessional.com\/pl\/#website\",\"url\":\"https:\/\/www.electroluxprofessional.com\/pl\/\",\"name\":\"Electrolux Professional Polska\",\"description\":\"\",\"potentialAction\":[{\"@type\":\"SearchAction\",\"target\":{\"@type\":\"EntryPoint\",\"urlTemplate\":\"https:\/\/www.electroluxprofessional.com\/pl\/?src={search_term_string}\"},\"query-input\":\"required name=search_term_string\"}],\"inLanguage\":\"pl-PL\"}]}<\/script>\n<!-- \/ Yoast SEO plugin. -->","yoast_head_json":{"title":"Wyposa\u017cenie pralni dla fryzjer\u00f3w i salon\u00f3w pi\u0119kno\u015bci - Electrolux Professional","description":"myPRO oferuje najlepsz\u0105 piel\u0119gnacj\u0119 ubra\u0144 i zapewnia mi\u0119kk\u0105, \u015bwie\u017c\u0105 i higienicznie czyst\u0105 bielizn\u0119 na czas, dzi\u0119ki wytrzyma\u0142ym pralkom, wydajnym suszarkom i prostym w obs\u0142udze maglom parowym.","robots":{"index":"index","follow":"follow","max-snippet":"max-snippet:-1","max-image-preview":"max-image-preview:large","max-video-preview":"max-video-preview:-1"},"canonical":"https:\/\/www.electroluxprofessional.com\/pl\/twoj-biznes\/maly-biznes\/fryzjerzy-salony-pieknosci\/","og_locale":"pl_PL","og_type":"article","og_title":"Wyposa\u017cenie pralni dla fryzjer\u00f3w i salon\u00f3w pi\u0119kno\u015bci - Electrolux Professional","og_description":"myPRO oferuje najlepsz\u0105 piel\u0119gnacj\u0119 ubra\u0144 i zapewnia mi\u0119kk\u0105, \u015bwie\u017c\u0105 i higienicznie czyst\u0105 bielizn\u0119 na czas, dzi\u0119ki wytrzyma\u0142ym pralkom, wydajnym suszarkom i prostym w obs\u0142udze maglom parowym.","og_url":"https:\/\/www.electroluxprofessional.com\/pl\/twoj-biznes\/maly-biznes\/fryzjerzy-salony-pieknosci\/","og_site_name":"Electrolux Professional Polska","article_modified_time":"2025-11-05T15:33:25+00:00","og_image":[{"width":1170,"height":546,"url":"https:\/\/www.electroluxprofessional.com\/pl\/wp-content\/uploads\/2019\/09\/myPRO-health-beauty-salon-1170x546.jpg","type":"image\/jpeg"}],"twitter_card":"summary_large_image","twitter_misc":{"Szacowany czas czytania":"4 minuty"},"schema":{"@context":"https:\/\/schema.org","@graph":[{"@type":"WebPage","@id":"https:\/\/www.electroluxprofessional.com\/pl\/twoj-biznes\/maly-biznes\/fryzjerzy-salony-pieknosci\/","url":"https:\/\/www.electroluxprofessional.com\/pl\/twoj-biznes\/maly-biznes\/fryzjerzy-salony-pieknosci\/","name":"Wyposa\u017cenie pralni dla fryzjer\u00f3w i salon\u00f3w pi\u0119kno\u015bci - Electrolux Professional","isPartOf":{"@id":"https:\/\/www.electroluxprofessional.com\/pl\/#website"},"primaryImageOfPage":{"@id":"https:\/\/www.electroluxprofessional.com\/pl\/twoj-biznes\/maly-biznes\/fryzjerzy-salony-pieknosci\/#primaryimage"},"image":{"@id":"https:\/\/www.electroluxprofessional.com\/pl\/twoj-biznes\/maly-biznes\/fryzjerzy-salony-pieknosci\/#primaryimage"},"thumbnailUrl":"https:\/\/www.electroluxprofessional.com\/pl\/wp-content\/uploads\/2019\/09\/myPRO-health-beauty-salon-1170x546.jpg","datePublished":"2019-10-22T18:00:49+00:00","dateModified":"2025-11-05T15:33:25+00:00","description":"myPRO oferuje najlepsz\u0105 piel\u0119gnacj\u0119 ubra\u0144 i zapewnia mi\u0119kk\u0105, \u015bwie\u017c\u0105 i higienicznie czyst\u0105 bielizn\u0119 na czas, dzi\u0119ki wytrzyma\u0142ym pralkom, wydajnym suszarkom i prostym w obs\u0142udze maglom parowym.","breadcrumb":{"@id":"https:\/\/www.electroluxprofessional.com\/pl\/twoj-biznes\/maly-biznes\/fryzjerzy-salony-pieknosci\/#breadcrumb"},"inLanguage":"pl-PL","potentialAction":[{"@type":"ReadAction","target":["https:\/\/www.electroluxprofessional.com\/pl\/twoj-biznes\/maly-biznes\/fryzjerzy-salony-pieknosci\/"]}]},{"@type":"ImageObject","inLanguage":"pl-PL","@id":"https:\/\/www.electroluxprofessional.com\/pl\/twoj-biznes\/maly-biznes\/fryzjerzy-salony-pieknosci\/#primaryimage","url":"https:\/\/www.electroluxprofessional.com\/pl\/wp-content\/uploads\/2019\/09\/myPRO-health-beauty-salon-1170x546.jpg","contentUrl":"https:\/\/www.electroluxprofessional.com\/pl\/wp-content\/uploads\/2019\/09\/myPRO-health-beauty-salon-1170x546.jpg","width":1170,"height":546,"caption":"myPRO health beauty salon 1170x546"},{"@type":"BreadcrumbList","@id":"https:\/\/www.electroluxprofessional.com\/pl\/twoj-biznes\/maly-biznes\/fryzjerzy-salony-pieknosci\/#breadcrumb","itemListElement":[{"@type":"ListItem","position":1,"name":"Strona g\u0142\u00f3wna","item":"https:\/\/www.electroluxprofessional.com\/pl\/"},{"@type":"ListItem","position":2,"name":"Tw\u00f3j biznes","item":"https:\/\/www.electroluxprofessional.com\/pl\/twoj-biznes\/"},{"@type":"ListItem","position":3,"name":"Ma\u0142y biznes","item":"https:\/\/www.electroluxprofessional.com\/pl\/twoj-biznes\/maly-biznes\/"},{"@type":"ListItem","position":4,"name":"Fryzjerzy &#038; Salony Pi\u0119kno\u015bci"}]},{"@type":"WebSite","@id":"https:\/\/www.electroluxprofessional.com\/pl\/#website","url":"https:\/\/www.electroluxprofessional.com\/pl\/","name":"Electrolux Professional Polska","description":"","potentialAction":[{"@type":"SearchAction","target":{"@type":"EntryPoint","urlTemplate":"https:\/\/www.electroluxprofessional.com\/pl\/?src={search_term_string}"},"query-input":"required name=search_term_string"}],"inLanguage":"pl-PL"}]}},"_links":{"self":[{"href":"https:\/\/www.electroluxprofessional.com\/pl\/wp-json\/wp\/v2\/pages\/5294"}],"collection":[{"href":"https:\/\/www.electroluxprofessional.com\/pl\/wp-json\/wp\/v2\/pages"}],"about":[{"href":"https:\/\/www.electroluxprofessional.com\/pl\/wp-json\/wp\/v2\/types\/page"}],"author":[{"embeddable":true,"href":"https:\/\/www.electroluxprofessional.com\/pl\/wp-json\/wp\/v2\/users\/3"}],"replies":[{"embeddable":true,"href":"https:\/\/www.electroluxprofessional.com\/pl\/wp-json\/wp\/v2\/comments?post=5294"}],"version-history":[{"count":9,"href":"https:\/\/www.electroluxprofessional.com\/pl\/wp-json\/wp\/v2\/pages\/5294\/revisions"}],"predecessor-version":[{"id":11659,"href":"https:\/\/www.electroluxprofessional.com\/pl\/wp-json\/wp\/v2\/pages\/5294\/revisions\/11659"}],"up":[{"embeddable":true,"href":"https:\/\/www.electroluxprofessional.com\/pl\/wp-json\/wp\/v2\/pages\/5275"}],"wp:featuredmedia":[{"embeddable":true,"href":"https:\/\/www.electroluxprofessional.com\/pl\/wp-json\/wp\/v2\/media\/5286"}],"wp:attachment":[{"href":"https:\/\/www.electroluxprofessional.com\/pl\/wp-json\/wp\/v2\/media?parent=5294"}],"curies":[{"name":"wp","href":"https:\/\/api.w.org\/{rel}","templated":true}]}}