{"id":5275,"date":"2019-10-21T11:34:28","date_gmt":"2019-10-21T09:34:28","guid":{"rendered":"https:\/\/www.electroluxprofessional.com\/?page_id=26134"},"modified":"2020-10-06T11:36:43","modified_gmt":"2020-10-06T11:36:43","slug":"maly-biznes","status":"publish","type":"page","link":"https:\/\/www.electroluxprofessional.com\/pl\/twoj-biznes\/maly-biznes\/","title":{"rendered":"Ma\u0142y biznes"},"content":{"rendered":"<p>[vc_row full_width=&#8221;electroluxpro-full-width-no-padding&#8221; css=&#8221;.vc_custom_1569489800242{background-color: #041e41 !important;}&#8221;][vc_column][vc_single_image image=&#8221;5265&#8243; img_size=&#8221;full&#8221; alignment=&#8221;center&#8221;][\/vc_column][\/vc_row][vc_row][vc_column][vc_empty_space][\/vc_column][\/vc_row][vc_row][vc_column width=&#8221;2\/3&#8243;][elx_heading font_container=&#8221;h1&#8243; text_color=&#8221;electrolux-blue&#8221;]Rozwi\u0105zania pralnicze dla ma\u0142ego biznesu[\/elx_heading][vc_column_text]Awarie maszyn, powolne programy i niska jako\u015b\u0107 prania to niekt\u00f3re z problem\u00f3w, z kt\u00f3rymi borykaj\u0105 si\u0119 w\u0142a\u015bciciele firm podczas korzystania z domowych maszyn w swojej pralni.<br \/>\nDzi\u0119ki myPRO b\u0119dziesz mia\u0142 do dyspozycji solidne, wytrzyma\u0142e maszyny do prania, kt\u00f3re <b>b\u0119d\u0105 dobrze s\u0142u\u017cy\u0107 Ci przez wiele lat<\/b>.<br \/>\nWystarczy za\u0142adowa\u0107, uruchomi\u0107 i zrelaksowa\u0107 si\u0119![\/vc_column_text][elx_button button_text=&#8221;Go to products&#8221; button_style=&#8221;icon&#8221; button_link=&#8221;url:https%3A%2F%2Fwww.electroluxprofessional.com%2Fpl%2Fpralnictwo%2Fmypro-pralki-suszarki-magle-parowe-dla-malych-przedsiebiorstw%2F|title:myPRO%2C%20pralki%2C%20suszarki%20i%20magle%20parowe%20dla%20ma%C5%82ych%20przedsi%C4%99biorstw||&#8221;][\/vc_column][vc_column width=&#8221;1\/3&#8243;][elx_heading text_color=&#8221;electrolux-blue&#8221;]Pobierz ulotk\u0119 [\/elx_heading][elx_download_block text=&#8221;rozwi\u0105zania pralnicze myPRO&#8221; document_type=&#8221;leaflets&#8221; background_color=&#8221;laundry-solutions&#8221; le_document_number=&#8221;CLF-9JE00009&#8243;][\/vc_column][\/vc_row][vc_row][vc_column][vc_single_image image=&#8221;5266&#8243; img_size=&#8221;full&#8221; alignment=&#8221;center&#8221;][\/vc_column][\/vc_row][vc_row content_placement=&#8221;top&#8221; el_class=&#8221;marginNegative&#8221;][vc_column width=&#8221;1\/3&#8243;][vc_empty_space][elx_heading font_container=&#8221;h5&#8243; font_size=&#8221;h5&#8243; text_color=&#8221;inherit&#8221;]D\u0142u\u017csza \u017cywotno\u015b\u0107[\/elx_heading][vc_column_text]<b>3 razy d\u0142u\u017csza \u017cywotno\u015b\u0107<\/b> <b>w por\u00f3wnaniu z maszynami domowymi<\/b> dzi\u0119ki zastosowaniu profesjonalnych komponent\u00f3w[\/vc_column_text][\/vc_column][vc_column width=&#8221;1\/3&#8243;][vc_empty_space][elx_heading font_container=&#8221;h5&#8243; font_size=&#8221;h5&#8243; text_color=&#8221;inherit&#8221;]Efektywno\u015b\u0107 energetyczna A+++[\/elx_heading][vc_column_text]<b>Oszcz\u0119dzaj wod\u0119, energi\u0119 i pieni\u0105dze<\/b><\/p>\n<ul>\n<li>Efektywno\u015b\u0107 energetyczna pralek A+++<\/li>\n<li>Efektywno\u015b\u0107 energetyczna suszarek z pomp\u0105 ciep\u0142a A++<\/li>\n<\/ul>\n<p>[\/vc_column_text][\/vc_column][vc_column width=&#8221;1\/3&#8243;][vc_empty_space][elx_heading font_container=&#8221;h5&#8243; font_size=&#8221;h5&#8243; text_color=&#8221;inherit&#8221;]Profesjonalne programy[\/elx_heading][vc_column_text]Up to <strong>50% faster than domestic machines<\/strong>, plus greater flexibility, with programs for a wide variety of applications, including disinfection programs.[\/vc_column_text][\/vc_column][\/vc_row][vc_row content_placement=&#8221;top&#8221; el_class=&#8221;marginNegative&#8221;][vc_column width=&#8221;1\/3&#8243;][vc_single_image image=&#8221;5267&#8243; img_size=&#8221;full&#8221;][elx_heading text_color=&#8221;inherit&#8221;]Najwy\u017csza jako\u015b\u0107<br \/>\nbez niedogodno\u015bci<br \/>\n[\/elx_heading][vc_column_text css=&#8221;.vc_custom_1581504416421{margin-bottom: 0px !important;}&#8221; el_class=&#8221;minHeightCirclesText&#8221;]<em>&#8220;<i>Moi klienci natychmiast zauwa\u017c\u0105 wy\u017csz\u0105 jako\u015b\u0107 bielizny. Jest ona czystsza, bardziej mi\u0119kka i ma \u015bwie\u017cszy zapach<\/i>&#8220;<\/em>[\/vc_column_text][vc_column_text css=&#8221;.vc_custom_1581504433928{margin-top: 15px !important;}&#8221;]<\/p>\n<ul>\n<li><b>Najlepsze wyniki prania<\/b> i <b>piel\u0119gnacji odzie\u017cy<\/b> dzi\u0119ki zastosowaniu unikalnego b\u0119bna <i>Electrolux SpeedCare<\/i><\/li>\n<li>Dzia\u0142a dzisiaj, <b>dzia\u0142a przez kolejne 10 lat \u2013<\/b><i> i obejmuje gwarancj\u0119 na zastosowania profesjonalne<\/i><\/li>\n<\/ul>\n<p>[\/vc_column_text][\/vc_column][vc_column width=&#8221;1\/3&#8243;][vc_single_image image=&#8221;5268&#8243; img_size=&#8221;full&#8221;][elx_heading text_color=&#8221;inherit&#8221; css=&#8221;.vc_custom_1581504445819{margin-top: 0px !important;}&#8221;]Oszcz\u0119dzaj czas i energi\u0119[\/elx_heading][vc_column_text css=&#8221;.vc_custom_1581504478640{margin-bottom: 0px !important;}&#8221; el_class=&#8221;minHeightCirclesText&#8221;]<em>&#8220;<i>Mog\u0119 zrobi\u0107 wi\u0119cej prania dzi\u0119ki szybszym programom<\/i>&#8220;<\/em>[\/vc_column_text][vc_column_text css=&#8221;.vc_custom_1581504536195{margin-top: 15px !important;}&#8221;]<\/p>\n<ul>\n<li><b>Do 50% szybciej ni\u017c maszyny domowe dzi\u0119ki<i> profesjonalnym programom<\/i><\/b><\/li>\n<li><b>Kr\u00f3tszy cykl suszenia <\/b>dzi\u0119ki <i>Automatycznej Kontroli Wilgotno\u015bci<\/i><\/li>\n<li>Inteligentna profesjonalna pralka o <i>wydajno\u015bci energetycznej A+++<\/i><\/li>\n<\/ul>\n<p>[\/vc_column_text][\/vc_column][vc_column width=&#8221;1\/3&#8243;][vc_single_image image=&#8221;5269&#8243; img_size=&#8221;full&#8221;][elx_heading text_color=&#8221;inherit&#8221;]Wreszcie profesjonalne rozwi\u0105zanie dla moich niewielkich potrzeb pralniczych[\/elx_heading][vc_column_text css=&#8221;.vc_custom_1581504616201{margin-bottom: 0px !important;}&#8221; el_class=&#8221;minHeightCirclesText&#8221;]<em>&#8220;<i>Nie martwi\u0119 si\u0119 o przestoje w pralni i mog\u0119 w spokoju zaj\u0105\u0107 si\u0119 innymi sprawami<\/i>&#8220;<\/em>[\/vc_column_text][vc_column_text css=&#8221;.vc_custom_1581504639332{margin-top: 15px !important;}&#8221;]<\/p>\n<ul>\n<li><b>Wi\u0119ksza elastyczno\u015b\u0107<\/b> dzi\u0119ki szerokiej gamie <i>profesjonalnych program\u00f3w<\/i><b><\/b><\/li>\n<li><b>Pralka i suszarka zaprojektowane tak aby wytrzyma\u0107 3 razy d\u0142u\u017cej ni\u017c maszyny domowe<\/b><\/li>\n<li><b>Oszcz\u0119dno\u015b\u0107 koszt\u00f3w na \u015brodkach pior\u0105cych<\/b> dzi\u0119ki opcjonalnemu S<i>ystemowi Dozowania Zewn\u0119trznego<\/i><\/li>\n<\/ul>\n<p>[\/vc_column_text][\/vc_column][\/vc_row][vc_row][vc_column][vc_empty_space][\/vc_column][\/vc_row][vc_row][vc_column][elx_o2000_contact_us r=&#8221;I would like to find out more about myPRO solution for Small Business&#8221; s=&#8221;Request of information about Small business&#8221; l=&#8221;en&#8221; b=&#8221;laundry&#8221;][\/vc_column][\/vc_row][vc_row][vc_column][vc_empty_space][\/vc_column][\/vc_row][vc_row css=&#8221;.vc_custom_1572441069108{background-color: #eeeeee !important;}&#8221;][vc_column][vc_empty_space][elx_heading text_color=&#8221;inherit&#8221;]Wybierz rozwi\u0105zanie pralnicze, kt\u00f3re spe\u0142ni Twoje potrzeby[\/elx_heading][\/vc_column][vc_column width=&#8221;1\/4&#8243;][vc_empty_space height=&#8221;20px&#8221;][elx_simple_link_block link=&#8221;Enter the link of the block&#8221; text_align=&#8221;text-left&#8221; text_color=&#8221;inherit&#8221; background_color=&#8221;inherit&#8221; background_hover_color=&#8221;darker-hover&#8221; extra_class=&#8221;&#8221; reveal_effect=&#8221;&#8221; reveal_duration=&#8221;&#8221; reveal_delay=&#8221;&#8221;][elx_heading font_container=&#8221;h3&#8243; text_color=&#8221;inherit&#8221; text_align=&#8221;text-left&#8221; css=&#8221;.vc_custom_1581504678773{border-radius: 15px !important;}&#8221;]Maszyny domowe[\/elx_heading][vc_column_text]<strong><b>2500 cykli<\/b><\/strong>[\/vc_column_text][vc_single_image image=&#8221;5270&#8243; img_size=&#8221;full&#8221; css=&#8221;.vc_custom_1572859414027{padding-top: 20px !important;padding-right: 20px !important;padding-bottom: 20px !important;}&#8221;][\/elx_simple_link_block][\/vc_column][vc_column width=&#8221;1\/4&#8243;][vc_empty_space height=&#8221;20px&#8221;][elx_simple_link_block link=&#8221;url:https%3A%2F%2Fwww.electroluxprofessional.com%2Fpl%2Fpralnictwo%2Fmypro-pralki-suszarki-magle-parowe-dla-malych-przedsiebiorstw%2F|title:myPRO%2C%20pralki%2C%20suszarki%20i%20magle%20parowe%20dla%20ma%C5%82ych%20przedsi%C4%99biorstw||&#8221; text_align=&#8221;text-left&#8221; text_color=&#8221;inherit&#8221; background_color=&#8221;inherit&#8221; background_hover_color=&#8221;darker-hover&#8221; extra_class=&#8221;&#8221; reveal_effect=&#8221;&#8221; reveal_duration=&#8221;&#8221; reveal_delay=&#8221;&#8221;][elx_heading font_container=&#8221;h3&#8243; text_color=&#8221;inherit&#8221;]myPRO 8kg[\/elx_heading][vc_column_text]<strong><b>7500 cykli<\/b><\/strong>[\/vc_column_text][vc_single_image image=&#8221;5271&#8243; img_size=&#8221;full&#8221; css=&#8221;.vc_custom_1572859428231{padding-top: 20px !important;padding-right: 20px !important;padding-bottom: 20px !important;}&#8221;][\/elx_simple_link_block][\/vc_column][vc_column width=&#8221;1\/4&#8243;][vc_empty_space height=&#8221;20px&#8221;][elx_simple_link_block link=&#8221;url:https%3A%2F%2Fwww.electroluxprofessional.com%2Fpl%2Fakcesoria-materialy-eksploatacyjne%2Fpralnictwo%2Fmypro-xl-rozwiazanie-pralnicze-dla-malych-firm%2F|title:myPRO%20XL%20rozwi%C4%85zanie%20pralnicze%20dla%20ma%C5%82ych%20firm||&#8221; text_align=&#8221;text-left&#8221; text_color=&#8221;inherit&#8221; background_color=&#8221;inherit&#8221; background_hover_color=&#8221;darker-hover&#8221; extra_class=&#8221;&#8221; reveal_effect=&#8221;&#8221; reveal_duration=&#8221;&#8221; reveal_delay=&#8221;&#8221;][elx_heading font_container=&#8221;h3&#8243; text_color=&#8221;inherit&#8221;]myPRO<sup>XL<\/sup> 12kg[\/elx_heading][vc_column_text]<strong><b>15000 cykli<\/b><\/strong>[\/vc_column_text][vc_single_image image=&#8221;5272&#8243; img_size=&#8221;full&#8221; css=&#8221;.vc_custom_1572859443060{padding-top: 20px !important;padding-right: 20px !important;padding-bottom: 20px !important;}&#8221;][\/elx_simple_link_block][\/vc_column][vc_column width=&#8221;1\/4&#8243;][vc_empty_space height=&#8221;20px&#8221;][elx_simple_link_block link=&#8221;url:https%3A%2F%2Fwww.electroluxprofessional.com%2Fpl%2Fpralnictwo%2F|title:Commercial%20washers||&#8221; text_align=&#8221;text-left&#8221; text_color=&#8221;inherit&#8221; background_color=&#8221;inherit&#8221; background_hover_color=&#8221;darker-hover&#8221; extra_class=&#8221;&#8221; reveal_effect=&#8221;&#8221; reveal_duration=&#8221;&#8221; reveal_delay=&#8221;&#8221;][elx_heading font_container=&#8221;h3&#8243; text_color=&#8221;inherit&#8221;]Profesjonalne rozwi\u0105zania[\/elx_heading][vc_column_text]<strong><b>30000 cykli<\/b><\/strong>[\/vc_column_text][vc_single_image image=&#8221;5273&#8243; img_size=&#8221;full&#8221; css=&#8221;.vc_custom_1572857336964{padding-top: 20px !important;padding-right: 20px !important;padding-bottom: 20px !important;}&#8221;][\/elx_simple_link_block][\/vc_column][vc_column][vc_empty_space][\/vc_column][\/vc_row][vc_row disable_element=&#8221;yes&#8221; css=&#8221;.vc_custom_1573047682726{background-color: #eeeeee !important;}&#8221;][vc_column width=&#8221;2\/3&#8243;][elx_heading font_size=&#8221;h3&#8243; text_color=&#8221;inherit&#8221;]Looking for more productive solutions?[\/elx_heading][elx_heading font_container=&#8221;h3&#8243; font_size=&#8221;h5&#8243; text_color=&#8221;inherit&#8221;]Go and see our commercial laundry solutions[\/elx_heading][vc_column_text]Electrolux Professional provides an all-round range of products for your professional laundry needs.[\/vc_column_text][elx_button button_text=&#8221;Discover our Commercial Laundry Solutions&#8221; button_style=&#8221;icon&#8221; button_link=&#8221;url:https%3A%2F%2Fwww.electroluxprofessional.com%2Fpl%2Fcommercial-laundry-equipment%2F|title:Commercial%20Laundry%20Solutions%20||&#8221;][\/vc_column][vc_column width=&#8221;1\/3&#8243;][vc_empty_space][vc_single_image image=&#8221;5274&#8243; img_size=&#8221;700px&#8221; onclick=&#8221;custom_link&#8221; link=&#8221;http:\/\/https:\/\/www.electroluxprofessional.com\/pl\/your-business\/commercial-laundries\/&#8221;][\/vc_column][\/vc_row]<\/p>\n","protected":false},"excerpt":{"rendered":"<p>[vc_row full_width=&#8221;electroluxpro-full-width-no-padding&#8221; css=&#8221;.vc_custom_1569489800242{background-color: #041e41 !important;}&#8221;][vc_column][vc_single_image image=&#8221;5265&#8243; img_size=&#8221;full&#8221; alignment=&#8221;center&#8221;][\/vc_column][\/vc_row][vc_row][vc_column][vc_empty_space][\/vc_column][\/vc_row][vc_row][vc_column width=&#8221;2\/3&#8243;][elx_heading font_container=&#8221;h1&#8243; text_color=&#8221;electrolux-blue&#8221;]Rozwi\u0105zania pralnicze dla ma\u0142ego biznesu[\/elx_heading][vc_column_text]Awarie maszyn, powolne programy i niska jako\u015b\u0107 prania to niekt\u00f3re z problem\u00f3w, z kt\u00f3rymi borykaj\u0105 si\u0119 w\u0142a\u015bciciele firm podczas korzystania z domowych maszyn w swojej pralni. Dzi\u0119ki myPRO b\u0119dziesz mia\u0142 do dyspozycji solidne, wytrzyma\u0142e maszyny do prania, kt\u00f3re b\u0119d\u0105 dobrze s\u0142u\u017cy\u0107 [&hellip;]<\/p>\n","protected":false},"author":3,"featured_media":0,"parent":2215,"menu_order":0,"comment_status":"closed","ping_status":"closed","template":"","meta":{"footnotes":""},"class_list":["post-5275","page","type-page","status-publish","hentry"],"acf":[],"yoast_head":"<!-- This site is optimized with the Yoast SEO plugin v23.3 - https:\/\/yoast.com\/wordpress\/plugins\/seo\/ -->\n<title>Rozwi\u0105zania pralnicze dla ma\u0142ego biznesu - Electrolux Professional<\/title>\n<meta name=\"description\" content=\"Rozwi\u0105zania pralnicze dla ma\u0142ego biznesu. Dzi\u0119ki myPRO b\u0119dziesz mia\u0142 do dyspozycji solidne, wytrzyma\u0142e maszyny do prania, kt\u00f3re b\u0119d\u0105 dobrze s\u0142u\u017cy\u0107 Ci przez wiele lat.\" \/>\n<meta name=\"robots\" content=\"index, follow, max-snippet:-1, max-image-preview:large, max-video-preview:-1\" \/>\n<link rel=\"canonical\" href=\"https:\/\/www.electroluxprofessional.com\/pl\/twoj-biznes\/maly-biznes\/\" \/>\n<meta property=\"og:locale\" content=\"pl_PL\" \/>\n<meta property=\"og:type\" content=\"article\" \/>\n<meta property=\"og:title\" content=\"Rozwi\u0105zania pralnicze dla ma\u0142ego biznesu - Electrolux Professional\" \/>\n<meta property=\"og:description\" content=\"Rozwi\u0105zania pralnicze dla ma\u0142ego biznesu. Dzi\u0119ki myPRO b\u0119dziesz mia\u0142 do dyspozycji solidne, wytrzyma\u0142e maszyny do prania, kt\u00f3re b\u0119d\u0105 dobrze s\u0142u\u017cy\u0107 Ci przez wiele lat.\" \/>\n<meta property=\"og:url\" content=\"https:\/\/www.electroluxprofessional.com\/pl\/twoj-biznes\/maly-biznes\/\" \/>\n<meta property=\"og:site_name\" content=\"Electrolux Professional Polska\" \/>\n<meta property=\"article:modified_time\" content=\"2020-10-06T11:36:43+00:00\" \/>\n<meta name=\"twitter:card\" content=\"summary_large_image\" \/>\n<meta name=\"twitter:label1\" content=\"Szacowany czas czytania\" \/>\n\t<meta name=\"twitter:data1\" content=\"7 minut\" \/>\n<script type=\"application\/ld+json\" class=\"yoast-schema-graph\">{\"@context\":\"https:\/\/schema.org\",\"@graph\":[{\"@type\":\"WebPage\",\"@id\":\"https:\/\/www.electroluxprofessional.com\/pl\/twoj-biznes\/maly-biznes\/\",\"url\":\"https:\/\/www.electroluxprofessional.com\/pl\/twoj-biznes\/maly-biznes\/\",\"name\":\"Rozwi\u0105zania pralnicze dla ma\u0142ego biznesu - Electrolux Professional\",\"isPartOf\":{\"@id\":\"https:\/\/www.electroluxprofessional.com\/pl\/#website\"},\"datePublished\":\"2019-10-21T09:34:28+00:00\",\"dateModified\":\"2020-10-06T11:36:43+00:00\",\"description\":\"Rozwi\u0105zania pralnicze dla ma\u0142ego biznesu. Dzi\u0119ki myPRO b\u0119dziesz mia\u0142 do dyspozycji solidne, wytrzyma\u0142e maszyny do prania, kt\u00f3re b\u0119d\u0105 dobrze s\u0142u\u017cy\u0107 Ci przez wiele lat.\",\"breadcrumb\":{\"@id\":\"https:\/\/www.electroluxprofessional.com\/pl\/twoj-biznes\/maly-biznes\/#breadcrumb\"},\"inLanguage\":\"pl-PL\",\"potentialAction\":[{\"@type\":\"ReadAction\",\"target\":[\"https:\/\/www.electroluxprofessional.com\/pl\/twoj-biznes\/maly-biznes\/\"]}]},{\"@type\":\"BreadcrumbList\",\"@id\":\"https:\/\/www.electroluxprofessional.com\/pl\/twoj-biznes\/maly-biznes\/#breadcrumb\",\"itemListElement\":[{\"@type\":\"ListItem\",\"position\":1,\"name\":\"Strona g\u0142\u00f3wna\",\"item\":\"https:\/\/www.electroluxprofessional.com\/pl\/\"},{\"@type\":\"ListItem\",\"position\":2,\"name\":\"Tw\u00f3j biznes\",\"item\":\"https:\/\/www.electroluxprofessional.com\/pl\/twoj-biznes\/\"},{\"@type\":\"ListItem\",\"position\":3,\"name\":\"Ma\u0142y biznes\"}]},{\"@type\":\"WebSite\",\"@id\":\"https:\/\/www.electroluxprofessional.com\/pl\/#website\",\"url\":\"https:\/\/www.electroluxprofessional.com\/pl\/\",\"name\":\"Electrolux Professional Polska\",\"description\":\"\",\"potentialAction\":[{\"@type\":\"SearchAction\",\"target\":{\"@type\":\"EntryPoint\",\"urlTemplate\":\"https:\/\/www.electroluxprofessional.com\/pl\/?src={search_term_string}\"},\"query-input\":\"required name=search_term_string\"}],\"inLanguage\":\"pl-PL\"}]}<\/script>\n<!-- \/ Yoast SEO plugin. -->","yoast_head_json":{"title":"Rozwi\u0105zania pralnicze dla ma\u0142ego biznesu - Electrolux Professional","description":"Rozwi\u0105zania pralnicze dla ma\u0142ego biznesu. Dzi\u0119ki myPRO b\u0119dziesz mia\u0142 do dyspozycji solidne, wytrzyma\u0142e maszyny do prania, kt\u00f3re b\u0119d\u0105 dobrze s\u0142u\u017cy\u0107 Ci przez wiele lat.","robots":{"index":"index","follow":"follow","max-snippet":"max-snippet:-1","max-image-preview":"max-image-preview:large","max-video-preview":"max-video-preview:-1"},"canonical":"https:\/\/www.electroluxprofessional.com\/pl\/twoj-biznes\/maly-biznes\/","og_locale":"pl_PL","og_type":"article","og_title":"Rozwi\u0105zania pralnicze dla ma\u0142ego biznesu - Electrolux Professional","og_description":"Rozwi\u0105zania pralnicze dla ma\u0142ego biznesu. Dzi\u0119ki myPRO b\u0119dziesz mia\u0142 do dyspozycji solidne, wytrzyma\u0142e maszyny do prania, kt\u00f3re b\u0119d\u0105 dobrze s\u0142u\u017cy\u0107 Ci przez wiele lat.","og_url":"https:\/\/www.electroluxprofessional.com\/pl\/twoj-biznes\/maly-biznes\/","og_site_name":"Electrolux Professional Polska","article_modified_time":"2020-10-06T11:36:43+00:00","twitter_card":"summary_large_image","twitter_misc":{"Szacowany czas czytania":"7 minut"},"schema":{"@context":"https:\/\/schema.org","@graph":[{"@type":"WebPage","@id":"https:\/\/www.electroluxprofessional.com\/pl\/twoj-biznes\/maly-biznes\/","url":"https:\/\/www.electroluxprofessional.com\/pl\/twoj-biznes\/maly-biznes\/","name":"Rozwi\u0105zania pralnicze dla ma\u0142ego biznesu - Electrolux Professional","isPartOf":{"@id":"https:\/\/www.electroluxprofessional.com\/pl\/#website"},"datePublished":"2019-10-21T09:34:28+00:00","dateModified":"2020-10-06T11:36:43+00:00","description":"Rozwi\u0105zania pralnicze dla ma\u0142ego biznesu. Dzi\u0119ki myPRO b\u0119dziesz mia\u0142 do dyspozycji solidne, wytrzyma\u0142e maszyny do prania, kt\u00f3re b\u0119d\u0105 dobrze s\u0142u\u017cy\u0107 Ci przez wiele lat.","breadcrumb":{"@id":"https:\/\/www.electroluxprofessional.com\/pl\/twoj-biznes\/maly-biznes\/#breadcrumb"},"inLanguage":"pl-PL","potentialAction":[{"@type":"ReadAction","target":["https:\/\/www.electroluxprofessional.com\/pl\/twoj-biznes\/maly-biznes\/"]}]},{"@type":"BreadcrumbList","@id":"https:\/\/www.electroluxprofessional.com\/pl\/twoj-biznes\/maly-biznes\/#breadcrumb","itemListElement":[{"@type":"ListItem","position":1,"name":"Strona g\u0142\u00f3wna","item":"https:\/\/www.electroluxprofessional.com\/pl\/"},{"@type":"ListItem","position":2,"name":"Tw\u00f3j biznes","item":"https:\/\/www.electroluxprofessional.com\/pl\/twoj-biznes\/"},{"@type":"ListItem","position":3,"name":"Ma\u0142y biznes"}]},{"@type":"WebSite","@id":"https:\/\/www.electroluxprofessional.com\/pl\/#website","url":"https:\/\/www.electroluxprofessional.com\/pl\/","name":"Electrolux Professional Polska","description":"","potentialAction":[{"@type":"SearchAction","target":{"@type":"EntryPoint","urlTemplate":"https:\/\/www.electroluxprofessional.com\/pl\/?src={search_term_string}"},"query-input":"required name=search_term_string"}],"inLanguage":"pl-PL"}]}},"_links":{"self":[{"href":"https:\/\/www.electroluxprofessional.com\/pl\/wp-json\/wp\/v2\/pages\/5275"}],"collection":[{"href":"https:\/\/www.electroluxprofessional.com\/pl\/wp-json\/wp\/v2\/pages"}],"about":[{"href":"https:\/\/www.electroluxprofessional.com\/pl\/wp-json\/wp\/v2\/types\/page"}],"author":[{"embeddable":true,"href":"https:\/\/www.electroluxprofessional.com\/pl\/wp-json\/wp\/v2\/users\/3"}],"replies":[{"embeddable":true,"href":"https:\/\/www.electroluxprofessional.com\/pl\/wp-json\/wp\/v2\/comments?post=5275"}],"version-history":[{"count":4,"href":"https:\/\/www.electroluxprofessional.com\/pl\/wp-json\/wp\/v2\/pages\/5275\/revisions"}],"predecessor-version":[{"id":5850,"href":"https:\/\/www.electroluxprofessional.com\/pl\/wp-json\/wp\/v2\/pages\/5275\/revisions\/5850"}],"up":[{"embeddable":true,"href":"https:\/\/www.electroluxprofessional.com\/pl\/wp-json\/wp\/v2\/pages\/2215"}],"wp:attachment":[{"href":"https:\/\/www.electroluxprofessional.com\/pl\/wp-json\/wp\/v2\/media?parent=5275"}],"curies":[{"name":"wp","href":"https:\/\/api.w.org\/{rel}","templated":true}]}}