{"id":5264,"date":"2019-11-08T10:39:59","date_gmt":"2019-11-08T10:39:59","guid":{"rendered":"https:\/\/www.electroluxprofessional.com\/?page_id=26349"},"modified":"2020-10-06T11:37:55","modified_gmt":"2020-10-06T11:37:55","slug":"domy-opieki","status":"publish","type":"page","link":"https:\/\/www.electroluxprofessional.com\/pl\/twoj-biznes\/maly-biznes\/domy-opieki\/","title":{"rendered":"Domy opieki"},"content":{"rendered":"<p>[vc_row full_width=&#8221;electroluxpro-full-width-no-padding&#8221; css=&#8221;.vc_custom_1569489800242{background-color: #041e41 !important;}&#8221;][vc_column][vc_single_image image=&#8221;5258&#8243; img_size=&#8221;full&#8221; alignment=&#8221;center&#8221;][\/vc_column][\/vc_row][vc_row][vc_column][vc_empty_space][\/vc_column][\/vc_row][vc_row][vc_column width=&#8221;2\/3&#8243;][elx_heading font_container=&#8221;h1&#8243; text_color=&#8221;electrolux-blue&#8221;]Rozwi\u0105zania pralnicze dla dom\u00f3w opieki[\/elx_heading][vc_column_text]D\u0142ugie programy i s\u0142abe rezultaty prania to tylko niekt\u00f3re z problem\u00f3w, z kt\u00f3rymi borykaj\u0105 si\u0119 domy opieki podczas korzystania z pralek domowych.<\/p>\n<p>myPRO zapewnia <strong>najwy\u017cszej jako\u015bci rezultaty prania<\/strong> z doskona\u0142\u0105 <strong>higien\u0105<\/strong> i najwy\u017csz\u0105 wygod\u0105 &#8211; daj\u0105c Ci poczucie bezpiecze\u0144stwa.[\/vc_column_text][elx_button button_text=&#8221;Go to products&#8221; button_style=&#8221;icon&#8221; button_link=&#8221;url:https%3A%2F%2Fwww.electroluxprofessional.com%2Fpl%2Fpralnictwo%2Fmypro-pralki-suszarki-magle-parowe-dla-malych-przedsiebiorstw%2F|title:myPRO%2C%20pralki%2C%20suszarki%20i%20magle%20parowe%20dla%20ma%C5%82ych%20przedsi%C4%99biorstw||&#8221;][\/vc_column][vc_column width=&#8221;1\/3&#8243;][elx_heading text_color=&#8221;electrolux-blue&#8221;]Pobierz ulotk\u0119[\/elx_heading][elx_download_block text=&#8221;rozwi\u0105zania pralnicze myPRO<br \/>\ndla dom\u00f3w opieki<br \/>\n&#8221; document_type=&#8221;leaflets&#8221; background_color=&#8221;laundry-solutions&#8221; le_document_number=&#8221;CLF-9JE00009&#8243;][\/vc_column][\/vc_row][vc_row][vc_column][vc_single_image image=&#8221;5259&#8243; img_size=&#8221;full&#8221; alignment=&#8221;center&#8221;][\/vc_column][\/vc_row][vc_row content_placement=&#8221;top&#8221; el_class=&#8221;marginNegative&#8221;][vc_column width=&#8221;1\/3&#8243;][vc_empty_space][elx_heading font_container=&#8221;h5&#8243; font_size=&#8221;h5&#8243; text_color=&#8221;inherit&#8221;]D\u0142u\u017csza \u017cywotno\u015b\u0107[\/elx_heading][vc_column_text]myPRO <strong>wytrzymuje 3 razy d\u0142u\u017cej ni\u017c maszyny domowe <\/strong>dzi\u0119ki bardziej wytrzyma\u0142ej konstrukcji stworzonej przy u\u017cyciu profesjonalnych komponent\u00f3w.[\/vc_column_text][\/vc_column][vc_column width=&#8221;1\/3&#8243;][vc_empty_space][elx_heading font_container=&#8221;h5&#8243; font_size=&#8221;h5&#8243; text_color=&#8221;inherit&#8221;]Programy dezynfekcji[\/elx_heading][vc_column_text]Wi\u0119ksza elastyczno\u015b\u0107 dzi\u0119ki <strong>programom do wielu r\u00f3\u017cnych zastosowa\u0144<\/strong>, w tym programom dezynfekcji, kt\u00f3re pomagaj\u0105 spe\u0142ni\u0107 wymagania w zakresie higieny i czysto\u015bci.[\/vc_column_text][\/vc_column][vc_column width=&#8221;1\/3&#8243;][vc_empty_space][elx_heading font_container=&#8221;h5&#8243; font_size=&#8221;h5&#8243; text_color=&#8221;inherit&#8221;]Automatyczna kontrola wilgotno\u015bci[\/elx_heading][vc_column_text]Kr\u00f3tszy cykl suszenia dzi\u0119ki <strong>kontroli poziomu wilgotno\u015bci wewn\u0105trz odzie\u017cy w czasie rzeczywistym<\/strong>.\u00a0Zapobiega nadmiernemu wysychaniu w\u0142\u00f3kien, oszcz\u0119dza czas i daje u\u017cytkownikom poczucie bezpiecze\u0144stwa.[\/vc_column_text][\/vc_column][\/vc_row][vc_row content_placement=&#8221;top&#8221; el_class=&#8221;marginNegative&#8221;][vc_column width=&#8221;1\/3&#8243;][vc_single_image image=&#8221;5260&#8243; img_size=&#8221;large&#8221;][elx_heading text_color=&#8221;inherit&#8221;]Najwy\u017csza jako\u015b\u0107 i higiena[\/elx_heading][vc_column_text css=&#8221;.vc_custom_1578998860850{margin-bottom: 0px !important;}&#8221; el_class=&#8221;minHeightCirclesText&#8221;]<em>&#8220;Jestem spokojna, gdy chodzi o pranie i mog\u0119 w pe\u0142ni skupi\u0107 si\u0119 na opiece nad moimi podopiecznymi&#8221;<\/em>[\/vc_column_text][vc_column_text css=&#8221;.vc_custom_1578998880637{margin-top: 15px !important;}&#8221;]<\/p>\n<ul>\n<li><strong>Najlepsze rezultaty prania i piel\u0119gnacji odzie\u017cy<\/strong> dzi\u0119ki zastosowaniu b\u0119bna <em>Electrolux SpeedCare<\/em>.<\/li>\n<li><strong>Higiena i czysto\u015b\u0107 <\/strong>dzi\u0119ki programom dezynfekcji.<\/li>\n<li>Pralka i suszarka zaprojektowane tak aby wytrzyma\u0107 <strong>3 razy d\u0142u\u017cej<\/strong> ni\u017c maszyny domowe<\/li>\n<\/ul>\n<p>[\/vc_column_text][\/vc_column][vc_column width=&#8221;1\/3&#8243;][vc_single_image image=&#8221;5261&#8243; img_size=&#8221;large&#8221;][elx_heading text_color=&#8221;inherit&#8221; css=&#8221;.vc_custom_1578998899987{margin-top: 0px !important;}&#8221;]Wysoka szybko\u015b\u0107 i elastyczno\u015b\u0107[\/elx_heading][vc_column_text css=&#8221;.vc_custom_1578998921289{margin-bottom: 0px !important;}&#8221; el_class=&#8221;minHeightCirclesText&#8221;]<em>&#8220;Nasi starsi mieszka\u0144cy korzystaj\u0105 z szybkiej i profesjonalnej samoobs\u0142ugowej pralni<\/em><em>&#8220;<\/em>[\/vc_column_text][vc_column_text css=&#8221;.vc_custom_1578998948391{margin-top: 15px !important;}&#8221;]<\/p>\n<ul>\n<li><strong>Nawet o 50%<\/strong> szybciej dzi\u0119ki <em>profesjonalnym programom<\/em>.<\/li>\n<li>U\u017cywaj <strong>pary podczas prasowania<\/strong>, aby usuwa\u0107 zagniecenia w kr\u00f3tszym czasie<\/li>\n<li><strong>Wi\u0119ksza elastyczno\u015b\u0107<\/strong> dzi\u0119ki opcjonalnemu <em>systemowi dozowania zewn\u0119trznego<\/em><\/li>\n<\/ul>\n<p>[\/vc_column_text][\/vc_column][vc_column width=&#8221;1\/3&#8243;][vc_single_image image=&#8221;5262&#8243; img_size=&#8221;large&#8221;][elx_heading text_color=&#8221;inherit&#8221;]Wspania\u0142a, niezawodna inwestycja[\/elx_heading][vc_column_text css=&#8221;.vc_custom_1578998978117{margin-bottom: 0px !important;}&#8221; el_class=&#8221;minHeightCirclesText&#8221;]<em>&#8220;Wreszcie profesjonalne rozwi\u0105zanie dla moich niewielkich potrzeb pralniczych&#8221;<\/em>[\/vc_column_text][vc_column_text css=&#8221;.vc_custom_1578998993457{margin-top: 15px !important;}&#8221;]<\/p>\n<ul>\n<li><strong>Du\u017ca elastyczno\u015b\u0107<\/strong> dzi\u0119ki szerokiej gamie <em>profesjonalnych program\u00f3w<\/em><\/li>\n<li><em>Efektywno\u015b\u0107 energetyczna<\/em> pralek A+++<\/li>\n<li><em>Efektywno\u015b\u0107 energetyczna<\/em> suszarek z pomp\u0105 ciep\u0142a A++<\/li>\n<\/ul>\n<p>[\/vc_column_text][\/vc_column][\/vc_row][vc_row][vc_column][vc_empty_space][\/vc_column][\/vc_row][vc_row][vc_column][elx_o2000_contact_us r=&#8221;I would like to find out more about Laundry solutions for Care homes&#8221; s=&#8221;Request of information about Hairdressers &amp; Beauty Salons&#8221; l=&#8221;en&#8221; b=&#8221;laundry&#8221;][\/vc_column][\/vc_row][vc_row][vc_column][vc_empty_space][\/vc_column][\/vc_row][vc_row css=&#8221;.vc_custom_1534772259989{background-color: #eeeeee !important;}&#8221;][vc_column width=&#8221;2\/3&#8243;][elx_heading font_size=&#8221;h3&#8243; text_color=&#8221;inherit&#8221;]Szukasz bardziej wydajnych rozwi\u0105za\u0144?[\/elx_heading][elx_heading font_container=&#8221;h3&#8243; font_size=&#8221;h5&#8243; text_color=&#8221;inherit&#8221;]Zapraszamy do zapoznania si\u0119 z naszymi komercyjnymi rozwi\u0105zaniami w zakresie prania.[\/elx_heading][vc_column_text]Electrolux Professional oferuje szerok\u0105 gam\u0119 produkt\u00f3w dla profesjonalnego pralnictwa.[\/vc_column_text][elx_button button_text=&#8221;Odkryj nasze rozwi\u0105zania pralnicze&#8221; button_style=&#8221;icon&#8221; button_link=&#8221;url:https%3A%2F%2Fwww.electroluxprofessional.com%2Fpl%2Fpralnictwo%2F|title:Commercial%20Laundry%20Solutions%20||&#8221;][\/vc_column][vc_column width=&#8221;1\/3&#8243;][vc_empty_space][vc_single_image image=&#8221;5263&#8243; img_size=&#8221;700px&#8221; onclick=&#8221;custom_link&#8221; link=&#8221;http:\/\/https:\/\/www.electroluxprofessional.com\/pl\/your-business\/commercial-laundries\/&#8221;][\/vc_column][\/vc_row]<\/p>\n","protected":false},"excerpt":{"rendered":"<p>[vc_row full_width=&#8221;electroluxpro-full-width-no-padding&#8221; css=&#8221;.vc_custom_1569489800242{background-color: #041e41 !important;}&#8221;][vc_column][vc_single_image image=&#8221;5258&#8243; img_size=&#8221;full&#8221; alignment=&#8221;center&#8221;][\/vc_column][\/vc_row][vc_row][vc_column][vc_empty_space][\/vc_column][\/vc_row][vc_row][vc_column width=&#8221;2\/3&#8243;][elx_heading font_container=&#8221;h1&#8243; text_color=&#8221;electrolux-blue&#8221;]Rozwi\u0105zania pralnicze dla dom\u00f3w opieki[\/elx_heading][vc_column_text]D\u0142ugie programy i s\u0142abe rezultaty prania to tylko niekt\u00f3re z problem\u00f3w, z kt\u00f3rymi borykaj\u0105 si\u0119 domy opieki podczas korzystania z pralek domowych. myPRO zapewnia najwy\u017cszej jako\u015bci rezultaty prania z doskona\u0142\u0105 higien\u0105 i najwy\u017csz\u0105 wygod\u0105 &#8211; daj\u0105c Ci poczucie bezpiecze\u0144stwa.[\/vc_column_text][elx_button button_text=&#8221;Go to [&hellip;]<\/p>\n","protected":false},"author":3,"featured_media":5257,"parent":5275,"menu_order":0,"comment_status":"closed","ping_status":"closed","template":"","meta":{"footnotes":""},"class_list":["post-5264","page","type-page","status-publish","has-post-thumbnail","hentry"],"acf":[],"yoast_head":"<!-- This site is optimized with the Yoast SEO plugin v23.3 - https:\/\/yoast.com\/wordpress\/plugins\/seo\/ -->\n<title>Rozwi\u0105zania pralnicze dla dom\u00f3w opieki - Electrolux Professional<\/title>\n<meta name=\"description\" content=\"D\u0142ugie programy i s\u0142abe rezultaty prania to tylko niekt\u00f3re z problem\u00f3w, z kt\u00f3rymi borykaj\u0105 si\u0119 domy opieki podczas korzystania z pralek domowych. myPRO zapewnia najwy\u017cszej jako\u015bci rezultaty prania z doskona\u0142\u0105 higien\u0105 i najwy\u017csz\u0105 wygod\u0105 \u2013 daj\u0105c Ci poczucie bezpiecze\u0144stwa.\" \/>\n<meta name=\"robots\" content=\"index, follow, max-snippet:-1, max-image-preview:large, max-video-preview:-1\" \/>\n<link rel=\"canonical\" href=\"https:\/\/www.electroluxprofessional.com\/pl\/twoj-biznes\/maly-biznes\/domy-opieki\/\" \/>\n<meta property=\"og:locale\" content=\"pl_PL\" \/>\n<meta property=\"og:type\" content=\"article\" \/>\n<meta property=\"og:title\" content=\"Rozwi\u0105zania pralnicze dla dom\u00f3w opieki - Electrolux Professional\" \/>\n<meta property=\"og:description\" content=\"D\u0142ugie programy i s\u0142abe rezultaty prania to tylko niekt\u00f3re z problem\u00f3w, z kt\u00f3rymi borykaj\u0105 si\u0119 domy opieki podczas korzystania z pralek domowych. myPRO zapewnia najwy\u017cszej jako\u015bci rezultaty prania z doskona\u0142\u0105 higien\u0105 i najwy\u017csz\u0105 wygod\u0105 \u2013 daj\u0105c Ci poczucie bezpiecze\u0144stwa.\" \/>\n<meta property=\"og:url\" content=\"https:\/\/www.electroluxprofessional.com\/pl\/twoj-biznes\/maly-biznes\/domy-opieki\/\" \/>\n<meta property=\"og:site_name\" content=\"Electrolux Professional Polska\" \/>\n<meta property=\"article:modified_time\" content=\"2020-10-06T11:37:55+00:00\" \/>\n<meta property=\"og:image\" content=\"https:\/\/www.electroluxprofessional.com\/pl\/wp-content\/uploads\/2019\/11\/care-homes.jpg\" \/>\n\t<meta property=\"og:image:width\" content=\"800\" \/>\n\t<meta property=\"og:image:height\" content=\"500\" \/>\n\t<meta property=\"og:image:type\" content=\"image\/jpeg\" \/>\n<meta name=\"twitter:card\" content=\"summary_large_image\" \/>\n<meta name=\"twitter:label1\" content=\"Szacowany czas czytania\" \/>\n\t<meta name=\"twitter:data1\" content=\"4 minuty\" \/>\n<script type=\"application\/ld+json\" class=\"yoast-schema-graph\">{\"@context\":\"https:\/\/schema.org\",\"@graph\":[{\"@type\":\"WebPage\",\"@id\":\"https:\/\/www.electroluxprofessional.com\/pl\/twoj-biznes\/maly-biznes\/domy-opieki\/\",\"url\":\"https:\/\/www.electroluxprofessional.com\/pl\/twoj-biznes\/maly-biznes\/domy-opieki\/\",\"name\":\"Rozwi\u0105zania pralnicze dla dom\u00f3w opieki - Electrolux Professional\",\"isPartOf\":{\"@id\":\"https:\/\/www.electroluxprofessional.com\/pl\/#website\"},\"primaryImageOfPage\":{\"@id\":\"https:\/\/www.electroluxprofessional.com\/pl\/twoj-biznes\/maly-biznes\/domy-opieki\/#primaryimage\"},\"image\":{\"@id\":\"https:\/\/www.electroluxprofessional.com\/pl\/twoj-biznes\/maly-biznes\/domy-opieki\/#primaryimage\"},\"thumbnailUrl\":\"https:\/\/www.electroluxprofessional.com\/pl\/wp-content\/uploads\/2019\/11\/care-homes.jpg\",\"datePublished\":\"2019-11-08T10:39:59+00:00\",\"dateModified\":\"2020-10-06T11:37:55+00:00\",\"description\":\"D\u0142ugie programy i s\u0142abe rezultaty prania to tylko niekt\u00f3re z problem\u00f3w, z kt\u00f3rymi borykaj\u0105 si\u0119 domy opieki podczas korzystania z pralek domowych. myPRO zapewnia najwy\u017cszej jako\u015bci rezultaty prania z doskona\u0142\u0105 higien\u0105 i najwy\u017csz\u0105 wygod\u0105 \u2013 daj\u0105c Ci poczucie bezpiecze\u0144stwa.\",\"breadcrumb\":{\"@id\":\"https:\/\/www.electroluxprofessional.com\/pl\/twoj-biznes\/maly-biznes\/domy-opieki\/#breadcrumb\"},\"inLanguage\":\"pl-PL\",\"potentialAction\":[{\"@type\":\"ReadAction\",\"target\":[\"https:\/\/www.electroluxprofessional.com\/pl\/twoj-biznes\/maly-biznes\/domy-opieki\/\"]}]},{\"@type\":\"ImageObject\",\"inLanguage\":\"pl-PL\",\"@id\":\"https:\/\/www.electroluxprofessional.com\/pl\/twoj-biznes\/maly-biznes\/domy-opieki\/#primaryimage\",\"url\":\"https:\/\/www.electroluxprofessional.com\/pl\/wp-content\/uploads\/2019\/11\/care-homes.jpg\",\"contentUrl\":\"https:\/\/www.electroluxprofessional.com\/pl\/wp-content\/uploads\/2019\/11\/care-homes.jpg\",\"width\":800,\"height\":500,\"caption\":\"care homes\"},{\"@type\":\"BreadcrumbList\",\"@id\":\"https:\/\/www.electroluxprofessional.com\/pl\/twoj-biznes\/maly-biznes\/domy-opieki\/#breadcrumb\",\"itemListElement\":[{\"@type\":\"ListItem\",\"position\":1,\"name\":\"Strona g\u0142\u00f3wna\",\"item\":\"https:\/\/www.electroluxprofessional.com\/pl\/\"},{\"@type\":\"ListItem\",\"position\":2,\"name\":\"Tw\u00f3j biznes\",\"item\":\"https:\/\/www.electroluxprofessional.com\/pl\/twoj-biznes\/\"},{\"@type\":\"ListItem\",\"position\":3,\"name\":\"Ma\u0142y biznes\",\"item\":\"https:\/\/www.electroluxprofessional.com\/pl\/twoj-biznes\/maly-biznes\/\"},{\"@type\":\"ListItem\",\"position\":4,\"name\":\"Domy opieki\"}]},{\"@type\":\"WebSite\",\"@id\":\"https:\/\/www.electroluxprofessional.com\/pl\/#website\",\"url\":\"https:\/\/www.electroluxprofessional.com\/pl\/\",\"name\":\"Electrolux Professional Polska\",\"description\":\"\",\"potentialAction\":[{\"@type\":\"SearchAction\",\"target\":{\"@type\":\"EntryPoint\",\"urlTemplate\":\"https:\/\/www.electroluxprofessional.com\/pl\/?src={search_term_string}\"},\"query-input\":\"required name=search_term_string\"}],\"inLanguage\":\"pl-PL\"}]}<\/script>\n<!-- \/ Yoast SEO plugin. -->","yoast_head_json":{"title":"Rozwi\u0105zania pralnicze dla dom\u00f3w opieki - Electrolux Professional","description":"D\u0142ugie programy i s\u0142abe rezultaty prania to tylko niekt\u00f3re z problem\u00f3w, z kt\u00f3rymi borykaj\u0105 si\u0119 domy opieki podczas korzystania z pralek domowych. myPRO zapewnia najwy\u017cszej jako\u015bci rezultaty prania z doskona\u0142\u0105 higien\u0105 i najwy\u017csz\u0105 wygod\u0105 \u2013 daj\u0105c Ci poczucie bezpiecze\u0144stwa.","robots":{"index":"index","follow":"follow","max-snippet":"max-snippet:-1","max-image-preview":"max-image-preview:large","max-video-preview":"max-video-preview:-1"},"canonical":"https:\/\/www.electroluxprofessional.com\/pl\/twoj-biznes\/maly-biznes\/domy-opieki\/","og_locale":"pl_PL","og_type":"article","og_title":"Rozwi\u0105zania pralnicze dla dom\u00f3w opieki - Electrolux Professional","og_description":"D\u0142ugie programy i s\u0142abe rezultaty prania to tylko niekt\u00f3re z problem\u00f3w, z kt\u00f3rymi borykaj\u0105 si\u0119 domy opieki podczas korzystania z pralek domowych. myPRO zapewnia najwy\u017cszej jako\u015bci rezultaty prania z doskona\u0142\u0105 higien\u0105 i najwy\u017csz\u0105 wygod\u0105 \u2013 daj\u0105c Ci poczucie bezpiecze\u0144stwa.","og_url":"https:\/\/www.electroluxprofessional.com\/pl\/twoj-biznes\/maly-biznes\/domy-opieki\/","og_site_name":"Electrolux Professional Polska","article_modified_time":"2020-10-06T11:37:55+00:00","og_image":[{"width":800,"height":500,"url":"https:\/\/www.electroluxprofessional.com\/pl\/wp-content\/uploads\/2019\/11\/care-homes.jpg","type":"image\/jpeg"}],"twitter_card":"summary_large_image","twitter_misc":{"Szacowany czas czytania":"4 minuty"},"schema":{"@context":"https:\/\/schema.org","@graph":[{"@type":"WebPage","@id":"https:\/\/www.electroluxprofessional.com\/pl\/twoj-biznes\/maly-biznes\/domy-opieki\/","url":"https:\/\/www.electroluxprofessional.com\/pl\/twoj-biznes\/maly-biznes\/domy-opieki\/","name":"Rozwi\u0105zania pralnicze dla dom\u00f3w opieki - Electrolux Professional","isPartOf":{"@id":"https:\/\/www.electroluxprofessional.com\/pl\/#website"},"primaryImageOfPage":{"@id":"https:\/\/www.electroluxprofessional.com\/pl\/twoj-biznes\/maly-biznes\/domy-opieki\/#primaryimage"},"image":{"@id":"https:\/\/www.electroluxprofessional.com\/pl\/twoj-biznes\/maly-biznes\/domy-opieki\/#primaryimage"},"thumbnailUrl":"https:\/\/www.electroluxprofessional.com\/pl\/wp-content\/uploads\/2019\/11\/care-homes.jpg","datePublished":"2019-11-08T10:39:59+00:00","dateModified":"2020-10-06T11:37:55+00:00","description":"D\u0142ugie programy i s\u0142abe rezultaty prania to tylko niekt\u00f3re z problem\u00f3w, z kt\u00f3rymi borykaj\u0105 si\u0119 domy opieki podczas korzystania z pralek domowych. myPRO zapewnia najwy\u017cszej jako\u015bci rezultaty prania z doskona\u0142\u0105 higien\u0105 i najwy\u017csz\u0105 wygod\u0105 \u2013 daj\u0105c Ci poczucie bezpiecze\u0144stwa.","breadcrumb":{"@id":"https:\/\/www.electroluxprofessional.com\/pl\/twoj-biznes\/maly-biznes\/domy-opieki\/#breadcrumb"},"inLanguage":"pl-PL","potentialAction":[{"@type":"ReadAction","target":["https:\/\/www.electroluxprofessional.com\/pl\/twoj-biznes\/maly-biznes\/domy-opieki\/"]}]},{"@type":"ImageObject","inLanguage":"pl-PL","@id":"https:\/\/www.electroluxprofessional.com\/pl\/twoj-biznes\/maly-biznes\/domy-opieki\/#primaryimage","url":"https:\/\/www.electroluxprofessional.com\/pl\/wp-content\/uploads\/2019\/11\/care-homes.jpg","contentUrl":"https:\/\/www.electroluxprofessional.com\/pl\/wp-content\/uploads\/2019\/11\/care-homes.jpg","width":800,"height":500,"caption":"care homes"},{"@type":"BreadcrumbList","@id":"https:\/\/www.electroluxprofessional.com\/pl\/twoj-biznes\/maly-biznes\/domy-opieki\/#breadcrumb","itemListElement":[{"@type":"ListItem","position":1,"name":"Strona g\u0142\u00f3wna","item":"https:\/\/www.electroluxprofessional.com\/pl\/"},{"@type":"ListItem","position":2,"name":"Tw\u00f3j biznes","item":"https:\/\/www.electroluxprofessional.com\/pl\/twoj-biznes\/"},{"@type":"ListItem","position":3,"name":"Ma\u0142y biznes","item":"https:\/\/www.electroluxprofessional.com\/pl\/twoj-biznes\/maly-biznes\/"},{"@type":"ListItem","position":4,"name":"Domy opieki"}]},{"@type":"WebSite","@id":"https:\/\/www.electroluxprofessional.com\/pl\/#website","url":"https:\/\/www.electroluxprofessional.com\/pl\/","name":"Electrolux Professional Polska","description":"","potentialAction":[{"@type":"SearchAction","target":{"@type":"EntryPoint","urlTemplate":"https:\/\/www.electroluxprofessional.com\/pl\/?src={search_term_string}"},"query-input":"required name=search_term_string"}],"inLanguage":"pl-PL"}]}},"_links":{"self":[{"href":"https:\/\/www.electroluxprofessional.com\/pl\/wp-json\/wp\/v2\/pages\/5264"}],"collection":[{"href":"https:\/\/www.electroluxprofessional.com\/pl\/wp-json\/wp\/v2\/pages"}],"about":[{"href":"https:\/\/www.electroluxprofessional.com\/pl\/wp-json\/wp\/v2\/types\/page"}],"author":[{"embeddable":true,"href":"https:\/\/www.electroluxprofessional.com\/pl\/wp-json\/wp\/v2\/users\/3"}],"replies":[{"embeddable":true,"href":"https:\/\/www.electroluxprofessional.com\/pl\/wp-json\/wp\/v2\/comments?post=5264"}],"version-history":[{"count":4,"href":"https:\/\/www.electroluxprofessional.com\/pl\/wp-json\/wp\/v2\/pages\/5264\/revisions"}],"predecessor-version":[{"id":5851,"href":"https:\/\/www.electroluxprofessional.com\/pl\/wp-json\/wp\/v2\/pages\/5264\/revisions\/5851"}],"up":[{"embeddable":true,"href":"https:\/\/www.electroluxprofessional.com\/pl\/wp-json\/wp\/v2\/pages\/5275"}],"wp:featuredmedia":[{"embeddable":true,"href":"https:\/\/www.electroluxprofessional.com\/pl\/wp-json\/wp\/v2\/media\/5257"}],"wp:attachment":[{"href":"https:\/\/www.electroluxprofessional.com\/pl\/wp-json\/wp\/v2\/media?parent=5264"}],"curies":[{"name":"wp","href":"https:\/\/api.w.org\/{rel}","templated":true}]}}