{"id":5212,"date":"2016-11-14T09:01:16","date_gmt":"2016-11-14T09:01:16","guid":{"rendered":"https:\/\/www.electroluxprofessional.com\/?page_id=5133"},"modified":"2025-11-05T15:29:23","modified_gmt":"2025-11-05T15:29:23","slug":"edukacja-rekreacja-sport","status":"publish","type":"page","link":"https:\/\/www.electroluxprofessional.com\/pl\/twoj-biznes\/edukacja-rekreacja-sport\/","title":{"rendered":"Edukacja, rekreacja i sport"},"content":{"rendered":"<p>[vc_row full_width=&#8221;electroluxpro-full-width-no-padding&#8221;][vc_column][elx_image_block background_image=&#8221;5199&#8243; minimum_height=&#8221;300px&#8221;][\/vc_column][\/vc_row][vc_row][vc_column width=&#8221;1\/4&#8243;][\/vc_column][vc_column width=&#8221;3\/4&#8243;][elx_heading font_container=&#8221;h1&#8243; font_size=&#8221;h3&#8243; text_color=&#8221;inherit&#8221;]Edukacja, rekreacja i sport[\/elx_heading][\/vc_column][\/vc_row][vc_row][vc_column][vc_column_text]Electrolux Professional jest \u015bwiatowym ekspertem w dziedzinie rozwi\u0105za\u0144 s\u0142u\u017c\u0105cych przygotowywaniau \u017cywno\u015bci i pralnictwa. Oferuje najszersz\u0105 gam\u0119 rozwi\u0105za\u0144 i najlepsz\u0105 elastyczno\u015b\u0107 program\u00f3w na rynku. Kompleksowe rozwi\u0105zania w zakresie prania i przygotowywania \u017cywno\u015bci dla plac\u00f3wek edukacyjnych, rekreacyjnych i sportowych.[\/vc_column_text][vc_empty_space][\/vc_column][\/vc_row][vc_row][vc_column width=&#8221;1\/3&#8243;][elx_image_block background_image=&#8221;5200&#8243; vert_back_position=&#8221;top&#8221; minimum_height=&#8221;450px&#8221;][vc_column_text drop_caps=&#8221;big-first-letter&#8221;]<\/p>\n<h3>Prue Leith<br \/>\nAkademia Szef\u00f3w Kuchni<\/h3>\n<p>Pretoria, Republika Po\u0142udniowej Afryki<br \/>\n<strong>Akademia Szef\u00f3w Kuchni<\/strong><\/p>\n<p><em>&#8220;Electrolux to bardzo profesjonalny produkt, zbudowany w bardzo wysokim standardzie. Jeste\u015bmy najwy\u017cej ocenian\u0105 Akademi\u0105 Szef\u00f3w Kuchni w Afryce. Chcemy, aby nasi studenci byli najlepsi i aby to zrobi\u0107, musz\u0105 pracowa\u0107 i szkoli\u0107 si\u0119 na najlepszych urz\u0105dzeniach i sprz\u0119cie w bran\u017cy&#8221;.<\/em>\u201c<br \/>\n<strong>Anthony Roberts<\/strong>, Dyrektor[\/vc_column_text][\/vc_column][vc_column width=&#8221;1\/3&#8243;][elx_image_block background_image=&#8221;5201&#8243; vert_back_position=&#8221;top&#8221; minimum_height=&#8221;450px&#8221;][vc_column_text drop_caps=&#8221;big-first-letter&#8221;]<\/p>\n<h3>FICO<br \/>\nEataly World<\/h3>\n<p>Bolonia, W\u0142ochy<br \/>\n<strong>Wypoczynek<\/strong><\/p>\n<p><em>&#8220;Zaawansowana technologia w kuchni ma na celu w jak najmniejszym stopniu oddzia\u0142ywa\u0107 na podstawowe sk\u0142adniki potraw. Podkre\u015blili\u015bmy, \u017ce wszystkie 47 restauracji FICO musz\u0105 by\u0107 wyposa\u017cone w produkty Electrolux, kt\u00f3re s\u0105 z nami od pocz\u0105tku naszej podr\u00f3\u017cy&#8221;.<\/em><br \/>\n<strong>Oscar Farinetti<\/strong>, Prezydent Honorowy[\/vc_column_text][\/vc_column][vc_column width=&#8221;1\/3&#8243;][elx_image_block background_image=&#8221;5202&#8243; vert_back_position=&#8221;top&#8221; minimum_height=&#8221;450px&#8221;][vc_column_text drop_caps=&#8221;big-first-letter&#8221;]<\/p>\n<h3>Campus Diemen Zuid<\/h3>\n<p>Holandia<br \/>\n<strong>Pralnia samoobs\u0142ugowa w budynku apartamentowym<\/strong><\/p>\n<p>Campus Diemen Zuid potrzebowa\u0142 dla swoich mieszka\u0144c\u00f3w nowoczesnej pralni samoobs\u0142ugowej. Dzi\u0119ki Electrolux Professional uda\u0142o si\u0119 zaoferowa\u0107 kompletne rozwi\u0105zanie: najwy\u017cszej jako\u015bci rezultaty prania, w tym \u015brodki pior\u0105ce, integracj\u0119 z systemem p\u0142atno\u015bci Campusu oraz op\u0142acalno\u015b\u0107 inwestycji, poniewa\u017c mieszka\u0144cy p\u0142ac\u0105 za maszyny przy ka\u017cdym praniu.[\/vc_column_text][\/vc_column][\/vc_row][vc_row][vc_column width=&#8221;1\/3&#8243;][elx_image_block background_image=&#8221;5203&#8243; vert_back_position=&#8221;top&#8221; minimum_height=&#8221;450px&#8221;][vc_column_text drop_caps=&#8221;big-first-letter&#8221;]<\/p>\n<h3>ICCA Dubai<\/h3>\n<p>Dubaj<\/p>\n<p><strong>Teatr kulinarny<\/strong><\/p>\n<p><em>&#8220;Wierzymy, \u017ce dzi\u0119ki wybraniu odpowiedniego partnera mo\u017cna zmieni\u0107 sytuacj\u0119 w bran\u017cy, a zmiana ta zosta\u0142a dokonana dzi\u0119ki wsp\u00f3\u0142pracy z Electrolux Professional. Po\u0142\u0105czyli\u015bmy profesjonalne szkolenia i profesjonaln\u0105 technologi\u0119 w jedn\u0105 platform\u0119, kt\u00f3ra b\u0119dzie mia\u0142a ogromny wp\u0142yw na ca\u0142\u0105 bran\u017c\u0119 i sukces naszych szef\u00f3w kuchni<\/em>\u201c<br \/>\n<strong>Sunjeh Raja<\/strong>, Dyrektor[\/vc_column_text][\/vc_column][vc_column width=&#8221;1\/3&#8243;][elx_image_block background_image=&#8221;5204&#8243; minimum_height=&#8221;450px&#8221;][vc_column_text drop_caps=&#8221;big-first-letter&#8221;]<\/p>\n<h3>Strandpark De Zeeuwse Kust<\/h3>\n<p>Holandia<br \/>\n<strong>Park rozrywki<\/strong><\/p>\n<p><em>&#8220;Wykorzystali\u015bmy koncepcj\u0119 Electrolux PayperWash. Nie musieli\u015bmy inwestowa\u0107 w urz\u0105dzenia, ale zamiast tego zar\u00f3wno my, jak i nasi klienci p\u0142acimy sta\u0142\u0105 op\u0142at\u0119 za pranie i suszenie. To rozwi\u0105zanie, wraz z wytrzyma\u0142o\u015bci\u0105 maszyn, \u0142atwym w u\u017cyciu sterowaniem i og\u00f3ln\u0105 wysok\u0105 jako\u015bci\u0105 urz\u0105dze\u0144 Electrolux, sprawi\u0142o, \u017ce wyb\u00f3r Electrolux by\u0142 prostym wyborem&#8221;<\/em><br \/>\n<strong>Marc Ruijtenberg<\/strong>[\/vc_column_text][\/vc_column][vc_column width=&#8221;1\/3&#8243;][elx_image_block background_image=&#8221;5205&#8243; minimum_height=&#8221;450px&#8221;][vc_column_text drop_caps=&#8221;big-first-letter&#8221;]<\/p>\n<h3>Klub pi\u0142karski Union Berlin<\/h3>\n<p>Niemcy<br \/>\n<strong>Kuchnia stadionowa<\/strong><\/p>\n<p>Electrolux Professional by\u0142 w stanie zaoferowa\u0107 ca\u0142\u0105 gam\u0119 niezb\u0119dnych dla nas rozwi\u0105za\u0144; \u017cadna z firm konkurencyjnych nie jest w stanie tego przebi\u0107. Ponadto Electrolux oferuje kompletne rozwi\u0105zanie do planowania posi\u0142k\u00f3w Cook &amp; Chill dla 1900 os\u00f3b. To by\u0142 ostatni szlif w historii naszego sukcesu.[\/vc_column_text][\/vc_column][\/vc_row][vc_row][vc_column][elx_heading text_color=&#8221;inherit&#8221;]Odkryj nasze rozwi\u0105zania dla plac\u00f3wek edukacyjnych[\/elx_heading][\/vc_column][\/vc_row][vc_row][vc_column width=&#8221;1\/3&#8243;][elx_download_block text=&#8221;Broszura- rozwi\u0105zania dla edukacji&#8221; file_picker=&#8221;25204&#8243; background_color=&#8221;orange&#8221;][\/vc_column][vc_column width=&#8221;1\/3&#8243;][\/vc_column][vc_column width=&#8221;1\/3&#8243;][\/vc_column][\/vc_row][vc_row css=&#8221;.vc_custom_1542027396835{background-color: #eeeeee !important;}&#8221;][vc_column][elx_heading text_color=&#8221;inherit&#8221;]Tak\u017ce mo\u017ce ci si\u0119 te\u017c spodoba\u0107[\/elx_heading][\/vc_column][\/vc_row][vc_row css=&#8221;.vc_custom_1542027408159{background-color: #eeeeee !important;}&#8221;][vc_column width=&#8221;1\/3&#8243;][elx_maylike_box id_box=&#8221;5207&#8243;][\/vc_column][vc_column width=&#8221;1\/3&#8243;][elx_maylike_box id_box=&#8221;5209&#8243; matched_labels=&#8221;&#8221;][\/vc_column][vc_column width=&#8221;1\/3&#8243;][elx_maylike_box id_box=&#8221;5074&#8243; matched_labels=&#8221;&#8221;][\/vc_column][\/vc_row][vc_row][vc_column][vc_empty_space][elx_heading text_color=&#8221;inherit&#8221;]B\u0105d\u017a w kontakcie z naszymi ekspertami[\/elx_heading][elx_o2000_contact_us r=&#8221;I would like to find out more about solutions for education, leisure and sports. Please get in touch with me.&#8221; s=&#8221;Request of information about education, leisure and sports&#8221; container=&#8221;elxcontactus1487857958&#8243;][vc_empty_space][\/vc_column][\/vc_row]<\/p>\n","protected":false},"excerpt":{"rendered":"<p>[vc_row full_width=&#8221;electroluxpro-full-width-no-padding&#8221;][vc_column][elx_image_block background_image=&#8221;5199&#8243; minimum_height=&#8221;300px&#8221;][\/vc_column][\/vc_row][vc_row][vc_column width=&#8221;1\/4&#8243;][\/vc_column][vc_column width=&#8221;3\/4&#8243;][elx_heading font_container=&#8221;h1&#8243; font_size=&#8221;h3&#8243; text_color=&#8221;inherit&#8221;]Edukacja, rekreacja i sport[\/elx_heading][\/vc_column][\/vc_row][vc_row][vc_column][vc_column_text]Electrolux Professional jest \u015bwiatowym ekspertem w dziedzinie rozwi\u0105za\u0144 s\u0142u\u017c\u0105cych przygotowywaniau \u017cywno\u015bci i pralnictwa. Oferuje najszersz\u0105 gam\u0119 rozwi\u0105za\u0144 i najlepsz\u0105 elastyczno\u015b\u0107 program\u00f3w na rynku. Kompleksowe rozwi\u0105zania w zakresie prania i przygotowywania \u017cywno\u015bci dla plac\u00f3wek edukacyjnych, rekreacyjnych i sportowych.[\/vc_column_text][vc_empty_space][\/vc_column][\/vc_row][vc_row][vc_column width=&#8221;1\/3&#8243;][elx_image_block background_image=&#8221;5200&#8243; vert_back_position=&#8221;top&#8221; minimum_height=&#8221;450px&#8221;][vc_column_text drop_caps=&#8221;big-first-letter&#8221;] Prue Leith [&hellip;]<\/p>\n","protected":false},"author":3,"featured_media":0,"parent":2215,"menu_order":0,"comment_status":"closed","ping_status":"closed","template":"","meta":{"footnotes":""},"class_list":["post-5212","page","type-page","status-publish","hentry"],"acf":[],"yoast_head":"<!-- This site is optimized with the Yoast SEO plugin v23.3 - https:\/\/yoast.com\/wordpress\/plugins\/seo\/ -->\n<title>Edukacja, rekreacja i sport - Electrolux Professional Polska<\/title>\n<meta name=\"robots\" content=\"index, follow, max-snippet:-1, max-image-preview:large, max-video-preview:-1\" \/>\n<link rel=\"canonical\" href=\"https:\/\/www.electroluxprofessional.com\/pl\/twoj-biznes\/edukacja-rekreacja-sport\/\" \/>\n<meta property=\"og:locale\" content=\"pl_PL\" \/>\n<meta property=\"og:type\" content=\"article\" \/>\n<meta property=\"og:title\" content=\"Edukacja, rekreacja i sport - Electrolux Professional Polska\" \/>\n<meta property=\"og:description\" content=\"[vc_row full_width=&#8221;electroluxpro-full-width-no-padding&#8221;][vc_column][elx_image_block background_image=&#8221;5199&#8243; minimum_height=&#8221;300px&#8221;][\/vc_column][\/vc_row][vc_row][vc_column width=&#8221;1\/4&#8243;][\/vc_column][vc_column width=&#8221;3\/4&#8243;][elx_heading font_container=&#8221;h1&#8243; font_size=&#8221;h3&#8243; text_color=&#8221;inherit&#8221;]Edukacja, rekreacja i sport[\/elx_heading][\/vc_column][\/vc_row][vc_row][vc_column][vc_column_text]Electrolux Professional jest \u015bwiatowym ekspertem w dziedzinie rozwi\u0105za\u0144 s\u0142u\u017c\u0105cych przygotowywaniau \u017cywno\u015bci i pralnictwa. Oferuje najszersz\u0105 gam\u0119 rozwi\u0105za\u0144 i najlepsz\u0105 elastyczno\u015b\u0107 program\u00f3w na rynku. Kompleksowe rozwi\u0105zania w zakresie prania i przygotowywania \u017cywno\u015bci dla plac\u00f3wek edukacyjnych, rekreacyjnych i sportowych.[\/vc_column_text][vc_empty_space][\/vc_column][\/vc_row][vc_row][vc_column width=&#8221;1\/3&#8243;][elx_image_block background_image=&#8221;5200&#8243; vert_back_position=&#8221;top&#8221; minimum_height=&#8221;450px&#8221;][vc_column_text drop_caps=&#8221;big-first-letter&#8221;] Prue Leith [&hellip;]\" \/>\n<meta property=\"og:url\" content=\"https:\/\/www.electroluxprofessional.com\/pl\/twoj-biznes\/edukacja-rekreacja-sport\/\" \/>\n<meta property=\"og:site_name\" content=\"Electrolux Professional Polska\" \/>\n<meta property=\"article:modified_time\" content=\"2025-11-05T15:29:23+00:00\" \/>\n<meta name=\"twitter:card\" content=\"summary_large_image\" \/>\n<meta name=\"twitter:label1\" content=\"Szacowany czas czytania\" \/>\n\t<meta name=\"twitter:data1\" content=\"3 minuty\" \/>\n<script type=\"application\/ld+json\" class=\"yoast-schema-graph\">{\"@context\":\"https:\/\/schema.org\",\"@graph\":[{\"@type\":\"WebPage\",\"@id\":\"https:\/\/www.electroluxprofessional.com\/pl\/twoj-biznes\/edukacja-rekreacja-sport\/\",\"url\":\"https:\/\/www.electroluxprofessional.com\/pl\/twoj-biznes\/edukacja-rekreacja-sport\/\",\"name\":\"Edukacja, rekreacja i sport - Electrolux Professional Polska\",\"isPartOf\":{\"@id\":\"https:\/\/www.electroluxprofessional.com\/pl\/#website\"},\"datePublished\":\"2016-11-14T09:01:16+00:00\",\"dateModified\":\"2025-11-05T15:29:23+00:00\",\"breadcrumb\":{\"@id\":\"https:\/\/www.electroluxprofessional.com\/pl\/twoj-biznes\/edukacja-rekreacja-sport\/#breadcrumb\"},\"inLanguage\":\"pl-PL\",\"potentialAction\":[{\"@type\":\"ReadAction\",\"target\":[\"https:\/\/www.electroluxprofessional.com\/pl\/twoj-biznes\/edukacja-rekreacja-sport\/\"]}]},{\"@type\":\"BreadcrumbList\",\"@id\":\"https:\/\/www.electroluxprofessional.com\/pl\/twoj-biznes\/edukacja-rekreacja-sport\/#breadcrumb\",\"itemListElement\":[{\"@type\":\"ListItem\",\"position\":1,\"name\":\"Strona g\u0142\u00f3wna\",\"item\":\"https:\/\/www.electroluxprofessional.com\/pl\/\"},{\"@type\":\"ListItem\",\"position\":2,\"name\":\"Tw\u00f3j biznes\",\"item\":\"https:\/\/www.electroluxprofessional.com\/pl\/twoj-biznes\/\"},{\"@type\":\"ListItem\",\"position\":3,\"name\":\"Edukacja, rekreacja i sport\"}]},{\"@type\":\"WebSite\",\"@id\":\"https:\/\/www.electroluxprofessional.com\/pl\/#website\",\"url\":\"https:\/\/www.electroluxprofessional.com\/pl\/\",\"name\":\"Electrolux Professional Polska\",\"description\":\"\",\"potentialAction\":[{\"@type\":\"SearchAction\",\"target\":{\"@type\":\"EntryPoint\",\"urlTemplate\":\"https:\/\/www.electroluxprofessional.com\/pl\/?src={search_term_string}\"},\"query-input\":\"required name=search_term_string\"}],\"inLanguage\":\"pl-PL\"}]}<\/script>\n<!-- \/ Yoast SEO plugin. -->","yoast_head_json":{"title":"Edukacja, rekreacja i sport - Electrolux Professional Polska","robots":{"index":"index","follow":"follow","max-snippet":"max-snippet:-1","max-image-preview":"max-image-preview:large","max-video-preview":"max-video-preview:-1"},"canonical":"https:\/\/www.electroluxprofessional.com\/pl\/twoj-biznes\/edukacja-rekreacja-sport\/","og_locale":"pl_PL","og_type":"article","og_title":"Edukacja, rekreacja i sport - Electrolux Professional Polska","og_description":"[vc_row full_width=&#8221;electroluxpro-full-width-no-padding&#8221;][vc_column][elx_image_block background_image=&#8221;5199&#8243; minimum_height=&#8221;300px&#8221;][\/vc_column][\/vc_row][vc_row][vc_column width=&#8221;1\/4&#8243;][\/vc_column][vc_column width=&#8221;3\/4&#8243;][elx_heading font_container=&#8221;h1&#8243; font_size=&#8221;h3&#8243; text_color=&#8221;inherit&#8221;]Edukacja, rekreacja i sport[\/elx_heading][\/vc_column][\/vc_row][vc_row][vc_column][vc_column_text]Electrolux Professional jest \u015bwiatowym ekspertem w dziedzinie rozwi\u0105za\u0144 s\u0142u\u017c\u0105cych przygotowywaniau \u017cywno\u015bci i pralnictwa. Oferuje najszersz\u0105 gam\u0119 rozwi\u0105za\u0144 i najlepsz\u0105 elastyczno\u015b\u0107 program\u00f3w na rynku. Kompleksowe rozwi\u0105zania w zakresie prania i przygotowywania \u017cywno\u015bci dla plac\u00f3wek edukacyjnych, rekreacyjnych i sportowych.[\/vc_column_text][vc_empty_space][\/vc_column][\/vc_row][vc_row][vc_column width=&#8221;1\/3&#8243;][elx_image_block background_image=&#8221;5200&#8243; vert_back_position=&#8221;top&#8221; minimum_height=&#8221;450px&#8221;][vc_column_text drop_caps=&#8221;big-first-letter&#8221;] Prue Leith [&hellip;]","og_url":"https:\/\/www.electroluxprofessional.com\/pl\/twoj-biznes\/edukacja-rekreacja-sport\/","og_site_name":"Electrolux Professional Polska","article_modified_time":"2025-11-05T15:29:23+00:00","twitter_card":"summary_large_image","twitter_misc":{"Szacowany czas czytania":"3 minuty"},"schema":{"@context":"https:\/\/schema.org","@graph":[{"@type":"WebPage","@id":"https:\/\/www.electroluxprofessional.com\/pl\/twoj-biznes\/edukacja-rekreacja-sport\/","url":"https:\/\/www.electroluxprofessional.com\/pl\/twoj-biznes\/edukacja-rekreacja-sport\/","name":"Edukacja, rekreacja i sport - Electrolux Professional Polska","isPartOf":{"@id":"https:\/\/www.electroluxprofessional.com\/pl\/#website"},"datePublished":"2016-11-14T09:01:16+00:00","dateModified":"2025-11-05T15:29:23+00:00","breadcrumb":{"@id":"https:\/\/www.electroluxprofessional.com\/pl\/twoj-biznes\/edukacja-rekreacja-sport\/#breadcrumb"},"inLanguage":"pl-PL","potentialAction":[{"@type":"ReadAction","target":["https:\/\/www.electroluxprofessional.com\/pl\/twoj-biznes\/edukacja-rekreacja-sport\/"]}]},{"@type":"BreadcrumbList","@id":"https:\/\/www.electroluxprofessional.com\/pl\/twoj-biznes\/edukacja-rekreacja-sport\/#breadcrumb","itemListElement":[{"@type":"ListItem","position":1,"name":"Strona g\u0142\u00f3wna","item":"https:\/\/www.electroluxprofessional.com\/pl\/"},{"@type":"ListItem","position":2,"name":"Tw\u00f3j biznes","item":"https:\/\/www.electroluxprofessional.com\/pl\/twoj-biznes\/"},{"@type":"ListItem","position":3,"name":"Edukacja, rekreacja i sport"}]},{"@type":"WebSite","@id":"https:\/\/www.electroluxprofessional.com\/pl\/#website","url":"https:\/\/www.electroluxprofessional.com\/pl\/","name":"Electrolux Professional Polska","description":"","potentialAction":[{"@type":"SearchAction","target":{"@type":"EntryPoint","urlTemplate":"https:\/\/www.electroluxprofessional.com\/pl\/?src={search_term_string}"},"query-input":"required name=search_term_string"}],"inLanguage":"pl-PL"}]}},"_links":{"self":[{"href":"https:\/\/www.electroluxprofessional.com\/pl\/wp-json\/wp\/v2\/pages\/5212"}],"collection":[{"href":"https:\/\/www.electroluxprofessional.com\/pl\/wp-json\/wp\/v2\/pages"}],"about":[{"href":"https:\/\/www.electroluxprofessional.com\/pl\/wp-json\/wp\/v2\/types\/page"}],"author":[{"embeddable":true,"href":"https:\/\/www.electroluxprofessional.com\/pl\/wp-json\/wp\/v2\/users\/3"}],"replies":[{"embeddable":true,"href":"https:\/\/www.electroluxprofessional.com\/pl\/wp-json\/wp\/v2\/comments?post=5212"}],"version-history":[{"count":3,"href":"https:\/\/www.electroluxprofessional.com\/pl\/wp-json\/wp\/v2\/pages\/5212\/revisions"}],"predecessor-version":[{"id":11646,"href":"https:\/\/www.electroluxprofessional.com\/pl\/wp-json\/wp\/v2\/pages\/5212\/revisions\/11646"}],"up":[{"embeddable":true,"href":"https:\/\/www.electroluxprofessional.com\/pl\/wp-json\/wp\/v2\/pages\/2215"}],"wp:attachment":[{"href":"https:\/\/www.electroluxprofessional.com\/pl\/wp-json\/wp\/v2\/media?parent=5212"}],"curies":[{"name":"wp","href":"https:\/\/api.w.org\/{rel}","templated":true}]}}