{"id":5077,"date":"2019-09-27T14:38:14","date_gmt":"2019-09-27T12:38:14","guid":{"rendered":"https:\/\/www.electroluxprofessional.com\/?page_id=25408"},"modified":"2022-04-13T09:38:43","modified_gmt":"2022-04-13T09:38:43","slug":"onas","status":"publish","type":"page","link":"https:\/\/www.electroluxprofessional.com\/pl\/onas\/","title":{"rendered":"O nas"},"content":{"rendered":"<p>[vc_row full_width=&#8221;electroluxpro-full-width-no-padding&#8221;][vc_column][vc_single_image image=&#8221;5070&#8243; img_size=&#8221;2000x350px&#8221;][\/vc_column][\/vc_row][vc_row][vc_column][vc_empty_space height=&#8221;50px&#8221;][elx_heading font_container=&#8221;h1&#8243; text_color=&#8221;inherit&#8221;]Electrolux Professional[\/elx_heading][vc_empty_space][\/vc_column][\/vc_row][vc_row][vc_column width=&#8221;1\/2&#8243;][vc_column_text]<strong>Electrolux Professional jest zaufanym partnerem The OnE, dzi\u0119ki czemu Twoje \u017cycie zawodowe staje si\u0119 \u0142atwiejsze, bardziej op\u0142acalne i w pe\u0142ni zr\u00f3wnowa\u017cone \u2013 ka\u017cdego dnia.<\/strong>[\/vc_column_text][vc_column_text]Bez wzgl\u0119du na to, czym zajmuje si\u0119 Twoja firma, zamienimy j\u0105 w najbardziej zr\u00f3wnowa\u017cone do\u015bwiadczenie w dziedzinie <strong>gastronomii, przygotowywania napoj\u00f3w lub pralnictwa.<\/strong><br \/>\nMaj\u0105c na uwadze zr\u00f3wnowa\u017cony rozw\u00f3j, jeste\u015bmy liderem w projektowaniu pe\u0142nych i zintegrowanych rozwi\u0105za\u0144, kt\u00f3re zapewniaj\u0105 wysok\u0105 wydajno\u015b\u0107, najni\u017csze koszty cyklu \u017cycia i s\u0105 naj\u0142atwiejsze w u\u017cyciu, utrzymaniu i obs\u0142udze.[\/vc_column_text][\/vc_column][vc_column width=&#8221;1\/2&#8243;][elx_video_block background_image=&#8221;5069&#8243; minimum_height=&#8221;350px&#8221; video_link=&#8221;https:\/\/www.youtube.com\/watch?v=ayw5TK7Xd4Q&amp;feature=youtu.be&#8221;][\/vc_column][\/vc_row][vc_row css=&#8221;.vc_custom_1465566954449{padding-top: 20px !important;}&#8221;][vc_column][vc_column_text]Dzi\u0119ki <strong>unikalnemu interfejsowi The OnE<\/strong>, kt\u00f3ry umo\u017cliwia u\u017cytkownikom zarz\u0105dzanie wszystkimi operacjami &#8211; poprzez wykorzystanie po\u0142\u0105czonych i zsynchronizowanych produkt\u00f3w i us\u0142ug \u2013 tworzymy dla Ciebie najwy\u017csz\u0105 z mo\u017cliwych warto\u015b\u0107 biznesow\u0105.[\/vc_column_text][vc_column_text]Electrolux Professional jest zaufanym partnerem The OnE w zakresie pojedynczych i kompletnych rozwi\u0105za\u0144. Spos\u00f3b, w jaki kszta\u0142tujemy nasze procesy i rozwi\u0105zania, wywodzi si\u0119 ze <strong>sprawdzonych wzorc\u00f3w skupiaj\u0105cych si\u0119 na cz\u0142owieku i wieloletniego do\u015bwiadczenia<\/strong> w tym, co sprawia, \u017ce Twoja firma jest bardziej efektywna.[\/vc_column_text][\/vc_column][\/vc_row][vc_row][vc_column width=&#8221;1\/3&#8243;][elx_maylike_box id_box=&#8221;1177&#8243;][\/vc_column][vc_column width=&#8221;1\/3&#8243;][elx_maylike_box id_box=&#8221;5074&#8243;][\/vc_column][vc_column width=&#8221;1\/3&#8243;][elx_maylike_box id_box=&#8221;5076&#8243;][\/vc_column][\/vc_row]<\/p>\n","protected":false},"excerpt":{"rendered":"<p>[vc_row full_width=&#8221;electroluxpro-full-width-no-padding&#8221;][vc_column][vc_single_image image=&#8221;5070&#8243; img_size=&#8221;2000x350px&#8221;][\/vc_column][\/vc_row][vc_row][vc_column][vc_empty_space height=&#8221;50px&#8221;][elx_heading font_container=&#8221;h1&#8243; text_color=&#8221;inherit&#8221;]Electrolux Professional[\/elx_heading][vc_empty_space][\/vc_column][\/vc_row][vc_row][vc_column width=&#8221;1\/2&#8243;][vc_column_text]Electrolux Professional jest zaufanym partnerem The OnE, dzi\u0119ki czemu Twoje \u017cycie zawodowe staje si\u0119 \u0142atwiejsze, bardziej op\u0142acalne i w pe\u0142ni zr\u00f3wnowa\u017cone \u2013 ka\u017cdego dnia.[\/vc_column_text][vc_column_text]Bez wzgl\u0119du na to, czym zajmuje si\u0119 Twoja firma, zamienimy j\u0105 w najbardziej zr\u00f3wnowa\u017cone do\u015bwiadczenie w dziedzinie gastronomii, przygotowywania napoj\u00f3w lub pralnictwa. Maj\u0105c na [&hellip;]<\/p>\n","protected":false},"author":3,"featured_media":5069,"parent":0,"menu_order":0,"comment_status":"closed","ping_status":"closed","template":"","meta":{"footnotes":""},"class_list":["post-5077","page","type-page","status-publish","has-post-thumbnail","hentry"],"acf":[],"yoast_head":"<!-- This site is optimized with the Yoast SEO plugin v23.3 - https:\/\/yoast.com\/wordpress\/plugins\/seo\/ -->\n<title>O nas - Electrolux Professional<\/title>\n<meta name=\"description\" content=\"Electrolux Professional jest zaufanym partnerem OnE, dzi\u0119ki czemu Twoje \u017cycie zawodowe staje si\u0119 \u0142atwiejsze, bardziej op\u0142acalne i w pe\u0142ni zr\u00f3wnowa\u017cone \u2013 ka\u017cdego dnia.\" \/>\n<meta name=\"robots\" content=\"index, follow, max-snippet:-1, max-image-preview:large, max-video-preview:-1\" \/>\n<link rel=\"canonical\" href=\"https:\/\/www.electroluxprofessional.com\/pl\/onas\/\" \/>\n<meta property=\"og:locale\" content=\"pl_PL\" \/>\n<meta property=\"og:type\" content=\"article\" \/>\n<meta property=\"og:title\" content=\"O nas - Electrolux Professional\" \/>\n<meta property=\"og:description\" content=\"Electrolux Professional jest zaufanym partnerem OnE, dzi\u0119ki czemu Twoje \u017cycie zawodowe staje si\u0119 \u0142atwiejsze, bardziej op\u0142acalne i w pe\u0142ni zr\u00f3wnowa\u017cone \u2013 ka\u017cdego dnia.\" \/>\n<meta property=\"og:url\" content=\"https:\/\/www.electroluxprofessional.com\/pl\/onas\/\" \/>\n<meta property=\"og:site_name\" content=\"Electrolux Professional Polska\" \/>\n<meta property=\"article:modified_time\" content=\"2022-04-13T09:38:43+00:00\" \/>\n<meta property=\"og:image\" content=\"https:\/\/www.electroluxprofessional.com\/pl\/wp-content\/uploads\/2019\/09\/video-one-cover.jpg\" \/>\n\t<meta property=\"og:image:width\" content=\"800\" \/>\n\t<meta property=\"og:image:height\" content=\"500\" \/>\n\t<meta property=\"og:image:type\" content=\"image\/jpeg\" \/>\n<meta name=\"twitter:card\" content=\"summary_large_image\" \/>\n<meta name=\"twitter:label1\" content=\"Szacowany czas czytania\" \/>\n\t<meta name=\"twitter:data1\" content=\"2 minuty\" \/>\n<script type=\"application\/ld+json\" class=\"yoast-schema-graph\">{\"@context\":\"https:\/\/schema.org\",\"@graph\":[{\"@type\":\"WebPage\",\"@id\":\"https:\/\/www.electroluxprofessional.com\/pl\/onas\/\",\"url\":\"https:\/\/www.electroluxprofessional.com\/pl\/onas\/\",\"name\":\"O nas - Electrolux Professional\",\"isPartOf\":{\"@id\":\"https:\/\/www.electroluxprofessional.com\/pl\/#website\"},\"primaryImageOfPage\":{\"@id\":\"https:\/\/www.electroluxprofessional.com\/pl\/onas\/#primaryimage\"},\"image\":{\"@id\":\"https:\/\/www.electroluxprofessional.com\/pl\/onas\/#primaryimage\"},\"thumbnailUrl\":\"https:\/\/www.electroluxprofessional.com\/pl\/wp-content\/uploads\/2019\/09\/video-one-cover.jpg\",\"datePublished\":\"2019-09-27T12:38:14+00:00\",\"dateModified\":\"2022-04-13T09:38:43+00:00\",\"description\":\"Electrolux Professional jest zaufanym partnerem OnE, dzi\u0119ki czemu Twoje \u017cycie zawodowe staje si\u0119 \u0142atwiejsze, bardziej op\u0142acalne i w pe\u0142ni zr\u00f3wnowa\u017cone \u2013 ka\u017cdego dnia.\",\"breadcrumb\":{\"@id\":\"https:\/\/www.electroluxprofessional.com\/pl\/onas\/#breadcrumb\"},\"inLanguage\":\"pl-PL\",\"potentialAction\":[{\"@type\":\"ReadAction\",\"target\":[\"https:\/\/www.electroluxprofessional.com\/pl\/onas\/\"]}]},{\"@type\":\"ImageObject\",\"inLanguage\":\"pl-PL\",\"@id\":\"https:\/\/www.electroluxprofessional.com\/pl\/onas\/#primaryimage\",\"url\":\"https:\/\/www.electroluxprofessional.com\/pl\/wp-content\/uploads\/2019\/09\/video-one-cover.jpg\",\"contentUrl\":\"https:\/\/www.electroluxprofessional.com\/pl\/wp-content\/uploads\/2019\/09\/video-one-cover.jpg\",\"width\":800,\"height\":500,\"caption\":\"Electrolux Professional, the OnE trusted partner\"},{\"@type\":\"BreadcrumbList\",\"@id\":\"https:\/\/www.electroluxprofessional.com\/pl\/onas\/#breadcrumb\",\"itemListElement\":[{\"@type\":\"ListItem\",\"position\":1,\"name\":\"Strona g\u0142\u00f3wna\",\"item\":\"https:\/\/www.electroluxprofessional.com\/pl\/\"},{\"@type\":\"ListItem\",\"position\":2,\"name\":\"O nas\"}]},{\"@type\":\"WebSite\",\"@id\":\"https:\/\/www.electroluxprofessional.com\/pl\/#website\",\"url\":\"https:\/\/www.electroluxprofessional.com\/pl\/\",\"name\":\"Electrolux Professional Polska\",\"description\":\"\",\"potentialAction\":[{\"@type\":\"SearchAction\",\"target\":{\"@type\":\"EntryPoint\",\"urlTemplate\":\"https:\/\/www.electroluxprofessional.com\/pl\/?src={search_term_string}\"},\"query-input\":\"required name=search_term_string\"}],\"inLanguage\":\"pl-PL\"}]}<\/script>\n<!-- \/ Yoast SEO plugin. -->","yoast_head_json":{"title":"O nas - Electrolux Professional","description":"Electrolux Professional jest zaufanym partnerem OnE, dzi\u0119ki czemu Twoje \u017cycie zawodowe staje si\u0119 \u0142atwiejsze, bardziej op\u0142acalne i w pe\u0142ni zr\u00f3wnowa\u017cone \u2013 ka\u017cdego dnia.","robots":{"index":"index","follow":"follow","max-snippet":"max-snippet:-1","max-image-preview":"max-image-preview:large","max-video-preview":"max-video-preview:-1"},"canonical":"https:\/\/www.electroluxprofessional.com\/pl\/onas\/","og_locale":"pl_PL","og_type":"article","og_title":"O nas - Electrolux Professional","og_description":"Electrolux Professional jest zaufanym partnerem OnE, dzi\u0119ki czemu Twoje \u017cycie zawodowe staje si\u0119 \u0142atwiejsze, bardziej op\u0142acalne i w pe\u0142ni zr\u00f3wnowa\u017cone \u2013 ka\u017cdego dnia.","og_url":"https:\/\/www.electroluxprofessional.com\/pl\/onas\/","og_site_name":"Electrolux Professional Polska","article_modified_time":"2022-04-13T09:38:43+00:00","og_image":[{"width":800,"height":500,"url":"https:\/\/www.electroluxprofessional.com\/pl\/wp-content\/uploads\/2019\/09\/video-one-cover.jpg","type":"image\/jpeg"}],"twitter_card":"summary_large_image","twitter_misc":{"Szacowany czas czytania":"2 minuty"},"schema":{"@context":"https:\/\/schema.org","@graph":[{"@type":"WebPage","@id":"https:\/\/www.electroluxprofessional.com\/pl\/onas\/","url":"https:\/\/www.electroluxprofessional.com\/pl\/onas\/","name":"O nas - Electrolux Professional","isPartOf":{"@id":"https:\/\/www.electroluxprofessional.com\/pl\/#website"},"primaryImageOfPage":{"@id":"https:\/\/www.electroluxprofessional.com\/pl\/onas\/#primaryimage"},"image":{"@id":"https:\/\/www.electroluxprofessional.com\/pl\/onas\/#primaryimage"},"thumbnailUrl":"https:\/\/www.electroluxprofessional.com\/pl\/wp-content\/uploads\/2019\/09\/video-one-cover.jpg","datePublished":"2019-09-27T12:38:14+00:00","dateModified":"2022-04-13T09:38:43+00:00","description":"Electrolux Professional jest zaufanym partnerem OnE, dzi\u0119ki czemu Twoje \u017cycie zawodowe staje si\u0119 \u0142atwiejsze, bardziej op\u0142acalne i w pe\u0142ni zr\u00f3wnowa\u017cone \u2013 ka\u017cdego dnia.","breadcrumb":{"@id":"https:\/\/www.electroluxprofessional.com\/pl\/onas\/#breadcrumb"},"inLanguage":"pl-PL","potentialAction":[{"@type":"ReadAction","target":["https:\/\/www.electroluxprofessional.com\/pl\/onas\/"]}]},{"@type":"ImageObject","inLanguage":"pl-PL","@id":"https:\/\/www.electroluxprofessional.com\/pl\/onas\/#primaryimage","url":"https:\/\/www.electroluxprofessional.com\/pl\/wp-content\/uploads\/2019\/09\/video-one-cover.jpg","contentUrl":"https:\/\/www.electroluxprofessional.com\/pl\/wp-content\/uploads\/2019\/09\/video-one-cover.jpg","width":800,"height":500,"caption":"Electrolux Professional, the OnE trusted partner"},{"@type":"BreadcrumbList","@id":"https:\/\/www.electroluxprofessional.com\/pl\/onas\/#breadcrumb","itemListElement":[{"@type":"ListItem","position":1,"name":"Strona g\u0142\u00f3wna","item":"https:\/\/www.electroluxprofessional.com\/pl\/"},{"@type":"ListItem","position":2,"name":"O nas"}]},{"@type":"WebSite","@id":"https:\/\/www.electroluxprofessional.com\/pl\/#website","url":"https:\/\/www.electroluxprofessional.com\/pl\/","name":"Electrolux Professional Polska","description":"","potentialAction":[{"@type":"SearchAction","target":{"@type":"EntryPoint","urlTemplate":"https:\/\/www.electroluxprofessional.com\/pl\/?src={search_term_string}"},"query-input":"required name=search_term_string"}],"inLanguage":"pl-PL"}]}},"_links":{"self":[{"href":"https:\/\/www.electroluxprofessional.com\/pl\/wp-json\/wp\/v2\/pages\/5077"}],"collection":[{"href":"https:\/\/www.electroluxprofessional.com\/pl\/wp-json\/wp\/v2\/pages"}],"about":[{"href":"https:\/\/www.electroluxprofessional.com\/pl\/wp-json\/wp\/v2\/types\/page"}],"author":[{"embeddable":true,"href":"https:\/\/www.electroluxprofessional.com\/pl\/wp-json\/wp\/v2\/users\/3"}],"replies":[{"embeddable":true,"href":"https:\/\/www.electroluxprofessional.com\/pl\/wp-json\/wp\/v2\/comments?post=5077"}],"version-history":[{"count":5,"href":"https:\/\/www.electroluxprofessional.com\/pl\/wp-json\/wp\/v2\/pages\/5077\/revisions"}],"predecessor-version":[{"id":8834,"href":"https:\/\/www.electroluxprofessional.com\/pl\/wp-json\/wp\/v2\/pages\/5077\/revisions\/8834"}],"wp:featuredmedia":[{"embeddable":true,"href":"https:\/\/www.electroluxprofessional.com\/pl\/wp-json\/wp\/v2\/media\/5069"}],"wp:attachment":[{"href":"https:\/\/www.electroluxprofessional.com\/pl\/wp-json\/wp\/v2\/media?parent=5077"}],"curies":[{"name":"wp","href":"https:\/\/api.w.org\/{rel}","templated":true}]}}